{"id":98684,"date":"2026-05-06T13:52:17","date_gmt":"2026-05-06T11:52:17","guid":{"rendered":"https:\/\/www.intarcon.com\/?post_type=product&#038;p=98684"},"modified":"2026-05-11T15:14:28","modified_gmt":"2026-05-11T13:14:28","slug":"intarcube-semi-hermetique-a2l","status":"publish","type":"product","link":"https:\/\/www.intarcon.com\/fr\/produit\/intarcube-semi-hermetique-a2l\/","title":{"rendered":"intarCUBE semi-herm\u00e9tique A2L"},"content":{"rendered":"<p data-start=\"0\" data-end=\"402\">Les<strong> nouvelles centrales intarCUBE semi-herm\u00e9tiques A2L d\u2019<\/strong>I<a href=\"https:\/\/www.intarcon.com\/fr\/\">NTARCON<\/a> sont des groupes de r\u00e9frig\u00e9ration \u00e9quip\u00e9s d\u2019un compresseur semi-herm\u00e9tique, avec condensation axiale et conception compacte, pour applications en moyenne et basse temp\u00e9rature. Elles sont con\u00e7ues pour des applications de r\u00e9frig\u00e9ration commerciale centralis\u00e9e jusqu\u2019\u00e0 40 kW, avec possibilit\u00e9 de fonctionnement au R-455A, R-454C ou R-449A.<\/p>\n<p data-start=\"404\" data-end=\"751\" data-is-last-node=\"\" data-is-only-node=\"\">Elles font partie de la <strong>nouvelle gamme de centrales intarCUBE A2L<\/strong>, pr\u00e9sent\u00e9e comme la meilleure solution \u00e0 faible impact environnemental pour les supermarch\u00e9s et magasins de proximit\u00e9.<\/p>\n<p>&nbsp;<\/p>\n","protected":false},"excerpt":{"rendered":"<div class=\"min-h-8 text-message relative flex w-full flex-col items-end gap-2 text-start break-words whitespace-normal outline-none keyboard-focused:focus-ring [.text-message+&amp;]:mt-1\" dir=\"auto\" tabindex=\"0\" data-message-author-role=\"assistant\" data-message-id=\"6be31444-3f72-4e68-9763-6c1a7ba2bd33\" data-message-model-slug=\"gpt-5-5-thinking\" data-turn-start-message=\"true\">\n<div class=\"flex w-full flex-col gap-1 empty:hidden\">\n<div class=\"markdown prose dark:prose-invert w-full wrap-break-word light markdown-new-styling\">\n<h2 style=\"color: #999999; font-size: 18px; margin-bottom: 0px;\"><span style=\"color: #999999; font-size: 18px;\">Centrale de r\u00e9frig\u00e9ration avec compresseur semi-herm\u00e9tique<\/span><\/h2>\n<p data-start=\"0\" data-end=\"95\">Con\u00e7ues pour des applications de r\u00e9frig\u00e9ration commerciale centralis\u00e9e<\/p>\n<p data-start=\"97\" data-end=\"147\" data-is-last-node=\"\" data-is-only-node=\"\">Solution \u00e0 faible impact environnemental.<\/p>\n<style>.elementor-widget-button .elementor-button{background-color:var( --e-global-color-accent );}.elementor-29436 .elementor-element.elementor-element-2d8b95e .elementor-button{background-color:#0085BB;font-family:\"Roboto\", Montserrat;font-size:1.1em;font-weight:600;text-decoration:none;fill:#FFFFFF;color:#FFFFFF;border-style:solid;border-width:2px 2px 2px 2px;border-color:#0085BB;border-radius:33px 33px 33px 33px;padding:14px 20px 14px 20px;}.elementor-29436 .elementor-element.elementor-element-2d8b95e .elementor-button:hover, .elementor-29436 .elementor-element.elementor-element-2d8b95e .elementor-button:focus{background-color:#FFFFFF;color:#0085BB;border-color:#0085BB;}.elementor-29436 .elementor-element.elementor-element-2d8b95e > .elementor-widget-container{margin:2% 0% 1% 0%;}.elementor-29436 .elementor-element.elementor-element-2d8b95e .elementor-button:hover svg, .elementor-29436 .elementor-element.elementor-element-2d8b95e .elementor-button:focus svg{fill:#0085BB;}@media(max-width:767px){.elementor-29436 .elementor-element.elementor-element-2d8b95e > .elementor-widget-container{margin:-20px 0px 50px 0px;}}<\/style><div class=\"porto-block\" data-id=\"29436\">\t\t<div data-elementor-type=\"wp-post\" data-elementor-id=\"29436\" class=\"elementor elementor-29436 elementor-29420\" data-elementor-post-type=\"porto_builder\">\n\t\t\t\t\t\t<section class=\"elementor-section elementor-top-section elementor-element elementor-element-4601687 elementor-section-boxed elementor-section-height-default elementor-section-height-default\" data-id=\"4601687\" data-element_type=\"section\">\r\n\t\t\r\n\t\t\t\t\t\t\t<div class=\"elementor-container elementor-column-gap-default\">\r\n\t\t\t\t\t\t\t\t\t\t\t<div class=\"elementor-column elementor-col-100 elementor-top-column elementor-element elementor-element-7f3a8ac\" data-id=\"7f3a8ac\" data-element_type=\"column\">\r\n\t\t\t\t\t<div class=\"elementor-widget-wrap elementor-element-populated\">\r\n\t\t\t\t\t\t\t\t<div class=\"elementor-element elementor-element-2d8b95e elementor-align-left elementor-widget elementor-widget-button\" data-id=\"2d8b95e\" data-element_type=\"widget\" data-widget_type=\"button.default\">\n\t\t\t\t<div class=\"elementor-widget-container\">\n\t\t\t\t\t\t\t\t\t<div class=\"elementor-button-wrapper\">\n\t\t\t\t\t<a class=\"elementor-button elementor-button-link elementor-size-md\" href=\"https:\/\/www.intarcon.com\/fr\/conseils-techniques\/\">\n\t\t\t\t\t\t<span class=\"elementor-button-content-wrapper\">\n\t\t\t\t\t\t\t\t\t<span class=\"elementor-button-text\">Demande conseils techniques<\/span>\n\t\t\t\t\t<\/span>\n\t\t\t\t\t<\/a>\n\t\t\t\t<\/div>\n\t\t\t\t\t\t\t\t<\/div>\n\t\t\t\t<\/div>\n\t\t\t\t\t<\/div>\r\n\t\t\t\t<\/div>\r\n\t\t\t\t\t<\/div>\r\n\t\t\t\t<\/section>\r\n\t\t\t\t<\/div>\n\t\t<\/div>\n<\/div>\n<\/div>\n<\/div>\n","protected":false},"featured_media":96976,"template":"","meta":[],"product_brand":[],"product_cat":[706,707],"product_tag":[],"class_list":{"0":"post-98684","1":"product","2":"type-product","3":"status-publish","4":"has-post-thumbnail","6":"product_cat-a2l","7":"product_cat-centrales-de-refrigeration-a2l","9":"first","10":"instock","11":"shipping-taxable","12":"product-type-simple"},"yoast_head":"<!-- This site is optimized with the Yoast SEO plugin v27.5 - https:\/\/yoast.com\/product\/yoast-seo-wordpress\/ -->\n<title>intarCUBE semi-herm\u00e9tique A2L - INTARCON<\/title>\n<meta name=\"description\" content=\"Les intarCUBE A2L sont des centrales de r\u00e9frig\u00e9ration avec compresseur semi-herm\u00e9tique Bitzer Ecoline, pour applications jusqu\u2019\u00e0 40 kW\" \/>\n<meta name=\"robots\" content=\"index, follow, max-snippet:-1, max-image-preview:large, max-video-preview:-1\" \/>\n<link rel=\"canonical\" href=\"https:\/\/www.intarcon.com\/fr\/produit\/intarcube-semi-hermetique-a2l\/\" \/>\n<meta property=\"og:locale\" content=\"fr_FR\" \/>\n<meta property=\"og:type\" content=\"article\" \/>\n<meta property=\"og:title\" content=\"intarCUBE semi-herm\u00e9tique A2L - INTARCON\" \/>\n<meta property=\"og:description\" content=\"Les intarCUBE A2L sont des centrales de r\u00e9frig\u00e9ration avec compresseur semi-herm\u00e9tique Bitzer Ecoline, pour applications jusqu\u2019\u00e0 40 kW\" \/>\n<meta property=\"og:url\" content=\"https:\/\/www.intarcon.com\/fr\/produit\/intarcube-semi-hermetique-a2l\/\" \/>\n<meta property=\"og:site_name\" content=\"INTARCON\" \/>\n<meta property=\"article:publisher\" content=\"https:\/\/www.facebook.com\/intarcon\/\" \/>\n<meta property=\"article:modified_time\" content=\"2026-05-11T13:14:28+00:00\" \/>\n<meta property=\"og:image\" content=\"https:\/\/www.intarcon.com\/wp-content\/uploads\/2025\/07\/Equipo_DV-SN-7_IZQ.webp\" \/>\n\t<meta property=\"og:image:width\" content=\"2000\" \/>\n\t<meta property=\"og:image:height\" content=\"2000\" \/>\n\t<meta property=\"og:image:type\" content=\"image\/webp\" \/>\n<meta name=\"twitter:card\" content=\"summary_large_image\" \/>\n<meta name=\"twitter:site\" content=\"@Intarcon\" \/>\n<script type=\"application\/ld+json\" class=\"yoast-schema-graph\">{\"@context\":\"https:\\\/\\\/schema.org\",\"@graph\":[{\"@type\":\"WebPage\",\"@id\":\"https:\\\/\\\/www.intarcon.com\\\/fr\\\/produit\\\/intarcube-semi-hermetique-a2l\\\/\",\"url\":\"https:\\\/\\\/www.intarcon.com\\\/fr\\\/produit\\\/intarcube-semi-hermetique-a2l\\\/\",\"name\":\"intarCUBE semi-herm\u00e9tique A2L - INTARCON\",\"isPartOf\":{\"@id\":\"https:\\\/\\\/www.intarcon.com\\\/fr\\\/#website\"},\"primaryImageOfPage\":{\"@id\":\"https:\\\/\\\/www.intarcon.com\\\/fr\\\/produit\\\/intarcube-semi-hermetique-a2l\\\/#primaryimage\"},\"image\":{\"@id\":\"https:\\\/\\\/www.intarcon.com\\\/fr\\\/produit\\\/intarcube-semi-hermetique-a2l\\\/#primaryimage\"},\"thumbnailUrl\":\"https:\\\/\\\/www.intarcon.com\\\/wp-content\\\/uploads\\\/2025\\\/07\\\/Equipo_DV-SN-7_IZQ.webp\",\"datePublished\":\"2026-05-06T11:52:17+00:00\",\"dateModified\":\"2026-05-11T13:14:28+00:00\",\"description\":\"Les intarCUBE A2L sont des centrales de r\u00e9frig\u00e9ration avec compresseur semi-herm\u00e9tique Bitzer Ecoline, pour applications jusqu\u2019\u00e0 40 kW\",\"breadcrumb\":{\"@id\":\"https:\\\/\\\/www.intarcon.com\\\/fr\\\/produit\\\/intarcube-semi-hermetique-a2l\\\/#breadcrumb\"},\"inLanguage\":\"fr\",\"potentialAction\":[{\"@type\":\"ReadAction\",\"target\":[\"https:\\\/\\\/www.intarcon.com\\\/fr\\\/produit\\\/intarcube-semi-hermetique-a2l\\\/\"]}]},{\"@type\":\"ImageObject\",\"inLanguage\":\"fr\",\"@id\":\"https:\\\/\\\/www.intarcon.com\\\/fr\\\/produit\\\/intarcube-semi-hermetique-a2l\\\/#primaryimage\",\"url\":\"https:\\\/\\\/www.intarcon.com\\\/wp-content\\\/uploads\\\/2025\\\/07\\\/Equipo_DV-SN-7_IZQ.webp\",\"contentUrl\":\"https:\\\/\\\/www.intarcon.com\\\/wp-content\\\/uploads\\\/2025\\\/07\\\/Equipo_DV-SN-7_IZQ.webp\",\"width\":2000,\"height\":2000},{\"@type\":\"BreadcrumbList\",\"@id\":\"https:\\\/\\\/www.intarcon.com\\\/fr\\\/produit\\\/intarcube-semi-hermetique-a2l\\\/#breadcrumb\",\"itemListElement\":[{\"@type\":\"ListItem\",\"position\":1,\"name\":\"Portada\",\"item\":\"https:\\\/\\\/www.intarcon.com\\\/fr\\\/\"},{\"@type\":\"ListItem\",\"position\":2,\"name\":\"Producto\",\"item\":\"https:\\\/\\\/www.intarcon.com\\\/producto\\\/\"},{\"@type\":\"ListItem\",\"position\":3,\"name\":\"A2L\",\"item\":\"https:\\\/\\\/www.intarcon.com\\\/fr\\\/technologie\\\/a2l\\\/\"},{\"@type\":\"ListItem\",\"position\":4,\"name\":\"intarCUBE semi-herm\u00e9tique A2L\"}]},{\"@type\":\"WebSite\",\"@id\":\"https:\\\/\\\/www.intarcon.com\\\/fr\\\/#website\",\"url\":\"https:\\\/\\\/www.intarcon.com\\\/fr\\\/\",\"name\":\"INTARCON\",\"description\":\"\",\"potentialAction\":[{\"@type\":\"SearchAction\",\"target\":{\"@type\":\"EntryPoint\",\"urlTemplate\":\"https:\\\/\\\/www.intarcon.com\\\/fr\\\/?s={search_term_string}\"},\"query-input\":{\"@type\":\"PropertyValueSpecification\",\"valueRequired\":true,\"valueName\":\"search_term_string\"}}],\"inLanguage\":\"fr\"}]}<\/script>\n<!-- \/ Yoast SEO plugin. -->","yoast_head_json":{"title":"intarCUBE semi-herm\u00e9tique A2L - INTARCON","description":"Les intarCUBE A2L sont des centrales de r\u00e9frig\u00e9ration avec compresseur semi-herm\u00e9tique Bitzer Ecoline, pour applications jusqu\u2019\u00e0 40 kW","robots":{"index":"index","follow":"follow","max-snippet":"max-snippet:-1","max-image-preview":"max-image-preview:large","max-video-preview":"max-video-preview:-1"},"canonical":"https:\/\/www.intarcon.com\/fr\/produit\/intarcube-semi-hermetique-a2l\/","og_locale":"fr_FR","og_type":"article","og_title":"intarCUBE semi-herm\u00e9tique A2L - INTARCON","og_description":"Les intarCUBE A2L sont des centrales de r\u00e9frig\u00e9ration avec compresseur semi-herm\u00e9tique Bitzer Ecoline, pour applications jusqu\u2019\u00e0 40 kW","og_url":"https:\/\/www.intarcon.com\/fr\/produit\/intarcube-semi-hermetique-a2l\/","og_site_name":"INTARCON","article_publisher":"https:\/\/www.facebook.com\/intarcon\/","article_modified_time":"2026-05-11T13:14:28+00:00","og_image":[{"width":2000,"height":2000,"url":"https:\/\/www.intarcon.com\/wp-content\/uploads\/2025\/07\/Equipo_DV-SN-7_IZQ.webp","type":"image\/webp"}],"twitter_card":"summary_large_image","twitter_site":"@Intarcon","schema":{"@context":"https:\/\/schema.org","@graph":[{"@type":"WebPage","@id":"https:\/\/www.intarcon.com\/fr\/produit\/intarcube-semi-hermetique-a2l\/","url":"https:\/\/www.intarcon.com\/fr\/produit\/intarcube-semi-hermetique-a2l\/","name":"intarCUBE semi-herm\u00e9tique A2L - INTARCON","isPartOf":{"@id":"https:\/\/www.intarcon.com\/fr\/#website"},"primaryImageOfPage":{"@id":"https:\/\/www.intarcon.com\/fr\/produit\/intarcube-semi-hermetique-a2l\/#primaryimage"},"image":{"@id":"https:\/\/www.intarcon.com\/fr\/produit\/intarcube-semi-hermetique-a2l\/#primaryimage"},"thumbnailUrl":"https:\/\/www.intarcon.com\/wp-content\/uploads\/2025\/07\/Equipo_DV-SN-7_IZQ.webp","datePublished":"2026-05-06T11:52:17+00:00","dateModified":"2026-05-11T13:14:28+00:00","description":"Les intarCUBE A2L sont des centrales de r\u00e9frig\u00e9ration avec compresseur semi-herm\u00e9tique Bitzer Ecoline, pour applications jusqu\u2019\u00e0 40 kW","breadcrumb":{"@id":"https:\/\/www.intarcon.com\/fr\/produit\/intarcube-semi-hermetique-a2l\/#breadcrumb"},"inLanguage":"fr","potentialAction":[{"@type":"ReadAction","target":["https:\/\/www.intarcon.com\/fr\/produit\/intarcube-semi-hermetique-a2l\/"]}]},{"@type":"ImageObject","inLanguage":"fr","@id":"https:\/\/www.intarcon.com\/fr\/produit\/intarcube-semi-hermetique-a2l\/#primaryimage","url":"https:\/\/www.intarcon.com\/wp-content\/uploads\/2025\/07\/Equipo_DV-SN-7_IZQ.webp","contentUrl":"https:\/\/www.intarcon.com\/wp-content\/uploads\/2025\/07\/Equipo_DV-SN-7_IZQ.webp","width":2000,"height":2000},{"@type":"BreadcrumbList","@id":"https:\/\/www.intarcon.com\/fr\/produit\/intarcube-semi-hermetique-a2l\/#breadcrumb","itemListElement":[{"@type":"ListItem","position":1,"name":"Portada","item":"https:\/\/www.intarcon.com\/fr\/"},{"@type":"ListItem","position":2,"name":"Producto","item":"https:\/\/www.intarcon.com\/producto\/"},{"@type":"ListItem","position":3,"name":"A2L","item":"https:\/\/www.intarcon.com\/fr\/technologie\/a2l\/"},{"@type":"ListItem","position":4,"name":"intarCUBE semi-herm\u00e9tique A2L"}]},{"@type":"WebSite","@id":"https:\/\/www.intarcon.com\/fr\/#website","url":"https:\/\/www.intarcon.com\/fr\/","name":"INTARCON","description":"","potentialAction":[{"@type":"SearchAction","target":{"@type":"EntryPoint","urlTemplate":"https:\/\/www.intarcon.com\/fr\/?s={search_term_string}"},"query-input":{"@type":"PropertyValueSpecification","valueRequired":true,"valueName":"search_term_string"}}],"inLanguage":"fr"}]}},"_links":{"self":[{"href":"https:\/\/www.intarcon.com\/fr\/wp-json\/wp\/v2\/product\/98684","targetHints":{"allow":["GET"]}}],"collection":[{"href":"https:\/\/www.intarcon.com\/fr\/wp-json\/wp\/v2\/product"}],"about":[{"href":"https:\/\/www.intarcon.com\/fr\/wp-json\/wp\/v2\/types\/product"}],"version-history":[{"count":0,"href":"https:\/\/www.intarcon.com\/fr\/wp-json\/wp\/v2\/product\/98684\/revisions"}],"wp:featuredmedia":[{"embeddable":true,"href":"https:\/\/www.intarcon.com\/fr\/wp-json\/wp\/v2\/media\/96976"}],"wp:attachment":[{"href":"https:\/\/www.intarcon.com\/fr\/wp-json\/wp\/v2\/media?parent=98684"}],"wp:term":[{"taxonomy":"product_brand","embeddable":true,"href":"https:\/\/www.intarcon.com\/fr\/wp-json\/wp\/v2\/product_brand?post=98684"},{"taxonomy":"product_cat","embeddable":true,"href":"https:\/\/www.intarcon.com\/fr\/wp-json\/wp\/v2\/product_cat?post=98684"},{"taxonomy":"product_tag","embeddable":true,"href":"https:\/\/www.intarcon.com\/fr\/wp-json\/wp\/v2\/product_tag?post=98684"}],"curies":[{"name":"wp","href":"https:\/\/api.w.org\/{rel}","templated":true}]}}