{"id":9840,"date":"2019-06-22T08:35:44","date_gmt":"2019-06-22T06:35:44","guid":{"rendered":"https:\/\/www.intarcon.com\/wordpress\/producto\/evaporador-doble-flujo\/"},"modified":"2022-11-28T12:52:30","modified_gmt":"2022-11-28T10:52:30","slug":"unites-evaporation-plafond-a-double-flux","status":"publish","type":"product","link":"https:\/\/www.intarcon.com\/fr\/produit\/unites-evaporation-plafond-a-double-flux\/","title":{"rendered":"Plafond \u00e0 double flux"},"content":{"rendered":"<p>Unit\u00e9s d\u2019\u00e9vaporation plafonniers \u00e0 double flux d\u2019air, avec vannes de r\u00e9gulation incorpor\u00e9es et contr\u00f4le \u00e9lectronique pr\u00e9c\u00e2bl\u00e9, construites en structure et en carross\u00e9rie d\u2019acier galvanis\u00e9 et en carross\u00e9rie de aluminium avec peinture polyester. Ces \u00e9quipements se distinguent par :<\/p>\n<ul>\n<li>Batteries d\u2019haute efficience.<\/li>\n<li>D\u00e9tendeur et vanne sol\u00e9no\u00efde int\u00e9gr\u00e9es.<\/li>\n<li>\u00c9quipements r\u00e9gl\u00e9s en usine pour un rendement frigorifique optimal.<\/li>\n<li>Contr\u00f4le \u00e9lectronique pr\u00e9c\u00e2bl\u00e9 (en option).<\/li>\n<\/ul>\n<p><img fetchpriority=\"high\" decoding=\"async\" class=\"aligncenter size-full wp-image-49288\" src=\"https:\/\/www.intarcon.com\/wp-content\/uploads\/2019\/06\/fr-2022-schema-des-composants-de-double-flux.jpg\" alt=\"Schema des composants de double flux\" width=\"706\" height=\"354\" srcset=\"https:\/\/www.intarcon.com\/wp-content\/uploads\/2019\/06\/fr-2022-schema-des-composants-de-double-flux.jpg 706w, https:\/\/www.intarcon.com\/wp-content\/uploads\/2019\/06\/fr-2022-schema-des-composants-de-double-flux-640x321.jpg 640w, https:\/\/www.intarcon.com\/wp-content\/uploads\/2019\/06\/fr-2022-schema-des-composants-de-double-flux-400x201.jpg 400w, https:\/\/www.intarcon.com\/wp-content\/uploads\/2019\/06\/fr-2022-schema-des-composants-de-double-flux-367x184.jpg 367w, https:\/\/www.intarcon.com\/wp-content\/uploads\/2019\/06\/fr-2022-schema-des-composants-de-double-flux-600x301.jpg 600w\" sizes=\"(max-width: 706px) 100vw, 706px\" \/><\/p>\n<p><a href=\"https:\/\/www.intarcon.com\/fr\/solution-efficace-et-economique-de-panamar\/\"><img decoding=\"async\" class=\"aligncenter wp-image-34723\" src=\"https:\/\/www.intarcon.com\/wp-content\/uploads\/2019\/07\/cta-ce-panamar-1204-x-347-px-1.jpg\" alt=\"La r\u00e9ussite du CTA : Panamar\" width=\"927\" height=\"267\" srcset=\"https:\/\/www.intarcon.com\/wp-content\/uploads\/2019\/07\/cta-ce-panamar-1204-x-347-px-1-768x221.jpg 768w, https:\/\/www.intarcon.com\/wp-content\/uploads\/2019\/07\/cta-ce-panamar-1204-x-347-px-1-640x184.jpg 640w, https:\/\/www.intarcon.com\/wp-content\/uploads\/2019\/07\/cta-ce-panamar-1204-x-347-px-1-400x115.jpg 400w, https:\/\/www.intarcon.com\/wp-content\/uploads\/2019\/07\/cta-ce-panamar-1204-x-347-px-1-367x106.jpg 367w, https:\/\/www.intarcon.com\/wp-content\/uploads\/2019\/07\/cta-ce-panamar-1204-x-347-px-1-600x173.jpg 600w\" sizes=\"(max-width: 927px) 100vw, 927px\" \/><\/a><\/p>\n","protected":false},"excerpt":{"rendered":"<h2 style=\"color: #999999; font-size: 18px; margin-bottom: 0px;\">Unit\u00e9 d\u2019\u00e9vaporation<\/h2>\n<p>Double flux pour les travaill\u00e9 salles<\/p>\n<p>&nbsp;<\/p>\n<style>.elementor-widget-button .elementor-button{background-color:var( --e-global-color-accent );}.elementor-29436 .elementor-element.elementor-element-2d8b95e .elementor-button{background-color:#0085BB;font-family:\"Roboto\", Montserrat;font-size:1.1em;font-weight:600;text-decoration:none;fill:#FFFFFF;color:#FFFFFF;border-style:solid;border-width:2px 2px 2px 2px;border-color:#0085BB;border-radius:33px 33px 33px 33px;padding:14px 20px 14px 20px;}.elementor-29436 .elementor-element.elementor-element-2d8b95e .elementor-button:hover, .elementor-29436 .elementor-element.elementor-element-2d8b95e .elementor-button:focus{background-color:#FFFFFF;color:#0085BB;border-color:#0085BB;}.elementor-29436 .elementor-element.elementor-element-2d8b95e > .elementor-widget-container{margin:2% 0% 1% 0%;}.elementor-29436 .elementor-element.elementor-element-2d8b95e .elementor-button:hover svg, .elementor-29436 .elementor-element.elementor-element-2d8b95e .elementor-button:focus svg{fill:#0085BB;}@media(max-width:767px){.elementor-29436 .elementor-element.elementor-element-2d8b95e > .elementor-widget-container{margin:-20px 0px 50px 0px;}}<\/style><div class=\"porto-block\" data-id=\"29436\">\t\t<div data-elementor-type=\"wp-post\" data-elementor-id=\"29436\" class=\"elementor elementor-29436 elementor-29420\" data-elementor-post-type=\"porto_builder\">\n\t\t\t\t\t\t<section class=\"elementor-section elementor-top-section elementor-element elementor-element-4601687 elementor-section-boxed elementor-section-height-default elementor-section-height-default\" data-id=\"4601687\" data-element_type=\"section\">\r\n\t\t\r\n\t\t\t\t\t\t\t<div class=\"elementor-container elementor-column-gap-default\">\r\n\t\t\t\t\t\t\t\t\t\t\t<div class=\"elementor-column elementor-col-100 elementor-top-column elementor-element elementor-element-7f3a8ac\" data-id=\"7f3a8ac\" data-element_type=\"column\">\r\n\t\t\t\t\t<div class=\"elementor-widget-wrap elementor-element-populated\">\r\n\t\t\t\t\t\t\t\t<div class=\"elementor-element elementor-element-2d8b95e elementor-align-left elementor-widget elementor-widget-button\" data-id=\"2d8b95e\" data-element_type=\"widget\" data-widget_type=\"button.default\">\n\t\t\t\t<div class=\"elementor-widget-container\">\n\t\t\t\t\t\t\t\t\t<div class=\"elementor-button-wrapper\">\n\t\t\t\t\t<a class=\"elementor-button elementor-button-link elementor-size-md\" href=\"https:\/\/www.intarcon.com\/fr\/conseils-techniques\/\">\n\t\t\t\t\t\t<span class=\"elementor-button-content-wrapper\">\n\t\t\t\t\t\t\t\t\t<span class=\"elementor-button-text\">Demande conseils techniques<\/span>\n\t\t\t\t\t<\/span>\n\t\t\t\t\t<\/a>\n\t\t\t\t<\/div>\n\t\t\t\t\t\t\t\t<\/div>\n\t\t\t\t<\/div>\n\t\t\t\t\t<\/div>\r\n\t\t\t\t<\/div>\r\n\t\t\t\t\t<\/div>\r\n\t\t\t\t<\/section>\r\n\t\t\t\t<\/div>\n\t\t<\/div>\n<div class=\"ctadescripcion\"><\/div>\n","protected":false},"featured_media":89366,"template":"","meta":[],"product_brand":[],"product_cat":[401],"product_tag":[],"class_list":{"0":"post-9840","1":"product","2":"type-product","3":"status-publish","4":"has-post-thumbnail","6":"product_cat-unites-devaporation","8":"first","9":"instock","10":"shipping-taxable","11":"product-type-simple"},"yoast_head":"<!-- This site is optimized with the Yoast SEO plugin v25.5 - https:\/\/yoast.com\/wordpress\/plugins\/seo\/ -->\n<title>Unit\u00e9s d&#039;\u00e9vaporation plafond \u00e0 double - flux - INTARCON<\/title>\n<meta name=\"description\" content=\"Les unit\u00e9s d\u2019\u00e9vaporation plafond \u00e0 double flux INTARCON sont con\u00e7ues pour couvrir un large \u00e9ventail de puissances dans les constructions les plus habituels.\" \/>\n<meta name=\"robots\" content=\"index, follow, max-snippet:-1, max-image-preview:large, max-video-preview:-1\" \/>\n<link rel=\"canonical\" href=\"https:\/\/www.intarcon.com\/fr\/produit\/unites-evaporation-plafond-a-double-flux\/\" \/>\n<meta property=\"og:locale\" content=\"fr_FR\" \/>\n<meta property=\"og:type\" content=\"article\" \/>\n<meta property=\"og:title\" content=\"Unit\u00e9s d&#039;\u00e9vaporation plafond \u00e0 double - flux - INTARCON\" \/>\n<meta property=\"og:description\" content=\"Les unit\u00e9s d\u2019\u00e9vaporation plafond \u00e0 double flux INTARCON sont con\u00e7ues pour couvrir un large \u00e9ventail de puissances dans les constructions les plus habituels.\" \/>\n<meta property=\"og:url\" content=\"https:\/\/www.intarcon.com\/fr\/produit\/unites-evaporation-plafond-a-double-flux\/\" \/>\n<meta property=\"og:site_name\" content=\"INTARCON\" \/>\n<meta property=\"article:publisher\" content=\"https:\/\/www.facebook.com\/intarcon\/\" \/>\n<meta property=\"article:modified_time\" content=\"2022-11-28T10:52:30+00:00\" \/>\n<meta property=\"og:image\" content=\"https:\/\/www.intarcon.com\/wp-content\/uploads\/2019\/06\/jd-evaporador-intarcon.jpg\" \/>\n\t<meta property=\"og:image:width\" content=\"600\" \/>\n\t<meta property=\"og:image:height\" content=\"600\" \/>\n\t<meta property=\"og:image:type\" content=\"image\/jpeg\" \/>\n<meta name=\"twitter:card\" content=\"summary_large_image\" \/>\n<meta name=\"twitter:site\" content=\"@Intarcon\" \/>\n<meta name=\"twitter:label1\" content=\"Est. reading time\" \/>\n\t<meta name=\"twitter:data1\" content=\"1 minute\" \/>\n<script type=\"application\/ld+json\" class=\"yoast-schema-graph\">{\"@context\":\"https:\/\/schema.org\",\"@graph\":[{\"@type\":\"WebPage\",\"@id\":\"https:\/\/www.intarcon.com\/fr\/produit\/unites-evaporation-plafond-a-double-flux\/\",\"url\":\"https:\/\/www.intarcon.com\/fr\/produit\/unites-evaporation-plafond-a-double-flux\/\",\"name\":\"Unit\u00e9s d'\u00e9vaporation plafond \u00e0 double - flux - INTARCON\",\"isPartOf\":{\"@id\":\"https:\/\/www.intarcon.com\/fr\/#website\"},\"primaryImageOfPage\":{\"@id\":\"https:\/\/www.intarcon.com\/fr\/produit\/unites-evaporation-plafond-a-double-flux\/#primaryimage\"},\"image\":{\"@id\":\"https:\/\/www.intarcon.com\/fr\/produit\/unites-evaporation-plafond-a-double-flux\/#primaryimage\"},\"thumbnailUrl\":\"https:\/\/www.intarcon.com\/wp-content\/uploads\/2019\/06\/evaporador-hfc-doble-flujo.webp\",\"datePublished\":\"2019-06-22T06:35:44+00:00\",\"dateModified\":\"2022-11-28T10:52:30+00:00\",\"description\":\"Les unit\u00e9s d\u2019\u00e9vaporation plafond \u00e0 double flux INTARCON sont con\u00e7ues pour couvrir un large \u00e9ventail de puissances dans les constructions les plus habituels.\",\"breadcrumb\":{\"@id\":\"https:\/\/www.intarcon.com\/fr\/produit\/unites-evaporation-plafond-a-double-flux\/#breadcrumb\"},\"inLanguage\":\"fr\",\"potentialAction\":[{\"@type\":\"ReadAction\",\"target\":[\"https:\/\/www.intarcon.com\/fr\/produit\/unites-evaporation-plafond-a-double-flux\/\"]}]},{\"@type\":\"ImageObject\",\"inLanguage\":\"fr\",\"@id\":\"https:\/\/www.intarcon.com\/fr\/produit\/unites-evaporation-plafond-a-double-flux\/#primaryimage\",\"url\":\"https:\/\/www.intarcon.com\/wp-content\/uploads\/2019\/06\/evaporador-hfc-doble-flujo.webp\",\"contentUrl\":\"https:\/\/www.intarcon.com\/wp-content\/uploads\/2019\/06\/evaporador-hfc-doble-flujo.webp\",\"width\":600,\"height\":600,\"caption\":\"Evaporador de refrigeraci\u00f3n de doble flujo HFC - INTARCON\"},{\"@type\":\"BreadcrumbList\",\"@id\":\"https:\/\/www.intarcon.com\/fr\/produit\/unites-evaporation-plafond-a-double-flux\/#breadcrumb\",\"itemListElement\":[{\"@type\":\"ListItem\",\"position\":1,\"name\":\"Portada\",\"item\":\"https:\/\/www.intarcon.com\/fr\/\"},{\"@type\":\"ListItem\",\"position\":2,\"name\":\"Producto\",\"item\":\"https:\/\/www.intarcon.com\/producto\/\"},{\"@type\":\"ListItem\",\"position\":3,\"name\":\"HFC\",\"item\":\"https:\/\/www.intarcon.com\/fr\/technologie\/hfc\/\"},{\"@type\":\"ListItem\",\"position\":4,\"name\":\"Unit\u00e9s d\u2019\u00e9vaporation\",\"item\":\"https:\/\/www.intarcon.com\/fr\/technologie\/hfc\/unites-devaporation\/\"},{\"@type\":\"ListItem\",\"position\":5,\"name\":\"Plafond \u00e0 double flux\"}]},{\"@type\":\"WebSite\",\"@id\":\"https:\/\/www.intarcon.com\/fr\/#website\",\"url\":\"https:\/\/www.intarcon.com\/fr\/\",\"name\":\"INTARCON\",\"description\":\"\",\"potentialAction\":[{\"@type\":\"SearchAction\",\"target\":{\"@type\":\"EntryPoint\",\"urlTemplate\":\"https:\/\/www.intarcon.com\/fr\/?s={search_term_string}\"},\"query-input\":{\"@type\":\"PropertyValueSpecification\",\"valueRequired\":true,\"valueName\":\"search_term_string\"}}],\"inLanguage\":\"fr\"}]}<\/script>\n<!-- \/ Yoast SEO plugin. -->","yoast_head_json":{"title":"Unit\u00e9s d'\u00e9vaporation plafond \u00e0 double - flux - INTARCON","description":"Les unit\u00e9s d\u2019\u00e9vaporation plafond \u00e0 double flux INTARCON sont con\u00e7ues pour couvrir un large \u00e9ventail de puissances dans les constructions les plus habituels.","robots":{"index":"index","follow":"follow","max-snippet":"max-snippet:-1","max-image-preview":"max-image-preview:large","max-video-preview":"max-video-preview:-1"},"canonical":"https:\/\/www.intarcon.com\/fr\/produit\/unites-evaporation-plafond-a-double-flux\/","og_locale":"fr_FR","og_type":"article","og_title":"Unit\u00e9s d'\u00e9vaporation plafond \u00e0 double - flux - INTARCON","og_description":"Les unit\u00e9s d\u2019\u00e9vaporation plafond \u00e0 double flux INTARCON sont con\u00e7ues pour couvrir un large \u00e9ventail de puissances dans les constructions les plus habituels.","og_url":"https:\/\/www.intarcon.com\/fr\/produit\/unites-evaporation-plafond-a-double-flux\/","og_site_name":"INTARCON","article_publisher":"https:\/\/www.facebook.com\/intarcon\/","article_modified_time":"2022-11-28T10:52:30+00:00","og_image":[{"width":600,"height":600,"url":"https:\/\/www.intarcon.com\/wp-content\/uploads\/2019\/06\/jd-evaporador-intarcon.jpg","type":"image\/jpeg"}],"twitter_card":"summary_large_image","twitter_site":"@Intarcon","twitter_misc":{"Est. reading time":"1 minute"},"schema":{"@context":"https:\/\/schema.org","@graph":[{"@type":"WebPage","@id":"https:\/\/www.intarcon.com\/fr\/produit\/unites-evaporation-plafond-a-double-flux\/","url":"https:\/\/www.intarcon.com\/fr\/produit\/unites-evaporation-plafond-a-double-flux\/","name":"Unit\u00e9s d'\u00e9vaporation plafond \u00e0 double - flux - INTARCON","isPartOf":{"@id":"https:\/\/www.intarcon.com\/fr\/#website"},"primaryImageOfPage":{"@id":"https:\/\/www.intarcon.com\/fr\/produit\/unites-evaporation-plafond-a-double-flux\/#primaryimage"},"image":{"@id":"https:\/\/www.intarcon.com\/fr\/produit\/unites-evaporation-plafond-a-double-flux\/#primaryimage"},"thumbnailUrl":"https:\/\/www.intarcon.com\/wp-content\/uploads\/2019\/06\/evaporador-hfc-doble-flujo.webp","datePublished":"2019-06-22T06:35:44+00:00","dateModified":"2022-11-28T10:52:30+00:00","description":"Les unit\u00e9s d\u2019\u00e9vaporation plafond \u00e0 double flux INTARCON sont con\u00e7ues pour couvrir un large \u00e9ventail de puissances dans les constructions les plus habituels.","breadcrumb":{"@id":"https:\/\/www.intarcon.com\/fr\/produit\/unites-evaporation-plafond-a-double-flux\/#breadcrumb"},"inLanguage":"fr","potentialAction":[{"@type":"ReadAction","target":["https:\/\/www.intarcon.com\/fr\/produit\/unites-evaporation-plafond-a-double-flux\/"]}]},{"@type":"ImageObject","inLanguage":"fr","@id":"https:\/\/www.intarcon.com\/fr\/produit\/unites-evaporation-plafond-a-double-flux\/#primaryimage","url":"https:\/\/www.intarcon.com\/wp-content\/uploads\/2019\/06\/evaporador-hfc-doble-flujo.webp","contentUrl":"https:\/\/www.intarcon.com\/wp-content\/uploads\/2019\/06\/evaporador-hfc-doble-flujo.webp","width":600,"height":600,"caption":"Evaporador de refrigeraci\u00f3n de doble flujo HFC - INTARCON"},{"@type":"BreadcrumbList","@id":"https:\/\/www.intarcon.com\/fr\/produit\/unites-evaporation-plafond-a-double-flux\/#breadcrumb","itemListElement":[{"@type":"ListItem","position":1,"name":"Portada","item":"https:\/\/www.intarcon.com\/fr\/"},{"@type":"ListItem","position":2,"name":"Producto","item":"https:\/\/www.intarcon.com\/producto\/"},{"@type":"ListItem","position":3,"name":"HFC","item":"https:\/\/www.intarcon.com\/fr\/technologie\/hfc\/"},{"@type":"ListItem","position":4,"name":"Unit\u00e9s d\u2019\u00e9vaporation","item":"https:\/\/www.intarcon.com\/fr\/technologie\/hfc\/unites-devaporation\/"},{"@type":"ListItem","position":5,"name":"Plafond \u00e0 double flux"}]},{"@type":"WebSite","@id":"https:\/\/www.intarcon.com\/fr\/#website","url":"https:\/\/www.intarcon.com\/fr\/","name":"INTARCON","description":"","potentialAction":[{"@type":"SearchAction","target":{"@type":"EntryPoint","urlTemplate":"https:\/\/www.intarcon.com\/fr\/?s={search_term_string}"},"query-input":{"@type":"PropertyValueSpecification","valueRequired":true,"valueName":"search_term_string"}}],"inLanguage":"fr"}]}},"_links":{"self":[{"href":"https:\/\/www.intarcon.com\/fr\/wp-json\/wp\/v2\/product\/9840","targetHints":{"allow":["GET"]}}],"collection":[{"href":"https:\/\/www.intarcon.com\/fr\/wp-json\/wp\/v2\/product"}],"about":[{"href":"https:\/\/www.intarcon.com\/fr\/wp-json\/wp\/v2\/types\/product"}],"version-history":[{"count":0,"href":"https:\/\/www.intarcon.com\/fr\/wp-json\/wp\/v2\/product\/9840\/revisions"}],"wp:featuredmedia":[{"embeddable":true,"href":"https:\/\/www.intarcon.com\/fr\/wp-json\/wp\/v2\/media\/89366"}],"wp:attachment":[{"href":"https:\/\/www.intarcon.com\/fr\/wp-json\/wp\/v2\/media?parent=9840"}],"wp:term":[{"taxonomy":"product_brand","embeddable":true,"href":"https:\/\/www.intarcon.com\/fr\/wp-json\/wp\/v2\/product_brand?post=9840"},{"taxonomy":"product_cat","embeddable":true,"href":"https:\/\/www.intarcon.com\/fr\/wp-json\/wp\/v2\/product_cat?post=9840"},{"taxonomy":"product_tag","embeddable":true,"href":"https:\/\/www.intarcon.com\/fr\/wp-json\/wp\/v2\/product_tag?post=9840"}],"curies":[{"name":"wp","href":"https:\/\/api.w.org\/{rel}","templated":true}]}}