{"id":97524,"date":"2025-11-13T10:56:14","date_gmt":"2025-11-13T09:56:14","guid":{"rendered":"https:\/\/www.intarcon.com\/product\/sigilus-a2l-inverter\/"},"modified":"2026-01-26T10:46:39","modified_gmt":"2026-01-26T09:46:39","slug":"sigilus-a2l-inverter-unite-de-condensation","status":"publish","type":"product","link":"https:\/\/www.intarcon.com\/fr\/produit\/sigilus-a2l-inverter-unite-de-condensation\/","title":{"rendered":"Sigilus A2L INVERTER"},"content":{"rendered":"<p data-start=\"70\" data-end=\"648\">L\u2019<a href=\"https:\/\/www.intarcon.com\/fr\/technologie\/a2l\/unites-de-condensation-a2l\/\">unit\u00e9 de condensation<\/a> compacte<strong> Sigilus A2L Inverter<\/strong> d\u2019INTARCON est con\u00e7ue pour la r\u00e9frig\u00e9ration en <strong data-start=\"175\" data-end=\"211\">temp\u00e9rature positive et n\u00e9gative<\/strong> dans des installations commerciales et de petite puissance frigorifique. Sa construction silencieuse et son <strong data-start=\"320\" data-end=\"360\">moto-ventilateur axial basse vitesse<\/strong> garantissent un fonctionnement stable et discret. Elle est en outre optimis\u00e9e pour l\u2019utilisation de <strong data-start=\"461\" data-end=\"513\">r\u00e9frig\u00e9rants A2L \u00e0 faible impact environnemental<\/strong>, ce qui contribue \u00e0 la r\u00e9duction des \u00e9missions de gaz \u00e0 effet de serre et au respect des exigences actuelles en mati\u00e8re de durabilit\u00e9.<\/p>\n<p data-start=\"650\" data-end=\"1012\" data-is-last-node=\"\" data-is-only-node=\"\">L\u2019 unit\u00e9 de condensation <strong data-start=\"653\" data-end=\"677\">Sigilus A2L Inverter<\/strong> int\u00e8gre un <strong data-start=\"689\" data-end=\"721\">compresseur rotatif inverter<\/strong>, permettant une <strong data-start=\"738\" data-end=\"796\">r\u00e9duction significative de la consommation \u00e9nerg\u00e9tique<\/strong> et un <strong data-start=\"803\" data-end=\"840\">contr\u00f4le pr\u00e9cis de la temp\u00e9rature<\/strong>. L\u2019association d\u2019une <strong data-start=\"862\" data-end=\"891\">insonorisation acoustique<\/strong> et d\u2019un ventilateur \u00e0 basse vitesse assure un <strong data-start=\"938\" data-end=\"962\">faible niveau sonore<\/strong>, m\u00eame dans des environnements sensibles au bruit.<\/p>\n","protected":false},"excerpt":{"rendered":"<h2 style=\"color: #999999; font-size: 18px; margin-bottom: 0px;\">Unit\u00e9 de condensation avec compresseur rotatif inverter<\/h2>\n<p data-start=\"0\" data-end=\"97\">Unit\u00e9 de condensation performante pour la r\u00e9frig\u00e9ration en temp\u00e9rature positive et n\u00e9gative<\/p>\n<p data-start=\"99\" data-end=\"164\" data-is-last-node=\"\" data-is-only-node=\"\">Solution \u00e0 faible impact environnemental avec r\u00e9frig\u00e9rant A2L<\/p>\n<style>.elementor-widget-button .elementor-button{background-color:var( --e-global-color-accent );}.elementor-29436 .elementor-element.elementor-element-2d8b95e .elementor-button{background-color:#0085BB;font-family:\"Roboto\", Montserrat;font-size:1.1em;font-weight:600;text-decoration:none;fill:#FFFFFF;color:#FFFFFF;border-style:solid;border-width:2px 2px 2px 2px;border-color:#0085BB;border-radius:33px 33px 33px 33px;padding:14px 20px 14px 20px;}.elementor-29436 .elementor-element.elementor-element-2d8b95e .elementor-button:hover, .elementor-29436 .elementor-element.elementor-element-2d8b95e .elementor-button:focus{background-color:#FFFFFF;color:#0085BB;border-color:#0085BB;}.elementor-29436 .elementor-element.elementor-element-2d8b95e > .elementor-widget-container{margin:2% 0% 1% 0%;}.elementor-29436 .elementor-element.elementor-element-2d8b95e .elementor-button:hover svg, .elementor-29436 .elementor-element.elementor-element-2d8b95e .elementor-button:focus svg{fill:#0085BB;}@media(max-width:767px){.elementor-29436 .elementor-element.elementor-element-2d8b95e > .elementor-widget-container{margin:-20px 0px 50px 0px;}}<\/style><div class=\"porto-block\" data-id=\"29436\">\t\t<div data-elementor-type=\"wp-post\" data-elementor-id=\"29436\" class=\"elementor elementor-29436 elementor-29420\" data-elementor-post-type=\"porto_builder\">\n\t\t\t\t\t\t<section class=\"elementor-section elementor-top-section elementor-element elementor-element-4601687 elementor-section-boxed elementor-section-height-default elementor-section-height-default\" data-id=\"4601687\" data-element_type=\"section\">\r\n\t\t\r\n\t\t\t\t\t\t\t<div class=\"elementor-container elementor-column-gap-default\">\r\n\t\t\t\t\t\t\t\t\t\t\t<div class=\"elementor-column elementor-col-100 elementor-top-column elementor-element elementor-element-7f3a8ac\" data-id=\"7f3a8ac\" data-element_type=\"column\">\r\n\t\t\t\t\t<div class=\"elementor-widget-wrap elementor-element-populated\">\r\n\t\t\t\t\t\t\t\t<div class=\"elementor-element elementor-element-2d8b95e elementor-align-left elementor-widget elementor-widget-button\" data-id=\"2d8b95e\" data-element_type=\"widget\" data-widget_type=\"button.default\">\n\t\t\t\t<div class=\"elementor-widget-container\">\n\t\t\t\t\t\t\t\t\t<div class=\"elementor-button-wrapper\">\n\t\t\t\t\t<a class=\"elementor-button elementor-button-link elementor-size-md\" href=\"https:\/\/www.intarcon.com\/fr\/conseils-techniques\/\">\n\t\t\t\t\t\t<span class=\"elementor-button-content-wrapper\">\n\t\t\t\t\t\t\t\t\t<span class=\"elementor-button-text\">Demande conseils techniques<\/span>\n\t\t\t\t\t<\/span>\n\t\t\t\t\t<\/a>\n\t\t\t\t<\/div>\n\t\t\t\t\t\t\t\t<\/div>\n\t\t\t\t<\/div>\n\t\t\t\t\t<\/div>\r\n\t\t\t\t<\/div>\r\n\t\t\t\t\t<\/div>\r\n\t\t\t\t<\/section>\r\n\t\t\t\t<\/div>\n\t\t<\/div>\n","protected":false},"featured_media":97488,"template":"","meta":[],"product_brand":[],"product_cat":[763,706],"product_tag":[],"class_list":{"0":"post-97524","1":"product","2":"type-product","3":"status-publish","4":"has-post-thumbnail","6":"product_cat-unites-de-condensation-a2l","7":"product_cat-a2l","9":"first","10":"instock","11":"shipping-taxable","12":"product-type-simple"},"yoast_head":"<!-- This site is optimized with the Yoast SEO plugin v25.5 - https:\/\/yoast.com\/wordpress\/plugins\/seo\/ -->\n<title>Sigilus A2L Inverter unit\u00e9 de condensation - INTARCON<\/title>\n<meta name=\"description\" content=\"Sigilus A2L Inverter: unit\u00e9 de condensation compacte, efficace et silencieuse, pour la r\u00e9frig\u00e9ration avec r\u00e9frig\u00e9rant A2L.\" \/>\n<meta name=\"robots\" content=\"index, follow, max-snippet:-1, max-image-preview:large, max-video-preview:-1\" \/>\n<link rel=\"canonical\" href=\"https:\/\/www.intarcon.com\/fr\/produit\/sigilus-a2l-inverter-unite-de-condensation\/\" \/>\n<meta property=\"og:locale\" content=\"fr_FR\" \/>\n<meta property=\"og:type\" content=\"article\" \/>\n<meta property=\"og:title\" content=\"Sigilus A2L Inverter unit\u00e9 de condensation - INTARCON\" \/>\n<meta property=\"og:description\" content=\"Sigilus A2L Inverter: unit\u00e9 de condensation compacte, efficace et silencieuse, pour la r\u00e9frig\u00e9ration avec r\u00e9frig\u00e9rant A2L.\" \/>\n<meta property=\"og:url\" content=\"https:\/\/www.intarcon.com\/fr\/produit\/sigilus-a2l-inverter-unite-de-condensation\/\" \/>\n<meta property=\"og:site_name\" content=\"INTARCON\" \/>\n<meta property=\"article:publisher\" content=\"https:\/\/www.facebook.com\/intarcon\/\" \/>\n<meta property=\"article:modified_time\" content=\"2026-01-26T09:46:39+00:00\" \/>\n<meta property=\"og:image\" content=\"https:\/\/www.intarcon.com\/wp-content\/uploads\/2025\/11\/Equipo_DF-4-A2L_IZQ-1.webp\" \/>\n\t<meta property=\"og:image:width\" content=\"2000\" \/>\n\t<meta property=\"og:image:height\" content=\"2000\" \/>\n\t<meta property=\"og:image:type\" content=\"image\/webp\" \/>\n<meta name=\"twitter:card\" content=\"summary_large_image\" \/>\n<meta name=\"twitter:site\" content=\"@Intarcon\" \/>\n<meta name=\"twitter:label1\" content=\"Est. reading time\" \/>\n\t<meta name=\"twitter:data1\" content=\"1 minute\" \/>\n<script type=\"application\/ld+json\" class=\"yoast-schema-graph\">{\"@context\":\"https:\/\/schema.org\",\"@graph\":[{\"@type\":\"WebPage\",\"@id\":\"https:\/\/www.intarcon.com\/fr\/produit\/sigilus-a2l-inverter-unite-de-condensation\/\",\"url\":\"https:\/\/www.intarcon.com\/fr\/produit\/sigilus-a2l-inverter-unite-de-condensation\/\",\"name\":\"Sigilus A2L Inverter unit\u00e9 de condensation - INTARCON\",\"isPartOf\":{\"@id\":\"https:\/\/www.intarcon.com\/fr\/#website\"},\"primaryImageOfPage\":{\"@id\":\"https:\/\/www.intarcon.com\/fr\/produit\/sigilus-a2l-inverter-unite-de-condensation\/#primaryimage\"},\"image\":{\"@id\":\"https:\/\/www.intarcon.com\/fr\/produit\/sigilus-a2l-inverter-unite-de-condensation\/#primaryimage\"},\"thumbnailUrl\":\"https:\/\/www.intarcon.com\/wp-content\/uploads\/2025\/11\/Equipo_DF-4-A2L_IZQ-1.webp\",\"datePublished\":\"2025-11-13T09:56:14+00:00\",\"dateModified\":\"2026-01-26T09:46:39+00:00\",\"description\":\"Sigilus A2L Inverter: unit\u00e9 de condensation compacte, efficace et silencieuse, pour la r\u00e9frig\u00e9ration avec r\u00e9frig\u00e9rant A2L.\",\"breadcrumb\":{\"@id\":\"https:\/\/www.intarcon.com\/fr\/produit\/sigilus-a2l-inverter-unite-de-condensation\/#breadcrumb\"},\"inLanguage\":\"fr\",\"potentialAction\":[{\"@type\":\"ReadAction\",\"target\":[\"https:\/\/www.intarcon.com\/fr\/produit\/sigilus-a2l-inverter-unite-de-condensation\/\"]}]},{\"@type\":\"ImageObject\",\"inLanguage\":\"fr\",\"@id\":\"https:\/\/www.intarcon.com\/fr\/produit\/sigilus-a2l-inverter-unite-de-condensation\/#primaryimage\",\"url\":\"https:\/\/www.intarcon.com\/wp-content\/uploads\/2025\/11\/Equipo_DF-4-A2L_IZQ-1.webp\",\"contentUrl\":\"https:\/\/www.intarcon.com\/wp-content\/uploads\/2025\/11\/Equipo_DF-4-A2L_IZQ-1.webp\",\"width\":2000,\"height\":2000,\"caption\":\"Sigilus-a2l-inverter\"},{\"@type\":\"BreadcrumbList\",\"@id\":\"https:\/\/www.intarcon.com\/fr\/produit\/sigilus-a2l-inverter-unite-de-condensation\/#breadcrumb\",\"itemListElement\":[{\"@type\":\"ListItem\",\"position\":1,\"name\":\"Portada\",\"item\":\"https:\/\/www.intarcon.com\/fr\/\"},{\"@type\":\"ListItem\",\"position\":2,\"name\":\"Producto\",\"item\":\"https:\/\/www.intarcon.com\/producto\/\"},{\"@type\":\"ListItem\",\"position\":3,\"name\":\"A2L\",\"item\":\"https:\/\/www.intarcon.com\/fr\/technologie\/a2l\/\"},{\"@type\":\"ListItem\",\"position\":4,\"name\":\"Sigilus A2L INVERTER\"}]},{\"@type\":\"WebSite\",\"@id\":\"https:\/\/www.intarcon.com\/fr\/#website\",\"url\":\"https:\/\/www.intarcon.com\/fr\/\",\"name\":\"INTARCON\",\"description\":\"\",\"potentialAction\":[{\"@type\":\"SearchAction\",\"target\":{\"@type\":\"EntryPoint\",\"urlTemplate\":\"https:\/\/www.intarcon.com\/fr\/?s={search_term_string}\"},\"query-input\":{\"@type\":\"PropertyValueSpecification\",\"valueRequired\":true,\"valueName\":\"search_term_string\"}}],\"inLanguage\":\"fr\"}]}<\/script>\n<!-- \/ Yoast SEO plugin. -->","yoast_head_json":{"title":"Sigilus A2L Inverter unit\u00e9 de condensation - INTARCON","description":"Sigilus A2L Inverter: unit\u00e9 de condensation compacte, efficace et silencieuse, pour la r\u00e9frig\u00e9ration avec r\u00e9frig\u00e9rant A2L.","robots":{"index":"index","follow":"follow","max-snippet":"max-snippet:-1","max-image-preview":"max-image-preview:large","max-video-preview":"max-video-preview:-1"},"canonical":"https:\/\/www.intarcon.com\/fr\/produit\/sigilus-a2l-inverter-unite-de-condensation\/","og_locale":"fr_FR","og_type":"article","og_title":"Sigilus A2L Inverter unit\u00e9 de condensation - INTARCON","og_description":"Sigilus A2L Inverter: unit\u00e9 de condensation compacte, efficace et silencieuse, pour la r\u00e9frig\u00e9ration avec r\u00e9frig\u00e9rant A2L.","og_url":"https:\/\/www.intarcon.com\/fr\/produit\/sigilus-a2l-inverter-unite-de-condensation\/","og_site_name":"INTARCON","article_publisher":"https:\/\/www.facebook.com\/intarcon\/","article_modified_time":"2026-01-26T09:46:39+00:00","og_image":[{"width":2000,"height":2000,"url":"https:\/\/www.intarcon.com\/wp-content\/uploads\/2025\/11\/Equipo_DF-4-A2L_IZQ-1.webp","type":"image\/webp"}],"twitter_card":"summary_large_image","twitter_site":"@Intarcon","twitter_misc":{"Est. reading time":"1 minute"},"schema":{"@context":"https:\/\/schema.org","@graph":[{"@type":"WebPage","@id":"https:\/\/www.intarcon.com\/fr\/produit\/sigilus-a2l-inverter-unite-de-condensation\/","url":"https:\/\/www.intarcon.com\/fr\/produit\/sigilus-a2l-inverter-unite-de-condensation\/","name":"Sigilus A2L Inverter unit\u00e9 de condensation - INTARCON","isPartOf":{"@id":"https:\/\/www.intarcon.com\/fr\/#website"},"primaryImageOfPage":{"@id":"https:\/\/www.intarcon.com\/fr\/produit\/sigilus-a2l-inverter-unite-de-condensation\/#primaryimage"},"image":{"@id":"https:\/\/www.intarcon.com\/fr\/produit\/sigilus-a2l-inverter-unite-de-condensation\/#primaryimage"},"thumbnailUrl":"https:\/\/www.intarcon.com\/wp-content\/uploads\/2025\/11\/Equipo_DF-4-A2L_IZQ-1.webp","datePublished":"2025-11-13T09:56:14+00:00","dateModified":"2026-01-26T09:46:39+00:00","description":"Sigilus A2L Inverter: unit\u00e9 de condensation compacte, efficace et silencieuse, pour la r\u00e9frig\u00e9ration avec r\u00e9frig\u00e9rant A2L.","breadcrumb":{"@id":"https:\/\/www.intarcon.com\/fr\/produit\/sigilus-a2l-inverter-unite-de-condensation\/#breadcrumb"},"inLanguage":"fr","potentialAction":[{"@type":"ReadAction","target":["https:\/\/www.intarcon.com\/fr\/produit\/sigilus-a2l-inverter-unite-de-condensation\/"]}]},{"@type":"ImageObject","inLanguage":"fr","@id":"https:\/\/www.intarcon.com\/fr\/produit\/sigilus-a2l-inverter-unite-de-condensation\/#primaryimage","url":"https:\/\/www.intarcon.com\/wp-content\/uploads\/2025\/11\/Equipo_DF-4-A2L_IZQ-1.webp","contentUrl":"https:\/\/www.intarcon.com\/wp-content\/uploads\/2025\/11\/Equipo_DF-4-A2L_IZQ-1.webp","width":2000,"height":2000,"caption":"Sigilus-a2l-inverter"},{"@type":"BreadcrumbList","@id":"https:\/\/www.intarcon.com\/fr\/produit\/sigilus-a2l-inverter-unite-de-condensation\/#breadcrumb","itemListElement":[{"@type":"ListItem","position":1,"name":"Portada","item":"https:\/\/www.intarcon.com\/fr\/"},{"@type":"ListItem","position":2,"name":"Producto","item":"https:\/\/www.intarcon.com\/producto\/"},{"@type":"ListItem","position":3,"name":"A2L","item":"https:\/\/www.intarcon.com\/fr\/technologie\/a2l\/"},{"@type":"ListItem","position":4,"name":"Sigilus A2L INVERTER"}]},{"@type":"WebSite","@id":"https:\/\/www.intarcon.com\/fr\/#website","url":"https:\/\/www.intarcon.com\/fr\/","name":"INTARCON","description":"","potentialAction":[{"@type":"SearchAction","target":{"@type":"EntryPoint","urlTemplate":"https:\/\/www.intarcon.com\/fr\/?s={search_term_string}"},"query-input":{"@type":"PropertyValueSpecification","valueRequired":true,"valueName":"search_term_string"}}],"inLanguage":"fr"}]}},"_links":{"self":[{"href":"https:\/\/www.intarcon.com\/fr\/wp-json\/wp\/v2\/product\/97524","targetHints":{"allow":["GET"]}}],"collection":[{"href":"https:\/\/www.intarcon.com\/fr\/wp-json\/wp\/v2\/product"}],"about":[{"href":"https:\/\/www.intarcon.com\/fr\/wp-json\/wp\/v2\/types\/product"}],"version-history":[{"count":0,"href":"https:\/\/www.intarcon.com\/fr\/wp-json\/wp\/v2\/product\/97524\/revisions"}],"wp:featuredmedia":[{"embeddable":true,"href":"https:\/\/www.intarcon.com\/fr\/wp-json\/wp\/v2\/media\/97488"}],"wp:attachment":[{"href":"https:\/\/www.intarcon.com\/fr\/wp-json\/wp\/v2\/media?parent=97524"}],"wp:term":[{"taxonomy":"product_brand","embeddable":true,"href":"https:\/\/www.intarcon.com\/fr\/wp-json\/wp\/v2\/product_brand?post=97524"},{"taxonomy":"product_cat","embeddable":true,"href":"https:\/\/www.intarcon.com\/fr\/wp-json\/wp\/v2\/product_cat?post=97524"},{"taxonomy":"product_tag","embeddable":true,"href":"https:\/\/www.intarcon.com\/fr\/wp-json\/wp\/v2\/product_tag?post=97524"}],"curies":[{"name":"wp","href":"https:\/\/api.w.org\/{rel}","templated":true}]}}