{"id":97481,"date":"2025-11-13T10:58:02","date_gmt":"2025-11-13T09:58:02","guid":{"rendered":"https:\/\/www.intarcon.com\/?post_type=product&#038;p=97481"},"modified":"2026-01-26T10:48:44","modified_gmt":"2026-01-26T09:48:44","slug":"sigilus-a2l-unite-de-condensation","status":"publish","type":"product","link":"https:\/\/www.intarcon.com\/fr\/produit\/sigilus-a2l-unite-de-condensation\/","title":{"rendered":"Sigilus A2L"},"content":{"rendered":"<p data-start=\"169\" data-end=\"691\">L\u2019<strong>unit\u00e9 de condensation compacte Sigilus A2L d\u2019INTARCON<\/strong> constitue une solution id\u00e9ale pour la r\u00e9frig\u00e9ration en <strong data-start=\"288\" data-end=\"324\">temp\u00e9rature positive et n\u00e9gative<\/strong> dans les installations commerciales ou de faible puissance frigorifique. Elle se distingue par sa <strong>construction silencieuse<\/strong>, sa <strong data-start=\"452\" data-end=\"484\">haute efficacit\u00e9 \u00e9nerg\u00e9tique<\/strong> et sa capacit\u00e9 \u00e0 fonctionner avec des <strong data-start=\"523\" data-end=\"543\">r\u00e9frig\u00e9rants A2L<\/strong> \u00e0 faible impact environnemental. Elle permet ainsi de r\u00e9duire les \u00e9missions de gaz \u00e0 effet de serre et de favoriser une r\u00e9frig\u00e9ration plus durable.<\/p>\n<p data-start=\"693\" data-end=\"1112\">Au sein de la <a href=\"https:\/\/www.intarcon.com\/fr\/technologie\/a2l\/unites-de-condensation-a2l\/\">gamme Sigilus A2L<\/a>, cette <strong data-start=\"732\" data-end=\"766\">unit\u00e9 de condensation compacte<\/strong> est con\u00e7ue pour offrir des performances maximales dans des espaces r\u00e9duits. Elle int\u00e8gre des <strong data-start=\"860\" data-end=\"910\">compresseurs herm\u00e9tiques alternatifs ou scroll<\/strong>, ainsi qu\u2019une <strong data-start=\"925\" data-end=\"954\">insonorisation acoustique<\/strong> et des <strong data-start=\"962\" data-end=\"1011\">moto\u2010ventilateurs \u00e9lectroniques basse vitesse<\/strong>. L\u2019ensemble garantit un fonctionnement stable et silencieux, m\u00eame dans des environnements exigeants.<\/p>\n<p data-start=\"1114\" data-end=\"1347\">Globalement, cette version combine <strong data-start=\"1149\" data-end=\"1163\">efficacit\u00e9<\/strong>, <strong data-start=\"1165\" data-end=\"1179\">durabilit\u00e9<\/strong> et <strong data-start=\"1183\" data-end=\"1207\">faible niveau sonore<\/strong>. Elle repr\u00e9sente le choix parfait pour les installations frigorifiques recherchant un rendement \u00e9lev\u00e9 avec un faible impact climatique.<\/p>\n","protected":false},"excerpt":{"rendered":"<h2 style=\"color: #999999; font-size: 18px; margin-bottom: 0px;\">Unit\u00e9 de condensation avec compresseur herm\u00e9tique alternatif ou scroll<\/h2>\n<p data-start=\"0\" data-end=\"95\">Unit\u00e9 de condensation compacte pour la r\u00e9frig\u00e9ration en temp\u00e9rature positive et n\u00e9gative.<\/p>\n<p data-start=\"97\" data-end=\"147\" data-is-last-node=\"\" data-is-only-node=\"\">Solution \u00e0 faible impact sur l\u2019effet de serre.<\/p>\n<style>.elementor-widget-button .elementor-button{background-color:var( --e-global-color-accent );}.elementor-29436 .elementor-element.elementor-element-2d8b95e .elementor-button{background-color:#0085BB;font-family:\"Roboto\", Montserrat;font-size:1.1em;font-weight:600;text-decoration:none;fill:#FFFFFF;color:#FFFFFF;border-style:solid;border-width:2px 2px 2px 2px;border-color:#0085BB;border-radius:33px 33px 33px 33px;padding:14px 20px 14px 20px;}.elementor-29436 .elementor-element.elementor-element-2d8b95e .elementor-button:hover, .elementor-29436 .elementor-element.elementor-element-2d8b95e .elementor-button:focus{background-color:#FFFFFF;color:#0085BB;border-color:#0085BB;}.elementor-29436 .elementor-element.elementor-element-2d8b95e > .elementor-widget-container{margin:2% 0% 1% 0%;}.elementor-29436 .elementor-element.elementor-element-2d8b95e .elementor-button:hover svg, .elementor-29436 .elementor-element.elementor-element-2d8b95e .elementor-button:focus svg{fill:#0085BB;}@media(max-width:767px){.elementor-29436 .elementor-element.elementor-element-2d8b95e > .elementor-widget-container{margin:-20px 0px 50px 0px;}}<\/style><div class=\"porto-block\" data-id=\"29436\">\t\t<div data-elementor-type=\"wp-post\" data-elementor-id=\"29436\" class=\"elementor elementor-29436 elementor-29420\" data-elementor-post-type=\"porto_builder\">\n\t\t\t\t\t\t<section class=\"elementor-section elementor-top-section elementor-element elementor-element-4601687 elementor-section-boxed elementor-section-height-default elementor-section-height-default\" data-id=\"4601687\" data-element_type=\"section\">\r\n\t\t\r\n\t\t\t\t\t\t\t<div class=\"elementor-container elementor-column-gap-default\">\r\n\t\t\t\t\t\t\t\t\t\t\t<div class=\"elementor-column elementor-col-100 elementor-top-column elementor-element elementor-element-7f3a8ac\" data-id=\"7f3a8ac\" data-element_type=\"column\">\r\n\t\t\t\t\t<div class=\"elementor-widget-wrap elementor-element-populated\">\r\n\t\t\t\t\t\t\t\t<div class=\"elementor-element elementor-element-2d8b95e elementor-align-left elementor-widget elementor-widget-button\" data-id=\"2d8b95e\" data-element_type=\"widget\" data-widget_type=\"button.default\">\n\t\t\t\t<div class=\"elementor-widget-container\">\n\t\t\t\t\t\t\t\t\t<div class=\"elementor-button-wrapper\">\n\t\t\t\t\t<a class=\"elementor-button elementor-button-link elementor-size-md\" href=\"https:\/\/www.intarcon.com\/fr\/conseils-techniques\/\">\n\t\t\t\t\t\t<span class=\"elementor-button-content-wrapper\">\n\t\t\t\t\t\t\t\t\t<span class=\"elementor-button-text\">Demande conseils techniques<\/span>\n\t\t\t\t\t<\/span>\n\t\t\t\t\t<\/a>\n\t\t\t\t<\/div>\n\t\t\t\t\t\t\t\t<\/div>\n\t\t\t\t<\/div>\n\t\t\t\t\t<\/div>\r\n\t\t\t\t<\/div>\r\n\t\t\t\t\t<\/div>\r\n\t\t\t\t<\/section>\r\n\t\t\t\t<\/div>\n\t\t<\/div>\n","protected":false},"featured_media":97475,"template":"","meta":[],"product_brand":[],"product_cat":[763,706],"product_tag":[],"class_list":{"0":"post-97481","1":"product","2":"type-product","3":"status-publish","4":"has-post-thumbnail","6":"product_cat-unites-de-condensation-a2l","7":"product_cat-a2l","9":"first","10":"instock","11":"shipping-taxable","12":"product-type-simple"},"yoast_head":"<!-- This site is optimized with the Yoast SEO plugin v25.5 - https:\/\/yoast.com\/wordpress\/plugins\/seo\/ -->\n<title>Sigilus A2L unit\u00e9 de condensation - INTARCON<\/title>\n<meta name=\"description\" content=\"Unit\u00e9 de condensation compacte Sigilus A2L d\u2019INTARCON pour la r\u00e9frig\u00e9ration en temp\u00e9rature positive et n\u00e9gative, fonctionnant avec r\u00e9frig\u00e9rant A2L.\" \/>\n<meta name=\"robots\" content=\"index, follow, max-snippet:-1, max-image-preview:large, max-video-preview:-1\" \/>\n<link rel=\"canonical\" href=\"https:\/\/www.intarcon.com\/fr\/produit\/sigilus-a2l-unite-de-condensation\/\" \/>\n<meta property=\"og:locale\" content=\"fr_FR\" \/>\n<meta property=\"og:type\" content=\"article\" \/>\n<meta property=\"og:title\" content=\"Sigilus A2L unit\u00e9 de condensation - INTARCON\" \/>\n<meta property=\"og:description\" content=\"Unit\u00e9 de condensation compacte Sigilus A2L d\u2019INTARCON pour la r\u00e9frig\u00e9ration en temp\u00e9rature positive et n\u00e9gative, fonctionnant avec r\u00e9frig\u00e9rant A2L.\" \/>\n<meta property=\"og:url\" content=\"https:\/\/www.intarcon.com\/fr\/produit\/sigilus-a2l-unite-de-condensation\/\" \/>\n<meta property=\"og:site_name\" content=\"INTARCON\" \/>\n<meta property=\"article:publisher\" content=\"https:\/\/www.facebook.com\/intarcon\/\" \/>\n<meta property=\"article:modified_time\" content=\"2026-01-26T09:48:44+00:00\" \/>\n<meta property=\"og:image\" content=\"https:\/\/www.intarcon.com\/wp-content\/uploads\/2025\/11\/Equipo_DF-4-A2L_IZQ.webp\" \/>\n\t<meta property=\"og:image:width\" content=\"2000\" \/>\n\t<meta property=\"og:image:height\" content=\"2000\" \/>\n\t<meta property=\"og:image:type\" content=\"image\/webp\" \/>\n<meta name=\"twitter:card\" content=\"summary_large_image\" \/>\n<meta name=\"twitter:site\" content=\"@Intarcon\" \/>\n<meta name=\"twitter:label1\" content=\"Est. reading time\" \/>\n\t<meta name=\"twitter:data1\" content=\"1 minute\" \/>\n<script type=\"application\/ld+json\" class=\"yoast-schema-graph\">{\"@context\":\"https:\/\/schema.org\",\"@graph\":[{\"@type\":\"WebPage\",\"@id\":\"https:\/\/www.intarcon.com\/fr\/produit\/sigilus-a2l-unite-de-condensation\/\",\"url\":\"https:\/\/www.intarcon.com\/fr\/produit\/sigilus-a2l-unite-de-condensation\/\",\"name\":\"Sigilus A2L unit\u00e9 de condensation - INTARCON\",\"isPartOf\":{\"@id\":\"https:\/\/www.intarcon.com\/fr\/#website\"},\"primaryImageOfPage\":{\"@id\":\"https:\/\/www.intarcon.com\/fr\/produit\/sigilus-a2l-unite-de-condensation\/#primaryimage\"},\"image\":{\"@id\":\"https:\/\/www.intarcon.com\/fr\/produit\/sigilus-a2l-unite-de-condensation\/#primaryimage\"},\"thumbnailUrl\":\"https:\/\/www.intarcon.com\/wp-content\/uploads\/2025\/11\/Equipo_DF-4-A2L_IZQ.webp\",\"datePublished\":\"2025-11-13T09:58:02+00:00\",\"dateModified\":\"2026-01-26T09:48:44+00:00\",\"description\":\"Unit\u00e9 de condensation compacte Sigilus A2L d\u2019INTARCON pour la r\u00e9frig\u00e9ration en temp\u00e9rature positive et n\u00e9gative, fonctionnant avec r\u00e9frig\u00e9rant A2L.\",\"breadcrumb\":{\"@id\":\"https:\/\/www.intarcon.com\/fr\/produit\/sigilus-a2l-unite-de-condensation\/#breadcrumb\"},\"inLanguage\":\"fr\",\"potentialAction\":[{\"@type\":\"ReadAction\",\"target\":[\"https:\/\/www.intarcon.com\/fr\/produit\/sigilus-a2l-unite-de-condensation\/\"]}]},{\"@type\":\"ImageObject\",\"inLanguage\":\"fr\",\"@id\":\"https:\/\/www.intarcon.com\/fr\/produit\/sigilus-a2l-unite-de-condensation\/#primaryimage\",\"url\":\"https:\/\/www.intarcon.com\/wp-content\/uploads\/2025\/11\/Equipo_DF-4-A2L_IZQ.webp\",\"contentUrl\":\"https:\/\/www.intarcon.com\/wp-content\/uploads\/2025\/11\/Equipo_DF-4-A2L_IZQ.webp\",\"width\":2000,\"height\":2000,\"caption\":\"motocondensadora-compacta-Sigilus-A2L\"},{\"@type\":\"BreadcrumbList\",\"@id\":\"https:\/\/www.intarcon.com\/fr\/produit\/sigilus-a2l-unite-de-condensation\/#breadcrumb\",\"itemListElement\":[{\"@type\":\"ListItem\",\"position\":1,\"name\":\"Portada\",\"item\":\"https:\/\/www.intarcon.com\/fr\/\"},{\"@type\":\"ListItem\",\"position\":2,\"name\":\"Producto\",\"item\":\"https:\/\/www.intarcon.com\/producto\/\"},{\"@type\":\"ListItem\",\"position\":3,\"name\":\"A2L\",\"item\":\"https:\/\/www.intarcon.com\/fr\/technologie\/a2l\/\"},{\"@type\":\"ListItem\",\"position\":4,\"name\":\"Unit\u00e9s de condensation A2L\",\"item\":\"https:\/\/www.intarcon.com\/fr\/technologie\/a2l\/unites-de-condensation-a2l\/\"},{\"@type\":\"ListItem\",\"position\":5,\"name\":\"Sigilus A2L\"}]},{\"@type\":\"WebSite\",\"@id\":\"https:\/\/www.intarcon.com\/fr\/#website\",\"url\":\"https:\/\/www.intarcon.com\/fr\/\",\"name\":\"INTARCON\",\"description\":\"\",\"potentialAction\":[{\"@type\":\"SearchAction\",\"target\":{\"@type\":\"EntryPoint\",\"urlTemplate\":\"https:\/\/www.intarcon.com\/fr\/?s={search_term_string}\"},\"query-input\":{\"@type\":\"PropertyValueSpecification\",\"valueRequired\":true,\"valueName\":\"search_term_string\"}}],\"inLanguage\":\"fr\"}]}<\/script>\n<!-- \/ Yoast SEO plugin. -->","yoast_head_json":{"title":"Sigilus A2L unit\u00e9 de condensation - INTARCON","description":"Unit\u00e9 de condensation compacte Sigilus A2L d\u2019INTARCON pour la r\u00e9frig\u00e9ration en temp\u00e9rature positive et n\u00e9gative, fonctionnant avec r\u00e9frig\u00e9rant A2L.","robots":{"index":"index","follow":"follow","max-snippet":"max-snippet:-1","max-image-preview":"max-image-preview:large","max-video-preview":"max-video-preview:-1"},"canonical":"https:\/\/www.intarcon.com\/fr\/produit\/sigilus-a2l-unite-de-condensation\/","og_locale":"fr_FR","og_type":"article","og_title":"Sigilus A2L unit\u00e9 de condensation - INTARCON","og_description":"Unit\u00e9 de condensation compacte Sigilus A2L d\u2019INTARCON pour la r\u00e9frig\u00e9ration en temp\u00e9rature positive et n\u00e9gative, fonctionnant avec r\u00e9frig\u00e9rant A2L.","og_url":"https:\/\/www.intarcon.com\/fr\/produit\/sigilus-a2l-unite-de-condensation\/","og_site_name":"INTARCON","article_publisher":"https:\/\/www.facebook.com\/intarcon\/","article_modified_time":"2026-01-26T09:48:44+00:00","og_image":[{"width":2000,"height":2000,"url":"https:\/\/www.intarcon.com\/wp-content\/uploads\/2025\/11\/Equipo_DF-4-A2L_IZQ.webp","type":"image\/webp"}],"twitter_card":"summary_large_image","twitter_site":"@Intarcon","twitter_misc":{"Est. reading time":"1 minute"},"schema":{"@context":"https:\/\/schema.org","@graph":[{"@type":"WebPage","@id":"https:\/\/www.intarcon.com\/fr\/produit\/sigilus-a2l-unite-de-condensation\/","url":"https:\/\/www.intarcon.com\/fr\/produit\/sigilus-a2l-unite-de-condensation\/","name":"Sigilus A2L unit\u00e9 de condensation - INTARCON","isPartOf":{"@id":"https:\/\/www.intarcon.com\/fr\/#website"},"primaryImageOfPage":{"@id":"https:\/\/www.intarcon.com\/fr\/produit\/sigilus-a2l-unite-de-condensation\/#primaryimage"},"image":{"@id":"https:\/\/www.intarcon.com\/fr\/produit\/sigilus-a2l-unite-de-condensation\/#primaryimage"},"thumbnailUrl":"https:\/\/www.intarcon.com\/wp-content\/uploads\/2025\/11\/Equipo_DF-4-A2L_IZQ.webp","datePublished":"2025-11-13T09:58:02+00:00","dateModified":"2026-01-26T09:48:44+00:00","description":"Unit\u00e9 de condensation compacte Sigilus A2L d\u2019INTARCON pour la r\u00e9frig\u00e9ration en temp\u00e9rature positive et n\u00e9gative, fonctionnant avec r\u00e9frig\u00e9rant A2L.","breadcrumb":{"@id":"https:\/\/www.intarcon.com\/fr\/produit\/sigilus-a2l-unite-de-condensation\/#breadcrumb"},"inLanguage":"fr","potentialAction":[{"@type":"ReadAction","target":["https:\/\/www.intarcon.com\/fr\/produit\/sigilus-a2l-unite-de-condensation\/"]}]},{"@type":"ImageObject","inLanguage":"fr","@id":"https:\/\/www.intarcon.com\/fr\/produit\/sigilus-a2l-unite-de-condensation\/#primaryimage","url":"https:\/\/www.intarcon.com\/wp-content\/uploads\/2025\/11\/Equipo_DF-4-A2L_IZQ.webp","contentUrl":"https:\/\/www.intarcon.com\/wp-content\/uploads\/2025\/11\/Equipo_DF-4-A2L_IZQ.webp","width":2000,"height":2000,"caption":"motocondensadora-compacta-Sigilus-A2L"},{"@type":"BreadcrumbList","@id":"https:\/\/www.intarcon.com\/fr\/produit\/sigilus-a2l-unite-de-condensation\/#breadcrumb","itemListElement":[{"@type":"ListItem","position":1,"name":"Portada","item":"https:\/\/www.intarcon.com\/fr\/"},{"@type":"ListItem","position":2,"name":"Producto","item":"https:\/\/www.intarcon.com\/producto\/"},{"@type":"ListItem","position":3,"name":"A2L","item":"https:\/\/www.intarcon.com\/fr\/technologie\/a2l\/"},{"@type":"ListItem","position":4,"name":"Unit\u00e9s de condensation A2L","item":"https:\/\/www.intarcon.com\/fr\/technologie\/a2l\/unites-de-condensation-a2l\/"},{"@type":"ListItem","position":5,"name":"Sigilus A2L"}]},{"@type":"WebSite","@id":"https:\/\/www.intarcon.com\/fr\/#website","url":"https:\/\/www.intarcon.com\/fr\/","name":"INTARCON","description":"","potentialAction":[{"@type":"SearchAction","target":{"@type":"EntryPoint","urlTemplate":"https:\/\/www.intarcon.com\/fr\/?s={search_term_string}"},"query-input":{"@type":"PropertyValueSpecification","valueRequired":true,"valueName":"search_term_string"}}],"inLanguage":"fr"}]}},"_links":{"self":[{"href":"https:\/\/www.intarcon.com\/fr\/wp-json\/wp\/v2\/product\/97481","targetHints":{"allow":["GET"]}}],"collection":[{"href":"https:\/\/www.intarcon.com\/fr\/wp-json\/wp\/v2\/product"}],"about":[{"href":"https:\/\/www.intarcon.com\/fr\/wp-json\/wp\/v2\/types\/product"}],"version-history":[{"count":0,"href":"https:\/\/www.intarcon.com\/fr\/wp-json\/wp\/v2\/product\/97481\/revisions"}],"wp:featuredmedia":[{"embeddable":true,"href":"https:\/\/www.intarcon.com\/fr\/wp-json\/wp\/v2\/media\/97475"}],"wp:attachment":[{"href":"https:\/\/www.intarcon.com\/fr\/wp-json\/wp\/v2\/media?parent=97481"}],"wp:term":[{"taxonomy":"product_brand","embeddable":true,"href":"https:\/\/www.intarcon.com\/fr\/wp-json\/wp\/v2\/product_brand?post=97481"},{"taxonomy":"product_cat","embeddable":true,"href":"https:\/\/www.intarcon.com\/fr\/wp-json\/wp\/v2\/product_cat?post=97481"},{"taxonomy":"product_tag","embeddable":true,"href":"https:\/\/www.intarcon.com\/fr\/wp-json\/wp\/v2\/product_tag?post=97481"}],"curies":[{"name":"wp","href":"https:\/\/api.w.org\/{rel}","templated":true}]}}