{"id":9704,"date":"2019-06-22T11:23:39","date_gmt":"2019-06-22T09:23:39","guid":{"rendered":"https:\/\/www.intarcon.com\/wordpress\/producto\/eco2rack\/"},"modified":"2022-11-28T11:11:37","modified_gmt":"2022-11-28T09:11:37","slug":"eco2rack","status":"publish","type":"product","link":"https:\/\/www.intarcon.com\/fr\/produit\/eco2rack\/","title":{"rendered":"ECO<sub>2<\/sub>rack"},"content":{"rendered":"<p>Rack de compresseurs de CO2 de simple ou double aspiration en cycle transcritique, ou cycle subcritique condensat pour glycol ou r\u00e9frig\u00e9rant. Les centrales ECO2Rack peuvent \u00eatre construites en diff\u00e9rentes combinaisons de groupes de 2 ou 3 compresseurs pour obtenir une capacit\u00e9 frigorifique totale de 50 jusqu\u2019\u00e0 300 kW. Ces \u00e9quipements se distinguent par :<\/p>\n<ul>\n<li>Maintenance simple \u00e0 r\u00e9aliser.<\/li>\n<li>Conception sur mesure.<\/li>\n<\/ul>\n","protected":false},"excerpt":{"rendered":"<h2 style=\"color: #999999; font-size: 18px; margin-bottom: 0px; line-height: 29px;\">Rack de compresseurs de CO<sub>2<\/sub> \u00e0 simple ou doble aspiration<\/h2>\n<p><span style=\"color: #999999;\">Rack de compresseurs de CO<sub>2<\/sub> \u00e0 simple ou doble aspiration, avec les centrales ECO2rack peuvent \u00eatre construites en diff\u00e9rentes combinaisons de groupes de 2 ou 3 compresseurs pour obtenir une capacit\u00e9 frigorifique totale jusqu\u2019\u00e0 300 kW (BT + MT)<\/span><br \/>\n<style>.elementor-widget-button .elementor-button{background-color:var( --e-global-color-accent );}.elementor-29436 .elementor-element.elementor-element-2d8b95e .elementor-button{background-color:#0085BB;font-family:\"Roboto\", Montserrat;font-size:1.1em;font-weight:600;text-decoration:none;fill:#FFFFFF;color:#FFFFFF;border-style:solid;border-width:2px 2px 2px 2px;border-color:#0085BB;border-radius:33px 33px 33px 33px;padding:14px 20px 14px 20px;}.elementor-29436 .elementor-element.elementor-element-2d8b95e .elementor-button:hover, .elementor-29436 .elementor-element.elementor-element-2d8b95e .elementor-button:focus{background-color:#FFFFFF;color:#0085BB;border-color:#0085BB;}.elementor-29436 .elementor-element.elementor-element-2d8b95e > .elementor-widget-container{margin:2% 0% 1% 0%;}.elementor-29436 .elementor-element.elementor-element-2d8b95e .elementor-button:hover svg, .elementor-29436 .elementor-element.elementor-element-2d8b95e .elementor-button:focus svg{fill:#0085BB;}@media(max-width:767px){.elementor-29436 .elementor-element.elementor-element-2d8b95e > .elementor-widget-container{margin:-20px 0px 50px 0px;}}<\/style><div class=\"porto-block\" data-id=\"29436\">\t\t<div data-elementor-type=\"wp-post\" data-elementor-id=\"29436\" class=\"elementor elementor-29436 elementor-29420\" data-elementor-post-type=\"porto_builder\">\n\t\t\t\t\t\t<section class=\"elementor-section elementor-top-section elementor-element elementor-element-4601687 elementor-section-boxed elementor-section-height-default elementor-section-height-default\" data-id=\"4601687\" data-element_type=\"section\">\r\n\t\t\r\n\t\t\t\t\t\t\t<div class=\"elementor-container elementor-column-gap-default\">\r\n\t\t\t\t\t\t\t\t\t\t\t<div class=\"elementor-column elementor-col-100 elementor-top-column elementor-element elementor-element-7f3a8ac\" data-id=\"7f3a8ac\" data-element_type=\"column\">\r\n\t\t\t\t\t<div class=\"elementor-widget-wrap elementor-element-populated\">\r\n\t\t\t\t\t\t\t\t<div class=\"elementor-element elementor-element-2d8b95e elementor-align-left elementor-widget elementor-widget-button\" data-id=\"2d8b95e\" data-element_type=\"widget\" data-widget_type=\"button.default\">\n\t\t\t\t<div class=\"elementor-widget-container\">\n\t\t\t\t\t\t\t\t\t<div class=\"elementor-button-wrapper\">\n\t\t\t\t\t<a class=\"elementor-button elementor-button-link elementor-size-md\" href=\"https:\/\/www.intarcon.com\/fr\/conseils-techniques\/\">\n\t\t\t\t\t\t<span class=\"elementor-button-content-wrapper\">\n\t\t\t\t\t\t\t\t\t<span class=\"elementor-button-text\">Demande conseils techniques<\/span>\n\t\t\t\t\t<\/span>\n\t\t\t\t\t<\/a>\n\t\t\t\t<\/div>\n\t\t\t\t\t\t\t\t<\/div>\n\t\t\t\t<\/div>\n\t\t\t\t\t<\/div>\r\n\t\t\t\t<\/div>\r\n\t\t\t\t\t<\/div>\r\n\t\t\t\t<\/section>\r\n\t\t\t\t<\/div>\n\t\t<\/div><\/p>\n","protected":false},"featured_media":89198,"template":"","meta":[],"product_brand":[],"product_cat":[362],"product_tag":[],"class_list":{"0":"post-9704","1":"product","2":"type-product","3":"status-publish","4":"has-post-thumbnail","6":"product_cat-usines-de-co2","8":"first","9":"instock","10":"featured","11":"shipping-taxable","12":"product-type-simple"},"yoast_head":"<!-- This site is optimized with the Yoast SEO plugin v25.5 - https:\/\/yoast.com\/wordpress\/plugins\/seo\/ -->\n<title>ECO2rack - INTARCON<\/title>\n<meta name=\"description\" content=\"Rack de compresseurs de CO2 \u00e0 simple ou doble aspiration, avec les centrales ECO2rack peuvent \u00eatre construites en diff\u00e9rentes combinaisons.\" \/>\n<meta name=\"robots\" content=\"index, follow, max-snippet:-1, max-image-preview:large, max-video-preview:-1\" \/>\n<link rel=\"canonical\" href=\"https:\/\/www.intarcon.com\/fr\/produit\/eco2rack\/\" \/>\n<meta property=\"og:locale\" content=\"fr_FR\" \/>\n<meta property=\"og:type\" content=\"article\" \/>\n<meta property=\"og:title\" content=\"ECO2rack - INTARCON\" \/>\n<meta property=\"og:description\" content=\"Rack de compresseurs de CO2 \u00e0 simple ou doble aspiration, avec les centrales ECO2rack peuvent \u00eatre construites en diff\u00e9rentes combinaisons.\" \/>\n<meta property=\"og:url\" content=\"https:\/\/www.intarcon.com\/fr\/produit\/eco2rack\/\" \/>\n<meta property=\"og:site_name\" content=\"INTARCON\" \/>\n<meta property=\"article:publisher\" content=\"https:\/\/www.facebook.com\/intarcon\/\" \/>\n<meta property=\"article:modified_time\" content=\"2022-11-28T09:11:37+00:00\" \/>\n<meta property=\"og:image\" content=\"https:\/\/www.intarcon.com\/wp-content\/uploads\/2022\/03\/eco2rack-intarcon.webp\" \/>\n\t<meta property=\"og:image:width\" content=\"600\" \/>\n\t<meta property=\"og:image:height\" content=\"600\" \/>\n\t<meta property=\"og:image:type\" content=\"image\/webp\" \/>\n<meta name=\"twitter:card\" content=\"summary_large_image\" \/>\n<meta name=\"twitter:site\" content=\"@Intarcon\" \/>\n<meta name=\"twitter:label1\" content=\"Est. reading time\" \/>\n\t<meta name=\"twitter:data1\" content=\"1 minute\" \/>\n<script type=\"application\/ld+json\" class=\"yoast-schema-graph\">{\"@context\":\"https:\/\/schema.org\",\"@graph\":[{\"@type\":\"WebPage\",\"@id\":\"https:\/\/www.intarcon.com\/fr\/produit\/eco2rack\/\",\"url\":\"https:\/\/www.intarcon.com\/fr\/produit\/eco2rack\/\",\"name\":\"ECO2rack - INTARCON\",\"isPartOf\":{\"@id\":\"https:\/\/www.intarcon.com\/fr\/#website\"},\"primaryImageOfPage\":{\"@id\":\"https:\/\/www.intarcon.com\/fr\/produit\/eco2rack\/#primaryimage\"},\"image\":{\"@id\":\"https:\/\/www.intarcon.com\/fr\/produit\/eco2rack\/#primaryimage\"},\"thumbnailUrl\":\"https:\/\/www.intarcon.com\/wp-content\/uploads\/2019\/06\/rack-refrigeracion-co2-eco2rack.webp\",\"datePublished\":\"2019-06-22T09:23:39+00:00\",\"dateModified\":\"2022-11-28T09:11:37+00:00\",\"description\":\"Rack de compresseurs de CO2 \u00e0 simple ou doble aspiration, avec les centrales ECO2rack peuvent \u00eatre construites en diff\u00e9rentes combinaisons.\",\"breadcrumb\":{\"@id\":\"https:\/\/www.intarcon.com\/fr\/produit\/eco2rack\/#breadcrumb\"},\"inLanguage\":\"fr\",\"potentialAction\":[{\"@type\":\"ReadAction\",\"target\":[\"https:\/\/www.intarcon.com\/fr\/produit\/eco2rack\/\"]}]},{\"@type\":\"ImageObject\",\"inLanguage\":\"fr\",\"@id\":\"https:\/\/www.intarcon.com\/fr\/produit\/eco2rack\/#primaryimage\",\"url\":\"https:\/\/www.intarcon.com\/wp-content\/uploads\/2019\/06\/rack-refrigeracion-co2-eco2rack.webp\",\"contentUrl\":\"https:\/\/www.intarcon.com\/wp-content\/uploads\/2019\/06\/rack-refrigeracion-co2-eco2rack.webp\",\"width\":600,\"height\":600,\"caption\":\"Rack de refrigeraci\u00f3n con CO2 ECO2rack para refrigeraci\u00f3n en supermercados -INTARCON\"},{\"@type\":\"BreadcrumbList\",\"@id\":\"https:\/\/www.intarcon.com\/fr\/produit\/eco2rack\/#breadcrumb\",\"itemListElement\":[{\"@type\":\"ListItem\",\"position\":1,\"name\":\"Portada\",\"item\":\"https:\/\/www.intarcon.com\/fr\/\"},{\"@type\":\"ListItem\",\"position\":2,\"name\":\"Producto\",\"item\":\"https:\/\/www.intarcon.com\/producto\/\"},{\"@type\":\"ListItem\",\"position\":3,\"name\":\"CO2\",\"item\":\"https:\/\/www.intarcon.com\/fr\/technologie\/co2\/\"},{\"@type\":\"ListItem\",\"position\":4,\"name\":\"Usines de CO2\",\"item\":\"https:\/\/www.intarcon.com\/fr\/technologie\/co2\/usines-de-co2\/\"},{\"@type\":\"ListItem\",\"position\":5,\"name\":\"ECO2rack\"}]},{\"@type\":\"WebSite\",\"@id\":\"https:\/\/www.intarcon.com\/fr\/#website\",\"url\":\"https:\/\/www.intarcon.com\/fr\/\",\"name\":\"INTARCON\",\"description\":\"\",\"potentialAction\":[{\"@type\":\"SearchAction\",\"target\":{\"@type\":\"EntryPoint\",\"urlTemplate\":\"https:\/\/www.intarcon.com\/fr\/?s={search_term_string}\"},\"query-input\":{\"@type\":\"PropertyValueSpecification\",\"valueRequired\":true,\"valueName\":\"search_term_string\"}}],\"inLanguage\":\"fr\"}]}<\/script>\n<!-- \/ Yoast SEO plugin. -->","yoast_head_json":{"title":"ECO2rack - INTARCON","description":"Rack de compresseurs de CO2 \u00e0 simple ou doble aspiration, avec les centrales ECO2rack peuvent \u00eatre construites en diff\u00e9rentes combinaisons.","robots":{"index":"index","follow":"follow","max-snippet":"max-snippet:-1","max-image-preview":"max-image-preview:large","max-video-preview":"max-video-preview:-1"},"canonical":"https:\/\/www.intarcon.com\/fr\/produit\/eco2rack\/","og_locale":"fr_FR","og_type":"article","og_title":"ECO2rack - INTARCON","og_description":"Rack de compresseurs de CO2 \u00e0 simple ou doble aspiration, avec les centrales ECO2rack peuvent \u00eatre construites en diff\u00e9rentes combinaisons.","og_url":"https:\/\/www.intarcon.com\/fr\/produit\/eco2rack\/","og_site_name":"INTARCON","article_publisher":"https:\/\/www.facebook.com\/intarcon\/","article_modified_time":"2022-11-28T09:11:37+00:00","og_image":[{"width":600,"height":600,"url":"https:\/\/www.intarcon.com\/wp-content\/uploads\/2022\/03\/eco2rack-intarcon.webp","type":"image\/webp"}],"twitter_card":"summary_large_image","twitter_site":"@Intarcon","twitter_misc":{"Est. reading time":"1 minute"},"schema":{"@context":"https:\/\/schema.org","@graph":[{"@type":"WebPage","@id":"https:\/\/www.intarcon.com\/fr\/produit\/eco2rack\/","url":"https:\/\/www.intarcon.com\/fr\/produit\/eco2rack\/","name":"ECO2rack - INTARCON","isPartOf":{"@id":"https:\/\/www.intarcon.com\/fr\/#website"},"primaryImageOfPage":{"@id":"https:\/\/www.intarcon.com\/fr\/produit\/eco2rack\/#primaryimage"},"image":{"@id":"https:\/\/www.intarcon.com\/fr\/produit\/eco2rack\/#primaryimage"},"thumbnailUrl":"https:\/\/www.intarcon.com\/wp-content\/uploads\/2019\/06\/rack-refrigeracion-co2-eco2rack.webp","datePublished":"2019-06-22T09:23:39+00:00","dateModified":"2022-11-28T09:11:37+00:00","description":"Rack de compresseurs de CO2 \u00e0 simple ou doble aspiration, avec les centrales ECO2rack peuvent \u00eatre construites en diff\u00e9rentes combinaisons.","breadcrumb":{"@id":"https:\/\/www.intarcon.com\/fr\/produit\/eco2rack\/#breadcrumb"},"inLanguage":"fr","potentialAction":[{"@type":"ReadAction","target":["https:\/\/www.intarcon.com\/fr\/produit\/eco2rack\/"]}]},{"@type":"ImageObject","inLanguage":"fr","@id":"https:\/\/www.intarcon.com\/fr\/produit\/eco2rack\/#primaryimage","url":"https:\/\/www.intarcon.com\/wp-content\/uploads\/2019\/06\/rack-refrigeracion-co2-eco2rack.webp","contentUrl":"https:\/\/www.intarcon.com\/wp-content\/uploads\/2019\/06\/rack-refrigeracion-co2-eco2rack.webp","width":600,"height":600,"caption":"Rack de refrigeraci\u00f3n con CO2 ECO2rack para refrigeraci\u00f3n en supermercados -INTARCON"},{"@type":"BreadcrumbList","@id":"https:\/\/www.intarcon.com\/fr\/produit\/eco2rack\/#breadcrumb","itemListElement":[{"@type":"ListItem","position":1,"name":"Portada","item":"https:\/\/www.intarcon.com\/fr\/"},{"@type":"ListItem","position":2,"name":"Producto","item":"https:\/\/www.intarcon.com\/producto\/"},{"@type":"ListItem","position":3,"name":"CO2","item":"https:\/\/www.intarcon.com\/fr\/technologie\/co2\/"},{"@type":"ListItem","position":4,"name":"Usines de CO2","item":"https:\/\/www.intarcon.com\/fr\/technologie\/co2\/usines-de-co2\/"},{"@type":"ListItem","position":5,"name":"ECO2rack"}]},{"@type":"WebSite","@id":"https:\/\/www.intarcon.com\/fr\/#website","url":"https:\/\/www.intarcon.com\/fr\/","name":"INTARCON","description":"","potentialAction":[{"@type":"SearchAction","target":{"@type":"EntryPoint","urlTemplate":"https:\/\/www.intarcon.com\/fr\/?s={search_term_string}"},"query-input":{"@type":"PropertyValueSpecification","valueRequired":true,"valueName":"search_term_string"}}],"inLanguage":"fr"}]}},"_links":{"self":[{"href":"https:\/\/www.intarcon.com\/fr\/wp-json\/wp\/v2\/product\/9704","targetHints":{"allow":["GET"]}}],"collection":[{"href":"https:\/\/www.intarcon.com\/fr\/wp-json\/wp\/v2\/product"}],"about":[{"href":"https:\/\/www.intarcon.com\/fr\/wp-json\/wp\/v2\/types\/product"}],"version-history":[{"count":0,"href":"https:\/\/www.intarcon.com\/fr\/wp-json\/wp\/v2\/product\/9704\/revisions"}],"wp:featuredmedia":[{"embeddable":true,"href":"https:\/\/www.intarcon.com\/fr\/wp-json\/wp\/v2\/media\/89198"}],"wp:attachment":[{"href":"https:\/\/www.intarcon.com\/fr\/wp-json\/wp\/v2\/media?parent=9704"}],"wp:term":[{"taxonomy":"product_brand","embeddable":true,"href":"https:\/\/www.intarcon.com\/fr\/wp-json\/wp\/v2\/product_brand?post=9704"},{"taxonomy":"product_cat","embeddable":true,"href":"https:\/\/www.intarcon.com\/fr\/wp-json\/wp\/v2\/product_cat?post=9704"},{"taxonomy":"product_tag","embeddable":true,"href":"https:\/\/www.intarcon.com\/fr\/wp-json\/wp\/v2\/product_tag?post=9704"}],"curies":[{"name":"wp","href":"https:\/\/api.w.org\/{rel}","templated":true}]}}