{"id":9625,"date":"2019-06-23T16:35:46","date_gmt":"2019-06-23T14:35:46","guid":{"rendered":"https:\/\/www.intarcon.com\/wordpress\/producto\/intarcube\/"},"modified":"2022-11-25T12:36:27","modified_gmt":"2022-11-25T10:36:27","slug":"intarcube","status":"publish","type":"product","link":"https:\/\/www.intarcon.com\/fr\/produit\/intarcube\/","title":{"rendered":"intarCUBE"},"content":{"rendered":"<p>Centrales frigorifiques compactes de 1 \u00e0 3 compresseurs, \u00e0 condensation axiale ou centrifuge, pour moyenne et basse temp\u00e9rature., avec tableau \u00e9lectrique et r\u00e9gulation \u00e9lectronique (selon version). Ces \u00e9quipments se distinguent par :<\/p>\n<ul>\n<li>Centrales frigorifiques tr\u00e8s compactes.<\/li>\n<li>Faibles co\u00fbts d\u2019investissement et d\u2019entretien.<\/li>\n<li>Installation Plug &amp; Play rapide dans les installations nouvelles ou existantes.<\/li>\n<li>Conforme F-Gaz 2022 et \u00c9co-conception.<\/li>\n<li>Ventilateurs axiaux pour installation \u00e0 l\u2019intemp\u00e9rie et ventilateurs centrifuges pour installation \u00e0 l\u2019int\u00e9rieure dans des locaux techniques.<\/li>\n<\/ul>\n<p><strong>Compresseur Scroll ou herm\u00e9tique.<\/strong><\/p>\n<p>&nbsp;<\/p>\n<p><img fetchpriority=\"high\" decoding=\"async\" class=\"aligncenter size-full wp-image-49061\" src=\"https:\/\/www.intarcon.com\/wp-content\/uploads\/2019\/06\/fr-2022-schema-des-composants-du-intarCUBE-hermetic.jpg\" alt=\"Schema des composants du intarCUBE hermetic\" width=\"701\" height=\"348\" srcset=\"https:\/\/www.intarcon.com\/wp-content\/uploads\/2019\/06\/fr-2022-schema-des-composants-du-intarCUBE-hermetic.jpg 701w, https:\/\/www.intarcon.com\/wp-content\/uploads\/2019\/06\/fr-2022-schema-des-composants-du-intarCUBE-hermetic-640x318.jpg 640w, https:\/\/www.intarcon.com\/wp-content\/uploads\/2019\/06\/fr-2022-schema-des-composants-du-intarCUBE-hermetic-400x199.jpg 400w, https:\/\/www.intarcon.com\/wp-content\/uploads\/2019\/06\/fr-2022-schema-des-composants-du-intarCUBE-hermetic-367x182.jpg 367w, https:\/\/www.intarcon.com\/wp-content\/uploads\/2019\/06\/fr-2022-schema-des-composants-du-intarCUBE-hermetic-600x298.jpg 600w\" sizes=\"(max-width: 701px) 100vw, 701px\" \/><\/p>\n<p><strong>Compresseur semi-herm\u00e9tique<\/strong><\/p>\n<p>&nbsp;<\/p>\n<p><img decoding=\"async\" class=\"aligncenter size-full wp-image-49065\" src=\"https:\/\/www.intarcon.com\/wp-content\/uploads\/2019\/06\/fr-2022-schema-des-composants-du-intarCUBE-semihermetic.jpg\" alt=\"Schema des composants du intarCUBE semi-herm\u00e9tique\" width=\"715\" height=\"397\" srcset=\"https:\/\/www.intarcon.com\/wp-content\/uploads\/2019\/06\/fr-2022-schema-des-composants-du-intarCUBE-semihermetic.jpg 715w, https:\/\/www.intarcon.com\/wp-content\/uploads\/2019\/06\/fr-2022-schema-des-composants-du-intarCUBE-semihermetic-640x355.jpg 640w, https:\/\/www.intarcon.com\/wp-content\/uploads\/2019\/06\/fr-2022-schema-des-composants-du-intarCUBE-semihermetic-400x222.jpg 400w, https:\/\/www.intarcon.com\/wp-content\/uploads\/2019\/06\/fr-2022-schema-des-composants-du-intarCUBE-semihermetic-367x204.jpg 367w, https:\/\/www.intarcon.com\/wp-content\/uploads\/2019\/06\/fr-2022-schema-des-composants-du-intarCUBE-semihermetic-600x333.jpg 600w\" sizes=\"(max-width: 715px) 100vw, 715px\" \/><\/p>\n<p><strong>Applications<\/strong><\/p>\n<p>Les centrales frigorifiques compactes intarCUBE sont con\u00e7us pour centraliser la production de froid d&#8217;un ensemble d&#8217;unit\u00e9s d&#8217;\u00e9vaporation. Les centrales centrifuges sont con\u00e7ues pour \u00eatre install\u00e9es dans une salle des machines avec \u00e9vacuation d&#8217;air par conduit.<\/p>\n<p><img decoding=\"async\" class=\"aligncenter size-full wp-image-49068\" src=\"https:\/\/www.intarcon.com\/wp-content\/uploads\/2019\/06\/fr-2022-applications-intarCUBE.jpg\" alt=\"Applications intarCUBE\" width=\"698\" height=\"422\" srcset=\"https:\/\/www.intarcon.com\/wp-content\/uploads\/2019\/06\/fr-2022-applications-intarCUBE.jpg 698w, https:\/\/www.intarcon.com\/wp-content\/uploads\/2019\/06\/fr-2022-applications-intarCUBE-640x387.jpg 640w, https:\/\/www.intarcon.com\/wp-content\/uploads\/2019\/06\/fr-2022-applications-intarCUBE-400x242.jpg 400w, https:\/\/www.intarcon.com\/wp-content\/uploads\/2019\/06\/fr-2022-applications-intarCUBE-367x222.jpg 367w, https:\/\/www.intarcon.com\/wp-content\/uploads\/2019\/06\/fr-2022-applications-intarCUBE-600x363.jpg 600w\" sizes=\"(max-width: 698px) 100vw, 698px\" \/><\/p>\n<p>&nbsp;<\/p>\n<p><a href=\"https:\/\/www.intarcon.com\/fr\/solution-efficace-et-economique-de-panamar\/\"><img loading=\"lazy\" decoding=\"async\" class=\"aligncenter wp-image-34723\" src=\"https:\/\/www.intarcon.com\/wp-content\/uploads\/2019\/07\/cta-ce-panamar-1204-x-347-px-1.jpg\" alt=\"La r\u00e9ussite du CTA : Panamar\" width=\"854\" height=\"246\" srcset=\"https:\/\/www.intarcon.com\/wp-content\/uploads\/2019\/07\/cta-ce-panamar-1204-x-347-px-1-768x221.jpg 768w, https:\/\/www.intarcon.com\/wp-content\/uploads\/2019\/07\/cta-ce-panamar-1204-x-347-px-1-640x184.jpg 640w, https:\/\/www.intarcon.com\/wp-content\/uploads\/2019\/07\/cta-ce-panamar-1204-x-347-px-1-400x115.jpg 400w, https:\/\/www.intarcon.com\/wp-content\/uploads\/2019\/07\/cta-ce-panamar-1204-x-347-px-1-367x106.jpg 367w, https:\/\/www.intarcon.com\/wp-content\/uploads\/2019\/07\/cta-ce-panamar-1204-x-347-px-1-600x173.jpg 600w\" sizes=\"(max-width: 854px) 100vw, 854px\" \/><\/a><\/p>\n<p>&nbsp;<\/p>\n","protected":false},"excerpt":{"rendered":"<h2 style=\"color: #999999; font-size: 18px; margin-bottom: 0px;\">Centrale de r\u00e9frig\u00e9ration compacte<\/h2>\n<p>Centrales de r\u00e9frig\u00e9ration carross\u00e9es, de 1 \u00e0 3 compresseurs, pour les applications \u00e0 moyenne et basse temp\u00e9rature<br \/>\n<style>.elementor-widget-button .elementor-button{background-color:var( --e-global-color-accent );}.elementor-29436 .elementor-element.elementor-element-2d8b95e .elementor-button{background-color:#0085BB;font-family:\"Roboto\", Montserrat;font-size:1.1em;font-weight:600;text-decoration:none;fill:#FFFFFF;color:#FFFFFF;border-style:solid;border-width:2px 2px 2px 2px;border-color:#0085BB;border-radius:33px 33px 33px 33px;padding:14px 20px 14px 20px;}.elementor-29436 .elementor-element.elementor-element-2d8b95e .elementor-button:hover, .elementor-29436 .elementor-element.elementor-element-2d8b95e .elementor-button:focus{background-color:#FFFFFF;color:#0085BB;border-color:#0085BB;}.elementor-29436 .elementor-element.elementor-element-2d8b95e > .elementor-widget-container{margin:2% 0% 1% 0%;}.elementor-29436 .elementor-element.elementor-element-2d8b95e .elementor-button:hover svg, .elementor-29436 .elementor-element.elementor-element-2d8b95e .elementor-button:focus svg{fill:#0085BB;}@media(max-width:767px){.elementor-29436 .elementor-element.elementor-element-2d8b95e > .elementor-widget-container{margin:-20px 0px 50px 0px;}}<\/style><div class=\"porto-block\" data-id=\"29436\">\t\t<div data-elementor-type=\"wp-post\" data-elementor-id=\"29436\" class=\"elementor elementor-29436 elementor-29420\" data-elementor-post-type=\"porto_builder\">\n\t\t\t\t\t\t<section class=\"elementor-section elementor-top-section elementor-element elementor-element-4601687 elementor-section-boxed elementor-section-height-default elementor-section-height-default\" data-id=\"4601687\" data-element_type=\"section\">\r\n\t\t\r\n\t\t\t\t\t\t\t<div class=\"elementor-container elementor-column-gap-default\">\r\n\t\t\t\t\t\t\t\t\t\t\t<div class=\"elementor-column elementor-col-100 elementor-top-column elementor-element elementor-element-7f3a8ac\" data-id=\"7f3a8ac\" data-element_type=\"column\">\r\n\t\t\t\t\t<div class=\"elementor-widget-wrap elementor-element-populated\">\r\n\t\t\t\t\t\t\t\t<div class=\"elementor-element elementor-element-2d8b95e elementor-align-left elementor-widget elementor-widget-button\" data-id=\"2d8b95e\" data-element_type=\"widget\" data-widget_type=\"button.default\">\n\t\t\t\t<div class=\"elementor-widget-container\">\n\t\t\t\t\t\t\t\t\t<div class=\"elementor-button-wrapper\">\n\t\t\t\t\t<a class=\"elementor-button elementor-button-link elementor-size-md\" href=\"https:\/\/www.intarcon.com\/fr\/conseils-techniques\/\">\n\t\t\t\t\t\t<span class=\"elementor-button-content-wrapper\">\n\t\t\t\t\t\t\t\t\t<span class=\"elementor-button-text\">Demande conseils techniques<\/span>\n\t\t\t\t\t<\/span>\n\t\t\t\t\t<\/a>\n\t\t\t\t<\/div>\n\t\t\t\t\t\t\t\t<\/div>\n\t\t\t\t<\/div>\n\t\t\t\t\t<\/div>\r\n\t\t\t\t<\/div>\r\n\t\t\t\t\t<\/div>\r\n\t\t\t\t<\/section>\r\n\t\t\t\t<\/div>\n\t\t<\/div><\/p>\n","protected":false},"featured_media":89347,"template":"","meta":[],"product_brand":[],"product_cat":[405],"product_tag":[],"class_list":{"0":"post-9625","1":"product","2":"type-product","3":"status-publish","4":"has-post-thumbnail","6":"product_cat-centrales-de-refrigeration","8":"first","9":"instock","10":"shipping-taxable","11":"product-type-simple"},"yoast_head":"<!-- This site is optimized with the Yoast SEO plugin v25.5 - https:\/\/yoast.com\/wordpress\/plugins\/seo\/ -->\n<title>intarCUBE - INTARCON<\/title>\n<meta name=\"description\" content=\"Centrales de r\u00e9frig\u00e9ration intarCUBE, de 1 \u00e0 3 compresseurs, \u00e0 condensation centrifuge par air, pour les applications \u00e0 moyenne et basse temp\u00e9rature.\" \/>\n<meta name=\"robots\" content=\"index, follow, max-snippet:-1, max-image-preview:large, max-video-preview:-1\" \/>\n<link rel=\"canonical\" href=\"https:\/\/www.intarcon.com\/fr\/produit\/intarcube\/\" \/>\n<meta property=\"og:locale\" content=\"fr_FR\" \/>\n<meta property=\"og:type\" content=\"article\" \/>\n<meta property=\"og:title\" content=\"intarCUBE - INTARCON\" \/>\n<meta property=\"og:description\" content=\"Centrales de r\u00e9frig\u00e9ration intarCUBE, de 1 \u00e0 3 compresseurs, \u00e0 condensation centrifuge par air, pour les applications \u00e0 moyenne et basse temp\u00e9rature.\" \/>\n<meta property=\"og:url\" content=\"https:\/\/www.intarcon.com\/fr\/produit\/intarcube\/\" \/>\n<meta property=\"og:site_name\" content=\"INTARCON\" \/>\n<meta property=\"article:publisher\" content=\"https:\/\/www.facebook.com\/intarcon\/\" \/>\n<meta property=\"article:modified_time\" content=\"2022-11-25T10:36:27+00:00\" \/>\n<meta property=\"og:image\" content=\"https:\/\/www.intarcon.com\/wp-content\/uploads\/2019\/06\/dv-6-axial-intarcon.webp\" \/>\n\t<meta property=\"og:image:width\" content=\"600\" \/>\n\t<meta property=\"og:image:height\" content=\"600\" \/>\n\t<meta property=\"og:image:type\" content=\"image\/webp\" \/>\n<meta name=\"twitter:card\" content=\"summary_large_image\" \/>\n<meta name=\"twitter:site\" content=\"@Intarcon\" \/>\n<meta name=\"twitter:label1\" content=\"Est. reading time\" \/>\n\t<meta name=\"twitter:data1\" content=\"2 minutes\" \/>\n<script type=\"application\/ld+json\" class=\"yoast-schema-graph\">{\"@context\":\"https:\/\/schema.org\",\"@graph\":[{\"@type\":\"WebPage\",\"@id\":\"https:\/\/www.intarcon.com\/fr\/produit\/intarcube\/\",\"url\":\"https:\/\/www.intarcon.com\/fr\/produit\/intarcube\/\",\"name\":\"intarCUBE - INTARCON\",\"isPartOf\":{\"@id\":\"https:\/\/www.intarcon.com\/fr\/#website\"},\"primaryImageOfPage\":{\"@id\":\"https:\/\/www.intarcon.com\/fr\/produit\/intarcube\/#primaryimage\"},\"image\":{\"@id\":\"https:\/\/www.intarcon.com\/fr\/produit\/intarcube\/#primaryimage\"},\"thumbnailUrl\":\"https:\/\/www.intarcon.com\/wp-content\/uploads\/2019\/06\/central-refrigeracion-hfc-intarcube.webp\",\"datePublished\":\"2019-06-23T14:35:46+00:00\",\"dateModified\":\"2022-11-25T10:36:27+00:00\",\"description\":\"Centrales de r\u00e9frig\u00e9ration intarCUBE, de 1 \u00e0 3 compresseurs, \u00e0 condensation centrifuge par air, pour les applications \u00e0 moyenne et basse temp\u00e9rature.\",\"breadcrumb\":{\"@id\":\"https:\/\/www.intarcon.com\/fr\/produit\/intarcube\/#breadcrumb\"},\"inLanguage\":\"fr\",\"potentialAction\":[{\"@type\":\"ReadAction\",\"target\":[\"https:\/\/www.intarcon.com\/fr\/produit\/intarcube\/\"]}]},{\"@type\":\"ImageObject\",\"inLanguage\":\"fr\",\"@id\":\"https:\/\/www.intarcon.com\/fr\/produit\/intarcube\/#primaryimage\",\"url\":\"https:\/\/www.intarcon.com\/wp-content\/uploads\/2019\/06\/central-refrigeracion-hfc-intarcube.webp\",\"contentUrl\":\"https:\/\/www.intarcon.com\/wp-content\/uploads\/2019\/06\/central-refrigeracion-hfc-intarcube.webp\",\"width\":600,\"height\":600,\"caption\":\"Central de refrigeraci\u00f3n compacta con HFC intarCUBE - INTARCON\"},{\"@type\":\"BreadcrumbList\",\"@id\":\"https:\/\/www.intarcon.com\/fr\/produit\/intarcube\/#breadcrumb\",\"itemListElement\":[{\"@type\":\"ListItem\",\"position\":1,\"name\":\"Portada\",\"item\":\"https:\/\/www.intarcon.com\/fr\/\"},{\"@type\":\"ListItem\",\"position\":2,\"name\":\"Producto\",\"item\":\"https:\/\/www.intarcon.com\/producto\/\"},{\"@type\":\"ListItem\",\"position\":3,\"name\":\"HFC\",\"item\":\"https:\/\/www.intarcon.com\/fr\/technologie\/hfc\/\"},{\"@type\":\"ListItem\",\"position\":4,\"name\":\"Centrales de r\u00e9frig\u00e9ration\",\"item\":\"https:\/\/www.intarcon.com\/fr\/technologie\/hfc\/centrales-de-refrigeration\/\"},{\"@type\":\"ListItem\",\"position\":5,\"name\":\"intarCUBE\"}]},{\"@type\":\"WebSite\",\"@id\":\"https:\/\/www.intarcon.com\/fr\/#website\",\"url\":\"https:\/\/www.intarcon.com\/fr\/\",\"name\":\"INTARCON\",\"description\":\"\",\"potentialAction\":[{\"@type\":\"SearchAction\",\"target\":{\"@type\":\"EntryPoint\",\"urlTemplate\":\"https:\/\/www.intarcon.com\/fr\/?s={search_term_string}\"},\"query-input\":{\"@type\":\"PropertyValueSpecification\",\"valueRequired\":true,\"valueName\":\"search_term_string\"}}],\"inLanguage\":\"fr\"}]}<\/script>\n<!-- \/ Yoast SEO plugin. -->","yoast_head_json":{"title":"intarCUBE - INTARCON","description":"Centrales de r\u00e9frig\u00e9ration intarCUBE, de 1 \u00e0 3 compresseurs, \u00e0 condensation centrifuge par air, pour les applications \u00e0 moyenne et basse temp\u00e9rature.","robots":{"index":"index","follow":"follow","max-snippet":"max-snippet:-1","max-image-preview":"max-image-preview:large","max-video-preview":"max-video-preview:-1"},"canonical":"https:\/\/www.intarcon.com\/fr\/produit\/intarcube\/","og_locale":"fr_FR","og_type":"article","og_title":"intarCUBE - INTARCON","og_description":"Centrales de r\u00e9frig\u00e9ration intarCUBE, de 1 \u00e0 3 compresseurs, \u00e0 condensation centrifuge par air, pour les applications \u00e0 moyenne et basse temp\u00e9rature.","og_url":"https:\/\/www.intarcon.com\/fr\/produit\/intarcube\/","og_site_name":"INTARCON","article_publisher":"https:\/\/www.facebook.com\/intarcon\/","article_modified_time":"2022-11-25T10:36:27+00:00","og_image":[{"width":600,"height":600,"url":"https:\/\/www.intarcon.com\/wp-content\/uploads\/2019\/06\/dv-6-axial-intarcon.webp","type":"image\/webp"}],"twitter_card":"summary_large_image","twitter_site":"@Intarcon","twitter_misc":{"Est. reading time":"2 minutes"},"schema":{"@context":"https:\/\/schema.org","@graph":[{"@type":"WebPage","@id":"https:\/\/www.intarcon.com\/fr\/produit\/intarcube\/","url":"https:\/\/www.intarcon.com\/fr\/produit\/intarcube\/","name":"intarCUBE - INTARCON","isPartOf":{"@id":"https:\/\/www.intarcon.com\/fr\/#website"},"primaryImageOfPage":{"@id":"https:\/\/www.intarcon.com\/fr\/produit\/intarcube\/#primaryimage"},"image":{"@id":"https:\/\/www.intarcon.com\/fr\/produit\/intarcube\/#primaryimage"},"thumbnailUrl":"https:\/\/www.intarcon.com\/wp-content\/uploads\/2019\/06\/central-refrigeracion-hfc-intarcube.webp","datePublished":"2019-06-23T14:35:46+00:00","dateModified":"2022-11-25T10:36:27+00:00","description":"Centrales de r\u00e9frig\u00e9ration intarCUBE, de 1 \u00e0 3 compresseurs, \u00e0 condensation centrifuge par air, pour les applications \u00e0 moyenne et basse temp\u00e9rature.","breadcrumb":{"@id":"https:\/\/www.intarcon.com\/fr\/produit\/intarcube\/#breadcrumb"},"inLanguage":"fr","potentialAction":[{"@type":"ReadAction","target":["https:\/\/www.intarcon.com\/fr\/produit\/intarcube\/"]}]},{"@type":"ImageObject","inLanguage":"fr","@id":"https:\/\/www.intarcon.com\/fr\/produit\/intarcube\/#primaryimage","url":"https:\/\/www.intarcon.com\/wp-content\/uploads\/2019\/06\/central-refrigeracion-hfc-intarcube.webp","contentUrl":"https:\/\/www.intarcon.com\/wp-content\/uploads\/2019\/06\/central-refrigeracion-hfc-intarcube.webp","width":600,"height":600,"caption":"Central de refrigeraci\u00f3n compacta con HFC intarCUBE - INTARCON"},{"@type":"BreadcrumbList","@id":"https:\/\/www.intarcon.com\/fr\/produit\/intarcube\/#breadcrumb","itemListElement":[{"@type":"ListItem","position":1,"name":"Portada","item":"https:\/\/www.intarcon.com\/fr\/"},{"@type":"ListItem","position":2,"name":"Producto","item":"https:\/\/www.intarcon.com\/producto\/"},{"@type":"ListItem","position":3,"name":"HFC","item":"https:\/\/www.intarcon.com\/fr\/technologie\/hfc\/"},{"@type":"ListItem","position":4,"name":"Centrales de r\u00e9frig\u00e9ration","item":"https:\/\/www.intarcon.com\/fr\/technologie\/hfc\/centrales-de-refrigeration\/"},{"@type":"ListItem","position":5,"name":"intarCUBE"}]},{"@type":"WebSite","@id":"https:\/\/www.intarcon.com\/fr\/#website","url":"https:\/\/www.intarcon.com\/fr\/","name":"INTARCON","description":"","potentialAction":[{"@type":"SearchAction","target":{"@type":"EntryPoint","urlTemplate":"https:\/\/www.intarcon.com\/fr\/?s={search_term_string}"},"query-input":{"@type":"PropertyValueSpecification","valueRequired":true,"valueName":"search_term_string"}}],"inLanguage":"fr"}]}},"_links":{"self":[{"href":"https:\/\/www.intarcon.com\/fr\/wp-json\/wp\/v2\/product\/9625","targetHints":{"allow":["GET"]}}],"collection":[{"href":"https:\/\/www.intarcon.com\/fr\/wp-json\/wp\/v2\/product"}],"about":[{"href":"https:\/\/www.intarcon.com\/fr\/wp-json\/wp\/v2\/types\/product"}],"version-history":[{"count":0,"href":"https:\/\/www.intarcon.com\/fr\/wp-json\/wp\/v2\/product\/9625\/revisions"}],"wp:featuredmedia":[{"embeddable":true,"href":"https:\/\/www.intarcon.com\/fr\/wp-json\/wp\/v2\/media\/89347"}],"wp:attachment":[{"href":"https:\/\/www.intarcon.com\/fr\/wp-json\/wp\/v2\/media?parent=9625"}],"wp:term":[{"taxonomy":"product_brand","embeddable":true,"href":"https:\/\/www.intarcon.com\/fr\/wp-json\/wp\/v2\/product_brand?post=9625"},{"taxonomy":"product_cat","embeddable":true,"href":"https:\/\/www.intarcon.com\/fr\/wp-json\/wp\/v2\/product_cat?post=9625"},{"taxonomy":"product_tag","embeddable":true,"href":"https:\/\/www.intarcon.com\/fr\/wp-json\/wp\/v2\/product_tag?post=9625"}],"curies":[{"name":"wp","href":"https:\/\/api.w.org\/{rel}","templated":true}]}}