{"id":95840,"date":"2025-07-24T09:32:01","date_gmt":"2025-07-24T07:32:01","guid":{"rendered":"https:\/\/www.intarcon.com\/?post_type=product&#038;p=95840"},"modified":"2025-10-15T08:40:47","modified_gmt":"2025-10-15T06:40:47","slug":"centrale-de-refrigeration-intarcube-scroll-a2l","status":"publish","type":"product","link":"https:\/\/www.intarcon.com\/fr\/produit\/centrale-de-refrigeration-intarcube-scroll-a2l\/","title":{"rendered":"intarCUBE Scroll A2L"},"content":{"rendered":"<p data-start=\"56\" data-end=\"366\">La <strong data-start=\"388\" data-end=\"431\">centrale de r\u00e9frig\u00e9ration intarCUBE Scroll A2L<\/strong> est une <strong data-start=\"704\" data-end=\"742\"><a href=\"https:\/\/www.intarcon.com\/fr\/technologie\/a2l\/centrales-de-refrigeration-a2l\/\">centrale de r\u00e9frig\u00e9ration <\/a><\/strong>compacte, \u00e9quip\u00e9e d\u2019un compresseur scroll et d\u2019un syst\u00e8me de condensation axiale. Con\u00e7ue sp\u00e9cialement pour les <strong data-start=\"845\" data-end=\"874\">applications commerciales<\/strong>, elle offre une solution id\u00e9ale pour les installations de <strong data-start=\"933\" data-end=\"953\">froid centralis\u00e9<\/strong> en <strong data-start=\"957\" data-end=\"989\">moyenne et basse temp\u00e9rature<\/strong>.<\/p>\n<p><img fetchpriority=\"high\" decoding=\"async\" class=\"alignnone size-full wp-image-96415\" src=\"https:\/\/www.intarcon.com\/wp-content\/uploads\/recursos-products\/FR-Supermencados-DV-A2L.webp\" alt=\"\" width=\"1280\" height=\"720\" \/><\/p>\n<h3>NOUVELLE R\u00c9GLEMENTATION \u00c9LECTRONIQUE<\/h3>\n<p data-start=\"1138\" data-end=\"1470\">La nouvelle gamme intarCUBE A2L int\u00e8gre un <strong data-start=\"1181\" data-end=\"1228\">bo\u00eetier \u00e9lectronique de derni\u00e8re g\u00e9n\u00e9ration<\/strong>, con\u00e7u pour am\u00e9liorer l\u2019<strong data-start=\"1253\" data-end=\"1279\">efficacit\u00e9 \u00e9nerg\u00e9tique<\/strong> et la pr\u00e9cision du syst\u00e8me. Ce module intelligent contr\u00f4le automatiquement les compresseurs, ventilateurs et composants auxiliaires, en s\u2019adaptant aux conditions de fonctionnement r\u00e9elles.<\/p>\n<p data-start=\"1472\" data-end=\"1649\">Gr\u00e2ce au <strong data-start=\"1481\" data-end=\"1505\">compresseur INVERTER<\/strong>, la centrale ajuste la capacit\u00e9 frigorifique en continu, assurant une stabilit\u00e9 optimale et une r\u00e9duction notable de la consommation d\u2019\u00e9nergie.<\/p>\n<h3>INNOVATIONS M\u00c9CANIQUES ET FRIGORIFIQUES DE LA CENTRALE DE R\u00c9FRIG\u00c9RATION intarCUBE Scroll A2L<\/h3>\n<p>Le nouvel intarCUBE A2L a tout pour plaire. Parmi ses principales innovations, on peut citer :<\/p>\n<ul>\n<li>Compatibilit\u00e9 avec les r\u00e9frig\u00e9rants R-455A et R-454C.<\/li>\n<li>S\u00e9parateur d&#8217;huile de s\u00e9rie.<\/li>\n<li>Compresseurs Scroll, avec injection de liquide \u00e0 basse temp\u00e9rature.<\/li>\n<li>Ventilateurs \u00e9lectroniques de 500 mm (7 000 m\u00b3\/h) pour une condensation optimis\u00e9e.<\/li>\n<li>Batterie \u00e0 microcanaux avec protection anticorrosion de s\u00e9rie.<\/li>\n<li>Filtre compact et voyant en ligne de liquide.<\/li>\n<li>Manom\u00e8tres avec \u00e9chelles sp\u00e9cifiques pour R-455A et R-454C (ros\u00e9e et bulle).<\/li>\n<li>Vannes Rotalock et r\u00e9sistances de carter sur tous les compresseurs.<\/li>\n<li>Chaudi\u00e8re avec soupape de s\u00e9curit\u00e9 tar\u00e9e \u00e0 31 bars.<\/li>\n<li>Soupape de s\u00e9curit\u00e9 basse tar\u00e9e \u00e0 20 bars.<\/li>\n<\/ul>\n","protected":false},"excerpt":{"rendered":"<h2 style=\"color: #999999; font-size: 18px; margin-bottom: 0px;\">Centrale de r\u00e9frig\u00e9ration compacte<\/h2>\n<p>Centrales de r\u00e9frig\u00e9ration ultra-compact et insonoris\u00e9 avec contr\u00f4le progressif de la capacit\u00e9 pour la r\u00e9frig\u00e9ration commerciale centralis\u00e9e.<\/p>\n<p>Solution \u00e1 faible impact environnemental.<\/p>\n<style>.elementor-widget-button .elementor-button{background-color:var( --e-global-color-accent );}.elementor-29436 .elementor-element.elementor-element-2d8b95e .elementor-button{background-color:#0085BB;font-family:\"Roboto\", Montserrat;font-size:1.1em;font-weight:600;text-decoration:none;fill:#FFFFFF;color:#FFFFFF;border-style:solid;border-width:2px 2px 2px 2px;border-color:#0085BB;border-radius:33px 33px 33px 33px;padding:14px 20px 14px 20px;}.elementor-29436 .elementor-element.elementor-element-2d8b95e .elementor-button:hover, .elementor-29436 .elementor-element.elementor-element-2d8b95e .elementor-button:focus{background-color:#FFFFFF;color:#0085BB;border-color:#0085BB;}.elementor-29436 .elementor-element.elementor-element-2d8b95e > .elementor-widget-container{margin:2% 0% 1% 0%;}.elementor-29436 .elementor-element.elementor-element-2d8b95e .elementor-button:hover svg, .elementor-29436 .elementor-element.elementor-element-2d8b95e .elementor-button:focus svg{fill:#0085BB;}@media(max-width:767px){.elementor-29436 .elementor-element.elementor-element-2d8b95e > .elementor-widget-container{margin:-20px 0px 50px 0px;}}<\/style><div class=\"porto-block\" data-id=\"29436\">\t\t<div data-elementor-type=\"wp-post\" data-elementor-id=\"29436\" class=\"elementor elementor-29436 elementor-29420\" data-elementor-post-type=\"porto_builder\">\n\t\t\t\t\t\t<section class=\"elementor-section elementor-top-section elementor-element elementor-element-4601687 elementor-section-boxed elementor-section-height-default elementor-section-height-default\" data-id=\"4601687\" data-element_type=\"section\">\r\n\t\t\r\n\t\t\t\t\t\t\t<div class=\"elementor-container elementor-column-gap-default\">\r\n\t\t\t\t\t\t\t\t\t\t\t<div class=\"elementor-column elementor-col-100 elementor-top-column elementor-element elementor-element-7f3a8ac\" data-id=\"7f3a8ac\" data-element_type=\"column\">\r\n\t\t\t\t\t<div class=\"elementor-widget-wrap elementor-element-populated\">\r\n\t\t\t\t\t\t\t\t<div class=\"elementor-element elementor-element-2d8b95e elementor-align-left elementor-widget elementor-widget-button\" data-id=\"2d8b95e\" data-element_type=\"widget\" data-widget_type=\"button.default\">\n\t\t\t\t<div class=\"elementor-widget-container\">\n\t\t\t\t\t\t\t\t\t<div class=\"elementor-button-wrapper\">\n\t\t\t\t\t<a class=\"elementor-button elementor-button-link elementor-size-md\" href=\"https:\/\/www.intarcon.com\/fr\/conseils-techniques\/\">\n\t\t\t\t\t\t<span class=\"elementor-button-content-wrapper\">\n\t\t\t\t\t\t\t\t\t<span class=\"elementor-button-text\">Demande conseils techniques<\/span>\n\t\t\t\t\t<\/span>\n\t\t\t\t\t<\/a>\n\t\t\t\t<\/div>\n\t\t\t\t\t\t\t\t<\/div>\n\t\t\t\t<\/div>\n\t\t\t\t\t<\/div>\r\n\t\t\t\t<\/div>\r\n\t\t\t\t\t<\/div>\r\n\t\t\t\t<\/section>\r\n\t\t\t\t<\/div>\n\t\t<\/div>\n","protected":false},"featured_media":96976,"template":"","meta":[],"product_brand":[],"product_cat":[706,707],"product_tag":[],"class_list":{"0":"post-95840","1":"product","2":"type-product","3":"status-publish","4":"has-post-thumbnail","6":"product_cat-a2l","7":"product_cat-centrales-de-refrigeration-a2l","9":"first","10":"instock","11":"featured","12":"shipping-taxable","13":"product-type-simple"},"yoast_head":"<!-- This site is optimized with the Yoast SEO plugin v25.5 - https:\/\/yoast.com\/wordpress\/plugins\/seo\/ -->\n<title>Centrale de r\u00e9frig\u00e9ration intarCUBE Scroll A2L \u00e9co-efficiente - INTARCON<\/title>\n<meta name=\"description\" content=\"Centrale de r\u00e9frig\u00e9ration intarCUBE Scroll A2L, compacte et \u00e0 faible impact environnemental, id\u00e9ale pour le froid commercial R-455A et R-454C.\" \/>\n<meta name=\"robots\" content=\"index, follow, max-snippet:-1, max-image-preview:large, max-video-preview:-1\" \/>\n<link rel=\"canonical\" href=\"https:\/\/www.intarcon.com\/fr\/produit\/centrale-de-refrigeration-intarcube-scroll-a2l\/\" \/>\n<meta property=\"og:locale\" content=\"fr_FR\" \/>\n<meta property=\"og:type\" content=\"article\" \/>\n<meta property=\"og:title\" content=\"Centrale de r\u00e9frig\u00e9ration intarCUBE Scroll A2L \u00e9co-efficiente - INTARCON\" \/>\n<meta property=\"og:description\" content=\"Centrale de r\u00e9frig\u00e9ration intarCUBE Scroll A2L, compacte et \u00e0 faible impact environnemental, id\u00e9ale pour le froid commercial R-455A et R-454C.\" \/>\n<meta property=\"og:url\" content=\"https:\/\/www.intarcon.com\/fr\/produit\/centrale-de-refrigeration-intarcube-scroll-a2l\/\" \/>\n<meta property=\"og:site_name\" content=\"INTARCON\" \/>\n<meta property=\"article:publisher\" content=\"https:\/\/www.facebook.com\/intarcon\/\" \/>\n<meta property=\"article:modified_time\" content=\"2025-10-15T06:40:47+00:00\" \/>\n<meta property=\"og:image\" content=\"https:\/\/www.intarcon.com\/wp-content\/uploads\/2025\/07\/Equipo_DV-SN-7_IZQ.webp\" \/>\n\t<meta property=\"og:image:width\" content=\"2000\" \/>\n\t<meta property=\"og:image:height\" content=\"2000\" \/>\n\t<meta property=\"og:image:type\" content=\"image\/webp\" \/>\n<meta name=\"twitter:card\" content=\"summary_large_image\" \/>\n<meta name=\"twitter:site\" content=\"@Intarcon\" \/>\n<meta name=\"twitter:label1\" content=\"Est. reading time\" \/>\n\t<meta name=\"twitter:data1\" content=\"1 minute\" \/>\n<script type=\"application\/ld+json\" class=\"yoast-schema-graph\">{\"@context\":\"https:\/\/schema.org\",\"@graph\":[{\"@type\":\"WebPage\",\"@id\":\"https:\/\/www.intarcon.com\/fr\/produit\/centrale-de-refrigeration-intarcube-scroll-a2l\/\",\"url\":\"https:\/\/www.intarcon.com\/fr\/produit\/centrale-de-refrigeration-intarcube-scroll-a2l\/\",\"name\":\"Centrale de r\u00e9frig\u00e9ration intarCUBE Scroll A2L \u00e9co-efficiente - INTARCON\",\"isPartOf\":{\"@id\":\"https:\/\/www.intarcon.com\/fr\/#website\"},\"primaryImageOfPage\":{\"@id\":\"https:\/\/www.intarcon.com\/fr\/produit\/centrale-de-refrigeration-intarcube-scroll-a2l\/#primaryimage\"},\"image\":{\"@id\":\"https:\/\/www.intarcon.com\/fr\/produit\/centrale-de-refrigeration-intarcube-scroll-a2l\/#primaryimage\"},\"thumbnailUrl\":\"https:\/\/www.intarcon.com\/wp-content\/uploads\/2025\/07\/Equipo_DV-SN-7_IZQ.webp\",\"datePublished\":\"2025-07-24T07:32:01+00:00\",\"dateModified\":\"2025-10-15T06:40:47+00:00\",\"description\":\"Centrale de r\u00e9frig\u00e9ration intarCUBE Scroll A2L, compacte et \u00e0 faible impact environnemental, id\u00e9ale pour le froid commercial R-455A et R-454C.\",\"breadcrumb\":{\"@id\":\"https:\/\/www.intarcon.com\/fr\/produit\/centrale-de-refrigeration-intarcube-scroll-a2l\/#breadcrumb\"},\"inLanguage\":\"fr\",\"potentialAction\":[{\"@type\":\"ReadAction\",\"target\":[\"https:\/\/www.intarcon.com\/fr\/produit\/centrale-de-refrigeration-intarcube-scroll-a2l\/\"]}]},{\"@type\":\"ImageObject\",\"inLanguage\":\"fr\",\"@id\":\"https:\/\/www.intarcon.com\/fr\/produit\/centrale-de-refrigeration-intarcube-scroll-a2l\/#primaryimage\",\"url\":\"https:\/\/www.intarcon.com\/wp-content\/uploads\/2025\/07\/Equipo_DV-SN-7_IZQ.webp\",\"contentUrl\":\"https:\/\/www.intarcon.com\/wp-content\/uploads\/2025\/07\/Equipo_DV-SN-7_IZQ.webp\",\"width\":2000,\"height\":2000},{\"@type\":\"BreadcrumbList\",\"@id\":\"https:\/\/www.intarcon.com\/fr\/produit\/centrale-de-refrigeration-intarcube-scroll-a2l\/#breadcrumb\",\"itemListElement\":[{\"@type\":\"ListItem\",\"position\":1,\"name\":\"Portada\",\"item\":\"https:\/\/www.intarcon.com\/fr\/\"},{\"@type\":\"ListItem\",\"position\":2,\"name\":\"Producto\",\"item\":\"https:\/\/www.intarcon.com\/producto\/\"},{\"@type\":\"ListItem\",\"position\":3,\"name\":\"A2L\",\"item\":\"https:\/\/www.intarcon.com\/fr\/technologie\/a2l\/\"},{\"@type\":\"ListItem\",\"position\":4,\"name\":\"intarCUBE Scroll A2L\"}]},{\"@type\":\"WebSite\",\"@id\":\"https:\/\/www.intarcon.com\/fr\/#website\",\"url\":\"https:\/\/www.intarcon.com\/fr\/\",\"name\":\"INTARCON\",\"description\":\"\",\"potentialAction\":[{\"@type\":\"SearchAction\",\"target\":{\"@type\":\"EntryPoint\",\"urlTemplate\":\"https:\/\/www.intarcon.com\/fr\/?s={search_term_string}\"},\"query-input\":{\"@type\":\"PropertyValueSpecification\",\"valueRequired\":true,\"valueName\":\"search_term_string\"}}],\"inLanguage\":\"fr\"}]}<\/script>\n<!-- \/ Yoast SEO plugin. -->","yoast_head_json":{"title":"Centrale de r\u00e9frig\u00e9ration intarCUBE Scroll A2L \u00e9co-efficiente - INTARCON","description":"Centrale de r\u00e9frig\u00e9ration intarCUBE Scroll A2L, compacte et \u00e0 faible impact environnemental, id\u00e9ale pour le froid commercial R-455A et R-454C.","robots":{"index":"index","follow":"follow","max-snippet":"max-snippet:-1","max-image-preview":"max-image-preview:large","max-video-preview":"max-video-preview:-1"},"canonical":"https:\/\/www.intarcon.com\/fr\/produit\/centrale-de-refrigeration-intarcube-scroll-a2l\/","og_locale":"fr_FR","og_type":"article","og_title":"Centrale de r\u00e9frig\u00e9ration intarCUBE Scroll A2L \u00e9co-efficiente - INTARCON","og_description":"Centrale de r\u00e9frig\u00e9ration intarCUBE Scroll A2L, compacte et \u00e0 faible impact environnemental, id\u00e9ale pour le froid commercial R-455A et R-454C.","og_url":"https:\/\/www.intarcon.com\/fr\/produit\/centrale-de-refrigeration-intarcube-scroll-a2l\/","og_site_name":"INTARCON","article_publisher":"https:\/\/www.facebook.com\/intarcon\/","article_modified_time":"2025-10-15T06:40:47+00:00","og_image":[{"width":2000,"height":2000,"url":"https:\/\/www.intarcon.com\/wp-content\/uploads\/2025\/07\/Equipo_DV-SN-7_IZQ.webp","type":"image\/webp"}],"twitter_card":"summary_large_image","twitter_site":"@Intarcon","twitter_misc":{"Est. reading time":"1 minute"},"schema":{"@context":"https:\/\/schema.org","@graph":[{"@type":"WebPage","@id":"https:\/\/www.intarcon.com\/fr\/produit\/centrale-de-refrigeration-intarcube-scroll-a2l\/","url":"https:\/\/www.intarcon.com\/fr\/produit\/centrale-de-refrigeration-intarcube-scroll-a2l\/","name":"Centrale de r\u00e9frig\u00e9ration intarCUBE Scroll A2L \u00e9co-efficiente - INTARCON","isPartOf":{"@id":"https:\/\/www.intarcon.com\/fr\/#website"},"primaryImageOfPage":{"@id":"https:\/\/www.intarcon.com\/fr\/produit\/centrale-de-refrigeration-intarcube-scroll-a2l\/#primaryimage"},"image":{"@id":"https:\/\/www.intarcon.com\/fr\/produit\/centrale-de-refrigeration-intarcube-scroll-a2l\/#primaryimage"},"thumbnailUrl":"https:\/\/www.intarcon.com\/wp-content\/uploads\/2025\/07\/Equipo_DV-SN-7_IZQ.webp","datePublished":"2025-07-24T07:32:01+00:00","dateModified":"2025-10-15T06:40:47+00:00","description":"Centrale de r\u00e9frig\u00e9ration intarCUBE Scroll A2L, compacte et \u00e0 faible impact environnemental, id\u00e9ale pour le froid commercial R-455A et R-454C.","breadcrumb":{"@id":"https:\/\/www.intarcon.com\/fr\/produit\/centrale-de-refrigeration-intarcube-scroll-a2l\/#breadcrumb"},"inLanguage":"fr","potentialAction":[{"@type":"ReadAction","target":["https:\/\/www.intarcon.com\/fr\/produit\/centrale-de-refrigeration-intarcube-scroll-a2l\/"]}]},{"@type":"ImageObject","inLanguage":"fr","@id":"https:\/\/www.intarcon.com\/fr\/produit\/centrale-de-refrigeration-intarcube-scroll-a2l\/#primaryimage","url":"https:\/\/www.intarcon.com\/wp-content\/uploads\/2025\/07\/Equipo_DV-SN-7_IZQ.webp","contentUrl":"https:\/\/www.intarcon.com\/wp-content\/uploads\/2025\/07\/Equipo_DV-SN-7_IZQ.webp","width":2000,"height":2000},{"@type":"BreadcrumbList","@id":"https:\/\/www.intarcon.com\/fr\/produit\/centrale-de-refrigeration-intarcube-scroll-a2l\/#breadcrumb","itemListElement":[{"@type":"ListItem","position":1,"name":"Portada","item":"https:\/\/www.intarcon.com\/fr\/"},{"@type":"ListItem","position":2,"name":"Producto","item":"https:\/\/www.intarcon.com\/producto\/"},{"@type":"ListItem","position":3,"name":"A2L","item":"https:\/\/www.intarcon.com\/fr\/technologie\/a2l\/"},{"@type":"ListItem","position":4,"name":"intarCUBE Scroll A2L"}]},{"@type":"WebSite","@id":"https:\/\/www.intarcon.com\/fr\/#website","url":"https:\/\/www.intarcon.com\/fr\/","name":"INTARCON","description":"","potentialAction":[{"@type":"SearchAction","target":{"@type":"EntryPoint","urlTemplate":"https:\/\/www.intarcon.com\/fr\/?s={search_term_string}"},"query-input":{"@type":"PropertyValueSpecification","valueRequired":true,"valueName":"search_term_string"}}],"inLanguage":"fr"}]}},"_links":{"self":[{"href":"https:\/\/www.intarcon.com\/fr\/wp-json\/wp\/v2\/product\/95840","targetHints":{"allow":["GET"]}}],"collection":[{"href":"https:\/\/www.intarcon.com\/fr\/wp-json\/wp\/v2\/product"}],"about":[{"href":"https:\/\/www.intarcon.com\/fr\/wp-json\/wp\/v2\/types\/product"}],"version-history":[{"count":0,"href":"https:\/\/www.intarcon.com\/fr\/wp-json\/wp\/v2\/product\/95840\/revisions"}],"wp:featuredmedia":[{"embeddable":true,"href":"https:\/\/www.intarcon.com\/fr\/wp-json\/wp\/v2\/media\/96976"}],"wp:attachment":[{"href":"https:\/\/www.intarcon.com\/fr\/wp-json\/wp\/v2\/media?parent=95840"}],"wp:term":[{"taxonomy":"product_brand","embeddable":true,"href":"https:\/\/www.intarcon.com\/fr\/wp-json\/wp\/v2\/product_brand?post=95840"},{"taxonomy":"product_cat","embeddable":true,"href":"https:\/\/www.intarcon.com\/fr\/wp-json\/wp\/v2\/product_cat?post=95840"},{"taxonomy":"product_tag","embeddable":true,"href":"https:\/\/www.intarcon.com\/fr\/wp-json\/wp\/v2\/product_tag?post=95840"}],"curies":[{"name":"wp","href":"https:\/\/api.w.org\/{rel}","templated":true}]}}