{"id":95829,"date":"2025-07-24T09:33:52","date_gmt":"2025-07-24T07:33:52","guid":{"rendered":"https:\/\/www.intarcon.com\/?post_type=product&#038;p=95829"},"modified":"2025-10-15T08:31:44","modified_gmt":"2025-10-15T06:31:44","slug":"centrale-de-refrigeration-intarcube-scroll-inverter-a2l","status":"publish","type":"product","link":"https:\/\/www.intarcon.com\/fr\/produit\/centrale-de-refrigeration-intarcube-scroll-inverter-a2l\/","title":{"rendered":"intarCUBE Scroll INVERTER A2L"},"content":{"rendered":"<p>La centrale de r\u00e9frig\u00e9ration<strong> intarCUBE Scroll INVERTER A2L<\/strong> est une <a href=\"https:\/\/www.intarcon.com\/fr\/technologie\/a2l\/centrales-de-refrigeration-a2l\/\">centrale de r\u00e9frig\u00e9ration<\/a> compacte, avec compresseur INVERTER et condensation axiale de construction compacte, pour moyenne et basse temp\u00e9rature. Gr\u00e2ce \u00e0 sa conception efficace, elle est id\u00e9ale pour les applications de refroidissement commercial centralis\u00e9 jusqu&#8217;\u00e0 40 kW. De plus, elle est compatible avec le R-455A ou le R-454C.<\/p>\n<p><img fetchpriority=\"high\" decoding=\"async\" class=\"alignnone size-full wp-image-96415\" src=\"https:\/\/www.intarcon.com\/wp-content\/uploads\/recursos-products\/FR-Supermencados-DV-A2L.webp\" alt=\"\" width=\"1280\" height=\"720\" \/><\/p>\n<h3>NOUVELLE R\u00c9GLEMENTATION \u00c9LECTRONIQUE<\/h3>\n<p>La nouvelle gamme intarCUBE A2L int\u00e8gre un bo\u00eetier \u00e9lectronique de derni\u00e8re g\u00e9n\u00e9ration qui am\u00e9liore consid\u00e9rablement l&#8217;efficacit\u00e9 op\u00e9rationnelle du syst\u00e8me.<\/p>\n<p>Cette nouvelle commande permet non seulement une gestion pr\u00e9cise des compresseurs, des ventilateurs et des autres \u00e9l\u00e9ments de l&#8217;\u00e9quipement, mais adapte \u00e9galement leur fonctionnement aux conditions r\u00e9elles de travail. Ainsi, le syst\u00e8me g\u00e8re intelligemment les d\u00e9marrages et les s\u00e9quences des compresseurs, en utilisant le compresseur INVERTER pour moduler la capacit\u00e9 frigorifique avec une efficacit\u00e9 et une stabilit\u00e9 maximales.<\/p>\n<h3>INNOVATIONS M\u00c9CANIQUES ET FRIGORIFIQUES DE LA CENTRALE DE R\u00c9FRIG\u00c9RATION intarCUBE Scroll INVERTER A2L<\/h3>\n<p>Le nouveau intarCUBE Scroll INVERTER A2L int\u00e8gre un ensemble d&#8217;innovations techniques qui am\u00e9liorent ses performances et sa fiabilit\u00e9. Parmi ses principales caract\u00e9ristiques, on peut citer :<\/p>\n<ul>\n<li>Compatibilit\u00e9 avec les r\u00e9frig\u00e9rants R-455A et R-454C.<\/li>\n<li>S\u00e9parateur d&#8217;huile de s\u00e9rie.<\/li>\n<li>Compresseurs Scroll, dont un INVERTER, avec injection de liquide \u00e0 basse temp\u00e9rature.<\/li>\n<li>Ventilateurs \u00e9lectroniques de 500 mm (7 000 m\u00b3\/h) pour une condensation optimis\u00e9e.<\/li>\n<li>Injection \u00e9lectronique d&#8217;huile dans la version Inverter.<\/li>\n<li>Batterie \u00e0 microcanaux avec protection anticorrosion de s\u00e9rie.<\/li>\n<li>Filtre compact et voyant en ligne de liquide.<\/li>\n<li>Manom\u00e8tres avec \u00e9chelles sp\u00e9cifiques pour R-455A et R-454C (ruissellement et bulle).<\/li>\n<li>Vannes Rotalock et r\u00e9sistances de carter sur tous les compresseurs.<\/li>\n<li>Chaudi\u00e8re avec soupape de s\u00e9curit\u00e9 tar\u00e9e \u00e0 31 bars.<\/li>\n<li>Soupape de s\u00e9curit\u00e9 basse tar\u00e9e \u00e0 20 bars.<\/li>\n<\/ul>\n<h3>TABLEAU \u00c9LECTRIQUE<\/h3>\n<ul>\n<li>Le tableau \u00e9lectronique de la nouvelle gamme intarCUBE A2L se caract\u00e9rise par :<\/li>\n<li>Spacieux et accessible, avec protection IP54.<\/li>\n<li>Diff\u00e9rentiels et disjoncteurs magn\u00e9to-thermiques ind\u00e9pendants par compresseur et ventilateur, avec relais thermique et r\u00e9armement automatique.<\/li>\n<li>Relais de contr\u00f4le de tension et de d\u00e9faut de phase de s\u00e9rie.<\/li>\n<li>Protections d\u00e9di\u00e9es pour le contr\u00f4le et les auxiliaires (r\u00e9sistances, ventilateurs du tableau, voyants).<\/li>\n<li>Ventilation et thermostat \u00e0 l&#8217;int\u00e9rieur du tableau.<\/li>\n<li>Variateur de fr\u00e9quence ABB.<\/li>\n<li>Man\u0153uvre d&#8217;urgence de s\u00e9rie, avec passage automatique dans toutes les s\u00e9ries.<\/li>\n<\/ul>\n","protected":false},"excerpt":{"rendered":"<h2 style=\"color: #999999; font-size: 18px; margin-bottom: 0px;\">Centrale de r\u00e9frig\u00e9ration avec compresseur INVERTER<\/h2>\n<p>Centrales de r\u00e9frig\u00e9ration con\u00e7ue pour offrir efficacit\u00e9 \u00e9nerg\u00e9tique, s\u00e9curit\u00e9 et facilit\u00e9 d&#8217;entretien.<\/p>\n<p>Solution \u00e1 faible impact environnemental.<\/p>\n<style>.elementor-widget-button .elementor-button{background-color:var( --e-global-color-accent );}.elementor-29436 .elementor-element.elementor-element-2d8b95e .elementor-button{background-color:#0085BB;font-family:\"Roboto\", Montserrat;font-size:1.1em;font-weight:600;text-decoration:none;fill:#FFFFFF;color:#FFFFFF;border-style:solid;border-width:2px 2px 2px 2px;border-color:#0085BB;border-radius:33px 33px 33px 33px;padding:14px 20px 14px 20px;}.elementor-29436 .elementor-element.elementor-element-2d8b95e .elementor-button:hover, .elementor-29436 .elementor-element.elementor-element-2d8b95e .elementor-button:focus{background-color:#FFFFFF;color:#0085BB;border-color:#0085BB;}.elementor-29436 .elementor-element.elementor-element-2d8b95e > .elementor-widget-container{margin:2% 0% 1% 0%;}.elementor-29436 .elementor-element.elementor-element-2d8b95e .elementor-button:hover svg, .elementor-29436 .elementor-element.elementor-element-2d8b95e .elementor-button:focus svg{fill:#0085BB;}@media(max-width:767px){.elementor-29436 .elementor-element.elementor-element-2d8b95e > .elementor-widget-container{margin:-20px 0px 50px 0px;}}<\/style><div class=\"porto-block\" data-id=\"29436\">\t\t<div data-elementor-type=\"wp-post\" data-elementor-id=\"29436\" class=\"elementor elementor-29436 elementor-29420\" data-elementor-post-type=\"porto_builder\">\n\t\t\t\t\t\t<section class=\"elementor-section elementor-top-section elementor-element elementor-element-4601687 elementor-section-boxed elementor-section-height-default elementor-section-height-default\" data-id=\"4601687\" data-element_type=\"section\">\r\n\t\t\r\n\t\t\t\t\t\t\t<div class=\"elementor-container elementor-column-gap-default\">\r\n\t\t\t\t\t\t\t\t\t\t\t<div class=\"elementor-column elementor-col-100 elementor-top-column elementor-element elementor-element-7f3a8ac\" data-id=\"7f3a8ac\" data-element_type=\"column\">\r\n\t\t\t\t\t<div class=\"elementor-widget-wrap elementor-element-populated\">\r\n\t\t\t\t\t\t\t\t<div class=\"elementor-element elementor-element-2d8b95e elementor-align-left elementor-widget elementor-widget-button\" data-id=\"2d8b95e\" data-element_type=\"widget\" data-widget_type=\"button.default\">\n\t\t\t\t<div class=\"elementor-widget-container\">\n\t\t\t\t\t\t\t\t\t<div class=\"elementor-button-wrapper\">\n\t\t\t\t\t<a class=\"elementor-button elementor-button-link elementor-size-md\" href=\"https:\/\/www.intarcon.com\/fr\/conseils-techniques\/\">\n\t\t\t\t\t\t<span class=\"elementor-button-content-wrapper\">\n\t\t\t\t\t\t\t\t\t<span class=\"elementor-button-text\">Demande conseils techniques<\/span>\n\t\t\t\t\t<\/span>\n\t\t\t\t\t<\/a>\n\t\t\t\t<\/div>\n\t\t\t\t\t\t\t\t<\/div>\n\t\t\t\t<\/div>\n\t\t\t\t\t<\/div>\r\n\t\t\t\t<\/div>\r\n\t\t\t\t\t<\/div>\r\n\t\t\t\t<\/section>\r\n\t\t\t\t<\/div>\n\t\t<\/div>\n","protected":false},"featured_media":96892,"template":"","meta":[],"product_brand":[],"product_cat":[706,707],"product_tag":[],"class_list":{"0":"post-95829","1":"product","2":"type-product","3":"status-publish","4":"has-post-thumbnail","6":"product_cat-a2l","7":"product_cat-centrales-de-refrigeration-a2l","9":"first","10":"instock","11":"featured","12":"shipping-taxable","13":"product-type-simple"},"yoast_head":"<!-- This site is optimized with the Yoast SEO plugin v25.5 - https:\/\/yoast.com\/wordpress\/plugins\/seo\/ -->\n<title>Centrale de r\u00e9frig\u00e9ration intarCUBE Scroll INVERTER A2L - INTARCON<\/title>\n<meta name=\"description\" content=\"Centrale de r\u00e9frig\u00e9ration intarCUBE Scroll INVERTER A2L, \u00e9co-efficiente et \u00e0 faible impact environnemental, compatible R-455A et R-454C.\" \/>\n<meta name=\"robots\" content=\"index, follow, max-snippet:-1, max-image-preview:large, max-video-preview:-1\" \/>\n<link rel=\"canonical\" href=\"https:\/\/www.intarcon.com\/fr\/produit\/centrale-de-refrigeration-intarcube-scroll-inverter-a2l\/\" \/>\n<meta property=\"og:locale\" content=\"fr_FR\" \/>\n<meta property=\"og:type\" content=\"article\" \/>\n<meta property=\"og:title\" content=\"Centrale de r\u00e9frig\u00e9ration intarCUBE Scroll INVERTER A2L - INTARCON\" \/>\n<meta property=\"og:description\" content=\"Centrale de r\u00e9frig\u00e9ration intarCUBE Scroll INVERTER A2L, \u00e9co-efficiente et \u00e0 faible impact environnemental, compatible R-455A et R-454C.\" \/>\n<meta property=\"og:url\" content=\"https:\/\/www.intarcon.com\/fr\/produit\/centrale-de-refrigeration-intarcube-scroll-inverter-a2l\/\" \/>\n<meta property=\"og:site_name\" content=\"INTARCON\" \/>\n<meta property=\"article:publisher\" content=\"https:\/\/www.facebook.com\/intarcon\/\" \/>\n<meta property=\"article:modified_time\" content=\"2025-10-15T06:31:44+00:00\" \/>\n<meta property=\"og:image\" content=\"https:\/\/www.intarcon.com\/wp-content\/uploads\/2025\/07\/Equipo_DV-YN-7_IZQ.png\" \/>\n\t<meta property=\"og:image:width\" content=\"2000\" \/>\n\t<meta property=\"og:image:height\" content=\"2000\" \/>\n\t<meta property=\"og:image:type\" content=\"image\/png\" \/>\n<meta name=\"twitter:card\" content=\"summary_large_image\" \/>\n<meta name=\"twitter:site\" content=\"@Intarcon\" \/>\n<meta name=\"twitter:label1\" content=\"Est. reading time\" \/>\n\t<meta name=\"twitter:data1\" content=\"1 minute\" \/>\n<script type=\"application\/ld+json\" class=\"yoast-schema-graph\">{\"@context\":\"https:\/\/schema.org\",\"@graph\":[{\"@type\":\"WebPage\",\"@id\":\"https:\/\/www.intarcon.com\/fr\/produit\/centrale-de-refrigeration-intarcube-scroll-inverter-a2l\/\",\"url\":\"https:\/\/www.intarcon.com\/fr\/produit\/centrale-de-refrigeration-intarcube-scroll-inverter-a2l\/\",\"name\":\"Centrale de r\u00e9frig\u00e9ration intarCUBE Scroll INVERTER A2L - INTARCON\",\"isPartOf\":{\"@id\":\"https:\/\/www.intarcon.com\/fr\/#website\"},\"primaryImageOfPage\":{\"@id\":\"https:\/\/www.intarcon.com\/fr\/produit\/centrale-de-refrigeration-intarcube-scroll-inverter-a2l\/#primaryimage\"},\"image\":{\"@id\":\"https:\/\/www.intarcon.com\/fr\/produit\/centrale-de-refrigeration-intarcube-scroll-inverter-a2l\/#primaryimage\"},\"thumbnailUrl\":\"https:\/\/www.intarcon.com\/wp-content\/uploads\/2025\/07\/Equipo_DV-YN-7_IZQ.png\",\"datePublished\":\"2025-07-24T07:33:52+00:00\",\"dateModified\":\"2025-10-15T06:31:44+00:00\",\"description\":\"Centrale de r\u00e9frig\u00e9ration intarCUBE Scroll INVERTER A2L, \u00e9co-efficiente et \u00e0 faible impact environnemental, compatible R-455A et R-454C.\",\"breadcrumb\":{\"@id\":\"https:\/\/www.intarcon.com\/fr\/produit\/centrale-de-refrigeration-intarcube-scroll-inverter-a2l\/#breadcrumb\"},\"inLanguage\":\"fr\",\"potentialAction\":[{\"@type\":\"ReadAction\",\"target\":[\"https:\/\/www.intarcon.com\/fr\/produit\/centrale-de-refrigeration-intarcube-scroll-inverter-a2l\/\"]}]},{\"@type\":\"ImageObject\",\"inLanguage\":\"fr\",\"@id\":\"https:\/\/www.intarcon.com\/fr\/produit\/centrale-de-refrigeration-intarcube-scroll-inverter-a2l\/#primaryimage\",\"url\":\"https:\/\/www.intarcon.com\/wp-content\/uploads\/2025\/07\/Equipo_DV-YN-7_IZQ.png\",\"contentUrl\":\"https:\/\/www.intarcon.com\/wp-content\/uploads\/2025\/07\/Equipo_DV-YN-7_IZQ.png\",\"width\":2000,\"height\":2000,\"caption\":\"intarCUBE A2L INVERTER\"},{\"@type\":\"BreadcrumbList\",\"@id\":\"https:\/\/www.intarcon.com\/fr\/produit\/centrale-de-refrigeration-intarcube-scroll-inverter-a2l\/#breadcrumb\",\"itemListElement\":[{\"@type\":\"ListItem\",\"position\":1,\"name\":\"Portada\",\"item\":\"https:\/\/www.intarcon.com\/fr\/\"},{\"@type\":\"ListItem\",\"position\":2,\"name\":\"Producto\",\"item\":\"https:\/\/www.intarcon.com\/producto\/\"},{\"@type\":\"ListItem\",\"position\":3,\"name\":\"A2L\",\"item\":\"https:\/\/www.intarcon.com\/fr\/technologie\/a2l\/\"},{\"@type\":\"ListItem\",\"position\":4,\"name\":\"intarCUBE Scroll INVERTER A2L\"}]},{\"@type\":\"WebSite\",\"@id\":\"https:\/\/www.intarcon.com\/fr\/#website\",\"url\":\"https:\/\/www.intarcon.com\/fr\/\",\"name\":\"INTARCON\",\"description\":\"\",\"potentialAction\":[{\"@type\":\"SearchAction\",\"target\":{\"@type\":\"EntryPoint\",\"urlTemplate\":\"https:\/\/www.intarcon.com\/fr\/?s={search_term_string}\"},\"query-input\":{\"@type\":\"PropertyValueSpecification\",\"valueRequired\":true,\"valueName\":\"search_term_string\"}}],\"inLanguage\":\"fr\"}]}<\/script>\n<!-- \/ Yoast SEO plugin. -->","yoast_head_json":{"title":"Centrale de r\u00e9frig\u00e9ration intarCUBE Scroll INVERTER A2L - INTARCON","description":"Centrale de r\u00e9frig\u00e9ration intarCUBE Scroll INVERTER A2L, \u00e9co-efficiente et \u00e0 faible impact environnemental, compatible R-455A et R-454C.","robots":{"index":"index","follow":"follow","max-snippet":"max-snippet:-1","max-image-preview":"max-image-preview:large","max-video-preview":"max-video-preview:-1"},"canonical":"https:\/\/www.intarcon.com\/fr\/produit\/centrale-de-refrigeration-intarcube-scroll-inverter-a2l\/","og_locale":"fr_FR","og_type":"article","og_title":"Centrale de r\u00e9frig\u00e9ration intarCUBE Scroll INVERTER A2L - INTARCON","og_description":"Centrale de r\u00e9frig\u00e9ration intarCUBE Scroll INVERTER A2L, \u00e9co-efficiente et \u00e0 faible impact environnemental, compatible R-455A et R-454C.","og_url":"https:\/\/www.intarcon.com\/fr\/produit\/centrale-de-refrigeration-intarcube-scroll-inverter-a2l\/","og_site_name":"INTARCON","article_publisher":"https:\/\/www.facebook.com\/intarcon\/","article_modified_time":"2025-10-15T06:31:44+00:00","og_image":[{"width":2000,"height":2000,"url":"https:\/\/www.intarcon.com\/wp-content\/uploads\/2025\/07\/Equipo_DV-YN-7_IZQ.png","type":"image\/png"}],"twitter_card":"summary_large_image","twitter_site":"@Intarcon","twitter_misc":{"Est. reading time":"1 minute"},"schema":{"@context":"https:\/\/schema.org","@graph":[{"@type":"WebPage","@id":"https:\/\/www.intarcon.com\/fr\/produit\/centrale-de-refrigeration-intarcube-scroll-inverter-a2l\/","url":"https:\/\/www.intarcon.com\/fr\/produit\/centrale-de-refrigeration-intarcube-scroll-inverter-a2l\/","name":"Centrale de r\u00e9frig\u00e9ration intarCUBE Scroll INVERTER A2L - INTARCON","isPartOf":{"@id":"https:\/\/www.intarcon.com\/fr\/#website"},"primaryImageOfPage":{"@id":"https:\/\/www.intarcon.com\/fr\/produit\/centrale-de-refrigeration-intarcube-scroll-inverter-a2l\/#primaryimage"},"image":{"@id":"https:\/\/www.intarcon.com\/fr\/produit\/centrale-de-refrigeration-intarcube-scroll-inverter-a2l\/#primaryimage"},"thumbnailUrl":"https:\/\/www.intarcon.com\/wp-content\/uploads\/2025\/07\/Equipo_DV-YN-7_IZQ.png","datePublished":"2025-07-24T07:33:52+00:00","dateModified":"2025-10-15T06:31:44+00:00","description":"Centrale de r\u00e9frig\u00e9ration intarCUBE Scroll INVERTER A2L, \u00e9co-efficiente et \u00e0 faible impact environnemental, compatible R-455A et R-454C.","breadcrumb":{"@id":"https:\/\/www.intarcon.com\/fr\/produit\/centrale-de-refrigeration-intarcube-scroll-inverter-a2l\/#breadcrumb"},"inLanguage":"fr","potentialAction":[{"@type":"ReadAction","target":["https:\/\/www.intarcon.com\/fr\/produit\/centrale-de-refrigeration-intarcube-scroll-inverter-a2l\/"]}]},{"@type":"ImageObject","inLanguage":"fr","@id":"https:\/\/www.intarcon.com\/fr\/produit\/centrale-de-refrigeration-intarcube-scroll-inverter-a2l\/#primaryimage","url":"https:\/\/www.intarcon.com\/wp-content\/uploads\/2025\/07\/Equipo_DV-YN-7_IZQ.png","contentUrl":"https:\/\/www.intarcon.com\/wp-content\/uploads\/2025\/07\/Equipo_DV-YN-7_IZQ.png","width":2000,"height":2000,"caption":"intarCUBE A2L INVERTER"},{"@type":"BreadcrumbList","@id":"https:\/\/www.intarcon.com\/fr\/produit\/centrale-de-refrigeration-intarcube-scroll-inverter-a2l\/#breadcrumb","itemListElement":[{"@type":"ListItem","position":1,"name":"Portada","item":"https:\/\/www.intarcon.com\/fr\/"},{"@type":"ListItem","position":2,"name":"Producto","item":"https:\/\/www.intarcon.com\/producto\/"},{"@type":"ListItem","position":3,"name":"A2L","item":"https:\/\/www.intarcon.com\/fr\/technologie\/a2l\/"},{"@type":"ListItem","position":4,"name":"intarCUBE Scroll INVERTER A2L"}]},{"@type":"WebSite","@id":"https:\/\/www.intarcon.com\/fr\/#website","url":"https:\/\/www.intarcon.com\/fr\/","name":"INTARCON","description":"","potentialAction":[{"@type":"SearchAction","target":{"@type":"EntryPoint","urlTemplate":"https:\/\/www.intarcon.com\/fr\/?s={search_term_string}"},"query-input":{"@type":"PropertyValueSpecification","valueRequired":true,"valueName":"search_term_string"}}],"inLanguage":"fr"}]}},"_links":{"self":[{"href":"https:\/\/www.intarcon.com\/fr\/wp-json\/wp\/v2\/product\/95829","targetHints":{"allow":["GET"]}}],"collection":[{"href":"https:\/\/www.intarcon.com\/fr\/wp-json\/wp\/v2\/product"}],"about":[{"href":"https:\/\/www.intarcon.com\/fr\/wp-json\/wp\/v2\/types\/product"}],"version-history":[{"count":0,"href":"https:\/\/www.intarcon.com\/fr\/wp-json\/wp\/v2\/product\/95829\/revisions"}],"wp:featuredmedia":[{"embeddable":true,"href":"https:\/\/www.intarcon.com\/fr\/wp-json\/wp\/v2\/media\/96892"}],"wp:attachment":[{"href":"https:\/\/www.intarcon.com\/fr\/wp-json\/wp\/v2\/media?parent=95829"}],"wp:term":[{"taxonomy":"product_brand","embeddable":true,"href":"https:\/\/www.intarcon.com\/fr\/wp-json\/wp\/v2\/product_brand?post=95829"},{"taxonomy":"product_cat","embeddable":true,"href":"https:\/\/www.intarcon.com\/fr\/wp-json\/wp\/v2\/product_cat?post=95829"},{"taxonomy":"product_tag","embeddable":true,"href":"https:\/\/www.intarcon.com\/fr\/wp-json\/wp\/v2\/product_tag?post=95829"}],"curies":[{"name":"wp","href":"https:\/\/api.w.org\/{rel}","templated":true}]}}