{"id":9574,"date":"2019-06-26T08:21:16","date_gmt":"2019-06-26T06:21:16","guid":{"rendered":"https:\/\/www.intarcon.com\/wordpress\/producto\/intarblock\/"},"modified":"2022-11-24T13:43:28","modified_gmt":"2022-11-24T11:43:28","slug":"intarblock","status":"publish","type":"product","link":"https:\/\/www.intarcon.com\/fr\/produit\/intarblock\/","title":{"rendered":"intarblock"},"content":{"rendered":"<p>intarblock sont unit\u00e9s monoblocs pour installation \u00e0 paroi pour les petites chambres froides de r\u00e9frig\u00e9ration et de cong\u00e9lation.<\/p>\n<p>La gamme intarblock combine les derni\u00e8res technologies et les solutions traditionnelles de r\u00e9frig\u00e9ration, ayant un design tr\u00e8s compact. Ils ont une grande robustesse ainsi qu\u2019un poids l\u00e9g\u00e8re et une charge de r\u00e9frig\u00e9rant tr\u00e8s serr\u00e9. Les unit\u00e9s sont mont\u00e9es sur un ch\u00e2ssis et une carrosserie de t\u00f4le en acier galvanis\u00e9 \u00e0 peinture polyester.<\/p>\n<p>Chaque unit\u00e9 est optimis\u00e9e et \u00e9prouv\u00e9e pr\u00e9alablement afin de garantir un fonctionnement optime et ininterrompu sous les conditions les plus adverses.<\/p>\n<ul>\n<li>CV-N : Unit\u00e9s monobloc \u00e0 paroi, \u00e0 condensation axiale avec tampon d\u00e9montable compris pour montage \u00e0 cheval.<\/li>\n<li>CV-C : Unit\u00e9s monobloc \u00e0 paroi, \u00e0 condensation centrifuge pour le gainage \u00e0 l\u2019ext\u00e9rieur de l\u2019air chaud de condensation.<\/li>\n<li>CV-I : Unit\u00e9s monobloc intemp\u00e9rie pour l\u2019installation \u00e0 l\u2019ext\u00e9rieur du b\u00e2timent dans de petites chambres froides \u00e0 temp\u00e9rature positive ou n\u00e9gative.<\/li>\n<\/ul>\n<p>Les \u00e9quipes monoblock sont caract\u00e9ris\u00e9s par:<\/p>\n<ul>\n<li>Monobloc avec charge de r\u00e9frig\u00e9rant r\u00e9duite, inf\u00e9rieure \u00e0 2 kg.<\/li>\n<li>Conception tropicalis\u00e9e pour haute temp\u00e9rature ambiante jusqu\u2019\u00e0 45 \u00baC.<\/li>\n<li>D\u00e9tendeur thermostatique.<\/li>\n<li>D\u00e9givrage par gaz chaud avec contr\u00f4le de la temp\u00e9rature.<\/li>\n<li>\u00c9quipement exempt de contr\u00f4le de fuites.<\/li>\n<\/ul>\n<p>&nbsp;<\/p>\n<p><img fetchpriority=\"high\" decoding=\"async\" class=\"size-full wp-image-23530 aligncenter\" src=\"https:\/\/www.intarcon.com\/wp-content\/uploads\/2019\/06\/fr-2021-esquema-instalacion-intarblock-axial.png\" alt=\"fr-2021-esquema-instalacion-intarblock-axial\" width=\"573\" height=\"337\" srcset=\"https:\/\/www.intarcon.com\/wp-content\/uploads\/2019\/06\/fr-2021-esquema-instalacion-intarblock-axial.png 573w, https:\/\/www.intarcon.com\/wp-content\/uploads\/2019\/06\/fr-2021-esquema-instalacion-intarblock-axial-400x235.png 400w, https:\/\/www.intarcon.com\/wp-content\/uploads\/2019\/06\/fr-2021-esquema-instalacion-intarblock-axial-367x216.png 367w\" sizes=\"(max-width: 573px) 100vw, 573px\" \/><\/p>\n<p><img decoding=\"async\" class=\"size-full wp-image-23527 aligncenter\" src=\"https:\/\/www.intarcon.com\/wp-content\/uploads\/2019\/06\/fr-2021-esquema-instalacion-intarblock-centrifuga.png\" alt=\"fr-2021-esquema-instalacion-intarblock-centrifuga\" width=\"322\" height=\"166\" \/><\/p>\n","protected":false},"excerpt":{"rendered":"<h2 style=\"color: #999999; font-size: 18px; margin-bottom: 0px;\">\u00c9quipements r\u00e9frig\u00e9ration compacts<\/h2>\n<p>Monoblocs \u00e0 paraoi pour les petites chambres froides de r\u00e9frig\u00e9ration et de cong\u00e9lation.<br \/>\n<style>.elementor-widget-button .elementor-button{background-color:var( --e-global-color-accent );}.elementor-29436 .elementor-element.elementor-element-2d8b95e .elementor-button{background-color:#0085BB;font-family:\"Roboto\", Montserrat;font-size:1.1em;font-weight:600;text-decoration:none;fill:#FFFFFF;color:#FFFFFF;border-style:solid;border-width:2px 2px 2px 2px;border-color:#0085BB;border-radius:33px 33px 33px 33px;padding:14px 20px 14px 20px;}.elementor-29436 .elementor-element.elementor-element-2d8b95e .elementor-button:hover, .elementor-29436 .elementor-element.elementor-element-2d8b95e .elementor-button:focus{background-color:#FFFFFF;color:#0085BB;border-color:#0085BB;}.elementor-29436 .elementor-element.elementor-element-2d8b95e > .elementor-widget-container{margin:2% 0% 1% 0%;}.elementor-29436 .elementor-element.elementor-element-2d8b95e .elementor-button:hover svg, .elementor-29436 .elementor-element.elementor-element-2d8b95e .elementor-button:focus svg{fill:#0085BB;}@media(max-width:767px){.elementor-29436 .elementor-element.elementor-element-2d8b95e > .elementor-widget-container{margin:-20px 0px 50px 0px;}}<\/style><div class=\"porto-block\" data-id=\"29436\">\t\t<div data-elementor-type=\"wp-post\" data-elementor-id=\"29436\" class=\"elementor elementor-29436 elementor-29420\" data-elementor-post-type=\"porto_builder\">\n\t\t\t\t\t\t<section class=\"elementor-section elementor-top-section elementor-element elementor-element-4601687 elementor-section-boxed elementor-section-height-default elementor-section-height-default\" data-id=\"4601687\" data-element_type=\"section\">\r\n\t\t\r\n\t\t\t\t\t\t\t<div class=\"elementor-container elementor-column-gap-default\">\r\n\t\t\t\t\t\t\t\t\t\t\t<div class=\"elementor-column elementor-col-100 elementor-top-column elementor-element elementor-element-7f3a8ac\" data-id=\"7f3a8ac\" data-element_type=\"column\">\r\n\t\t\t\t\t<div class=\"elementor-widget-wrap elementor-element-populated\">\r\n\t\t\t\t\t\t\t\t<div class=\"elementor-element elementor-element-2d8b95e elementor-align-left elementor-widget elementor-widget-button\" data-id=\"2d8b95e\" data-element_type=\"widget\" data-widget_type=\"button.default\">\n\t\t\t\t<div class=\"elementor-widget-container\">\n\t\t\t\t\t\t\t\t\t<div class=\"elementor-button-wrapper\">\n\t\t\t\t\t<a class=\"elementor-button elementor-button-link elementor-size-md\" href=\"https:\/\/www.intarcon.com\/fr\/conseils-techniques\/\">\n\t\t\t\t\t\t<span class=\"elementor-button-content-wrapper\">\n\t\t\t\t\t\t\t\t\t<span class=\"elementor-button-text\">Demande conseils techniques<\/span>\n\t\t\t\t\t<\/span>\n\t\t\t\t\t<\/a>\n\t\t\t\t<\/div>\n\t\t\t\t\t\t\t\t<\/div>\n\t\t\t\t<\/div>\n\t\t\t\t\t<\/div>\r\n\t\t\t\t<\/div>\r\n\t\t\t\t\t<\/div>\r\n\t\t\t\t<\/section>\r\n\t\t\t\t<\/div>\n\t\t<\/div><\/p>\n","protected":false},"featured_media":89421,"template":"","meta":[],"product_brand":[],"product_cat":[602,336,375],"product_tag":[],"class_list":{"0":"post-9574","1":"product","2":"type-product","3":"status-publish","4":"has-post-thumbnail","6":"product_cat-r290","8":"product_cat-unites-monoblocs","10":"first","11":"instock","12":"shipping-taxable","13":"product-type-simple"},"yoast_head":"<!-- This site is optimized with the Yoast SEO plugin v25.5 - https:\/\/yoast.com\/wordpress\/plugins\/seo\/ -->\n<title>intarblock - INTARCON<\/title>\n<meta name=\"description\" content=\"intarblock sont unit\u00e9s monoblocs pour installation \u00e0 paroi pour les petites chambres froides de r\u00e9frig\u00e9ration et de cong\u00e9lation.\" \/>\n<meta name=\"robots\" content=\"index, follow, max-snippet:-1, max-image-preview:large, max-video-preview:-1\" \/>\n<link rel=\"canonical\" href=\"https:\/\/www.intarcon.com\/fr\/produit\/intarblock\/\" \/>\n<meta property=\"og:locale\" content=\"fr_FR\" \/>\n<meta property=\"og:type\" content=\"article\" \/>\n<meta property=\"og:title\" content=\"intarblock - INTARCON\" \/>\n<meta property=\"og:description\" content=\"intarblock sont unit\u00e9s monoblocs pour installation \u00e0 paroi pour les petites chambres froides de r\u00e9frig\u00e9ration et de cong\u00e9lation.\" \/>\n<meta property=\"og:url\" content=\"https:\/\/www.intarcon.com\/fr\/produit\/intarblock\/\" \/>\n<meta property=\"og:site_name\" content=\"INTARCON\" \/>\n<meta property=\"article:publisher\" content=\"https:\/\/www.facebook.com\/intarcon\/\" \/>\n<meta property=\"article:modified_time\" content=\"2022-11-24T11:43:28+00:00\" \/>\n<meta property=\"og:image\" content=\"https:\/\/www.intarcon.com\/wp-content\/uploads\/2019\/06\/equipo-refrigeracion-compacto-pared-intarblock-hfc.webp\" \/>\n\t<meta property=\"og:image:width\" content=\"600\" \/>\n\t<meta property=\"og:image:height\" content=\"600\" \/>\n\t<meta property=\"og:image:type\" content=\"image\/webp\" \/>\n<meta name=\"twitter:card\" content=\"summary_large_image\" \/>\n<meta name=\"twitter:site\" content=\"@Intarcon\" \/>\n<meta name=\"twitter:label1\" content=\"Est. reading time\" \/>\n\t<meta name=\"twitter:data1\" content=\"2 minutes\" \/>\n<script type=\"application\/ld+json\" class=\"yoast-schema-graph\">{\"@context\":\"https:\/\/schema.org\",\"@graph\":[{\"@type\":\"WebPage\",\"@id\":\"https:\/\/www.intarcon.com\/fr\/produit\/intarblock\/\",\"url\":\"https:\/\/www.intarcon.com\/fr\/produit\/intarblock\/\",\"name\":\"intarblock - INTARCON\",\"isPartOf\":{\"@id\":\"https:\/\/www.intarcon.com\/fr\/#website\"},\"primaryImageOfPage\":{\"@id\":\"https:\/\/www.intarcon.com\/fr\/produit\/intarblock\/#primaryimage\"},\"image\":{\"@id\":\"https:\/\/www.intarcon.com\/fr\/produit\/intarblock\/#primaryimage\"},\"thumbnailUrl\":\"https:\/\/www.intarcon.com\/wp-content\/uploads\/2019\/06\/equipo-refrigeracion-compacto-pared-intarblock-hfc.webp\",\"datePublished\":\"2019-06-26T06:21:16+00:00\",\"dateModified\":\"2022-11-24T11:43:28+00:00\",\"description\":\"intarblock sont unit\u00e9s monoblocs pour installation \u00e0 paroi pour les petites chambres froides de r\u00e9frig\u00e9ration et de cong\u00e9lation.\",\"breadcrumb\":{\"@id\":\"https:\/\/www.intarcon.com\/fr\/produit\/intarblock\/#breadcrumb\"},\"inLanguage\":\"fr\",\"potentialAction\":[{\"@type\":\"ReadAction\",\"target\":[\"https:\/\/www.intarcon.com\/fr\/produit\/intarblock\/\"]}]},{\"@type\":\"ImageObject\",\"inLanguage\":\"fr\",\"@id\":\"https:\/\/www.intarcon.com\/fr\/produit\/intarblock\/#primaryimage\",\"url\":\"https:\/\/www.intarcon.com\/wp-content\/uploads\/2019\/06\/equipo-refrigeracion-compacto-pared-intarblock-hfc.webp\",\"contentUrl\":\"https:\/\/www.intarcon.com\/wp-content\/uploads\/2019\/06\/equipo-refrigeracion-compacto-pared-intarblock-hfc.webp\",\"width\":600,\"height\":600,\"caption\":\"Equipo de refrigeraci\u00f3n compacto de pared HFC intarblock - INTARCON\"},{\"@type\":\"BreadcrumbList\",\"@id\":\"https:\/\/www.intarcon.com\/fr\/produit\/intarblock\/#breadcrumb\",\"itemListElement\":[{\"@type\":\"ListItem\",\"position\":1,\"name\":\"Portada\",\"item\":\"https:\/\/www.intarcon.com\/fr\/\"},{\"@type\":\"ListItem\",\"position\":2,\"name\":\"Producto\",\"item\":\"https:\/\/www.intarcon.com\/producto\/\"},{\"@type\":\"ListItem\",\"position\":3,\"name\":\"R290\",\"item\":\"https:\/\/www.intarcon.com\/fr\/technologie\/r290\/\"},{\"@type\":\"ListItem\",\"position\":4,\"name\":\"intarblock\"}]},{\"@type\":\"WebSite\",\"@id\":\"https:\/\/www.intarcon.com\/fr\/#website\",\"url\":\"https:\/\/www.intarcon.com\/fr\/\",\"name\":\"INTARCON\",\"description\":\"\",\"potentialAction\":[{\"@type\":\"SearchAction\",\"target\":{\"@type\":\"EntryPoint\",\"urlTemplate\":\"https:\/\/www.intarcon.com\/fr\/?s={search_term_string}\"},\"query-input\":{\"@type\":\"PropertyValueSpecification\",\"valueRequired\":true,\"valueName\":\"search_term_string\"}}],\"inLanguage\":\"fr\"}]}<\/script>\n<!-- \/ Yoast SEO plugin. -->","yoast_head_json":{"title":"intarblock - INTARCON","description":"intarblock sont unit\u00e9s monoblocs pour installation \u00e0 paroi pour les petites chambres froides de r\u00e9frig\u00e9ration et de cong\u00e9lation.","robots":{"index":"index","follow":"follow","max-snippet":"max-snippet:-1","max-image-preview":"max-image-preview:large","max-video-preview":"max-video-preview:-1"},"canonical":"https:\/\/www.intarcon.com\/fr\/produit\/intarblock\/","og_locale":"fr_FR","og_type":"article","og_title":"intarblock - INTARCON","og_description":"intarblock sont unit\u00e9s monoblocs pour installation \u00e0 paroi pour les petites chambres froides de r\u00e9frig\u00e9ration et de cong\u00e9lation.","og_url":"https:\/\/www.intarcon.com\/fr\/produit\/intarblock\/","og_site_name":"INTARCON","article_publisher":"https:\/\/www.facebook.com\/intarcon\/","article_modified_time":"2022-11-24T11:43:28+00:00","og_image":[{"width":600,"height":600,"url":"https:\/\/www.intarcon.com\/wp-content\/uploads\/2019\/06\/equipo-refrigeracion-compacto-pared-intarblock-hfc.webp","type":"image\/webp"}],"twitter_card":"summary_large_image","twitter_site":"@Intarcon","twitter_misc":{"Est. reading time":"2 minutes"},"schema":{"@context":"https:\/\/schema.org","@graph":[{"@type":"WebPage","@id":"https:\/\/www.intarcon.com\/fr\/produit\/intarblock\/","url":"https:\/\/www.intarcon.com\/fr\/produit\/intarblock\/","name":"intarblock - INTARCON","isPartOf":{"@id":"https:\/\/www.intarcon.com\/fr\/#website"},"primaryImageOfPage":{"@id":"https:\/\/www.intarcon.com\/fr\/produit\/intarblock\/#primaryimage"},"image":{"@id":"https:\/\/www.intarcon.com\/fr\/produit\/intarblock\/#primaryimage"},"thumbnailUrl":"https:\/\/www.intarcon.com\/wp-content\/uploads\/2019\/06\/equipo-refrigeracion-compacto-pared-intarblock-hfc.webp","datePublished":"2019-06-26T06:21:16+00:00","dateModified":"2022-11-24T11:43:28+00:00","description":"intarblock sont unit\u00e9s monoblocs pour installation \u00e0 paroi pour les petites chambres froides de r\u00e9frig\u00e9ration et de cong\u00e9lation.","breadcrumb":{"@id":"https:\/\/www.intarcon.com\/fr\/produit\/intarblock\/#breadcrumb"},"inLanguage":"fr","potentialAction":[{"@type":"ReadAction","target":["https:\/\/www.intarcon.com\/fr\/produit\/intarblock\/"]}]},{"@type":"ImageObject","inLanguage":"fr","@id":"https:\/\/www.intarcon.com\/fr\/produit\/intarblock\/#primaryimage","url":"https:\/\/www.intarcon.com\/wp-content\/uploads\/2019\/06\/equipo-refrigeracion-compacto-pared-intarblock-hfc.webp","contentUrl":"https:\/\/www.intarcon.com\/wp-content\/uploads\/2019\/06\/equipo-refrigeracion-compacto-pared-intarblock-hfc.webp","width":600,"height":600,"caption":"Equipo de refrigeraci\u00f3n compacto de pared HFC intarblock - INTARCON"},{"@type":"BreadcrumbList","@id":"https:\/\/www.intarcon.com\/fr\/produit\/intarblock\/#breadcrumb","itemListElement":[{"@type":"ListItem","position":1,"name":"Portada","item":"https:\/\/www.intarcon.com\/fr\/"},{"@type":"ListItem","position":2,"name":"Producto","item":"https:\/\/www.intarcon.com\/producto\/"},{"@type":"ListItem","position":3,"name":"R290","item":"https:\/\/www.intarcon.com\/fr\/technologie\/r290\/"},{"@type":"ListItem","position":4,"name":"intarblock"}]},{"@type":"WebSite","@id":"https:\/\/www.intarcon.com\/fr\/#website","url":"https:\/\/www.intarcon.com\/fr\/","name":"INTARCON","description":"","potentialAction":[{"@type":"SearchAction","target":{"@type":"EntryPoint","urlTemplate":"https:\/\/www.intarcon.com\/fr\/?s={search_term_string}"},"query-input":{"@type":"PropertyValueSpecification","valueRequired":true,"valueName":"search_term_string"}}],"inLanguage":"fr"}]}},"_links":{"self":[{"href":"https:\/\/www.intarcon.com\/fr\/wp-json\/wp\/v2\/product\/9574","targetHints":{"allow":["GET"]}}],"collection":[{"href":"https:\/\/www.intarcon.com\/fr\/wp-json\/wp\/v2\/product"}],"about":[{"href":"https:\/\/www.intarcon.com\/fr\/wp-json\/wp\/v2\/types\/product"}],"version-history":[{"count":0,"href":"https:\/\/www.intarcon.com\/fr\/wp-json\/wp\/v2\/product\/9574\/revisions"}],"wp:featuredmedia":[{"embeddable":true,"href":"https:\/\/www.intarcon.com\/fr\/wp-json\/wp\/v2\/media\/89421"}],"wp:attachment":[{"href":"https:\/\/www.intarcon.com\/fr\/wp-json\/wp\/v2\/media?parent=9574"}],"wp:term":[{"taxonomy":"product_brand","embeddable":true,"href":"https:\/\/www.intarcon.com\/fr\/wp-json\/wp\/v2\/product_brand?post=9574"},{"taxonomy":"product_cat","embeddable":true,"href":"https:\/\/www.intarcon.com\/fr\/wp-json\/wp\/v2\/product_cat?post=9574"},{"taxonomy":"product_tag","embeddable":true,"href":"https:\/\/www.intarcon.com\/fr\/wp-json\/wp\/v2\/product_tag?post=9574"}],"curies":[{"name":"wp","href":"https:\/\/api.w.org\/{rel}","templated":true}]}}