{"id":9554,"date":"2019-06-23T08:24:57","date_gmt":"2019-06-23T06:24:57","guid":{"rendered":"https:\/\/www.intarcon.com\/wordpress\/producto\/intarsplit-axial\/"},"modified":"2025-01-30T09:04:11","modified_gmt":"2025-01-30T08:04:11","slug":"intarsplit-axial","status":"publish","type":"product","link":"https:\/\/www.intarcon.com\/fr\/produit\/intarsplit-axial\/","title":{"rendered":"intarsplit axial"},"content":{"rendered":"<p>Syst\u00e8mes split pour petites et moyennes chambres froides \u00e0 temp\u00e9rature positive et n\u00e9gative, avec unit\u00e9 de condensation horizontale et unit\u00e9 d\u2019\u00e9vaporation de bas profil, du type cubique ou de double flux d\u2019air.<\/p>\n<p>Les syst\u00e8mes intarsplit axial comprennent en standard un contr\u00f4leur \u00e9lectronique XM670K:<\/p>\n<ul>\n<li>Afficheur digital et clavier de contr\u00f4le \u00e0 distance.<\/li>\n<li>\u00a0Horloge interne pour la programmation des cycles d&#8217;\u00e9conomie d&#8217;\u00e9nergie et de d\u00e9givrage.<\/li>\n<li>Option d\u2019interconnexion et synchronisation de jusqu\u2019\u00e0 8 \u00e9quipements en r\u00e9seau LAN, g\u00e9r\u00e9s depuis une seule t\u00e9l\u00e9commande.<\/li>\n<\/ul>\n<p>Les \u00e9quipements intarsplit sont disponibles en diff\u00e9rentes configurations\u00a0:<\/p>\n<ul>\n<li>SH-N : Unit\u00e9 de condensation axiale et unit\u00e9 d\u2019\u00e9vaporation de bas profil.<\/li>\n<li>SH-Q : Unit\u00e9 de condensation axiale et unit\u00e9 d\u2019\u00e9vaporation du type cubique.<\/li>\n<li>SH-D : Unit\u00e9 de condensation axiale et unit\u00e9 d\u2019\u00e9vaporation \u00e0 double flux.<\/li>\n<\/ul>\n<p><img fetchpriority=\"high\" decoding=\"async\" class=\"aligncenter size-full wp-image-24777\" src=\"https:\/\/www.intarcon.com\/wp-content\/uploads\/2019\/06\/fr-2021-esquema-instalacion-intarsplit-axial-evapbajoperfil.png\" alt=\"fr-2021-esquema-instalacion-intarspli\" width=\"582\" height=\"203\" srcset=\"https:\/\/www.intarcon.com\/wp-content\/uploads\/2019\/06\/fr-2021-esquema-instalacion-intarsplit-axial-evapbajoperfil.png 582w, https:\/\/www.intarcon.com\/wp-content\/uploads\/2019\/06\/fr-2021-esquema-instalacion-intarsplit-axial-evapbajoperfil-400x140.png 400w, https:\/\/www.intarcon.com\/wp-content\/uploads\/2019\/06\/fr-2021-esquema-instalacion-intarsplit-axial-evapbajoperfil-367x128.png 367w\" sizes=\"(max-width: 582px) 100vw, 582px\" \/><\/p>\n<p>&nbsp;<\/p>\n","protected":false},"excerpt":{"rendered":"<h2 style=\"color: #999999; font-size: 18px; margin-bottom: 0px;\">\u00c9quipements frigorifiques de r\u00e9frig\u00e9ration<\/h2>\n<p>\u00c9quipements axial frigorifiques de r\u00e9frig\u00e9ration pour des chambres froides<br \/>\n<style>.elementor-widget-button .elementor-button{background-color:var( --e-global-color-accent );}.elementor-29436 .elementor-element.elementor-element-2d8b95e .elementor-button{background-color:#0085BB;font-family:\"Roboto\", Montserrat;font-size:1.1em;font-weight:600;text-decoration:none;fill:#FFFFFF;color:#FFFFFF;border-style:solid;border-width:2px 2px 2px 2px;border-color:#0085BB;border-radius:33px 33px 33px 33px;padding:14px 20px 14px 20px;}.elementor-29436 .elementor-element.elementor-element-2d8b95e .elementor-button:hover, .elementor-29436 .elementor-element.elementor-element-2d8b95e .elementor-button:focus{background-color:#FFFFFF;color:#0085BB;border-color:#0085BB;}.elementor-29436 .elementor-element.elementor-element-2d8b95e > .elementor-widget-container{margin:2% 0% 1% 0%;}.elementor-29436 .elementor-element.elementor-element-2d8b95e .elementor-button:hover svg, .elementor-29436 .elementor-element.elementor-element-2d8b95e .elementor-button:focus svg{fill:#0085BB;}@media(max-width:767px){.elementor-29436 .elementor-element.elementor-element-2d8b95e > .elementor-widget-container{margin:-20px 0px 50px 0px;}}<\/style><div class=\"porto-block\" data-id=\"29436\">\t\t<div data-elementor-type=\"wp-post\" data-elementor-id=\"29436\" class=\"elementor elementor-29436 elementor-29420\" data-elementor-post-type=\"porto_builder\">\n\t\t\t\t\t\t<section class=\"elementor-section elementor-top-section elementor-element elementor-element-4601687 elementor-section-boxed elementor-section-height-default elementor-section-height-default\" data-id=\"4601687\" data-element_type=\"section\">\r\n\t\t\r\n\t\t\t\t\t\t\t<div class=\"elementor-container elementor-column-gap-default\">\r\n\t\t\t\t\t\t\t\t\t\t\t<div class=\"elementor-column elementor-col-100 elementor-top-column elementor-element elementor-element-7f3a8ac\" data-id=\"7f3a8ac\" data-element_type=\"column\">\r\n\t\t\t\t\t<div class=\"elementor-widget-wrap elementor-element-populated\">\r\n\t\t\t\t\t\t\t\t<div class=\"elementor-element elementor-element-2d8b95e elementor-align-left elementor-widget elementor-widget-button\" data-id=\"2d8b95e\" data-element_type=\"widget\" data-widget_type=\"button.default\">\n\t\t\t\t<div class=\"elementor-widget-container\">\n\t\t\t\t\t\t\t\t\t<div class=\"elementor-button-wrapper\">\n\t\t\t\t\t<a class=\"elementor-button elementor-button-link elementor-size-md\" href=\"https:\/\/www.intarcon.com\/fr\/conseils-techniques\/\">\n\t\t\t\t\t\t<span class=\"elementor-button-content-wrapper\">\n\t\t\t\t\t\t\t\t\t<span class=\"elementor-button-text\">Demande conseils techniques<\/span>\n\t\t\t\t\t<\/span>\n\t\t\t\t\t<\/a>\n\t\t\t\t<\/div>\n\t\t\t\t\t\t\t\t<\/div>\n\t\t\t\t<\/div>\n\t\t\t\t\t<\/div>\r\n\t\t\t\t<\/div>\r\n\t\t\t\t\t<\/div>\r\n\t\t\t\t<\/section>\r\n\t\t\t\t<\/div>\n\t\t<\/div><\/p>\n","protected":false},"featured_media":89319,"template":"","meta":[],"product_brand":[],"product_cat":[378],"product_tag":[],"class_list":{"0":"post-9554","1":"product","2":"type-product","3":"status-publish","4":"has-post-thumbnail","6":"product_cat-systeme-split-hfc","8":"first","9":"instock","10":"shipping-taxable","11":"product-type-simple"},"yoast_head":"<!-- This site is optimized with the Yoast SEO plugin v25.5 - https:\/\/yoast.com\/wordpress\/plugins\/seo\/ -->\n<title>intarsplit axial - INTARCON<\/title>\n<meta name=\"description\" content=\"L&#039;unit\u00e9 intarsplit axial est une unit\u00e9 semi-compacte pour chambres froides, compos\u00e9e d&#039;une unit\u00e9 de condensation horizontale et d&#039;une unit\u00e9 d&#039;\u00e9vaporation.....\" \/>\n<meta name=\"robots\" content=\"index, follow, max-snippet:-1, max-image-preview:large, max-video-preview:-1\" \/>\n<link rel=\"canonical\" href=\"https:\/\/www.intarcon.com\/fr\/produit\/intarsplit-axial\/\" \/>\n<meta property=\"og:locale\" content=\"fr_FR\" \/>\n<meta property=\"og:type\" content=\"article\" \/>\n<meta property=\"og:title\" content=\"intarsplit axial - INTARCON\" \/>\n<meta property=\"og:description\" content=\"L&#039;unit\u00e9 intarsplit axial est une unit\u00e9 semi-compacte pour chambres froides, compos\u00e9e d&#039;une unit\u00e9 de condensation horizontale et d&#039;une unit\u00e9 d&#039;\u00e9vaporation.....\" \/>\n<meta property=\"og:url\" content=\"https:\/\/www.intarcon.com\/fr\/produit\/intarsplit-axial\/\" \/>\n<meta property=\"og:site_name\" content=\"INTARCON\" \/>\n<meta property=\"article:publisher\" content=\"https:\/\/www.facebook.com\/intarcon\/\" \/>\n<meta property=\"article:modified_time\" content=\"2025-01-30T08:04:11+00:00\" \/>\n<meta property=\"og:image\" content=\"https:\/\/www.intarcon.com\/wp-content\/uploads\/2019\/06\/equipo-semicompacto-axial-intarsplit.webp\" \/>\n\t<meta property=\"og:image:width\" content=\"600\" \/>\n\t<meta property=\"og:image:height\" content=\"600\" \/>\n\t<meta property=\"og:image:type\" content=\"image\/webp\" \/>\n<meta name=\"twitter:card\" content=\"summary_large_image\" \/>\n<meta name=\"twitter:site\" content=\"@Intarcon\" \/>\n<meta name=\"twitter:label1\" content=\"Est. reading time\" \/>\n\t<meta name=\"twitter:data1\" content=\"1 minute\" \/>\n<script type=\"application\/ld+json\" class=\"yoast-schema-graph\">{\"@context\":\"https:\/\/schema.org\",\"@graph\":[{\"@type\":\"WebPage\",\"@id\":\"https:\/\/www.intarcon.com\/fr\/produit\/intarsplit-axial\/\",\"url\":\"https:\/\/www.intarcon.com\/fr\/produit\/intarsplit-axial\/\",\"name\":\"intarsplit axial - INTARCON\",\"isPartOf\":{\"@id\":\"https:\/\/www.intarcon.com\/fr\/#website\"},\"primaryImageOfPage\":{\"@id\":\"https:\/\/www.intarcon.com\/fr\/produit\/intarsplit-axial\/#primaryimage\"},\"image\":{\"@id\":\"https:\/\/www.intarcon.com\/fr\/produit\/intarsplit-axial\/#primaryimage\"},\"thumbnailUrl\":\"https:\/\/www.intarcon.com\/wp-content\/uploads\/2019\/06\/equipo-semicompacto-axial-intarsplit.webp\",\"datePublished\":\"2019-06-23T06:24:57+00:00\",\"dateModified\":\"2025-01-30T08:04:11+00:00\",\"description\":\"L'unit\u00e9 intarsplit axial est une unit\u00e9 semi-compacte pour chambres froides, compos\u00e9e d'une unit\u00e9 de condensation horizontale et d'une unit\u00e9 d'\u00e9vaporation.....\",\"breadcrumb\":{\"@id\":\"https:\/\/www.intarcon.com\/fr\/produit\/intarsplit-axial\/#breadcrumb\"},\"inLanguage\":\"fr\",\"potentialAction\":[{\"@type\":\"ReadAction\",\"target\":[\"https:\/\/www.intarcon.com\/fr\/produit\/intarsplit-axial\/\"]}]},{\"@type\":\"ImageObject\",\"inLanguage\":\"fr\",\"@id\":\"https:\/\/www.intarcon.com\/fr\/produit\/intarsplit-axial\/#primaryimage\",\"url\":\"https:\/\/www.intarcon.com\/wp-content\/uploads\/2019\/06\/equipo-semicompacto-axial-intarsplit.webp\",\"contentUrl\":\"https:\/\/www.intarcon.com\/wp-content\/uploads\/2019\/06\/equipo-semicompacto-axial-intarsplit.webp\",\"width\":600,\"height\":600,\"caption\":\"Equipo semicompacto de refrigeraci\u00f3n axial intarsplit - INTARCON\"},{\"@type\":\"BreadcrumbList\",\"@id\":\"https:\/\/www.intarcon.com\/fr\/produit\/intarsplit-axial\/#breadcrumb\",\"itemListElement\":[{\"@type\":\"ListItem\",\"position\":1,\"name\":\"Portada\",\"item\":\"https:\/\/www.intarcon.com\/fr\/\"},{\"@type\":\"ListItem\",\"position\":2,\"name\":\"Producto\",\"item\":\"https:\/\/www.intarcon.com\/producto\/\"},{\"@type\":\"ListItem\",\"position\":3,\"name\":\"HFC\",\"item\":\"https:\/\/www.intarcon.com\/fr\/technologie\/hfc\/\"},{\"@type\":\"ListItem\",\"position\":4,\"name\":\"Syst\u00e8me split\",\"item\":\"https:\/\/www.intarcon.com\/fr\/technologie\/hfc\/systeme-split-hfc\/\"},{\"@type\":\"ListItem\",\"position\":5,\"name\":\"intarsplit axial\"}]},{\"@type\":\"WebSite\",\"@id\":\"https:\/\/www.intarcon.com\/fr\/#website\",\"url\":\"https:\/\/www.intarcon.com\/fr\/\",\"name\":\"INTARCON\",\"description\":\"\",\"potentialAction\":[{\"@type\":\"SearchAction\",\"target\":{\"@type\":\"EntryPoint\",\"urlTemplate\":\"https:\/\/www.intarcon.com\/fr\/?s={search_term_string}\"},\"query-input\":{\"@type\":\"PropertyValueSpecification\",\"valueRequired\":true,\"valueName\":\"search_term_string\"}}],\"inLanguage\":\"fr\"}]}<\/script>\n<!-- \/ Yoast SEO plugin. -->","yoast_head_json":{"title":"intarsplit axial - INTARCON","description":"L'unit\u00e9 intarsplit axial est une unit\u00e9 semi-compacte pour chambres froides, compos\u00e9e d'une unit\u00e9 de condensation horizontale et d'une unit\u00e9 d'\u00e9vaporation.....","robots":{"index":"index","follow":"follow","max-snippet":"max-snippet:-1","max-image-preview":"max-image-preview:large","max-video-preview":"max-video-preview:-1"},"canonical":"https:\/\/www.intarcon.com\/fr\/produit\/intarsplit-axial\/","og_locale":"fr_FR","og_type":"article","og_title":"intarsplit axial - INTARCON","og_description":"L'unit\u00e9 intarsplit axial est une unit\u00e9 semi-compacte pour chambres froides, compos\u00e9e d'une unit\u00e9 de condensation horizontale et d'une unit\u00e9 d'\u00e9vaporation.....","og_url":"https:\/\/www.intarcon.com\/fr\/produit\/intarsplit-axial\/","og_site_name":"INTARCON","article_publisher":"https:\/\/www.facebook.com\/intarcon\/","article_modified_time":"2025-01-30T08:04:11+00:00","og_image":[{"width":600,"height":600,"url":"https:\/\/www.intarcon.com\/wp-content\/uploads\/2019\/06\/equipo-semicompacto-axial-intarsplit.webp","type":"image\/webp"}],"twitter_card":"summary_large_image","twitter_site":"@Intarcon","twitter_misc":{"Est. reading time":"1 minute"},"schema":{"@context":"https:\/\/schema.org","@graph":[{"@type":"WebPage","@id":"https:\/\/www.intarcon.com\/fr\/produit\/intarsplit-axial\/","url":"https:\/\/www.intarcon.com\/fr\/produit\/intarsplit-axial\/","name":"intarsplit axial - INTARCON","isPartOf":{"@id":"https:\/\/www.intarcon.com\/fr\/#website"},"primaryImageOfPage":{"@id":"https:\/\/www.intarcon.com\/fr\/produit\/intarsplit-axial\/#primaryimage"},"image":{"@id":"https:\/\/www.intarcon.com\/fr\/produit\/intarsplit-axial\/#primaryimage"},"thumbnailUrl":"https:\/\/www.intarcon.com\/wp-content\/uploads\/2019\/06\/equipo-semicompacto-axial-intarsplit.webp","datePublished":"2019-06-23T06:24:57+00:00","dateModified":"2025-01-30T08:04:11+00:00","description":"L'unit\u00e9 intarsplit axial est une unit\u00e9 semi-compacte pour chambres froides, compos\u00e9e d'une unit\u00e9 de condensation horizontale et d'une unit\u00e9 d'\u00e9vaporation.....","breadcrumb":{"@id":"https:\/\/www.intarcon.com\/fr\/produit\/intarsplit-axial\/#breadcrumb"},"inLanguage":"fr","potentialAction":[{"@type":"ReadAction","target":["https:\/\/www.intarcon.com\/fr\/produit\/intarsplit-axial\/"]}]},{"@type":"ImageObject","inLanguage":"fr","@id":"https:\/\/www.intarcon.com\/fr\/produit\/intarsplit-axial\/#primaryimage","url":"https:\/\/www.intarcon.com\/wp-content\/uploads\/2019\/06\/equipo-semicompacto-axial-intarsplit.webp","contentUrl":"https:\/\/www.intarcon.com\/wp-content\/uploads\/2019\/06\/equipo-semicompacto-axial-intarsplit.webp","width":600,"height":600,"caption":"Equipo semicompacto de refrigeraci\u00f3n axial intarsplit - INTARCON"},{"@type":"BreadcrumbList","@id":"https:\/\/www.intarcon.com\/fr\/produit\/intarsplit-axial\/#breadcrumb","itemListElement":[{"@type":"ListItem","position":1,"name":"Portada","item":"https:\/\/www.intarcon.com\/fr\/"},{"@type":"ListItem","position":2,"name":"Producto","item":"https:\/\/www.intarcon.com\/producto\/"},{"@type":"ListItem","position":3,"name":"HFC","item":"https:\/\/www.intarcon.com\/fr\/technologie\/hfc\/"},{"@type":"ListItem","position":4,"name":"Syst\u00e8me split","item":"https:\/\/www.intarcon.com\/fr\/technologie\/hfc\/systeme-split-hfc\/"},{"@type":"ListItem","position":5,"name":"intarsplit axial"}]},{"@type":"WebSite","@id":"https:\/\/www.intarcon.com\/fr\/#website","url":"https:\/\/www.intarcon.com\/fr\/","name":"INTARCON","description":"","potentialAction":[{"@type":"SearchAction","target":{"@type":"EntryPoint","urlTemplate":"https:\/\/www.intarcon.com\/fr\/?s={search_term_string}"},"query-input":{"@type":"PropertyValueSpecification","valueRequired":true,"valueName":"search_term_string"}}],"inLanguage":"fr"}]}},"_links":{"self":[{"href":"https:\/\/www.intarcon.com\/fr\/wp-json\/wp\/v2\/product\/9554","targetHints":{"allow":["GET"]}}],"collection":[{"href":"https:\/\/www.intarcon.com\/fr\/wp-json\/wp\/v2\/product"}],"about":[{"href":"https:\/\/www.intarcon.com\/fr\/wp-json\/wp\/v2\/types\/product"}],"version-history":[{"count":0,"href":"https:\/\/www.intarcon.com\/fr\/wp-json\/wp\/v2\/product\/9554\/revisions"}],"wp:featuredmedia":[{"embeddable":true,"href":"https:\/\/www.intarcon.com\/fr\/wp-json\/wp\/v2\/media\/89319"}],"wp:attachment":[{"href":"https:\/\/www.intarcon.com\/fr\/wp-json\/wp\/v2\/media?parent=9554"}],"wp:term":[{"taxonomy":"product_brand","embeddable":true,"href":"https:\/\/www.intarcon.com\/fr\/wp-json\/wp\/v2\/product_brand?post=9554"},{"taxonomy":"product_cat","embeddable":true,"href":"https:\/\/www.intarcon.com\/fr\/wp-json\/wp\/v2\/product_cat?post=9554"},{"taxonomy":"product_tag","embeddable":true,"href":"https:\/\/www.intarcon.com\/fr\/wp-json\/wp\/v2\/product_tag?post=9554"}],"curies":[{"name":"wp","href":"https:\/\/api.w.org\/{rel}","templated":true}]}}