{"id":9540,"date":"2019-06-23T08:34:02","date_gmt":"2019-06-23T06:34:02","guid":{"rendered":"https:\/\/www.intarcon.com\/wordpress\/producto\/sigilus\/"},"modified":"2026-02-06T11:52:31","modified_gmt":"2026-02-06T10:52:31","slug":"sigilus","status":"publish","type":"product","link":"https:\/\/www.intarcon.com\/fr\/produit\/sigilus\/","title":{"rendered":"Sigilus"},"content":{"rendered":"<p>Syst\u00e8mes split pour petites et moyennes chambres froides \u00e0 temp\u00e9rature positive et n\u00e9gative, avec unit\u00e9 de condensation silencieuse et unit\u00e9 d\u2019\u00e9vaporation de bas profil, du type cubique ou de double flux d\u2019air.<\/p>\n<p>Les \u00e9quipements Sigilus sont disponibles en quatre s\u00e9ries :<\/p>\n<ul>\n<li><strong>MSF-N<\/strong>: Moyenne temp\u00e9rature avec unit\u00e9 d\u2019\u00e9vaporation de bas profil.<\/li>\n<li><strong>BSF-N<\/strong>: Basse temp\u00e9rature avec unit\u00e9 d\u2019\u00e9vaporation de bas profil.<\/li>\n<li><strong>MSF-Q<\/strong>: Moyenne temp\u00e9rature avec unit\u00e9 d\u2019\u00e9vaporation cubique.<\/li>\n<li><strong>BSF-Q<\/strong>: Basse temp\u00e9rature avec unit\u00e9 d\u2019\u00e9vaporation cubique.<\/li>\n<\/ul>\n<p><img fetchpriority=\"high\" decoding=\"async\" class=\"aligncenter wp-image-24785\" src=\"https:\/\/www.intarcon.com\/wp-content\/uploads\/2019\/06\/fr-2021-sigilus-semicompacto.png\" alt=\"fr-2021-sigilus-semicompacto\" width=\"670\" height=\"327\" srcset=\"https:\/\/www.intarcon.com\/wp-content\/uploads\/2019\/06\/fr-2021-sigilus-semicompacto.png 558w, https:\/\/www.intarcon.com\/wp-content\/uploads\/2019\/06\/fr-2021-sigilus-semicompacto-400x195.png 400w, https:\/\/www.intarcon.com\/wp-content\/uploads\/2019\/06\/fr-2021-sigilus-semicompacto-367x179.png 367w\" sizes=\"(max-width: 670px) 100vw, 670px\" \/><\/p>\n<p><img decoding=\"async\" class=\"aligncenter\" src=\"https:\/\/www.intarcon.com\/wp-content\/uploads\/2014\/01\/DSC03150.jpg\" width=\"333\" height=\"249\" \/><\/p>\n","protected":false},"excerpt":{"rendered":"<h2 style=\"color: #999999; font-size: 18px; margin-bottom: 0px; line-height: 29px;\">\u00c9quipements split silencieux<\/h2>\n<p>\u00c9quipements split silencieux pour petites et moyennes chambres froides \u00e0 temp\u00e9rature positive et n\u00e9gative<br \/>\n<style>.elementor-widget-button .elementor-button{background-color:var( --e-global-color-accent );}.elementor-29436 .elementor-element.elementor-element-2d8b95e .elementor-button{background-color:#0085BB;font-family:\"Roboto\", Montserrat;font-size:1.1em;font-weight:600;text-decoration:none;fill:#FFFFFF;color:#FFFFFF;border-style:solid;border-width:2px 2px 2px 2px;border-color:#0085BB;border-radius:33px 33px 33px 33px;padding:14px 20px 14px 20px;}.elementor-29436 .elementor-element.elementor-element-2d8b95e .elementor-button:hover, .elementor-29436 .elementor-element.elementor-element-2d8b95e .elementor-button:focus{background-color:#FFFFFF;color:#0085BB;border-color:#0085BB;}.elementor-29436 .elementor-element.elementor-element-2d8b95e > .elementor-widget-container{margin:2% 0% 1% 0%;}.elementor-29436 .elementor-element.elementor-element-2d8b95e .elementor-button:hover svg, .elementor-29436 .elementor-element.elementor-element-2d8b95e .elementor-button:focus svg{fill:#0085BB;}@media(max-width:767px){.elementor-29436 .elementor-element.elementor-element-2d8b95e > .elementor-widget-container{margin:-20px 0px 50px 0px;}}<\/style><div class=\"porto-block\" data-id=\"29436\">\t\t<div data-elementor-type=\"wp-post\" data-elementor-id=\"29436\" class=\"elementor elementor-29436 elementor-29420\" data-elementor-post-type=\"porto_builder\">\n\t\t\t\t\t\t<section class=\"elementor-section elementor-top-section elementor-element elementor-element-4601687 elementor-section-boxed elementor-section-height-default elementor-section-height-default\" data-id=\"4601687\" data-element_type=\"section\">\r\n\t\t\r\n\t\t\t\t\t\t\t<div class=\"elementor-container elementor-column-gap-default\">\r\n\t\t\t\t\t\t\t\t\t\t\t<div class=\"elementor-column elementor-col-100 elementor-top-column elementor-element elementor-element-7f3a8ac\" data-id=\"7f3a8ac\" data-element_type=\"column\">\r\n\t\t\t\t\t<div class=\"elementor-widget-wrap elementor-element-populated\">\r\n\t\t\t\t\t\t\t\t<div class=\"elementor-element elementor-element-2d8b95e elementor-align-left elementor-widget elementor-widget-button\" data-id=\"2d8b95e\" data-element_type=\"widget\" data-widget_type=\"button.default\">\n\t\t\t\t<div class=\"elementor-widget-container\">\n\t\t\t\t\t\t\t\t\t<div class=\"elementor-button-wrapper\">\n\t\t\t\t\t<a class=\"elementor-button elementor-button-link elementor-size-md\" href=\"https:\/\/www.intarcon.com\/fr\/conseils-techniques\/\">\n\t\t\t\t\t\t<span class=\"elementor-button-content-wrapper\">\n\t\t\t\t\t\t\t\t\t<span class=\"elementor-button-text\">Demande conseils techniques<\/span>\n\t\t\t\t\t<\/span>\n\t\t\t\t\t<\/a>\n\t\t\t\t<\/div>\n\t\t\t\t\t\t\t\t<\/div>\n\t\t\t\t<\/div>\n\t\t\t\t\t<\/div>\r\n\t\t\t\t<\/div>\r\n\t\t\t\t\t<\/div>\r\n\t\t\t\t<\/section>\r\n\t\t\t\t<\/div>\n\t\t<\/div><\/p>\n","protected":false},"featured_media":89313,"template":"","meta":[],"product_brand":[],"product_cat":[378],"product_tag":[],"class_list":{"0":"post-9540","1":"product","2":"type-product","3":"status-publish","4":"has-post-thumbnail","6":"product_cat-systeme-split-hfc","8":"first","9":"instock","10":"shipping-taxable","11":"product-type-simple"},"yoast_head":"<!-- This site is optimized with the Yoast SEO plugin v25.5 - https:\/\/yoast.com\/wordpress\/plugins\/seo\/ -->\n<title>Sigilus - INTARCON<\/title>\n<meta name=\"description\" content=\"Les \u00e9quipes Sigilus sont syst\u00e8mes split pour petites et moyennes chambres froides \u00e0 temp\u00e9rature positive et n\u00e9gative.\" \/>\n<meta name=\"robots\" content=\"index, follow, max-snippet:-1, max-image-preview:large, max-video-preview:-1\" \/>\n<link rel=\"canonical\" href=\"https:\/\/www.intarcon.com\/fr\/produit\/sigilus\/\" \/>\n<meta property=\"og:locale\" content=\"fr_FR\" \/>\n<meta property=\"og:type\" content=\"article\" \/>\n<meta property=\"og:title\" content=\"Sigilus - INTARCON\" \/>\n<meta property=\"og:description\" content=\"Les \u00e9quipes Sigilus sont syst\u00e8mes split pour petites et moyennes chambres froides \u00e0 temp\u00e9rature positive et n\u00e9gative.\" \/>\n<meta property=\"og:url\" content=\"https:\/\/www.intarcon.com\/fr\/produit\/sigilus\/\" \/>\n<meta property=\"og:site_name\" content=\"INTARCON\" \/>\n<meta property=\"article:publisher\" content=\"https:\/\/www.facebook.com\/intarcon\/\" \/>\n<meta property=\"article:modified_time\" content=\"2026-02-06T10:52:31+00:00\" \/>\n<meta property=\"og:image\" content=\"https:\/\/www.intarcon.com\/wp-content\/uploads\/2019\/06\/equipo-semicompacto-silencioso-sigilus.webp\" \/>\n\t<meta property=\"og:image:width\" content=\"600\" \/>\n\t<meta property=\"og:image:height\" content=\"600\" \/>\n\t<meta property=\"og:image:type\" content=\"image\/webp\" \/>\n<meta name=\"twitter:card\" content=\"summary_large_image\" \/>\n<meta name=\"twitter:site\" content=\"@Intarcon\" \/>\n<meta name=\"twitter:label1\" content=\"Est. reading time\" \/>\n\t<meta name=\"twitter:data1\" content=\"2 minutes\" \/>\n<script type=\"application\/ld+json\" class=\"yoast-schema-graph\">{\"@context\":\"https:\/\/schema.org\",\"@graph\":[{\"@type\":\"WebPage\",\"@id\":\"https:\/\/www.intarcon.com\/fr\/produit\/sigilus\/\",\"url\":\"https:\/\/www.intarcon.com\/fr\/produit\/sigilus\/\",\"name\":\"Sigilus - INTARCON\",\"isPartOf\":{\"@id\":\"https:\/\/www.intarcon.com\/fr\/#website\"},\"primaryImageOfPage\":{\"@id\":\"https:\/\/www.intarcon.com\/fr\/produit\/sigilus\/#primaryimage\"},\"image\":{\"@id\":\"https:\/\/www.intarcon.com\/fr\/produit\/sigilus\/#primaryimage\"},\"thumbnailUrl\":\"https:\/\/www.intarcon.com\/wp-content\/uploads\/2019\/06\/equipo-semicompacto-silencioso-sigilus.webp\",\"datePublished\":\"2019-06-23T06:34:02+00:00\",\"dateModified\":\"2026-02-06T10:52:31+00:00\",\"description\":\"Les \u00e9quipes Sigilus sont syst\u00e8mes split pour petites et moyennes chambres froides \u00e0 temp\u00e9rature positive et n\u00e9gative.\",\"breadcrumb\":{\"@id\":\"https:\/\/www.intarcon.com\/fr\/produit\/sigilus\/#breadcrumb\"},\"inLanguage\":\"fr\",\"potentialAction\":[{\"@type\":\"ReadAction\",\"target\":[\"https:\/\/www.intarcon.com\/fr\/produit\/sigilus\/\"]}]},{\"@type\":\"ImageObject\",\"inLanguage\":\"fr\",\"@id\":\"https:\/\/www.intarcon.com\/fr\/produit\/sigilus\/#primaryimage\",\"url\":\"https:\/\/www.intarcon.com\/wp-content\/uploads\/2019\/06\/equipo-semicompacto-silencioso-sigilus.webp\",\"contentUrl\":\"https:\/\/www.intarcon.com\/wp-content\/uploads\/2019\/06\/equipo-semicompacto-silencioso-sigilus.webp\",\"width\":600,\"height\":600,\"caption\":\"Equipo semicompacto de refrigeraci\u00f3n silencioso Sigilus - INTARCON\"},{\"@type\":\"BreadcrumbList\",\"@id\":\"https:\/\/www.intarcon.com\/fr\/produit\/sigilus\/#breadcrumb\",\"itemListElement\":[{\"@type\":\"ListItem\",\"position\":1,\"name\":\"Portada\",\"item\":\"https:\/\/www.intarcon.com\/fr\/\"},{\"@type\":\"ListItem\",\"position\":2,\"name\":\"Producto\",\"item\":\"https:\/\/www.intarcon.com\/producto\/\"},{\"@type\":\"ListItem\",\"position\":3,\"name\":\"HFC\",\"item\":\"https:\/\/www.intarcon.com\/fr\/technologie\/hfc\/\"},{\"@type\":\"ListItem\",\"position\":4,\"name\":\"Syst\u00e8me split\",\"item\":\"https:\/\/www.intarcon.com\/fr\/technologie\/hfc\/systeme-split-hfc\/\"},{\"@type\":\"ListItem\",\"position\":5,\"name\":\"Sigilus\"}]},{\"@type\":\"WebSite\",\"@id\":\"https:\/\/www.intarcon.com\/fr\/#website\",\"url\":\"https:\/\/www.intarcon.com\/fr\/\",\"name\":\"INTARCON\",\"description\":\"\",\"potentialAction\":[{\"@type\":\"SearchAction\",\"target\":{\"@type\":\"EntryPoint\",\"urlTemplate\":\"https:\/\/www.intarcon.com\/fr\/?s={search_term_string}\"},\"query-input\":{\"@type\":\"PropertyValueSpecification\",\"valueRequired\":true,\"valueName\":\"search_term_string\"}}],\"inLanguage\":\"fr\"}]}<\/script>\n<!-- \/ Yoast SEO plugin. -->","yoast_head_json":{"title":"Sigilus - INTARCON","description":"Les \u00e9quipes Sigilus sont syst\u00e8mes split pour petites et moyennes chambres froides \u00e0 temp\u00e9rature positive et n\u00e9gative.","robots":{"index":"index","follow":"follow","max-snippet":"max-snippet:-1","max-image-preview":"max-image-preview:large","max-video-preview":"max-video-preview:-1"},"canonical":"https:\/\/www.intarcon.com\/fr\/produit\/sigilus\/","og_locale":"fr_FR","og_type":"article","og_title":"Sigilus - INTARCON","og_description":"Les \u00e9quipes Sigilus sont syst\u00e8mes split pour petites et moyennes chambres froides \u00e0 temp\u00e9rature positive et n\u00e9gative.","og_url":"https:\/\/www.intarcon.com\/fr\/produit\/sigilus\/","og_site_name":"INTARCON","article_publisher":"https:\/\/www.facebook.com\/intarcon\/","article_modified_time":"2026-02-06T10:52:31+00:00","og_image":[{"width":600,"height":600,"url":"https:\/\/www.intarcon.com\/wp-content\/uploads\/2019\/06\/equipo-semicompacto-silencioso-sigilus.webp","type":"image\/webp"}],"twitter_card":"summary_large_image","twitter_site":"@Intarcon","twitter_misc":{"Est. reading time":"2 minutes"},"schema":{"@context":"https:\/\/schema.org","@graph":[{"@type":"WebPage","@id":"https:\/\/www.intarcon.com\/fr\/produit\/sigilus\/","url":"https:\/\/www.intarcon.com\/fr\/produit\/sigilus\/","name":"Sigilus - INTARCON","isPartOf":{"@id":"https:\/\/www.intarcon.com\/fr\/#website"},"primaryImageOfPage":{"@id":"https:\/\/www.intarcon.com\/fr\/produit\/sigilus\/#primaryimage"},"image":{"@id":"https:\/\/www.intarcon.com\/fr\/produit\/sigilus\/#primaryimage"},"thumbnailUrl":"https:\/\/www.intarcon.com\/wp-content\/uploads\/2019\/06\/equipo-semicompacto-silencioso-sigilus.webp","datePublished":"2019-06-23T06:34:02+00:00","dateModified":"2026-02-06T10:52:31+00:00","description":"Les \u00e9quipes Sigilus sont syst\u00e8mes split pour petites et moyennes chambres froides \u00e0 temp\u00e9rature positive et n\u00e9gative.","breadcrumb":{"@id":"https:\/\/www.intarcon.com\/fr\/produit\/sigilus\/#breadcrumb"},"inLanguage":"fr","potentialAction":[{"@type":"ReadAction","target":["https:\/\/www.intarcon.com\/fr\/produit\/sigilus\/"]}]},{"@type":"ImageObject","inLanguage":"fr","@id":"https:\/\/www.intarcon.com\/fr\/produit\/sigilus\/#primaryimage","url":"https:\/\/www.intarcon.com\/wp-content\/uploads\/2019\/06\/equipo-semicompacto-silencioso-sigilus.webp","contentUrl":"https:\/\/www.intarcon.com\/wp-content\/uploads\/2019\/06\/equipo-semicompacto-silencioso-sigilus.webp","width":600,"height":600,"caption":"Equipo semicompacto de refrigeraci\u00f3n silencioso Sigilus - INTARCON"},{"@type":"BreadcrumbList","@id":"https:\/\/www.intarcon.com\/fr\/produit\/sigilus\/#breadcrumb","itemListElement":[{"@type":"ListItem","position":1,"name":"Portada","item":"https:\/\/www.intarcon.com\/fr\/"},{"@type":"ListItem","position":2,"name":"Producto","item":"https:\/\/www.intarcon.com\/producto\/"},{"@type":"ListItem","position":3,"name":"HFC","item":"https:\/\/www.intarcon.com\/fr\/technologie\/hfc\/"},{"@type":"ListItem","position":4,"name":"Syst\u00e8me split","item":"https:\/\/www.intarcon.com\/fr\/technologie\/hfc\/systeme-split-hfc\/"},{"@type":"ListItem","position":5,"name":"Sigilus"}]},{"@type":"WebSite","@id":"https:\/\/www.intarcon.com\/fr\/#website","url":"https:\/\/www.intarcon.com\/fr\/","name":"INTARCON","description":"","potentialAction":[{"@type":"SearchAction","target":{"@type":"EntryPoint","urlTemplate":"https:\/\/www.intarcon.com\/fr\/?s={search_term_string}"},"query-input":{"@type":"PropertyValueSpecification","valueRequired":true,"valueName":"search_term_string"}}],"inLanguage":"fr"}]}},"_links":{"self":[{"href":"https:\/\/www.intarcon.com\/fr\/wp-json\/wp\/v2\/product\/9540","targetHints":{"allow":["GET"]}}],"collection":[{"href":"https:\/\/www.intarcon.com\/fr\/wp-json\/wp\/v2\/product"}],"about":[{"href":"https:\/\/www.intarcon.com\/fr\/wp-json\/wp\/v2\/types\/product"}],"version-history":[{"count":0,"href":"https:\/\/www.intarcon.com\/fr\/wp-json\/wp\/v2\/product\/9540\/revisions"}],"wp:featuredmedia":[{"embeddable":true,"href":"https:\/\/www.intarcon.com\/fr\/wp-json\/wp\/v2\/media\/89313"}],"wp:attachment":[{"href":"https:\/\/www.intarcon.com\/fr\/wp-json\/wp\/v2\/media?parent=9540"}],"wp:term":[{"taxonomy":"product_brand","embeddable":true,"href":"https:\/\/www.intarcon.com\/fr\/wp-json\/wp\/v2\/product_brand?post=9540"},{"taxonomy":"product_cat","embeddable":true,"href":"https:\/\/www.intarcon.com\/fr\/wp-json\/wp\/v2\/product_cat?post=9540"},{"taxonomy":"product_tag","embeddable":true,"href":"https:\/\/www.intarcon.com\/fr\/wp-json\/wp\/v2\/product_tag?post=9540"}],"curies":[{"name":"wp","href":"https:\/\/api.w.org\/{rel}","templated":true}]}}