{"id":9530,"date":"2019-06-23T08:42:18","date_gmt":"2019-06-23T06:42:18","guid":{"rendered":"https:\/\/www.intarcon.com\/wordpress\/producto\/alta-humedad\/"},"modified":"2025-01-30T09:26:22","modified_gmt":"2025-01-30T08:26:22","slug":"haute-humidite","status":"publish","type":"product","link":"https:\/\/www.intarcon.com\/fr\/produit\/haute-humidite\/","title":{"rendered":"Haute humidit\u00e9"},"content":{"rendered":"<p>Syst\u00e8mes split de r\u00e9frig\u00e9ration \u00e0 haute humidit\u00e9 dans le rang de moyenne temp\u00e9rature, \u00e0 unit\u00e9 d\u2019\u00e9vaporation surdimensionn\u00e9 \u00e0 double flux d\u2019air, et unit\u00e9 de condensation axiale silencieuse ou centrifuge.<\/p>\n<p>Les \u00e9quipements de contr\u00f4le d\u2019humidit\u00e9 sont disponibles en deux configurations:<\/p>\n<ul>\n<li>HSF-D : Syst\u00e8me split avec unit\u00e9 de condensation silencieuse et \u00e9vaporateur pour haute humidit\u00e9 \u00e0 double flux d\u2019air.<\/li>\n<li>HSH-CD : Syst\u00e8me split avec unit\u00e9 de condensation centrifuge et \u00e9vaporateur pour haute humidit\u00e9 \u00e0 double flux d\u2019air.<\/li>\n<\/ul>\n<p><strong>Conservation \u00e0 haute humidit\u00e9 relative<\/strong><br \/>\nLa correcte conservation des produits comme les fruits, les l\u00e9gumes ou les fleures pr\u00e9cisent du contr\u00f4le de l\u2019humidit\u00e9 de la chambre froide. Les syst\u00e8mes split \u00e0 contr\u00f4le d\u2019humidit\u00e9 ont \u00e9t\u00e9 con\u00e7us pour les applications \u00e0 haute humidit\u00e9 et sont sp\u00e9cifiquement recommand\u00e9s pour la conservation des produits fruiti\u00e8res et mara\u00eechers. Ces \u00e9vaporateurs int\u00e8grent des batteries surdimensionn\u00e9es pour obtenir une humidit\u00e9 dans la chambre froide jusqu\u2019\u00e0 95 % afin d\u2019\u00e9viter la perte d\u2019humidit\u00e9 et poids des produits.<\/p>\n<p><strong>Contr\u00f4le \u00e9lectronique de temp\u00e9rature et humidit\u00e9<\/strong><br \/>\nLes \u00e9quipements incluent une r\u00e9gulation \u00e9lectronique pour le contr\u00f4le de temp\u00e9rature et humidit\u00e9 \u00e0 l\u2019int\u00e9rieur de la chambre froid.<\/p>\n<p>\u25ba Afficheur digital et clavier de contr\u00f4le \u00e0 distance avec affichage de temp\u00e9rature et d\u2019humidit\u00e9 relative.<br \/>\n\u25ba Contr\u00f4le d\u2019humidit\u00e9 relative dans une plage de fonctionnement entre 60 % et 95 %*.<br \/>\n\u25ba Kits d\u2019humification active avec lances \u00e0 vapeur, kits de d\u00e9shumidification et chauffage sont disponibles en option.<\/p>\n<p>* La r\u00e9gulation d\u2019humidit\u00e9 dans la chambre froide est faite de mani\u00e8re passive, gr\u00e2ce au contr\u00f4le de d\u00e9bit d\u2019air d\u2019\u00e9vaporateur, sans ajouter de vapeur d\u2019eau. La plage de r\u00e9gulation d\u2019humidit\u00e9 d\u00e9pend des conditions \u00e0 l\u2019int\u00e9rieur de la chambre froide, l\u2019humidit\u00e9 absolue \u00e0 l\u2019ext\u00e9rieur et le type de produit \u00e0 refroidir.<img fetchpriority=\"high\" decoding=\"async\" class=\"aligncenter size-full wp-image-24798\" src=\"https:\/\/www.intarcon.com\/wp-content\/uploads\/2019\/06\/fr-2021-instalacion-altahumedad.png\" alt=\"fr-2021-instalacion-altahumedad\" width=\"574\" height=\"273\" srcset=\"https:\/\/www.intarcon.com\/wp-content\/uploads\/2019\/06\/fr-2021-instalacion-altahumedad.png 574w, https:\/\/www.intarcon.com\/wp-content\/uploads\/2019\/06\/fr-2021-instalacion-altahumedad-400x190.png 400w, https:\/\/www.intarcon.com\/wp-content\/uploads\/2019\/06\/fr-2021-instalacion-altahumedad-367x175.png 367w\" sizes=\"(max-width: 574px) 100vw, 574px\" \/><\/p>\n","protected":false},"excerpt":{"rendered":"<h2 style=\"color: #999999; font-size: 18px; margin-bottom: 0px; line-height: 29px;\">\u00c9quipements split de r\u00e9frig\u00e9ration<\/h2>\n<p>\u00c9quipements split de r\u00e9frig\u00e9ration avec contr\u00f4le d\u2019humidit\u00e9<br \/>\n<style>.elementor-widget-button .elementor-button{background-color:var( --e-global-color-accent );}.elementor-29436 .elementor-element.elementor-element-2d8b95e .elementor-button{background-color:#0085BB;font-family:\"Roboto\", Montserrat;font-size:1.1em;font-weight:600;text-decoration:none;fill:#FFFFFF;color:#FFFFFF;border-style:solid;border-width:2px 2px 2px 2px;border-color:#0085BB;border-radius:33px 33px 33px 33px;padding:14px 20px 14px 20px;}.elementor-29436 .elementor-element.elementor-element-2d8b95e .elementor-button:hover, .elementor-29436 .elementor-element.elementor-element-2d8b95e .elementor-button:focus{background-color:#FFFFFF;color:#0085BB;border-color:#0085BB;}.elementor-29436 .elementor-element.elementor-element-2d8b95e > .elementor-widget-container{margin:2% 0% 1% 0%;}.elementor-29436 .elementor-element.elementor-element-2d8b95e .elementor-button:hover svg, .elementor-29436 .elementor-element.elementor-element-2d8b95e .elementor-button:focus svg{fill:#0085BB;}@media(max-width:767px){.elementor-29436 .elementor-element.elementor-element-2d8b95e > .elementor-widget-container{margin:-20px 0px 50px 0px;}}<\/style><div class=\"porto-block\" data-id=\"29436\">\t\t<div data-elementor-type=\"wp-post\" data-elementor-id=\"29436\" class=\"elementor elementor-29436 elementor-29420\" data-elementor-post-type=\"porto_builder\">\n\t\t\t\t\t\t<section class=\"elementor-section elementor-top-section elementor-element elementor-element-4601687 elementor-section-boxed elementor-section-height-default elementor-section-height-default\" data-id=\"4601687\" data-element_type=\"section\">\r\n\t\t\r\n\t\t\t\t\t\t\t<div class=\"elementor-container elementor-column-gap-default\">\r\n\t\t\t\t\t\t\t\t\t\t\t<div class=\"elementor-column elementor-col-100 elementor-top-column elementor-element elementor-element-7f3a8ac\" data-id=\"7f3a8ac\" data-element_type=\"column\">\r\n\t\t\t\t\t<div class=\"elementor-widget-wrap elementor-element-populated\">\r\n\t\t\t\t\t\t\t\t<div class=\"elementor-element elementor-element-2d8b95e elementor-align-left elementor-widget elementor-widget-button\" data-id=\"2d8b95e\" data-element_type=\"widget\" data-widget_type=\"button.default\">\n\t\t\t\t<div class=\"elementor-widget-container\">\n\t\t\t\t\t\t\t\t\t<div class=\"elementor-button-wrapper\">\n\t\t\t\t\t<a class=\"elementor-button elementor-button-link elementor-size-md\" href=\"https:\/\/www.intarcon.com\/fr\/conseils-techniques\/\">\n\t\t\t\t\t\t<span class=\"elementor-button-content-wrapper\">\n\t\t\t\t\t\t\t\t\t<span class=\"elementor-button-text\">Demande conseils techniques<\/span>\n\t\t\t\t\t<\/span>\n\t\t\t\t\t<\/a>\n\t\t\t\t<\/div>\n\t\t\t\t\t\t\t\t<\/div>\n\t\t\t\t<\/div>\n\t\t\t\t\t<\/div>\r\n\t\t\t\t<\/div>\r\n\t\t\t\t\t<\/div>\r\n\t\t\t\t<\/section>\r\n\t\t\t\t<\/div>\n\t\t<\/div><\/p>\n","protected":false},"featured_media":89479,"template":"","meta":[],"product_brand":[],"product_cat":[378],"product_tag":[],"class_list":{"0":"post-9530","1":"product","2":"type-product","3":"status-publish","4":"has-post-thumbnail","6":"product_cat-systeme-split-hfc","8":"first","9":"instock","10":"shipping-taxable","11":"product-type-simple"},"yoast_head":"<!-- This site is optimized with the Yoast SEO plugin v25.5 - https:\/\/yoast.com\/wordpress\/plugins\/seo\/ -->\n<title>Haute humidit\u00e9 - INTARCON<\/title>\n<meta name=\"description\" content=\"Les unit\u00e9s de haute humidit\u00e9 sont un syst\u00e8me split de r\u00e9frig\u00e9ration \u00e0 haute humidit\u00e9 dans le rang de moyenne temp\u00e9rature...\" \/>\n<meta name=\"robots\" content=\"index, follow, max-snippet:-1, max-image-preview:large, max-video-preview:-1\" \/>\n<link rel=\"canonical\" href=\"https:\/\/www.intarcon.com\/fr\/produit\/haute-humidite\/\" \/>\n<meta property=\"og:locale\" content=\"fr_FR\" \/>\n<meta property=\"og:type\" content=\"article\" \/>\n<meta property=\"og:title\" content=\"Haute humidit\u00e9 - INTARCON\" \/>\n<meta property=\"og:description\" content=\"Les unit\u00e9s de haute humidit\u00e9 sont un syst\u00e8me split de r\u00e9frig\u00e9ration \u00e0 haute humidit\u00e9 dans le rang de moyenne temp\u00e9rature...\" \/>\n<meta property=\"og:url\" content=\"https:\/\/www.intarcon.com\/fr\/produit\/haute-humidite\/\" \/>\n<meta property=\"og:site_name\" content=\"INTARCON\" \/>\n<meta property=\"article:publisher\" content=\"https:\/\/www.facebook.com\/intarcon\/\" \/>\n<meta property=\"article:modified_time\" content=\"2025-01-30T08:26:22+00:00\" \/>\n<meta property=\"og:image\" content=\"https:\/\/www.intarcon.com\/wp-content\/uploads\/2019\/06\/equipo-semicompacto-alta-humedad.webp\" \/>\n\t<meta property=\"og:image:width\" content=\"600\" \/>\n\t<meta property=\"og:image:height\" content=\"600\" \/>\n\t<meta property=\"og:image:type\" content=\"image\/webp\" \/>\n<meta name=\"twitter:card\" content=\"summary_large_image\" \/>\n<meta name=\"twitter:site\" content=\"@Intarcon\" \/>\n<meta name=\"twitter:label1\" content=\"Est. reading time\" \/>\n\t<meta name=\"twitter:data1\" content=\"2 minutes\" \/>\n<script type=\"application\/ld+json\" class=\"yoast-schema-graph\">{\"@context\":\"https:\/\/schema.org\",\"@graph\":[{\"@type\":\"WebPage\",\"@id\":\"https:\/\/www.intarcon.com\/fr\/produit\/haute-humidite\/\",\"url\":\"https:\/\/www.intarcon.com\/fr\/produit\/haute-humidite\/\",\"name\":\"Haute humidit\u00e9 - INTARCON\",\"isPartOf\":{\"@id\":\"https:\/\/www.intarcon.com\/fr\/#website\"},\"primaryImageOfPage\":{\"@id\":\"https:\/\/www.intarcon.com\/fr\/produit\/haute-humidite\/#primaryimage\"},\"image\":{\"@id\":\"https:\/\/www.intarcon.com\/fr\/produit\/haute-humidite\/#primaryimage\"},\"thumbnailUrl\":\"https:\/\/www.intarcon.com\/wp-content\/uploads\/2019\/06\/equipo-semicompacto-alta-humedad.webp\",\"datePublished\":\"2019-06-23T06:42:18+00:00\",\"dateModified\":\"2025-01-30T08:26:22+00:00\",\"description\":\"Les unit\u00e9s de haute humidit\u00e9 sont un syst\u00e8me split de r\u00e9frig\u00e9ration \u00e0 haute humidit\u00e9 dans le rang de moyenne temp\u00e9rature...\",\"breadcrumb\":{\"@id\":\"https:\/\/www.intarcon.com\/fr\/produit\/haute-humidite\/#breadcrumb\"},\"inLanguage\":\"fr\",\"potentialAction\":[{\"@type\":\"ReadAction\",\"target\":[\"https:\/\/www.intarcon.com\/fr\/produit\/haute-humidite\/\"]}]},{\"@type\":\"ImageObject\",\"inLanguage\":\"fr\",\"@id\":\"https:\/\/www.intarcon.com\/fr\/produit\/haute-humidite\/#primaryimage\",\"url\":\"https:\/\/www.intarcon.com\/wp-content\/uploads\/2019\/06\/equipo-semicompacto-alta-humedad.webp\",\"contentUrl\":\"https:\/\/www.intarcon.com\/wp-content\/uploads\/2019\/06\/equipo-semicompacto-alta-humedad.webp\",\"width\":600,\"height\":600,\"caption\":\"Equipo semicompacto de refrigeraci\u00f3n para alta humedad\"},{\"@type\":\"BreadcrumbList\",\"@id\":\"https:\/\/www.intarcon.com\/fr\/produit\/haute-humidite\/#breadcrumb\",\"itemListElement\":[{\"@type\":\"ListItem\",\"position\":1,\"name\":\"Portada\",\"item\":\"https:\/\/www.intarcon.com\/fr\/\"},{\"@type\":\"ListItem\",\"position\":2,\"name\":\"Producto\",\"item\":\"https:\/\/www.intarcon.com\/producto\/\"},{\"@type\":\"ListItem\",\"position\":3,\"name\":\"HFC\",\"item\":\"https:\/\/www.intarcon.com\/fr\/technologie\/hfc\/\"},{\"@type\":\"ListItem\",\"position\":4,\"name\":\"Syst\u00e8me split\",\"item\":\"https:\/\/www.intarcon.com\/fr\/technologie\/hfc\/systeme-split-hfc\/\"},{\"@type\":\"ListItem\",\"position\":5,\"name\":\"Haute humidit\u00e9\"}]},{\"@type\":\"WebSite\",\"@id\":\"https:\/\/www.intarcon.com\/fr\/#website\",\"url\":\"https:\/\/www.intarcon.com\/fr\/\",\"name\":\"INTARCON\",\"description\":\"\",\"potentialAction\":[{\"@type\":\"SearchAction\",\"target\":{\"@type\":\"EntryPoint\",\"urlTemplate\":\"https:\/\/www.intarcon.com\/fr\/?s={search_term_string}\"},\"query-input\":{\"@type\":\"PropertyValueSpecification\",\"valueRequired\":true,\"valueName\":\"search_term_string\"}}],\"inLanguage\":\"fr\"}]}<\/script>\n<!-- \/ Yoast SEO plugin. -->","yoast_head_json":{"title":"Haute humidit\u00e9 - INTARCON","description":"Les unit\u00e9s de haute humidit\u00e9 sont un syst\u00e8me split de r\u00e9frig\u00e9ration \u00e0 haute humidit\u00e9 dans le rang de moyenne temp\u00e9rature...","robots":{"index":"index","follow":"follow","max-snippet":"max-snippet:-1","max-image-preview":"max-image-preview:large","max-video-preview":"max-video-preview:-1"},"canonical":"https:\/\/www.intarcon.com\/fr\/produit\/haute-humidite\/","og_locale":"fr_FR","og_type":"article","og_title":"Haute humidit\u00e9 - INTARCON","og_description":"Les unit\u00e9s de haute humidit\u00e9 sont un syst\u00e8me split de r\u00e9frig\u00e9ration \u00e0 haute humidit\u00e9 dans le rang de moyenne temp\u00e9rature...","og_url":"https:\/\/www.intarcon.com\/fr\/produit\/haute-humidite\/","og_site_name":"INTARCON","article_publisher":"https:\/\/www.facebook.com\/intarcon\/","article_modified_time":"2025-01-30T08:26:22+00:00","og_image":[{"width":600,"height":600,"url":"https:\/\/www.intarcon.com\/wp-content\/uploads\/2019\/06\/equipo-semicompacto-alta-humedad.webp","type":"image\/webp"}],"twitter_card":"summary_large_image","twitter_site":"@Intarcon","twitter_misc":{"Est. reading time":"2 minutes"},"schema":{"@context":"https:\/\/schema.org","@graph":[{"@type":"WebPage","@id":"https:\/\/www.intarcon.com\/fr\/produit\/haute-humidite\/","url":"https:\/\/www.intarcon.com\/fr\/produit\/haute-humidite\/","name":"Haute humidit\u00e9 - INTARCON","isPartOf":{"@id":"https:\/\/www.intarcon.com\/fr\/#website"},"primaryImageOfPage":{"@id":"https:\/\/www.intarcon.com\/fr\/produit\/haute-humidite\/#primaryimage"},"image":{"@id":"https:\/\/www.intarcon.com\/fr\/produit\/haute-humidite\/#primaryimage"},"thumbnailUrl":"https:\/\/www.intarcon.com\/wp-content\/uploads\/2019\/06\/equipo-semicompacto-alta-humedad.webp","datePublished":"2019-06-23T06:42:18+00:00","dateModified":"2025-01-30T08:26:22+00:00","description":"Les unit\u00e9s de haute humidit\u00e9 sont un syst\u00e8me split de r\u00e9frig\u00e9ration \u00e0 haute humidit\u00e9 dans le rang de moyenne temp\u00e9rature...","breadcrumb":{"@id":"https:\/\/www.intarcon.com\/fr\/produit\/haute-humidite\/#breadcrumb"},"inLanguage":"fr","potentialAction":[{"@type":"ReadAction","target":["https:\/\/www.intarcon.com\/fr\/produit\/haute-humidite\/"]}]},{"@type":"ImageObject","inLanguage":"fr","@id":"https:\/\/www.intarcon.com\/fr\/produit\/haute-humidite\/#primaryimage","url":"https:\/\/www.intarcon.com\/wp-content\/uploads\/2019\/06\/equipo-semicompacto-alta-humedad.webp","contentUrl":"https:\/\/www.intarcon.com\/wp-content\/uploads\/2019\/06\/equipo-semicompacto-alta-humedad.webp","width":600,"height":600,"caption":"Equipo semicompacto de refrigeraci\u00f3n para alta humedad"},{"@type":"BreadcrumbList","@id":"https:\/\/www.intarcon.com\/fr\/produit\/haute-humidite\/#breadcrumb","itemListElement":[{"@type":"ListItem","position":1,"name":"Portada","item":"https:\/\/www.intarcon.com\/fr\/"},{"@type":"ListItem","position":2,"name":"Producto","item":"https:\/\/www.intarcon.com\/producto\/"},{"@type":"ListItem","position":3,"name":"HFC","item":"https:\/\/www.intarcon.com\/fr\/technologie\/hfc\/"},{"@type":"ListItem","position":4,"name":"Syst\u00e8me split","item":"https:\/\/www.intarcon.com\/fr\/technologie\/hfc\/systeme-split-hfc\/"},{"@type":"ListItem","position":5,"name":"Haute humidit\u00e9"}]},{"@type":"WebSite","@id":"https:\/\/www.intarcon.com\/fr\/#website","url":"https:\/\/www.intarcon.com\/fr\/","name":"INTARCON","description":"","potentialAction":[{"@type":"SearchAction","target":{"@type":"EntryPoint","urlTemplate":"https:\/\/www.intarcon.com\/fr\/?s={search_term_string}"},"query-input":{"@type":"PropertyValueSpecification","valueRequired":true,"valueName":"search_term_string"}}],"inLanguage":"fr"}]}},"_links":{"self":[{"href":"https:\/\/www.intarcon.com\/fr\/wp-json\/wp\/v2\/product\/9530","targetHints":{"allow":["GET"]}}],"collection":[{"href":"https:\/\/www.intarcon.com\/fr\/wp-json\/wp\/v2\/product"}],"about":[{"href":"https:\/\/www.intarcon.com\/fr\/wp-json\/wp\/v2\/types\/product"}],"version-history":[{"count":0,"href":"https:\/\/www.intarcon.com\/fr\/wp-json\/wp\/v2\/product\/9530\/revisions"}],"wp:featuredmedia":[{"embeddable":true,"href":"https:\/\/www.intarcon.com\/fr\/wp-json\/wp\/v2\/media\/89479"}],"wp:attachment":[{"href":"https:\/\/www.intarcon.com\/fr\/wp-json\/wp\/v2\/media?parent=9530"}],"wp:term":[{"taxonomy":"product_brand","embeddable":true,"href":"https:\/\/www.intarcon.com\/fr\/wp-json\/wp\/v2\/product_brand?post=9530"},{"taxonomy":"product_cat","embeddable":true,"href":"https:\/\/www.intarcon.com\/fr\/wp-json\/wp\/v2\/product_cat?post=9530"},{"taxonomy":"product_tag","embeddable":true,"href":"https:\/\/www.intarcon.com\/fr\/wp-json\/wp\/v2\/product_tag?post=9530"}],"curies":[{"name":"wp","href":"https:\/\/api.w.org\/{rel}","templated":true}]}}