{"id":9520,"date":"2019-06-23T08:45:14","date_gmt":"2019-06-23T06:45:14","guid":{"rendered":"https:\/\/www.intarcon.com\/wordpress\/producto\/quasiestaticos\/"},"modified":"2025-01-30T09:14:18","modified_gmt":"2025-01-30T08:14:18","slug":"viande","status":"publish","type":"product","link":"https:\/\/www.intarcon.com\/fr\/produit\/viande\/","title":{"rendered":"Unit\u00e9s de conservation et maduration de viande"},"content":{"rendered":"<p>Syst\u00e8mes split de r\u00e9frig\u00e9ration \u00e0 moyenne temp\u00e9rature avec unit\u00e9 de condensation en version silencieux, horizontale ou centrifuge, et unit\u00e9 d\u2019\u00e9vaporation quasi-statique \u00e0 double flux d\u2019air<\/p>\n<p>Les \u00e9quipements quasi statiques sont disponibles en deux configurations:<\/p>\n<ul>\n<li>MSF-U : Syst\u00e8me split avec unit\u00e9 de condensation silencieuse et \u00e9vaporateur quasi-statique \u00e0 double flux d\u2019air.<\/li>\n<li>MSH-CU : Syst\u00e8me split avec unit\u00e9 de condensation centrifuge et \u00e9vaporateur quasi-statique \u00e0 double flux d\u2019air.<\/li>\n<\/ul>\n<p><strong>Conservation de viande<\/strong><\/p>\n<p>Les syst\u00e8mes split quasi-statiques sont sp\u00e9cifiquement recommand\u00e9s pour la conservation de viande fraiche autour 0 \u00baC.<\/p>\n<p>Les \u00e9vaporateurs \u00e0 double flux d\u2019air incorporent des ventilateurs \u00e0 faible vitesse pour simuler la circulation d\u2019air par convection naturelle, comme celle d\u2019un \u00e9vaporateur statique.<\/p>\n<p>La vitesse minimale d\u2019air \u00e9vite la perte d\u2019humidit\u00e9 du produit et maintient l\u2019humidit\u00e9 relative appropri\u00e9e \u00e0 fin d\u2019\u00e9viter la prolif\u00e9ration bact\u00e9rienne sur la surface du produit.<\/p>\n<p><strong>Maturation de viande (en option)<\/strong><br \/>\nLa maturation de viande n\u00e9cessite le contr\u00f4le de l\u2019humidit\u00e9 relative de la chambre froide dans une plage donn\u00e9e.<\/p>\n<p>Les \u00e9quipements de maturation de viande sont con\u00e7us pour une temp\u00e9rature autour de 0 \u00baC et une plage d\u2019humidit\u00e9 relative entre le 40 % et 95 %.<\/p>\n<p>Les \u00e9quipements incluent une r\u00e9gulation \u00e9lectronique pour le contr\u00f4le de temp\u00e9rature et humidit\u00e9 \u00e0 l\u2019int\u00e9rieur de la chambre froide. Ses fonctions sont d\u2019humidification et d\u00e9shumidification avec une capacit\u00e9 de vapeur jusqu\u2019\u00e0 3 kg\/h, compos\u00e9 de:<\/p>\n<ul>\n<li>Lances \u00e0 vapeur int\u00e9gr\u00e9es dans l\u2019unit\u00e9 d\u2019\u00e9vaporation.<\/li>\n<li>Un g\u00e9n\u00e9rateur de vapeur gr\u00e2ce au \u00e9lectrodes inond\u00e9es, vanne d\u2019entr\u00e9e, purgeur d\u2019eau.<\/li>\n<li>L\u2019\u00e9lectronique pour contr\u00f4ler l\u2019humidit\u00e9 relative dans la chambre froide.<\/li>\n<\/ul>\n<p><img fetchpriority=\"high\" decoding=\"async\" class=\"size-full wp-image-24793 aligncenter\" src=\"https:\/\/www.intarcon.com\/wp-content\/uploads\/2019\/06\/fr-2021-instalacion-maduracionyconservacion-carne.png\" alt=\"fr-2021-instalacion-maduracionyconservacion-carne\" width=\"579\" height=\"243\" srcset=\"https:\/\/www.intarcon.com\/wp-content\/uploads\/2019\/06\/fr-2021-instalacion-maduracionyconservacion-carne.png 579w, https:\/\/www.intarcon.com\/wp-content\/uploads\/2019\/06\/fr-2021-instalacion-maduracionyconservacion-carne-400x168.png 400w, https:\/\/www.intarcon.com\/wp-content\/uploads\/2019\/06\/fr-2021-instalacion-maduracionyconservacion-carne-367x154.png 367w\" sizes=\"(max-width: 579px) 100vw, 579px\" \/><\/p>\n<p>&nbsp;<\/p>\n","protected":false},"excerpt":{"rendered":"<h2 style=\"color: #999999; font-size: 18px; margin-bottom: 0px; line-height: 29px;\">\u00c9quipements split de r\u00e9frigeration avec minimale circulation de l\u2019air<\/h2>\n<p>\u00c9quipements split de r\u00e9frig\u00e9ration \u00e0 moyenne temp\u00e9rature avec une unit\u00e9 d\u2019evaporation de plafond du type quasi-statique<br \/>\n<style>.elementor-widget-button .elementor-button{background-color:var( --e-global-color-accent );}.elementor-29436 .elementor-element.elementor-element-2d8b95e .elementor-button{background-color:#0085BB;font-family:\"Roboto\", Montserrat;font-size:1.1em;font-weight:600;text-decoration:none;fill:#FFFFFF;color:#FFFFFF;border-style:solid;border-width:2px 2px 2px 2px;border-color:#0085BB;border-radius:33px 33px 33px 33px;padding:14px 20px 14px 20px;}.elementor-29436 .elementor-element.elementor-element-2d8b95e .elementor-button:hover, .elementor-29436 .elementor-element.elementor-element-2d8b95e .elementor-button:focus{background-color:#FFFFFF;color:#0085BB;border-color:#0085BB;}.elementor-29436 .elementor-element.elementor-element-2d8b95e > .elementor-widget-container{margin:2% 0% 1% 0%;}.elementor-29436 .elementor-element.elementor-element-2d8b95e .elementor-button:hover svg, .elementor-29436 .elementor-element.elementor-element-2d8b95e .elementor-button:focus svg{fill:#0085BB;}@media(max-width:767px){.elementor-29436 .elementor-element.elementor-element-2d8b95e > .elementor-widget-container{margin:-20px 0px 50px 0px;}}<\/style><div class=\"porto-block\" data-id=\"29436\">\t\t<div data-elementor-type=\"wp-post\" data-elementor-id=\"29436\" class=\"elementor elementor-29436 elementor-29420\" data-elementor-post-type=\"porto_builder\">\n\t\t\t\t\t\t<section class=\"elementor-section elementor-top-section elementor-element elementor-element-4601687 elementor-section-boxed elementor-section-height-default elementor-section-height-default\" data-id=\"4601687\" data-element_type=\"section\">\r\n\t\t\r\n\t\t\t\t\t\t\t<div class=\"elementor-container elementor-column-gap-default\">\r\n\t\t\t\t\t\t\t\t\t\t\t<div class=\"elementor-column elementor-col-100 elementor-top-column elementor-element elementor-element-7f3a8ac\" data-id=\"7f3a8ac\" data-element_type=\"column\">\r\n\t\t\t\t\t<div class=\"elementor-widget-wrap elementor-element-populated\">\r\n\t\t\t\t\t\t\t\t<div class=\"elementor-element elementor-element-2d8b95e elementor-align-left elementor-widget elementor-widget-button\" data-id=\"2d8b95e\" data-element_type=\"widget\" data-widget_type=\"button.default\">\n\t\t\t\t<div class=\"elementor-widget-container\">\n\t\t\t\t\t\t\t\t\t<div class=\"elementor-button-wrapper\">\n\t\t\t\t\t<a class=\"elementor-button elementor-button-link elementor-size-md\" href=\"https:\/\/www.intarcon.com\/fr\/conseils-techniques\/\">\n\t\t\t\t\t\t<span class=\"elementor-button-content-wrapper\">\n\t\t\t\t\t\t\t\t\t<span class=\"elementor-button-text\">Demande conseils techniques<\/span>\n\t\t\t\t\t<\/span>\n\t\t\t\t\t<\/a>\n\t\t\t\t<\/div>\n\t\t\t\t\t\t\t\t<\/div>\n\t\t\t\t<\/div>\n\t\t\t\t\t<\/div>\r\n\t\t\t\t<\/div>\r\n\t\t\t\t\t<\/div>\r\n\t\t\t\t<\/section>\r\n\t\t\t\t<\/div>\n\t\t<\/div><\/p>\n","protected":false},"featured_media":89295,"template":"","meta":[],"product_brand":[],"product_cat":[378],"product_tag":[],"class_list":{"0":"post-9520","1":"product","2":"type-product","3":"status-publish","4":"has-post-thumbnail","6":"product_cat-systeme-split-hfc","8":"first","9":"instock","10":"shipping-taxable","11":"product-type-simple"},"yoast_head":"<!-- This site is optimized with the Yoast SEO plugin v25.5 - https:\/\/yoast.com\/wordpress\/plugins\/seo\/ -->\n<title>Unit\u00e9s de conservation et maduration de viande - INTARCON<\/title>\n<meta name=\"description\" content=\"Les unit\u00e9s de conservation et de maduration de la viande sont syst\u00e8mes split de r\u00e9frig\u00e9ration \u00e0 moyenne temp\u00e9rature avec unit\u00e9 de condensation en version silencieux.\" \/>\n<meta name=\"robots\" content=\"index, follow, max-snippet:-1, max-image-preview:large, max-video-preview:-1\" \/>\n<link rel=\"canonical\" href=\"https:\/\/www.intarcon.com\/fr\/produit\/viande\/\" \/>\n<meta property=\"og:locale\" content=\"fr_FR\" \/>\n<meta property=\"og:type\" content=\"article\" \/>\n<meta property=\"og:title\" content=\"Unit\u00e9s de conservation et maduration de viande - INTARCON\" \/>\n<meta property=\"og:description\" content=\"Les unit\u00e9s de conservation et de maduration de la viande sont syst\u00e8mes split de r\u00e9frig\u00e9ration \u00e0 moyenne temp\u00e9rature avec unit\u00e9 de condensation en version silencieux.\" \/>\n<meta property=\"og:url\" content=\"https:\/\/www.intarcon.com\/fr\/produit\/viande\/\" \/>\n<meta property=\"og:site_name\" content=\"INTARCON\" \/>\n<meta property=\"article:publisher\" content=\"https:\/\/www.facebook.com\/intarcon\/\" \/>\n<meta property=\"article:modified_time\" content=\"2025-01-30T08:14:18+00:00\" \/>\n<meta property=\"og:image\" content=\"https:\/\/www.intarcon.com\/wp-content\/uploads\/2019\/06\/equipo-semicompacto-maduracion-conservacion-carne.webp\" \/>\n\t<meta property=\"og:image:width\" content=\"600\" \/>\n\t<meta property=\"og:image:height\" content=\"600\" \/>\n\t<meta property=\"og:image:type\" content=\"image\/webp\" \/>\n<meta name=\"twitter:card\" content=\"summary_large_image\" \/>\n<meta name=\"twitter:site\" content=\"@Intarcon\" \/>\n<meta name=\"twitter:label1\" content=\"Est. reading time\" \/>\n\t<meta name=\"twitter:data1\" content=\"2 minutes\" \/>\n<script type=\"application\/ld+json\" class=\"yoast-schema-graph\">{\"@context\":\"https:\/\/schema.org\",\"@graph\":[{\"@type\":\"WebPage\",\"@id\":\"https:\/\/www.intarcon.com\/fr\/produit\/viande\/\",\"url\":\"https:\/\/www.intarcon.com\/fr\/produit\/viande\/\",\"name\":\"Unit\u00e9s de conservation et maduration de viande - INTARCON\",\"isPartOf\":{\"@id\":\"https:\/\/www.intarcon.com\/fr\/#website\"},\"primaryImageOfPage\":{\"@id\":\"https:\/\/www.intarcon.com\/fr\/produit\/viande\/#primaryimage\"},\"image\":{\"@id\":\"https:\/\/www.intarcon.com\/fr\/produit\/viande\/#primaryimage\"},\"thumbnailUrl\":\"https:\/\/www.intarcon.com\/wp-content\/uploads\/2019\/06\/equipo-semicompacto-maduracion-conservacion-carne.webp\",\"datePublished\":\"2019-06-23T06:45:14+00:00\",\"dateModified\":\"2025-01-30T08:14:18+00:00\",\"description\":\"Les unit\u00e9s de conservation et de maduration de la viande sont syst\u00e8mes split de r\u00e9frig\u00e9ration \u00e0 moyenne temp\u00e9rature avec unit\u00e9 de condensation en version silencieux.\",\"breadcrumb\":{\"@id\":\"https:\/\/www.intarcon.com\/fr\/produit\/viande\/#breadcrumb\"},\"inLanguage\":\"fr\",\"potentialAction\":[{\"@type\":\"ReadAction\",\"target\":[\"https:\/\/www.intarcon.com\/fr\/produit\/viande\/\"]}]},{\"@type\":\"ImageObject\",\"inLanguage\":\"fr\",\"@id\":\"https:\/\/www.intarcon.com\/fr\/produit\/viande\/#primaryimage\",\"url\":\"https:\/\/www.intarcon.com\/wp-content\/uploads\/2019\/06\/equipo-semicompacto-maduracion-conservacion-carne.webp\",\"contentUrl\":\"https:\/\/www.intarcon.com\/wp-content\/uploads\/2019\/06\/equipo-semicompacto-maduracion-conservacion-carne.webp\",\"width\":600,\"height\":600,\"caption\":\"Equipo semicompacto de refrigeraci\u00f3n para conservaci\u00f3n y maduraci\u00f3n de carne - INTARCON\"},{\"@type\":\"BreadcrumbList\",\"@id\":\"https:\/\/www.intarcon.com\/fr\/produit\/viande\/#breadcrumb\",\"itemListElement\":[{\"@type\":\"ListItem\",\"position\":1,\"name\":\"Portada\",\"item\":\"https:\/\/www.intarcon.com\/fr\/\"},{\"@type\":\"ListItem\",\"position\":2,\"name\":\"Producto\",\"item\":\"https:\/\/www.intarcon.com\/producto\/\"},{\"@type\":\"ListItem\",\"position\":3,\"name\":\"HFC\",\"item\":\"https:\/\/www.intarcon.com\/fr\/technologie\/hfc\/\"},{\"@type\":\"ListItem\",\"position\":4,\"name\":\"Syst\u00e8me split\",\"item\":\"https:\/\/www.intarcon.com\/fr\/technologie\/hfc\/systeme-split-hfc\/\"},{\"@type\":\"ListItem\",\"position\":5,\"name\":\"Unit\u00e9s de conservation et maduration de viande\"}]},{\"@type\":\"WebSite\",\"@id\":\"https:\/\/www.intarcon.com\/fr\/#website\",\"url\":\"https:\/\/www.intarcon.com\/fr\/\",\"name\":\"INTARCON\",\"description\":\"\",\"potentialAction\":[{\"@type\":\"SearchAction\",\"target\":{\"@type\":\"EntryPoint\",\"urlTemplate\":\"https:\/\/www.intarcon.com\/fr\/?s={search_term_string}\"},\"query-input\":{\"@type\":\"PropertyValueSpecification\",\"valueRequired\":true,\"valueName\":\"search_term_string\"}}],\"inLanguage\":\"fr\"}]}<\/script>\n<!-- \/ Yoast SEO plugin. -->","yoast_head_json":{"title":"Unit\u00e9s de conservation et maduration de viande - INTARCON","description":"Les unit\u00e9s de conservation et de maduration de la viande sont syst\u00e8mes split de r\u00e9frig\u00e9ration \u00e0 moyenne temp\u00e9rature avec unit\u00e9 de condensation en version silencieux.","robots":{"index":"index","follow":"follow","max-snippet":"max-snippet:-1","max-image-preview":"max-image-preview:large","max-video-preview":"max-video-preview:-1"},"canonical":"https:\/\/www.intarcon.com\/fr\/produit\/viande\/","og_locale":"fr_FR","og_type":"article","og_title":"Unit\u00e9s de conservation et maduration de viande - INTARCON","og_description":"Les unit\u00e9s de conservation et de maduration de la viande sont syst\u00e8mes split de r\u00e9frig\u00e9ration \u00e0 moyenne temp\u00e9rature avec unit\u00e9 de condensation en version silencieux.","og_url":"https:\/\/www.intarcon.com\/fr\/produit\/viande\/","og_site_name":"INTARCON","article_publisher":"https:\/\/www.facebook.com\/intarcon\/","article_modified_time":"2025-01-30T08:14:18+00:00","og_image":[{"width":600,"height":600,"url":"https:\/\/www.intarcon.com\/wp-content\/uploads\/2019\/06\/equipo-semicompacto-maduracion-conservacion-carne.webp","type":"image\/webp"}],"twitter_card":"summary_large_image","twitter_site":"@Intarcon","twitter_misc":{"Est. reading time":"2 minutes"},"schema":{"@context":"https:\/\/schema.org","@graph":[{"@type":"WebPage","@id":"https:\/\/www.intarcon.com\/fr\/produit\/viande\/","url":"https:\/\/www.intarcon.com\/fr\/produit\/viande\/","name":"Unit\u00e9s de conservation et maduration de viande - INTARCON","isPartOf":{"@id":"https:\/\/www.intarcon.com\/fr\/#website"},"primaryImageOfPage":{"@id":"https:\/\/www.intarcon.com\/fr\/produit\/viande\/#primaryimage"},"image":{"@id":"https:\/\/www.intarcon.com\/fr\/produit\/viande\/#primaryimage"},"thumbnailUrl":"https:\/\/www.intarcon.com\/wp-content\/uploads\/2019\/06\/equipo-semicompacto-maduracion-conservacion-carne.webp","datePublished":"2019-06-23T06:45:14+00:00","dateModified":"2025-01-30T08:14:18+00:00","description":"Les unit\u00e9s de conservation et de maduration de la viande sont syst\u00e8mes split de r\u00e9frig\u00e9ration \u00e0 moyenne temp\u00e9rature avec unit\u00e9 de condensation en version silencieux.","breadcrumb":{"@id":"https:\/\/www.intarcon.com\/fr\/produit\/viande\/#breadcrumb"},"inLanguage":"fr","potentialAction":[{"@type":"ReadAction","target":["https:\/\/www.intarcon.com\/fr\/produit\/viande\/"]}]},{"@type":"ImageObject","inLanguage":"fr","@id":"https:\/\/www.intarcon.com\/fr\/produit\/viande\/#primaryimage","url":"https:\/\/www.intarcon.com\/wp-content\/uploads\/2019\/06\/equipo-semicompacto-maduracion-conservacion-carne.webp","contentUrl":"https:\/\/www.intarcon.com\/wp-content\/uploads\/2019\/06\/equipo-semicompacto-maduracion-conservacion-carne.webp","width":600,"height":600,"caption":"Equipo semicompacto de refrigeraci\u00f3n para conservaci\u00f3n y maduraci\u00f3n de carne - INTARCON"},{"@type":"BreadcrumbList","@id":"https:\/\/www.intarcon.com\/fr\/produit\/viande\/#breadcrumb","itemListElement":[{"@type":"ListItem","position":1,"name":"Portada","item":"https:\/\/www.intarcon.com\/fr\/"},{"@type":"ListItem","position":2,"name":"Producto","item":"https:\/\/www.intarcon.com\/producto\/"},{"@type":"ListItem","position":3,"name":"HFC","item":"https:\/\/www.intarcon.com\/fr\/technologie\/hfc\/"},{"@type":"ListItem","position":4,"name":"Syst\u00e8me split","item":"https:\/\/www.intarcon.com\/fr\/technologie\/hfc\/systeme-split-hfc\/"},{"@type":"ListItem","position":5,"name":"Unit\u00e9s de conservation et maduration de viande"}]},{"@type":"WebSite","@id":"https:\/\/www.intarcon.com\/fr\/#website","url":"https:\/\/www.intarcon.com\/fr\/","name":"INTARCON","description":"","potentialAction":[{"@type":"SearchAction","target":{"@type":"EntryPoint","urlTemplate":"https:\/\/www.intarcon.com\/fr\/?s={search_term_string}"},"query-input":{"@type":"PropertyValueSpecification","valueRequired":true,"valueName":"search_term_string"}}],"inLanguage":"fr"}]}},"_links":{"self":[{"href":"https:\/\/www.intarcon.com\/fr\/wp-json\/wp\/v2\/product\/9520","targetHints":{"allow":["GET"]}}],"collection":[{"href":"https:\/\/www.intarcon.com\/fr\/wp-json\/wp\/v2\/product"}],"about":[{"href":"https:\/\/www.intarcon.com\/fr\/wp-json\/wp\/v2\/types\/product"}],"version-history":[{"count":0,"href":"https:\/\/www.intarcon.com\/fr\/wp-json\/wp\/v2\/product\/9520\/revisions"}],"wp:featuredmedia":[{"embeddable":true,"href":"https:\/\/www.intarcon.com\/fr\/wp-json\/wp\/v2\/media\/89295"}],"wp:attachment":[{"href":"https:\/\/www.intarcon.com\/fr\/wp-json\/wp\/v2\/media?parent=9520"}],"wp:term":[{"taxonomy":"product_brand","embeddable":true,"href":"https:\/\/www.intarcon.com\/fr\/wp-json\/wp\/v2\/product_brand?post=9520"},{"taxonomy":"product_cat","embeddable":true,"href":"https:\/\/www.intarcon.com\/fr\/wp-json\/wp\/v2\/product_cat?post=9520"},{"taxonomy":"product_tag","embeddable":true,"href":"https:\/\/www.intarcon.com\/fr\/wp-json\/wp\/v2\/product_tag?post=9520"}],"curies":[{"name":"wp","href":"https:\/\/api.w.org\/{rel}","templated":true}]}}