{"id":9510,"date":"2019-06-23T08:49:28","date_gmt":"2019-06-23T06:49:28","guid":{"rendered":"https:\/\/www.intarcon.com\/wordpress\/producto\/bodegas\/"},"modified":"2025-01-30T09:46:42","modified_gmt":"2025-01-30T08:46:42","slug":"caves","status":"publish","type":"product","link":"https:\/\/www.intarcon.com\/fr\/produit\/caves\/","title":{"rendered":"Unit\u00e9s pour Caves, fromages et mini-s\u00e9choirs"},"content":{"rendered":"<ul>\n<li>\u00c9quipement pour la climatisation des caves, en construction split avec unit\u00e9 de condensation silencieuse ou centrifuge et unit\u00e9 d&#8217;\u00e9vaporation au plafond avec double flux d&#8217;air, \u00e9quip\u00e9 d&#8217;\u00e9l\u00e9ments chauffants, d&#8217;un syst\u00e8me d&#8217;humidification\/d\u00e9shumidification, d&#8217;une pompe \u00e0 condensats, et en construction compacte sur le toit, avec condensation axiale ou centrifuge.<\/li>\n<li>Syst\u00e8me d&#8217;humidification\/d\u00e9shumidification, pompe \u00e0 condensat, et en construction compacte mont\u00e9e sur le toit, avec condensation axiale ou centrifuge.<\/li>\n<\/ul>\n<p><strong>\u00a0 \u00a0 \u00a0 APPLICATIONS<\/strong><\/p>\n<ul>\n<li>Conservation du vin en bouteille.<\/li>\n<li>R\u00e9frig\u00e9ration \u00e0 haute temp\u00e9rature avec contr\u00f4le de l\u2019humidit\u00e9.<\/li>\n<li>Conservation du vin en barriques.<\/li>\n<li>Affinage des fromages.<\/li>\n<li>Mini-s\u00e9choir \u00e0 charcuterie.<\/li>\n<li>Conservation des cigares et tabac.<\/li>\n<\/ul>\n<p><img fetchpriority=\"high\" decoding=\"async\" class=\"size-full wp-image-23660 aligncenter\" src=\"https:\/\/www.intarcon.com\/wp-content\/uploads\/2019\/06\/fr-2021-instalacion-bodegas-vsh-vsf.png\" alt=\"fr-2021-instalacion-bodegas-vsh-vsf\" width=\"590\" height=\"442\" srcset=\"https:\/\/www.intarcon.com\/wp-content\/uploads\/2019\/06\/fr-2021-instalacion-bodegas-vsh-vsf.png 590w, https:\/\/www.intarcon.com\/wp-content\/uploads\/2019\/06\/fr-2021-instalacion-bodegas-vsh-vsf-463x348.png 463w, https:\/\/www.intarcon.com\/wp-content\/uploads\/2019\/06\/fr-2021-instalacion-bodegas-vsh-vsf-400x300.png 400w, https:\/\/www.intarcon.com\/wp-content\/uploads\/2019\/06\/fr-2021-instalacion-bodegas-vsh-vsf-367x275.png 367w\" sizes=\"(max-width: 590px) 100vw, 590px\" \/><\/p>\n<p>&nbsp;<\/p>\n<p><strong>Conservation du vin en bouteille<\/strong><br \/>\nLe vin en bouteille a besoins des conditions de temp\u00e9rature et d\u2019humidit\u00e9 contr\u00f4l\u00e9es pour une conservation optimale<br \/>\ndu produit ainsi que d\u2019\u00e9viter le s\u00e9chage du li\u00e8ge et la moisissure des \u00e9tiquettes.<\/p>\n<p>Les \u00e9quipements pour caves \u00e0 vin garantissent des conditions optimales de conservation du vin en bouteille.<\/p>\n<p><strong>Conservation du vin en barriques<\/strong><br \/>\nL\u2019humidit\u00e9 relative \u00e0 l\u2019int\u00e9rieur de la cave est sp\u00e9cialement important pour la bonne conservation du vin en barrique.<br \/>\nElle doit \u00eatre bien ajust\u00e9e pour \u00e9viter que la vapeur d\u2019eau de l\u2019ambiance rentre \u00e0 l\u2019int\u00e9rieur de la barrique et donc \u00e9viter les pertes de vin.<\/p>\n<p><strong>Kit externe d\u2019humidification \u00e0 vapeur<\/strong><\/p>\n<p>Capacit\u00e9 d\u2019humidification jusqu\u2019\u00e0 3 kg vapeur d\u2019eau \/ heure, compos\u00e9 de lances \u00e0 vapeur int\u00e9gr\u00e9es dans l\u2019unit\u00e9 d\u2019\u00e9vaporation, un g\u00e9n\u00e9rateur de vapeur gr\u00e2ce au \u00e9lectrodes inond\u00e9es, vanne d\u2019entr\u00e9e, purgeur d\u2019eau.<\/p>\n<p><a href=\"https:\/\/www.intarcon.com\/fr\/guide-de-la-refrigeration-des-caves\/\"><img decoding=\"async\" class=\"aligncenter size-full wp-image-39394\" src=\"https:\/\/www.intarcon.com\/wp-content\/uploads\/2021\/12\/cta-guia-de-bodegas-fr-1204-x-347-px.jpg\" alt=\"R\u00e9frig\u00e9ration du vin stock\u00e9 en cave\" width=\"1204\" height=\"347\" srcset=\"https:\/\/www.intarcon.com\/wp-content\/uploads\/2021\/12\/cta-guia-de-bodegas-fr-1204-x-347-px.jpg 1204w, https:\/\/www.intarcon.com\/wp-content\/uploads\/2021\/12\/cta-guia-de-bodegas-fr-1204-x-347-px-768x221.jpg 768w, https:\/\/www.intarcon.com\/wp-content\/uploads\/2021\/12\/cta-guia-de-bodegas-fr-1204-x-347-px-640x184.jpg 640w, https:\/\/www.intarcon.com\/wp-content\/uploads\/2021\/12\/cta-guia-de-bodegas-fr-1204-x-347-px-400x115.jpg 400w, https:\/\/www.intarcon.com\/wp-content\/uploads\/2021\/12\/cta-guia-de-bodegas-fr-1204-x-347-px-367x106.jpg 367w, https:\/\/www.intarcon.com\/wp-content\/uploads\/2021\/12\/cta-guia-de-bodegas-fr-1204-x-347-px-600x173.jpg 600w\" sizes=\"(max-width: 1204px) 100vw, 1204px\" \/><\/a><\/p>\n","protected":false},"excerpt":{"rendered":"<h2 style=\"color: #999999; font-size: 18px; margin-bottom: 0px; line-height: 29px;\">\u00c9quipements pour le conditionnement des caves<\/h2>\n<p>Syst\u00e8mes split de r\u00e9frigeration compos\u00e9 d\u2019une unite\u00b4de condensation axiale silencieuse ou centrifuge et une unit\u00e9 d\u2019evaporation \u00e0 double flux d\u2019air<br \/>\n<style>.elementor-widget-button .elementor-button{background-color:var( --e-global-color-accent );}.elementor-29436 .elementor-element.elementor-element-2d8b95e .elementor-button{background-color:#0085BB;font-family:\"Roboto\", Montserrat;font-size:1.1em;font-weight:600;text-decoration:none;fill:#FFFFFF;color:#FFFFFF;border-style:solid;border-width:2px 2px 2px 2px;border-color:#0085BB;border-radius:33px 33px 33px 33px;padding:14px 20px 14px 20px;}.elementor-29436 .elementor-element.elementor-element-2d8b95e .elementor-button:hover, .elementor-29436 .elementor-element.elementor-element-2d8b95e .elementor-button:focus{background-color:#FFFFFF;color:#0085BB;border-color:#0085BB;}.elementor-29436 .elementor-element.elementor-element-2d8b95e > .elementor-widget-container{margin:2% 0% 1% 0%;}.elementor-29436 .elementor-element.elementor-element-2d8b95e .elementor-button:hover svg, .elementor-29436 .elementor-element.elementor-element-2d8b95e .elementor-button:focus svg{fill:#0085BB;}@media(max-width:767px){.elementor-29436 .elementor-element.elementor-element-2d8b95e > .elementor-widget-container{margin:-20px 0px 50px 0px;}}<\/style><div class=\"porto-block\" data-id=\"29436\">\t\t<div data-elementor-type=\"wp-post\" data-elementor-id=\"29436\" class=\"elementor elementor-29436 elementor-29420\" data-elementor-post-type=\"porto_builder\">\n\t\t\t\t\t\t<section class=\"elementor-section elementor-top-section elementor-element elementor-element-4601687 elementor-section-boxed elementor-section-height-default elementor-section-height-default\" data-id=\"4601687\" data-element_type=\"section\">\r\n\t\t\r\n\t\t\t\t\t\t\t<div class=\"elementor-container elementor-column-gap-default\">\r\n\t\t\t\t\t\t\t\t\t\t\t<div class=\"elementor-column elementor-col-100 elementor-top-column elementor-element elementor-element-7f3a8ac\" data-id=\"7f3a8ac\" data-element_type=\"column\">\r\n\t\t\t\t\t<div class=\"elementor-widget-wrap elementor-element-populated\">\r\n\t\t\t\t\t\t\t\t<div class=\"elementor-element elementor-element-2d8b95e elementor-align-left elementor-widget elementor-widget-button\" data-id=\"2d8b95e\" data-element_type=\"widget\" data-widget_type=\"button.default\">\n\t\t\t\t<div class=\"elementor-widget-container\">\n\t\t\t\t\t\t\t\t\t<div class=\"elementor-button-wrapper\">\n\t\t\t\t\t<a class=\"elementor-button elementor-button-link elementor-size-md\" href=\"https:\/\/www.intarcon.com\/fr\/conseils-techniques\/\">\n\t\t\t\t\t\t<span class=\"elementor-button-content-wrapper\">\n\t\t\t\t\t\t\t\t\t<span class=\"elementor-button-text\">Demande conseils techniques<\/span>\n\t\t\t\t\t<\/span>\n\t\t\t\t\t<\/a>\n\t\t\t\t<\/div>\n\t\t\t\t\t\t\t\t<\/div>\n\t\t\t\t<\/div>\n\t\t\t\t\t<\/div>\r\n\t\t\t\t<\/div>\r\n\t\t\t\t\t<\/div>\r\n\t\t\t\t<\/section>\r\n\t\t\t\t<\/div>\n\t\t<\/div><\/p>\n","protected":false},"featured_media":89289,"template":"","meta":[],"product_brand":[],"product_cat":[378],"product_tag":[],"class_list":{"0":"post-9510","1":"product","2":"type-product","3":"status-publish","4":"has-post-thumbnail","6":"product_cat-systeme-split-hfc","8":"first","9":"instock","10":"shipping-taxable","11":"product-type-simple"},"yoast_head":"<!-- This site is optimized with the Yoast SEO plugin v25.5 - https:\/\/yoast.com\/wordpress\/plugins\/seo\/ -->\n<title>Caves - Syst\u00e8me split - INTARCON<\/title>\n<meta name=\"description\" content=\"Syst\u00e8mes split de r\u00e9frig\u00e9ration pour caves \u00e0 vin, compos\u00e9 d\u2018une unit\u00e9 de condensation axiale silencieuse ou centrifuge et une unit\u00e9 d\u2019\u00e9vaporation \u00e0 double flux d\u2019air.\" \/>\n<meta name=\"robots\" content=\"index, follow, max-snippet:-1, max-image-preview:large, max-video-preview:-1\" \/>\n<link rel=\"canonical\" href=\"https:\/\/www.intarcon.com\/fr\/produit\/caves\/\" \/>\n<meta property=\"og:locale\" content=\"fr_FR\" \/>\n<meta property=\"og:type\" content=\"article\" \/>\n<meta property=\"og:title\" content=\"Caves - Syst\u00e8me split - INTARCON\" \/>\n<meta property=\"og:description\" content=\"Syst\u00e8mes split de r\u00e9frig\u00e9ration pour caves \u00e0 vin, compos\u00e9 d\u2018une unit\u00e9 de condensation axiale silencieuse ou centrifuge et une unit\u00e9 d\u2019\u00e9vaporation \u00e0 double flux d\u2019air.\" \/>\n<meta property=\"og:url\" content=\"https:\/\/www.intarcon.com\/fr\/produit\/caves\/\" \/>\n<meta property=\"og:site_name\" content=\"INTARCON\" \/>\n<meta property=\"article:publisher\" content=\"https:\/\/www.facebook.com\/intarcon\/\" \/>\n<meta property=\"article:modified_time\" content=\"2025-01-30T08:46:42+00:00\" \/>\n<meta property=\"og:image\" content=\"https:\/\/www.intarcon.com\/wp-content\/uploads\/2019\/06\/equipo-semicompacto-refrigeracion-bodegas.webp\" \/>\n\t<meta property=\"og:image:width\" content=\"600\" \/>\n\t<meta property=\"og:image:height\" content=\"600\" \/>\n\t<meta property=\"og:image:type\" content=\"image\/webp\" \/>\n<meta name=\"twitter:card\" content=\"summary_large_image\" \/>\n<meta name=\"twitter:site\" content=\"@Intarcon\" \/>\n<meta name=\"twitter:label1\" content=\"Est. reading time\" \/>\n\t<meta name=\"twitter:data1\" content=\"2 minutes\" \/>\n<script type=\"application\/ld+json\" class=\"yoast-schema-graph\">{\"@context\":\"https:\/\/schema.org\",\"@graph\":[{\"@type\":\"WebPage\",\"@id\":\"https:\/\/www.intarcon.com\/fr\/produit\/caves\/\",\"url\":\"https:\/\/www.intarcon.com\/fr\/produit\/caves\/\",\"name\":\"Caves - Syst\u00e8me split - INTARCON\",\"isPartOf\":{\"@id\":\"https:\/\/www.intarcon.com\/fr\/#website\"},\"primaryImageOfPage\":{\"@id\":\"https:\/\/www.intarcon.com\/fr\/produit\/caves\/#primaryimage\"},\"image\":{\"@id\":\"https:\/\/www.intarcon.com\/fr\/produit\/caves\/#primaryimage\"},\"thumbnailUrl\":\"https:\/\/www.intarcon.com\/wp-content\/uploads\/2019\/06\/equipo-semicompacto-refrigeracion-bodegas.webp\",\"datePublished\":\"2019-06-23T06:49:28+00:00\",\"dateModified\":\"2025-01-30T08:46:42+00:00\",\"description\":\"Syst\u00e8mes split de r\u00e9frig\u00e9ration pour caves \u00e0 vin, compos\u00e9 d\u2018une unit\u00e9 de condensation axiale silencieuse ou centrifuge et une unit\u00e9 d\u2019\u00e9vaporation \u00e0 double flux d\u2019air.\",\"breadcrumb\":{\"@id\":\"https:\/\/www.intarcon.com\/fr\/produit\/caves\/#breadcrumb\"},\"inLanguage\":\"fr\",\"potentialAction\":[{\"@type\":\"ReadAction\",\"target\":[\"https:\/\/www.intarcon.com\/fr\/produit\/caves\/\"]}]},{\"@type\":\"ImageObject\",\"inLanguage\":\"fr\",\"@id\":\"https:\/\/www.intarcon.com\/fr\/produit\/caves\/#primaryimage\",\"url\":\"https:\/\/www.intarcon.com\/wp-content\/uploads\/2019\/06\/equipo-semicompacto-refrigeracion-bodegas.webp\",\"contentUrl\":\"https:\/\/www.intarcon.com\/wp-content\/uploads\/2019\/06\/equipo-semicompacto-refrigeracion-bodegas.webp\",\"width\":600,\"height\":600,\"caption\":\"Equipo semicompacto de refrigeraci\u00f3n para acondicionamiento de bodegas - INTARCON\"},{\"@type\":\"BreadcrumbList\",\"@id\":\"https:\/\/www.intarcon.com\/fr\/produit\/caves\/#breadcrumb\",\"itemListElement\":[{\"@type\":\"ListItem\",\"position\":1,\"name\":\"Portada\",\"item\":\"https:\/\/www.intarcon.com\/fr\/\"},{\"@type\":\"ListItem\",\"position\":2,\"name\":\"Producto\",\"item\":\"https:\/\/www.intarcon.com\/producto\/\"},{\"@type\":\"ListItem\",\"position\":3,\"name\":\"HFC\",\"item\":\"https:\/\/www.intarcon.com\/fr\/technologie\/hfc\/\"},{\"@type\":\"ListItem\",\"position\":4,\"name\":\"Syst\u00e8me split\",\"item\":\"https:\/\/www.intarcon.com\/fr\/technologie\/hfc\/systeme-split-hfc\/\"},{\"@type\":\"ListItem\",\"position\":5,\"name\":\"Unit\u00e9s pour Caves, fromages et mini-s\u00e9choirs\"}]},{\"@type\":\"WebSite\",\"@id\":\"https:\/\/www.intarcon.com\/fr\/#website\",\"url\":\"https:\/\/www.intarcon.com\/fr\/\",\"name\":\"INTARCON\",\"description\":\"\",\"potentialAction\":[{\"@type\":\"SearchAction\",\"target\":{\"@type\":\"EntryPoint\",\"urlTemplate\":\"https:\/\/www.intarcon.com\/fr\/?s={search_term_string}\"},\"query-input\":{\"@type\":\"PropertyValueSpecification\",\"valueRequired\":true,\"valueName\":\"search_term_string\"}}],\"inLanguage\":\"fr\"}]}<\/script>\n<!-- \/ Yoast SEO plugin. -->","yoast_head_json":{"title":"Caves - Syst\u00e8me split - INTARCON","description":"Syst\u00e8mes split de r\u00e9frig\u00e9ration pour caves \u00e0 vin, compos\u00e9 d\u2018une unit\u00e9 de condensation axiale silencieuse ou centrifuge et une unit\u00e9 d\u2019\u00e9vaporation \u00e0 double flux d\u2019air.","robots":{"index":"index","follow":"follow","max-snippet":"max-snippet:-1","max-image-preview":"max-image-preview:large","max-video-preview":"max-video-preview:-1"},"canonical":"https:\/\/www.intarcon.com\/fr\/produit\/caves\/","og_locale":"fr_FR","og_type":"article","og_title":"Caves - Syst\u00e8me split - INTARCON","og_description":"Syst\u00e8mes split de r\u00e9frig\u00e9ration pour caves \u00e0 vin, compos\u00e9 d\u2018une unit\u00e9 de condensation axiale silencieuse ou centrifuge et une unit\u00e9 d\u2019\u00e9vaporation \u00e0 double flux d\u2019air.","og_url":"https:\/\/www.intarcon.com\/fr\/produit\/caves\/","og_site_name":"INTARCON","article_publisher":"https:\/\/www.facebook.com\/intarcon\/","article_modified_time":"2025-01-30T08:46:42+00:00","og_image":[{"width":600,"height":600,"url":"https:\/\/www.intarcon.com\/wp-content\/uploads\/2019\/06\/equipo-semicompacto-refrigeracion-bodegas.webp","type":"image\/webp"}],"twitter_card":"summary_large_image","twitter_site":"@Intarcon","twitter_misc":{"Est. reading time":"2 minutes"},"schema":{"@context":"https:\/\/schema.org","@graph":[{"@type":"WebPage","@id":"https:\/\/www.intarcon.com\/fr\/produit\/caves\/","url":"https:\/\/www.intarcon.com\/fr\/produit\/caves\/","name":"Caves - Syst\u00e8me split - INTARCON","isPartOf":{"@id":"https:\/\/www.intarcon.com\/fr\/#website"},"primaryImageOfPage":{"@id":"https:\/\/www.intarcon.com\/fr\/produit\/caves\/#primaryimage"},"image":{"@id":"https:\/\/www.intarcon.com\/fr\/produit\/caves\/#primaryimage"},"thumbnailUrl":"https:\/\/www.intarcon.com\/wp-content\/uploads\/2019\/06\/equipo-semicompacto-refrigeracion-bodegas.webp","datePublished":"2019-06-23T06:49:28+00:00","dateModified":"2025-01-30T08:46:42+00:00","description":"Syst\u00e8mes split de r\u00e9frig\u00e9ration pour caves \u00e0 vin, compos\u00e9 d\u2018une unit\u00e9 de condensation axiale silencieuse ou centrifuge et une unit\u00e9 d\u2019\u00e9vaporation \u00e0 double flux d\u2019air.","breadcrumb":{"@id":"https:\/\/www.intarcon.com\/fr\/produit\/caves\/#breadcrumb"},"inLanguage":"fr","potentialAction":[{"@type":"ReadAction","target":["https:\/\/www.intarcon.com\/fr\/produit\/caves\/"]}]},{"@type":"ImageObject","inLanguage":"fr","@id":"https:\/\/www.intarcon.com\/fr\/produit\/caves\/#primaryimage","url":"https:\/\/www.intarcon.com\/wp-content\/uploads\/2019\/06\/equipo-semicompacto-refrigeracion-bodegas.webp","contentUrl":"https:\/\/www.intarcon.com\/wp-content\/uploads\/2019\/06\/equipo-semicompacto-refrigeracion-bodegas.webp","width":600,"height":600,"caption":"Equipo semicompacto de refrigeraci\u00f3n para acondicionamiento de bodegas - INTARCON"},{"@type":"BreadcrumbList","@id":"https:\/\/www.intarcon.com\/fr\/produit\/caves\/#breadcrumb","itemListElement":[{"@type":"ListItem","position":1,"name":"Portada","item":"https:\/\/www.intarcon.com\/fr\/"},{"@type":"ListItem","position":2,"name":"Producto","item":"https:\/\/www.intarcon.com\/producto\/"},{"@type":"ListItem","position":3,"name":"HFC","item":"https:\/\/www.intarcon.com\/fr\/technologie\/hfc\/"},{"@type":"ListItem","position":4,"name":"Syst\u00e8me split","item":"https:\/\/www.intarcon.com\/fr\/technologie\/hfc\/systeme-split-hfc\/"},{"@type":"ListItem","position":5,"name":"Unit\u00e9s pour Caves, fromages et mini-s\u00e9choirs"}]},{"@type":"WebSite","@id":"https:\/\/www.intarcon.com\/fr\/#website","url":"https:\/\/www.intarcon.com\/fr\/","name":"INTARCON","description":"","potentialAction":[{"@type":"SearchAction","target":{"@type":"EntryPoint","urlTemplate":"https:\/\/www.intarcon.com\/fr\/?s={search_term_string}"},"query-input":{"@type":"PropertyValueSpecification","valueRequired":true,"valueName":"search_term_string"}}],"inLanguage":"fr"}]}},"_links":{"self":[{"href":"https:\/\/www.intarcon.com\/fr\/wp-json\/wp\/v2\/product\/9510","targetHints":{"allow":["GET"]}}],"collection":[{"href":"https:\/\/www.intarcon.com\/fr\/wp-json\/wp\/v2\/product"}],"about":[{"href":"https:\/\/www.intarcon.com\/fr\/wp-json\/wp\/v2\/types\/product"}],"version-history":[{"count":0,"href":"https:\/\/www.intarcon.com\/fr\/wp-json\/wp\/v2\/product\/9510\/revisions"}],"wp:featuredmedia":[{"embeddable":true,"href":"https:\/\/www.intarcon.com\/fr\/wp-json\/wp\/v2\/media\/89289"}],"wp:attachment":[{"href":"https:\/\/www.intarcon.com\/fr\/wp-json\/wp\/v2\/media?parent=9510"}],"wp:term":[{"taxonomy":"product_brand","embeddable":true,"href":"https:\/\/www.intarcon.com\/fr\/wp-json\/wp\/v2\/product_brand?post=9510"},{"taxonomy":"product_cat","embeddable":true,"href":"https:\/\/www.intarcon.com\/fr\/wp-json\/wp\/v2\/product_cat?post=9510"},{"taxonomy":"product_tag","embeddable":true,"href":"https:\/\/www.intarcon.com\/fr\/wp-json\/wp\/v2\/product_tag?post=9510"}],"curies":[{"name":"wp","href":"https:\/\/api.w.org\/{rel}","templated":true}]}}