{"id":93902,"date":"2025-01-15T12:22:34","date_gmt":"2025-01-15T11:22:34","guid":{"rendered":"https:\/\/www.intarcon.com\/product\/intarsplit-a2l-sistema-semicompacto-2\/"},"modified":"2026-01-23T10:36:37","modified_gmt":"2026-01-23T09:36:37","slug":"split-systeme-de-refrigeration-intarsplit-a2l","status":"publish","type":"product","link":"https:\/\/www.intarcon.com\/fr\/produit\/split-systeme-de-refrigeration-intarsplit-a2l\/","title":{"rendered":"intarsplit A2L"},"content":{"rendered":"<p>Syst\u00e8mes split pour petites et moyennes chambres froides \u00e0 temp\u00e9rature positive et n\u00e9gative, avec unit\u00e9 de condensation horizontale et unit\u00e9 d\u2019\u00e9vaporation de bas profil avec A2L, \u00e0 faible effet de serre.<\/p>\n<ul>\n<li><strong>Grille gauche d\u00e9montable<\/strong>: Tous les panneaux\/registres sont amovibles, ce qui permet une maintenance plus facile et plus s\u00fbre de l&#8217;\u00e9quipement.<\/li>\n<li><strong>Acc\u00e8s ind\u00e9pendant au tableau \u00e9lectrique:<\/strong> Le tableau \u00e9lectrique est situ\u00e9 dans un compartiment s\u00e9par\u00e9 du r\u00e9frig\u00e9rateur, ce qui facilite l&#8217;acc\u00e8s pour d\u00e9connecter l&#8217;appareil de l&#8217;alimentation \u00e9lectrique.<\/li>\n<li><strong>Connexions \u00e0 gauche<\/strong>: Les nouvelles unit\u00e9s A2L sont \u00e9quip\u00e9es de raccords Flare, ce qui permet un processus d&#8217;assemblage plus rapide et plus facile.<\/li>\n<li><strong>Soupape de s\u00e9curit\u00e9 int\u00e9gr\u00e9e dans le r\u00e9servoir.<\/strong><\/li>\n<\/ul>\n<p>&nbsp;<\/p>\n","protected":false},"excerpt":{"rendered":"<h2 style=\"color: #999999; font-size: 18px; margin-bottom: 0px;\">Split syst\u00e8me de r\u00e9frig\u00e9ration<\/h2>\n<p>Syst\u00e8me con\u00e7u pour les chambres froides de petite et moyenne taille, avec r\u00e9frig\u00e9rant A2L pour les applications de r\u00e9frig\u00e9ration et cong\u00e9lation.<\/p>\n<style>.elementor-widget-button .elementor-button{background-color:var( --e-global-color-accent );}.elementor-29436 .elementor-element.elementor-element-2d8b95e .elementor-button{background-color:#0085BB;font-family:\"Roboto\", Montserrat;font-size:1.1em;font-weight:600;text-decoration:none;fill:#FFFFFF;color:#FFFFFF;border-style:solid;border-width:2px 2px 2px 2px;border-color:#0085BB;border-radius:33px 33px 33px 33px;padding:14px 20px 14px 20px;}.elementor-29436 .elementor-element.elementor-element-2d8b95e .elementor-button:hover, .elementor-29436 .elementor-element.elementor-element-2d8b95e .elementor-button:focus{background-color:#FFFFFF;color:#0085BB;border-color:#0085BB;}.elementor-29436 .elementor-element.elementor-element-2d8b95e > .elementor-widget-container{margin:2% 0% 1% 0%;}.elementor-29436 .elementor-element.elementor-element-2d8b95e .elementor-button:hover svg, .elementor-29436 .elementor-element.elementor-element-2d8b95e .elementor-button:focus svg{fill:#0085BB;}@media(max-width:767px){.elementor-29436 .elementor-element.elementor-element-2d8b95e > .elementor-widget-container{margin:-20px 0px 50px 0px;}}<\/style><div class=\"porto-block\" data-id=\"29436\">\t\t<div data-elementor-type=\"wp-post\" data-elementor-id=\"29436\" class=\"elementor elementor-29436 elementor-29420\" data-elementor-post-type=\"porto_builder\">\n\t\t\t\t\t\t<section class=\"elementor-section elementor-top-section elementor-element elementor-element-4601687 elementor-section-boxed elementor-section-height-default elementor-section-height-default\" data-id=\"4601687\" data-element_type=\"section\">\r\n\t\t\r\n\t\t\t\t\t\t\t<div class=\"elementor-container elementor-column-gap-default\">\r\n\t\t\t\t\t\t\t\t\t\t\t<div class=\"elementor-column elementor-col-100 elementor-top-column elementor-element elementor-element-7f3a8ac\" data-id=\"7f3a8ac\" data-element_type=\"column\">\r\n\t\t\t\t\t<div class=\"elementor-widget-wrap elementor-element-populated\">\r\n\t\t\t\t\t\t\t\t<div class=\"elementor-element elementor-element-2d8b95e elementor-align-left elementor-widget elementor-widget-button\" data-id=\"2d8b95e\" data-element_type=\"widget\" data-widget_type=\"button.default\">\n\t\t\t\t<div class=\"elementor-widget-container\">\n\t\t\t\t\t\t\t\t\t<div class=\"elementor-button-wrapper\">\n\t\t\t\t\t<a class=\"elementor-button elementor-button-link elementor-size-md\" href=\"https:\/\/www.intarcon.com\/fr\/conseils-techniques\/\">\n\t\t\t\t\t\t<span class=\"elementor-button-content-wrapper\">\n\t\t\t\t\t\t\t\t\t<span class=\"elementor-button-text\">Demande conseils techniques<\/span>\n\t\t\t\t\t<\/span>\n\t\t\t\t\t<\/a>\n\t\t\t\t<\/div>\n\t\t\t\t\t\t\t\t<\/div>\n\t\t\t\t<\/div>\n\t\t\t\t\t<\/div>\r\n\t\t\t\t<\/div>\r\n\t\t\t\t\t<\/div>\r\n\t\t\t\t<\/section>\r\n\t\t\t\t<\/div>\n\t\t<\/div>\n","protected":false},"featured_media":94477,"template":"","meta":[],"product_brand":[],"product_cat":[706,740],"product_tag":[],"class_list":{"0":"post-93902","1":"product","2":"type-product","3":"status-publish","4":"has-post-thumbnail","6":"product_cat-a2l","7":"product_cat-split-systemes-a2l","9":"first","10":"instock","11":"shipping-taxable","12":"product-type-simple"},"yoast_head":"<!-- This site is optimized with the Yoast SEO plugin v25.5 - https:\/\/yoast.com\/wordpress\/plugins\/seo\/ -->\n<title>split syst\u00e8me de r\u00e9frig\u00e9ration intarsplit A2L - INTARCON<\/title>\n<meta name=\"description\" content=\"L&#039;intarsplit A2L est un split syst\u00e8me de r\u00e9frig\u00e9ration con\u00e7u pour les chambres froides, avec un r\u00e9frig\u00e9rant A2L et une efficacit\u00e9 frigorifique.\" \/>\n<meta name=\"robots\" content=\"index, follow, max-snippet:-1, max-image-preview:large, max-video-preview:-1\" \/>\n<link rel=\"canonical\" href=\"https:\/\/www.intarcon.com\/fr\/produit\/split-systeme-de-refrigeration-intarsplit-a2l\/\" \/>\n<meta property=\"og:locale\" content=\"fr_FR\" \/>\n<meta property=\"og:type\" content=\"article\" \/>\n<meta property=\"og:title\" content=\"split syst\u00e8me de r\u00e9frig\u00e9ration intarsplit A2L - INTARCON\" \/>\n<meta property=\"og:description\" content=\"L&#039;intarsplit A2L est un split syst\u00e8me de r\u00e9frig\u00e9ration con\u00e7u pour les chambres froides, avec un r\u00e9frig\u00e9rant A2L et une efficacit\u00e9 frigorifique.\" \/>\n<meta property=\"og:url\" content=\"https:\/\/www.intarcon.com\/fr\/produit\/split-systeme-de-refrigeration-intarsplit-a2l\/\" \/>\n<meta property=\"og:site_name\" content=\"INTARCON\" \/>\n<meta property=\"article:publisher\" content=\"https:\/\/www.facebook.com\/intarcon\/\" \/>\n<meta property=\"article:modified_time\" content=\"2026-01-23T09:36:37+00:00\" \/>\n<meta property=\"og:image\" content=\"https:\/\/www.intarcon.com\/wp-content\/uploads\/2025\/01\/EH-JB-1.jpg\" \/>\n\t<meta property=\"og:image:width\" content=\"600\" \/>\n\t<meta property=\"og:image:height\" content=\"600\" \/>\n\t<meta property=\"og:image:type\" content=\"image\/jpeg\" \/>\n<meta name=\"twitter:card\" content=\"summary_large_image\" \/>\n<meta name=\"twitter:site\" content=\"@Intarcon\" \/>\n<meta name=\"twitter:label1\" content=\"Est. reading time\" \/>\n\t<meta name=\"twitter:data1\" content=\"1 minute\" \/>\n<script type=\"application\/ld+json\" class=\"yoast-schema-graph\">{\"@context\":\"https:\/\/schema.org\",\"@graph\":[{\"@type\":\"WebPage\",\"@id\":\"https:\/\/www.intarcon.com\/fr\/produit\/split-systeme-de-refrigeration-intarsplit-a2l\/\",\"url\":\"https:\/\/www.intarcon.com\/fr\/produit\/split-systeme-de-refrigeration-intarsplit-a2l\/\",\"name\":\"split syst\u00e8me de r\u00e9frig\u00e9ration intarsplit A2L - INTARCON\",\"isPartOf\":{\"@id\":\"https:\/\/www.intarcon.com\/fr\/#website\"},\"primaryImageOfPage\":{\"@id\":\"https:\/\/www.intarcon.com\/fr\/produit\/split-systeme-de-refrigeration-intarsplit-a2l\/#primaryimage\"},\"image\":{\"@id\":\"https:\/\/www.intarcon.com\/fr\/produit\/split-systeme-de-refrigeration-intarsplit-a2l\/#primaryimage\"},\"thumbnailUrl\":\"https:\/\/www.intarcon.com\/wp-content\/uploads\/2025\/01\/EH-JB-1.jpg\",\"datePublished\":\"2025-01-15T11:22:34+00:00\",\"dateModified\":\"2026-01-23T09:36:37+00:00\",\"description\":\"L'intarsplit A2L est un split syst\u00e8me de r\u00e9frig\u00e9ration con\u00e7u pour les chambres froides, avec un r\u00e9frig\u00e9rant A2L et une efficacit\u00e9 frigorifique.\",\"breadcrumb\":{\"@id\":\"https:\/\/www.intarcon.com\/fr\/produit\/split-systeme-de-refrigeration-intarsplit-a2l\/#breadcrumb\"},\"inLanguage\":\"fr\",\"potentialAction\":[{\"@type\":\"ReadAction\",\"target\":[\"https:\/\/www.intarcon.com\/fr\/produit\/split-systeme-de-refrigeration-intarsplit-a2l\/\"]}]},{\"@type\":\"ImageObject\",\"inLanguage\":\"fr\",\"@id\":\"https:\/\/www.intarcon.com\/fr\/produit\/split-systeme-de-refrigeration-intarsplit-a2l\/#primaryimage\",\"url\":\"https:\/\/www.intarcon.com\/wp-content\/uploads\/2025\/01\/EH-JB-1.jpg\",\"contentUrl\":\"https:\/\/www.intarcon.com\/wp-content\/uploads\/2025\/01\/EH-JB-1.jpg\",\"width\":600,\"height\":600},{\"@type\":\"BreadcrumbList\",\"@id\":\"https:\/\/www.intarcon.com\/fr\/produit\/split-systeme-de-refrigeration-intarsplit-a2l\/#breadcrumb\",\"itemListElement\":[{\"@type\":\"ListItem\",\"position\":1,\"name\":\"Portada\",\"item\":\"https:\/\/www.intarcon.com\/fr\/\"},{\"@type\":\"ListItem\",\"position\":2,\"name\":\"Producto\",\"item\":\"https:\/\/www.intarcon.com\/producto\/\"},{\"@type\":\"ListItem\",\"position\":3,\"name\":\"A2L\",\"item\":\"https:\/\/www.intarcon.com\/fr\/technologie\/a2l\/\"},{\"@type\":\"ListItem\",\"position\":4,\"name\":\"intarsplit A2L\"}]},{\"@type\":\"WebSite\",\"@id\":\"https:\/\/www.intarcon.com\/fr\/#website\",\"url\":\"https:\/\/www.intarcon.com\/fr\/\",\"name\":\"INTARCON\",\"description\":\"\",\"potentialAction\":[{\"@type\":\"SearchAction\",\"target\":{\"@type\":\"EntryPoint\",\"urlTemplate\":\"https:\/\/www.intarcon.com\/fr\/?s={search_term_string}\"},\"query-input\":{\"@type\":\"PropertyValueSpecification\",\"valueRequired\":true,\"valueName\":\"search_term_string\"}}],\"inLanguage\":\"fr\"}]}<\/script>\n<!-- \/ Yoast SEO plugin. -->","yoast_head_json":{"title":"split syst\u00e8me de r\u00e9frig\u00e9ration intarsplit A2L - INTARCON","description":"L'intarsplit A2L est un split syst\u00e8me de r\u00e9frig\u00e9ration con\u00e7u pour les chambres froides, avec un r\u00e9frig\u00e9rant A2L et une efficacit\u00e9 frigorifique.","robots":{"index":"index","follow":"follow","max-snippet":"max-snippet:-1","max-image-preview":"max-image-preview:large","max-video-preview":"max-video-preview:-1"},"canonical":"https:\/\/www.intarcon.com\/fr\/produit\/split-systeme-de-refrigeration-intarsplit-a2l\/","og_locale":"fr_FR","og_type":"article","og_title":"split syst\u00e8me de r\u00e9frig\u00e9ration intarsplit A2L - INTARCON","og_description":"L'intarsplit A2L est un split syst\u00e8me de r\u00e9frig\u00e9ration con\u00e7u pour les chambres froides, avec un r\u00e9frig\u00e9rant A2L et une efficacit\u00e9 frigorifique.","og_url":"https:\/\/www.intarcon.com\/fr\/produit\/split-systeme-de-refrigeration-intarsplit-a2l\/","og_site_name":"INTARCON","article_publisher":"https:\/\/www.facebook.com\/intarcon\/","article_modified_time":"2026-01-23T09:36:37+00:00","og_image":[{"width":600,"height":600,"url":"https:\/\/www.intarcon.com\/wp-content\/uploads\/2025\/01\/EH-JB-1.jpg","type":"image\/jpeg"}],"twitter_card":"summary_large_image","twitter_site":"@Intarcon","twitter_misc":{"Est. reading time":"1 minute"},"schema":{"@context":"https:\/\/schema.org","@graph":[{"@type":"WebPage","@id":"https:\/\/www.intarcon.com\/fr\/produit\/split-systeme-de-refrigeration-intarsplit-a2l\/","url":"https:\/\/www.intarcon.com\/fr\/produit\/split-systeme-de-refrigeration-intarsplit-a2l\/","name":"split syst\u00e8me de r\u00e9frig\u00e9ration intarsplit A2L - INTARCON","isPartOf":{"@id":"https:\/\/www.intarcon.com\/fr\/#website"},"primaryImageOfPage":{"@id":"https:\/\/www.intarcon.com\/fr\/produit\/split-systeme-de-refrigeration-intarsplit-a2l\/#primaryimage"},"image":{"@id":"https:\/\/www.intarcon.com\/fr\/produit\/split-systeme-de-refrigeration-intarsplit-a2l\/#primaryimage"},"thumbnailUrl":"https:\/\/www.intarcon.com\/wp-content\/uploads\/2025\/01\/EH-JB-1.jpg","datePublished":"2025-01-15T11:22:34+00:00","dateModified":"2026-01-23T09:36:37+00:00","description":"L'intarsplit A2L est un split syst\u00e8me de r\u00e9frig\u00e9ration con\u00e7u pour les chambres froides, avec un r\u00e9frig\u00e9rant A2L et une efficacit\u00e9 frigorifique.","breadcrumb":{"@id":"https:\/\/www.intarcon.com\/fr\/produit\/split-systeme-de-refrigeration-intarsplit-a2l\/#breadcrumb"},"inLanguage":"fr","potentialAction":[{"@type":"ReadAction","target":["https:\/\/www.intarcon.com\/fr\/produit\/split-systeme-de-refrigeration-intarsplit-a2l\/"]}]},{"@type":"ImageObject","inLanguage":"fr","@id":"https:\/\/www.intarcon.com\/fr\/produit\/split-systeme-de-refrigeration-intarsplit-a2l\/#primaryimage","url":"https:\/\/www.intarcon.com\/wp-content\/uploads\/2025\/01\/EH-JB-1.jpg","contentUrl":"https:\/\/www.intarcon.com\/wp-content\/uploads\/2025\/01\/EH-JB-1.jpg","width":600,"height":600},{"@type":"BreadcrumbList","@id":"https:\/\/www.intarcon.com\/fr\/produit\/split-systeme-de-refrigeration-intarsplit-a2l\/#breadcrumb","itemListElement":[{"@type":"ListItem","position":1,"name":"Portada","item":"https:\/\/www.intarcon.com\/fr\/"},{"@type":"ListItem","position":2,"name":"Producto","item":"https:\/\/www.intarcon.com\/producto\/"},{"@type":"ListItem","position":3,"name":"A2L","item":"https:\/\/www.intarcon.com\/fr\/technologie\/a2l\/"},{"@type":"ListItem","position":4,"name":"intarsplit A2L"}]},{"@type":"WebSite","@id":"https:\/\/www.intarcon.com\/fr\/#website","url":"https:\/\/www.intarcon.com\/fr\/","name":"INTARCON","description":"","potentialAction":[{"@type":"SearchAction","target":{"@type":"EntryPoint","urlTemplate":"https:\/\/www.intarcon.com\/fr\/?s={search_term_string}"},"query-input":{"@type":"PropertyValueSpecification","valueRequired":true,"valueName":"search_term_string"}}],"inLanguage":"fr"}]}},"_links":{"self":[{"href":"https:\/\/www.intarcon.com\/fr\/wp-json\/wp\/v2\/product\/93902","targetHints":{"allow":["GET"]}}],"collection":[{"href":"https:\/\/www.intarcon.com\/fr\/wp-json\/wp\/v2\/product"}],"about":[{"href":"https:\/\/www.intarcon.com\/fr\/wp-json\/wp\/v2\/types\/product"}],"version-history":[{"count":0,"href":"https:\/\/www.intarcon.com\/fr\/wp-json\/wp\/v2\/product\/93902\/revisions"}],"wp:featuredmedia":[{"embeddable":true,"href":"https:\/\/www.intarcon.com\/fr\/wp-json\/wp\/v2\/media\/94477"}],"wp:attachment":[{"href":"https:\/\/www.intarcon.com\/fr\/wp-json\/wp\/v2\/media?parent=93902"}],"wp:term":[{"taxonomy":"product_brand","embeddable":true,"href":"https:\/\/www.intarcon.com\/fr\/wp-json\/wp\/v2\/product_brand?post=93902"},{"taxonomy":"product_cat","embeddable":true,"href":"https:\/\/www.intarcon.com\/fr\/wp-json\/wp\/v2\/product_cat?post=93902"},{"taxonomy":"product_tag","embeddable":true,"href":"https:\/\/www.intarcon.com\/fr\/wp-json\/wp\/v2\/product_tag?post=93902"}],"curies":[{"name":"wp","href":"https:\/\/api.w.org\/{rel}","templated":true}]}}