{"id":93892,"date":"2025-01-15T10:57:01","date_gmt":"2025-01-15T09:57:01","guid":{"rendered":"https:\/\/www.intarcon.com\/product\/intartop-a2l-monoblock-ultracompacto\/"},"modified":"2026-01-23T10:30:58","modified_gmt":"2026-01-23T09:30:58","slug":"monobloc-de-refrigeration-ultracompact-intartop-a2l-2","status":"publish","type":"product","link":"https:\/\/www.intarcon.com\/fr\/produit\/monobloc-de-refrigeration-ultracompact-intartop-a2l-2\/","title":{"rendered":"intartop A2L"},"content":{"rendered":"<p>L&#8217;<a href=\"https:\/\/www.intarcon.com\/fr\/technologie\/a2l\/a2l-compacts-commerciaux\/\"><strong>intartop A2L<\/strong><\/a> est un monobloc de r\u00e9frig\u00e9ration ultracompact sp\u00e9cialement con\u00e7u pour les applications de r\u00e9frig\u00e9ration et de cong\u00e9lation dans les mini chambres froides. Cette unit\u00e9 offre une solution efficace et fiable pour maintenir des temp\u00e9ratures stables, mont\u00e9e au plafond sur le mur de la chambre froide.<\/p>\n","protected":false},"excerpt":{"rendered":"<h2 style=\"color: #999999; font-size: 18px; margin-bottom: 0px;\">Unit\u00e9 monobloc au plafond<\/h2>\n<p>Monobloc plafonnier con\u00e7u pour la r\u00e9frig\u00e9ration et la conservation dans les chambres froides de petite et moyenne taille avec le fluide frigorig\u00e8ne A2L.<br \/>\n<style>.elementor-widget-button .elementor-button{background-color:var( --e-global-color-accent );}.elementor-29436 .elementor-element.elementor-element-2d8b95e .elementor-button{background-color:#0085BB;font-family:\"Roboto\", Montserrat;font-size:1.1em;font-weight:600;text-decoration:none;fill:#FFFFFF;color:#FFFFFF;border-style:solid;border-width:2px 2px 2px 2px;border-color:#0085BB;border-radius:33px 33px 33px 33px;padding:14px 20px 14px 20px;}.elementor-29436 .elementor-element.elementor-element-2d8b95e .elementor-button:hover, .elementor-29436 .elementor-element.elementor-element-2d8b95e .elementor-button:focus{background-color:#FFFFFF;color:#0085BB;border-color:#0085BB;}.elementor-29436 .elementor-element.elementor-element-2d8b95e > .elementor-widget-container{margin:2% 0% 1% 0%;}.elementor-29436 .elementor-element.elementor-element-2d8b95e .elementor-button:hover svg, .elementor-29436 .elementor-element.elementor-element-2d8b95e .elementor-button:focus svg{fill:#0085BB;}@media(max-width:767px){.elementor-29436 .elementor-element.elementor-element-2d8b95e > .elementor-widget-container{margin:-20px 0px 50px 0px;}}<\/style><div class=\"porto-block\" data-id=\"29436\">\t\t<div data-elementor-type=\"wp-post\" data-elementor-id=\"29436\" class=\"elementor elementor-29436 elementor-29420\" data-elementor-post-type=\"porto_builder\">\n\t\t\t\t\t\t<section class=\"elementor-section elementor-top-section elementor-element elementor-element-4601687 elementor-section-boxed elementor-section-height-default elementor-section-height-default\" data-id=\"4601687\" data-element_type=\"section\">\r\n\t\t\r\n\t\t\t\t\t\t\t<div class=\"elementor-container elementor-column-gap-default\">\r\n\t\t\t\t\t\t\t\t\t\t\t<div class=\"elementor-column elementor-col-100 elementor-top-column elementor-element elementor-element-7f3a8ac\" data-id=\"7f3a8ac\" data-element_type=\"column\">\r\n\t\t\t\t\t<div class=\"elementor-widget-wrap elementor-element-populated\">\r\n\t\t\t\t\t\t\t\t<div class=\"elementor-element elementor-element-2d8b95e elementor-align-left elementor-widget elementor-widget-button\" data-id=\"2d8b95e\" data-element_type=\"widget\" data-widget_type=\"button.default\">\n\t\t\t\t<div class=\"elementor-widget-container\">\n\t\t\t\t\t\t\t\t\t<div class=\"elementor-button-wrapper\">\n\t\t\t\t\t<a class=\"elementor-button elementor-button-link elementor-size-md\" href=\"https:\/\/www.intarcon.com\/fr\/conseils-techniques\/\">\n\t\t\t\t\t\t<span class=\"elementor-button-content-wrapper\">\n\t\t\t\t\t\t\t\t\t<span class=\"elementor-button-text\">Demande conseils techniques<\/span>\n\t\t\t\t\t<\/span>\n\t\t\t\t\t<\/a>\n\t\t\t\t<\/div>\n\t\t\t\t\t\t\t\t<\/div>\n\t\t\t\t<\/div>\n\t\t\t\t\t<\/div>\r\n\t\t\t\t<\/div>\r\n\t\t\t\t\t<\/div>\r\n\t\t\t\t<\/section>\r\n\t\t\t\t<\/div>\n\t\t<\/div><\/p>\n","protected":false},"featured_media":89427,"template":"","meta":[],"product_brand":[],"product_cat":[706,741],"product_tag":[],"class_list":{"0":"post-93892","1":"product","2":"type-product","3":"status-publish","4":"has-post-thumbnail","6":"product_cat-a2l","7":"product_cat-unites-monoblocs-a2l","9":"first","10":"instock","11":"shipping-taxable","12":"product-type-simple"},"yoast_head":"<!-- This site is optimized with the Yoast SEO plugin v25.5 - https:\/\/yoast.com\/wordpress\/plugins\/seo\/ -->\n<title>monobloc de r\u00e9frig\u00e9ration ultracompact intartop A2L - INTARCON<\/title>\n<meta name=\"description\" content=\"L&#039;intartop A2L est un monobloc de r\u00e8frig\u00e8ration ultracompact, avec compresseur herm\u00e9tique et protection magn\u00e9to-thermique.\" \/>\n<meta name=\"robots\" content=\"index, follow, max-snippet:-1, max-image-preview:large, max-video-preview:-1\" \/>\n<link rel=\"canonical\" href=\"https:\/\/www.intarcon.com\/fr\/produit\/monobloc-de-refrigeration-ultracompact-intartop-a2l-2\/\" \/>\n<meta property=\"og:locale\" content=\"fr_FR\" \/>\n<meta property=\"og:type\" content=\"article\" \/>\n<meta property=\"og:title\" content=\"monobloc de r\u00e9frig\u00e9ration ultracompact intartop A2L - INTARCON\" \/>\n<meta property=\"og:description\" content=\"L&#039;intartop A2L est un monobloc de r\u00e8frig\u00e8ration ultracompact, avec compresseur herm\u00e9tique et protection magn\u00e9to-thermique.\" \/>\n<meta property=\"og:url\" content=\"https:\/\/www.intarcon.com\/fr\/produit\/monobloc-de-refrigeration-ultracompact-intartop-a2l-2\/\" \/>\n<meta property=\"og:site_name\" content=\"INTARCON\" \/>\n<meta property=\"article:publisher\" content=\"https:\/\/www.facebook.com\/intarcon\/\" \/>\n<meta property=\"article:modified_time\" content=\"2026-01-23T09:30:58+00:00\" \/>\n<meta property=\"og:image\" content=\"https:\/\/www.intarcon.com\/wp-content\/uploads\/2019\/06\/equipo-refrigeracion-compacto-techo-intartop-hfc.webp\" \/>\n\t<meta property=\"og:image:width\" content=\"600\" \/>\n\t<meta property=\"og:image:height\" content=\"600\" \/>\n\t<meta property=\"og:image:type\" content=\"image\/webp\" \/>\n<meta name=\"twitter:card\" content=\"summary_large_image\" \/>\n<meta name=\"twitter:site\" content=\"@Intarcon\" \/>\n<script type=\"application\/ld+json\" class=\"yoast-schema-graph\">{\"@context\":\"https:\/\/schema.org\",\"@graph\":[{\"@type\":\"WebPage\",\"@id\":\"https:\/\/www.intarcon.com\/fr\/produit\/monobloc-de-refrigeration-ultracompact-intartop-a2l-2\/\",\"url\":\"https:\/\/www.intarcon.com\/fr\/produit\/monobloc-de-refrigeration-ultracompact-intartop-a2l-2\/\",\"name\":\"monobloc de r\u00e9frig\u00e9ration ultracompact intartop A2L - INTARCON\",\"isPartOf\":{\"@id\":\"https:\/\/www.intarcon.com\/fr\/#website\"},\"primaryImageOfPage\":{\"@id\":\"https:\/\/www.intarcon.com\/fr\/produit\/monobloc-de-refrigeration-ultracompact-intartop-a2l-2\/#primaryimage\"},\"image\":{\"@id\":\"https:\/\/www.intarcon.com\/fr\/produit\/monobloc-de-refrigeration-ultracompact-intartop-a2l-2\/#primaryimage\"},\"thumbnailUrl\":\"https:\/\/www.intarcon.com\/wp-content\/uploads\/2019\/06\/equipo-refrigeracion-compacto-techo-intartop-hfc.webp\",\"datePublished\":\"2025-01-15T09:57:01+00:00\",\"dateModified\":\"2026-01-23T09:30:58+00:00\",\"description\":\"L'intartop A2L est un monobloc de r\u00e8frig\u00e8ration ultracompact, avec compresseur herm\u00e9tique et protection magn\u00e9to-thermique.\",\"breadcrumb\":{\"@id\":\"https:\/\/www.intarcon.com\/fr\/produit\/monobloc-de-refrigeration-ultracompact-intartop-a2l-2\/#breadcrumb\"},\"inLanguage\":\"fr\",\"potentialAction\":[{\"@type\":\"ReadAction\",\"target\":[\"https:\/\/www.intarcon.com\/fr\/produit\/monobloc-de-refrigeration-ultracompact-intartop-a2l-2\/\"]}]},{\"@type\":\"ImageObject\",\"inLanguage\":\"fr\",\"@id\":\"https:\/\/www.intarcon.com\/fr\/produit\/monobloc-de-refrigeration-ultracompact-intartop-a2l-2\/#primaryimage\",\"url\":\"https:\/\/www.intarcon.com\/wp-content\/uploads\/2019\/06\/equipo-refrigeracion-compacto-techo-intartop-hfc.webp\",\"contentUrl\":\"https:\/\/www.intarcon.com\/wp-content\/uploads\/2019\/06\/equipo-refrigeracion-compacto-techo-intartop-hfc.webp\",\"width\":600,\"height\":600,\"caption\":\"Equipo de refrigeraci\u00f3n compacto de techo A2L intartop\"},{\"@type\":\"BreadcrumbList\",\"@id\":\"https:\/\/www.intarcon.com\/fr\/produit\/monobloc-de-refrigeration-ultracompact-intartop-a2l-2\/#breadcrumb\",\"itemListElement\":[{\"@type\":\"ListItem\",\"position\":1,\"name\":\"Portada\",\"item\":\"https:\/\/www.intarcon.com\/fr\/\"},{\"@type\":\"ListItem\",\"position\":2,\"name\":\"Producto\",\"item\":\"https:\/\/www.intarcon.com\/producto\/\"},{\"@type\":\"ListItem\",\"position\":3,\"name\":\"A2L\",\"item\":\"https:\/\/www.intarcon.com\/fr\/technologie\/a2l\/\"},{\"@type\":\"ListItem\",\"position\":4,\"name\":\"intartop A2L\"}]},{\"@type\":\"WebSite\",\"@id\":\"https:\/\/www.intarcon.com\/fr\/#website\",\"url\":\"https:\/\/www.intarcon.com\/fr\/\",\"name\":\"INTARCON\",\"description\":\"\",\"potentialAction\":[{\"@type\":\"SearchAction\",\"target\":{\"@type\":\"EntryPoint\",\"urlTemplate\":\"https:\/\/www.intarcon.com\/fr\/?s={search_term_string}\"},\"query-input\":{\"@type\":\"PropertyValueSpecification\",\"valueRequired\":true,\"valueName\":\"search_term_string\"}}],\"inLanguage\":\"fr\"}]}<\/script>\n<!-- \/ Yoast SEO plugin. -->","yoast_head_json":{"title":"monobloc de r\u00e9frig\u00e9ration ultracompact intartop A2L - INTARCON","description":"L'intartop A2L est un monobloc de r\u00e8frig\u00e8ration ultracompact, avec compresseur herm\u00e9tique et protection magn\u00e9to-thermique.","robots":{"index":"index","follow":"follow","max-snippet":"max-snippet:-1","max-image-preview":"max-image-preview:large","max-video-preview":"max-video-preview:-1"},"canonical":"https:\/\/www.intarcon.com\/fr\/produit\/monobloc-de-refrigeration-ultracompact-intartop-a2l-2\/","og_locale":"fr_FR","og_type":"article","og_title":"monobloc de r\u00e9frig\u00e9ration ultracompact intartop A2L - INTARCON","og_description":"L'intartop A2L est un monobloc de r\u00e8frig\u00e8ration ultracompact, avec compresseur herm\u00e9tique et protection magn\u00e9to-thermique.","og_url":"https:\/\/www.intarcon.com\/fr\/produit\/monobloc-de-refrigeration-ultracompact-intartop-a2l-2\/","og_site_name":"INTARCON","article_publisher":"https:\/\/www.facebook.com\/intarcon\/","article_modified_time":"2026-01-23T09:30:58+00:00","og_image":[{"width":600,"height":600,"url":"https:\/\/www.intarcon.com\/wp-content\/uploads\/2019\/06\/equipo-refrigeracion-compacto-techo-intartop-hfc.webp","type":"image\/webp"}],"twitter_card":"summary_large_image","twitter_site":"@Intarcon","schema":{"@context":"https:\/\/schema.org","@graph":[{"@type":"WebPage","@id":"https:\/\/www.intarcon.com\/fr\/produit\/monobloc-de-refrigeration-ultracompact-intartop-a2l-2\/","url":"https:\/\/www.intarcon.com\/fr\/produit\/monobloc-de-refrigeration-ultracompact-intartop-a2l-2\/","name":"monobloc de r\u00e9frig\u00e9ration ultracompact intartop A2L - INTARCON","isPartOf":{"@id":"https:\/\/www.intarcon.com\/fr\/#website"},"primaryImageOfPage":{"@id":"https:\/\/www.intarcon.com\/fr\/produit\/monobloc-de-refrigeration-ultracompact-intartop-a2l-2\/#primaryimage"},"image":{"@id":"https:\/\/www.intarcon.com\/fr\/produit\/monobloc-de-refrigeration-ultracompact-intartop-a2l-2\/#primaryimage"},"thumbnailUrl":"https:\/\/www.intarcon.com\/wp-content\/uploads\/2019\/06\/equipo-refrigeracion-compacto-techo-intartop-hfc.webp","datePublished":"2025-01-15T09:57:01+00:00","dateModified":"2026-01-23T09:30:58+00:00","description":"L'intartop A2L est un monobloc de r\u00e8frig\u00e8ration ultracompact, avec compresseur herm\u00e9tique et protection magn\u00e9to-thermique.","breadcrumb":{"@id":"https:\/\/www.intarcon.com\/fr\/produit\/monobloc-de-refrigeration-ultracompact-intartop-a2l-2\/#breadcrumb"},"inLanguage":"fr","potentialAction":[{"@type":"ReadAction","target":["https:\/\/www.intarcon.com\/fr\/produit\/monobloc-de-refrigeration-ultracompact-intartop-a2l-2\/"]}]},{"@type":"ImageObject","inLanguage":"fr","@id":"https:\/\/www.intarcon.com\/fr\/produit\/monobloc-de-refrigeration-ultracompact-intartop-a2l-2\/#primaryimage","url":"https:\/\/www.intarcon.com\/wp-content\/uploads\/2019\/06\/equipo-refrigeracion-compacto-techo-intartop-hfc.webp","contentUrl":"https:\/\/www.intarcon.com\/wp-content\/uploads\/2019\/06\/equipo-refrigeracion-compacto-techo-intartop-hfc.webp","width":600,"height":600,"caption":"Equipo de refrigeraci\u00f3n compacto de techo A2L intartop"},{"@type":"BreadcrumbList","@id":"https:\/\/www.intarcon.com\/fr\/produit\/monobloc-de-refrigeration-ultracompact-intartop-a2l-2\/#breadcrumb","itemListElement":[{"@type":"ListItem","position":1,"name":"Portada","item":"https:\/\/www.intarcon.com\/fr\/"},{"@type":"ListItem","position":2,"name":"Producto","item":"https:\/\/www.intarcon.com\/producto\/"},{"@type":"ListItem","position":3,"name":"A2L","item":"https:\/\/www.intarcon.com\/fr\/technologie\/a2l\/"},{"@type":"ListItem","position":4,"name":"intartop A2L"}]},{"@type":"WebSite","@id":"https:\/\/www.intarcon.com\/fr\/#website","url":"https:\/\/www.intarcon.com\/fr\/","name":"INTARCON","description":"","potentialAction":[{"@type":"SearchAction","target":{"@type":"EntryPoint","urlTemplate":"https:\/\/www.intarcon.com\/fr\/?s={search_term_string}"},"query-input":{"@type":"PropertyValueSpecification","valueRequired":true,"valueName":"search_term_string"}}],"inLanguage":"fr"}]}},"_links":{"self":[{"href":"https:\/\/www.intarcon.com\/fr\/wp-json\/wp\/v2\/product\/93892","targetHints":{"allow":["GET"]}}],"collection":[{"href":"https:\/\/www.intarcon.com\/fr\/wp-json\/wp\/v2\/product"}],"about":[{"href":"https:\/\/www.intarcon.com\/fr\/wp-json\/wp\/v2\/types\/product"}],"version-history":[{"count":0,"href":"https:\/\/www.intarcon.com\/fr\/wp-json\/wp\/v2\/product\/93892\/revisions"}],"wp:featuredmedia":[{"embeddable":true,"href":"https:\/\/www.intarcon.com\/fr\/wp-json\/wp\/v2\/media\/89427"}],"wp:attachment":[{"href":"https:\/\/www.intarcon.com\/fr\/wp-json\/wp\/v2\/media?parent=93892"}],"wp:term":[{"taxonomy":"product_brand","embeddable":true,"href":"https:\/\/www.intarcon.com\/fr\/wp-json\/wp\/v2\/product_brand?post=93892"},{"taxonomy":"product_cat","embeddable":true,"href":"https:\/\/www.intarcon.com\/fr\/wp-json\/wp\/v2\/product_cat?post=93892"},{"taxonomy":"product_tag","embeddable":true,"href":"https:\/\/www.intarcon.com\/fr\/wp-json\/wp\/v2\/product_tag?post=93892"}],"curies":[{"name":"wp","href":"https:\/\/api.w.org\/{rel}","templated":true}]}}