{"id":93234,"date":"2024-12-11T12:35:22","date_gmt":"2024-12-11T11:35:22","guid":{"rendered":"https:\/\/www.intarcon.com\/?post_type=product&#038;p=93234"},"modified":"2026-01-23T10:18:17","modified_gmt":"2026-01-23T09:18:17","slug":"evaporateur-a-bas-profil-r290","status":"publish","type":"product","link":"https:\/\/www.intarcon.com\/fr\/produit\/evaporateur-a-bas-profil-r290\/","title":{"rendered":"\u00c9vaporateur \u00e0 bas profil R290"},"content":{"rendered":"<p>Unit\u00e9s d\u2019\u00e9vaporation de bas profil R-290 construites en structure et en carross\u00e9rie de aluminium avec peinture polyester, pour les petites chambres froides<\/p>\n<h2>D\u00e9tail du r\u00e9frig\u00e9rateur.<\/h2>\n<p><img fetchpriority=\"high\" decoding=\"async\" class=\"alignnone wp-image-93426\" src=\"https:\/\/www.intarcon.com\/wp-content\/uploads\/2024\/12\/render-ib-nd-abierto.webp\" alt=\"Esquema de evaporador de bajo perfil R290 abierto\" width=\"400\" height=\"311\" srcset=\"https:\/\/www.intarcon.com\/wp-content\/uploads\/2024\/12\/render-ib-nd-abierto-400x311.webp 400w, https:\/\/www.intarcon.com\/wp-content\/uploads\/2024\/12\/render-ib-nd-abierto-367x286.webp 367w\" sizes=\"(max-width: 400px) 100vw, 400px\" \/><\/p>\n<h2>Recommandations pour l&#8217;installation d&#8217;un \u00e9vaporateur \u00e0 bas profil R290.<\/h2>\n<p>Placer l&#8217;unit\u00e9 \u00e0 une extr\u00e9mit\u00e9 de la chambre froide, en \u00e9vitant de la placer au-dessus de la porte de la chambre froide et en la conduisant de pr\u00e9f\u00e9rence longitudinalement dans la chambre froide et transversalement par rapport \u00e0 la porte d&#8217;entr\u00e9e.<\/p>\n<p><img decoding=\"async\" class=\"alignnone wp-image-93570\" src=\"https:\/\/www.intarcon.com\/wp-content\/uploads\/2024\/12\/esquema-jb-waterloop-r290.webp\" alt=\"\" width=\"400\" height=\"303\" srcset=\"https:\/\/www.intarcon.com\/wp-content\/uploads\/2024\/12\/esquema-jb-waterloop-r290.webp 386w, https:\/\/www.intarcon.com\/wp-content\/uploads\/2024\/12\/esquema-jb-waterloop-r290-367x278.webp 367w\" sizes=\"(max-width: 400px) 100vw, 400px\" \/><\/p>\n","protected":false},"excerpt":{"rendered":"<h2 style=\"color: #999999; font-size: 18px; margin-bottom: 0px;\">\u00c9quipement \u00e0 bas profil R290<\/h2>\n<p>Unit\u00e9s d&#8217;\u00e9vaporation compactes, con\u00e7ues pour les petites chambres froides avec R290.<\/p>\n<style>.elementor-widget-button .elementor-button{background-color:var( --e-global-color-accent );}.elementor-29436 .elementor-element.elementor-element-2d8b95e .elementor-button{background-color:#0085BB;font-family:\"Roboto\", Montserrat;font-size:1.1em;font-weight:600;text-decoration:none;fill:#FFFFFF;color:#FFFFFF;border-style:solid;border-width:2px 2px 2px 2px;border-color:#0085BB;border-radius:33px 33px 33px 33px;padding:14px 20px 14px 20px;}.elementor-29436 .elementor-element.elementor-element-2d8b95e .elementor-button:hover, .elementor-29436 .elementor-element.elementor-element-2d8b95e .elementor-button:focus{background-color:#FFFFFF;color:#0085BB;border-color:#0085BB;}.elementor-29436 .elementor-element.elementor-element-2d8b95e > .elementor-widget-container{margin:2% 0% 1% 0%;}.elementor-29436 .elementor-element.elementor-element-2d8b95e .elementor-button:hover svg, .elementor-29436 .elementor-element.elementor-element-2d8b95e .elementor-button:focus svg{fill:#0085BB;}@media(max-width:767px){.elementor-29436 .elementor-element.elementor-element-2d8b95e > .elementor-widget-container{margin:-20px 0px 50px 0px;}}<\/style><div class=\"porto-block\" data-id=\"29436\">\t\t<div data-elementor-type=\"wp-post\" data-elementor-id=\"29436\" class=\"elementor elementor-29436 elementor-29420\" data-elementor-post-type=\"porto_builder\">\n\t\t\t\t\t\t<section class=\"elementor-section elementor-top-section elementor-element elementor-element-4601687 elementor-section-boxed elementor-section-height-default elementor-section-height-default\" data-id=\"4601687\" data-element_type=\"section\">\r\n\t\t\r\n\t\t\t\t\t\t\t<div class=\"elementor-container elementor-column-gap-default\">\r\n\t\t\t\t\t\t\t\t\t\t\t<div class=\"elementor-column elementor-col-100 elementor-top-column elementor-element elementor-element-7f3a8ac\" data-id=\"7f3a8ac\" data-element_type=\"column\">\r\n\t\t\t\t\t<div class=\"elementor-widget-wrap elementor-element-populated\">\r\n\t\t\t\t\t\t\t\t<div class=\"elementor-element elementor-element-2d8b95e elementor-align-left elementor-widget elementor-widget-button\" data-id=\"2d8b95e\" data-element_type=\"widget\" data-widget_type=\"button.default\">\n\t\t\t\t<div class=\"elementor-widget-container\">\n\t\t\t\t\t\t\t\t\t<div class=\"elementor-button-wrapper\">\n\t\t\t\t\t<a class=\"elementor-button elementor-button-link elementor-size-md\" href=\"https:\/\/www.intarcon.com\/fr\/conseils-techniques\/\">\n\t\t\t\t\t\t<span class=\"elementor-button-content-wrapper\">\n\t\t\t\t\t\t\t\t\t<span class=\"elementor-button-text\">Demande conseils techniques<\/span>\n\t\t\t\t\t<\/span>\n\t\t\t\t\t<\/a>\n\t\t\t\t<\/div>\n\t\t\t\t\t\t\t\t<\/div>\n\t\t\t\t<\/div>\n\t\t\t\t\t<\/div>\r\n\t\t\t\t<\/div>\r\n\t\t\t\t\t<\/div>\r\n\t\t\t\t<\/section>\r\n\t\t\t\t<\/div>\n\t\t<\/div>\n","protected":false},"featured_media":93565,"template":"","meta":[],"product_brand":[],"product_cat":[336,523,341,345],"product_tag":[],"class_list":{"0":"post-93234","1":"product","2":"type-product","3":"status-publish","4":"has-post-thumbnail","6":"product_cat-r290","7":"product_cat-unites-de-evaporation-waterloop-r290","8":"product_cat-waterloop","9":"product_cat-groupes-a-condensation-par-eau","11":"first","12":"instock","13":"shipping-taxable","14":"product-type-simple"},"yoast_head":"<!-- This site is optimized with the Yoast SEO plugin v25.5 - https:\/\/yoast.com\/wordpress\/plugins\/seo\/ -->\n<title>\u00c9vaporateur \u00e0 bas profil R290 - INTARCON<\/title>\n<meta name=\"description\" content=\"\u00c9vaporateur R290 \u00e0 profil bas pour chambres froides. Structure en aluminium haute performance et moto-ventilateurs \u00e0 haut d\u00e9bit pour temp\u00e9ratures basses.\" \/>\n<meta name=\"robots\" content=\"index, follow, max-snippet:-1, max-image-preview:large, max-video-preview:-1\" \/>\n<link rel=\"canonical\" href=\"https:\/\/www.intarcon.com\/fr\/produit\/evaporateur-a-bas-profil-r290\/\" \/>\n<meta property=\"og:locale\" content=\"fr_FR\" \/>\n<meta property=\"og:type\" content=\"article\" \/>\n<meta property=\"og:title\" content=\"\u00c9vaporateur \u00e0 bas profil R290 - INTARCON\" \/>\n<meta property=\"og:description\" content=\"\u00c9vaporateur R290 \u00e0 profil bas pour chambres froides. Structure en aluminium haute performance et moto-ventilateurs \u00e0 haut d\u00e9bit pour temp\u00e9ratures basses.\" \/>\n<meta property=\"og:url\" content=\"https:\/\/www.intarcon.com\/fr\/produit\/evaporateur-a-bas-profil-r290\/\" \/>\n<meta property=\"og:site_name\" content=\"INTARCON\" \/>\n<meta property=\"article:publisher\" content=\"https:\/\/www.facebook.com\/intarcon\/\" \/>\n<meta property=\"article:modified_time\" content=\"2026-01-23T09:18:17+00:00\" \/>\n<meta property=\"og:image\" content=\"https:\/\/www.intarcon.com\/wp-content\/uploads\/2024\/12\/equipo-jb-2-nuevo-drch-1.webp\" \/>\n\t<meta property=\"og:image:width\" content=\"2000\" \/>\n\t<meta property=\"og:image:height\" content=\"2000\" \/>\n\t<meta property=\"og:image:type\" content=\"image\/webp\" \/>\n<meta name=\"twitter:card\" content=\"summary_large_image\" \/>\n<meta name=\"twitter:site\" content=\"@Intarcon\" \/>\n<script type=\"application\/ld+json\" class=\"yoast-schema-graph\">{\"@context\":\"https:\/\/schema.org\",\"@graph\":[{\"@type\":\"WebPage\",\"@id\":\"https:\/\/www.intarcon.com\/fr\/produit\/evaporateur-a-bas-profil-r290\/\",\"url\":\"https:\/\/www.intarcon.com\/fr\/produit\/evaporateur-a-bas-profil-r290\/\",\"name\":\"\u00c9vaporateur \u00e0 bas profil R290 - INTARCON\",\"isPartOf\":{\"@id\":\"https:\/\/www.intarcon.com\/fr\/#website\"},\"primaryImageOfPage\":{\"@id\":\"https:\/\/www.intarcon.com\/fr\/produit\/evaporateur-a-bas-profil-r290\/#primaryimage\"},\"image\":{\"@id\":\"https:\/\/www.intarcon.com\/fr\/produit\/evaporateur-a-bas-profil-r290\/#primaryimage\"},\"thumbnailUrl\":\"https:\/\/www.intarcon.com\/wp-content\/uploads\/2024\/12\/equipo-jb-2-nuevo-drch-1.webp\",\"datePublished\":\"2024-12-11T11:35:22+00:00\",\"dateModified\":\"2026-01-23T09:18:17+00:00\",\"description\":\"\u00c9vaporateur R290 \u00e0 profil bas pour chambres froides. Structure en aluminium haute performance et moto-ventilateurs \u00e0 haut d\u00e9bit pour temp\u00e9ratures basses.\",\"breadcrumb\":{\"@id\":\"https:\/\/www.intarcon.com\/fr\/produit\/evaporateur-a-bas-profil-r290\/#breadcrumb\"},\"inLanguage\":\"fr\",\"potentialAction\":[{\"@type\":\"ReadAction\",\"target\":[\"https:\/\/www.intarcon.com\/fr\/produit\/evaporateur-a-bas-profil-r290\/\"]}]},{\"@type\":\"ImageObject\",\"inLanguage\":\"fr\",\"@id\":\"https:\/\/www.intarcon.com\/fr\/produit\/evaporateur-a-bas-profil-r290\/#primaryimage\",\"url\":\"https:\/\/www.intarcon.com\/wp-content\/uploads\/2024\/12\/equipo-jb-2-nuevo-drch-1.webp\",\"contentUrl\":\"https:\/\/www.intarcon.com\/wp-content\/uploads\/2024\/12\/equipo-jb-2-nuevo-drch-1.webp\",\"width\":2000,\"height\":2000,\"caption\":\"evaporador de bajo perfil para R290, construido en estructura y carrocer\u00eda de aluminio, para peque\u00f1as c\u00e1mara frigor\u00edficas de INTARCON\"},{\"@type\":\"BreadcrumbList\",\"@id\":\"https:\/\/www.intarcon.com\/fr\/produit\/evaporateur-a-bas-profil-r290\/#breadcrumb\",\"itemListElement\":[{\"@type\":\"ListItem\",\"position\":1,\"name\":\"Portada\",\"item\":\"https:\/\/www.intarcon.com\/fr\/\"},{\"@type\":\"ListItem\",\"position\":2,\"name\":\"Producto\",\"item\":\"https:\/\/www.intarcon.com\/producto\/\"},{\"@type\":\"ListItem\",\"position\":3,\"name\":\"R290\",\"item\":\"https:\/\/www.intarcon.com\/fr\/technologie\/r290\/\"},{\"@type\":\"ListItem\",\"position\":4,\"name\":\"\u00c9vaporateur \u00e0 bas profil R290\"}]},{\"@type\":\"WebSite\",\"@id\":\"https:\/\/www.intarcon.com\/fr\/#website\",\"url\":\"https:\/\/www.intarcon.com\/fr\/\",\"name\":\"INTARCON\",\"description\":\"\",\"potentialAction\":[{\"@type\":\"SearchAction\",\"target\":{\"@type\":\"EntryPoint\",\"urlTemplate\":\"https:\/\/www.intarcon.com\/fr\/?s={search_term_string}\"},\"query-input\":{\"@type\":\"PropertyValueSpecification\",\"valueRequired\":true,\"valueName\":\"search_term_string\"}}],\"inLanguage\":\"fr\"}]}<\/script>\n<!-- \/ Yoast SEO plugin. -->","yoast_head_json":{"title":"\u00c9vaporateur \u00e0 bas profil R290 - INTARCON","description":"\u00c9vaporateur R290 \u00e0 profil bas pour chambres froides. Structure en aluminium haute performance et moto-ventilateurs \u00e0 haut d\u00e9bit pour temp\u00e9ratures basses.","robots":{"index":"index","follow":"follow","max-snippet":"max-snippet:-1","max-image-preview":"max-image-preview:large","max-video-preview":"max-video-preview:-1"},"canonical":"https:\/\/www.intarcon.com\/fr\/produit\/evaporateur-a-bas-profil-r290\/","og_locale":"fr_FR","og_type":"article","og_title":"\u00c9vaporateur \u00e0 bas profil R290 - INTARCON","og_description":"\u00c9vaporateur R290 \u00e0 profil bas pour chambres froides. Structure en aluminium haute performance et moto-ventilateurs \u00e0 haut d\u00e9bit pour temp\u00e9ratures basses.","og_url":"https:\/\/www.intarcon.com\/fr\/produit\/evaporateur-a-bas-profil-r290\/","og_site_name":"INTARCON","article_publisher":"https:\/\/www.facebook.com\/intarcon\/","article_modified_time":"2026-01-23T09:18:17+00:00","og_image":[{"width":2000,"height":2000,"url":"https:\/\/www.intarcon.com\/wp-content\/uploads\/2024\/12\/equipo-jb-2-nuevo-drch-1.webp","type":"image\/webp"}],"twitter_card":"summary_large_image","twitter_site":"@Intarcon","schema":{"@context":"https:\/\/schema.org","@graph":[{"@type":"WebPage","@id":"https:\/\/www.intarcon.com\/fr\/produit\/evaporateur-a-bas-profil-r290\/","url":"https:\/\/www.intarcon.com\/fr\/produit\/evaporateur-a-bas-profil-r290\/","name":"\u00c9vaporateur \u00e0 bas profil R290 - INTARCON","isPartOf":{"@id":"https:\/\/www.intarcon.com\/fr\/#website"},"primaryImageOfPage":{"@id":"https:\/\/www.intarcon.com\/fr\/produit\/evaporateur-a-bas-profil-r290\/#primaryimage"},"image":{"@id":"https:\/\/www.intarcon.com\/fr\/produit\/evaporateur-a-bas-profil-r290\/#primaryimage"},"thumbnailUrl":"https:\/\/www.intarcon.com\/wp-content\/uploads\/2024\/12\/equipo-jb-2-nuevo-drch-1.webp","datePublished":"2024-12-11T11:35:22+00:00","dateModified":"2026-01-23T09:18:17+00:00","description":"\u00c9vaporateur R290 \u00e0 profil bas pour chambres froides. Structure en aluminium haute performance et moto-ventilateurs \u00e0 haut d\u00e9bit pour temp\u00e9ratures basses.","breadcrumb":{"@id":"https:\/\/www.intarcon.com\/fr\/produit\/evaporateur-a-bas-profil-r290\/#breadcrumb"},"inLanguage":"fr","potentialAction":[{"@type":"ReadAction","target":["https:\/\/www.intarcon.com\/fr\/produit\/evaporateur-a-bas-profil-r290\/"]}]},{"@type":"ImageObject","inLanguage":"fr","@id":"https:\/\/www.intarcon.com\/fr\/produit\/evaporateur-a-bas-profil-r290\/#primaryimage","url":"https:\/\/www.intarcon.com\/wp-content\/uploads\/2024\/12\/equipo-jb-2-nuevo-drch-1.webp","contentUrl":"https:\/\/www.intarcon.com\/wp-content\/uploads\/2024\/12\/equipo-jb-2-nuevo-drch-1.webp","width":2000,"height":2000,"caption":"evaporador de bajo perfil para R290, construido en estructura y carrocer\u00eda de aluminio, para peque\u00f1as c\u00e1mara frigor\u00edficas de INTARCON"},{"@type":"BreadcrumbList","@id":"https:\/\/www.intarcon.com\/fr\/produit\/evaporateur-a-bas-profil-r290\/#breadcrumb","itemListElement":[{"@type":"ListItem","position":1,"name":"Portada","item":"https:\/\/www.intarcon.com\/fr\/"},{"@type":"ListItem","position":2,"name":"Producto","item":"https:\/\/www.intarcon.com\/producto\/"},{"@type":"ListItem","position":3,"name":"R290","item":"https:\/\/www.intarcon.com\/fr\/technologie\/r290\/"},{"@type":"ListItem","position":4,"name":"\u00c9vaporateur \u00e0 bas profil R290"}]},{"@type":"WebSite","@id":"https:\/\/www.intarcon.com\/fr\/#website","url":"https:\/\/www.intarcon.com\/fr\/","name":"INTARCON","description":"","potentialAction":[{"@type":"SearchAction","target":{"@type":"EntryPoint","urlTemplate":"https:\/\/www.intarcon.com\/fr\/?s={search_term_string}"},"query-input":{"@type":"PropertyValueSpecification","valueRequired":true,"valueName":"search_term_string"}}],"inLanguage":"fr"}]}},"_links":{"self":[{"href":"https:\/\/www.intarcon.com\/fr\/wp-json\/wp\/v2\/product\/93234","targetHints":{"allow":["GET"]}}],"collection":[{"href":"https:\/\/www.intarcon.com\/fr\/wp-json\/wp\/v2\/product"}],"about":[{"href":"https:\/\/www.intarcon.com\/fr\/wp-json\/wp\/v2\/types\/product"}],"version-history":[{"count":0,"href":"https:\/\/www.intarcon.com\/fr\/wp-json\/wp\/v2\/product\/93234\/revisions"}],"wp:featuredmedia":[{"embeddable":true,"href":"https:\/\/www.intarcon.com\/fr\/wp-json\/wp\/v2\/media\/93565"}],"wp:attachment":[{"href":"https:\/\/www.intarcon.com\/fr\/wp-json\/wp\/v2\/media?parent=93234"}],"wp:term":[{"taxonomy":"product_brand","embeddable":true,"href":"https:\/\/www.intarcon.com\/fr\/wp-json\/wp\/v2\/product_brand?post=93234"},{"taxonomy":"product_cat","embeddable":true,"href":"https:\/\/www.intarcon.com\/fr\/wp-json\/wp\/v2\/product_cat?post=93234"},{"taxonomy":"product_tag","embeddable":true,"href":"https:\/\/www.intarcon.com\/fr\/wp-json\/wp\/v2\/product_tag?post=93234"}],"curies":[{"name":"wp","href":"https:\/\/api.w.org\/{rel}","templated":true}]}}