{"id":93073,"date":"2024-12-05T09:44:32","date_gmt":"2024-12-05T08:44:32","guid":{"rendered":"https:\/\/www.intarcon.com\/?post_type=product&#038;p=93073"},"modified":"2026-01-26T10:02:58","modified_gmt":"2026-01-26T09:02:58","slug":"murales-compactes-pro-intarblock-pro-r290","status":"publish","type":"product","link":"https:\/\/www.intarcon.com\/fr\/produit\/murales-compactes-pro-intarblock-pro-r290\/","title":{"rendered":"intarblock PRO R290"},"content":{"rendered":"<p>Nouvelles unit\u00e9s compactes monoblocs R-290 con\u00e7ues par et pour les installateurs. Pour les petites et moyennes chambres froides de r\u00e9frig\u00e9ration et de conservation. Pour installation \u00e0 paroi.<\/p>\n<ul>\n<li><strong>\u00c9changeurs avec protection:\u00a0<\/strong>Batterie d\u2019\u00e9vaporateur \u00e0 tubes et \u00e0 ailettes avec traitement par cataphor\u00e8se et batterie de condenseur \u00e0 microcanaux avec traitement de peinture polyester.<\/li>\n<li><strong>Ventilateurs \u00e9lectroniques<\/strong>: Ventilateurs \u00e9lectroniques avec r\u00e9gulation de la vitesse du condenseur, minimisant la consommation d\u2019\u00e9nergie ainsi que le bruit.<\/li>\n<li><strong>Registre frontal de l\u2019\u00e9vaporateur d\u00e9montable<\/strong>: Panneau frontal avec ventilateursaccessibles par l\u2019avant de l\u2019\u00e9quipement, pour acc\u00e9der au nettoyage des batteries et des plateaux si l\u2019\u00e9quipement est positionn\u00e9 entre les \u00e9tag\u00e8res. Facilit\u00e9 d\u2019entretien sur tous les \u00e9l\u00e9ments de l\u2019\u00e9quipement.<\/li>\n<li><strong>Tableau \u00e9lectrique<\/strong>: Tableau \u00e9lectrique avec acc\u00e8s frontal. Tous les \u00e9l\u00e9ments de protection et de contr\u00f4le \u00e9lectronique sont int\u00e9gr\u00e9s. Bornier de raccordement des \u00e9l\u00e9ments.<\/li>\n<li><strong>Connecteurs<\/strong>: Tous les \u00e9l\u00e9ments \u00e9lectriques utilisent des connecteurs qui facilitent leur remplacement.<\/li>\n<li><strong>Filtre \u00e0 air lavable<\/strong>: Accessible de l\u2019ext\u00e9rieur pour \u00e9viter la contamination du condenseur et de l \u2018int\u00e9rieur de l\u2019unit\u00e9.<\/li>\n<li><strong>D\u00e9givrage<\/strong>: D\u00e9givrage par gaz chaud avec fermeture de la conduite de liquide, r\u00e9duisant le temps de d\u00e9givrage et, par cons\u00e9quent, avec un temps de d\u00e9marrage et une consommation de l\u2019unit\u00e9 plus courts.<\/li>\n<li><strong>Bac \u00e0 condensats<\/strong>: Plateau d\u2019\u00e9vaporation des condensats, accessible depuis l\u2019unit\u00e9 ext\u00e9rieure et d\u00e9montable. Fabriqu\u00e9 en acier inoxydable. Il permet le nettoyage, ainsi que le serpentin d\u2019\u00e9vaporation. D\u00e9versoir pour canalisation de l\u2019exc\u00e8s d\u2019eau condens\u00e9e.<\/li>\n<\/ul>\n<h2>Sch\u00e9ma d&#8217;installation.<\/h2>\n<p><img fetchpriority=\"high\" decoding=\"async\" class=\"alignnone wp-image-93053\" src=\"https:\/\/www.intarcon.com\/wp-content\/uploads\/2024\/12\/esquema-montaje-intarblock-pro-r290.webp\" alt=\"Esquema de montaje de equipo de refrigeraci\u00f3n compacto de R290\" width=\"550\" height=\"477\" srcset=\"https:\/\/www.intarcon.com\/wp-content\/uploads\/2024\/12\/esquema-montaje-intarblock-pro-r290-400x347.webp 400w, https:\/\/www.intarcon.com\/wp-content\/uploads\/2024\/12\/esquema-montaje-intarblock-pro-r290-367x318.webp 367w\" sizes=\"(max-width: 550px) 100vw, 550px\" \/><\/p>\n<h2>\u00c9vaporateur de type cubique en aluminium.<\/h2>\n<p>L&#8217;aluminium permet un meilleur transfert de chaleur que les autres mat\u00e9riaux et un fonctionnement optimal \u00e0 basse temp\u00e9rature. Les \u00e9vaporateurs de type cubique ont une plus grande port\u00e9e d&#8217;air que les \u00e9vaporateurs de type soffite.<\/p>\n","protected":false},"excerpt":{"rendered":"<h2 style=\"color: #999999; font-size: 18px; margin-bottom: 0px;\">Unit\u00e9 de r\u00e9frig\u00e9ration compacte<\/h2>\n<p>Unit\u00e9s compactes con\u00e7ues pour la mini-r\u00e9frig\u00e9ration murale et les chambres de cong\u00e9lation avec R290.<br \/>\n<style>.elementor-widget-button .elementor-button{background-color:var( --e-global-color-accent );}.elementor-29436 .elementor-element.elementor-element-2d8b95e .elementor-button{background-color:#0085BB;font-family:\"Roboto\", Montserrat;font-size:1.1em;font-weight:600;text-decoration:none;fill:#FFFFFF;color:#FFFFFF;border-style:solid;border-width:2px 2px 2px 2px;border-color:#0085BB;border-radius:33px 33px 33px 33px;padding:14px 20px 14px 20px;}.elementor-29436 .elementor-element.elementor-element-2d8b95e .elementor-button:hover, .elementor-29436 .elementor-element.elementor-element-2d8b95e .elementor-button:focus{background-color:#FFFFFF;color:#0085BB;border-color:#0085BB;}.elementor-29436 .elementor-element.elementor-element-2d8b95e > .elementor-widget-container{margin:2% 0% 1% 0%;}.elementor-29436 .elementor-element.elementor-element-2d8b95e .elementor-button:hover svg, .elementor-29436 .elementor-element.elementor-element-2d8b95e .elementor-button:focus svg{fill:#0085BB;}@media(max-width:767px){.elementor-29436 .elementor-element.elementor-element-2d8b95e > .elementor-widget-container{margin:-20px 0px 50px 0px;}}<\/style><div class=\"porto-block\" data-id=\"29436\">\t\t<div data-elementor-type=\"wp-post\" data-elementor-id=\"29436\" class=\"elementor elementor-29436 elementor-29420\" data-elementor-post-type=\"porto_builder\">\n\t\t\t\t\t\t<section class=\"elementor-section elementor-top-section elementor-element elementor-element-4601687 elementor-section-boxed elementor-section-height-default elementor-section-height-default\" data-id=\"4601687\" data-element_type=\"section\">\r\n\t\t\r\n\t\t\t\t\t\t\t<div class=\"elementor-container elementor-column-gap-default\">\r\n\t\t\t\t\t\t\t\t\t\t\t<div class=\"elementor-column elementor-col-100 elementor-top-column elementor-element elementor-element-7f3a8ac\" data-id=\"7f3a8ac\" data-element_type=\"column\">\r\n\t\t\t\t\t<div class=\"elementor-widget-wrap elementor-element-populated\">\r\n\t\t\t\t\t\t\t\t<div class=\"elementor-element elementor-element-2d8b95e elementor-align-left elementor-widget elementor-widget-button\" data-id=\"2d8b95e\" data-element_type=\"widget\" data-widget_type=\"button.default\">\n\t\t\t\t<div class=\"elementor-widget-container\">\n\t\t\t\t\t\t\t\t\t<div class=\"elementor-button-wrapper\">\n\t\t\t\t\t<a class=\"elementor-button elementor-button-link elementor-size-md\" href=\"https:\/\/www.intarcon.com\/fr\/conseils-techniques\/\">\n\t\t\t\t\t\t<span class=\"elementor-button-content-wrapper\">\n\t\t\t\t\t\t\t\t\t<span class=\"elementor-button-text\">Demande conseils techniques<\/span>\n\t\t\t\t\t<\/span>\n\t\t\t\t\t<\/a>\n\t\t\t\t<\/div>\n\t\t\t\t\t\t\t\t<\/div>\n\t\t\t\t<\/div>\n\t\t\t\t\t<\/div>\r\n\t\t\t\t<\/div>\r\n\t\t\t\t\t<\/div>\r\n\t\t\t\t<\/section>\r\n\t\t\t\t<\/div>\n\t\t<\/div><\/p>\n","protected":false},"featured_media":93020,"template":"","meta":[],"product_brand":[],"product_cat":[336,375],"product_tag":[],"class_list":{"0":"post-93073","1":"product","2":"type-product","3":"status-publish","4":"has-post-thumbnail","6":"product_cat-r290","7":"product_cat-unites-monoblocs","9":"first","10":"instock","11":"featured","12":"shipping-taxable","13":"product-type-simple"},"yoast_head":"<!-- This site is optimized with the Yoast SEO plugin v25.5 - https:\/\/yoast.com\/wordpress\/plugins\/seo\/ -->\n<title>intarblock PRO R290 - INTARCON<\/title>\n<meta name=\"description\" content=\"Les unit\u00e9s compactes murales intarblock R290 pro sont des unit\u00e9s compactes con\u00e7ues par et pour les chambres froides de petite et moyenne taille.\" \/>\n<meta name=\"robots\" content=\"index, follow, max-snippet:-1, max-image-preview:large, max-video-preview:-1\" \/>\n<link rel=\"canonical\" href=\"https:\/\/www.intarcon.com\/fr\/produit\/murales-compactes-pro-intarblock-pro-r290\/\" \/>\n<meta property=\"og:locale\" content=\"fr_FR\" \/>\n<meta property=\"og:type\" content=\"article\" \/>\n<meta property=\"og:title\" content=\"intarblock PRO R290 - INTARCON\" \/>\n<meta property=\"og:description\" content=\"Les unit\u00e9s compactes murales intarblock R290 pro sont des unit\u00e9s compactes con\u00e7ues par et pour les chambres froides de petite et moyenne taille.\" \/>\n<meta property=\"og:url\" content=\"https:\/\/www.intarcon.com\/fr\/produit\/murales-compactes-pro-intarblock-pro-r290\/\" \/>\n<meta property=\"og:site_name\" content=\"INTARCON\" \/>\n<meta property=\"article:publisher\" content=\"https:\/\/www.facebook.com\/intarcon\/\" \/>\n<meta property=\"article:modified_time\" content=\"2026-01-26T09:02:58+00:00\" \/>\n<meta property=\"og:image\" content=\"https:\/\/www.intarcon.com\/wp-content\/uploads\/2024\/12\/equipo-refrigeracion-compacto-pared-intarblock-pro-r290.webp\" \/>\n\t<meta property=\"og:image:width\" content=\"600\" \/>\n\t<meta property=\"og:image:height\" content=\"600\" \/>\n\t<meta property=\"og:image:type\" content=\"image\/webp\" \/>\n<meta name=\"twitter:card\" content=\"summary_large_image\" \/>\n<meta name=\"twitter:site\" content=\"@Intarcon\" \/>\n<meta name=\"twitter:label1\" content=\"Est. reading time\" \/>\n\t<meta name=\"twitter:data1\" content=\"2 minutes\" \/>\n<script type=\"application\/ld+json\" class=\"yoast-schema-graph\">{\"@context\":\"https:\/\/schema.org\",\"@graph\":[{\"@type\":\"WebPage\",\"@id\":\"https:\/\/www.intarcon.com\/fr\/produit\/murales-compactes-pro-intarblock-pro-r290\/\",\"url\":\"https:\/\/www.intarcon.com\/fr\/produit\/murales-compactes-pro-intarblock-pro-r290\/\",\"name\":\"intarblock PRO R290 - INTARCON\",\"isPartOf\":{\"@id\":\"https:\/\/www.intarcon.com\/fr\/#website\"},\"primaryImageOfPage\":{\"@id\":\"https:\/\/www.intarcon.com\/fr\/produit\/murales-compactes-pro-intarblock-pro-r290\/#primaryimage\"},\"image\":{\"@id\":\"https:\/\/www.intarcon.com\/fr\/produit\/murales-compactes-pro-intarblock-pro-r290\/#primaryimage\"},\"thumbnailUrl\":\"https:\/\/www.intarcon.com\/wp-content\/uploads\/2024\/12\/equipo-refrigeracion-compacto-pared-intarblock-pro-r290.webp\",\"datePublished\":\"2024-12-05T08:44:32+00:00\",\"dateModified\":\"2026-01-26T09:02:58+00:00\",\"description\":\"Les unit\u00e9s compactes murales intarblock R290 pro sont des unit\u00e9s compactes con\u00e7ues par et pour les chambres froides de petite et moyenne taille.\",\"breadcrumb\":{\"@id\":\"https:\/\/www.intarcon.com\/fr\/produit\/murales-compactes-pro-intarblock-pro-r290\/#breadcrumb\"},\"inLanguage\":\"fr\",\"potentialAction\":[{\"@type\":\"ReadAction\",\"target\":[\"https:\/\/www.intarcon.com\/fr\/produit\/murales-compactes-pro-intarblock-pro-r290\/\"]}]},{\"@type\":\"ImageObject\",\"inLanguage\":\"fr\",\"@id\":\"https:\/\/www.intarcon.com\/fr\/produit\/murales-compactes-pro-intarblock-pro-r290\/#primaryimage\",\"url\":\"https:\/\/www.intarcon.com\/wp-content\/uploads\/2024\/12\/equipo-refrigeracion-compacto-pared-intarblock-pro-r290.webp\",\"contentUrl\":\"https:\/\/www.intarcon.com\/wp-content\/uploads\/2024\/12\/equipo-refrigeracion-compacto-pared-intarblock-pro-r290.webp\",\"width\":600,\"height\":600,\"caption\":\"Equipo de refrigeraci\u00f3n compacto comercial de pared de INTARCON\"},{\"@type\":\"BreadcrumbList\",\"@id\":\"https:\/\/www.intarcon.com\/fr\/produit\/murales-compactes-pro-intarblock-pro-r290\/#breadcrumb\",\"itemListElement\":[{\"@type\":\"ListItem\",\"position\":1,\"name\":\"Portada\",\"item\":\"https:\/\/www.intarcon.com\/fr\/\"},{\"@type\":\"ListItem\",\"position\":2,\"name\":\"Producto\",\"item\":\"https:\/\/www.intarcon.com\/producto\/\"},{\"@type\":\"ListItem\",\"position\":3,\"name\":\"R290\",\"item\":\"https:\/\/www.intarcon.com\/fr\/technologie\/r290\/\"},{\"@type\":\"ListItem\",\"position\":4,\"name\":\"intarblock PRO R290\"}]},{\"@type\":\"WebSite\",\"@id\":\"https:\/\/www.intarcon.com\/fr\/#website\",\"url\":\"https:\/\/www.intarcon.com\/fr\/\",\"name\":\"INTARCON\",\"description\":\"\",\"potentialAction\":[{\"@type\":\"SearchAction\",\"target\":{\"@type\":\"EntryPoint\",\"urlTemplate\":\"https:\/\/www.intarcon.com\/fr\/?s={search_term_string}\"},\"query-input\":{\"@type\":\"PropertyValueSpecification\",\"valueRequired\":true,\"valueName\":\"search_term_string\"}}],\"inLanguage\":\"fr\"}]}<\/script>\n<!-- \/ Yoast SEO plugin. -->","yoast_head_json":{"title":"intarblock PRO R290 - INTARCON","description":"Les unit\u00e9s compactes murales intarblock R290 pro sont des unit\u00e9s compactes con\u00e7ues par et pour les chambres froides de petite et moyenne taille.","robots":{"index":"index","follow":"follow","max-snippet":"max-snippet:-1","max-image-preview":"max-image-preview:large","max-video-preview":"max-video-preview:-1"},"canonical":"https:\/\/www.intarcon.com\/fr\/produit\/murales-compactes-pro-intarblock-pro-r290\/","og_locale":"fr_FR","og_type":"article","og_title":"intarblock PRO R290 - INTARCON","og_description":"Les unit\u00e9s compactes murales intarblock R290 pro sont des unit\u00e9s compactes con\u00e7ues par et pour les chambres froides de petite et moyenne taille.","og_url":"https:\/\/www.intarcon.com\/fr\/produit\/murales-compactes-pro-intarblock-pro-r290\/","og_site_name":"INTARCON","article_publisher":"https:\/\/www.facebook.com\/intarcon\/","article_modified_time":"2026-01-26T09:02:58+00:00","og_image":[{"width":600,"height":600,"url":"https:\/\/www.intarcon.com\/wp-content\/uploads\/2024\/12\/equipo-refrigeracion-compacto-pared-intarblock-pro-r290.webp","type":"image\/webp"}],"twitter_card":"summary_large_image","twitter_site":"@Intarcon","twitter_misc":{"Est. reading time":"2 minutes"},"schema":{"@context":"https:\/\/schema.org","@graph":[{"@type":"WebPage","@id":"https:\/\/www.intarcon.com\/fr\/produit\/murales-compactes-pro-intarblock-pro-r290\/","url":"https:\/\/www.intarcon.com\/fr\/produit\/murales-compactes-pro-intarblock-pro-r290\/","name":"intarblock PRO R290 - INTARCON","isPartOf":{"@id":"https:\/\/www.intarcon.com\/fr\/#website"},"primaryImageOfPage":{"@id":"https:\/\/www.intarcon.com\/fr\/produit\/murales-compactes-pro-intarblock-pro-r290\/#primaryimage"},"image":{"@id":"https:\/\/www.intarcon.com\/fr\/produit\/murales-compactes-pro-intarblock-pro-r290\/#primaryimage"},"thumbnailUrl":"https:\/\/www.intarcon.com\/wp-content\/uploads\/2024\/12\/equipo-refrigeracion-compacto-pared-intarblock-pro-r290.webp","datePublished":"2024-12-05T08:44:32+00:00","dateModified":"2026-01-26T09:02:58+00:00","description":"Les unit\u00e9s compactes murales intarblock R290 pro sont des unit\u00e9s compactes con\u00e7ues par et pour les chambres froides de petite et moyenne taille.","breadcrumb":{"@id":"https:\/\/www.intarcon.com\/fr\/produit\/murales-compactes-pro-intarblock-pro-r290\/#breadcrumb"},"inLanguage":"fr","potentialAction":[{"@type":"ReadAction","target":["https:\/\/www.intarcon.com\/fr\/produit\/murales-compactes-pro-intarblock-pro-r290\/"]}]},{"@type":"ImageObject","inLanguage":"fr","@id":"https:\/\/www.intarcon.com\/fr\/produit\/murales-compactes-pro-intarblock-pro-r290\/#primaryimage","url":"https:\/\/www.intarcon.com\/wp-content\/uploads\/2024\/12\/equipo-refrigeracion-compacto-pared-intarblock-pro-r290.webp","contentUrl":"https:\/\/www.intarcon.com\/wp-content\/uploads\/2024\/12\/equipo-refrigeracion-compacto-pared-intarblock-pro-r290.webp","width":600,"height":600,"caption":"Equipo de refrigeraci\u00f3n compacto comercial de pared de INTARCON"},{"@type":"BreadcrumbList","@id":"https:\/\/www.intarcon.com\/fr\/produit\/murales-compactes-pro-intarblock-pro-r290\/#breadcrumb","itemListElement":[{"@type":"ListItem","position":1,"name":"Portada","item":"https:\/\/www.intarcon.com\/fr\/"},{"@type":"ListItem","position":2,"name":"Producto","item":"https:\/\/www.intarcon.com\/producto\/"},{"@type":"ListItem","position":3,"name":"R290","item":"https:\/\/www.intarcon.com\/fr\/technologie\/r290\/"},{"@type":"ListItem","position":4,"name":"intarblock PRO R290"}]},{"@type":"WebSite","@id":"https:\/\/www.intarcon.com\/fr\/#website","url":"https:\/\/www.intarcon.com\/fr\/","name":"INTARCON","description":"","potentialAction":[{"@type":"SearchAction","target":{"@type":"EntryPoint","urlTemplate":"https:\/\/www.intarcon.com\/fr\/?s={search_term_string}"},"query-input":{"@type":"PropertyValueSpecification","valueRequired":true,"valueName":"search_term_string"}}],"inLanguage":"fr"}]}},"_links":{"self":[{"href":"https:\/\/www.intarcon.com\/fr\/wp-json\/wp\/v2\/product\/93073","targetHints":{"allow":["GET"]}}],"collection":[{"href":"https:\/\/www.intarcon.com\/fr\/wp-json\/wp\/v2\/product"}],"about":[{"href":"https:\/\/www.intarcon.com\/fr\/wp-json\/wp\/v2\/types\/product"}],"version-history":[{"count":0,"href":"https:\/\/www.intarcon.com\/fr\/wp-json\/wp\/v2\/product\/93073\/revisions"}],"wp:featuredmedia":[{"embeddable":true,"href":"https:\/\/www.intarcon.com\/fr\/wp-json\/wp\/v2\/media\/93020"}],"wp:attachment":[{"href":"https:\/\/www.intarcon.com\/fr\/wp-json\/wp\/v2\/media?parent=93073"}],"wp:term":[{"taxonomy":"product_brand","embeddable":true,"href":"https:\/\/www.intarcon.com\/fr\/wp-json\/wp\/v2\/product_brand?post=93073"},{"taxonomy":"product_cat","embeddable":true,"href":"https:\/\/www.intarcon.com\/fr\/wp-json\/wp\/v2\/product_cat?post=93073"},{"taxonomy":"product_tag","embeddable":true,"href":"https:\/\/www.intarcon.com\/fr\/wp-json\/wp\/v2\/product_tag?post=93073"}],"curies":[{"name":"wp","href":"https:\/\/api.w.org\/{rel}","templated":true}]}}