{"id":8660,"date":"2019-06-27T07:47:20","date_gmt":"2019-06-27T05:47:20","guid":{"rendered":"https:\/\/www.intarcon.com\/wordpress\/producto\/intarblock-de-puerta-equipo-de-refrigeracion-compacto\/"},"modified":"2022-12-15T09:54:59","modified_gmt":"2022-12-15T07:54:59","slug":"intarblock-de-porte","status":"publish","type":"product","link":"https:\/\/www.intarcon.com\/fr\/produit\/intarblock-de-porte\/","title":{"rendered":"intarblock de porte"},"content":{"rendered":"<p>intarblock de porte sont unit\u00e9s monobloc pour l\u2019installation sur la porte des petites et moyennes chambres froides de r\u00e9frig\u00e9ration et cong\u00e9lation, montage sur panneau de porte, en option\u00a0 avec rideau d\u00b4air int\u00e9gr\u00e9e.<\/p>\n<ul>\n<li>Utilisation optimale de l\u2019espace dans le mini-chambres.<\/li>\n<li>Conception tropicalis\u00e9e pour haute temp\u00e9rature ambiante jusqu\u2019\u00e0 45 \u00baC.<\/li>\n<li>Rideau d\u2019air (en option).<\/li>\n<li>\u00c9quipement exempt de contr\u00f4le de fuites.<\/li>\n<\/ul>\n<p><strong>Rideau d\u2019air (en option)<\/strong><br \/>\nLes groupes intarbloc de porte ont l\u2019option d\u2019int\u00e9grer un rideau d\u2019air dimensionn\u00e9 pour portes de hauteur 1 800 mm et longueur 800 mm. Le rideau est compos\u00e9 d\u2019un ventilateur centrifuge \u00e0 vitesse variable, interrupteur de porte et diffuseur lin\u00e9aire.<\/p>\n<p>Le rideau d\u2019air cr\u00e9e une barri\u00e8re invisible laquelle r\u00e9duit les pertes thermiques \u00e0 l\u2019int\u00e9rieur de la chambre froide. Il est activ\u00e9 avec l\u2019ouverture de porte et \u00e9vite l\u2019entr\u00e9e d\u2019air<br \/>\nchaud et par cons\u00e9quence, la perte d\u2019air froid. Il a une performance sup\u00e9rieure au 50 %.<\/p>\n<ul>\n<li>Ventilateur centrifuge.<\/li>\n<li>Diffuseur d\u2019air longitudinal.<\/li>\n<li>Activation automatique li\u00e9e \u00e0 l\u2019ouverture de porte.<\/li>\n<\/ul>\n<p>&nbsp;<\/p>\n","protected":false},"excerpt":{"rendered":"<h2 style=\"color: #999999; font-size: 18px; margin-bottom: 0px;\">Monobloc<\/h2>\n<p>Unit\u00e9s monobloc pour l\u2019installation sur la porte des petites et moyennes chambres froides de r\u00e9frig\u00e9ration et cong\u00e9lation, avec rideau d\u00b4air int\u00e9gr\u00e9e en option.<br \/>\n<style>.elementor-widget-button .elementor-button{background-color:var( --e-global-color-accent );}.elementor-29436 .elementor-element.elementor-element-2d8b95e .elementor-button{background-color:#0085BB;font-family:\"Roboto\", Montserrat;font-size:1.1em;font-weight:600;text-decoration:none;fill:#FFFFFF;color:#FFFFFF;border-style:solid;border-width:2px 2px 2px 2px;border-color:#0085BB;border-radius:33px 33px 33px 33px;padding:14px 20px 14px 20px;}.elementor-29436 .elementor-element.elementor-element-2d8b95e .elementor-button:hover, .elementor-29436 .elementor-element.elementor-element-2d8b95e .elementor-button:focus{background-color:#FFFFFF;color:#0085BB;border-color:#0085BB;}.elementor-29436 .elementor-element.elementor-element-2d8b95e > .elementor-widget-container{margin:2% 0% 1% 0%;}.elementor-29436 .elementor-element.elementor-element-2d8b95e .elementor-button:hover svg, .elementor-29436 .elementor-element.elementor-element-2d8b95e .elementor-button:focus svg{fill:#0085BB;}@media(max-width:767px){.elementor-29436 .elementor-element.elementor-element-2d8b95e > .elementor-widget-container{margin:-20px 0px 50px 0px;}}<\/style><div class=\"porto-block\" data-id=\"29436\">\t\t<div data-elementor-type=\"wp-post\" data-elementor-id=\"29436\" class=\"elementor elementor-29436 elementor-29420\" data-elementor-post-type=\"porto_builder\">\n\t\t\t\t\t\t<section class=\"elementor-section elementor-top-section elementor-element elementor-element-4601687 elementor-section-boxed elementor-section-height-default elementor-section-height-default\" data-id=\"4601687\" data-element_type=\"section\">\r\n\t\t\r\n\t\t\t\t\t\t\t<div class=\"elementor-container elementor-column-gap-default\">\r\n\t\t\t\t\t\t\t\t\t\t\t<div class=\"elementor-column elementor-col-100 elementor-top-column elementor-element elementor-element-7f3a8ac\" data-id=\"7f3a8ac\" data-element_type=\"column\">\r\n\t\t\t\t\t<div class=\"elementor-widget-wrap elementor-element-populated\">\r\n\t\t\t\t\t\t\t\t<div class=\"elementor-element elementor-element-2d8b95e elementor-align-left elementor-widget elementor-widget-button\" data-id=\"2d8b95e\" data-element_type=\"widget\" data-widget_type=\"button.default\">\n\t\t\t\t<div class=\"elementor-widget-container\">\n\t\t\t\t\t\t\t\t\t<div class=\"elementor-button-wrapper\">\n\t\t\t\t\t<a class=\"elementor-button elementor-button-link elementor-size-md\" href=\"https:\/\/www.intarcon.com\/fr\/conseils-techniques\/\">\n\t\t\t\t\t\t<span class=\"elementor-button-content-wrapper\">\n\t\t\t\t\t\t\t\t\t<span class=\"elementor-button-text\">Demande conseils techniques<\/span>\n\t\t\t\t\t<\/span>\n\t\t\t\t\t<\/a>\n\t\t\t\t<\/div>\n\t\t\t\t\t\t\t\t<\/div>\n\t\t\t\t<\/div>\n\t\t\t\t\t<\/div>\r\n\t\t\t\t<\/div>\r\n\t\t\t\t\t<\/div>\r\n\t\t\t\t<\/section>\r\n\t\t\t\t<\/div>\n\t\t<\/div><\/p>\n","protected":false},"featured_media":89416,"template":"","meta":[],"product_brand":[],"product_cat":[602],"product_tag":[],"class_list":{"0":"post-8660","1":"product","2":"type-product","3":"status-publish","4":"has-post-thumbnail","6":"product_cat-r290","8":"first","9":"instock","10":"shipping-taxable","11":"product-type-simple"},"yoast_head":"<!-- This site is optimized with the Yoast SEO plugin v25.5 - https:\/\/yoast.com\/wordpress\/plugins\/seo\/ -->\n<title>intarblock de porte - INTARCON<\/title>\n<meta name=\"description\" content=\"intarbloc de porte sont unit\u00e9s monobloc pour l\u2019installation sur la porte des petites et moyennes chambres froides de r\u00e9frig\u00e9ration et cong\u00e9lation.\" \/>\n<meta name=\"robots\" content=\"index, follow, max-snippet:-1, max-image-preview:large, max-video-preview:-1\" \/>\n<link rel=\"canonical\" href=\"https:\/\/www.intarcon.com\/fr\/produit\/intarblock-de-porte\/\" \/>\n<meta property=\"og:locale\" content=\"fr_FR\" \/>\n<meta property=\"og:type\" content=\"article\" \/>\n<meta property=\"og:title\" content=\"intarblock de porte - INTARCON\" \/>\n<meta property=\"og:description\" content=\"intarbloc de porte sont unit\u00e9s monobloc pour l\u2019installation sur la porte des petites et moyennes chambres froides de r\u00e9frig\u00e9ration et cong\u00e9lation.\" \/>\n<meta property=\"og:url\" content=\"https:\/\/www.intarcon.com\/fr\/produit\/intarblock-de-porte\/\" \/>\n<meta property=\"og:site_name\" content=\"INTARCON\" \/>\n<meta property=\"article:publisher\" content=\"https:\/\/www.facebook.com\/intarcon\/\" \/>\n<meta property=\"article:modified_time\" content=\"2022-12-15T07:54:59+00:00\" \/>\n<meta property=\"og:image\" content=\"https:\/\/www.intarcon.com\/wp-content\/uploads\/2019\/06\/intarblock-de-puerta-cp-intarcon.webp\" \/>\n\t<meta property=\"og:image:width\" content=\"600\" \/>\n\t<meta property=\"og:image:height\" content=\"600\" \/>\n\t<meta property=\"og:image:type\" content=\"image\/webp\" \/>\n<meta name=\"twitter:card\" content=\"summary_large_image\" \/>\n<meta name=\"twitter:site\" content=\"@Intarcon\" \/>\n<meta name=\"twitter:label1\" content=\"Est. reading time\" \/>\n\t<meta name=\"twitter:data1\" content=\"1 minute\" \/>\n<script type=\"application\/ld+json\" class=\"yoast-schema-graph\">{\"@context\":\"https:\/\/schema.org\",\"@graph\":[{\"@type\":\"WebPage\",\"@id\":\"https:\/\/www.intarcon.com\/fr\/produit\/intarblock-de-porte\/\",\"url\":\"https:\/\/www.intarcon.com\/fr\/produit\/intarblock-de-porte\/\",\"name\":\"intarblock de porte - INTARCON\",\"isPartOf\":{\"@id\":\"https:\/\/www.intarcon.com\/fr\/#website\"},\"primaryImageOfPage\":{\"@id\":\"https:\/\/www.intarcon.com\/fr\/produit\/intarblock-de-porte\/#primaryimage\"},\"image\":{\"@id\":\"https:\/\/www.intarcon.com\/fr\/produit\/intarblock-de-porte\/#primaryimage\"},\"thumbnailUrl\":\"https:\/\/www.intarcon.com\/wp-content\/uploads\/2019\/06\/equipo-refrigeracion-compacto-puerta-intarblock-hfc.webp\",\"datePublished\":\"2019-06-27T05:47:20+00:00\",\"dateModified\":\"2022-12-15T07:54:59+00:00\",\"description\":\"intarbloc de porte sont unit\u00e9s monobloc pour l\u2019installation sur la porte des petites et moyennes chambres froides de r\u00e9frig\u00e9ration et cong\u00e9lation.\",\"breadcrumb\":{\"@id\":\"https:\/\/www.intarcon.com\/fr\/produit\/intarblock-de-porte\/#breadcrumb\"},\"inLanguage\":\"fr\",\"potentialAction\":[{\"@type\":\"ReadAction\",\"target\":[\"https:\/\/www.intarcon.com\/fr\/produit\/intarblock-de-porte\/\"]}]},{\"@type\":\"ImageObject\",\"inLanguage\":\"fr\",\"@id\":\"https:\/\/www.intarcon.com\/fr\/produit\/intarblock-de-porte\/#primaryimage\",\"url\":\"https:\/\/www.intarcon.com\/wp-content\/uploads\/2019\/06\/equipo-refrigeracion-compacto-puerta-intarblock-hfc.webp\",\"contentUrl\":\"https:\/\/www.intarcon.com\/wp-content\/uploads\/2019\/06\/equipo-refrigeracion-compacto-puerta-intarblock-hfc.webp\",\"width\":600,\"height\":600,\"caption\":\"Equipo de refrigeraci\u00f3n compacto de puerta HFC intarblock - INTARCON\"},{\"@type\":\"BreadcrumbList\",\"@id\":\"https:\/\/www.intarcon.com\/fr\/produit\/intarblock-de-porte\/#breadcrumb\",\"itemListElement\":[{\"@type\":\"ListItem\",\"position\":1,\"name\":\"Portada\",\"item\":\"https:\/\/www.intarcon.com\/fr\/\"},{\"@type\":\"ListItem\",\"position\":2,\"name\":\"Producto\",\"item\":\"https:\/\/www.intarcon.com\/producto\/\"},{\"@type\":\"ListItem\",\"position\":3,\"name\":\"HFC\",\"item\":\"https:\/\/www.intarcon.com\/fr\/technologie\/hfc\/\"},{\"@type\":\"ListItem\",\"position\":4,\"name\":\"intarblock de porte\"}]},{\"@type\":\"WebSite\",\"@id\":\"https:\/\/www.intarcon.com\/fr\/#website\",\"url\":\"https:\/\/www.intarcon.com\/fr\/\",\"name\":\"INTARCON\",\"description\":\"\",\"potentialAction\":[{\"@type\":\"SearchAction\",\"target\":{\"@type\":\"EntryPoint\",\"urlTemplate\":\"https:\/\/www.intarcon.com\/fr\/?s={search_term_string}\"},\"query-input\":{\"@type\":\"PropertyValueSpecification\",\"valueRequired\":true,\"valueName\":\"search_term_string\"}}],\"inLanguage\":\"fr\"}]}<\/script>\n<!-- \/ Yoast SEO plugin. -->","yoast_head_json":{"title":"intarblock de porte - INTARCON","description":"intarbloc de porte sont unit\u00e9s monobloc pour l\u2019installation sur la porte des petites et moyennes chambres froides de r\u00e9frig\u00e9ration et cong\u00e9lation.","robots":{"index":"index","follow":"follow","max-snippet":"max-snippet:-1","max-image-preview":"max-image-preview:large","max-video-preview":"max-video-preview:-1"},"canonical":"https:\/\/www.intarcon.com\/fr\/produit\/intarblock-de-porte\/","og_locale":"fr_FR","og_type":"article","og_title":"intarblock de porte - INTARCON","og_description":"intarbloc de porte sont unit\u00e9s monobloc pour l\u2019installation sur la porte des petites et moyennes chambres froides de r\u00e9frig\u00e9ration et cong\u00e9lation.","og_url":"https:\/\/www.intarcon.com\/fr\/produit\/intarblock-de-porte\/","og_site_name":"INTARCON","article_publisher":"https:\/\/www.facebook.com\/intarcon\/","article_modified_time":"2022-12-15T07:54:59+00:00","og_image":[{"width":600,"height":600,"url":"https:\/\/www.intarcon.com\/wp-content\/uploads\/2019\/06\/intarblock-de-puerta-cp-intarcon.webp","type":"image\/webp"}],"twitter_card":"summary_large_image","twitter_site":"@Intarcon","twitter_misc":{"Est. reading time":"1 minute"},"schema":{"@context":"https:\/\/schema.org","@graph":[{"@type":"WebPage","@id":"https:\/\/www.intarcon.com\/fr\/produit\/intarblock-de-porte\/","url":"https:\/\/www.intarcon.com\/fr\/produit\/intarblock-de-porte\/","name":"intarblock de porte - INTARCON","isPartOf":{"@id":"https:\/\/www.intarcon.com\/fr\/#website"},"primaryImageOfPage":{"@id":"https:\/\/www.intarcon.com\/fr\/produit\/intarblock-de-porte\/#primaryimage"},"image":{"@id":"https:\/\/www.intarcon.com\/fr\/produit\/intarblock-de-porte\/#primaryimage"},"thumbnailUrl":"https:\/\/www.intarcon.com\/wp-content\/uploads\/2019\/06\/equipo-refrigeracion-compacto-puerta-intarblock-hfc.webp","datePublished":"2019-06-27T05:47:20+00:00","dateModified":"2022-12-15T07:54:59+00:00","description":"intarbloc de porte sont unit\u00e9s monobloc pour l\u2019installation sur la porte des petites et moyennes chambres froides de r\u00e9frig\u00e9ration et cong\u00e9lation.","breadcrumb":{"@id":"https:\/\/www.intarcon.com\/fr\/produit\/intarblock-de-porte\/#breadcrumb"},"inLanguage":"fr","potentialAction":[{"@type":"ReadAction","target":["https:\/\/www.intarcon.com\/fr\/produit\/intarblock-de-porte\/"]}]},{"@type":"ImageObject","inLanguage":"fr","@id":"https:\/\/www.intarcon.com\/fr\/produit\/intarblock-de-porte\/#primaryimage","url":"https:\/\/www.intarcon.com\/wp-content\/uploads\/2019\/06\/equipo-refrigeracion-compacto-puerta-intarblock-hfc.webp","contentUrl":"https:\/\/www.intarcon.com\/wp-content\/uploads\/2019\/06\/equipo-refrigeracion-compacto-puerta-intarblock-hfc.webp","width":600,"height":600,"caption":"Equipo de refrigeraci\u00f3n compacto de puerta HFC intarblock - INTARCON"},{"@type":"BreadcrumbList","@id":"https:\/\/www.intarcon.com\/fr\/produit\/intarblock-de-porte\/#breadcrumb","itemListElement":[{"@type":"ListItem","position":1,"name":"Portada","item":"https:\/\/www.intarcon.com\/fr\/"},{"@type":"ListItem","position":2,"name":"Producto","item":"https:\/\/www.intarcon.com\/producto\/"},{"@type":"ListItem","position":3,"name":"HFC","item":"https:\/\/www.intarcon.com\/fr\/technologie\/hfc\/"},{"@type":"ListItem","position":4,"name":"intarblock de porte"}]},{"@type":"WebSite","@id":"https:\/\/www.intarcon.com\/fr\/#website","url":"https:\/\/www.intarcon.com\/fr\/","name":"INTARCON","description":"","potentialAction":[{"@type":"SearchAction","target":{"@type":"EntryPoint","urlTemplate":"https:\/\/www.intarcon.com\/fr\/?s={search_term_string}"},"query-input":{"@type":"PropertyValueSpecification","valueRequired":true,"valueName":"search_term_string"}}],"inLanguage":"fr"}]}},"_links":{"self":[{"href":"https:\/\/www.intarcon.com\/fr\/wp-json\/wp\/v2\/product\/8660","targetHints":{"allow":["GET"]}}],"collection":[{"href":"https:\/\/www.intarcon.com\/fr\/wp-json\/wp\/v2\/product"}],"about":[{"href":"https:\/\/www.intarcon.com\/fr\/wp-json\/wp\/v2\/types\/product"}],"version-history":[{"count":0,"href":"https:\/\/www.intarcon.com\/fr\/wp-json\/wp\/v2\/product\/8660\/revisions"}],"wp:featuredmedia":[{"embeddable":true,"href":"https:\/\/www.intarcon.com\/fr\/wp-json\/wp\/v2\/media\/89416"}],"wp:attachment":[{"href":"https:\/\/www.intarcon.com\/fr\/wp-json\/wp\/v2\/media?parent=8660"}],"wp:term":[{"taxonomy":"product_brand","embeddable":true,"href":"https:\/\/www.intarcon.com\/fr\/wp-json\/wp\/v2\/product_brand?post=8660"},{"taxonomy":"product_cat","embeddable":true,"href":"https:\/\/www.intarcon.com\/fr\/wp-json\/wp\/v2\/product_cat?post=8660"},{"taxonomy":"product_tag","embeddable":true,"href":"https:\/\/www.intarcon.com\/fr\/wp-json\/wp\/v2\/product_tag?post=8660"}],"curies":[{"name":"wp","href":"https:\/\/api.w.org\/{rel}","templated":true}]}}