{"id":83587,"date":"2024-02-20T10:28:25","date_gmt":"2024-02-20T09:28:25","guid":{"rendered":"https:\/\/www.intarcon.com\/?post_type=product&#038;p=83587"},"modified":"2024-12-11T12:07:46","modified_gmt":"2024-12-11T11:07:46","slug":"groupes-hydrauliques-pour-eau-consommation","status":"publish","type":"product","link":"https:\/\/www.intarcon.com\/fr\/produit\/groupes-hydrauliques-pour-eau-consommation\/","title":{"rendered":"Groupes hydrauliques pour eau consommation"},"content":{"rendered":"<p>Groupe hydraulique pour le refroidissement de l\u2019eau de r\u00e9seau en circuit ferm\u00e9, assembl\u00e9 en carrosserie et structure en t\u00f4le d\u2019acier galvanis\u00e9e avec peinture polyester et tuyauterie en cuivre,<br \/>\npour installation \u00e0 l\u2019ext\u00e9rieur. Pr\u00e9par\u00e9 pour fournir de l\u2019eau \u00e0 2 \u00b0C \u00e0 un anneau de recirculation et de consommation. Nos groupes hydrauliques pour eau consommation se distinguent par les caract\u00e9ristiques suivantes :<\/p>\n<ul>\n<li>Construction modulaire facile \u00e0 int\u00e9grer.<\/li>\n<li>Ensembles optimis\u00e9s pour l\u2019eau et le glycol.<\/li>\n<li>Compatible avec Sigilus (WF) et intarcube (WV) refroidisseurs.<\/li>\n<\/ul>\n<p><strong>Version B<\/strong><br \/>\n\u2013 GV-BH-2 : Groupe hydraulique circuit secondaire.<\/p>\n<p><img fetchpriority=\"high\" decoding=\"async\" class=\"alignnone size-full wp-image-83614\" src=\"https:\/\/www.intarcon.com\/wp-content\/uploads\/2024\/02\/fr-2024-schema-groupes-hydrauliques-pour-eau-consommation.webp\" alt=\"Sch\u00e8ma Groupe Hydraulique pour eau consommation - INTARCON\" width=\"840\" height=\"329\" srcset=\"https:\/\/www.intarcon.com\/wp-content\/uploads\/2024\/02\/fr-2024-schema-groupes-hydrauliques-pour-eau-consommation.webp 840w, https:\/\/www.intarcon.com\/wp-content\/uploads\/2024\/02\/fr-2024-schema-groupes-hydrauliques-pour-eau-consommation-768x301.webp 768w, https:\/\/www.intarcon.com\/wp-content\/uploads\/2024\/02\/fr-2024-schema-groupes-hydrauliques-pour-eau-consommation-640x251.webp 640w, https:\/\/www.intarcon.com\/wp-content\/uploads\/2024\/02\/fr-2024-schema-groupes-hydrauliques-pour-eau-consommation-400x157.webp 400w, https:\/\/www.intarcon.com\/wp-content\/uploads\/2024\/02\/fr-2024-schema-groupes-hydrauliques-pour-eau-consommation-367x144.webp 367w, https:\/\/www.intarcon.com\/wp-content\/uploads\/2024\/02\/fr-2024-schema-groupes-hydrauliques-pour-eau-consommation-600x235.webp 600w\" sizes=\"(max-width: 840px) 100vw, 840px\" \/><\/p>\n<p>&nbsp;<\/p>\n<p>&nbsp;<\/p>\n","protected":false},"excerpt":{"rendered":"<h2 style=\"color: #999999; font-size: 18px; margin-bottom: 0px;\">Groupes hydrauliques<\/h2>\n<p><span style=\"font-size: 18px; color: #999999;\">Pour eau consommation<\/span><br \/>\n<style>.elementor-widget-button .elementor-button{background-color:var( --e-global-color-accent );}.elementor-29436 .elementor-element.elementor-element-2d8b95e .elementor-button{background-color:#0085BB;font-family:\"Roboto\", Montserrat;font-size:1.1em;font-weight:600;text-decoration:none;fill:#FFFFFF;color:#FFFFFF;border-style:solid;border-width:2px 2px 2px 2px;border-color:#0085BB;border-radius:33px 33px 33px 33px;padding:14px 20px 14px 20px;}.elementor-29436 .elementor-element.elementor-element-2d8b95e .elementor-button:hover, .elementor-29436 .elementor-element.elementor-element-2d8b95e .elementor-button:focus{background-color:#FFFFFF;color:#0085BB;border-color:#0085BB;}.elementor-29436 .elementor-element.elementor-element-2d8b95e > .elementor-widget-container{margin:2% 0% 1% 0%;}.elementor-29436 .elementor-element.elementor-element-2d8b95e .elementor-button:hover svg, .elementor-29436 .elementor-element.elementor-element-2d8b95e .elementor-button:focus svg{fill:#0085BB;}@media(max-width:767px){.elementor-29436 .elementor-element.elementor-element-2d8b95e > .elementor-widget-container{margin:-20px 0px 50px 0px;}}<\/style><div class=\"porto-block\" data-id=\"29436\">\t\t<div data-elementor-type=\"wp-post\" data-elementor-id=\"29436\" class=\"elementor elementor-29436 elementor-29420\" data-elementor-post-type=\"porto_builder\">\n\t\t\t\t\t\t<section class=\"elementor-section elementor-top-section elementor-element elementor-element-4601687 elementor-section-boxed elementor-section-height-default elementor-section-height-default\" data-id=\"4601687\" data-element_type=\"section\">\r\n\t\t\r\n\t\t\t\t\t\t\t<div class=\"elementor-container elementor-column-gap-default\">\r\n\t\t\t\t\t\t\t\t\t\t\t<div class=\"elementor-column elementor-col-100 elementor-top-column elementor-element elementor-element-7f3a8ac\" data-id=\"7f3a8ac\" data-element_type=\"column\">\r\n\t\t\t\t\t<div class=\"elementor-widget-wrap elementor-element-populated\">\r\n\t\t\t\t\t\t\t\t<div class=\"elementor-element elementor-element-2d8b95e elementor-align-left elementor-widget elementor-widget-button\" data-id=\"2d8b95e\" data-element_type=\"widget\" data-widget_type=\"button.default\">\n\t\t\t\t<div class=\"elementor-widget-container\">\n\t\t\t\t\t\t\t\t\t<div class=\"elementor-button-wrapper\">\n\t\t\t\t\t<a class=\"elementor-button elementor-button-link elementor-size-md\" href=\"https:\/\/www.intarcon.com\/fr\/conseils-techniques\/\">\n\t\t\t\t\t\t<span class=\"elementor-button-content-wrapper\">\n\t\t\t\t\t\t\t\t\t<span class=\"elementor-button-text\">Demande conseils techniques<\/span>\n\t\t\t\t\t<\/span>\n\t\t\t\t\t<\/a>\n\t\t\t\t<\/div>\n\t\t\t\t\t\t\t\t<\/div>\n\t\t\t\t<\/div>\n\t\t\t\t\t<\/div>\r\n\t\t\t\t<\/div>\r\n\t\t\t\t\t<\/div>\r\n\t\t\t\t<\/section>\r\n\t\t\t\t<\/div>\n\t\t<\/div><\/p>\n","protected":false},"featured_media":89443,"template":"","meta":[],"product_brand":[],"product_cat":[693,692],"product_tag":[],"class_list":{"0":"post-83587","1":"product","2":"type-product","3":"status-publish","4":"has-post-thumbnail","6":"product_cat-groupes-hydrauliques-glycol","7":"product_cat-groupes-hydrauliques-r290","9":"first","10":"instock","11":"featured","12":"shipping-taxable","13":"product-type-simple"},"yoast_head":"<!-- This site is optimized with the Yoast SEO plugin v25.5 - https:\/\/yoast.com\/wordpress\/plugins\/seo\/ -->\n<title>Groupes hydrauliques pour eau consommation - INTARCON<\/title>\n<meta name=\"description\" content=\"Groupes hydrauliques pour eau consommation d\u00e9di\u00e9 au refroidissement et pr\u00e9par\u00e9 \u00e0 fournir de l&#039;eau \u00e0 1\u00baC \u00e0 un anneau de recirculation et de consommation.\" \/>\n<meta name=\"robots\" content=\"index, follow, max-snippet:-1, max-image-preview:large, max-video-preview:-1\" \/>\n<link rel=\"canonical\" href=\"https:\/\/www.intarcon.com\/fr\/produit\/groupes-hydrauliques-pour-eau-consommation\/\" \/>\n<meta property=\"og:locale\" content=\"fr_FR\" \/>\n<meta property=\"og:type\" content=\"article\" \/>\n<meta property=\"og:title\" content=\"Groupes hydrauliques pour eau consommation - INTARCON\" \/>\n<meta property=\"og:description\" content=\"Groupes hydrauliques pour eau consommation d\u00e9di\u00e9 au refroidissement et pr\u00e9par\u00e9 \u00e0 fournir de l&#039;eau \u00e0 1\u00baC \u00e0 un anneau de recirculation et de consommation.\" \/>\n<meta property=\"og:url\" content=\"https:\/\/www.intarcon.com\/fr\/produit\/groupes-hydrauliques-pour-eau-consommation\/\" \/>\n<meta property=\"og:site_name\" content=\"INTARCON\" \/>\n<meta property=\"article:publisher\" content=\"https:\/\/www.facebook.com\/intarcon\/\" \/>\n<meta property=\"article:modified_time\" content=\"2024-12-11T11:07:46+00:00\" \/>\n<meta property=\"og:image\" content=\"https:\/\/www.intarcon.com\/wp-content\/uploads\/2024\/02\/grupo-hidraulico-enfriamiento-agua.webp\" \/>\n\t<meta property=\"og:image:width\" content=\"600\" \/>\n\t<meta property=\"og:image:height\" content=\"600\" \/>\n\t<meta property=\"og:image:type\" content=\"image\/webp\" \/>\n<meta name=\"twitter:card\" content=\"summary_large_image\" \/>\n<meta name=\"twitter:site\" content=\"@Intarcon\" \/>\n<meta name=\"twitter:label1\" content=\"Est. reading time\" \/>\n\t<meta name=\"twitter:data1\" content=\"1 minute\" \/>\n<script type=\"application\/ld+json\" class=\"yoast-schema-graph\">{\"@context\":\"https:\/\/schema.org\",\"@graph\":[{\"@type\":\"WebPage\",\"@id\":\"https:\/\/www.intarcon.com\/fr\/produit\/groupes-hydrauliques-pour-eau-consommation\/\",\"url\":\"https:\/\/www.intarcon.com\/fr\/produit\/groupes-hydrauliques-pour-eau-consommation\/\",\"name\":\"Groupes hydrauliques pour eau consommation - INTARCON\",\"isPartOf\":{\"@id\":\"https:\/\/www.intarcon.com\/fr\/#website\"},\"primaryImageOfPage\":{\"@id\":\"https:\/\/www.intarcon.com\/fr\/produit\/groupes-hydrauliques-pour-eau-consommation\/#primaryimage\"},\"image\":{\"@id\":\"https:\/\/www.intarcon.com\/fr\/produit\/groupes-hydrauliques-pour-eau-consommation\/#primaryimage\"},\"thumbnailUrl\":\"https:\/\/www.intarcon.com\/wp-content\/uploads\/2024\/02\/grupo-hidraulico-enfriamiento-agua.webp\",\"datePublished\":\"2024-02-20T09:28:25+00:00\",\"dateModified\":\"2024-12-11T11:07:46+00:00\",\"description\":\"Groupes hydrauliques pour eau consommation d\u00e9di\u00e9 au refroidissement et pr\u00e9par\u00e9 \u00e0 fournir de l'eau \u00e0 1\u00baC \u00e0 un anneau de recirculation et de consommation.\",\"breadcrumb\":{\"@id\":\"https:\/\/www.intarcon.com\/fr\/produit\/groupes-hydrauliques-pour-eau-consommation\/#breadcrumb\"},\"inLanguage\":\"fr\",\"potentialAction\":[{\"@type\":\"ReadAction\",\"target\":[\"https:\/\/www.intarcon.com\/fr\/produit\/groupes-hydrauliques-pour-eau-consommation\/\"]}]},{\"@type\":\"ImageObject\",\"inLanguage\":\"fr\",\"@id\":\"https:\/\/www.intarcon.com\/fr\/produit\/groupes-hydrauliques-pour-eau-consommation\/#primaryimage\",\"url\":\"https:\/\/www.intarcon.com\/wp-content\/uploads\/2024\/02\/grupo-hidraulico-enfriamiento-agua.webp\",\"contentUrl\":\"https:\/\/www.intarcon.com\/wp-content\/uploads\/2024\/02\/grupo-hidraulico-enfriamiento-agua.webp\",\"width\":600,\"height\":600,\"caption\":\"Grupo hidr\u00e1ulico de refrigeraci\u00f3n para enfriamiento de agua - INTARCON\"},{\"@type\":\"BreadcrumbList\",\"@id\":\"https:\/\/www.intarcon.com\/fr\/produit\/groupes-hydrauliques-pour-eau-consommation\/#breadcrumb\",\"itemListElement\":[{\"@type\":\"ListItem\",\"position\":1,\"name\":\"Portada\",\"item\":\"https:\/\/www.intarcon.com\/fr\/\"},{\"@type\":\"ListItem\",\"position\":2,\"name\":\"Producto\",\"item\":\"https:\/\/www.intarcon.com\/producto\/\"},{\"@type\":\"ListItem\",\"position\":3,\"name\":\"Glicol\",\"item\":\"https:\/\/www.intarcon.com\/fr\/technologie\/glicol\/\"},{\"@type\":\"ListItem\",\"position\":4,\"name\":\"Groupes hydrauliques\",\"item\":\"https:\/\/www.intarcon.com\/fr\/technologie\/glicol\/groupes-hydrauliques-r290\/\"},{\"@type\":\"ListItem\",\"position\":5,\"name\":\"Groupes hydrauliques pour eau consommation\"}]},{\"@type\":\"WebSite\",\"@id\":\"https:\/\/www.intarcon.com\/fr\/#website\",\"url\":\"https:\/\/www.intarcon.com\/fr\/\",\"name\":\"INTARCON\",\"description\":\"\",\"potentialAction\":[{\"@type\":\"SearchAction\",\"target\":{\"@type\":\"EntryPoint\",\"urlTemplate\":\"https:\/\/www.intarcon.com\/fr\/?s={search_term_string}\"},\"query-input\":{\"@type\":\"PropertyValueSpecification\",\"valueRequired\":true,\"valueName\":\"search_term_string\"}}],\"inLanguage\":\"fr\"}]}<\/script>\n<!-- \/ Yoast SEO plugin. -->","yoast_head_json":{"title":"Groupes hydrauliques pour eau consommation - INTARCON","description":"Groupes hydrauliques pour eau consommation d\u00e9di\u00e9 au refroidissement et pr\u00e9par\u00e9 \u00e0 fournir de l'eau \u00e0 1\u00baC \u00e0 un anneau de recirculation et de consommation.","robots":{"index":"index","follow":"follow","max-snippet":"max-snippet:-1","max-image-preview":"max-image-preview:large","max-video-preview":"max-video-preview:-1"},"canonical":"https:\/\/www.intarcon.com\/fr\/produit\/groupes-hydrauliques-pour-eau-consommation\/","og_locale":"fr_FR","og_type":"article","og_title":"Groupes hydrauliques pour eau consommation - INTARCON","og_description":"Groupes hydrauliques pour eau consommation d\u00e9di\u00e9 au refroidissement et pr\u00e9par\u00e9 \u00e0 fournir de l'eau \u00e0 1\u00baC \u00e0 un anneau de recirculation et de consommation.","og_url":"https:\/\/www.intarcon.com\/fr\/produit\/groupes-hydrauliques-pour-eau-consommation\/","og_site_name":"INTARCON","article_publisher":"https:\/\/www.facebook.com\/intarcon\/","article_modified_time":"2024-12-11T11:07:46+00:00","og_image":[{"width":600,"height":600,"url":"https:\/\/www.intarcon.com\/wp-content\/uploads\/2024\/02\/grupo-hidraulico-enfriamiento-agua.webp","type":"image\/webp"}],"twitter_card":"summary_large_image","twitter_site":"@Intarcon","twitter_misc":{"Est. reading time":"1 minute"},"schema":{"@context":"https:\/\/schema.org","@graph":[{"@type":"WebPage","@id":"https:\/\/www.intarcon.com\/fr\/produit\/groupes-hydrauliques-pour-eau-consommation\/","url":"https:\/\/www.intarcon.com\/fr\/produit\/groupes-hydrauliques-pour-eau-consommation\/","name":"Groupes hydrauliques pour eau consommation - INTARCON","isPartOf":{"@id":"https:\/\/www.intarcon.com\/fr\/#website"},"primaryImageOfPage":{"@id":"https:\/\/www.intarcon.com\/fr\/produit\/groupes-hydrauliques-pour-eau-consommation\/#primaryimage"},"image":{"@id":"https:\/\/www.intarcon.com\/fr\/produit\/groupes-hydrauliques-pour-eau-consommation\/#primaryimage"},"thumbnailUrl":"https:\/\/www.intarcon.com\/wp-content\/uploads\/2024\/02\/grupo-hidraulico-enfriamiento-agua.webp","datePublished":"2024-02-20T09:28:25+00:00","dateModified":"2024-12-11T11:07:46+00:00","description":"Groupes hydrauliques pour eau consommation d\u00e9di\u00e9 au refroidissement et pr\u00e9par\u00e9 \u00e0 fournir de l'eau \u00e0 1\u00baC \u00e0 un anneau de recirculation et de consommation.","breadcrumb":{"@id":"https:\/\/www.intarcon.com\/fr\/produit\/groupes-hydrauliques-pour-eau-consommation\/#breadcrumb"},"inLanguage":"fr","potentialAction":[{"@type":"ReadAction","target":["https:\/\/www.intarcon.com\/fr\/produit\/groupes-hydrauliques-pour-eau-consommation\/"]}]},{"@type":"ImageObject","inLanguage":"fr","@id":"https:\/\/www.intarcon.com\/fr\/produit\/groupes-hydrauliques-pour-eau-consommation\/#primaryimage","url":"https:\/\/www.intarcon.com\/wp-content\/uploads\/2024\/02\/grupo-hidraulico-enfriamiento-agua.webp","contentUrl":"https:\/\/www.intarcon.com\/wp-content\/uploads\/2024\/02\/grupo-hidraulico-enfriamiento-agua.webp","width":600,"height":600,"caption":"Grupo hidr\u00e1ulico de refrigeraci\u00f3n para enfriamiento de agua - INTARCON"},{"@type":"BreadcrumbList","@id":"https:\/\/www.intarcon.com\/fr\/produit\/groupes-hydrauliques-pour-eau-consommation\/#breadcrumb","itemListElement":[{"@type":"ListItem","position":1,"name":"Portada","item":"https:\/\/www.intarcon.com\/fr\/"},{"@type":"ListItem","position":2,"name":"Producto","item":"https:\/\/www.intarcon.com\/producto\/"},{"@type":"ListItem","position":3,"name":"Glicol","item":"https:\/\/www.intarcon.com\/fr\/technologie\/glicol\/"},{"@type":"ListItem","position":4,"name":"Groupes hydrauliques","item":"https:\/\/www.intarcon.com\/fr\/technologie\/glicol\/groupes-hydrauliques-r290\/"},{"@type":"ListItem","position":5,"name":"Groupes hydrauliques pour eau consommation"}]},{"@type":"WebSite","@id":"https:\/\/www.intarcon.com\/fr\/#website","url":"https:\/\/www.intarcon.com\/fr\/","name":"INTARCON","description":"","potentialAction":[{"@type":"SearchAction","target":{"@type":"EntryPoint","urlTemplate":"https:\/\/www.intarcon.com\/fr\/?s={search_term_string}"},"query-input":{"@type":"PropertyValueSpecification","valueRequired":true,"valueName":"search_term_string"}}],"inLanguage":"fr"}]}},"_links":{"self":[{"href":"https:\/\/www.intarcon.com\/fr\/wp-json\/wp\/v2\/product\/83587","targetHints":{"allow":["GET"]}}],"collection":[{"href":"https:\/\/www.intarcon.com\/fr\/wp-json\/wp\/v2\/product"}],"about":[{"href":"https:\/\/www.intarcon.com\/fr\/wp-json\/wp\/v2\/types\/product"}],"version-history":[{"count":0,"href":"https:\/\/www.intarcon.com\/fr\/wp-json\/wp\/v2\/product\/83587\/revisions"}],"wp:featuredmedia":[{"embeddable":true,"href":"https:\/\/www.intarcon.com\/fr\/wp-json\/wp\/v2\/media\/89443"}],"wp:attachment":[{"href":"https:\/\/www.intarcon.com\/fr\/wp-json\/wp\/v2\/media?parent=83587"}],"wp:term":[{"taxonomy":"product_brand","embeddable":true,"href":"https:\/\/www.intarcon.com\/fr\/wp-json\/wp\/v2\/product_brand?post=83587"},{"taxonomy":"product_cat","embeddable":true,"href":"https:\/\/www.intarcon.com\/fr\/wp-json\/wp\/v2\/product_cat?post=83587"},{"taxonomy":"product_tag","embeddable":true,"href":"https:\/\/www.intarcon.com\/fr\/wp-json\/wp\/v2\/product_tag?post=83587"}],"curies":[{"name":"wp","href":"https:\/\/api.w.org\/{rel}","templated":true}]}}