{"id":83521,"date":"2024-02-19T16:54:46","date_gmt":"2024-02-19T15:54:46","guid":{"rendered":"https:\/\/www.intarcon.com\/?post_type=product&#038;p=83521"},"modified":"2024-04-09T12:48:41","modified_gmt":"2024-04-09T10:48:41","slug":"groupes-hydrauliques-intarwatt","status":"publish","type":"product","link":"https:\/\/www.intarcon.com\/fr\/produit\/groupes-hydrauliques-intarwatt\/","title":{"rendered":"Groupes hydrauliques intarWatt"},"content":{"rendered":"<p>Groupes hydrauliques de pompage de eau ou glycol \u00e0 circuit ferm\u00e9, ensabl\u00e9 carrosserie et ch\u00e2ssis de t\u00f4le en acier galvanis\u00e9 en peinture polyester pour une installation \u00e0 l&#8217;ext\u00e9rieur et lien<br \/>\n\u00e0 le refroidisseur. Notre groupe hydraulique se distingue par :<\/p>\n<ul>\n<li>Construction modulaire int\u00e9gr\u00e9e.<\/li>\n<li>Ensembles optimis\u00e9s pour l&#8217;eau et le glycol.<\/li>\n<li>Faible occupation.<\/li>\n<\/ul>\n<p>Versions<\/p>\n<ul>\n<li>Version A<br \/>\n&#8211; GW-AH : Groupe hydraulique primaire avec r\u00e9servoir<\/li>\n<li>Version B<br \/>\n&#8211; GW-BH : Groupe hydraulique secondaire.<\/li>\n<li>Version N<br \/>\n&#8211; GW-NH : Groupe de pompage.<\/li>\n<\/ul>\n<p>&nbsp;<\/p>\n<p><img fetchpriority=\"high\" decoding=\"async\" class=\"alignnone size-full wp-image-83549\" src=\"https:\/\/www.intarcon.com\/wp-content\/uploads\/2024\/02\/fr-2024-schema-groupes-hydrauliques-intarwatt.webp\" alt=\"Schema Groupes Hydrauliques intarWatt - INTARCON\" width=\"855\" height=\"511\" srcset=\"https:\/\/www.intarcon.com\/wp-content\/uploads\/2024\/02\/fr-2024-schema-groupes-hydrauliques-intarwatt.webp 855w, https:\/\/www.intarcon.com\/wp-content\/uploads\/2024\/02\/fr-2024-schema-groupes-hydrauliques-intarwatt-768x459.webp 768w, https:\/\/www.intarcon.com\/wp-content\/uploads\/2024\/02\/fr-2024-schema-groupes-hydrauliques-intarwatt-640x383.webp 640w, https:\/\/www.intarcon.com\/wp-content\/uploads\/2024\/02\/fr-2024-schema-groupes-hydrauliques-intarwatt-400x239.webp 400w, https:\/\/www.intarcon.com\/wp-content\/uploads\/2024\/02\/fr-2024-schema-groupes-hydrauliques-intarwatt-367x219.webp 367w, https:\/\/www.intarcon.com\/wp-content\/uploads\/2024\/02\/fr-2024-schema-groupes-hydrauliques-intarwatt-600x359.webp 600w\" sizes=\"(max-width: 855px) 100vw, 855px\" \/><\/p>\n","protected":false},"excerpt":{"rendered":"<h2 style=\"color: #999999; font-size: 18px; margin-bottom: 0px;\">Groupes hydrauliques<\/h2>\n<p><span style=\"font-size: 18px; color: #999999;\">intarWatt optimis\u00e9 pour l&#8217;eau et le glycol<\/span><br \/>\n<style>.elementor-widget-button .elementor-button{background-color:var( --e-global-color-accent );}.elementor-29436 .elementor-element.elementor-element-2d8b95e .elementor-button{background-color:#0085BB;font-family:\"Roboto\", Montserrat;font-size:1.1em;font-weight:600;text-decoration:none;fill:#FFFFFF;color:#FFFFFF;border-style:solid;border-width:2px 2px 2px 2px;border-color:#0085BB;border-radius:33px 33px 33px 33px;padding:14px 20px 14px 20px;}.elementor-29436 .elementor-element.elementor-element-2d8b95e .elementor-button:hover, .elementor-29436 .elementor-element.elementor-element-2d8b95e .elementor-button:focus{background-color:#FFFFFF;color:#0085BB;border-color:#0085BB;}.elementor-29436 .elementor-element.elementor-element-2d8b95e > .elementor-widget-container{margin:2% 0% 1% 0%;}.elementor-29436 .elementor-element.elementor-element-2d8b95e .elementor-button:hover svg, .elementor-29436 .elementor-element.elementor-element-2d8b95e .elementor-button:focus svg{fill:#0085BB;}@media(max-width:767px){.elementor-29436 .elementor-element.elementor-element-2d8b95e > .elementor-widget-container{margin:-20px 0px 50px 0px;}}<\/style><div class=\"porto-block\" data-id=\"29436\">\t\t<div data-elementor-type=\"wp-post\" data-elementor-id=\"29436\" class=\"elementor elementor-29436 elementor-29420\" data-elementor-post-type=\"porto_builder\">\n\t\t\t\t\t\t<section class=\"elementor-section elementor-top-section elementor-element elementor-element-4601687 elementor-section-boxed elementor-section-height-default elementor-section-height-default\" data-id=\"4601687\" data-element_type=\"section\">\r\n\t\t\r\n\t\t\t\t\t\t\t<div class=\"elementor-container elementor-column-gap-default\">\r\n\t\t\t\t\t\t\t\t\t\t\t<div class=\"elementor-column elementor-col-100 elementor-top-column elementor-element elementor-element-7f3a8ac\" data-id=\"7f3a8ac\" data-element_type=\"column\">\r\n\t\t\t\t\t<div class=\"elementor-widget-wrap elementor-element-populated\">\r\n\t\t\t\t\t\t\t\t<div class=\"elementor-element elementor-element-2d8b95e elementor-align-left elementor-widget elementor-widget-button\" data-id=\"2d8b95e\" data-element_type=\"widget\" data-widget_type=\"button.default\">\n\t\t\t\t<div class=\"elementor-widget-container\">\n\t\t\t\t\t\t\t\t\t<div class=\"elementor-button-wrapper\">\n\t\t\t\t\t<a class=\"elementor-button elementor-button-link elementor-size-md\" href=\"https:\/\/www.intarcon.com\/fr\/conseils-techniques\/\">\n\t\t\t\t\t\t<span class=\"elementor-button-content-wrapper\">\n\t\t\t\t\t\t\t\t\t<span class=\"elementor-button-text\">Demande conseils techniques<\/span>\n\t\t\t\t\t<\/span>\n\t\t\t\t\t<\/a>\n\t\t\t\t<\/div>\n\t\t\t\t\t\t\t\t<\/div>\n\t\t\t\t<\/div>\n\t\t\t\t\t<\/div>\r\n\t\t\t\t<\/div>\r\n\t\t\t\t\t<\/div>\r\n\t\t\t\t<\/section>\r\n\t\t\t\t<\/div>\n\t\t<\/div><\/p>\n","protected":false},"featured_media":89438,"template":"","meta":[],"product_brand":[],"product_cat":[693,692],"product_tag":[],"class_list":{"0":"post-83521","1":"product","2":"type-product","3":"status-publish","4":"has-post-thumbnail","6":"product_cat-groupes-hydrauliques-glycol","7":"product_cat-groupes-hydrauliques-r290","9":"first","10":"instock","11":"featured","12":"shipping-taxable","13":"product-type-simple"},"yoast_head":"<!-- This site is optimized with the Yoast SEO plugin v25.5 - https:\/\/yoast.com\/wordpress\/plugins\/seo\/ -->\n<title>Groupes hydrauliques intarWatt - INTARCON<\/title>\n<meta name=\"description\" content=\"Groupes hydrauliques de pompage de eau ou glycol \u00e0 circuit ferm\u00e9, ensabl\u00e9 pour une installation \u00e0 l&#039;ext\u00e9rieur et lien\u00e0 le refroidisseur.\" \/>\n<meta name=\"robots\" content=\"index, follow, max-snippet:-1, max-image-preview:large, max-video-preview:-1\" \/>\n<link rel=\"canonical\" href=\"https:\/\/www.intarcon.com\/fr\/produit\/groupes-hydrauliques-intarwatt\/\" \/>\n<meta property=\"og:locale\" content=\"fr_FR\" \/>\n<meta property=\"og:type\" content=\"article\" \/>\n<meta property=\"og:title\" content=\"Groupes hydrauliques intarWatt - INTARCON\" \/>\n<meta property=\"og:description\" content=\"Groupes hydrauliques de pompage de eau ou glycol \u00e0 circuit ferm\u00e9, ensabl\u00e9 pour une installation \u00e0 l&#039;ext\u00e9rieur et lien\u00e0 le refroidisseur.\" \/>\n<meta property=\"og:url\" content=\"https:\/\/www.intarcon.com\/fr\/produit\/groupes-hydrauliques-intarwatt\/\" \/>\n<meta property=\"og:site_name\" content=\"INTARCON\" \/>\n<meta property=\"article:publisher\" content=\"https:\/\/www.facebook.com\/intarcon\/\" \/>\n<meta property=\"article:modified_time\" content=\"2024-04-09T10:48:41+00:00\" \/>\n<meta property=\"og:image\" content=\"https:\/\/www.intarcon.com\/wp-content\/uploads\/2024\/02\/grupo-hidraulico-intarwatt.webp\" \/>\n\t<meta property=\"og:image:width\" content=\"600\" \/>\n\t<meta property=\"og:image:height\" content=\"600\" \/>\n\t<meta property=\"og:image:type\" content=\"image\/webp\" \/>\n<meta name=\"twitter:card\" content=\"summary_large_image\" \/>\n<meta name=\"twitter:site\" content=\"@Intarcon\" \/>\n<meta name=\"twitter:label1\" content=\"Est. reading time\" \/>\n\t<meta name=\"twitter:data1\" content=\"1 minute\" \/>\n<script type=\"application\/ld+json\" class=\"yoast-schema-graph\">{\"@context\":\"https:\/\/schema.org\",\"@graph\":[{\"@type\":\"WebPage\",\"@id\":\"https:\/\/www.intarcon.com\/fr\/produit\/groupes-hydrauliques-intarwatt\/\",\"url\":\"https:\/\/www.intarcon.com\/fr\/produit\/groupes-hydrauliques-intarwatt\/\",\"name\":\"Groupes hydrauliques intarWatt - INTARCON\",\"isPartOf\":{\"@id\":\"https:\/\/www.intarcon.com\/fr\/#website\"},\"primaryImageOfPage\":{\"@id\":\"https:\/\/www.intarcon.com\/fr\/produit\/groupes-hydrauliques-intarwatt\/#primaryimage\"},\"image\":{\"@id\":\"https:\/\/www.intarcon.com\/fr\/produit\/groupes-hydrauliques-intarwatt\/#primaryimage\"},\"thumbnailUrl\":\"https:\/\/www.intarcon.com\/wp-content\/uploads\/2024\/02\/grupo-hidraulico-plantas-enfriadoras-intarwatt.webp\",\"datePublished\":\"2024-02-19T15:54:46+00:00\",\"dateModified\":\"2024-04-09T10:48:41+00:00\",\"description\":\"Groupes hydrauliques de pompage de eau ou glycol \u00e0 circuit ferm\u00e9, ensabl\u00e9 pour une installation \u00e0 l'ext\u00e9rieur et lien\u00e0 le refroidisseur.\",\"breadcrumb\":{\"@id\":\"https:\/\/www.intarcon.com\/fr\/produit\/groupes-hydrauliques-intarwatt\/#breadcrumb\"},\"inLanguage\":\"fr\",\"potentialAction\":[{\"@type\":\"ReadAction\",\"target\":[\"https:\/\/www.intarcon.com\/fr\/produit\/groupes-hydrauliques-intarwatt\/\"]}]},{\"@type\":\"ImageObject\",\"inLanguage\":\"fr\",\"@id\":\"https:\/\/www.intarcon.com\/fr\/produit\/groupes-hydrauliques-intarwatt\/#primaryimage\",\"url\":\"https:\/\/www.intarcon.com\/wp-content\/uploads\/2024\/02\/grupo-hidraulico-plantas-enfriadoras-intarwatt.webp\",\"contentUrl\":\"https:\/\/www.intarcon.com\/wp-content\/uploads\/2024\/02\/grupo-hidraulico-plantas-enfriadoras-intarwatt.webp\",\"width\":600,\"height\":600,\"caption\":\"Grupo hidr\u00e1ulico de glicol o agua para plantas enfriadoras intarWatt - INTARCON\"},{\"@type\":\"BreadcrumbList\",\"@id\":\"https:\/\/www.intarcon.com\/fr\/produit\/groupes-hydrauliques-intarwatt\/#breadcrumb\",\"itemListElement\":[{\"@type\":\"ListItem\",\"position\":1,\"name\":\"Portada\",\"item\":\"https:\/\/www.intarcon.com\/fr\/\"},{\"@type\":\"ListItem\",\"position\":2,\"name\":\"Producto\",\"item\":\"https:\/\/www.intarcon.com\/producto\/\"},{\"@type\":\"ListItem\",\"position\":3,\"name\":\"Glicol\",\"item\":\"https:\/\/www.intarcon.com\/fr\/technologie\/glicol\/\"},{\"@type\":\"ListItem\",\"position\":4,\"name\":\"Groupes hydrauliques\",\"item\":\"https:\/\/www.intarcon.com\/fr\/technologie\/glicol\/groupes-hydrauliques-r290\/\"},{\"@type\":\"ListItem\",\"position\":5,\"name\":\"Groupes hydrauliques intarWatt\"}]},{\"@type\":\"WebSite\",\"@id\":\"https:\/\/www.intarcon.com\/fr\/#website\",\"url\":\"https:\/\/www.intarcon.com\/fr\/\",\"name\":\"INTARCON\",\"description\":\"\",\"potentialAction\":[{\"@type\":\"SearchAction\",\"target\":{\"@type\":\"EntryPoint\",\"urlTemplate\":\"https:\/\/www.intarcon.com\/fr\/?s={search_term_string}\"},\"query-input\":{\"@type\":\"PropertyValueSpecification\",\"valueRequired\":true,\"valueName\":\"search_term_string\"}}],\"inLanguage\":\"fr\"}]}<\/script>\n<!-- \/ Yoast SEO plugin. -->","yoast_head_json":{"title":"Groupes hydrauliques intarWatt - INTARCON","description":"Groupes hydrauliques de pompage de eau ou glycol \u00e0 circuit ferm\u00e9, ensabl\u00e9 pour une installation \u00e0 l'ext\u00e9rieur et lien\u00e0 le refroidisseur.","robots":{"index":"index","follow":"follow","max-snippet":"max-snippet:-1","max-image-preview":"max-image-preview:large","max-video-preview":"max-video-preview:-1"},"canonical":"https:\/\/www.intarcon.com\/fr\/produit\/groupes-hydrauliques-intarwatt\/","og_locale":"fr_FR","og_type":"article","og_title":"Groupes hydrauliques intarWatt - INTARCON","og_description":"Groupes hydrauliques de pompage de eau ou glycol \u00e0 circuit ferm\u00e9, ensabl\u00e9 pour une installation \u00e0 l'ext\u00e9rieur et lien\u00e0 le refroidisseur.","og_url":"https:\/\/www.intarcon.com\/fr\/produit\/groupes-hydrauliques-intarwatt\/","og_site_name":"INTARCON","article_publisher":"https:\/\/www.facebook.com\/intarcon\/","article_modified_time":"2024-04-09T10:48:41+00:00","og_image":[{"width":600,"height":600,"url":"https:\/\/www.intarcon.com\/wp-content\/uploads\/2024\/02\/grupo-hidraulico-intarwatt.webp","type":"image\/webp"}],"twitter_card":"summary_large_image","twitter_site":"@Intarcon","twitter_misc":{"Est. reading time":"1 minute"},"schema":{"@context":"https:\/\/schema.org","@graph":[{"@type":"WebPage","@id":"https:\/\/www.intarcon.com\/fr\/produit\/groupes-hydrauliques-intarwatt\/","url":"https:\/\/www.intarcon.com\/fr\/produit\/groupes-hydrauliques-intarwatt\/","name":"Groupes hydrauliques intarWatt - INTARCON","isPartOf":{"@id":"https:\/\/www.intarcon.com\/fr\/#website"},"primaryImageOfPage":{"@id":"https:\/\/www.intarcon.com\/fr\/produit\/groupes-hydrauliques-intarwatt\/#primaryimage"},"image":{"@id":"https:\/\/www.intarcon.com\/fr\/produit\/groupes-hydrauliques-intarwatt\/#primaryimage"},"thumbnailUrl":"https:\/\/www.intarcon.com\/wp-content\/uploads\/2024\/02\/grupo-hidraulico-plantas-enfriadoras-intarwatt.webp","datePublished":"2024-02-19T15:54:46+00:00","dateModified":"2024-04-09T10:48:41+00:00","description":"Groupes hydrauliques de pompage de eau ou glycol \u00e0 circuit ferm\u00e9, ensabl\u00e9 pour une installation \u00e0 l'ext\u00e9rieur et lien\u00e0 le refroidisseur.","breadcrumb":{"@id":"https:\/\/www.intarcon.com\/fr\/produit\/groupes-hydrauliques-intarwatt\/#breadcrumb"},"inLanguage":"fr","potentialAction":[{"@type":"ReadAction","target":["https:\/\/www.intarcon.com\/fr\/produit\/groupes-hydrauliques-intarwatt\/"]}]},{"@type":"ImageObject","inLanguage":"fr","@id":"https:\/\/www.intarcon.com\/fr\/produit\/groupes-hydrauliques-intarwatt\/#primaryimage","url":"https:\/\/www.intarcon.com\/wp-content\/uploads\/2024\/02\/grupo-hidraulico-plantas-enfriadoras-intarwatt.webp","contentUrl":"https:\/\/www.intarcon.com\/wp-content\/uploads\/2024\/02\/grupo-hidraulico-plantas-enfriadoras-intarwatt.webp","width":600,"height":600,"caption":"Grupo hidr\u00e1ulico de glicol o agua para plantas enfriadoras intarWatt - INTARCON"},{"@type":"BreadcrumbList","@id":"https:\/\/www.intarcon.com\/fr\/produit\/groupes-hydrauliques-intarwatt\/#breadcrumb","itemListElement":[{"@type":"ListItem","position":1,"name":"Portada","item":"https:\/\/www.intarcon.com\/fr\/"},{"@type":"ListItem","position":2,"name":"Producto","item":"https:\/\/www.intarcon.com\/producto\/"},{"@type":"ListItem","position":3,"name":"Glicol","item":"https:\/\/www.intarcon.com\/fr\/technologie\/glicol\/"},{"@type":"ListItem","position":4,"name":"Groupes hydrauliques","item":"https:\/\/www.intarcon.com\/fr\/technologie\/glicol\/groupes-hydrauliques-r290\/"},{"@type":"ListItem","position":5,"name":"Groupes hydrauliques intarWatt"}]},{"@type":"WebSite","@id":"https:\/\/www.intarcon.com\/fr\/#website","url":"https:\/\/www.intarcon.com\/fr\/","name":"INTARCON","description":"","potentialAction":[{"@type":"SearchAction","target":{"@type":"EntryPoint","urlTemplate":"https:\/\/www.intarcon.com\/fr\/?s={search_term_string}"},"query-input":{"@type":"PropertyValueSpecification","valueRequired":true,"valueName":"search_term_string"}}],"inLanguage":"fr"}]}},"_links":{"self":[{"href":"https:\/\/www.intarcon.com\/fr\/wp-json\/wp\/v2\/product\/83521","targetHints":{"allow":["GET"]}}],"collection":[{"href":"https:\/\/www.intarcon.com\/fr\/wp-json\/wp\/v2\/product"}],"about":[{"href":"https:\/\/www.intarcon.com\/fr\/wp-json\/wp\/v2\/types\/product"}],"version-history":[{"count":0,"href":"https:\/\/www.intarcon.com\/fr\/wp-json\/wp\/v2\/product\/83521\/revisions"}],"wp:featuredmedia":[{"embeddable":true,"href":"https:\/\/www.intarcon.com\/fr\/wp-json\/wp\/v2\/media\/89438"}],"wp:attachment":[{"href":"https:\/\/www.intarcon.com\/fr\/wp-json\/wp\/v2\/media?parent=83521"}],"wp:term":[{"taxonomy":"product_brand","embeddable":true,"href":"https:\/\/www.intarcon.com\/fr\/wp-json\/wp\/v2\/product_brand?post=83521"},{"taxonomy":"product_cat","embeddable":true,"href":"https:\/\/www.intarcon.com\/fr\/wp-json\/wp\/v2\/product_cat?post=83521"},{"taxonomy":"product_tag","embeddable":true,"href":"https:\/\/www.intarcon.com\/fr\/wp-json\/wp\/v2\/product_tag?post=83521"}],"curies":[{"name":"wp","href":"https:\/\/api.w.org\/{rel}","templated":true}]}}