{"id":83446,"date":"2024-02-19T11:43:21","date_gmt":"2024-02-19T10:43:21","guid":{"rendered":"https:\/\/www.intarcon.com\/?post_type=product&#038;p=83446"},"modified":"2024-04-09T12:28:15","modified_gmt":"2024-04-09T10:28:15","slug":"groupes-hydrauliques-intarcube","status":"publish","type":"product","link":"https:\/\/www.intarcon.com\/fr\/produit\/groupes-hydrauliques-intarcube\/","title":{"rendered":"Groupes hydrauliques intarCUBE"},"content":{"rendered":"<p>Groupes hydrauliques de pompage de glycol \u00e0 circuit ferm\u00e9, ensabl\u00e9 carrosserie et ch\u00e2ssis de t\u00f4le en acier galvanis\u00e9 en peinture polyester pour une installation \u00e0 l&#8217;ext\u00e9rieur. Notre groupe hydraulique se distingue par :<\/p>\n<ul>\n<li>Construction modulaire facile \u00e0 int\u00e9grer.<\/li>\n<li>Ensembles optimis\u00e9s pour l&#8217;eau et le glycol.<\/li>\n<li>Faible occupation.<\/li>\n<\/ul>\n<p>Versions<\/p>\n<ul>\n<li>Version A<br \/>\n&#8211; GV-AH-1 : Groupe hydraulique primaire.<br \/>\n&#8211; GV-AH-2 : Groupe hydraulique primaire avec ballon tampon.<\/li>\n<li>Version B<br \/>\n&#8211; GV-BH-2 : Groupe hydraulique circuit secondaire.<\/li>\n<\/ul>\n<p><img fetchpriority=\"high\" decoding=\"async\" class=\"alignnone wp-image-83499\" src=\"https:\/\/www.intarcon.com\/wp-content\/uploads\/2024\/02\/FR-2024-schema-de-groupes-hydrauliques-intarcube.webp\" alt=\"Sc\u00e9ma de groupes hydrauliques intarCUBE - INTARCON\" width=\"710\" height=\"508\" \/><\/p>\n","protected":false},"excerpt":{"rendered":"<h2 style=\"color: #999999; font-size: 18px; margin-bottom: 0px;\">Groupes hydrauliques<\/h2>\n<p><span style=\"font-size: 18px; color: #999999;\">intarCUBE optimis\u00e9 pour l&#8217;eau et le glycol<\/span><br \/>\n<style>.elementor-widget-button .elementor-button{background-color:var( --e-global-color-accent );}.elementor-29436 .elementor-element.elementor-element-2d8b95e .elementor-button{background-color:#0085BB;font-family:\"Roboto\", Montserrat;font-size:1.1em;font-weight:600;text-decoration:none;fill:#FFFFFF;color:#FFFFFF;border-style:solid;border-width:2px 2px 2px 2px;border-color:#0085BB;border-radius:33px 33px 33px 33px;padding:14px 20px 14px 20px;}.elementor-29436 .elementor-element.elementor-element-2d8b95e .elementor-button:hover, .elementor-29436 .elementor-element.elementor-element-2d8b95e .elementor-button:focus{background-color:#FFFFFF;color:#0085BB;border-color:#0085BB;}.elementor-29436 .elementor-element.elementor-element-2d8b95e > .elementor-widget-container{margin:2% 0% 1% 0%;}.elementor-29436 .elementor-element.elementor-element-2d8b95e .elementor-button:hover svg, .elementor-29436 .elementor-element.elementor-element-2d8b95e .elementor-button:focus svg{fill:#0085BB;}@media(max-width:767px){.elementor-29436 .elementor-element.elementor-element-2d8b95e > .elementor-widget-container{margin:-20px 0px 50px 0px;}}<\/style><div class=\"porto-block\" data-id=\"29436\">\t\t<div data-elementor-type=\"wp-post\" data-elementor-id=\"29436\" class=\"elementor elementor-29436 elementor-29420\" data-elementor-post-type=\"porto_builder\">\n\t\t\t\t\t\t<section class=\"elementor-section elementor-top-section elementor-element elementor-element-4601687 elementor-section-boxed elementor-section-height-default elementor-section-height-default\" data-id=\"4601687\" data-element_type=\"section\">\r\n\t\t\r\n\t\t\t\t\t\t\t<div class=\"elementor-container elementor-column-gap-default\">\r\n\t\t\t\t\t\t\t\t\t\t\t<div class=\"elementor-column elementor-col-100 elementor-top-column elementor-element elementor-element-7f3a8ac\" data-id=\"7f3a8ac\" data-element_type=\"column\">\r\n\t\t\t\t\t<div class=\"elementor-widget-wrap elementor-element-populated\">\r\n\t\t\t\t\t\t\t\t<div class=\"elementor-element elementor-element-2d8b95e elementor-align-left elementor-widget elementor-widget-button\" data-id=\"2d8b95e\" data-element_type=\"widget\" data-widget_type=\"button.default\">\n\t\t\t\t<div class=\"elementor-widget-container\">\n\t\t\t\t\t\t\t\t\t<div class=\"elementor-button-wrapper\">\n\t\t\t\t\t<a class=\"elementor-button elementor-button-link elementor-size-md\" href=\"https:\/\/www.intarcon.com\/fr\/conseils-techniques\/\">\n\t\t\t\t\t\t<span class=\"elementor-button-content-wrapper\">\n\t\t\t\t\t\t\t\t\t<span class=\"elementor-button-text\">Demande conseils techniques<\/span>\n\t\t\t\t\t<\/span>\n\t\t\t\t\t<\/a>\n\t\t\t\t<\/div>\n\t\t\t\t\t\t\t\t<\/div>\n\t\t\t\t<\/div>\n\t\t\t\t\t<\/div>\r\n\t\t\t\t<\/div>\r\n\t\t\t\t\t<\/div>\r\n\t\t\t\t<\/section>\r\n\t\t\t\t<\/div>\n\t\t<\/div><\/p>\n","protected":false},"featured_media":89433,"template":"","meta":[],"product_brand":[],"product_cat":[693,692],"product_tag":[],"class_list":{"0":"post-83446","1":"product","2":"type-product","3":"status-publish","4":"has-post-thumbnail","6":"product_cat-groupes-hydrauliques-glycol","7":"product_cat-groupes-hydrauliques-r290","9":"first","10":"instock","11":"featured","12":"shipping-taxable","13":"product-type-simple"},"yoast_head":"<!-- This site is optimized with the Yoast SEO plugin v25.5 - https:\/\/yoast.com\/wordpress\/plugins\/seo\/ -->\n<title>Groupes hydrauliques intarCUBE - INTARCON<\/title>\n<meta name=\"description\" content=\"Groupes hydrauliques de pompage de glycol \u00e0 circuit ferm\u00e9, ensabl\u00e9 carrosserie pour une installation \u00e0 l&#039;ext\u00e9rieur\" \/>\n<meta name=\"robots\" content=\"index, follow, max-snippet:-1, max-image-preview:large, max-video-preview:-1\" \/>\n<link rel=\"canonical\" href=\"https:\/\/www.intarcon.com\/fr\/produit\/groupes-hydrauliques-intarcube\/\" \/>\n<meta property=\"og:locale\" content=\"fr_FR\" \/>\n<meta property=\"og:type\" content=\"article\" \/>\n<meta property=\"og:title\" content=\"Groupes hydrauliques intarCUBE - INTARCON\" \/>\n<meta property=\"og:description\" content=\"Groupes hydrauliques de pompage de glycol \u00e0 circuit ferm\u00e9, ensabl\u00e9 carrosserie pour une installation \u00e0 l&#039;ext\u00e9rieur\" \/>\n<meta property=\"og:url\" content=\"https:\/\/www.intarcon.com\/fr\/produit\/groupes-hydrauliques-intarcube\/\" \/>\n<meta property=\"og:site_name\" content=\"INTARCON\" \/>\n<meta property=\"article:publisher\" content=\"https:\/\/www.facebook.com\/intarcon\/\" \/>\n<meta property=\"article:modified_time\" content=\"2024-04-09T10:28:15+00:00\" \/>\n<meta property=\"og:image\" content=\"https:\/\/www.intarcon.com\/wp-content\/uploads\/2024\/02\/grupo-hidraulico-intarcube.webp\" \/>\n\t<meta property=\"og:image:width\" content=\"600\" \/>\n\t<meta property=\"og:image:height\" content=\"600\" \/>\n\t<meta property=\"og:image:type\" content=\"image\/webp\" \/>\n<meta name=\"twitter:card\" content=\"summary_large_image\" \/>\n<meta name=\"twitter:site\" content=\"@Intarcon\" \/>\n<meta name=\"twitter:label1\" content=\"Est. reading time\" \/>\n\t<meta name=\"twitter:data1\" content=\"1 minute\" \/>\n<script type=\"application\/ld+json\" class=\"yoast-schema-graph\">{\"@context\":\"https:\/\/schema.org\",\"@graph\":[{\"@type\":\"WebPage\",\"@id\":\"https:\/\/www.intarcon.com\/fr\/produit\/groupes-hydrauliques-intarcube\/\",\"url\":\"https:\/\/www.intarcon.com\/fr\/produit\/groupes-hydrauliques-intarcube\/\",\"name\":\"Groupes hydrauliques intarCUBE - INTARCON\",\"isPartOf\":{\"@id\":\"https:\/\/www.intarcon.com\/fr\/#website\"},\"primaryImageOfPage\":{\"@id\":\"https:\/\/www.intarcon.com\/fr\/produit\/groupes-hydrauliques-intarcube\/#primaryimage\"},\"image\":{\"@id\":\"https:\/\/www.intarcon.com\/fr\/produit\/groupes-hydrauliques-intarcube\/#primaryimage\"},\"thumbnailUrl\":\"https:\/\/www.intarcon.com\/wp-content\/uploads\/2024\/02\/grupo-hidraulico-plantas-enfriadoras-intarcube.webp\",\"datePublished\":\"2024-02-19T10:43:21+00:00\",\"dateModified\":\"2024-04-09T10:28:15+00:00\",\"description\":\"Groupes hydrauliques de pompage de glycol \u00e0 circuit ferm\u00e9, ensabl\u00e9 carrosserie pour une installation \u00e0 l'ext\u00e9rieur\",\"breadcrumb\":{\"@id\":\"https:\/\/www.intarcon.com\/fr\/produit\/groupes-hydrauliques-intarcube\/#breadcrumb\"},\"inLanguage\":\"fr\",\"potentialAction\":[{\"@type\":\"ReadAction\",\"target\":[\"https:\/\/www.intarcon.com\/fr\/produit\/groupes-hydrauliques-intarcube\/\"]}]},{\"@type\":\"ImageObject\",\"inLanguage\":\"fr\",\"@id\":\"https:\/\/www.intarcon.com\/fr\/produit\/groupes-hydrauliques-intarcube\/#primaryimage\",\"url\":\"https:\/\/www.intarcon.com\/wp-content\/uploads\/2024\/02\/grupo-hidraulico-plantas-enfriadoras-intarcube.webp\",\"contentUrl\":\"https:\/\/www.intarcon.com\/wp-content\/uploads\/2024\/02\/grupo-hidraulico-plantas-enfriadoras-intarcube.webp\",\"width\":600,\"height\":600,\"caption\":\"Grupo hidr\u00e1ulico de glicol o agua para plantas enfriadoras intarCUBE - INTARCON\"},{\"@type\":\"BreadcrumbList\",\"@id\":\"https:\/\/www.intarcon.com\/fr\/produit\/groupes-hydrauliques-intarcube\/#breadcrumb\",\"itemListElement\":[{\"@type\":\"ListItem\",\"position\":1,\"name\":\"Portada\",\"item\":\"https:\/\/www.intarcon.com\/fr\/\"},{\"@type\":\"ListItem\",\"position\":2,\"name\":\"Producto\",\"item\":\"https:\/\/www.intarcon.com\/producto\/\"},{\"@type\":\"ListItem\",\"position\":3,\"name\":\"Glicol\",\"item\":\"https:\/\/www.intarcon.com\/fr\/technologie\/glicol\/\"},{\"@type\":\"ListItem\",\"position\":4,\"name\":\"Groupes hydrauliques\",\"item\":\"https:\/\/www.intarcon.com\/fr\/technologie\/glicol\/groupes-hydrauliques-r290\/\"},{\"@type\":\"ListItem\",\"position\":5,\"name\":\"Groupes hydrauliques intarCUBE\"}]},{\"@type\":\"WebSite\",\"@id\":\"https:\/\/www.intarcon.com\/fr\/#website\",\"url\":\"https:\/\/www.intarcon.com\/fr\/\",\"name\":\"INTARCON\",\"description\":\"\",\"potentialAction\":[{\"@type\":\"SearchAction\",\"target\":{\"@type\":\"EntryPoint\",\"urlTemplate\":\"https:\/\/www.intarcon.com\/fr\/?s={search_term_string}\"},\"query-input\":{\"@type\":\"PropertyValueSpecification\",\"valueRequired\":true,\"valueName\":\"search_term_string\"}}],\"inLanguage\":\"fr\"}]}<\/script>\n<!-- \/ Yoast SEO plugin. -->","yoast_head_json":{"title":"Groupes hydrauliques intarCUBE - INTARCON","description":"Groupes hydrauliques de pompage de glycol \u00e0 circuit ferm\u00e9, ensabl\u00e9 carrosserie pour une installation \u00e0 l'ext\u00e9rieur","robots":{"index":"index","follow":"follow","max-snippet":"max-snippet:-1","max-image-preview":"max-image-preview:large","max-video-preview":"max-video-preview:-1"},"canonical":"https:\/\/www.intarcon.com\/fr\/produit\/groupes-hydrauliques-intarcube\/","og_locale":"fr_FR","og_type":"article","og_title":"Groupes hydrauliques intarCUBE - INTARCON","og_description":"Groupes hydrauliques de pompage de glycol \u00e0 circuit ferm\u00e9, ensabl\u00e9 carrosserie pour une installation \u00e0 l'ext\u00e9rieur","og_url":"https:\/\/www.intarcon.com\/fr\/produit\/groupes-hydrauliques-intarcube\/","og_site_name":"INTARCON","article_publisher":"https:\/\/www.facebook.com\/intarcon\/","article_modified_time":"2024-04-09T10:28:15+00:00","og_image":[{"width":600,"height":600,"url":"https:\/\/www.intarcon.com\/wp-content\/uploads\/2024\/02\/grupo-hidraulico-intarcube.webp","type":"image\/webp"}],"twitter_card":"summary_large_image","twitter_site":"@Intarcon","twitter_misc":{"Est. reading time":"1 minute"},"schema":{"@context":"https:\/\/schema.org","@graph":[{"@type":"WebPage","@id":"https:\/\/www.intarcon.com\/fr\/produit\/groupes-hydrauliques-intarcube\/","url":"https:\/\/www.intarcon.com\/fr\/produit\/groupes-hydrauliques-intarcube\/","name":"Groupes hydrauliques intarCUBE - INTARCON","isPartOf":{"@id":"https:\/\/www.intarcon.com\/fr\/#website"},"primaryImageOfPage":{"@id":"https:\/\/www.intarcon.com\/fr\/produit\/groupes-hydrauliques-intarcube\/#primaryimage"},"image":{"@id":"https:\/\/www.intarcon.com\/fr\/produit\/groupes-hydrauliques-intarcube\/#primaryimage"},"thumbnailUrl":"https:\/\/www.intarcon.com\/wp-content\/uploads\/2024\/02\/grupo-hidraulico-plantas-enfriadoras-intarcube.webp","datePublished":"2024-02-19T10:43:21+00:00","dateModified":"2024-04-09T10:28:15+00:00","description":"Groupes hydrauliques de pompage de glycol \u00e0 circuit ferm\u00e9, ensabl\u00e9 carrosserie pour une installation \u00e0 l'ext\u00e9rieur","breadcrumb":{"@id":"https:\/\/www.intarcon.com\/fr\/produit\/groupes-hydrauliques-intarcube\/#breadcrumb"},"inLanguage":"fr","potentialAction":[{"@type":"ReadAction","target":["https:\/\/www.intarcon.com\/fr\/produit\/groupes-hydrauliques-intarcube\/"]}]},{"@type":"ImageObject","inLanguage":"fr","@id":"https:\/\/www.intarcon.com\/fr\/produit\/groupes-hydrauliques-intarcube\/#primaryimage","url":"https:\/\/www.intarcon.com\/wp-content\/uploads\/2024\/02\/grupo-hidraulico-plantas-enfriadoras-intarcube.webp","contentUrl":"https:\/\/www.intarcon.com\/wp-content\/uploads\/2024\/02\/grupo-hidraulico-plantas-enfriadoras-intarcube.webp","width":600,"height":600,"caption":"Grupo hidr\u00e1ulico de glicol o agua para plantas enfriadoras intarCUBE - INTARCON"},{"@type":"BreadcrumbList","@id":"https:\/\/www.intarcon.com\/fr\/produit\/groupes-hydrauliques-intarcube\/#breadcrumb","itemListElement":[{"@type":"ListItem","position":1,"name":"Portada","item":"https:\/\/www.intarcon.com\/fr\/"},{"@type":"ListItem","position":2,"name":"Producto","item":"https:\/\/www.intarcon.com\/producto\/"},{"@type":"ListItem","position":3,"name":"Glicol","item":"https:\/\/www.intarcon.com\/fr\/technologie\/glicol\/"},{"@type":"ListItem","position":4,"name":"Groupes hydrauliques","item":"https:\/\/www.intarcon.com\/fr\/technologie\/glicol\/groupes-hydrauliques-r290\/"},{"@type":"ListItem","position":5,"name":"Groupes hydrauliques intarCUBE"}]},{"@type":"WebSite","@id":"https:\/\/www.intarcon.com\/fr\/#website","url":"https:\/\/www.intarcon.com\/fr\/","name":"INTARCON","description":"","potentialAction":[{"@type":"SearchAction","target":{"@type":"EntryPoint","urlTemplate":"https:\/\/www.intarcon.com\/fr\/?s={search_term_string}"},"query-input":{"@type":"PropertyValueSpecification","valueRequired":true,"valueName":"search_term_string"}}],"inLanguage":"fr"}]}},"_links":{"self":[{"href":"https:\/\/www.intarcon.com\/fr\/wp-json\/wp\/v2\/product\/83446","targetHints":{"allow":["GET"]}}],"collection":[{"href":"https:\/\/www.intarcon.com\/fr\/wp-json\/wp\/v2\/product"}],"about":[{"href":"https:\/\/www.intarcon.com\/fr\/wp-json\/wp\/v2\/types\/product"}],"version-history":[{"count":0,"href":"https:\/\/www.intarcon.com\/fr\/wp-json\/wp\/v2\/product\/83446\/revisions"}],"wp:featuredmedia":[{"embeddable":true,"href":"https:\/\/www.intarcon.com\/fr\/wp-json\/wp\/v2\/media\/89433"}],"wp:attachment":[{"href":"https:\/\/www.intarcon.com\/fr\/wp-json\/wp\/v2\/media?parent=83446"}],"wp:term":[{"taxonomy":"product_brand","embeddable":true,"href":"https:\/\/www.intarcon.com\/fr\/wp-json\/wp\/v2\/product_brand?post=83446"},{"taxonomy":"product_cat","embeddable":true,"href":"https:\/\/www.intarcon.com\/fr\/wp-json\/wp\/v2\/product_cat?post=83446"},{"taxonomy":"product_tag","embeddable":true,"href":"https:\/\/www.intarcon.com\/fr\/wp-json\/wp\/v2\/product_tag?post=83446"}],"curies":[{"name":"wp","href":"https:\/\/api.w.org\/{rel}","templated":true}]}}