{"id":69702,"date":"2022-09-12T09:39:25","date_gmt":"2022-09-12T07:39:25","guid":{"rendered":"https:\/\/www.intarcon.com\/?post_type=product&#038;p=69702"},"modified":"2025-09-09T16:26:24","modified_gmt":"2025-09-09T14:26:24","slug":"centrale-de-refrigeration-intarcube-a2l-approved","status":"publish","type":"product","link":"https:\/\/www.intarcon.com\/fr\/produit\/centrale-de-refrigeration-intarcube-a2l-approved\/","title":{"rendered":"intarCUBE A2L approved"},"content":{"rendered":"<p><a href=\"https:\/\/www.intarcon.com\/fr\/technologie\/a2l\/centrales-de-refrigeration-a2l\/\">Centrale de r\u00e9frig\u00e9ration<\/a>\u00a0 intarCUBE A2L Approved\u00a0 sont con\u00e7us pour les applications de r\u00e9frig\u00e9ration commerciale centralis\u00e9e de moyenne capacit\u00e9, \u00e9quip\u00e9es de compresseurs semi-herm\u00e9tiques et con\u00e7ues pour fonctionner avec le r\u00e9frig\u00e9rant R-449A ou le r\u00e9frig\u00e9rant R-454C l\u00e9g\u00e8rement inflammable \u00e0 faible GWP (&lt; 150). Les nouvelles unit\u00e9s homologu\u00e9es intarCUBE A2L se positionnent comme un investissement efficace et s\u00fbr, \u00e0 faible co\u00fbt, devenant une tr\u00e8s bonne alternative pour se conformer au cadre r\u00e9glementaire \u00e0 moyen terme sur les gaz fluor\u00e9s dans l&#8217;Union europ\u00e9enne. Centrale de r\u00e9frig\u00e9ration\u00a0 intarCUBE A2L Approved se caract\u00e9risent par les \u00e9l\u00e9ments suivants :<\/p>\n<ul>\n<li>\u00a0Unit\u00e9s certifi\u00e9es par A2L.<\/li>\n<li>R\u00e9frig\u00e9rants R-449A et R-454C.<\/li>\n<li>Exemption de la taxe sur les gaz fluor\u00e9s (R-454C).<\/li>\n<li>Conforme F-Gas 2022 et \u00c9coconception.<\/li>\n<\/ul>\n<p><img fetchpriority=\"high\" decoding=\"async\" class=\"size-full wp-image-69717 aligncenter\" src=\"https:\/\/www.intarcon.com\/wp-content\/uploads\/2022\/09\/fr-2022-schema-intarcube-a2l-approved.webp\" alt=\"Sch\u00e9ma intarCUBE A2L approved - INTARCON\" width=\"921\" height=\"475\" srcset=\"https:\/\/www.intarcon.com\/wp-content\/uploads\/2022\/09\/fr-2022-schema-intarcube-a2l-approved.webp 921w, https:\/\/www.intarcon.com\/wp-content\/uploads\/2022\/09\/fr-2022-schema-intarcube-a2l-approved-768x396.webp 768w, https:\/\/www.intarcon.com\/wp-content\/uploads\/2022\/09\/fr-2022-schema-intarcube-a2l-approved-640x330.webp 640w, https:\/\/www.intarcon.com\/wp-content\/uploads\/2022\/09\/fr-2022-schema-intarcube-a2l-approved-400x206.webp 400w, https:\/\/www.intarcon.com\/wp-content\/uploads\/2022\/09\/fr-2022-schema-intarcube-a2l-approved-450x231.webp 450w, https:\/\/www.intarcon.com\/wp-content\/uploads\/2022\/09\/fr-2022-schema-intarcube-a2l-approved-367x189.webp 367w, https:\/\/www.intarcon.com\/wp-content\/uploads\/2022\/09\/fr-2022-schema-intarcube-a2l-approved-600x309.webp 600w\" sizes=\"(max-width: 921px) 100vw, 921px\" \/><\/p>\n","protected":false},"excerpt":{"rendered":"<h2 style=\"color: #999999; font-size: 18px; margin-bottom: 0px;\">Centrale de r\u00e9frig\u00e9ration compacte<\/h2>\n<p>Centrales de r\u00e9frig\u00e9ration ultra-compact et insonoris\u00e9 avec contr\u00f4le progressif de la capacit\u00e9 pour la r\u00e9frig\u00e9ration commerciale centralis\u00e9e.<br \/>\n<style>.elementor-widget-button .elementor-button{background-color:var( --e-global-color-accent );}.elementor-29436 .elementor-element.elementor-element-2d8b95e .elementor-button{background-color:#0085BB;font-family:\"Roboto\", Montserrat;font-size:1.1em;font-weight:600;text-decoration:none;fill:#FFFFFF;color:#FFFFFF;border-style:solid;border-width:2px 2px 2px 2px;border-color:#0085BB;border-radius:33px 33px 33px 33px;padding:14px 20px 14px 20px;}.elementor-29436 .elementor-element.elementor-element-2d8b95e .elementor-button:hover, .elementor-29436 .elementor-element.elementor-element-2d8b95e .elementor-button:focus{background-color:#FFFFFF;color:#0085BB;border-color:#0085BB;}.elementor-29436 .elementor-element.elementor-element-2d8b95e > .elementor-widget-container{margin:2% 0% 1% 0%;}.elementor-29436 .elementor-element.elementor-element-2d8b95e .elementor-button:hover svg, .elementor-29436 .elementor-element.elementor-element-2d8b95e .elementor-button:focus svg{fill:#0085BB;}@media(max-width:767px){.elementor-29436 .elementor-element.elementor-element-2d8b95e > .elementor-widget-container{margin:-20px 0px 50px 0px;}}<\/style><div class=\"porto-block\" data-id=\"29436\">\t\t<div data-elementor-type=\"wp-post\" data-elementor-id=\"29436\" class=\"elementor elementor-29436 elementor-29420\" data-elementor-post-type=\"porto_builder\">\n\t\t\t\t\t\t<section class=\"elementor-section elementor-top-section elementor-element elementor-element-4601687 elementor-section-boxed elementor-section-height-default elementor-section-height-default\" data-id=\"4601687\" data-element_type=\"section\">\r\n\t\t\r\n\t\t\t\t\t\t\t<div class=\"elementor-container elementor-column-gap-default\">\r\n\t\t\t\t\t\t\t\t\t\t\t<div class=\"elementor-column elementor-col-100 elementor-top-column elementor-element elementor-element-7f3a8ac\" data-id=\"7f3a8ac\" data-element_type=\"column\">\r\n\t\t\t\t\t<div class=\"elementor-widget-wrap elementor-element-populated\">\r\n\t\t\t\t\t\t\t\t<div class=\"elementor-element elementor-element-2d8b95e elementor-align-left elementor-widget elementor-widget-button\" data-id=\"2d8b95e\" data-element_type=\"widget\" data-widget_type=\"button.default\">\n\t\t\t\t<div class=\"elementor-widget-container\">\n\t\t\t\t\t\t\t\t\t<div class=\"elementor-button-wrapper\">\n\t\t\t\t\t<a class=\"elementor-button elementor-button-link elementor-size-md\" href=\"https:\/\/www.intarcon.com\/fr\/conseils-techniques\/\">\n\t\t\t\t\t\t<span class=\"elementor-button-content-wrapper\">\n\t\t\t\t\t\t\t\t\t<span class=\"elementor-button-text\">Demande conseils techniques<\/span>\n\t\t\t\t\t<\/span>\n\t\t\t\t\t<\/a>\n\t\t\t\t<\/div>\n\t\t\t\t\t\t\t\t<\/div>\n\t\t\t\t<\/div>\n\t\t\t\t\t<\/div>\r\n\t\t\t\t<\/div>\r\n\t\t\t\t\t<\/div>\r\n\t\t\t\t<\/section>\r\n\t\t\t\t<\/div>\n\t\t<\/div><\/p>\n","protected":false},"featured_media":89341,"template":"","meta":[],"product_brand":[],"product_cat":[706,707],"product_tag":[],"class_list":{"0":"post-69702","1":"product","2":"type-product","3":"status-publish","4":"has-post-thumbnail","6":"product_cat-a2l","7":"product_cat-centrales-de-refrigeration-a2l","9":"first","10":"instock","11":"featured","12":"shipping-taxable","13":"product-type-simple"},"yoast_head":"<!-- This site is optimized with the Yoast SEO plugin v25.5 - https:\/\/yoast.com\/wordpress\/plugins\/seo\/ -->\n<title>Centrale de r\u00e9frig\u00e9ration intarCUBE A2L Approved - INTARCON<\/title>\n<meta name=\"description\" content=\"La centrale de r\u00e9frig\u00e9ration intarCUBE A2L Approved offre une solution s\u00fbre, efficace et sans taxe F-Gas pour le R-449A et le R-454C \u00e0 faible GWP.\" \/>\n<meta name=\"robots\" content=\"index, follow, max-snippet:-1, max-image-preview:large, max-video-preview:-1\" \/>\n<link rel=\"canonical\" href=\"https:\/\/www.intarcon.com\/fr\/produit\/centrale-de-refrigeration-intarcube-a2l-approved\/\" \/>\n<meta property=\"og:locale\" content=\"fr_FR\" \/>\n<meta property=\"og:type\" content=\"article\" \/>\n<meta property=\"og:title\" content=\"Centrale de r\u00e9frig\u00e9ration intarCUBE A2L Approved - INTARCON\" \/>\n<meta property=\"og:description\" content=\"La centrale de r\u00e9frig\u00e9ration intarCUBE A2L Approved offre une solution s\u00fbre, efficace et sans taxe F-Gas pour le R-449A et le R-454C \u00e0 faible GWP.\" \/>\n<meta property=\"og:url\" content=\"https:\/\/www.intarcon.com\/fr\/produit\/centrale-de-refrigeration-intarcube-a2l-approved\/\" \/>\n<meta property=\"og:site_name\" content=\"INTARCON\" \/>\n<meta property=\"article:publisher\" content=\"https:\/\/www.facebook.com\/intarcon\/\" \/>\n<meta property=\"article:modified_time\" content=\"2025-09-09T14:26:24+00:00\" \/>\n<meta property=\"og:image\" content=\"https:\/\/www.intarcon.com\/wp-content\/uploads\/2022\/09\/central-refrigeracion-hfc-intarcube-a2l-approved.webp\" \/>\n\t<meta property=\"og:image:width\" content=\"600\" \/>\n\t<meta property=\"og:image:height\" content=\"600\" \/>\n\t<meta property=\"og:image:type\" content=\"image\/webp\" \/>\n<meta name=\"twitter:card\" content=\"summary_large_image\" \/>\n<meta name=\"twitter:site\" content=\"@Intarcon\" \/>\n<meta name=\"twitter:label1\" content=\"Est. reading time\" \/>\n\t<meta name=\"twitter:data1\" content=\"1 minute\" \/>\n<script type=\"application\/ld+json\" class=\"yoast-schema-graph\">{\"@context\":\"https:\/\/schema.org\",\"@graph\":[{\"@type\":\"WebPage\",\"@id\":\"https:\/\/www.intarcon.com\/fr\/produit\/centrale-de-refrigeration-intarcube-a2l-approved\/\",\"url\":\"https:\/\/www.intarcon.com\/fr\/produit\/centrale-de-refrigeration-intarcube-a2l-approved\/\",\"name\":\"Centrale de r\u00e9frig\u00e9ration intarCUBE A2L Approved - INTARCON\",\"isPartOf\":{\"@id\":\"https:\/\/www.intarcon.com\/fr\/#website\"},\"primaryImageOfPage\":{\"@id\":\"https:\/\/www.intarcon.com\/fr\/produit\/centrale-de-refrigeration-intarcube-a2l-approved\/#primaryimage\"},\"image\":{\"@id\":\"https:\/\/www.intarcon.com\/fr\/produit\/centrale-de-refrigeration-intarcube-a2l-approved\/#primaryimage\"},\"thumbnailUrl\":\"https:\/\/www.intarcon.com\/wp-content\/uploads\/2022\/09\/central-refrigeracion-hfc-intarcube-a2l-approved.webp\",\"datePublished\":\"2022-09-12T07:39:25+00:00\",\"dateModified\":\"2025-09-09T14:26:24+00:00\",\"description\":\"La centrale de r\u00e9frig\u00e9ration intarCUBE A2L Approved offre une solution s\u00fbre, efficace et sans taxe F-Gas pour le R-449A et le R-454C \u00e0 faible GWP.\",\"breadcrumb\":{\"@id\":\"https:\/\/www.intarcon.com\/fr\/produit\/centrale-de-refrigeration-intarcube-a2l-approved\/#breadcrumb\"},\"inLanguage\":\"fr\",\"potentialAction\":[{\"@type\":\"ReadAction\",\"target\":[\"https:\/\/www.intarcon.com\/fr\/produit\/centrale-de-refrigeration-intarcube-a2l-approved\/\"]}]},{\"@type\":\"ImageObject\",\"inLanguage\":\"fr\",\"@id\":\"https:\/\/www.intarcon.com\/fr\/produit\/centrale-de-refrigeration-intarcube-a2l-approved\/#primaryimage\",\"url\":\"https:\/\/www.intarcon.com\/wp-content\/uploads\/2022\/09\/central-refrigeracion-hfc-intarcube-a2l-approved.webp\",\"contentUrl\":\"https:\/\/www.intarcon.com\/wp-content\/uploads\/2022\/09\/central-refrigeracion-hfc-intarcube-a2l-approved.webp\",\"width\":600,\"height\":600,\"caption\":\"Central de refrigeraci\u00f3n con HFC gama intarCUBE A2L approved - INTARCON\"},{\"@type\":\"BreadcrumbList\",\"@id\":\"https:\/\/www.intarcon.com\/fr\/produit\/centrale-de-refrigeration-intarcube-a2l-approved\/#breadcrumb\",\"itemListElement\":[{\"@type\":\"ListItem\",\"position\":1,\"name\":\"Portada\",\"item\":\"https:\/\/www.intarcon.com\/fr\/\"},{\"@type\":\"ListItem\",\"position\":2,\"name\":\"Producto\",\"item\":\"https:\/\/www.intarcon.com\/producto\/\"},{\"@type\":\"ListItem\",\"position\":3,\"name\":\"HFC\",\"item\":\"https:\/\/www.intarcon.com\/fr\/technologie\/hfc\/\"},{\"@type\":\"ListItem\",\"position\":4,\"name\":\"Centrales de r\u00e9frig\u00e9ration\",\"item\":\"https:\/\/www.intarcon.com\/fr\/technologie\/hfc\/centrales-de-refrigeration\/\"},{\"@type\":\"ListItem\",\"position\":5,\"name\":\"intarCUBE A2L approved\"}]},{\"@type\":\"WebSite\",\"@id\":\"https:\/\/www.intarcon.com\/fr\/#website\",\"url\":\"https:\/\/www.intarcon.com\/fr\/\",\"name\":\"INTARCON\",\"description\":\"\",\"potentialAction\":[{\"@type\":\"SearchAction\",\"target\":{\"@type\":\"EntryPoint\",\"urlTemplate\":\"https:\/\/www.intarcon.com\/fr\/?s={search_term_string}\"},\"query-input\":{\"@type\":\"PropertyValueSpecification\",\"valueRequired\":true,\"valueName\":\"search_term_string\"}}],\"inLanguage\":\"fr\"}]}<\/script>\n<!-- \/ Yoast SEO plugin. -->","yoast_head_json":{"title":"Centrale de r\u00e9frig\u00e9ration intarCUBE A2L Approved - INTARCON","description":"La centrale de r\u00e9frig\u00e9ration intarCUBE A2L Approved offre une solution s\u00fbre, efficace et sans taxe F-Gas pour le R-449A et le R-454C \u00e0 faible GWP.","robots":{"index":"index","follow":"follow","max-snippet":"max-snippet:-1","max-image-preview":"max-image-preview:large","max-video-preview":"max-video-preview:-1"},"canonical":"https:\/\/www.intarcon.com\/fr\/produit\/centrale-de-refrigeration-intarcube-a2l-approved\/","og_locale":"fr_FR","og_type":"article","og_title":"Centrale de r\u00e9frig\u00e9ration intarCUBE A2L Approved - INTARCON","og_description":"La centrale de r\u00e9frig\u00e9ration intarCUBE A2L Approved offre une solution s\u00fbre, efficace et sans taxe F-Gas pour le R-449A et le R-454C \u00e0 faible GWP.","og_url":"https:\/\/www.intarcon.com\/fr\/produit\/centrale-de-refrigeration-intarcube-a2l-approved\/","og_site_name":"INTARCON","article_publisher":"https:\/\/www.facebook.com\/intarcon\/","article_modified_time":"2025-09-09T14:26:24+00:00","og_image":[{"width":600,"height":600,"url":"https:\/\/www.intarcon.com\/wp-content\/uploads\/2022\/09\/central-refrigeracion-hfc-intarcube-a2l-approved.webp","type":"image\/webp"}],"twitter_card":"summary_large_image","twitter_site":"@Intarcon","twitter_misc":{"Est. reading time":"1 minute"},"schema":{"@context":"https:\/\/schema.org","@graph":[{"@type":"WebPage","@id":"https:\/\/www.intarcon.com\/fr\/produit\/centrale-de-refrigeration-intarcube-a2l-approved\/","url":"https:\/\/www.intarcon.com\/fr\/produit\/centrale-de-refrigeration-intarcube-a2l-approved\/","name":"Centrale de r\u00e9frig\u00e9ration intarCUBE A2L Approved - INTARCON","isPartOf":{"@id":"https:\/\/www.intarcon.com\/fr\/#website"},"primaryImageOfPage":{"@id":"https:\/\/www.intarcon.com\/fr\/produit\/centrale-de-refrigeration-intarcube-a2l-approved\/#primaryimage"},"image":{"@id":"https:\/\/www.intarcon.com\/fr\/produit\/centrale-de-refrigeration-intarcube-a2l-approved\/#primaryimage"},"thumbnailUrl":"https:\/\/www.intarcon.com\/wp-content\/uploads\/2022\/09\/central-refrigeracion-hfc-intarcube-a2l-approved.webp","datePublished":"2022-09-12T07:39:25+00:00","dateModified":"2025-09-09T14:26:24+00:00","description":"La centrale de r\u00e9frig\u00e9ration intarCUBE A2L Approved offre une solution s\u00fbre, efficace et sans taxe F-Gas pour le R-449A et le R-454C \u00e0 faible GWP.","breadcrumb":{"@id":"https:\/\/www.intarcon.com\/fr\/produit\/centrale-de-refrigeration-intarcube-a2l-approved\/#breadcrumb"},"inLanguage":"fr","potentialAction":[{"@type":"ReadAction","target":["https:\/\/www.intarcon.com\/fr\/produit\/centrale-de-refrigeration-intarcube-a2l-approved\/"]}]},{"@type":"ImageObject","inLanguage":"fr","@id":"https:\/\/www.intarcon.com\/fr\/produit\/centrale-de-refrigeration-intarcube-a2l-approved\/#primaryimage","url":"https:\/\/www.intarcon.com\/wp-content\/uploads\/2022\/09\/central-refrigeracion-hfc-intarcube-a2l-approved.webp","contentUrl":"https:\/\/www.intarcon.com\/wp-content\/uploads\/2022\/09\/central-refrigeracion-hfc-intarcube-a2l-approved.webp","width":600,"height":600,"caption":"Central de refrigeraci\u00f3n con HFC gama intarCUBE A2L approved - INTARCON"},{"@type":"BreadcrumbList","@id":"https:\/\/www.intarcon.com\/fr\/produit\/centrale-de-refrigeration-intarcube-a2l-approved\/#breadcrumb","itemListElement":[{"@type":"ListItem","position":1,"name":"Portada","item":"https:\/\/www.intarcon.com\/fr\/"},{"@type":"ListItem","position":2,"name":"Producto","item":"https:\/\/www.intarcon.com\/producto\/"},{"@type":"ListItem","position":3,"name":"HFC","item":"https:\/\/www.intarcon.com\/fr\/technologie\/hfc\/"},{"@type":"ListItem","position":4,"name":"Centrales de r\u00e9frig\u00e9ration","item":"https:\/\/www.intarcon.com\/fr\/technologie\/hfc\/centrales-de-refrigeration\/"},{"@type":"ListItem","position":5,"name":"intarCUBE A2L approved"}]},{"@type":"WebSite","@id":"https:\/\/www.intarcon.com\/fr\/#website","url":"https:\/\/www.intarcon.com\/fr\/","name":"INTARCON","description":"","potentialAction":[{"@type":"SearchAction","target":{"@type":"EntryPoint","urlTemplate":"https:\/\/www.intarcon.com\/fr\/?s={search_term_string}"},"query-input":{"@type":"PropertyValueSpecification","valueRequired":true,"valueName":"search_term_string"}}],"inLanguage":"fr"}]}},"_links":{"self":[{"href":"https:\/\/www.intarcon.com\/fr\/wp-json\/wp\/v2\/product\/69702","targetHints":{"allow":["GET"]}}],"collection":[{"href":"https:\/\/www.intarcon.com\/fr\/wp-json\/wp\/v2\/product"}],"about":[{"href":"https:\/\/www.intarcon.com\/fr\/wp-json\/wp\/v2\/types\/product"}],"version-history":[{"count":0,"href":"https:\/\/www.intarcon.com\/fr\/wp-json\/wp\/v2\/product\/69702\/revisions"}],"wp:featuredmedia":[{"embeddable":true,"href":"https:\/\/www.intarcon.com\/fr\/wp-json\/wp\/v2\/media\/89341"}],"wp:attachment":[{"href":"https:\/\/www.intarcon.com\/fr\/wp-json\/wp\/v2\/media?parent=69702"}],"wp:term":[{"taxonomy":"product_brand","embeddable":true,"href":"https:\/\/www.intarcon.com\/fr\/wp-json\/wp\/v2\/product_brand?post=69702"},{"taxonomy":"product_cat","embeddable":true,"href":"https:\/\/www.intarcon.com\/fr\/wp-json\/wp\/v2\/product_cat?post=69702"},{"taxonomy":"product_tag","embeddable":true,"href":"https:\/\/www.intarcon.com\/fr\/wp-json\/wp\/v2\/product_tag?post=69702"}],"curies":[{"name":"wp","href":"https:\/\/api.w.org\/{rel}","templated":true}]}}