{"id":49709,"date":"2022-02-07T13:33:12","date_gmt":"2022-02-07T12:33:12","guid":{"rendered":"https:\/\/www.intarcon.com\/product\/evaporador-cubico-industrial-nh3\/"},"modified":"2022-11-28T12:14:31","modified_gmt":"2022-11-28T10:14:31","slug":"evaporateur-cubique-industriel-nh3","status":"publish","type":"product","link":"https:\/\/www.intarcon.com\/fr\/produit\/evaporateur-cubique-industriel-nh3\/","title":{"rendered":"Cubique industriel NH3"},"content":{"rendered":"<p>\u00c9vaporateurs industriels pour grandes chambres froides avec d\u00e9tende directe au ammoniac, construites carrosserie en t\u00f4le d&#8217;acier galvanis\u00e9e avec rev\u00eatement en polyester.<\/p>\n<ul>\n<li>Faible charge d&#8217;ammoniac.<\/li>\n<li>Batteries de grande surface.<\/li>\n<li>Installation facile.<\/li>\n<\/ul>\n<p><strong>Expansion s\u00e8che d&#8217;ammoniac<\/strong><br \/>\n\u00c9vaporateurs con\u00e7us pour travailler avec d&#8217;ammoniac \u00e0 d\u00e9tende directe, avec capillaires de distribution de r\u00e9frig\u00e9rant et collecteur d&#8217;aspiration. La g\u00e9om\u00e9trie sp\u00e9ciale de tubes d&#8217;\u00e9vaporateurs industriels r\u00e9duit la formation de gel et permet d&#8217;espacer les cycles de d\u00e9givrage. La conception du circuit \u00e0 contre-courant facilite le r\u00e9chauffage du gaz. Gr\u00e2ce \u00e0 l&#8217;huile miscible \u00e0 l&#8217;ammoniac, le retour de l&#8217;huile vers le compresseur se fait naturellement pendant le fonctionnement de l&#8217;unit\u00e9.<\/p>\n","protected":false},"excerpt":{"rendered":"<h2 style=\"color: #999999; font-size: 18px; margin-bottom: 0px;\">Unit\u00e9 d&#8217;\u00e9vaporation<\/h2>\n<p style=\"color: #999999; font-size: 18px; margin-bottom: 0px;\">Avec d\u00e9tente directe de l&#8217;ammoniac, pour les grandes chambres froides.<\/p>\n<style>.elementor-widget-button .elementor-button{background-color:var( --e-global-color-accent );}.elementor-29436 .elementor-element.elementor-element-2d8b95e .elementor-button{background-color:#0085BB;font-family:\"Roboto\", Montserrat;font-size:1.1em;font-weight:600;text-decoration:none;fill:#FFFFFF;color:#FFFFFF;border-style:solid;border-width:2px 2px 2px 2px;border-color:#0085BB;border-radius:33px 33px 33px 33px;padding:14px 20px 14px 20px;}.elementor-29436 .elementor-element.elementor-element-2d8b95e .elementor-button:hover, .elementor-29436 .elementor-element.elementor-element-2d8b95e .elementor-button:focus{background-color:#FFFFFF;color:#0085BB;border-color:#0085BB;}.elementor-29436 .elementor-element.elementor-element-2d8b95e > .elementor-widget-container{margin:2% 0% 1% 0%;}.elementor-29436 .elementor-element.elementor-element-2d8b95e .elementor-button:hover svg, .elementor-29436 .elementor-element.elementor-element-2d8b95e .elementor-button:focus svg{fill:#0085BB;}@media(max-width:767px){.elementor-29436 .elementor-element.elementor-element-2d8b95e > .elementor-widget-container{margin:-20px 0px 50px 0px;}}<\/style><div class=\"porto-block\" data-id=\"29436\">\t\t<div data-elementor-type=\"wp-post\" data-elementor-id=\"29436\" class=\"elementor elementor-29436 elementor-29420\" data-elementor-post-type=\"porto_builder\">\n\t\t\t\t\t\t<section class=\"elementor-section elementor-top-section elementor-element elementor-element-4601687 elementor-section-boxed elementor-section-height-default elementor-section-height-default\" data-id=\"4601687\" data-element_type=\"section\">\r\n\t\t\r\n\t\t\t\t\t\t\t<div class=\"elementor-container elementor-column-gap-default\">\r\n\t\t\t\t\t\t\t\t\t\t\t<div class=\"elementor-column elementor-col-100 elementor-top-column elementor-element elementor-element-7f3a8ac\" data-id=\"7f3a8ac\" data-element_type=\"column\">\r\n\t\t\t\t\t<div class=\"elementor-widget-wrap elementor-element-populated\">\r\n\t\t\t\t\t\t\t\t<div class=\"elementor-element elementor-element-2d8b95e elementor-align-left elementor-widget elementor-widget-button\" data-id=\"2d8b95e\" data-element_type=\"widget\" data-widget_type=\"button.default\">\n\t\t\t\t<div class=\"elementor-widget-container\">\n\t\t\t\t\t\t\t\t\t<div class=\"elementor-button-wrapper\">\n\t\t\t\t\t<a class=\"elementor-button elementor-button-link elementor-size-md\" href=\"https:\/\/www.intarcon.com\/fr\/conseils-techniques\/\">\n\t\t\t\t\t\t<span class=\"elementor-button-content-wrapper\">\n\t\t\t\t\t\t\t\t\t<span class=\"elementor-button-text\">Demande conseils techniques<\/span>\n\t\t\t\t\t<\/span>\n\t\t\t\t\t<\/a>\n\t\t\t\t<\/div>\n\t\t\t\t\t\t\t\t<\/div>\n\t\t\t\t<\/div>\n\t\t\t\t\t<\/div>\r\n\t\t\t\t<\/div>\r\n\t\t\t\t\t<\/div>\r\n\t\t\t\t<\/section>\r\n\t\t\t\t<\/div>\n\t\t<\/div>\n","protected":false},"featured_media":89216,"template":"","meta":[],"product_brand":[],"product_cat":[547],"product_tag":[],"class_list":{"0":"post-49709","1":"product","2":"type-product","3":"status-publish","4":"has-post-thumbnail","6":"product_cat-evaporateurs-nh3","8":"first","9":"instock","10":"shipping-taxable","11":"product-type-simple"},"yoast_head":"<!-- This site is optimized with the Yoast SEO plugin v25.5 - https:\/\/yoast.com\/wordpress\/plugins\/seo\/ -->\n<title>\u00c9vaporateur cubique industriel - NH3 \u00e0 d\u00e9tente directe - INTARCON<\/title>\n<meta name=\"description\" content=\"Evaporateur cubique industriel NH3 pour grandes chambres froides avec d\u00e9tente directe de l&#039;ammoniac.\" \/>\n<meta name=\"robots\" content=\"index, follow, max-snippet:-1, max-image-preview:large, max-video-preview:-1\" \/>\n<link rel=\"canonical\" href=\"https:\/\/www.intarcon.com\/fr\/produit\/evaporateur-cubique-industriel-nh3\/\" \/>\n<meta property=\"og:locale\" content=\"fr_FR\" \/>\n<meta property=\"og:type\" content=\"article\" \/>\n<meta property=\"og:title\" content=\"\u00c9vaporateur cubique industriel - NH3 \u00e0 d\u00e9tente directe - INTARCON\" \/>\n<meta property=\"og:description\" content=\"Evaporateur cubique industriel NH3 pour grandes chambres froides avec d\u00e9tente directe de l&#039;ammoniac.\" \/>\n<meta property=\"og:url\" content=\"https:\/\/www.intarcon.com\/fr\/produit\/evaporateur-cubique-industriel-nh3\/\" \/>\n<meta property=\"og:site_name\" content=\"INTARCON\" \/>\n<meta property=\"article:publisher\" content=\"https:\/\/www.facebook.com\/intarcon\/\" \/>\n<meta property=\"article:modified_time\" content=\"2022-11-28T10:14:31+00:00\" \/>\n<meta property=\"og:image\" content=\"https:\/\/www.intarcon.com\/wp-content\/uploads\/2022\/02\/Enfriador-cubico-industrial-KJ.webp\" \/>\n\t<meta property=\"og:image:width\" content=\"600\" \/>\n\t<meta property=\"og:image:height\" content=\"600\" \/>\n\t<meta property=\"og:image:type\" content=\"image\/webp\" \/>\n<meta name=\"twitter:card\" content=\"summary_large_image\" \/>\n<meta name=\"twitter:site\" content=\"@Intarcon\" \/>\n<meta name=\"twitter:label1\" content=\"Est. reading time\" \/>\n\t<meta name=\"twitter:data1\" content=\"1 minute\" \/>\n<script type=\"application\/ld+json\" class=\"yoast-schema-graph\">{\"@context\":\"https:\/\/schema.org\",\"@graph\":[{\"@type\":\"WebPage\",\"@id\":\"https:\/\/www.intarcon.com\/fr\/produit\/evaporateur-cubique-industriel-nh3\/\",\"url\":\"https:\/\/www.intarcon.com\/fr\/produit\/evaporateur-cubique-industriel-nh3\/\",\"name\":\"\u00c9vaporateur cubique industriel - NH3 \u00e0 d\u00e9tente directe - INTARCON\",\"isPartOf\":{\"@id\":\"https:\/\/www.intarcon.com\/fr\/#website\"},\"primaryImageOfPage\":{\"@id\":\"https:\/\/www.intarcon.com\/fr\/produit\/evaporateur-cubique-industriel-nh3\/#primaryimage\"},\"image\":{\"@id\":\"https:\/\/www.intarcon.com\/fr\/produit\/evaporateur-cubique-industriel-nh3\/#primaryimage\"},\"thumbnailUrl\":\"https:\/\/www.intarcon.com\/wp-content\/uploads\/2022\/02\/Evaporador-expansion-directa-nh3-ammolite.webp\",\"datePublished\":\"2022-02-07T12:33:12+00:00\",\"dateModified\":\"2022-11-28T10:14:31+00:00\",\"description\":\"Evaporateur cubique industriel NH3 pour grandes chambres froides avec d\u00e9tente directe de l'ammoniac.\",\"breadcrumb\":{\"@id\":\"https:\/\/www.intarcon.com\/fr\/produit\/evaporateur-cubique-industriel-nh3\/#breadcrumb\"},\"inLanguage\":\"fr\",\"potentialAction\":[{\"@type\":\"ReadAction\",\"target\":[\"https:\/\/www.intarcon.com\/fr\/produit\/evaporateur-cubique-industriel-nh3\/\"]}]},{\"@type\":\"ImageObject\",\"inLanguage\":\"fr\",\"@id\":\"https:\/\/www.intarcon.com\/fr\/produit\/evaporateur-cubique-industriel-nh3\/#primaryimage\",\"url\":\"https:\/\/www.intarcon.com\/wp-content\/uploads\/2022\/02\/Evaporador-expansion-directa-nh3-ammolite.webp\",\"contentUrl\":\"https:\/\/www.intarcon.com\/wp-content\/uploads\/2022\/02\/Evaporador-expansion-directa-nh3-ammolite.webp\",\"width\":600,\"height\":600,\"caption\":\"Evaporador c\u00fabico industrial de expansion directa de NH3 o amon\u00edaco - INTARCON\"},{\"@type\":\"BreadcrumbList\",\"@id\":\"https:\/\/www.intarcon.com\/fr\/produit\/evaporateur-cubique-industriel-nh3\/#breadcrumb\",\"itemListElement\":[{\"@type\":\"ListItem\",\"position\":1,\"name\":\"Portada\",\"item\":\"https:\/\/www.intarcon.com\/fr\/\"},{\"@type\":\"ListItem\",\"position\":2,\"name\":\"Producto\",\"item\":\"https:\/\/www.intarcon.com\/producto\/\"},{\"@type\":\"ListItem\",\"position\":3,\"name\":\"NH3\",\"item\":\"https:\/\/www.intarcon.com\/fr\/technologie\/nh3\/\"},{\"@type\":\"ListItem\",\"position\":4,\"name\":\"\u00c9vaporateurs NH3\",\"item\":\"https:\/\/www.intarcon.com\/fr\/technologie\/nh3\/evaporateurs-nh3\/\"},{\"@type\":\"ListItem\",\"position\":5,\"name\":\"Cubique industriel NH3\"}]},{\"@type\":\"WebSite\",\"@id\":\"https:\/\/www.intarcon.com\/fr\/#website\",\"url\":\"https:\/\/www.intarcon.com\/fr\/\",\"name\":\"INTARCON\",\"description\":\"\",\"potentialAction\":[{\"@type\":\"SearchAction\",\"target\":{\"@type\":\"EntryPoint\",\"urlTemplate\":\"https:\/\/www.intarcon.com\/fr\/?s={search_term_string}\"},\"query-input\":{\"@type\":\"PropertyValueSpecification\",\"valueRequired\":true,\"valueName\":\"search_term_string\"}}],\"inLanguage\":\"fr\"}]}<\/script>\n<!-- \/ Yoast SEO plugin. -->","yoast_head_json":{"title":"\u00c9vaporateur cubique industriel - NH3 \u00e0 d\u00e9tente directe - INTARCON","description":"Evaporateur cubique industriel NH3 pour grandes chambres froides avec d\u00e9tente directe de l'ammoniac.","robots":{"index":"index","follow":"follow","max-snippet":"max-snippet:-1","max-image-preview":"max-image-preview:large","max-video-preview":"max-video-preview:-1"},"canonical":"https:\/\/www.intarcon.com\/fr\/produit\/evaporateur-cubique-industriel-nh3\/","og_locale":"fr_FR","og_type":"article","og_title":"\u00c9vaporateur cubique industriel - NH3 \u00e0 d\u00e9tente directe - INTARCON","og_description":"Evaporateur cubique industriel NH3 pour grandes chambres froides avec d\u00e9tente directe de l'ammoniac.","og_url":"https:\/\/www.intarcon.com\/fr\/produit\/evaporateur-cubique-industriel-nh3\/","og_site_name":"INTARCON","article_publisher":"https:\/\/www.facebook.com\/intarcon\/","article_modified_time":"2022-11-28T10:14:31+00:00","og_image":[{"width":600,"height":600,"url":"https:\/\/www.intarcon.com\/wp-content\/uploads\/2022\/02\/Enfriador-cubico-industrial-KJ.webp","type":"image\/webp"}],"twitter_card":"summary_large_image","twitter_site":"@Intarcon","twitter_misc":{"Est. reading time":"1 minute"},"schema":{"@context":"https:\/\/schema.org","@graph":[{"@type":"WebPage","@id":"https:\/\/www.intarcon.com\/fr\/produit\/evaporateur-cubique-industriel-nh3\/","url":"https:\/\/www.intarcon.com\/fr\/produit\/evaporateur-cubique-industriel-nh3\/","name":"\u00c9vaporateur cubique industriel - NH3 \u00e0 d\u00e9tente directe - INTARCON","isPartOf":{"@id":"https:\/\/www.intarcon.com\/fr\/#website"},"primaryImageOfPage":{"@id":"https:\/\/www.intarcon.com\/fr\/produit\/evaporateur-cubique-industriel-nh3\/#primaryimage"},"image":{"@id":"https:\/\/www.intarcon.com\/fr\/produit\/evaporateur-cubique-industriel-nh3\/#primaryimage"},"thumbnailUrl":"https:\/\/www.intarcon.com\/wp-content\/uploads\/2022\/02\/Evaporador-expansion-directa-nh3-ammolite.webp","datePublished":"2022-02-07T12:33:12+00:00","dateModified":"2022-11-28T10:14:31+00:00","description":"Evaporateur cubique industriel NH3 pour grandes chambres froides avec d\u00e9tente directe de l'ammoniac.","breadcrumb":{"@id":"https:\/\/www.intarcon.com\/fr\/produit\/evaporateur-cubique-industriel-nh3\/#breadcrumb"},"inLanguage":"fr","potentialAction":[{"@type":"ReadAction","target":["https:\/\/www.intarcon.com\/fr\/produit\/evaporateur-cubique-industriel-nh3\/"]}]},{"@type":"ImageObject","inLanguage":"fr","@id":"https:\/\/www.intarcon.com\/fr\/produit\/evaporateur-cubique-industriel-nh3\/#primaryimage","url":"https:\/\/www.intarcon.com\/wp-content\/uploads\/2022\/02\/Evaporador-expansion-directa-nh3-ammolite.webp","contentUrl":"https:\/\/www.intarcon.com\/wp-content\/uploads\/2022\/02\/Evaporador-expansion-directa-nh3-ammolite.webp","width":600,"height":600,"caption":"Evaporador c\u00fabico industrial de expansion directa de NH3 o amon\u00edaco - INTARCON"},{"@type":"BreadcrumbList","@id":"https:\/\/www.intarcon.com\/fr\/produit\/evaporateur-cubique-industriel-nh3\/#breadcrumb","itemListElement":[{"@type":"ListItem","position":1,"name":"Portada","item":"https:\/\/www.intarcon.com\/fr\/"},{"@type":"ListItem","position":2,"name":"Producto","item":"https:\/\/www.intarcon.com\/producto\/"},{"@type":"ListItem","position":3,"name":"NH3","item":"https:\/\/www.intarcon.com\/fr\/technologie\/nh3\/"},{"@type":"ListItem","position":4,"name":"\u00c9vaporateurs NH3","item":"https:\/\/www.intarcon.com\/fr\/technologie\/nh3\/evaporateurs-nh3\/"},{"@type":"ListItem","position":5,"name":"Cubique industriel NH3"}]},{"@type":"WebSite","@id":"https:\/\/www.intarcon.com\/fr\/#website","url":"https:\/\/www.intarcon.com\/fr\/","name":"INTARCON","description":"","potentialAction":[{"@type":"SearchAction","target":{"@type":"EntryPoint","urlTemplate":"https:\/\/www.intarcon.com\/fr\/?s={search_term_string}"},"query-input":{"@type":"PropertyValueSpecification","valueRequired":true,"valueName":"search_term_string"}}],"inLanguage":"fr"}]}},"_links":{"self":[{"href":"https:\/\/www.intarcon.com\/fr\/wp-json\/wp\/v2\/product\/49709","targetHints":{"allow":["GET"]}}],"collection":[{"href":"https:\/\/www.intarcon.com\/fr\/wp-json\/wp\/v2\/product"}],"about":[{"href":"https:\/\/www.intarcon.com\/fr\/wp-json\/wp\/v2\/types\/product"}],"version-history":[{"count":0,"href":"https:\/\/www.intarcon.com\/fr\/wp-json\/wp\/v2\/product\/49709\/revisions"}],"wp:featuredmedia":[{"embeddable":true,"href":"https:\/\/www.intarcon.com\/fr\/wp-json\/wp\/v2\/media\/89216"}],"wp:attachment":[{"href":"https:\/\/www.intarcon.com\/fr\/wp-json\/wp\/v2\/media?parent=49709"}],"wp:term":[{"taxonomy":"product_brand","embeddable":true,"href":"https:\/\/www.intarcon.com\/fr\/wp-json\/wp\/v2\/product_brand?post=49709"},{"taxonomy":"product_cat","embeddable":true,"href":"https:\/\/www.intarcon.com\/fr\/wp-json\/wp\/v2\/product_cat?post=49709"},{"taxonomy":"product_tag","embeddable":true,"href":"https:\/\/www.intarcon.com\/fr\/wp-json\/wp\/v2\/product_tag?post=49709"}],"curies":[{"name":"wp","href":"https:\/\/api.w.org\/{rel}","templated":true}]}}