{"id":49644,"date":"2022-02-04T14:47:32","date_gmt":"2022-02-04T13:47:32","guid":{"rendered":"https:\/\/www.intarcon.com\/?post_type=product&#038;p=49644"},"modified":"2023-08-03T14:38:36","modified_gmt":"2023-08-03T12:38:36","slug":"centrale-frigorifique-nh3","status":"publish","type":"product","link":"https:\/\/www.intarcon.com\/fr\/produit\/centrale-frigorifique-nh3\/","title":{"rendered":"Centrale frigorifique NH3 &#8211; ammolite"},"content":{"rendered":"<p>Centrales frigorifiques de d\u00e9tende directe au NH3 avec la technologie \u00e0 faible charge d\u00e9velopp\u00e9e par INTARCON pour les applications industrielles \u00e0 basse temp\u00e9rature. Construction compacte, \u00e0 condensation par air. Construction compacte, construites en carrosserie et ch\u00e2ssis d\u2019acier galvanis\u00e9 avec peinture polyester, pour installation ext\u00e9rieure. Ces \u00e9quipements se distinguent par :<\/p>\n<ul>\n<li>\u00a0Plug &amp; Play.<\/li>\n<li>Faible charge d&#8217;ammoniac.<\/li>\n<li>Pas de salle des machines.<\/li>\n<li>Pas de consommation d&#8217;eau.<\/li>\n<\/ul>\n<p>&nbsp;<\/p>\n","protected":false},"excerpt":{"rendered":"<h2 style=\"color: #999999; font-size: 18px; margin-bottom: 0px;\">D\u00e9tende directe<\/h2>\n<p>Refroidisseurs NH<sub>3<\/sub>.<br \/>\n<style>.elementor-widget-button .elementor-button{background-color:var( --e-global-color-accent );}.elementor-29436 .elementor-element.elementor-element-2d8b95e .elementor-button{background-color:#0085BB;font-family:\"Roboto\", Montserrat;font-size:1.1em;font-weight:600;text-decoration:none;fill:#FFFFFF;color:#FFFFFF;border-style:solid;border-width:2px 2px 2px 2px;border-color:#0085BB;border-radius:33px 33px 33px 33px;padding:14px 20px 14px 20px;}.elementor-29436 .elementor-element.elementor-element-2d8b95e .elementor-button:hover, .elementor-29436 .elementor-element.elementor-element-2d8b95e .elementor-button:focus{background-color:#FFFFFF;color:#0085BB;border-color:#0085BB;}.elementor-29436 .elementor-element.elementor-element-2d8b95e > .elementor-widget-container{margin:2% 0% 1% 0%;}.elementor-29436 .elementor-element.elementor-element-2d8b95e .elementor-button:hover svg, .elementor-29436 .elementor-element.elementor-element-2d8b95e .elementor-button:focus svg{fill:#0085BB;}@media(max-width:767px){.elementor-29436 .elementor-element.elementor-element-2d8b95e > .elementor-widget-container{margin:-20px 0px 50px 0px;}}<\/style><div class=\"porto-block\" data-id=\"29436\">\t\t<div data-elementor-type=\"wp-post\" data-elementor-id=\"29436\" class=\"elementor elementor-29436 elementor-29420\" data-elementor-post-type=\"porto_builder\">\n\t\t\t\t\t\t<section class=\"elementor-section elementor-top-section elementor-element elementor-element-4601687 elementor-section-boxed elementor-section-height-default elementor-section-height-default\" data-id=\"4601687\" data-element_type=\"section\">\r\n\t\t\r\n\t\t\t\t\t\t\t<div class=\"elementor-container elementor-column-gap-default\">\r\n\t\t\t\t\t\t\t\t\t\t\t<div class=\"elementor-column elementor-col-100 elementor-top-column elementor-element elementor-element-7f3a8ac\" data-id=\"7f3a8ac\" data-element_type=\"column\">\r\n\t\t\t\t\t<div class=\"elementor-widget-wrap elementor-element-populated\">\r\n\t\t\t\t\t\t\t\t<div class=\"elementor-element elementor-element-2d8b95e elementor-align-left elementor-widget elementor-widget-button\" data-id=\"2d8b95e\" data-element_type=\"widget\" data-widget_type=\"button.default\">\n\t\t\t\t<div class=\"elementor-widget-container\">\n\t\t\t\t\t\t\t\t\t<div class=\"elementor-button-wrapper\">\n\t\t\t\t\t<a class=\"elementor-button elementor-button-link elementor-size-md\" href=\"https:\/\/www.intarcon.com\/fr\/conseils-techniques\/\">\n\t\t\t\t\t\t<span class=\"elementor-button-content-wrapper\">\n\t\t\t\t\t\t\t\t\t<span class=\"elementor-button-text\">Demande conseils techniques<\/span>\n\t\t\t\t\t<\/span>\n\t\t\t\t\t<\/a>\n\t\t\t\t<\/div>\n\t\t\t\t\t\t\t\t<\/div>\n\t\t\t\t<\/div>\n\t\t\t\t\t<\/div>\r\n\t\t\t\t<\/div>\r\n\t\t\t\t\t<\/div>\r\n\t\t\t\t<\/section>\r\n\t\t\t\t<\/div>\n\t\t<\/div><\/p>\n<p><img decoding=\"async\" class=\"alignnone wp-image-52097\" src=\"https:\/\/www.intarcon.com\/wp-content\/uploads\/2022\/03\/Modele-d_utilite-Ammolite-2.webp\" alt=\"Modele de utilite ammolite\" width=\"150\" height=\"146\" \/><\/p>\n","protected":false},"featured_media":89210,"template":"","meta":[],"product_brand":[],"product_cat":[544,564],"product_tag":[],"class_list":{"0":"post-49644","1":"product","2":"type-product","3":"status-publish","4":"has-post-thumbnail","6":"product_cat-nh3","7":"product_cat-centrale-frigorifique-nh3","9":"first","10":"instock","11":"shipping-taxable","12":"product-type-simple"},"yoast_head":"<!-- This site is optimized with the Yoast SEO plugin v25.5 - https:\/\/yoast.com\/wordpress\/plugins\/seo\/ -->\n<title>Centrale frigorifique NH3 - ammolite - INTARCON<\/title>\n<meta name=\"description\" content=\"Centrale frigorifique de D\u00e9tende directe au NH3 avec la technologie \u00e0 faible charge d\u00e9velopp\u00e9epar INTARCON pour les applications industrielles \u00e0 basse temp\u00e9rature.\" \/>\n<meta name=\"robots\" content=\"index, follow, max-snippet:-1, max-image-preview:large, max-video-preview:-1\" \/>\n<link rel=\"canonical\" href=\"https:\/\/www.intarcon.com\/fr\/produit\/centrale-frigorifique-nh3\/\" \/>\n<meta property=\"og:locale\" content=\"fr_FR\" \/>\n<meta property=\"og:type\" content=\"article\" \/>\n<meta property=\"og:title\" content=\"Centrale frigorifique NH3 - ammolite - INTARCON\" \/>\n<meta property=\"og:description\" content=\"Centrale frigorifique de D\u00e9tende directe au NH3 avec la technologie \u00e0 faible charge d\u00e9velopp\u00e9epar INTARCON pour les applications industrielles \u00e0 basse temp\u00e9rature.\" \/>\n<meta property=\"og:url\" content=\"https:\/\/www.intarcon.com\/fr\/produit\/centrale-frigorifique-nh3\/\" \/>\n<meta property=\"og:site_name\" content=\"INTARCON\" \/>\n<meta property=\"article:publisher\" content=\"https:\/\/www.facebook.com\/intarcon\/\" \/>\n<meta property=\"article:modified_time\" content=\"2023-08-03T12:38:36+00:00\" \/>\n<meta property=\"og:image\" content=\"https:\/\/www.intarcon.com\/wp-content\/uploads\/2022\/03\/central-ammolite-1.webp\" \/>\n\t<meta property=\"og:image:width\" content=\"600\" \/>\n\t<meta property=\"og:image:height\" content=\"600\" \/>\n\t<meta property=\"og:image:type\" content=\"image\/webp\" \/>\n<meta name=\"twitter:card\" content=\"summary_large_image\" \/>\n<meta name=\"twitter:site\" content=\"@Intarcon\" \/>\n<meta name=\"twitter:label1\" content=\"Est. reading time\" \/>\n\t<meta name=\"twitter:data1\" content=\"1 minute\" \/>\n<script type=\"application\/ld+json\" class=\"yoast-schema-graph\">{\"@context\":\"https:\/\/schema.org\",\"@graph\":[{\"@type\":\"WebPage\",\"@id\":\"https:\/\/www.intarcon.com\/fr\/produit\/centrale-frigorifique-nh3\/\",\"url\":\"https:\/\/www.intarcon.com\/fr\/produit\/centrale-frigorifique-nh3\/\",\"name\":\"Centrale frigorifique NH3 - ammolite - INTARCON\",\"isPartOf\":{\"@id\":\"https:\/\/www.intarcon.com\/fr\/#website\"},\"primaryImageOfPage\":{\"@id\":\"https:\/\/www.intarcon.com\/fr\/produit\/centrale-frigorifique-nh3\/#primaryimage\"},\"image\":{\"@id\":\"https:\/\/www.intarcon.com\/fr\/produit\/centrale-frigorifique-nh3\/#primaryimage\"},\"thumbnailUrl\":\"https:\/\/www.intarcon.com\/wp-content\/uploads\/2022\/02\/central-refrigeracion-nh3-ammolite.webp\",\"datePublished\":\"2022-02-04T13:47:32+00:00\",\"dateModified\":\"2023-08-03T12:38:36+00:00\",\"description\":\"Centrale frigorifique de D\u00e9tende directe au NH3 avec la technologie \u00e0 faible charge d\u00e9velopp\u00e9epar INTARCON pour les applications industrielles \u00e0 basse temp\u00e9rature.\",\"breadcrumb\":{\"@id\":\"https:\/\/www.intarcon.com\/fr\/produit\/centrale-frigorifique-nh3\/#breadcrumb\"},\"inLanguage\":\"fr\",\"potentialAction\":[{\"@type\":\"ReadAction\",\"target\":[\"https:\/\/www.intarcon.com\/fr\/produit\/centrale-frigorifique-nh3\/\"]}]},{\"@type\":\"ImageObject\",\"inLanguage\":\"fr\",\"@id\":\"https:\/\/www.intarcon.com\/fr\/produit\/centrale-frigorifique-nh3\/#primaryimage\",\"url\":\"https:\/\/www.intarcon.com\/wp-content\/uploads\/2022\/02\/central-refrigeracion-nh3-ammolite.webp\",\"contentUrl\":\"https:\/\/www.intarcon.com\/wp-content\/uploads\/2022\/02\/central-refrigeracion-nh3-ammolite.webp\",\"width\":600,\"height\":600,\"caption\":\"Central de refrigeraci\u00f3n NH3 para refrigeraci\u00f3n con amon\u00edaco - INTARCON\"},{\"@type\":\"BreadcrumbList\",\"@id\":\"https:\/\/www.intarcon.com\/fr\/produit\/centrale-frigorifique-nh3\/#breadcrumb\",\"itemListElement\":[{\"@type\":\"ListItem\",\"position\":1,\"name\":\"Portada\",\"item\":\"https:\/\/www.intarcon.com\/fr\/\"},{\"@type\":\"ListItem\",\"position\":2,\"name\":\"Producto\",\"item\":\"https:\/\/www.intarcon.com\/producto\/\"},{\"@type\":\"ListItem\",\"position\":3,\"name\":\"NH3\",\"item\":\"https:\/\/www.intarcon.com\/fr\/technologie\/nh3\/\"},{\"@type\":\"ListItem\",\"position\":4,\"name\":\"Centrale frigorifique NH3\",\"item\":\"https:\/\/www.intarcon.com\/fr\/technologie\/nh3\/centrale-frigorifique-nh3\/\"},{\"@type\":\"ListItem\",\"position\":5,\"name\":\"Centrale frigorifique NH3 &#8211; ammolite\"}]},{\"@type\":\"WebSite\",\"@id\":\"https:\/\/www.intarcon.com\/fr\/#website\",\"url\":\"https:\/\/www.intarcon.com\/fr\/\",\"name\":\"INTARCON\",\"description\":\"\",\"potentialAction\":[{\"@type\":\"SearchAction\",\"target\":{\"@type\":\"EntryPoint\",\"urlTemplate\":\"https:\/\/www.intarcon.com\/fr\/?s={search_term_string}\"},\"query-input\":{\"@type\":\"PropertyValueSpecification\",\"valueRequired\":true,\"valueName\":\"search_term_string\"}}],\"inLanguage\":\"fr\"}]}<\/script>\n<!-- \/ Yoast SEO plugin. -->","yoast_head_json":{"title":"Centrale frigorifique NH3 - ammolite - INTARCON","description":"Centrale frigorifique de D\u00e9tende directe au NH3 avec la technologie \u00e0 faible charge d\u00e9velopp\u00e9epar INTARCON pour les applications industrielles \u00e0 basse temp\u00e9rature.","robots":{"index":"index","follow":"follow","max-snippet":"max-snippet:-1","max-image-preview":"max-image-preview:large","max-video-preview":"max-video-preview:-1"},"canonical":"https:\/\/www.intarcon.com\/fr\/produit\/centrale-frigorifique-nh3\/","og_locale":"fr_FR","og_type":"article","og_title":"Centrale frigorifique NH3 - ammolite - INTARCON","og_description":"Centrale frigorifique de D\u00e9tende directe au NH3 avec la technologie \u00e0 faible charge d\u00e9velopp\u00e9epar INTARCON pour les applications industrielles \u00e0 basse temp\u00e9rature.","og_url":"https:\/\/www.intarcon.com\/fr\/produit\/centrale-frigorifique-nh3\/","og_site_name":"INTARCON","article_publisher":"https:\/\/www.facebook.com\/intarcon\/","article_modified_time":"2023-08-03T12:38:36+00:00","og_image":[{"width":600,"height":600,"url":"https:\/\/www.intarcon.com\/wp-content\/uploads\/2022\/03\/central-ammolite-1.webp","type":"image\/webp"}],"twitter_card":"summary_large_image","twitter_site":"@Intarcon","twitter_misc":{"Est. reading time":"1 minute"},"schema":{"@context":"https:\/\/schema.org","@graph":[{"@type":"WebPage","@id":"https:\/\/www.intarcon.com\/fr\/produit\/centrale-frigorifique-nh3\/","url":"https:\/\/www.intarcon.com\/fr\/produit\/centrale-frigorifique-nh3\/","name":"Centrale frigorifique NH3 - ammolite - INTARCON","isPartOf":{"@id":"https:\/\/www.intarcon.com\/fr\/#website"},"primaryImageOfPage":{"@id":"https:\/\/www.intarcon.com\/fr\/produit\/centrale-frigorifique-nh3\/#primaryimage"},"image":{"@id":"https:\/\/www.intarcon.com\/fr\/produit\/centrale-frigorifique-nh3\/#primaryimage"},"thumbnailUrl":"https:\/\/www.intarcon.com\/wp-content\/uploads\/2022\/02\/central-refrigeracion-nh3-ammolite.webp","datePublished":"2022-02-04T13:47:32+00:00","dateModified":"2023-08-03T12:38:36+00:00","description":"Centrale frigorifique de D\u00e9tende directe au NH3 avec la technologie \u00e0 faible charge d\u00e9velopp\u00e9epar INTARCON pour les applications industrielles \u00e0 basse temp\u00e9rature.","breadcrumb":{"@id":"https:\/\/www.intarcon.com\/fr\/produit\/centrale-frigorifique-nh3\/#breadcrumb"},"inLanguage":"fr","potentialAction":[{"@type":"ReadAction","target":["https:\/\/www.intarcon.com\/fr\/produit\/centrale-frigorifique-nh3\/"]}]},{"@type":"ImageObject","inLanguage":"fr","@id":"https:\/\/www.intarcon.com\/fr\/produit\/centrale-frigorifique-nh3\/#primaryimage","url":"https:\/\/www.intarcon.com\/wp-content\/uploads\/2022\/02\/central-refrigeracion-nh3-ammolite.webp","contentUrl":"https:\/\/www.intarcon.com\/wp-content\/uploads\/2022\/02\/central-refrigeracion-nh3-ammolite.webp","width":600,"height":600,"caption":"Central de refrigeraci\u00f3n NH3 para refrigeraci\u00f3n con amon\u00edaco - INTARCON"},{"@type":"BreadcrumbList","@id":"https:\/\/www.intarcon.com\/fr\/produit\/centrale-frigorifique-nh3\/#breadcrumb","itemListElement":[{"@type":"ListItem","position":1,"name":"Portada","item":"https:\/\/www.intarcon.com\/fr\/"},{"@type":"ListItem","position":2,"name":"Producto","item":"https:\/\/www.intarcon.com\/producto\/"},{"@type":"ListItem","position":3,"name":"NH3","item":"https:\/\/www.intarcon.com\/fr\/technologie\/nh3\/"},{"@type":"ListItem","position":4,"name":"Centrale frigorifique NH3","item":"https:\/\/www.intarcon.com\/fr\/technologie\/nh3\/centrale-frigorifique-nh3\/"},{"@type":"ListItem","position":5,"name":"Centrale frigorifique NH3 &#8211; ammolite"}]},{"@type":"WebSite","@id":"https:\/\/www.intarcon.com\/fr\/#website","url":"https:\/\/www.intarcon.com\/fr\/","name":"INTARCON","description":"","potentialAction":[{"@type":"SearchAction","target":{"@type":"EntryPoint","urlTemplate":"https:\/\/www.intarcon.com\/fr\/?s={search_term_string}"},"query-input":{"@type":"PropertyValueSpecification","valueRequired":true,"valueName":"search_term_string"}}],"inLanguage":"fr"}]}},"_links":{"self":[{"href":"https:\/\/www.intarcon.com\/fr\/wp-json\/wp\/v2\/product\/49644","targetHints":{"allow":["GET"]}}],"collection":[{"href":"https:\/\/www.intarcon.com\/fr\/wp-json\/wp\/v2\/product"}],"about":[{"href":"https:\/\/www.intarcon.com\/fr\/wp-json\/wp\/v2\/types\/product"}],"version-history":[{"count":0,"href":"https:\/\/www.intarcon.com\/fr\/wp-json\/wp\/v2\/product\/49644\/revisions"}],"wp:featuredmedia":[{"embeddable":true,"href":"https:\/\/www.intarcon.com\/fr\/wp-json\/wp\/v2\/media\/89210"}],"wp:attachment":[{"href":"https:\/\/www.intarcon.com\/fr\/wp-json\/wp\/v2\/media?parent=49644"}],"wp:term":[{"taxonomy":"product_brand","embeddable":true,"href":"https:\/\/www.intarcon.com\/fr\/wp-json\/wp\/v2\/product_brand?post=49644"},{"taxonomy":"product_cat","embeddable":true,"href":"https:\/\/www.intarcon.com\/fr\/wp-json\/wp\/v2\/product_cat?post=49644"},{"taxonomy":"product_tag","embeddable":true,"href":"https:\/\/www.intarcon.com\/fr\/wp-json\/wp\/v2\/product_tag?post=49644"}],"curies":[{"name":"wp","href":"https:\/\/api.w.org\/{rel}","templated":true}]}}