{"id":49110,"date":"2021-11-05T12:21:55","date_gmt":"2021-11-05T11:21:55","guid":{"rendered":"https:\/\/www.intarcon.com\/product\/intarcube-inverter\/"},"modified":"2023-02-17T08:49:46","modified_gmt":"2023-02-17T06:49:46","slug":"intarcube-inverter","status":"publish","type":"product","link":"https:\/\/www.intarcon.com\/fr\/produit\/intarcube-inverter\/","title":{"rendered":"intarCUBE INVERTER"},"content":{"rendered":"<p>La gamme intarCUBE INVERTER \u00e0 \u00e9t\u00e9 con\u00e7ue pour les applications de r\u00e9frig\u00e9ration commerciale centralis\u00e9e de moyenne puissance (15 \u00e0 40 kW), avec plusieurs unit\u00e9s d&#8217;\u00e9vaporation, telles que les supermarch\u00e9s, les cuisines industrielles ou les petites industries.<br \/>\nLes nouvelles centrales intarCUBE INVERTER se positionnent comme un investissement efficace et s\u00fbr, \u00e0 faible co\u00fbt, et dans le cadre r\u00e9glementaire \u00e0 moyen terme sur les gaz fluor\u00e9s dans l&#8217;Union europ\u00e9enne.<\/p>\n<ul>\n<li>Fonctionnement silencieux et efficient.<\/li>\n<li>Faible co\u00fbt d&#8217;investissement et d&#8217;entretien.<\/li>\n<li>Installation rapide dans les installations nouvelles ou existantes.<\/li>\n<li>Conforme con F-Gaz 2022 et \u00e9co-conception.<\/li>\n<\/ul>\n<h3>Technologie INVERTER<\/h3>\n<p>Le contr\u00f4le Inverter du compresseur permet une modulation progressive de la capacit\u00e9, sans impulsions ni cycles de d\u00e9marrage, pour moduler la capacit\u00e9 de l&#8217;installation de 15 % \u00e0 100 %. L&#8217;entra\u00eenement Inverter d&#8217;un compresseur est combin\u00e9e avec la commande \u00e0 bande neutre des autres compresseurs pour adapter en permanence la capacit\u00e9 de refroidissement \u00e0 la demande.<\/p>\n<p><img fetchpriority=\"high\" decoding=\"async\" class=\"size-full wp-image-49112 aligncenter\" src=\"https:\/\/www.intarcon.com\/wp-content\/uploads\/2021\/11\/fr-2022-schema-des-composants-du-intarcube-inverter.jpg\" alt=\"Schema des composants du intarCUBE INVERTER\" width=\"707\" height=\"384\" srcset=\"https:\/\/www.intarcon.com\/wp-content\/uploads\/2021\/11\/fr-2022-schema-des-composants-du-intarcube-inverter.jpg 707w, https:\/\/www.intarcon.com\/wp-content\/uploads\/2021\/11\/fr-2022-schema-des-composants-du-intarcube-inverter-640x348.jpg 640w, https:\/\/www.intarcon.com\/wp-content\/uploads\/2021\/11\/fr-2022-schema-des-composants-du-intarcube-inverter-400x217.jpg 400w, https:\/\/www.intarcon.com\/wp-content\/uploads\/2021\/11\/fr-2022-schema-des-composants-du-intarcube-inverter-367x199.jpg 367w, https:\/\/www.intarcon.com\/wp-content\/uploads\/2021\/11\/fr-2022-schema-des-composants-du-intarcube-inverter-600x326.jpg 600w\" sizes=\"(max-width: 707px) 100vw, 707px\" \/><\/p>\n<p>&nbsp;<\/p>\n<p>&nbsp;<\/p>\n","protected":false},"excerpt":{"rendered":"<h2 style=\"color: #999999; font-size: 18px; margin-bottom: 0px;\">Centrale de r\u00e9frig\u00e9ration compacte<\/h2>\n<p>Centrale frigorifique ultra-compacte et insonoris\u00e9e avec contr\u00f4le progressif de la capacit\u00e9 pour la r\u00e9frig\u00e9ration commerciale.<br \/>\n<style>.elementor-widget-button .elementor-button{background-color:var( --e-global-color-accent );}.elementor-29436 .elementor-element.elementor-element-2d8b95e .elementor-button{background-color:#0085BB;font-family:\"Roboto\", Montserrat;font-size:1.1em;font-weight:600;text-decoration:none;fill:#FFFFFF;color:#FFFFFF;border-style:solid;border-width:2px 2px 2px 2px;border-color:#0085BB;border-radius:33px 33px 33px 33px;padding:14px 20px 14px 20px;}.elementor-29436 .elementor-element.elementor-element-2d8b95e .elementor-button:hover, .elementor-29436 .elementor-element.elementor-element-2d8b95e .elementor-button:focus{background-color:#FFFFFF;color:#0085BB;border-color:#0085BB;}.elementor-29436 .elementor-element.elementor-element-2d8b95e > .elementor-widget-container{margin:2% 0% 1% 0%;}.elementor-29436 .elementor-element.elementor-element-2d8b95e .elementor-button:hover svg, .elementor-29436 .elementor-element.elementor-element-2d8b95e .elementor-button:focus svg{fill:#0085BB;}@media(max-width:767px){.elementor-29436 .elementor-element.elementor-element-2d8b95e > .elementor-widget-container{margin:-20px 0px 50px 0px;}}<\/style><div class=\"porto-block\" data-id=\"29436\">\t\t<div data-elementor-type=\"wp-post\" data-elementor-id=\"29436\" class=\"elementor elementor-29436 elementor-29420\" data-elementor-post-type=\"porto_builder\">\n\t\t\t\t\t\t<section class=\"elementor-section elementor-top-section elementor-element elementor-element-4601687 elementor-section-boxed elementor-section-height-default elementor-section-height-default\" data-id=\"4601687\" data-element_type=\"section\">\r\n\t\t\r\n\t\t\t\t\t\t\t<div class=\"elementor-container elementor-column-gap-default\">\r\n\t\t\t\t\t\t\t\t\t\t\t<div class=\"elementor-column elementor-col-100 elementor-top-column elementor-element elementor-element-7f3a8ac\" data-id=\"7f3a8ac\" data-element_type=\"column\">\r\n\t\t\t\t\t<div class=\"elementor-widget-wrap elementor-element-populated\">\r\n\t\t\t\t\t\t\t\t<div class=\"elementor-element elementor-element-2d8b95e elementor-align-left elementor-widget elementor-widget-button\" data-id=\"2d8b95e\" data-element_type=\"widget\" data-widget_type=\"button.default\">\n\t\t\t\t<div class=\"elementor-widget-container\">\n\t\t\t\t\t\t\t\t\t<div class=\"elementor-button-wrapper\">\n\t\t\t\t\t<a class=\"elementor-button elementor-button-link elementor-size-md\" href=\"https:\/\/www.intarcon.com\/fr\/conseils-techniques\/\">\n\t\t\t\t\t\t<span class=\"elementor-button-content-wrapper\">\n\t\t\t\t\t\t\t\t\t<span class=\"elementor-button-text\">Demande conseils techniques<\/span>\n\t\t\t\t\t<\/span>\n\t\t\t\t\t<\/a>\n\t\t\t\t<\/div>\n\t\t\t\t\t\t\t\t<\/div>\n\t\t\t\t<\/div>\n\t\t\t\t\t<\/div>\r\n\t\t\t\t<\/div>\r\n\t\t\t\t\t<\/div>\r\n\t\t\t\t<\/section>\r\n\t\t\t\t<\/div>\n\t\t<\/div><\/p>\n","protected":false},"featured_media":89281,"template":"","meta":[],"product_brand":[],"product_cat":[397,405],"product_tag":[],"class_list":{"0":"post-49110","1":"product","2":"type-product","3":"status-publish","4":"has-post-thumbnail","6":"product_cat-hfc","7":"product_cat-centrales-de-refrigeration","9":"first","10":"instock","11":"shipping-taxable","12":"product-type-simple"},"yoast_head":"<!-- This site is optimized with the Yoast SEO plugin v25.5 - https:\/\/yoast.com\/wordpress\/plugins\/seo\/ -->\n<title>intarCUBE INVERTER - INTARCON<\/title>\n<meta name=\"description\" content=\"La gamme intarCUBE INVERTER a \u00e9t\u00e9 con\u00e7ue pour les applications de r\u00e9frig\u00e9ration commerciale centralis\u00e9e de moyenne puissance.\" \/>\n<meta name=\"robots\" content=\"index, follow, max-snippet:-1, max-image-preview:large, max-video-preview:-1\" \/>\n<link rel=\"canonical\" href=\"https:\/\/www.intarcon.com\/fr\/produit\/intarcube-inverter\/\" \/>\n<meta property=\"og:locale\" content=\"fr_FR\" \/>\n<meta property=\"og:type\" content=\"article\" \/>\n<meta property=\"og:title\" content=\"intarCUBE INVERTER - INTARCON\" \/>\n<meta property=\"og:description\" content=\"La gamme intarCUBE INVERTER a \u00e9t\u00e9 con\u00e7ue pour les applications de r\u00e9frig\u00e9ration commerciale centralis\u00e9e de moyenne puissance.\" \/>\n<meta property=\"og:url\" content=\"https:\/\/www.intarcon.com\/fr\/produit\/intarcube-inverter\/\" \/>\n<meta property=\"og:site_name\" content=\"INTARCON\" \/>\n<meta property=\"article:publisher\" content=\"https:\/\/www.facebook.com\/intarcon\/\" \/>\n<meta property=\"article:modified_time\" content=\"2023-02-17T06:49:46+00:00\" \/>\n<meta property=\"og:image\" content=\"https:\/\/www.intarcon.com\/wp-content\/uploads\/2022\/02\/central-refrigeracion-hfc-intarcube-inverter.webp\" \/>\n\t<meta property=\"og:image:width\" content=\"600\" \/>\n\t<meta property=\"og:image:height\" content=\"600\" \/>\n\t<meta property=\"og:image:type\" content=\"image\/webp\" \/>\n<meta name=\"twitter:card\" content=\"summary_large_image\" \/>\n<meta name=\"twitter:site\" content=\"@Intarcon\" \/>\n<meta name=\"twitter:label1\" content=\"Est. reading time\" \/>\n\t<meta name=\"twitter:data1\" content=\"1 minute\" \/>\n<script type=\"application\/ld+json\" class=\"yoast-schema-graph\">{\"@context\":\"https:\/\/schema.org\",\"@graph\":[{\"@type\":\"WebPage\",\"@id\":\"https:\/\/www.intarcon.com\/fr\/produit\/intarcube-inverter\/\",\"url\":\"https:\/\/www.intarcon.com\/fr\/produit\/intarcube-inverter\/\",\"name\":\"intarCUBE INVERTER - INTARCON\",\"isPartOf\":{\"@id\":\"https:\/\/www.intarcon.com\/fr\/#website\"},\"primaryImageOfPage\":{\"@id\":\"https:\/\/www.intarcon.com\/fr\/produit\/intarcube-inverter\/#primaryimage\"},\"image\":{\"@id\":\"https:\/\/www.intarcon.com\/fr\/produit\/intarcube-inverter\/#primaryimage\"},\"thumbnailUrl\":\"https:\/\/www.intarcon.com\/wp-content\/uploads\/2022\/02\/central-refrigeracion-hfc-intarcube-inverter.webp\",\"datePublished\":\"2021-11-05T11:21:55+00:00\",\"dateModified\":\"2023-02-17T06:49:46+00:00\",\"description\":\"La gamme intarCUBE INVERTER a \u00e9t\u00e9 con\u00e7ue pour les applications de r\u00e9frig\u00e9ration commerciale centralis\u00e9e de moyenne puissance.\",\"breadcrumb\":{\"@id\":\"https:\/\/www.intarcon.com\/fr\/produit\/intarcube-inverter\/#breadcrumb\"},\"inLanguage\":\"fr\",\"potentialAction\":[{\"@type\":\"ReadAction\",\"target\":[\"https:\/\/www.intarcon.com\/fr\/produit\/intarcube-inverter\/\"]}]},{\"@type\":\"ImageObject\",\"inLanguage\":\"fr\",\"@id\":\"https:\/\/www.intarcon.com\/fr\/produit\/intarcube-inverter\/#primaryimage\",\"url\":\"https:\/\/www.intarcon.com\/wp-content\/uploads\/2022\/02\/central-refrigeracion-hfc-intarcube-inverter.webp\",\"contentUrl\":\"https:\/\/www.intarcon.com\/wp-content\/uploads\/2022\/02\/central-refrigeracion-hfc-intarcube-inverter.webp\",\"width\":600,\"height\":600,\"caption\":\"Central de refrigeraci\u00f3n compacta con HFC intarCUBE INVERTER - INTARCON\"},{\"@type\":\"BreadcrumbList\",\"@id\":\"https:\/\/www.intarcon.com\/fr\/produit\/intarcube-inverter\/#breadcrumb\",\"itemListElement\":[{\"@type\":\"ListItem\",\"position\":1,\"name\":\"Portada\",\"item\":\"https:\/\/www.intarcon.com\/fr\/\"},{\"@type\":\"ListItem\",\"position\":2,\"name\":\"Producto\",\"item\":\"https:\/\/www.intarcon.com\/producto\/\"},{\"@type\":\"ListItem\",\"position\":3,\"name\":\"HFC\",\"item\":\"https:\/\/www.intarcon.com\/fr\/technologie\/hfc\/\"},{\"@type\":\"ListItem\",\"position\":4,\"name\":\"Centrales de r\u00e9frig\u00e9ration\",\"item\":\"https:\/\/www.intarcon.com\/fr\/technologie\/hfc\/centrales-de-refrigeration\/\"},{\"@type\":\"ListItem\",\"position\":5,\"name\":\"intarCUBE INVERTER\"}]},{\"@type\":\"WebSite\",\"@id\":\"https:\/\/www.intarcon.com\/fr\/#website\",\"url\":\"https:\/\/www.intarcon.com\/fr\/\",\"name\":\"INTARCON\",\"description\":\"\",\"potentialAction\":[{\"@type\":\"SearchAction\",\"target\":{\"@type\":\"EntryPoint\",\"urlTemplate\":\"https:\/\/www.intarcon.com\/fr\/?s={search_term_string}\"},\"query-input\":{\"@type\":\"PropertyValueSpecification\",\"valueRequired\":true,\"valueName\":\"search_term_string\"}}],\"inLanguage\":\"fr\"}]}<\/script>\n<!-- \/ Yoast SEO plugin. -->","yoast_head_json":{"title":"intarCUBE INVERTER - INTARCON","description":"La gamme intarCUBE INVERTER a \u00e9t\u00e9 con\u00e7ue pour les applications de r\u00e9frig\u00e9ration commerciale centralis\u00e9e de moyenne puissance.","robots":{"index":"index","follow":"follow","max-snippet":"max-snippet:-1","max-image-preview":"max-image-preview:large","max-video-preview":"max-video-preview:-1"},"canonical":"https:\/\/www.intarcon.com\/fr\/produit\/intarcube-inverter\/","og_locale":"fr_FR","og_type":"article","og_title":"intarCUBE INVERTER - INTARCON","og_description":"La gamme intarCUBE INVERTER a \u00e9t\u00e9 con\u00e7ue pour les applications de r\u00e9frig\u00e9ration commerciale centralis\u00e9e de moyenne puissance.","og_url":"https:\/\/www.intarcon.com\/fr\/produit\/intarcube-inverter\/","og_site_name":"INTARCON","article_publisher":"https:\/\/www.facebook.com\/intarcon\/","article_modified_time":"2023-02-17T06:49:46+00:00","og_image":[{"width":600,"height":600,"url":"https:\/\/www.intarcon.com\/wp-content\/uploads\/2022\/02\/central-refrigeracion-hfc-intarcube-inverter.webp","type":"image\/webp"}],"twitter_card":"summary_large_image","twitter_site":"@Intarcon","twitter_misc":{"Est. reading time":"1 minute"},"schema":{"@context":"https:\/\/schema.org","@graph":[{"@type":"WebPage","@id":"https:\/\/www.intarcon.com\/fr\/produit\/intarcube-inverter\/","url":"https:\/\/www.intarcon.com\/fr\/produit\/intarcube-inverter\/","name":"intarCUBE INVERTER - INTARCON","isPartOf":{"@id":"https:\/\/www.intarcon.com\/fr\/#website"},"primaryImageOfPage":{"@id":"https:\/\/www.intarcon.com\/fr\/produit\/intarcube-inverter\/#primaryimage"},"image":{"@id":"https:\/\/www.intarcon.com\/fr\/produit\/intarcube-inverter\/#primaryimage"},"thumbnailUrl":"https:\/\/www.intarcon.com\/wp-content\/uploads\/2022\/02\/central-refrigeracion-hfc-intarcube-inverter.webp","datePublished":"2021-11-05T11:21:55+00:00","dateModified":"2023-02-17T06:49:46+00:00","description":"La gamme intarCUBE INVERTER a \u00e9t\u00e9 con\u00e7ue pour les applications de r\u00e9frig\u00e9ration commerciale centralis\u00e9e de moyenne puissance.","breadcrumb":{"@id":"https:\/\/www.intarcon.com\/fr\/produit\/intarcube-inverter\/#breadcrumb"},"inLanguage":"fr","potentialAction":[{"@type":"ReadAction","target":["https:\/\/www.intarcon.com\/fr\/produit\/intarcube-inverter\/"]}]},{"@type":"ImageObject","inLanguage":"fr","@id":"https:\/\/www.intarcon.com\/fr\/produit\/intarcube-inverter\/#primaryimage","url":"https:\/\/www.intarcon.com\/wp-content\/uploads\/2022\/02\/central-refrigeracion-hfc-intarcube-inverter.webp","contentUrl":"https:\/\/www.intarcon.com\/wp-content\/uploads\/2022\/02\/central-refrigeracion-hfc-intarcube-inverter.webp","width":600,"height":600,"caption":"Central de refrigeraci\u00f3n compacta con HFC intarCUBE INVERTER - INTARCON"},{"@type":"BreadcrumbList","@id":"https:\/\/www.intarcon.com\/fr\/produit\/intarcube-inverter\/#breadcrumb","itemListElement":[{"@type":"ListItem","position":1,"name":"Portada","item":"https:\/\/www.intarcon.com\/fr\/"},{"@type":"ListItem","position":2,"name":"Producto","item":"https:\/\/www.intarcon.com\/producto\/"},{"@type":"ListItem","position":3,"name":"HFC","item":"https:\/\/www.intarcon.com\/fr\/technologie\/hfc\/"},{"@type":"ListItem","position":4,"name":"Centrales de r\u00e9frig\u00e9ration","item":"https:\/\/www.intarcon.com\/fr\/technologie\/hfc\/centrales-de-refrigeration\/"},{"@type":"ListItem","position":5,"name":"intarCUBE INVERTER"}]},{"@type":"WebSite","@id":"https:\/\/www.intarcon.com\/fr\/#website","url":"https:\/\/www.intarcon.com\/fr\/","name":"INTARCON","description":"","potentialAction":[{"@type":"SearchAction","target":{"@type":"EntryPoint","urlTemplate":"https:\/\/www.intarcon.com\/fr\/?s={search_term_string}"},"query-input":{"@type":"PropertyValueSpecification","valueRequired":true,"valueName":"search_term_string"}}],"inLanguage":"fr"}]}},"_links":{"self":[{"href":"https:\/\/www.intarcon.com\/fr\/wp-json\/wp\/v2\/product\/49110","targetHints":{"allow":["GET"]}}],"collection":[{"href":"https:\/\/www.intarcon.com\/fr\/wp-json\/wp\/v2\/product"}],"about":[{"href":"https:\/\/www.intarcon.com\/fr\/wp-json\/wp\/v2\/types\/product"}],"version-history":[{"count":0,"href":"https:\/\/www.intarcon.com\/fr\/wp-json\/wp\/v2\/product\/49110\/revisions"}],"wp:featuredmedia":[{"embeddable":true,"href":"https:\/\/www.intarcon.com\/fr\/wp-json\/wp\/v2\/media\/89281"}],"wp:attachment":[{"href":"https:\/\/www.intarcon.com\/fr\/wp-json\/wp\/v2\/media?parent=49110"}],"wp:term":[{"taxonomy":"product_brand","embeddable":true,"href":"https:\/\/www.intarcon.com\/fr\/wp-json\/wp\/v2\/product_brand?post=49110"},{"taxonomy":"product_cat","embeddable":true,"href":"https:\/\/www.intarcon.com\/fr\/wp-json\/wp\/v2\/product_cat?post=49110"},{"taxonomy":"product_tag","embeddable":true,"href":"https:\/\/www.intarcon.com\/fr\/wp-json\/wp\/v2\/product_tag?post=49110"}],"curies":[{"name":"wp","href":"https:\/\/api.w.org\/{rel}","templated":true}]}}