{"id":48836,"date":"2022-01-26T14:00:26","date_gmt":"2022-01-26T13:00:26","guid":{"rendered":"https:\/\/www.intarcon.com\/product\/planta-enfriadora-sigilus-r290\/"},"modified":"2026-01-23T10:23:25","modified_gmt":"2026-01-23T09:23:25","slug":"refroidisseur-sigilus-r290","status":"publish","type":"product","link":"https:\/\/www.intarcon.com\/fr\/produit\/refroidisseur-sigilus-r290\/","title":{"rendered":"Sigilus R290"},"content":{"rendered":"<p>Refroidisseurs en construction silencieux condens\u00e9 par air pour applications de r\u00e9frig\u00e9ration commerciale, qui utilisant une petite charge de propane comme r\u00e9frig\u00e9rant primaire contenu dans le refroidisseur, et eau ou glycol comme r\u00e9frig\u00e9rant secondaire pour le transport du froid.<\/p>\n<p>&nbsp;<\/p>\n<p><img fetchpriority=\"high\" decoding=\"async\" class=\"size-full wp-image-62841 aligncenter\" src=\"https:\/\/www.intarcon.com\/wp-content\/uploads\/2022\/01\/fr-2022-refroidisseur-r290-sigilus.webp\" alt=\"Refroidisseur R290 Sigilus - INTARCON\" width=\"713\" height=\"365\" srcset=\"https:\/\/www.intarcon.com\/wp-content\/uploads\/2022\/01\/fr-2022-refroidisseur-r290-sigilus.webp 713w, https:\/\/www.intarcon.com\/wp-content\/uploads\/2022\/01\/fr-2022-refroidisseur-r290-sigilus-640x328.webp 640w, https:\/\/www.intarcon.com\/wp-content\/uploads\/2022\/01\/fr-2022-refroidisseur-r290-sigilus-400x205.webp 400w, https:\/\/www.intarcon.com\/wp-content\/uploads\/2022\/01\/fr-2022-refroidisseur-r290-sigilus-450x231.webp 450w, https:\/\/www.intarcon.com\/wp-content\/uploads\/2022\/01\/fr-2022-refroidisseur-r290-sigilus-367x188.webp 367w, https:\/\/www.intarcon.com\/wp-content\/uploads\/2022\/01\/fr-2022-refroidisseur-r290-sigilus-600x307.webp 600w\" sizes=\"(max-width: 713px) 100vw, 713px\" \/><\/p>\n","protected":false},"excerpt":{"rendered":"<h2 style=\"color: #999999; font-size: 18px; margin-bottom: 0px;\">Refroidisseur R290<\/h2>\n<p><span style=\"font-size: 18px; color: #999999;\">Des refroidisseurs en construction silencieuse au glycol, \u00e0 l&#8217;eau ou \u00e0 la saumure et une faible charge de R290.<\/span><br \/>\n<style>.elementor-widget-button .elementor-button{background-color:var( --e-global-color-accent );}.elementor-29436 .elementor-element.elementor-element-2d8b95e .elementor-button{background-color:#0085BB;font-family:\"Roboto\", Montserrat;font-size:1.1em;font-weight:600;text-decoration:none;fill:#FFFFFF;color:#FFFFFF;border-style:solid;border-width:2px 2px 2px 2px;border-color:#0085BB;border-radius:33px 33px 33px 33px;padding:14px 20px 14px 20px;}.elementor-29436 .elementor-element.elementor-element-2d8b95e .elementor-button:hover, .elementor-29436 .elementor-element.elementor-element-2d8b95e .elementor-button:focus{background-color:#FFFFFF;color:#0085BB;border-color:#0085BB;}.elementor-29436 .elementor-element.elementor-element-2d8b95e > .elementor-widget-container{margin:2% 0% 1% 0%;}.elementor-29436 .elementor-element.elementor-element-2d8b95e .elementor-button:hover svg, .elementor-29436 .elementor-element.elementor-element-2d8b95e .elementor-button:focus svg{fill:#0085BB;}@media(max-width:767px){.elementor-29436 .elementor-element.elementor-element-2d8b95e > .elementor-widget-container{margin:-20px 0px 50px 0px;}}<\/style><div class=\"porto-block\" data-id=\"29436\">\t\t<div data-elementor-type=\"wp-post\" data-elementor-id=\"29436\" class=\"elementor elementor-29436 elementor-29420\" data-elementor-post-type=\"porto_builder\">\n\t\t\t\t\t\t<section class=\"elementor-section elementor-top-section elementor-element elementor-element-4601687 elementor-section-boxed elementor-section-height-default elementor-section-height-default\" data-id=\"4601687\" data-element_type=\"section\">\r\n\t\t\r\n\t\t\t\t\t\t\t<div class=\"elementor-container elementor-column-gap-default\">\r\n\t\t\t\t\t\t\t\t\t\t\t<div class=\"elementor-column elementor-col-100 elementor-top-column elementor-element elementor-element-7f3a8ac\" data-id=\"7f3a8ac\" data-element_type=\"column\">\r\n\t\t\t\t\t<div class=\"elementor-widget-wrap elementor-element-populated\">\r\n\t\t\t\t\t\t\t\t<div class=\"elementor-element elementor-element-2d8b95e elementor-align-left elementor-widget elementor-widget-button\" data-id=\"2d8b95e\" data-element_type=\"widget\" data-widget_type=\"button.default\">\n\t\t\t\t<div class=\"elementor-widget-container\">\n\t\t\t\t\t\t\t\t\t<div class=\"elementor-button-wrapper\">\n\t\t\t\t\t<a class=\"elementor-button elementor-button-link elementor-size-md\" href=\"https:\/\/www.intarcon.com\/fr\/conseils-techniques\/\">\n\t\t\t\t\t\t<span class=\"elementor-button-content-wrapper\">\n\t\t\t\t\t\t\t\t\t<span class=\"elementor-button-text\">Demande conseils techniques<\/span>\n\t\t\t\t\t<\/span>\n\t\t\t\t\t<\/a>\n\t\t\t\t<\/div>\n\t\t\t\t\t\t\t\t<\/div>\n\t\t\t\t<\/div>\n\t\t\t\t\t<\/div>\r\n\t\t\t\t<\/div>\r\n\t\t\t\t\t<\/div>\r\n\t\t\t\t<\/section>\r\n\t\t\t\t<\/div>\n\t\t<\/div><\/p>\n","protected":false},"featured_media":89127,"template":"","meta":[],"product_brand":[],"product_cat":[535,389],"product_tag":[],"class_list":{"0":"post-48836","1":"product","2":"type-product","3":"status-publish","4":"has-post-thumbnail","6":"product_cat-refroidisseurs-r290","7":"product_cat-refroidisseurs","9":"first","10":"instock","11":"shipping-taxable","12":"product-type-simple"},"yoast_head":"<!-- This site is optimized with the Yoast SEO plugin v25.5 - https:\/\/yoast.com\/wordpress\/plugins\/seo\/ -->\n<title>Refroidisseur Sigilus R290 - INTARCON<\/title>\n<meta name=\"description\" content=\"Sigilus R290 est la gamme de refroidisseurs en construction silencieux condens\u00e9 par air pour applications de r\u00e9frig\u00e9ration commerciale.\" \/>\n<meta name=\"robots\" content=\"index, follow, max-snippet:-1, max-image-preview:large, max-video-preview:-1\" \/>\n<link rel=\"canonical\" href=\"https:\/\/www.intarcon.com\/fr\/produit\/refroidisseur-sigilus-r290\/\" \/>\n<meta property=\"og:locale\" content=\"fr_FR\" \/>\n<meta property=\"og:type\" content=\"article\" \/>\n<meta property=\"og:title\" content=\"Refroidisseur Sigilus R290 - INTARCON\" \/>\n<meta property=\"og:description\" content=\"Sigilus R290 est la gamme de refroidisseurs en construction silencieux condens\u00e9 par air pour applications de r\u00e9frig\u00e9ration commerciale.\" \/>\n<meta property=\"og:url\" content=\"https:\/\/www.intarcon.com\/fr\/produit\/refroidisseur-sigilus-r290\/\" \/>\n<meta property=\"og:site_name\" content=\"INTARCON\" \/>\n<meta property=\"article:publisher\" content=\"https:\/\/www.facebook.com\/intarcon\/\" \/>\n<meta property=\"article:modified_time\" content=\"2026-01-23T09:23:25+00:00\" \/>\n<meta property=\"og:image\" content=\"https:\/\/www.intarcon.com\/wp-content\/uploads\/2022\/01\/planta-enfriadora-comercial-r290-sigilus.webp\" \/>\n\t<meta property=\"og:image:width\" content=\"600\" \/>\n\t<meta property=\"og:image:height\" content=\"600\" \/>\n\t<meta property=\"og:image:type\" content=\"image\/webp\" \/>\n<meta name=\"twitter:card\" content=\"summary_large_image\" \/>\n<meta name=\"twitter:site\" content=\"@Intarcon\" \/>\n<meta name=\"twitter:label1\" content=\"Est. reading time\" \/>\n\t<meta name=\"twitter:data1\" content=\"1 minute\" \/>\n<script type=\"application\/ld+json\" class=\"yoast-schema-graph\">{\"@context\":\"https:\/\/schema.org\",\"@graph\":[{\"@type\":\"WebPage\",\"@id\":\"https:\/\/www.intarcon.com\/fr\/produit\/refroidisseur-sigilus-r290\/\",\"url\":\"https:\/\/www.intarcon.com\/fr\/produit\/refroidisseur-sigilus-r290\/\",\"name\":\"Refroidisseur Sigilus R290 - INTARCON\",\"isPartOf\":{\"@id\":\"https:\/\/www.intarcon.com\/fr\/#website\"},\"primaryImageOfPage\":{\"@id\":\"https:\/\/www.intarcon.com\/fr\/produit\/refroidisseur-sigilus-r290\/#primaryimage\"},\"image\":{\"@id\":\"https:\/\/www.intarcon.com\/fr\/produit\/refroidisseur-sigilus-r290\/#primaryimage\"},\"thumbnailUrl\":\"https:\/\/www.intarcon.com\/wp-content\/uploads\/2022\/01\/planta-enfriadora-comercial-r290-sigilus.webp\",\"datePublished\":\"2022-01-26T13:00:26+00:00\",\"dateModified\":\"2026-01-23T09:23:25+00:00\",\"description\":\"Sigilus R290 est la gamme de refroidisseurs en construction silencieux condens\u00e9 par air pour applications de r\u00e9frig\u00e9ration commerciale.\",\"breadcrumb\":{\"@id\":\"https:\/\/www.intarcon.com\/fr\/produit\/refroidisseur-sigilus-r290\/#breadcrumb\"},\"inLanguage\":\"fr\",\"potentialAction\":[{\"@type\":\"ReadAction\",\"target\":[\"https:\/\/www.intarcon.com\/fr\/produit\/refroidisseur-sigilus-r290\/\"]}]},{\"@type\":\"ImageObject\",\"inLanguage\":\"fr\",\"@id\":\"https:\/\/www.intarcon.com\/fr\/produit\/refroidisseur-sigilus-r290\/#primaryimage\",\"url\":\"https:\/\/www.intarcon.com\/wp-content\/uploads\/2022\/01\/planta-enfriadora-comercial-r290-sigilus.webp\",\"contentUrl\":\"https:\/\/www.intarcon.com\/wp-content\/uploads\/2022\/01\/planta-enfriadora-comercial-r290-sigilus.webp\",\"width\":600,\"height\":600,\"caption\":\"Plantas enfriadora de refrigeraci\u00f3n comercial silenciosas Sigilus R290 - INTARCON\"},{\"@type\":\"BreadcrumbList\",\"@id\":\"https:\/\/www.intarcon.com\/fr\/produit\/refroidisseur-sigilus-r290\/#breadcrumb\",\"itemListElement\":[{\"@type\":\"ListItem\",\"position\":1,\"name\":\"Portada\",\"item\":\"https:\/\/www.intarcon.com\/fr\/\"},{\"@type\":\"ListItem\",\"position\":2,\"name\":\"Producto\",\"item\":\"https:\/\/www.intarcon.com\/producto\/\"},{\"@type\":\"ListItem\",\"position\":3,\"name\":\"R290\",\"item\":\"https:\/\/www.intarcon.com\/fr\/technologie\/r290\/\"},{\"@type\":\"ListItem\",\"position\":4,\"name\":\"Refroidisseurs R290\",\"item\":\"https:\/\/www.intarcon.com\/fr\/technologie\/r290\/refroidisseurs-r290\/\"},{\"@type\":\"ListItem\",\"position\":5,\"name\":\"Sigilus R290\"}]},{\"@type\":\"WebSite\",\"@id\":\"https:\/\/www.intarcon.com\/fr\/#website\",\"url\":\"https:\/\/www.intarcon.com\/fr\/\",\"name\":\"INTARCON\",\"description\":\"\",\"potentialAction\":[{\"@type\":\"SearchAction\",\"target\":{\"@type\":\"EntryPoint\",\"urlTemplate\":\"https:\/\/www.intarcon.com\/fr\/?s={search_term_string}\"},\"query-input\":{\"@type\":\"PropertyValueSpecification\",\"valueRequired\":true,\"valueName\":\"search_term_string\"}}],\"inLanguage\":\"fr\"}]}<\/script>\n<!-- \/ Yoast SEO plugin. -->","yoast_head_json":{"title":"Refroidisseur Sigilus R290 - INTARCON","description":"Sigilus R290 est la gamme de refroidisseurs en construction silencieux condens\u00e9 par air pour applications de r\u00e9frig\u00e9ration commerciale.","robots":{"index":"index","follow":"follow","max-snippet":"max-snippet:-1","max-image-preview":"max-image-preview:large","max-video-preview":"max-video-preview:-1"},"canonical":"https:\/\/www.intarcon.com\/fr\/produit\/refroidisseur-sigilus-r290\/","og_locale":"fr_FR","og_type":"article","og_title":"Refroidisseur Sigilus R290 - INTARCON","og_description":"Sigilus R290 est la gamme de refroidisseurs en construction silencieux condens\u00e9 par air pour applications de r\u00e9frig\u00e9ration commerciale.","og_url":"https:\/\/www.intarcon.com\/fr\/produit\/refroidisseur-sigilus-r290\/","og_site_name":"INTARCON","article_publisher":"https:\/\/www.facebook.com\/intarcon\/","article_modified_time":"2026-01-23T09:23:25+00:00","og_image":[{"width":600,"height":600,"url":"https:\/\/www.intarcon.com\/wp-content\/uploads\/2022\/01\/planta-enfriadora-comercial-r290-sigilus.webp","type":"image\/webp"}],"twitter_card":"summary_large_image","twitter_site":"@Intarcon","twitter_misc":{"Est. reading time":"1 minute"},"schema":{"@context":"https:\/\/schema.org","@graph":[{"@type":"WebPage","@id":"https:\/\/www.intarcon.com\/fr\/produit\/refroidisseur-sigilus-r290\/","url":"https:\/\/www.intarcon.com\/fr\/produit\/refroidisseur-sigilus-r290\/","name":"Refroidisseur Sigilus R290 - INTARCON","isPartOf":{"@id":"https:\/\/www.intarcon.com\/fr\/#website"},"primaryImageOfPage":{"@id":"https:\/\/www.intarcon.com\/fr\/produit\/refroidisseur-sigilus-r290\/#primaryimage"},"image":{"@id":"https:\/\/www.intarcon.com\/fr\/produit\/refroidisseur-sigilus-r290\/#primaryimage"},"thumbnailUrl":"https:\/\/www.intarcon.com\/wp-content\/uploads\/2022\/01\/planta-enfriadora-comercial-r290-sigilus.webp","datePublished":"2022-01-26T13:00:26+00:00","dateModified":"2026-01-23T09:23:25+00:00","description":"Sigilus R290 est la gamme de refroidisseurs en construction silencieux condens\u00e9 par air pour applications de r\u00e9frig\u00e9ration commerciale.","breadcrumb":{"@id":"https:\/\/www.intarcon.com\/fr\/produit\/refroidisseur-sigilus-r290\/#breadcrumb"},"inLanguage":"fr","potentialAction":[{"@type":"ReadAction","target":["https:\/\/www.intarcon.com\/fr\/produit\/refroidisseur-sigilus-r290\/"]}]},{"@type":"ImageObject","inLanguage":"fr","@id":"https:\/\/www.intarcon.com\/fr\/produit\/refroidisseur-sigilus-r290\/#primaryimage","url":"https:\/\/www.intarcon.com\/wp-content\/uploads\/2022\/01\/planta-enfriadora-comercial-r290-sigilus.webp","contentUrl":"https:\/\/www.intarcon.com\/wp-content\/uploads\/2022\/01\/planta-enfriadora-comercial-r290-sigilus.webp","width":600,"height":600,"caption":"Plantas enfriadora de refrigeraci\u00f3n comercial silenciosas Sigilus R290 - INTARCON"},{"@type":"BreadcrumbList","@id":"https:\/\/www.intarcon.com\/fr\/produit\/refroidisseur-sigilus-r290\/#breadcrumb","itemListElement":[{"@type":"ListItem","position":1,"name":"Portada","item":"https:\/\/www.intarcon.com\/fr\/"},{"@type":"ListItem","position":2,"name":"Producto","item":"https:\/\/www.intarcon.com\/producto\/"},{"@type":"ListItem","position":3,"name":"R290","item":"https:\/\/www.intarcon.com\/fr\/technologie\/r290\/"},{"@type":"ListItem","position":4,"name":"Refroidisseurs R290","item":"https:\/\/www.intarcon.com\/fr\/technologie\/r290\/refroidisseurs-r290\/"},{"@type":"ListItem","position":5,"name":"Sigilus R290"}]},{"@type":"WebSite","@id":"https:\/\/www.intarcon.com\/fr\/#website","url":"https:\/\/www.intarcon.com\/fr\/","name":"INTARCON","description":"","potentialAction":[{"@type":"SearchAction","target":{"@type":"EntryPoint","urlTemplate":"https:\/\/www.intarcon.com\/fr\/?s={search_term_string}"},"query-input":{"@type":"PropertyValueSpecification","valueRequired":true,"valueName":"search_term_string"}}],"inLanguage":"fr"}]}},"_links":{"self":[{"href":"https:\/\/www.intarcon.com\/fr\/wp-json\/wp\/v2\/product\/48836","targetHints":{"allow":["GET"]}}],"collection":[{"href":"https:\/\/www.intarcon.com\/fr\/wp-json\/wp\/v2\/product"}],"about":[{"href":"https:\/\/www.intarcon.com\/fr\/wp-json\/wp\/v2\/types\/product"}],"version-history":[{"count":0,"href":"https:\/\/www.intarcon.com\/fr\/wp-json\/wp\/v2\/product\/48836\/revisions"}],"wp:featuredmedia":[{"embeddable":true,"href":"https:\/\/www.intarcon.com\/fr\/wp-json\/wp\/v2\/media\/89127"}],"wp:attachment":[{"href":"https:\/\/www.intarcon.com\/fr\/wp-json\/wp\/v2\/media?parent=48836"}],"wp:term":[{"taxonomy":"product_brand","embeddable":true,"href":"https:\/\/www.intarcon.com\/fr\/wp-json\/wp\/v2\/product_brand?post=48836"},{"taxonomy":"product_cat","embeddable":true,"href":"https:\/\/www.intarcon.com\/fr\/wp-json\/wp\/v2\/product_cat?post=48836"},{"taxonomy":"product_tag","embeddable":true,"href":"https:\/\/www.intarcon.com\/fr\/wp-json\/wp\/v2\/product_tag?post=48836"}],"curies":[{"name":"wp","href":"https:\/\/api.w.org\/{rel}","templated":true}]}}