{"id":48608,"date":"2022-01-18T13:20:08","date_gmt":"2022-01-18T12:20:08","guid":{"rendered":"https:\/\/www.intarcon.com\/?post_type=product&#038;p=48608"},"modified":"2026-02-18T13:04:12","modified_gmt":"2026-02-18T12:04:12","slug":"refroidisseur-intarwatt-r290-full-inverter","status":"publish","type":"product","link":"https:\/\/www.intarcon.com\/fr\/produit\/refroidisseur-intarwatt-r290-full-inverter\/","title":{"rendered":"intarWatt R290 &#8211; Full INVERTER"},"content":{"rendered":"<p>Refroidisseurs de glycol pour applications de r\u00e9frig\u00e9ration commerciale et industrielle avec une charge r\u00e9duite de R-290 et compresseurs Full INVERTER. Ces \u00e9quipements se distinguent par :<\/p>\n<ul>\n<li>Compresseurs Full INVERTER.<\/li>\n<li>R\u00e9frig\u00e9rant naturel R-290.<\/li>\n<li>Haute efficacit\u00e9 \u00e9nerg\u00e9tique.<\/li>\n<li>Installation facile.<\/li>\n<\/ul>\n<p><b>Qu&#8217;est-ce que le syst\u00e8me Full INVERTER ?<\/b><\/p>\n<p>Le syst\u00e8me Full INVERTER permet un contr\u00f4le pr\u00e9cis de la temp\u00e9rature d&#8217;alimentation en glycol, face \u00e0 une demande de r\u00e9frig\u00e9ration variable. Ce syst\u00e8me contr\u00f4le s\u00e9quentiellement et simultan\u00e9ment la capacit\u00e9 des compresseurs, variation du r\u00e9gime du moteur de 30 \u00e0 70 Hz, et en \u00e9vitant les d\u00e9marrages et les arr\u00eats, avec d&#8217;importantes \u00e9conomies d&#8217;\u00e9nergie.<\/p>\n<p><img fetchpriority=\"high\" decoding=\"async\" class=\"size-full wp-image-62983 aligncenter\" src=\"https:\/\/www.intarcon.com\/wp-content\/uploads\/2022\/01\/fr-2022-composants-du-refroidisseur-intarwatt-full-inverter-r290.webp\" alt=\"Composants du refroidisseur intarWatt Full INVERTER INTARCON\" width=\"732\" height=\"363\" srcset=\"https:\/\/www.intarcon.com\/wp-content\/uploads\/2022\/01\/fr-2022-composants-du-refroidisseur-intarwatt-full-inverter-r290.webp 732w, https:\/\/www.intarcon.com\/wp-content\/uploads\/2022\/01\/fr-2022-composants-du-refroidisseur-intarwatt-full-inverter-r290-640x317.webp 640w, https:\/\/www.intarcon.com\/wp-content\/uploads\/2022\/01\/fr-2022-composants-du-refroidisseur-intarwatt-full-inverter-r290-400x198.webp 400w, https:\/\/www.intarcon.com\/wp-content\/uploads\/2022\/01\/fr-2022-composants-du-refroidisseur-intarwatt-full-inverter-r290-367x182.webp 367w, https:\/\/www.intarcon.com\/wp-content\/uploads\/2022\/01\/fr-2022-composants-du-refroidisseur-intarwatt-full-inverter-r290-600x298.webp 600w\" sizes=\"(max-width: 732px) 100vw, 732px\" \/><\/p>\n<p>&nbsp;<\/p>\n<p>&nbsp;<\/p>\n","protected":false},"excerpt":{"rendered":"<h2 style=\"color: #999999; font-size: 18px; margin-bottom: 0px;\">Refroidisseurs R290<\/h2>\n<p><span style=\"font-size: 18px; color: #999999;\">Refroidisseurs de glycol, d&#8217;eau ou de saumure avec une charge r\u00e9duite de R290 et des compresseurs Full INVERTER<\/span><\/p>\n<style>.elementor-widget-button .elementor-button{background-color:var( --e-global-color-accent );}.elementor-29436 .elementor-element.elementor-element-2d8b95e .elementor-button{background-color:#0085BB;font-family:\"Roboto\", Montserrat;font-size:1.1em;font-weight:600;text-decoration:none;fill:#FFFFFF;color:#FFFFFF;border-style:solid;border-width:2px 2px 2px 2px;border-color:#0085BB;border-radius:33px 33px 33px 33px;padding:14px 20px 14px 20px;}.elementor-29436 .elementor-element.elementor-element-2d8b95e .elementor-button:hover, .elementor-29436 .elementor-element.elementor-element-2d8b95e .elementor-button:focus{background-color:#FFFFFF;color:#0085BB;border-color:#0085BB;}.elementor-29436 .elementor-element.elementor-element-2d8b95e > .elementor-widget-container{margin:2% 0% 1% 0%;}.elementor-29436 .elementor-element.elementor-element-2d8b95e .elementor-button:hover svg, .elementor-29436 .elementor-element.elementor-element-2d8b95e .elementor-button:focus svg{fill:#0085BB;}@media(max-width:767px){.elementor-29436 .elementor-element.elementor-element-2d8b95e > .elementor-widget-container{margin:-20px 0px 50px 0px;}}<\/style><div class=\"porto-block\" data-id=\"29436\">\t\t<div data-elementor-type=\"wp-post\" data-elementor-id=\"29436\" class=\"elementor elementor-29436 elementor-29420\" data-elementor-post-type=\"porto_builder\">\n\t\t\t\t\t\t<section class=\"elementor-section elementor-top-section elementor-element elementor-element-4601687 elementor-section-boxed elementor-section-height-default elementor-section-height-default\" data-id=\"4601687\" data-element_type=\"section\">\r\n\t\t\r\n\t\t\t\t\t\t\t<div class=\"elementor-container elementor-column-gap-default\">\r\n\t\t\t\t\t\t\t\t\t\t\t<div class=\"elementor-column elementor-col-100 elementor-top-column elementor-element elementor-element-7f3a8ac\" data-id=\"7f3a8ac\" data-element_type=\"column\">\r\n\t\t\t\t\t<div class=\"elementor-widget-wrap elementor-element-populated\">\r\n\t\t\t\t\t\t\t\t<div class=\"elementor-element elementor-element-2d8b95e elementor-align-left elementor-widget elementor-widget-button\" data-id=\"2d8b95e\" data-element_type=\"widget\" data-widget_type=\"button.default\">\n\t\t\t\t<div class=\"elementor-widget-container\">\n\t\t\t\t\t\t\t\t\t<div class=\"elementor-button-wrapper\">\n\t\t\t\t\t<a class=\"elementor-button elementor-button-link elementor-size-md\" href=\"https:\/\/www.intarcon.com\/fr\/conseils-techniques\/\">\n\t\t\t\t\t\t<span class=\"elementor-button-content-wrapper\">\n\t\t\t\t\t\t\t\t\t<span class=\"elementor-button-text\">Demande conseils techniques<\/span>\n\t\t\t\t\t<\/span>\n\t\t\t\t\t<\/a>\n\t\t\t\t<\/div>\n\t\t\t\t\t\t\t\t<\/div>\n\t\t\t\t<\/div>\n\t\t\t\t\t<\/div>\r\n\t\t\t\t<\/div>\r\n\t\t\t\t\t<\/div>\r\n\t\t\t\t<\/section>\r\n\t\t\t\t<\/div>\n\t\t<\/div>\n","protected":false},"featured_media":89121,"template":"","meta":[],"product_brand":[],"product_cat":[535,389],"product_tag":[],"class_list":{"0":"post-48608","1":"product","2":"type-product","3":"status-publish","4":"has-post-thumbnail","6":"product_cat-refroidisseurs-r290","7":"product_cat-refroidisseurs","9":"first","10":"instock","11":"shipping-taxable","12":"product-type-simple"},"yoast_head":"<!-- This site is optimized with the Yoast SEO plugin v25.5 - https:\/\/yoast.com\/wordpress\/plugins\/seo\/ -->\n<title>Refroidisseur intarWatt R290 - Full INVERTER - INTARCON<\/title>\n<meta name=\"description\" content=\"Le refroidisseur intarWatt est une installation de refroidissement de processus pour les applications de r\u00e9frig\u00e9ration utilisant une charge r\u00e9duite de R290 et incorporant des compresseurs Full INVERTER.\" \/>\n<meta name=\"robots\" content=\"index, follow, max-snippet:-1, max-image-preview:large, max-video-preview:-1\" \/>\n<link rel=\"canonical\" href=\"https:\/\/www.intarcon.com\/fr\/produit\/refroidisseur-intarwatt-r290-full-inverter\/\" \/>\n<meta property=\"og:locale\" content=\"fr_FR\" \/>\n<meta property=\"og:type\" content=\"article\" \/>\n<meta property=\"og:title\" content=\"Refroidisseur intarWatt R290 - Full INVERTER - INTARCON\" \/>\n<meta property=\"og:description\" content=\"Le refroidisseur intarWatt est une installation de refroidissement de processus pour les applications de r\u00e9frig\u00e9ration utilisant une charge r\u00e9duite de R290 et incorporant des compresseurs Full INVERTER.\" \/>\n<meta property=\"og:url\" content=\"https:\/\/www.intarcon.com\/fr\/produit\/refroidisseur-intarwatt-r290-full-inverter\/\" \/>\n<meta property=\"og:site_name\" content=\"INTARCON\" \/>\n<meta property=\"article:publisher\" content=\"https:\/\/www.facebook.com\/intarcon\/\" \/>\n<meta property=\"article:modified_time\" content=\"2026-02-18T12:04:12+00:00\" \/>\n<meta property=\"og:image\" content=\"https:\/\/www.intarcon.com\/wp-content\/uploads\/2022\/01\/plantas-enfriadoras-r290-refrigeracion-intarwatt-full-inverter.webp\" \/>\n\t<meta property=\"og:image:width\" content=\"600\" \/>\n\t<meta property=\"og:image:height\" content=\"600\" \/>\n\t<meta property=\"og:image:type\" content=\"image\/webp\" \/>\n<meta name=\"twitter:card\" content=\"summary_large_image\" \/>\n<meta name=\"twitter:site\" content=\"@Intarcon\" \/>\n<meta name=\"twitter:label1\" content=\"Est. reading time\" \/>\n\t<meta name=\"twitter:data1\" content=\"1 minute\" \/>\n<script type=\"application\/ld+json\" class=\"yoast-schema-graph\">{\"@context\":\"https:\/\/schema.org\",\"@graph\":[{\"@type\":\"WebPage\",\"@id\":\"https:\/\/www.intarcon.com\/fr\/produit\/refroidisseur-intarwatt-r290-full-inverter\/\",\"url\":\"https:\/\/www.intarcon.com\/fr\/produit\/refroidisseur-intarwatt-r290-full-inverter\/\",\"name\":\"Refroidisseur intarWatt R290 - Full INVERTER - INTARCON\",\"isPartOf\":{\"@id\":\"https:\/\/www.intarcon.com\/fr\/#website\"},\"primaryImageOfPage\":{\"@id\":\"https:\/\/www.intarcon.com\/fr\/produit\/refroidisseur-intarwatt-r290-full-inverter\/#primaryimage\"},\"image\":{\"@id\":\"https:\/\/www.intarcon.com\/fr\/produit\/refroidisseur-intarwatt-r290-full-inverter\/#primaryimage\"},\"thumbnailUrl\":\"https:\/\/www.intarcon.com\/wp-content\/uploads\/2022\/01\/plantas-enfriadoras-r290-refrigeracion-intarwatt-full-inverter.webp\",\"datePublished\":\"2022-01-18T12:20:08+00:00\",\"dateModified\":\"2026-02-18T12:04:12+00:00\",\"description\":\"Le refroidisseur intarWatt est une installation de refroidissement de processus pour les applications de r\u00e9frig\u00e9ration utilisant une charge r\u00e9duite de R290 et incorporant des compresseurs Full INVERTER.\",\"breadcrumb\":{\"@id\":\"https:\/\/www.intarcon.com\/fr\/produit\/refroidisseur-intarwatt-r290-full-inverter\/#breadcrumb\"},\"inLanguage\":\"fr\",\"potentialAction\":[{\"@type\":\"ReadAction\",\"target\":[\"https:\/\/www.intarcon.com\/fr\/produit\/refroidisseur-intarwatt-r290-full-inverter\/\"]}]},{\"@type\":\"ImageObject\",\"inLanguage\":\"fr\",\"@id\":\"https:\/\/www.intarcon.com\/fr\/produit\/refroidisseur-intarwatt-r290-full-inverter\/#primaryimage\",\"url\":\"https:\/\/www.intarcon.com\/wp-content\/uploads\/2022\/01\/plantas-enfriadoras-r290-refrigeracion-intarwatt-full-inverter.webp\",\"contentUrl\":\"https:\/\/www.intarcon.com\/wp-content\/uploads\/2022\/01\/plantas-enfriadoras-r290-refrigeracion-intarwatt-full-inverter.webp\",\"width\":600,\"height\":600,\"caption\":\"Plantas enfriadoras de refrigeraci\u00f3n con R290 intarWatt Full INVERTER - INTARCON\"},{\"@type\":\"BreadcrumbList\",\"@id\":\"https:\/\/www.intarcon.com\/fr\/produit\/refroidisseur-intarwatt-r290-full-inverter\/#breadcrumb\",\"itemListElement\":[{\"@type\":\"ListItem\",\"position\":1,\"name\":\"Portada\",\"item\":\"https:\/\/www.intarcon.com\/fr\/\"},{\"@type\":\"ListItem\",\"position\":2,\"name\":\"Producto\",\"item\":\"https:\/\/www.intarcon.com\/producto\/\"},{\"@type\":\"ListItem\",\"position\":3,\"name\":\"R290\",\"item\":\"https:\/\/www.intarcon.com\/fr\/technologie\/r290\/\"},{\"@type\":\"ListItem\",\"position\":4,\"name\":\"Refroidisseurs R290\",\"item\":\"https:\/\/www.intarcon.com\/fr\/technologie\/r290\/refroidisseurs-r290\/\"},{\"@type\":\"ListItem\",\"position\":5,\"name\":\"intarWatt R290 &#8211; Full INVERTER\"}]},{\"@type\":\"WebSite\",\"@id\":\"https:\/\/www.intarcon.com\/fr\/#website\",\"url\":\"https:\/\/www.intarcon.com\/fr\/\",\"name\":\"INTARCON\",\"description\":\"\",\"potentialAction\":[{\"@type\":\"SearchAction\",\"target\":{\"@type\":\"EntryPoint\",\"urlTemplate\":\"https:\/\/www.intarcon.com\/fr\/?s={search_term_string}\"},\"query-input\":{\"@type\":\"PropertyValueSpecification\",\"valueRequired\":true,\"valueName\":\"search_term_string\"}}],\"inLanguage\":\"fr\"}]}<\/script>\n<!-- \/ Yoast SEO plugin. -->","yoast_head_json":{"title":"Refroidisseur intarWatt R290 - Full INVERTER - INTARCON","description":"Le refroidisseur intarWatt est une installation de refroidissement de processus pour les applications de r\u00e9frig\u00e9ration utilisant une charge r\u00e9duite de R290 et incorporant des compresseurs Full INVERTER.","robots":{"index":"index","follow":"follow","max-snippet":"max-snippet:-1","max-image-preview":"max-image-preview:large","max-video-preview":"max-video-preview:-1"},"canonical":"https:\/\/www.intarcon.com\/fr\/produit\/refroidisseur-intarwatt-r290-full-inverter\/","og_locale":"fr_FR","og_type":"article","og_title":"Refroidisseur intarWatt R290 - Full INVERTER - INTARCON","og_description":"Le refroidisseur intarWatt est une installation de refroidissement de processus pour les applications de r\u00e9frig\u00e9ration utilisant une charge r\u00e9duite de R290 et incorporant des compresseurs Full INVERTER.","og_url":"https:\/\/www.intarcon.com\/fr\/produit\/refroidisseur-intarwatt-r290-full-inverter\/","og_site_name":"INTARCON","article_publisher":"https:\/\/www.facebook.com\/intarcon\/","article_modified_time":"2026-02-18T12:04:12+00:00","og_image":[{"width":600,"height":600,"url":"https:\/\/www.intarcon.com\/wp-content\/uploads\/2022\/01\/plantas-enfriadoras-r290-refrigeracion-intarwatt-full-inverter.webp","type":"image\/webp"}],"twitter_card":"summary_large_image","twitter_site":"@Intarcon","twitter_misc":{"Est. reading time":"1 minute"},"schema":{"@context":"https:\/\/schema.org","@graph":[{"@type":"WebPage","@id":"https:\/\/www.intarcon.com\/fr\/produit\/refroidisseur-intarwatt-r290-full-inverter\/","url":"https:\/\/www.intarcon.com\/fr\/produit\/refroidisseur-intarwatt-r290-full-inverter\/","name":"Refroidisseur intarWatt R290 - Full INVERTER - INTARCON","isPartOf":{"@id":"https:\/\/www.intarcon.com\/fr\/#website"},"primaryImageOfPage":{"@id":"https:\/\/www.intarcon.com\/fr\/produit\/refroidisseur-intarwatt-r290-full-inverter\/#primaryimage"},"image":{"@id":"https:\/\/www.intarcon.com\/fr\/produit\/refroidisseur-intarwatt-r290-full-inverter\/#primaryimage"},"thumbnailUrl":"https:\/\/www.intarcon.com\/wp-content\/uploads\/2022\/01\/plantas-enfriadoras-r290-refrigeracion-intarwatt-full-inverter.webp","datePublished":"2022-01-18T12:20:08+00:00","dateModified":"2026-02-18T12:04:12+00:00","description":"Le refroidisseur intarWatt est une installation de refroidissement de processus pour les applications de r\u00e9frig\u00e9ration utilisant une charge r\u00e9duite de R290 et incorporant des compresseurs Full INVERTER.","breadcrumb":{"@id":"https:\/\/www.intarcon.com\/fr\/produit\/refroidisseur-intarwatt-r290-full-inverter\/#breadcrumb"},"inLanguage":"fr","potentialAction":[{"@type":"ReadAction","target":["https:\/\/www.intarcon.com\/fr\/produit\/refroidisseur-intarwatt-r290-full-inverter\/"]}]},{"@type":"ImageObject","inLanguage":"fr","@id":"https:\/\/www.intarcon.com\/fr\/produit\/refroidisseur-intarwatt-r290-full-inverter\/#primaryimage","url":"https:\/\/www.intarcon.com\/wp-content\/uploads\/2022\/01\/plantas-enfriadoras-r290-refrigeracion-intarwatt-full-inverter.webp","contentUrl":"https:\/\/www.intarcon.com\/wp-content\/uploads\/2022\/01\/plantas-enfriadoras-r290-refrigeracion-intarwatt-full-inverter.webp","width":600,"height":600,"caption":"Plantas enfriadoras de refrigeraci\u00f3n con R290 intarWatt Full INVERTER - INTARCON"},{"@type":"BreadcrumbList","@id":"https:\/\/www.intarcon.com\/fr\/produit\/refroidisseur-intarwatt-r290-full-inverter\/#breadcrumb","itemListElement":[{"@type":"ListItem","position":1,"name":"Portada","item":"https:\/\/www.intarcon.com\/fr\/"},{"@type":"ListItem","position":2,"name":"Producto","item":"https:\/\/www.intarcon.com\/producto\/"},{"@type":"ListItem","position":3,"name":"R290","item":"https:\/\/www.intarcon.com\/fr\/technologie\/r290\/"},{"@type":"ListItem","position":4,"name":"Refroidisseurs R290","item":"https:\/\/www.intarcon.com\/fr\/technologie\/r290\/refroidisseurs-r290\/"},{"@type":"ListItem","position":5,"name":"intarWatt R290 &#8211; Full INVERTER"}]},{"@type":"WebSite","@id":"https:\/\/www.intarcon.com\/fr\/#website","url":"https:\/\/www.intarcon.com\/fr\/","name":"INTARCON","description":"","potentialAction":[{"@type":"SearchAction","target":{"@type":"EntryPoint","urlTemplate":"https:\/\/www.intarcon.com\/fr\/?s={search_term_string}"},"query-input":{"@type":"PropertyValueSpecification","valueRequired":true,"valueName":"search_term_string"}}],"inLanguage":"fr"}]}},"_links":{"self":[{"href":"https:\/\/www.intarcon.com\/fr\/wp-json\/wp\/v2\/product\/48608","targetHints":{"allow":["GET"]}}],"collection":[{"href":"https:\/\/www.intarcon.com\/fr\/wp-json\/wp\/v2\/product"}],"about":[{"href":"https:\/\/www.intarcon.com\/fr\/wp-json\/wp\/v2\/types\/product"}],"version-history":[{"count":0,"href":"https:\/\/www.intarcon.com\/fr\/wp-json\/wp\/v2\/product\/48608\/revisions"}],"wp:featuredmedia":[{"embeddable":true,"href":"https:\/\/www.intarcon.com\/fr\/wp-json\/wp\/v2\/media\/89121"}],"wp:attachment":[{"href":"https:\/\/www.intarcon.com\/fr\/wp-json\/wp\/v2\/media?parent=48608"}],"wp:term":[{"taxonomy":"product_brand","embeddable":true,"href":"https:\/\/www.intarcon.com\/fr\/wp-json\/wp\/v2\/product_brand?post=48608"},{"taxonomy":"product_cat","embeddable":true,"href":"https:\/\/www.intarcon.com\/fr\/wp-json\/wp\/v2\/product_cat?post=48608"},{"taxonomy":"product_tag","embeddable":true,"href":"https:\/\/www.intarcon.com\/fr\/wp-json\/wp\/v2\/product_tag?post=48608"}],"curies":[{"name":"wp","href":"https:\/\/api.w.org\/{rel}","templated":true}]}}