{"id":39300,"date":"2021-12-16T14:36:52","date_gmt":"2021-12-16T13:36:52","guid":{"rendered":"https:\/\/www.intarcon.com\/?post_type=product&#038;p=39300"},"modified":"2022-11-28T15:14:49","modified_gmt":"2022-11-28T13:14:49","slug":"evaporateur-cubique-industriel-co2","status":"publish","type":"product","link":"https:\/\/www.intarcon.com\/fr\/produit\/evaporateur-cubique-industriel-co2\/","title":{"rendered":"Cubique industriel"},"content":{"rendered":"<p>Unit\u00e9s d\u2019\u00e9vaporation optimis\u00e9 pour CO2, de type cubique industriel, \u00e9quip\u00e9es de vannes de r\u00e9gulation, pour les chambres froides \u00e0 moyenne et basse temp\u00e9rature. Construites en structure et en carross\u00e9rie d\u2019acier galvanis\u00e9 avec peinture polyester, les unit\u00e9s d&#8217;\u00e9vaporation du CO2 se distinguent par :<\/p>\n<ul>\n<li>Installation rapide Plug &amp; Play.<\/li>\n<li>Des batteries \u00e0 haut rendement optimis\u00e9es pour le CO2.<\/li>\n<li>Valve \u00e9lectronique incorpor\u00e9e et pr\u00e9r\u00e9gl\u00e9e en usine.<\/li>\n<\/ul>\n<p>&nbsp;<\/p>\n","protected":false},"excerpt":{"rendered":"<h2 style=\"color: #999999; font-size: 18px; margin-bottom: 0px;\">Unit\u00e9 d\u2019\u00e9vaporation \u00e0 CO2<\/h2>\n<p><span style=\"font-size: 18px; color: #999999;\">Pour haute, moyenne, basse temp\u00e9rature et ultra-cong\u00e9lation.<\/span><br \/>\n<style>.elementor-widget-button .elementor-button{background-color:var( --e-global-color-accent );}.elementor-29436 .elementor-element.elementor-element-2d8b95e .elementor-button{background-color:#0085BB;font-family:\"Roboto\", Montserrat;font-size:1.1em;font-weight:600;text-decoration:none;fill:#FFFFFF;color:#FFFFFF;border-style:solid;border-width:2px 2px 2px 2px;border-color:#0085BB;border-radius:33px 33px 33px 33px;padding:14px 20px 14px 20px;}.elementor-29436 .elementor-element.elementor-element-2d8b95e .elementor-button:hover, .elementor-29436 .elementor-element.elementor-element-2d8b95e .elementor-button:focus{background-color:#FFFFFF;color:#0085BB;border-color:#0085BB;}.elementor-29436 .elementor-element.elementor-element-2d8b95e > .elementor-widget-container{margin:2% 0% 1% 0%;}.elementor-29436 .elementor-element.elementor-element-2d8b95e .elementor-button:hover svg, .elementor-29436 .elementor-element.elementor-element-2d8b95e .elementor-button:focus svg{fill:#0085BB;}@media(max-width:767px){.elementor-29436 .elementor-element.elementor-element-2d8b95e > .elementor-widget-container{margin:-20px 0px 50px 0px;}}<\/style><div class=\"porto-block\" data-id=\"29436\">\t\t<div data-elementor-type=\"wp-post\" data-elementor-id=\"29436\" class=\"elementor elementor-29436 elementor-29420\" data-elementor-post-type=\"porto_builder\">\n\t\t\t\t\t\t<section class=\"elementor-section elementor-top-section elementor-element elementor-element-4601687 elementor-section-boxed elementor-section-height-default elementor-section-height-default\" data-id=\"4601687\" data-element_type=\"section\">\r\n\t\t\r\n\t\t\t\t\t\t\t<div class=\"elementor-container elementor-column-gap-default\">\r\n\t\t\t\t\t\t\t\t\t\t\t<div class=\"elementor-column elementor-col-100 elementor-top-column elementor-element elementor-element-7f3a8ac\" data-id=\"7f3a8ac\" data-element_type=\"column\">\r\n\t\t\t\t\t<div class=\"elementor-widget-wrap elementor-element-populated\">\r\n\t\t\t\t\t\t\t\t<div class=\"elementor-element elementor-element-2d8b95e elementor-align-left elementor-widget elementor-widget-button\" data-id=\"2d8b95e\" data-element_type=\"widget\" data-widget_type=\"button.default\">\n\t\t\t\t<div class=\"elementor-widget-container\">\n\t\t\t\t\t\t\t\t\t<div class=\"elementor-button-wrapper\">\n\t\t\t\t\t<a class=\"elementor-button elementor-button-link elementor-size-md\" href=\"https:\/\/www.intarcon.com\/fr\/conseils-techniques\/\">\n\t\t\t\t\t\t<span class=\"elementor-button-content-wrapper\">\n\t\t\t\t\t\t\t\t\t<span class=\"elementor-button-text\">Demande conseils techniques<\/span>\n\t\t\t\t\t<\/span>\n\t\t\t\t\t<\/a>\n\t\t\t\t<\/div>\n\t\t\t\t\t\t\t\t<\/div>\n\t\t\t\t<\/div>\n\t\t\t\t\t<\/div>\r\n\t\t\t\t<\/div>\r\n\t\t\t\t\t<\/div>\r\n\t\t\t\t<\/section>\r\n\t\t\t\t<\/div>\n\t\t<\/div><\/p>\n","protected":false},"featured_media":89263,"template":"","meta":[],"product_brand":[],"product_cat":[358,366],"product_tag":[],"class_list":{"0":"post-39300","1":"product","2":"type-product","3":"status-publish","4":"has-post-thumbnail","6":"product_cat-co2","7":"product_cat-evaporateurs-co2","9":"first","10":"instock","11":"shipping-taxable","12":"product-type-simple"},"yoast_head":"<!-- This site is optimized with the Yoast SEO plugin v25.5 - https:\/\/yoast.com\/wordpress\/plugins\/seo\/ -->\n<title>\u00c9vaporateur cubique industriel de CO2 - INTARCON<\/title>\n<meta name=\"description\" content=\"Le \u00e9vaporateur cubique industriel INTARCON sont con\u00e7us pour couvrir une large gamme de puissance dans les constructions les plus courantes.\" \/>\n<meta name=\"robots\" content=\"index, follow, max-snippet:-1, max-image-preview:large, max-video-preview:-1\" \/>\n<link rel=\"canonical\" href=\"https:\/\/www.intarcon.com\/fr\/produit\/evaporateur-cubique-industriel-co2\/\" \/>\n<meta property=\"og:locale\" content=\"fr_FR\" \/>\n<meta property=\"og:type\" content=\"article\" \/>\n<meta property=\"og:title\" content=\"\u00c9vaporateur cubique industriel de CO2 - INTARCON\" \/>\n<meta property=\"og:description\" content=\"Le \u00e9vaporateur cubique industriel INTARCON sont con\u00e7us pour couvrir une large gamme de puissance dans les constructions les plus courantes.\" \/>\n<meta property=\"og:url\" content=\"https:\/\/www.intarcon.com\/fr\/produit\/evaporateur-cubique-industriel-co2\/\" \/>\n<meta property=\"og:site_name\" content=\"INTARCON\" \/>\n<meta property=\"article:publisher\" content=\"https:\/\/www.facebook.com\/intarcon\/\" \/>\n<meta property=\"article:modified_time\" content=\"2022-11-28T13:14:49+00:00\" \/>\n<meta property=\"og:image\" content=\"https:\/\/www.intarcon.com\/wp-content\/uploads\/2021\/12\/kh-co2-intarcon.webp\" \/>\n\t<meta property=\"og:image:width\" content=\"600\" \/>\n\t<meta property=\"og:image:height\" content=\"600\" \/>\n\t<meta property=\"og:image:type\" content=\"image\/webp\" \/>\n<meta name=\"twitter:card\" content=\"summary_large_image\" \/>\n<meta name=\"twitter:site\" content=\"@Intarcon\" \/>\n<meta name=\"twitter:label1\" content=\"Est. reading time\" \/>\n\t<meta name=\"twitter:data1\" content=\"1 minute\" \/>\n<script type=\"application\/ld+json\" class=\"yoast-schema-graph\">{\"@context\":\"https:\/\/schema.org\",\"@graph\":[{\"@type\":\"WebPage\",\"@id\":\"https:\/\/www.intarcon.com\/fr\/produit\/evaporateur-cubique-industriel-co2\/\",\"url\":\"https:\/\/www.intarcon.com\/fr\/produit\/evaporateur-cubique-industriel-co2\/\",\"name\":\"\u00c9vaporateur cubique industriel de CO2 - INTARCON\",\"isPartOf\":{\"@id\":\"https:\/\/www.intarcon.com\/fr\/#website\"},\"primaryImageOfPage\":{\"@id\":\"https:\/\/www.intarcon.com\/fr\/produit\/evaporateur-cubique-industriel-co2\/#primaryimage\"},\"image\":{\"@id\":\"https:\/\/www.intarcon.com\/fr\/produit\/evaporateur-cubique-industriel-co2\/#primaryimage\"},\"thumbnailUrl\":\"https:\/\/www.intarcon.com\/wp-content\/uploads\/2021\/12\/evaporador-co2-tipo-cubico-industrial.webp\",\"datePublished\":\"2021-12-16T13:36:52+00:00\",\"dateModified\":\"2022-11-28T13:14:49+00:00\",\"description\":\"Le \u00e9vaporateur cubique industriel INTARCON sont con\u00e7us pour couvrir une large gamme de puissance dans les constructions les plus courantes.\",\"breadcrumb\":{\"@id\":\"https:\/\/www.intarcon.com\/fr\/produit\/evaporateur-cubique-industriel-co2\/#breadcrumb\"},\"inLanguage\":\"fr\",\"potentialAction\":[{\"@type\":\"ReadAction\",\"target\":[\"https:\/\/www.intarcon.com\/fr\/produit\/evaporateur-cubique-industriel-co2\/\"]}]},{\"@type\":\"ImageObject\",\"inLanguage\":\"fr\",\"@id\":\"https:\/\/www.intarcon.com\/fr\/produit\/evaporateur-cubique-industriel-co2\/#primaryimage\",\"url\":\"https:\/\/www.intarcon.com\/wp-content\/uploads\/2021\/12\/evaporador-co2-tipo-cubico-industrial.webp\",\"contentUrl\":\"https:\/\/www.intarcon.com\/wp-content\/uploads\/2021\/12\/evaporador-co2-tipo-cubico-industrial.webp\",\"width\":600,\"height\":600,\"caption\":\"Evaporador de refrigeraci\u00f3n con CO2 tipo c\u00fabico industrial - INTARCON\"},{\"@type\":\"BreadcrumbList\",\"@id\":\"https:\/\/www.intarcon.com\/fr\/produit\/evaporateur-cubique-industriel-co2\/#breadcrumb\",\"itemListElement\":[{\"@type\":\"ListItem\",\"position\":1,\"name\":\"Portada\",\"item\":\"https:\/\/www.intarcon.com\/fr\/\"},{\"@type\":\"ListItem\",\"position\":2,\"name\":\"Producto\",\"item\":\"https:\/\/www.intarcon.com\/producto\/\"},{\"@type\":\"ListItem\",\"position\":3,\"name\":\"CO2\",\"item\":\"https:\/\/www.intarcon.com\/fr\/technologie\/co2\/\"},{\"@type\":\"ListItem\",\"position\":4,\"name\":\"Cubique industriel\"}]},{\"@type\":\"WebSite\",\"@id\":\"https:\/\/www.intarcon.com\/fr\/#website\",\"url\":\"https:\/\/www.intarcon.com\/fr\/\",\"name\":\"INTARCON\",\"description\":\"\",\"potentialAction\":[{\"@type\":\"SearchAction\",\"target\":{\"@type\":\"EntryPoint\",\"urlTemplate\":\"https:\/\/www.intarcon.com\/fr\/?s={search_term_string}\"},\"query-input\":{\"@type\":\"PropertyValueSpecification\",\"valueRequired\":true,\"valueName\":\"search_term_string\"}}],\"inLanguage\":\"fr\"}]}<\/script>\n<!-- \/ Yoast SEO plugin. -->","yoast_head_json":{"title":"\u00c9vaporateur cubique industriel de CO2 - INTARCON","description":"Le \u00e9vaporateur cubique industriel INTARCON sont con\u00e7us pour couvrir une large gamme de puissance dans les constructions les plus courantes.","robots":{"index":"index","follow":"follow","max-snippet":"max-snippet:-1","max-image-preview":"max-image-preview:large","max-video-preview":"max-video-preview:-1"},"canonical":"https:\/\/www.intarcon.com\/fr\/produit\/evaporateur-cubique-industriel-co2\/","og_locale":"fr_FR","og_type":"article","og_title":"\u00c9vaporateur cubique industriel de CO2 - INTARCON","og_description":"Le \u00e9vaporateur cubique industriel INTARCON sont con\u00e7us pour couvrir une large gamme de puissance dans les constructions les plus courantes.","og_url":"https:\/\/www.intarcon.com\/fr\/produit\/evaporateur-cubique-industriel-co2\/","og_site_name":"INTARCON","article_publisher":"https:\/\/www.facebook.com\/intarcon\/","article_modified_time":"2022-11-28T13:14:49+00:00","og_image":[{"width":600,"height":600,"url":"https:\/\/www.intarcon.com\/wp-content\/uploads\/2021\/12\/kh-co2-intarcon.webp","type":"image\/webp"}],"twitter_card":"summary_large_image","twitter_site":"@Intarcon","twitter_misc":{"Est. reading time":"1 minute"},"schema":{"@context":"https:\/\/schema.org","@graph":[{"@type":"WebPage","@id":"https:\/\/www.intarcon.com\/fr\/produit\/evaporateur-cubique-industriel-co2\/","url":"https:\/\/www.intarcon.com\/fr\/produit\/evaporateur-cubique-industriel-co2\/","name":"\u00c9vaporateur cubique industriel de CO2 - INTARCON","isPartOf":{"@id":"https:\/\/www.intarcon.com\/fr\/#website"},"primaryImageOfPage":{"@id":"https:\/\/www.intarcon.com\/fr\/produit\/evaporateur-cubique-industriel-co2\/#primaryimage"},"image":{"@id":"https:\/\/www.intarcon.com\/fr\/produit\/evaporateur-cubique-industriel-co2\/#primaryimage"},"thumbnailUrl":"https:\/\/www.intarcon.com\/wp-content\/uploads\/2021\/12\/evaporador-co2-tipo-cubico-industrial.webp","datePublished":"2021-12-16T13:36:52+00:00","dateModified":"2022-11-28T13:14:49+00:00","description":"Le \u00e9vaporateur cubique industriel INTARCON sont con\u00e7us pour couvrir une large gamme de puissance dans les constructions les plus courantes.","breadcrumb":{"@id":"https:\/\/www.intarcon.com\/fr\/produit\/evaporateur-cubique-industriel-co2\/#breadcrumb"},"inLanguage":"fr","potentialAction":[{"@type":"ReadAction","target":["https:\/\/www.intarcon.com\/fr\/produit\/evaporateur-cubique-industriel-co2\/"]}]},{"@type":"ImageObject","inLanguage":"fr","@id":"https:\/\/www.intarcon.com\/fr\/produit\/evaporateur-cubique-industriel-co2\/#primaryimage","url":"https:\/\/www.intarcon.com\/wp-content\/uploads\/2021\/12\/evaporador-co2-tipo-cubico-industrial.webp","contentUrl":"https:\/\/www.intarcon.com\/wp-content\/uploads\/2021\/12\/evaporador-co2-tipo-cubico-industrial.webp","width":600,"height":600,"caption":"Evaporador de refrigeraci\u00f3n con CO2 tipo c\u00fabico industrial - INTARCON"},{"@type":"BreadcrumbList","@id":"https:\/\/www.intarcon.com\/fr\/produit\/evaporateur-cubique-industriel-co2\/#breadcrumb","itemListElement":[{"@type":"ListItem","position":1,"name":"Portada","item":"https:\/\/www.intarcon.com\/fr\/"},{"@type":"ListItem","position":2,"name":"Producto","item":"https:\/\/www.intarcon.com\/producto\/"},{"@type":"ListItem","position":3,"name":"CO2","item":"https:\/\/www.intarcon.com\/fr\/technologie\/co2\/"},{"@type":"ListItem","position":4,"name":"Cubique industriel"}]},{"@type":"WebSite","@id":"https:\/\/www.intarcon.com\/fr\/#website","url":"https:\/\/www.intarcon.com\/fr\/","name":"INTARCON","description":"","potentialAction":[{"@type":"SearchAction","target":{"@type":"EntryPoint","urlTemplate":"https:\/\/www.intarcon.com\/fr\/?s={search_term_string}"},"query-input":{"@type":"PropertyValueSpecification","valueRequired":true,"valueName":"search_term_string"}}],"inLanguage":"fr"}]}},"_links":{"self":[{"href":"https:\/\/www.intarcon.com\/fr\/wp-json\/wp\/v2\/product\/39300","targetHints":{"allow":["GET"]}}],"collection":[{"href":"https:\/\/www.intarcon.com\/fr\/wp-json\/wp\/v2\/product"}],"about":[{"href":"https:\/\/www.intarcon.com\/fr\/wp-json\/wp\/v2\/types\/product"}],"version-history":[{"count":0,"href":"https:\/\/www.intarcon.com\/fr\/wp-json\/wp\/v2\/product\/39300\/revisions"}],"wp:featuredmedia":[{"embeddable":true,"href":"https:\/\/www.intarcon.com\/fr\/wp-json\/wp\/v2\/media\/89263"}],"wp:attachment":[{"href":"https:\/\/www.intarcon.com\/fr\/wp-json\/wp\/v2\/media?parent=39300"}],"wp:term":[{"taxonomy":"product_brand","embeddable":true,"href":"https:\/\/www.intarcon.com\/fr\/wp-json\/wp\/v2\/product_brand?post=39300"},{"taxonomy":"product_cat","embeddable":true,"href":"https:\/\/www.intarcon.com\/fr\/wp-json\/wp\/v2\/product_cat?post=39300"},{"taxonomy":"product_tag","embeddable":true,"href":"https:\/\/www.intarcon.com\/fr\/wp-json\/wp\/v2\/product_tag?post=39300"}],"curies":[{"name":"wp","href":"https:\/\/api.w.org\/{rel}","templated":true}]}}