{"id":28254,"date":"2019-06-23T15:59:04","date_gmt":"2019-06-23T13:59:04","guid":{"rendered":"https:\/\/www.intarcon.com\/product\/eco2cube\/"},"modified":"2022-11-28T10:56:12","modified_gmt":"2022-11-28T08:56:12","slug":"eco2cube","status":"publish","type":"product","link":"https:\/\/www.intarcon.com\/fr\/produit\/eco2cube\/","title":{"rendered":"ECO<sub>2<\/sub>CUBE"},"content":{"rendered":"<p>Centrales compactes de CO2 transcritique avec gas cooler incorpor\u00e9 pour la production simultan\u00e9e de froid positif et n\u00e9gatif en aplicaciones comerciales de 30 \u00e0 100 kW de puissance de refroidissement. Ces \u00e9quipements se distinguent par :<\/p>\n<ul>\n<li>Grande fiabilit\u00e9 et efficacit\u00e9 \u00e9nerg\u00e9tique dans les climats chauds.<\/li>\n<li>Durabilit\u00e9 environnementale.<\/li>\n<li>Installation rapide Plug &amp; Play.<\/li>\n<li>Conforme F-Gaz 2022.<\/li>\n<\/ul>\n<p><img fetchpriority=\"high\" decoding=\"async\" class=\"size-full wp-image-63064 aligncenter\" src=\"https:\/\/www.intarcon.com\/wp-content\/uploads\/2019\/06\/fr-2022-composant-du-eco2cube.webp\" alt=\"Composant du ECO2Cube - INTARCON\" width=\"864\" height=\"445\" srcset=\"https:\/\/www.intarcon.com\/wp-content\/uploads\/2019\/06\/fr-2022-composant-du-eco2cube.webp 864w, https:\/\/www.intarcon.com\/wp-content\/uploads\/2019\/06\/fr-2022-composant-du-eco2cube-768x396.webp 768w, https:\/\/www.intarcon.com\/wp-content\/uploads\/2019\/06\/fr-2022-composant-du-eco2cube-640x330.webp 640w, https:\/\/www.intarcon.com\/wp-content\/uploads\/2019\/06\/fr-2022-composant-du-eco2cube-400x206.webp 400w, https:\/\/www.intarcon.com\/wp-content\/uploads\/2019\/06\/fr-2022-composant-du-eco2cube-450x231.webp 450w, https:\/\/www.intarcon.com\/wp-content\/uploads\/2019\/06\/fr-2022-composant-du-eco2cube-367x189.webp 367w, https:\/\/www.intarcon.com\/wp-content\/uploads\/2019\/06\/fr-2022-composant-du-eco2cube-600x309.webp 600w\" sizes=\"(max-width: 864px) 100vw, 864px\" \/><\/p>\n<p>&nbsp;<\/p>\n<p><strong>Exemple d&#8217; installation dans un supermarch\u00e9<\/strong><\/p>\n<p>La gamme ECO2CUBE a \u00e9t\u00e9 con\u00e7u pour r\u00e9pondre aux besoins de r\u00e9frig\u00e9ration des supermarch\u00e9s de taille moyenne et autres \u00e9tablissements commerciaux \u00e0 diff\u00e9rentes temp\u00e9ratures.<\/p>\n<p>&nbsp;<\/p>\n<p><img decoding=\"async\" class=\"size-full wp-image-63069 aligncenter\" src=\"https:\/\/www.intarcon.com\/wp-content\/uploads\/2019\/06\/fr-2022-installation-du-eco2cube.webp\" alt=\"Installation du ECO2Cube - INTARCON\" width=\"863\" height=\"433\" srcset=\"https:\/\/www.intarcon.com\/wp-content\/uploads\/2019\/06\/fr-2022-installation-du-eco2cube.webp 863w, https:\/\/www.intarcon.com\/wp-content\/uploads\/2019\/06\/fr-2022-installation-du-eco2cube-768x385.webp 768w, https:\/\/www.intarcon.com\/wp-content\/uploads\/2019\/06\/fr-2022-installation-du-eco2cube-640x321.webp 640w, https:\/\/www.intarcon.com\/wp-content\/uploads\/2019\/06\/fr-2022-installation-du-eco2cube-400x201.webp 400w, https:\/\/www.intarcon.com\/wp-content\/uploads\/2019\/06\/fr-2022-installation-du-eco2cube-367x184.webp 367w, https:\/\/www.intarcon.com\/wp-content\/uploads\/2019\/06\/fr-2022-installation-du-eco2cube-600x301.webp 600w\" sizes=\"(max-width: 863px) 100vw, 863px\" \/><\/p>\n","protected":false},"excerpt":{"rendered":"<h2 style=\"color: #999999; font-size: 18px; margin-bottom: 0px;\">Centrales de r\u00e9frig\u00e9ration au CO<sub>2<\/sub><\/h2>\n<p><span style=\"font-size: 18px; color: #999999;\">Centrales frigorifiques condens\u00e9es par air de CO<sub>2<\/sub> en double aspiration, pour obtenir une capacit\u00e9 frigorifique totale de 20 \u00e0 60 kW (BT + MT).<\/span><br \/>\n<style>.elementor-widget-button .elementor-button{background-color:var( --e-global-color-accent );}.elementor-29436 .elementor-element.elementor-element-2d8b95e .elementor-button{background-color:#0085BB;font-family:\"Roboto\", Montserrat;font-size:1.1em;font-weight:600;text-decoration:none;fill:#FFFFFF;color:#FFFFFF;border-style:solid;border-width:2px 2px 2px 2px;border-color:#0085BB;border-radius:33px 33px 33px 33px;padding:14px 20px 14px 20px;}.elementor-29436 .elementor-element.elementor-element-2d8b95e .elementor-button:hover, .elementor-29436 .elementor-element.elementor-element-2d8b95e .elementor-button:focus{background-color:#FFFFFF;color:#0085BB;border-color:#0085BB;}.elementor-29436 .elementor-element.elementor-element-2d8b95e > .elementor-widget-container{margin:2% 0% 1% 0%;}.elementor-29436 .elementor-element.elementor-element-2d8b95e .elementor-button:hover svg, .elementor-29436 .elementor-element.elementor-element-2d8b95e .elementor-button:focus svg{fill:#0085BB;}@media(max-width:767px){.elementor-29436 .elementor-element.elementor-element-2d8b95e > .elementor-widget-container{margin:-20px 0px 50px 0px;}}<\/style><div class=\"porto-block\" data-id=\"29436\">\t\t<div data-elementor-type=\"wp-post\" data-elementor-id=\"29436\" class=\"elementor elementor-29436 elementor-29420\" data-elementor-post-type=\"porto_builder\">\n\t\t\t\t\t\t<section class=\"elementor-section elementor-top-section elementor-element elementor-element-4601687 elementor-section-boxed elementor-section-height-default elementor-section-height-default\" data-id=\"4601687\" data-element_type=\"section\">\r\n\t\t\r\n\t\t\t\t\t\t\t<div class=\"elementor-container elementor-column-gap-default\">\r\n\t\t\t\t\t\t\t\t\t\t\t<div class=\"elementor-column elementor-col-100 elementor-top-column elementor-element elementor-element-7f3a8ac\" data-id=\"7f3a8ac\" data-element_type=\"column\">\r\n\t\t\t\t\t<div class=\"elementor-widget-wrap elementor-element-populated\">\r\n\t\t\t\t\t\t\t\t<div class=\"elementor-element elementor-element-2d8b95e elementor-align-left elementor-widget elementor-widget-button\" data-id=\"2d8b95e\" data-element_type=\"widget\" data-widget_type=\"button.default\">\n\t\t\t\t<div class=\"elementor-widget-container\">\n\t\t\t\t\t\t\t\t\t<div class=\"elementor-button-wrapper\">\n\t\t\t\t\t<a class=\"elementor-button elementor-button-link elementor-size-md\" href=\"https:\/\/www.intarcon.com\/fr\/conseils-techniques\/\">\n\t\t\t\t\t\t<span class=\"elementor-button-content-wrapper\">\n\t\t\t\t\t\t\t\t\t<span class=\"elementor-button-text\">Demande conseils techniques<\/span>\n\t\t\t\t\t<\/span>\n\t\t\t\t\t<\/a>\n\t\t\t\t<\/div>\n\t\t\t\t\t\t\t\t<\/div>\n\t\t\t\t<\/div>\n\t\t\t\t\t<\/div>\r\n\t\t\t\t<\/div>\r\n\t\t\t\t\t<\/div>\r\n\t\t\t\t<\/section>\r\n\t\t\t\t<\/div>\n\t\t<\/div><\/p>\n","protected":false},"featured_media":89186,"template":"","meta":[],"product_brand":[],"product_cat":[362],"product_tag":[],"class_list":{"0":"post-28254","1":"product","2":"type-product","3":"status-publish","4":"has-post-thumbnail","6":"product_cat-usines-de-co2","8":"first","9":"instock","10":"featured","11":"shipping-taxable","12":"product-type-simple"},"yoast_head":"<!-- This site is optimized with the Yoast SEO plugin v25.5 - https:\/\/yoast.com\/wordpress\/plugins\/seo\/ -->\n<title>ECO2CUBE - INTARCON<\/title>\n<meta name=\"description\" content=\"Groupe frigorifique ECO2CUBE CO2 \u00e0 double aspiration, refroidi par air, d&#039;une puissance frigorifique totale de 20 \u00e0 60 kW (BT + MV).\" \/>\n<meta name=\"robots\" content=\"index, follow, max-snippet:-1, max-image-preview:large, max-video-preview:-1\" \/>\n<link rel=\"canonical\" href=\"https:\/\/www.intarcon.com\/fr\/produit\/eco2cube\/\" \/>\n<meta property=\"og:locale\" content=\"fr_FR\" \/>\n<meta property=\"og:type\" content=\"article\" \/>\n<meta property=\"og:title\" content=\"ECO2CUBE - INTARCON\" \/>\n<meta property=\"og:description\" content=\"Groupe frigorifique ECO2CUBE CO2 \u00e0 double aspiration, refroidi par air, d&#039;une puissance frigorifique totale de 20 \u00e0 60 kW (BT + MV).\" \/>\n<meta property=\"og:url\" content=\"https:\/\/www.intarcon.com\/fr\/produit\/eco2cube\/\" \/>\n<meta property=\"og:site_name\" content=\"INTARCON\" \/>\n<meta property=\"article:publisher\" content=\"https:\/\/www.facebook.com\/intarcon\/\" \/>\n<meta property=\"article:modified_time\" content=\"2022-11-28T08:56:12+00:00\" \/>\n<meta property=\"og:image\" content=\"https:\/\/www.intarcon.com\/wp-content\/uploads\/2022\/03\/eco2cube2-intarcon.webp\" \/>\n\t<meta property=\"og:image:width\" content=\"600\" \/>\n\t<meta property=\"og:image:height\" content=\"600\" \/>\n\t<meta property=\"og:image:type\" content=\"image\/webp\" \/>\n<meta name=\"twitter:card\" content=\"summary_large_image\" \/>\n<meta name=\"twitter:site\" content=\"@Intarcon\" \/>\n<meta name=\"twitter:label1\" content=\"Est. reading time\" \/>\n\t<meta name=\"twitter:data1\" content=\"1 minute\" \/>\n<script type=\"application\/ld+json\" class=\"yoast-schema-graph\">{\"@context\":\"https:\/\/schema.org\",\"@graph\":[{\"@type\":\"WebPage\",\"@id\":\"https:\/\/www.intarcon.com\/fr\/produit\/eco2cube\/\",\"url\":\"https:\/\/www.intarcon.com\/fr\/produit\/eco2cube\/\",\"name\":\"ECO2CUBE - INTARCON\",\"isPartOf\":{\"@id\":\"https:\/\/www.intarcon.com\/fr\/#website\"},\"primaryImageOfPage\":{\"@id\":\"https:\/\/www.intarcon.com\/fr\/produit\/eco2cube\/#primaryimage\"},\"image\":{\"@id\":\"https:\/\/www.intarcon.com\/fr\/produit\/eco2cube\/#primaryimage\"},\"thumbnailUrl\":\"https:\/\/www.intarcon.com\/wp-content\/uploads\/2019\/06\/central-refrigeracion-co2-transcritico-eco2cube.webp\",\"datePublished\":\"2019-06-23T13:59:04+00:00\",\"dateModified\":\"2022-11-28T08:56:12+00:00\",\"description\":\"Groupe frigorifique ECO2CUBE CO2 \u00e0 double aspiration, refroidi par air, d'une puissance frigorifique totale de 20 \u00e0 60 kW (BT + MV).\",\"breadcrumb\":{\"@id\":\"https:\/\/www.intarcon.com\/fr\/produit\/eco2cube\/#breadcrumb\"},\"inLanguage\":\"fr\",\"potentialAction\":[{\"@type\":\"ReadAction\",\"target\":[\"https:\/\/www.intarcon.com\/fr\/produit\/eco2cube\/\"]}]},{\"@type\":\"ImageObject\",\"inLanguage\":\"fr\",\"@id\":\"https:\/\/www.intarcon.com\/fr\/produit\/eco2cube\/#primaryimage\",\"url\":\"https:\/\/www.intarcon.com\/wp-content\/uploads\/2019\/06\/central-refrigeracion-co2-transcritico-eco2cube.webp\",\"contentUrl\":\"https:\/\/www.intarcon.com\/wp-content\/uploads\/2019\/06\/central-refrigeracion-co2-transcritico-eco2cube.webp\",\"width\":600,\"height\":600,\"caption\":\"Central de refrigeraci\u00f3n comercial de CO2 transcr\u00edtico ECO2CUBE - INTARCON\"},{\"@type\":\"BreadcrumbList\",\"@id\":\"https:\/\/www.intarcon.com\/fr\/produit\/eco2cube\/#breadcrumb\",\"itemListElement\":[{\"@type\":\"ListItem\",\"position\":1,\"name\":\"Portada\",\"item\":\"https:\/\/www.intarcon.com\/fr\/\"},{\"@type\":\"ListItem\",\"position\":2,\"name\":\"Producto\",\"item\":\"https:\/\/www.intarcon.com\/producto\/\"},{\"@type\":\"ListItem\",\"position\":3,\"name\":\"CO2\",\"item\":\"https:\/\/www.intarcon.com\/fr\/technologie\/co2\/\"},{\"@type\":\"ListItem\",\"position\":4,\"name\":\"Usines de CO2\",\"item\":\"https:\/\/www.intarcon.com\/fr\/technologie\/co2\/usines-de-co2\/\"},{\"@type\":\"ListItem\",\"position\":5,\"name\":\"ECO2CUBE\"}]},{\"@type\":\"WebSite\",\"@id\":\"https:\/\/www.intarcon.com\/fr\/#website\",\"url\":\"https:\/\/www.intarcon.com\/fr\/\",\"name\":\"INTARCON\",\"description\":\"\",\"potentialAction\":[{\"@type\":\"SearchAction\",\"target\":{\"@type\":\"EntryPoint\",\"urlTemplate\":\"https:\/\/www.intarcon.com\/fr\/?s={search_term_string}\"},\"query-input\":{\"@type\":\"PropertyValueSpecification\",\"valueRequired\":true,\"valueName\":\"search_term_string\"}}],\"inLanguage\":\"fr\"}]}<\/script>\n<!-- \/ Yoast SEO plugin. -->","yoast_head_json":{"title":"ECO2CUBE - INTARCON","description":"Groupe frigorifique ECO2CUBE CO2 \u00e0 double aspiration, refroidi par air, d'une puissance frigorifique totale de 20 \u00e0 60 kW (BT + MV).","robots":{"index":"index","follow":"follow","max-snippet":"max-snippet:-1","max-image-preview":"max-image-preview:large","max-video-preview":"max-video-preview:-1"},"canonical":"https:\/\/www.intarcon.com\/fr\/produit\/eco2cube\/","og_locale":"fr_FR","og_type":"article","og_title":"ECO2CUBE - INTARCON","og_description":"Groupe frigorifique ECO2CUBE CO2 \u00e0 double aspiration, refroidi par air, d'une puissance frigorifique totale de 20 \u00e0 60 kW (BT + MV).","og_url":"https:\/\/www.intarcon.com\/fr\/produit\/eco2cube\/","og_site_name":"INTARCON","article_publisher":"https:\/\/www.facebook.com\/intarcon\/","article_modified_time":"2022-11-28T08:56:12+00:00","og_image":[{"width":600,"height":600,"url":"https:\/\/www.intarcon.com\/wp-content\/uploads\/2022\/03\/eco2cube2-intarcon.webp","type":"image\/webp"}],"twitter_card":"summary_large_image","twitter_site":"@Intarcon","twitter_misc":{"Est. reading time":"1 minute"},"schema":{"@context":"https:\/\/schema.org","@graph":[{"@type":"WebPage","@id":"https:\/\/www.intarcon.com\/fr\/produit\/eco2cube\/","url":"https:\/\/www.intarcon.com\/fr\/produit\/eco2cube\/","name":"ECO2CUBE - INTARCON","isPartOf":{"@id":"https:\/\/www.intarcon.com\/fr\/#website"},"primaryImageOfPage":{"@id":"https:\/\/www.intarcon.com\/fr\/produit\/eco2cube\/#primaryimage"},"image":{"@id":"https:\/\/www.intarcon.com\/fr\/produit\/eco2cube\/#primaryimage"},"thumbnailUrl":"https:\/\/www.intarcon.com\/wp-content\/uploads\/2019\/06\/central-refrigeracion-co2-transcritico-eco2cube.webp","datePublished":"2019-06-23T13:59:04+00:00","dateModified":"2022-11-28T08:56:12+00:00","description":"Groupe frigorifique ECO2CUBE CO2 \u00e0 double aspiration, refroidi par air, d'une puissance frigorifique totale de 20 \u00e0 60 kW (BT + MV).","breadcrumb":{"@id":"https:\/\/www.intarcon.com\/fr\/produit\/eco2cube\/#breadcrumb"},"inLanguage":"fr","potentialAction":[{"@type":"ReadAction","target":["https:\/\/www.intarcon.com\/fr\/produit\/eco2cube\/"]}]},{"@type":"ImageObject","inLanguage":"fr","@id":"https:\/\/www.intarcon.com\/fr\/produit\/eco2cube\/#primaryimage","url":"https:\/\/www.intarcon.com\/wp-content\/uploads\/2019\/06\/central-refrigeracion-co2-transcritico-eco2cube.webp","contentUrl":"https:\/\/www.intarcon.com\/wp-content\/uploads\/2019\/06\/central-refrigeracion-co2-transcritico-eco2cube.webp","width":600,"height":600,"caption":"Central de refrigeraci\u00f3n comercial de CO2 transcr\u00edtico ECO2CUBE - INTARCON"},{"@type":"BreadcrumbList","@id":"https:\/\/www.intarcon.com\/fr\/produit\/eco2cube\/#breadcrumb","itemListElement":[{"@type":"ListItem","position":1,"name":"Portada","item":"https:\/\/www.intarcon.com\/fr\/"},{"@type":"ListItem","position":2,"name":"Producto","item":"https:\/\/www.intarcon.com\/producto\/"},{"@type":"ListItem","position":3,"name":"CO2","item":"https:\/\/www.intarcon.com\/fr\/technologie\/co2\/"},{"@type":"ListItem","position":4,"name":"Usines de CO2","item":"https:\/\/www.intarcon.com\/fr\/technologie\/co2\/usines-de-co2\/"},{"@type":"ListItem","position":5,"name":"ECO2CUBE"}]},{"@type":"WebSite","@id":"https:\/\/www.intarcon.com\/fr\/#website","url":"https:\/\/www.intarcon.com\/fr\/","name":"INTARCON","description":"","potentialAction":[{"@type":"SearchAction","target":{"@type":"EntryPoint","urlTemplate":"https:\/\/www.intarcon.com\/fr\/?s={search_term_string}"},"query-input":{"@type":"PropertyValueSpecification","valueRequired":true,"valueName":"search_term_string"}}],"inLanguage":"fr"}]}},"_links":{"self":[{"href":"https:\/\/www.intarcon.com\/fr\/wp-json\/wp\/v2\/product\/28254","targetHints":{"allow":["GET"]}}],"collection":[{"href":"https:\/\/www.intarcon.com\/fr\/wp-json\/wp\/v2\/product"}],"about":[{"href":"https:\/\/www.intarcon.com\/fr\/wp-json\/wp\/v2\/types\/product"}],"version-history":[{"count":0,"href":"https:\/\/www.intarcon.com\/fr\/wp-json\/wp\/v2\/product\/28254\/revisions"}],"wp:featuredmedia":[{"embeddable":true,"href":"https:\/\/www.intarcon.com\/fr\/wp-json\/wp\/v2\/media\/89186"}],"wp:attachment":[{"href":"https:\/\/www.intarcon.com\/fr\/wp-json\/wp\/v2\/media?parent=28254"}],"wp:term":[{"taxonomy":"product_brand","embeddable":true,"href":"https:\/\/www.intarcon.com\/fr\/wp-json\/wp\/v2\/product_brand?post=28254"},{"taxonomy":"product_cat","embeddable":true,"href":"https:\/\/www.intarcon.com\/fr\/wp-json\/wp\/v2\/product_cat?post=28254"},{"taxonomy":"product_tag","embeddable":true,"href":"https:\/\/www.intarcon.com\/fr\/wp-json\/wp\/v2\/product_tag?post=28254"}],"curies":[{"name":"wp","href":"https:\/\/api.w.org\/{rel}","templated":true}]}}