{"id":23891,"date":"2021-04-14T14:39:38","date_gmt":"2021-04-14T12:39:38","guid":{"rendered":"https:\/\/www.intarcon.com\/?post_type=product&#038;p=23891"},"modified":"2022-11-24T14:50:52","modified_gmt":"2022-11-24T12:50:52","slug":"intarsanit-tpd","status":"publish","type":"product","link":"https:\/\/www.intarcon.com\/fr\/produit\/intarsanit-tpd\/","title":{"rendered":"intarSANIT-TPD"},"content":{"rendered":"\t\t<div data-elementor-type=\"wp-post\" data-elementor-id=\"23891\" class=\"elementor elementor-23891 elementor-23888\" data-elementor-post-type=\"product\">\n\t\t\t\t\t\t<section class=\"elementor-section elementor-top-section elementor-element elementor-element-32bdadbd elementor-section-boxed elementor-section-height-default elementor-section-height-default\" data-id=\"32bdadbd\" data-element_type=\"section\">\r\n\t\t\r\n\t\t\t\t\t\t\t<div class=\"elementor-container elementor-column-gap-default\">\r\n\t\t\t\t\t\t\t\t\t\t\t<div class=\"elementor-column elementor-col-100 elementor-top-column elementor-element elementor-element-16841f97\" data-id=\"16841f97\" data-element_type=\"column\">\r\n\t\t\t\t\t<div class=\"elementor-widget-wrap elementor-element-populated\">\r\n\t\t\t\t\t\t\t\t<div class=\"elementor-element elementor-element-58d6b382 elementor-widget elementor-widget-text-editor\" data-id=\"58d6b382\" data-element_type=\"widget\" data-widget_type=\"text-editor.default\">\n\t\t\t\t<div class=\"elementor-widget-container\">\n\t\t\t\t\t\t\t\t\tintarSANIT-TPD est la solution pour la st\u00e9rilisation et la purification d\u2019air dans les salles de traitement des aliments, les cuisines industrielles, les salles blanches et autres \u00e9tablissements. Le syst\u00e8me de st\u00e9rilisation intarSANIT-TPD inactive et d\u00e9truit les microorganismes pr\u00e9sents dans l\u2019air, tels que les virus, les bact\u00e9ries et les spores, afin d\u2019emp\u00eacher leur propagation aux personnes et aux aliments. L\u2019irradiation ultraviolette d\u00e9sactive l\u2019ADN des micro-organismes en les emp\u00eachant de se reproduire. Filtration HEPA avec une efficacit\u00e9 de 99,995% sur les particules de 300 nm.\r\n<ul>\r\n \t<li>Filtration, st\u00e9rilisation et la purification de l\u2019air dans les salles.<\/li>\r\n \t<li>Double effet st\u00e9rilisant : rayonnement UV-C et filtration HEPA.<\/li>\r\n \t<li>Plafonnier facile \u00e0 installer.<\/li>\r\n \t<li>Syst\u00e8me de st\u00e9rilisation int\u00e9gr\u00e9 dans une unit\u00e9 d\u2019\u00e9vaporation \u00e0 double flux.<\/li>\r\n<\/ul>\r\n&nbsp;\r\n\r\n&nbsp;\r\n\r\n<img fetchpriority=\"high\" decoding=\"async\" class=\"size-full wp-image-24816 aligncenter\" src=\"https:\/\/www.intarcon.com\/wp-content\/uploads\/2021\/04\/fr-2021-esquema-intarsanit-tpd-1.png\" alt=\"fr-2021-esquema-intarsanit-tpd\" width=\"621\" height=\"268\" srcset=\"https:\/\/www.intarcon.com\/wp-content\/uploads\/2021\/04\/fr-2021-esquema-intarsanit-tpd-1.png 621w, https:\/\/www.intarcon.com\/wp-content\/uploads\/2021\/04\/fr-2021-esquema-intarsanit-tpd-1-400x173.png 400w, https:\/\/www.intarcon.com\/wp-content\/uploads\/2021\/04\/fr-2021-esquema-intarsanit-tpd-1-367x158.png 367w, https:\/\/www.intarcon.com\/wp-content\/uploads\/2021\/04\/fr-2021-esquema-intarsanit-tpd-1-600x259.png 600w\" sizes=\"(max-width: 621px) 100vw, 621px\" \/><img decoding=\"async\" class=\" wp-image-23901 aligncenter\" src=\"https:\/\/www.intarcon.com\/wp-content\/uploads\/2021\/04\/es-21-esquema-instalacion-intarsanit-tpd.png\" alt=\"es-21-esquema-instalacion-intarsanit-tpd\" width=\"478\" height=\"328\" \/>\r\n\r\n<strong>Contr\u00f4le<\/strong>\r\n\r\nR\u00e9gulation \u00e9lectronique iPro avec affichage num\u00e9rique \u00e0 distance.\r\n<ul>\r\n \t<li>\u00a0Contr\u00f4le de la temp\u00e9rature d\u2019alimentation d\u2019air.<\/li>\r\n \t<li>Contr\u00f4le des flux d\u2019air.<\/li>\r\n \t<li>Contr\u00f4le de la temp\u00e9rature ambiante.<\/li>\r\n \t<li>Contr\u00f4le du statut des filtres.<\/li>\r\n \t<li>Communication externe.<\/li>\r\n \t<li>Contr\u00f4le optionnel : \u00e9cran tactile \u00e0 distance.<\/li>\r\n<\/ul>\r\n<img decoding=\"async\" class=\"size-full wp-image-23812 aligncenter\" src=\"https:\/\/www.intarcon.com\/wp-content\/uploads\/2021\/04\/es-2021-control-intarsanit.png\" alt=\"es-2021-control-intarsanit\" width=\"191\" height=\"298\" \/>\t\t\t\t\t\t\t\t<\/div>\n\t\t\t\t<\/div>\n\t\t\t\t<div class=\"elementor-element elementor-element-f691098 elementor-align-center elementor-widget elementor-widget-button\" data-id=\"f691098\" data-element_type=\"widget\" data-widget_type=\"button.default\">\n\t\t\t\t<div class=\"elementor-widget-container\">\n\t\t\t\t\t\t\t\t\t<div class=\"elementor-button-wrapper\">\n\t\t\t\t\t<a class=\"elementor-button elementor-button-link elementor-size-sm\" href=\"https:\/\/www.intarcon.com\/fr\/intarsanit\/\">\n\t\t\t\t\t\t<span class=\"elementor-button-content-wrapper\">\n\t\t\t\t\t\t\t\t\t<span class=\"elementor-button-text\">Voulez-vous en savoir plus sur intarSANIT ?<\/span>\n\t\t\t\t\t<\/span>\n\t\t\t\t\t<\/a>\n\t\t\t\t<\/div>\n\t\t\t\t\t\t\t\t<\/div>\n\t\t\t\t<\/div>\n\t\t\t\t\t<\/div>\r\n\t\t\t\t<\/div>\r\n\t\t\t\t\t<\/div>\r\n\t\t\t\t<\/section>\r\n\t\t\t\t<\/div>\n\t\t","protected":false},"excerpt":{"rendered":"<h2 style=\"color: #999999; font-size: 18px; margin-bottom: 0px;\">Equipement de purification d\u2019air<\/h2>\n<p>Solution pour la st\u00e9rilisation et la purification de l\u2019air dans les salles de traitement des aliments, les cuisines industrielles, les salles blanches et autres \u00e9tablissements.<br \/>\n<style>.elementor-widget-button .elementor-button{background-color:var( --e-global-color-accent );}.elementor-29436 .elementor-element.elementor-element-2d8b95e .elementor-button{background-color:#0085BB;font-family:\"Roboto\", Montserrat;font-size:1.1em;font-weight:600;text-decoration:none;fill:#FFFFFF;color:#FFFFFF;border-style:solid;border-width:2px 2px 2px 2px;border-color:#0085BB;border-radius:33px 33px 33px 33px;padding:14px 20px 14px 20px;}.elementor-29436 .elementor-element.elementor-element-2d8b95e .elementor-button:hover, .elementor-29436 .elementor-element.elementor-element-2d8b95e .elementor-button:focus{background-color:#FFFFFF;color:#0085BB;border-color:#0085BB;}.elementor-29436 .elementor-element.elementor-element-2d8b95e > .elementor-widget-container{margin:2% 0% 1% 0%;}.elementor-29436 .elementor-element.elementor-element-2d8b95e .elementor-button:hover svg, .elementor-29436 .elementor-element.elementor-element-2d8b95e .elementor-button:focus svg{fill:#0085BB;}@media(max-width:767px){.elementor-29436 .elementor-element.elementor-element-2d8b95e > .elementor-widget-container{margin:-20px 0px 50px 0px;}}<\/style><div class=\"porto-block\" data-id=\"29436\">\t\t<div data-elementor-type=\"wp-post\" data-elementor-id=\"29436\" class=\"elementor elementor-29436 elementor-29420\" data-elementor-post-type=\"porto_builder\">\n\t\t\t\t\t\t<section class=\"elementor-section elementor-top-section elementor-element elementor-element-4601687 elementor-section-boxed elementor-section-height-default elementor-section-height-default\" data-id=\"4601687\" data-element_type=\"section\">\r\n\t\t\r\n\t\t\t\t\t\t\t<div class=\"elementor-container elementor-column-gap-default\">\r\n\t\t\t\t\t\t\t\t\t\t\t<div class=\"elementor-column elementor-col-100 elementor-top-column elementor-element elementor-element-7f3a8ac\" data-id=\"7f3a8ac\" data-element_type=\"column\">\r\n\t\t\t\t\t<div class=\"elementor-widget-wrap elementor-element-populated\">\r\n\t\t\t\t\t\t\t\t<div class=\"elementor-element elementor-element-2d8b95e elementor-align-left elementor-widget elementor-widget-button\" data-id=\"2d8b95e\" data-element_type=\"widget\" data-widget_type=\"button.default\">\n\t\t\t\t<div class=\"elementor-widget-container\">\n\t\t\t\t\t\t\t\t\t<div class=\"elementor-button-wrapper\">\n\t\t\t\t\t<a class=\"elementor-button elementor-button-link elementor-size-md\" href=\"https:\/\/www.intarcon.com\/fr\/conseils-techniques\/\">\n\t\t\t\t\t\t<span class=\"elementor-button-content-wrapper\">\n\t\t\t\t\t\t\t\t\t<span class=\"elementor-button-text\">Demande conseils techniques<\/span>\n\t\t\t\t\t<\/span>\n\t\t\t\t\t<\/a>\n\t\t\t\t<\/div>\n\t\t\t\t\t\t\t\t<\/div>\n\t\t\t\t<\/div>\n\t\t\t\t\t<\/div>\r\n\t\t\t\t<\/div>\r\n\t\t\t\t\t<\/div>\r\n\t\t\t\t<\/section>\r\n\t\t\t\t<\/div>\n\t\t<\/div><\/p>\n","protected":false},"featured_media":89397,"template":"","meta":[],"product_brand":[],"product_cat":[529],"product_tag":[],"class_list":{"0":"post-23891","1":"product","2":"type-product","3":"status-publish","4":"has-post-thumbnail","6":"product_cat-traitement-et-purification-de-lair","8":"first","9":"instock","10":"shipping-taxable","11":"product-type-simple"},"yoast_head":"<!-- This site is optimized with the Yoast SEO plugin v27.5 - https:\/\/yoast.com\/product\/yoast-seo-wordpress\/ -->\n<title>intarSANIT-TPD - INTARCON<\/title>\n<meta name=\"description\" content=\"intarSANIT-TPD est la solution pour la st\u00e9rilisation et la purification d\u2019air dans les salles de traitement des aliments, les cuisines industrielles et autres \u00e9tablissements.\" \/>\n<meta name=\"robots\" content=\"index, follow, max-snippet:-1, max-image-preview:large, max-video-preview:-1\" \/>\n<link rel=\"canonical\" href=\"https:\/\/www.intarcon.com\/fr\/produit\/intarsanit-tpd\/\" \/>\n<meta property=\"og:locale\" content=\"fr_FR\" \/>\n<meta property=\"og:type\" content=\"article\" \/>\n<meta property=\"og:title\" content=\"intarSANIT-TPD - INTARCON\" \/>\n<meta property=\"og:description\" content=\"intarSANIT-TPD est la solution pour la st\u00e9rilisation et la purification d\u2019air dans les salles de traitement des aliments, les cuisines industrielles et autres \u00e9tablissements.\" \/>\n<meta property=\"og:url\" content=\"https:\/\/www.intarcon.com\/fr\/produit\/intarsanit-tpd\/\" \/>\n<meta property=\"og:site_name\" content=\"INTARCON\" \/>\n<meta property=\"article:publisher\" content=\"https:\/\/www.facebook.com\/intarcon\/\" \/>\n<meta property=\"article:modified_time\" content=\"2022-11-24T12:50:52+00:00\" \/>\n<meta property=\"og:image\" content=\"https:\/\/www.intarcon.com\/wp-content\/uploads\/2021\/04\/tdp-intarcon.jpg\" \/>\n\t<meta property=\"og:image:width\" content=\"600\" \/>\n\t<meta property=\"og:image:height\" content=\"600\" \/>\n\t<meta property=\"og:image:type\" content=\"image\/jpeg\" \/>\n<meta name=\"twitter:card\" content=\"summary_large_image\" \/>\n<meta name=\"twitter:site\" content=\"@Intarcon\" \/>\n<meta name=\"twitter:label1\" content=\"Est. reading time\" \/>\n\t<meta name=\"twitter:data1\" content=\"2 minutes\" \/>\n<script type=\"application\/ld+json\" class=\"yoast-schema-graph\">{\"@context\":\"https:\\\/\\\/schema.org\",\"@graph\":[{\"@type\":\"WebPage\",\"@id\":\"https:\\\/\\\/www.intarcon.com\\\/fr\\\/produit\\\/intarsanit-tpd\\\/\",\"url\":\"https:\\\/\\\/www.intarcon.com\\\/fr\\\/produit\\\/intarsanit-tpd\\\/\",\"name\":\"intarSANIT-TPD - INTARCON\",\"isPartOf\":{\"@id\":\"https:\\\/\\\/www.intarcon.com\\\/fr\\\/#website\"},\"primaryImageOfPage\":{\"@id\":\"https:\\\/\\\/www.intarcon.com\\\/fr\\\/produit\\\/intarsanit-tpd\\\/#primaryimage\"},\"image\":{\"@id\":\"https:\\\/\\\/www.intarcon.com\\\/fr\\\/produit\\\/intarsanit-tpd\\\/#primaryimage\"},\"thumbnailUrl\":\"https:\\\/\\\/www.intarcon.com\\\/wp-content\\\/uploads\\\/2019\\\/06\\\/esterilizacion-purificacion-aire.webp\",\"datePublished\":\"2021-04-14T12:39:38+00:00\",\"dateModified\":\"2022-11-24T12:50:52+00:00\",\"description\":\"intarSANIT-TPD est la solution pour la st\u00e9rilisation et la purification d\u2019air dans les salles de traitement des aliments, les cuisines industrielles et autres \u00e9tablissements.\",\"breadcrumb\":{\"@id\":\"https:\\\/\\\/www.intarcon.com\\\/fr\\\/produit\\\/intarsanit-tpd\\\/#breadcrumb\"},\"inLanguage\":\"fr\",\"potentialAction\":[{\"@type\":\"ReadAction\",\"target\":[\"https:\\\/\\\/www.intarcon.com\\\/fr\\\/produit\\\/intarsanit-tpd\\\/\"]}]},{\"@type\":\"ImageObject\",\"inLanguage\":\"fr\",\"@id\":\"https:\\\/\\\/www.intarcon.com\\\/fr\\\/produit\\\/intarsanit-tpd\\\/#primaryimage\",\"url\":\"https:\\\/\\\/www.intarcon.com\\\/wp-content\\\/uploads\\\/2019\\\/06\\\/esterilizacion-purificacion-aire.webp\",\"contentUrl\":\"https:\\\/\\\/www.intarcon.com\\\/wp-content\\\/uploads\\\/2019\\\/06\\\/esterilizacion-purificacion-aire.webp\",\"width\":600,\"height\":600,\"caption\":\"Equipo de esterilizaci\u00f3n y purificaci\u00f3n del aire en salas - INTARCON\"},{\"@type\":\"BreadcrumbList\",\"@id\":\"https:\\\/\\\/www.intarcon.com\\\/fr\\\/produit\\\/intarsanit-tpd\\\/#breadcrumb\",\"itemListElement\":[{\"@type\":\"ListItem\",\"position\":1,\"name\":\"Portada\",\"item\":\"https:\\\/\\\/www.intarcon.com\\\/fr\\\/\"},{\"@type\":\"ListItem\",\"position\":2,\"name\":\"Producto\",\"item\":\"https:\\\/\\\/www.intarcon.com\\\/producto\\\/\"},{\"@type\":\"ListItem\",\"position\":3,\"name\":\"Autres technologies\",\"item\":\"https:\\\/\\\/www.intarcon.com\\\/fr\\\/technologie\\\/autres-technologies\\\/\"},{\"@type\":\"ListItem\",\"position\":4,\"name\":\"Traitement et purification de l'air\",\"item\":\"https:\\\/\\\/www.intarcon.com\\\/fr\\\/technologie\\\/autres-technologies\\\/traitement-et-purification-de-lair\\\/\"},{\"@type\":\"ListItem\",\"position\":5,\"name\":\"intarSANIT-TPD\"}]},{\"@type\":\"WebSite\",\"@id\":\"https:\\\/\\\/www.intarcon.com\\\/fr\\\/#website\",\"url\":\"https:\\\/\\\/www.intarcon.com\\\/fr\\\/\",\"name\":\"INTARCON\",\"description\":\"\",\"potentialAction\":[{\"@type\":\"SearchAction\",\"target\":{\"@type\":\"EntryPoint\",\"urlTemplate\":\"https:\\\/\\\/www.intarcon.com\\\/fr\\\/?s={search_term_string}\"},\"query-input\":{\"@type\":\"PropertyValueSpecification\",\"valueRequired\":true,\"valueName\":\"search_term_string\"}}],\"inLanguage\":\"fr\"}]}<\/script>\n<!-- \/ Yoast SEO plugin. -->","yoast_head_json":{"title":"intarSANIT-TPD - INTARCON","description":"intarSANIT-TPD est la solution pour la st\u00e9rilisation et la purification d\u2019air dans les salles de traitement des aliments, les cuisines industrielles et autres \u00e9tablissements.","robots":{"index":"index","follow":"follow","max-snippet":"max-snippet:-1","max-image-preview":"max-image-preview:large","max-video-preview":"max-video-preview:-1"},"canonical":"https:\/\/www.intarcon.com\/fr\/produit\/intarsanit-tpd\/","og_locale":"fr_FR","og_type":"article","og_title":"intarSANIT-TPD - INTARCON","og_description":"intarSANIT-TPD est la solution pour la st\u00e9rilisation et la purification d\u2019air dans les salles de traitement des aliments, les cuisines industrielles et autres \u00e9tablissements.","og_url":"https:\/\/www.intarcon.com\/fr\/produit\/intarsanit-tpd\/","og_site_name":"INTARCON","article_publisher":"https:\/\/www.facebook.com\/intarcon\/","article_modified_time":"2022-11-24T12:50:52+00:00","og_image":[{"width":600,"height":600,"url":"https:\/\/www.intarcon.com\/wp-content\/uploads\/2021\/04\/tdp-intarcon.jpg","type":"image\/jpeg"}],"twitter_card":"summary_large_image","twitter_site":"@Intarcon","twitter_misc":{"Est. reading time":"2 minutes"},"schema":{"@context":"https:\/\/schema.org","@graph":[{"@type":"WebPage","@id":"https:\/\/www.intarcon.com\/fr\/produit\/intarsanit-tpd\/","url":"https:\/\/www.intarcon.com\/fr\/produit\/intarsanit-tpd\/","name":"intarSANIT-TPD - INTARCON","isPartOf":{"@id":"https:\/\/www.intarcon.com\/fr\/#website"},"primaryImageOfPage":{"@id":"https:\/\/www.intarcon.com\/fr\/produit\/intarsanit-tpd\/#primaryimage"},"image":{"@id":"https:\/\/www.intarcon.com\/fr\/produit\/intarsanit-tpd\/#primaryimage"},"thumbnailUrl":"https:\/\/www.intarcon.com\/wp-content\/uploads\/2019\/06\/esterilizacion-purificacion-aire.webp","datePublished":"2021-04-14T12:39:38+00:00","dateModified":"2022-11-24T12:50:52+00:00","description":"intarSANIT-TPD est la solution pour la st\u00e9rilisation et la purification d\u2019air dans les salles de traitement des aliments, les cuisines industrielles et autres \u00e9tablissements.","breadcrumb":{"@id":"https:\/\/www.intarcon.com\/fr\/produit\/intarsanit-tpd\/#breadcrumb"},"inLanguage":"fr","potentialAction":[{"@type":"ReadAction","target":["https:\/\/www.intarcon.com\/fr\/produit\/intarsanit-tpd\/"]}]},{"@type":"ImageObject","inLanguage":"fr","@id":"https:\/\/www.intarcon.com\/fr\/produit\/intarsanit-tpd\/#primaryimage","url":"https:\/\/www.intarcon.com\/wp-content\/uploads\/2019\/06\/esterilizacion-purificacion-aire.webp","contentUrl":"https:\/\/www.intarcon.com\/wp-content\/uploads\/2019\/06\/esterilizacion-purificacion-aire.webp","width":600,"height":600,"caption":"Equipo de esterilizaci\u00f3n y purificaci\u00f3n del aire en salas - INTARCON"},{"@type":"BreadcrumbList","@id":"https:\/\/www.intarcon.com\/fr\/produit\/intarsanit-tpd\/#breadcrumb","itemListElement":[{"@type":"ListItem","position":1,"name":"Portada","item":"https:\/\/www.intarcon.com\/fr\/"},{"@type":"ListItem","position":2,"name":"Producto","item":"https:\/\/www.intarcon.com\/producto\/"},{"@type":"ListItem","position":3,"name":"Autres technologies","item":"https:\/\/www.intarcon.com\/fr\/technologie\/autres-technologies\/"},{"@type":"ListItem","position":4,"name":"Traitement et purification de l'air","item":"https:\/\/www.intarcon.com\/fr\/technologie\/autres-technologies\/traitement-et-purification-de-lair\/"},{"@type":"ListItem","position":5,"name":"intarSANIT-TPD"}]},{"@type":"WebSite","@id":"https:\/\/www.intarcon.com\/fr\/#website","url":"https:\/\/www.intarcon.com\/fr\/","name":"INTARCON","description":"","potentialAction":[{"@type":"SearchAction","target":{"@type":"EntryPoint","urlTemplate":"https:\/\/www.intarcon.com\/fr\/?s={search_term_string}"},"query-input":{"@type":"PropertyValueSpecification","valueRequired":true,"valueName":"search_term_string"}}],"inLanguage":"fr"}]}},"_links":{"self":[{"href":"https:\/\/www.intarcon.com\/fr\/wp-json\/wp\/v2\/product\/23891","targetHints":{"allow":["GET"]}}],"collection":[{"href":"https:\/\/www.intarcon.com\/fr\/wp-json\/wp\/v2\/product"}],"about":[{"href":"https:\/\/www.intarcon.com\/fr\/wp-json\/wp\/v2\/types\/product"}],"version-history":[{"count":0,"href":"https:\/\/www.intarcon.com\/fr\/wp-json\/wp\/v2\/product\/23891\/revisions"}],"wp:featuredmedia":[{"embeddable":true,"href":"https:\/\/www.intarcon.com\/fr\/wp-json\/wp\/v2\/media\/89397"}],"wp:attachment":[{"href":"https:\/\/www.intarcon.com\/fr\/wp-json\/wp\/v2\/media?parent=23891"}],"wp:term":[{"taxonomy":"product_brand","embeddable":true,"href":"https:\/\/www.intarcon.com\/fr\/wp-json\/wp\/v2\/product_brand?post=23891"},{"taxonomy":"product_cat","embeddable":true,"href":"https:\/\/www.intarcon.com\/fr\/wp-json\/wp\/v2\/product_cat?post=23891"},{"taxonomy":"product_tag","embeddable":true,"href":"https:\/\/www.intarcon.com\/fr\/wp-json\/wp\/v2\/product_tag?post=23891"}],"curies":[{"name":"wp","href":"https:\/\/api.w.org\/{rel}","templated":true}]}}