{"id":23801,"date":"2021-04-14T10:53:59","date_gmt":"2021-04-14T08:53:59","guid":{"rendered":"https:\/\/www.intarcon.com\/?post_type=product&#038;p=23801"},"modified":"2022-11-24T14:44:39","modified_gmt":"2022-11-24T12:44:39","slug":"intarsanit-tch","status":"publish","type":"product","link":"https:\/\/www.intarcon.com\/fr\/produit\/intarsanit-tch\/","title":{"rendered":"intarSANIT-TCH"},"content":{"rendered":"\t\t<div data-elementor-type=\"wp-post\" data-elementor-id=\"23801\" class=\"elementor elementor-23801 elementor-23802\" data-elementor-post-type=\"product\">\n\t\t\t\t\t\t<section class=\"elementor-section elementor-top-section elementor-element elementor-element-7ec9c8ad elementor-section-boxed elementor-section-height-default elementor-section-height-default\" data-id=\"7ec9c8ad\" data-element_type=\"section\">\r\n\t\t\r\n\t\t\t\t\t\t\t<div class=\"elementor-container elementor-column-gap-default\">\r\n\t\t\t\t\t\t\t\t\t\t\t<div class=\"elementor-column elementor-col-100 elementor-top-column elementor-element elementor-element-286b1784\" data-id=\"286b1784\" data-element_type=\"column\">\r\n\t\t\t\t\t<div class=\"elementor-widget-wrap elementor-element-populated\">\r\n\t\t\t\t\t\t\t\t<div class=\"elementor-element elementor-element-3691a926 elementor-widget elementor-widget-text-editor\" data-id=\"3691a926\" data-element_type=\"widget\" data-widget_type=\"text-editor.default\">\n\t\t\t\t<div class=\"elementor-widget-container\">\n\t\t\t\t\t\t\t\t\tintarSANIT-TCH est la solution pour la climatisation et l\u2019alimentation d\u2019air frais des salles de travail, avec r\u00e9cup\u00e9ration de la chaleur d\u2019extraction. L\u2019\u00e9quipement de ventilation est sp\u00e9cialement con\u00e7u pour l\u2019apport d\u2019air frais dans les salles de travail et de transformation des aliments, fonctionnant \u00e0 une temp\u00e9rature de 10 \u00e0 15 \u00baC, avec les fonctions suivantes :\r\n<ul>\r\n \t<li>Filtration, refroidissement et d\u00e9shumidification d\u2019air frais.<\/li>\r\n \t<li>D\u00e9bit de ventilation adaptable \u00e0 l\u2019occupation, et \u00e0 la surpression de la pi\u00e8ce.<\/li>\r\n \t<li>Rendement \u00e9nerg\u00e9tique \u00e9lev\u00e9 avec r\u00e9cup\u00e9ration de la chaleur de l\u2019air \u00e9vacu\u00e9.<\/li>\r\n \t<li>Installation facile au plafond de la pi\u00e8ce et diffusion par conduit textile.<\/li>\r\n<\/ul>\r\n<img fetchpriority=\"high\" decoding=\"async\" class=\"size-full wp-image-24807 aligncenter\" src=\"https:\/\/www.intarcon.com\/wp-content\/uploads\/2021\/04\/fr-2021-esquema-intarsanit-tch-1.png\" alt=\"fr-2021-esquema-intarsanit-tch\" width=\"632\" height=\"245\" srcset=\"https:\/\/www.intarcon.com\/wp-content\/uploads\/2021\/04\/fr-2021-esquema-intarsanit-tch-1.png 632w, https:\/\/www.intarcon.com\/wp-content\/uploads\/2021\/04\/fr-2021-esquema-intarsanit-tch-1-400x155.png 400w, https:\/\/www.intarcon.com\/wp-content\/uploads\/2021\/04\/fr-2021-esquema-intarsanit-tch-1-367x142.png 367w, https:\/\/www.intarcon.com\/wp-content\/uploads\/2021\/04\/fr-2021-esquema-intarsanit-tch-1-600x233.png 600w\" sizes=\"(max-width: 632px) 100vw, 632px\" \/>\r\n\r\n<img decoding=\"async\" class=\"size-full wp-image-23809 aligncenter\" src=\"https:\/\/www.intarcon.com\/wp-content\/uploads\/2021\/04\/es-2021-esquemasala-intarsanit-tch.png\" alt=\"\" width=\"419\" height=\"303\" srcset=\"https:\/\/www.intarcon.com\/wp-content\/uploads\/2021\/04\/es-2021-esquemasala-intarsanit-tch.png 419w, https:\/\/www.intarcon.com\/wp-content\/uploads\/2021\/04\/es-2021-esquemasala-intarsanit-tch-400x289.png 400w, https:\/\/www.intarcon.com\/wp-content\/uploads\/2021\/04\/es-2021-esquemasala-intarsanit-tch-367x265.png 367w\" sizes=\"(max-width: 419px) 100vw, 419px\" \/>\r\n\r\n<strong>Contr\u00f4le<\/strong>\r\n\r\nR\u00e9gulation \u00e9lectronique iPro avec affichage num\u00e9rique \u00e0 distance.\r\n<ul>\r\n \t<li>Contr\u00f4le de la temp\u00e9rature d\u2019alimentation d\u2019air.<\/li>\r\n \t<li>Contr\u00f4le de l\u2019\u00e9tat des filtres.<\/li>\r\n \t<li>S\u00e9rie de communications.<\/li>\r\n \t<li>Contr\u00f4le optionnel : \u00e9cran tactile \u00e0 distance.<\/li>\r\n<\/ul>\r\n<img decoding=\"async\" class=\"size-full wp-image-23812 aligncenter\" src=\"https:\/\/www.intarcon.com\/wp-content\/uploads\/2021\/04\/es-2021-control-intarsanit.png\" alt=\"es-2021-control-intarsanit\" width=\"191\" height=\"298\" \/>\t\t\t\t\t\t\t\t<\/div>\n\t\t\t\t<\/div>\n\t\t\t\t<div class=\"elementor-element elementor-element-db29851 elementor-align-center elementor-widget elementor-widget-button\" data-id=\"db29851\" data-element_type=\"widget\" data-widget_type=\"button.default\">\n\t\t\t\t<div class=\"elementor-widget-container\">\n\t\t\t\t\t\t\t\t\t<div class=\"elementor-button-wrapper\">\n\t\t\t\t\t<a class=\"elementor-button elementor-button-link elementor-size-sm\" href=\"https:\/\/www.intarcon.com\/fr\/intarsanit\/\">\n\t\t\t\t\t\t<span class=\"elementor-button-content-wrapper\">\n\t\t\t\t\t\t\t\t\t<span class=\"elementor-button-text\">Voulez-vous en savoir plus sur intarSANIT ?<\/span>\n\t\t\t\t\t<\/span>\n\t\t\t\t\t<\/a>\n\t\t\t\t<\/div>\n\t\t\t\t\t\t\t\t<\/div>\n\t\t\t\t<\/div>\n\t\t\t\t\t<\/div>\r\n\t\t\t\t<\/div>\r\n\t\t\t\t\t<\/div>\r\n\t\t\t\t<\/section>\r\n\t\t\t\t<\/div>\n\t\t","protected":false},"excerpt":{"rendered":"<h2 style=\"color: #999999; font-size: 18px; margin-bottom: 0px;\">Equipements de ventilation pour le renouvellement d\u2019air<\/h2>\n<p>Le renouvellement, la st\u00e9rilisation et la purification de l\u2019air dans les salles de manipulation des aliments, les cuisines industrielles, les salles blanches et autres \u00e9tablissements.<br \/>\n<style>.elementor-widget-button .elementor-button{background-color:var( --e-global-color-accent );}.elementor-29436 .elementor-element.elementor-element-2d8b95e .elementor-button{background-color:#0085BB;font-family:\"Roboto\", Montserrat;font-size:1.1em;font-weight:600;text-decoration:none;fill:#FFFFFF;color:#FFFFFF;border-style:solid;border-width:2px 2px 2px 2px;border-color:#0085BB;border-radius:33px 33px 33px 33px;padding:14px 20px 14px 20px;}.elementor-29436 .elementor-element.elementor-element-2d8b95e .elementor-button:hover, .elementor-29436 .elementor-element.elementor-element-2d8b95e .elementor-button:focus{background-color:#FFFFFF;color:#0085BB;border-color:#0085BB;}.elementor-29436 .elementor-element.elementor-element-2d8b95e > .elementor-widget-container{margin:2% 0% 1% 0%;}.elementor-29436 .elementor-element.elementor-element-2d8b95e .elementor-button:hover svg, .elementor-29436 .elementor-element.elementor-element-2d8b95e .elementor-button:focus svg{fill:#0085BB;}@media(max-width:767px){.elementor-29436 .elementor-element.elementor-element-2d8b95e > .elementor-widget-container{margin:-20px 0px 50px 0px;}}<\/style><div class=\"porto-block\" data-id=\"29436\">\t\t<div data-elementor-type=\"wp-post\" data-elementor-id=\"29436\" class=\"elementor elementor-29436 elementor-29420\" data-elementor-post-type=\"porto_builder\">\n\t\t\t\t\t\t<section class=\"elementor-section elementor-top-section elementor-element elementor-element-4601687 elementor-section-boxed elementor-section-height-default elementor-section-height-default\" data-id=\"4601687\" data-element_type=\"section\">\r\n\t\t\r\n\t\t\t\t\t\t\t<div class=\"elementor-container elementor-column-gap-default\">\r\n\t\t\t\t\t\t\t\t\t\t\t<div class=\"elementor-column elementor-col-100 elementor-top-column elementor-element elementor-element-7f3a8ac\" data-id=\"7f3a8ac\" data-element_type=\"column\">\r\n\t\t\t\t\t<div class=\"elementor-widget-wrap elementor-element-populated\">\r\n\t\t\t\t\t\t\t\t<div class=\"elementor-element elementor-element-2d8b95e elementor-align-left elementor-widget elementor-widget-button\" data-id=\"2d8b95e\" data-element_type=\"widget\" data-widget_type=\"button.default\">\n\t\t\t\t<div class=\"elementor-widget-container\">\n\t\t\t\t\t\t\t\t\t<div class=\"elementor-button-wrapper\">\n\t\t\t\t\t<a class=\"elementor-button elementor-button-link elementor-size-md\" href=\"https:\/\/www.intarcon.com\/fr\/conseils-techniques\/\">\n\t\t\t\t\t\t<span class=\"elementor-button-content-wrapper\">\n\t\t\t\t\t\t\t\t\t<span class=\"elementor-button-text\">Demande conseils techniques<\/span>\n\t\t\t\t\t<\/span>\n\t\t\t\t\t<\/a>\n\t\t\t\t<\/div>\n\t\t\t\t\t\t\t\t<\/div>\n\t\t\t\t<\/div>\n\t\t\t\t\t<\/div>\r\n\t\t\t\t<\/div>\r\n\t\t\t\t\t<\/div>\r\n\t\t\t\t<\/section>\r\n\t\t\t\t<\/div>\n\t\t<\/div><\/p>\n","protected":false},"featured_media":89145,"template":"","meta":[],"product_brand":[],"product_cat":[529],"product_tag":[],"class_list":{"0":"post-23801","1":"product","2":"type-product","3":"status-publish","4":"has-post-thumbnail","6":"product_cat-traitement-et-purification-de-lair","8":"first","9":"instock","10":"shipping-taxable","11":"product-type-simple"},"yoast_head":"<!-- This site is optimized with the Yoast SEO plugin v25.5 - https:\/\/yoast.com\/wordpress\/plugins\/seo\/ -->\n<title>intarSANIT-TCH - INTARCON<\/title>\n<meta name=\"description\" content=\"intarSANIT-TCH est la solution pour la climatisation et l\u2019alimentation d\u2019air frais des salles de travail, avec r\u00e9cup\u00e9ration de la chaleur d\u2019extraction.\" \/>\n<meta name=\"robots\" content=\"index, follow, max-snippet:-1, max-image-preview:large, max-video-preview:-1\" \/>\n<link rel=\"canonical\" href=\"https:\/\/www.intarcon.com\/fr\/produit\/intarsanit-tch\/\" \/>\n<meta property=\"og:locale\" content=\"fr_FR\" \/>\n<meta property=\"og:type\" content=\"article\" \/>\n<meta property=\"og:title\" content=\"intarSANIT-TCH - INTARCON\" \/>\n<meta property=\"og:description\" content=\"intarSANIT-TCH est la solution pour la climatisation et l\u2019alimentation d\u2019air frais des salles de travail, avec r\u00e9cup\u00e9ration de la chaleur d\u2019extraction.\" \/>\n<meta property=\"og:url\" content=\"https:\/\/www.intarcon.com\/fr\/produit\/intarsanit-tch\/\" \/>\n<meta property=\"og:site_name\" content=\"INTARCON\" \/>\n<meta property=\"article:publisher\" content=\"https:\/\/www.facebook.com\/intarcon\/\" \/>\n<meta property=\"article:modified_time\" content=\"2022-11-24T12:44:39+00:00\" \/>\n<meta property=\"og:image\" content=\"https:\/\/www.intarcon.com\/wp-content\/uploads\/2022\/03\/tch-intarcon.webp\" \/>\n\t<meta property=\"og:image:width\" content=\"600\" \/>\n\t<meta property=\"og:image:height\" content=\"600\" \/>\n\t<meta property=\"og:image:type\" content=\"image\/webp\" \/>\n<meta name=\"twitter:card\" content=\"summary_large_image\" \/>\n<meta name=\"twitter:site\" content=\"@Intarcon\" \/>\n<meta name=\"twitter:label1\" content=\"Est. reading time\" \/>\n\t<meta name=\"twitter:data1\" content=\"2 minutes\" \/>\n<script type=\"application\/ld+json\" class=\"yoast-schema-graph\">{\"@context\":\"https:\/\/schema.org\",\"@graph\":[{\"@type\":\"WebPage\",\"@id\":\"https:\/\/www.intarcon.com\/fr\/produit\/intarsanit-tch\/\",\"url\":\"https:\/\/www.intarcon.com\/fr\/produit\/intarsanit-tch\/\",\"name\":\"intarSANIT-TCH - INTARCON\",\"isPartOf\":{\"@id\":\"https:\/\/www.intarcon.com\/fr\/#website\"},\"primaryImageOfPage\":{\"@id\":\"https:\/\/www.intarcon.com\/fr\/produit\/intarsanit-tch\/#primaryimage\"},\"image\":{\"@id\":\"https:\/\/www.intarcon.com\/fr\/produit\/intarsanit-tch\/#primaryimage\"},\"thumbnailUrl\":\"https:\/\/www.intarcon.com\/wp-content\/uploads\/2021\/04\/ventilacion-renovacion-aire-intarsanit-tch.webp\",\"datePublished\":\"2021-04-14T08:53:59+00:00\",\"dateModified\":\"2022-11-24T12:44:39+00:00\",\"description\":\"intarSANIT-TCH est la solution pour la climatisation et l\u2019alimentation d\u2019air frais des salles de travail, avec r\u00e9cup\u00e9ration de la chaleur d\u2019extraction.\",\"breadcrumb\":{\"@id\":\"https:\/\/www.intarcon.com\/fr\/produit\/intarsanit-tch\/#breadcrumb\"},\"inLanguage\":\"fr\",\"potentialAction\":[{\"@type\":\"ReadAction\",\"target\":[\"https:\/\/www.intarcon.com\/fr\/produit\/intarsanit-tch\/\"]}]},{\"@type\":\"ImageObject\",\"inLanguage\":\"fr\",\"@id\":\"https:\/\/www.intarcon.com\/fr\/produit\/intarsanit-tch\/#primaryimage\",\"url\":\"https:\/\/www.intarcon.com\/wp-content\/uploads\/2021\/04\/ventilacion-renovacion-aire-intarsanit-tch.webp\",\"contentUrl\":\"https:\/\/www.intarcon.com\/wp-content\/uploads\/2021\/04\/ventilacion-renovacion-aire-intarsanit-tch.webp\",\"width\":600,\"height\":600,\"caption\":\"Equipo de ventilaci\u00f3n para la ventilaci\u00f3n y renovaci\u00f3n de aire intarSANIT - INTARCON\"},{\"@type\":\"BreadcrumbList\",\"@id\":\"https:\/\/www.intarcon.com\/fr\/produit\/intarsanit-tch\/#breadcrumb\",\"itemListElement\":[{\"@type\":\"ListItem\",\"position\":1,\"name\":\"Portada\",\"item\":\"https:\/\/www.intarcon.com\/fr\/\"},{\"@type\":\"ListItem\",\"position\":2,\"name\":\"Producto\",\"item\":\"https:\/\/www.intarcon.com\/producto\/\"},{\"@type\":\"ListItem\",\"position\":3,\"name\":\"Autres technologies\",\"item\":\"https:\/\/www.intarcon.com\/fr\/technologie\/autres-technologies\/\"},{\"@type\":\"ListItem\",\"position\":4,\"name\":\"Traitement et purification de l'air\",\"item\":\"https:\/\/www.intarcon.com\/fr\/technologie\/autres-technologies\/traitement-et-purification-de-lair\/\"},{\"@type\":\"ListItem\",\"position\":5,\"name\":\"intarSANIT-TCH\"}]},{\"@type\":\"WebSite\",\"@id\":\"https:\/\/www.intarcon.com\/fr\/#website\",\"url\":\"https:\/\/www.intarcon.com\/fr\/\",\"name\":\"INTARCON\",\"description\":\"\",\"potentialAction\":[{\"@type\":\"SearchAction\",\"target\":{\"@type\":\"EntryPoint\",\"urlTemplate\":\"https:\/\/www.intarcon.com\/fr\/?s={search_term_string}\"},\"query-input\":{\"@type\":\"PropertyValueSpecification\",\"valueRequired\":true,\"valueName\":\"search_term_string\"}}],\"inLanguage\":\"fr\"}]}<\/script>\n<!-- \/ Yoast SEO plugin. -->","yoast_head_json":{"title":"intarSANIT-TCH - INTARCON","description":"intarSANIT-TCH est la solution pour la climatisation et l\u2019alimentation d\u2019air frais des salles de travail, avec r\u00e9cup\u00e9ration de la chaleur d\u2019extraction.","robots":{"index":"index","follow":"follow","max-snippet":"max-snippet:-1","max-image-preview":"max-image-preview:large","max-video-preview":"max-video-preview:-1"},"canonical":"https:\/\/www.intarcon.com\/fr\/produit\/intarsanit-tch\/","og_locale":"fr_FR","og_type":"article","og_title":"intarSANIT-TCH - INTARCON","og_description":"intarSANIT-TCH est la solution pour la climatisation et l\u2019alimentation d\u2019air frais des salles de travail, avec r\u00e9cup\u00e9ration de la chaleur d\u2019extraction.","og_url":"https:\/\/www.intarcon.com\/fr\/produit\/intarsanit-tch\/","og_site_name":"INTARCON","article_publisher":"https:\/\/www.facebook.com\/intarcon\/","article_modified_time":"2022-11-24T12:44:39+00:00","og_image":[{"width":600,"height":600,"url":"https:\/\/www.intarcon.com\/wp-content\/uploads\/2022\/03\/tch-intarcon.webp","type":"image\/webp"}],"twitter_card":"summary_large_image","twitter_site":"@Intarcon","twitter_misc":{"Est. reading time":"2 minutes"},"schema":{"@context":"https:\/\/schema.org","@graph":[{"@type":"WebPage","@id":"https:\/\/www.intarcon.com\/fr\/produit\/intarsanit-tch\/","url":"https:\/\/www.intarcon.com\/fr\/produit\/intarsanit-tch\/","name":"intarSANIT-TCH - INTARCON","isPartOf":{"@id":"https:\/\/www.intarcon.com\/fr\/#website"},"primaryImageOfPage":{"@id":"https:\/\/www.intarcon.com\/fr\/produit\/intarsanit-tch\/#primaryimage"},"image":{"@id":"https:\/\/www.intarcon.com\/fr\/produit\/intarsanit-tch\/#primaryimage"},"thumbnailUrl":"https:\/\/www.intarcon.com\/wp-content\/uploads\/2021\/04\/ventilacion-renovacion-aire-intarsanit-tch.webp","datePublished":"2021-04-14T08:53:59+00:00","dateModified":"2022-11-24T12:44:39+00:00","description":"intarSANIT-TCH est la solution pour la climatisation et l\u2019alimentation d\u2019air frais des salles de travail, avec r\u00e9cup\u00e9ration de la chaleur d\u2019extraction.","breadcrumb":{"@id":"https:\/\/www.intarcon.com\/fr\/produit\/intarsanit-tch\/#breadcrumb"},"inLanguage":"fr","potentialAction":[{"@type":"ReadAction","target":["https:\/\/www.intarcon.com\/fr\/produit\/intarsanit-tch\/"]}]},{"@type":"ImageObject","inLanguage":"fr","@id":"https:\/\/www.intarcon.com\/fr\/produit\/intarsanit-tch\/#primaryimage","url":"https:\/\/www.intarcon.com\/wp-content\/uploads\/2021\/04\/ventilacion-renovacion-aire-intarsanit-tch.webp","contentUrl":"https:\/\/www.intarcon.com\/wp-content\/uploads\/2021\/04\/ventilacion-renovacion-aire-intarsanit-tch.webp","width":600,"height":600,"caption":"Equipo de ventilaci\u00f3n para la ventilaci\u00f3n y renovaci\u00f3n de aire intarSANIT - INTARCON"},{"@type":"BreadcrumbList","@id":"https:\/\/www.intarcon.com\/fr\/produit\/intarsanit-tch\/#breadcrumb","itemListElement":[{"@type":"ListItem","position":1,"name":"Portada","item":"https:\/\/www.intarcon.com\/fr\/"},{"@type":"ListItem","position":2,"name":"Producto","item":"https:\/\/www.intarcon.com\/producto\/"},{"@type":"ListItem","position":3,"name":"Autres technologies","item":"https:\/\/www.intarcon.com\/fr\/technologie\/autres-technologies\/"},{"@type":"ListItem","position":4,"name":"Traitement et purification de l'air","item":"https:\/\/www.intarcon.com\/fr\/technologie\/autres-technologies\/traitement-et-purification-de-lair\/"},{"@type":"ListItem","position":5,"name":"intarSANIT-TCH"}]},{"@type":"WebSite","@id":"https:\/\/www.intarcon.com\/fr\/#website","url":"https:\/\/www.intarcon.com\/fr\/","name":"INTARCON","description":"","potentialAction":[{"@type":"SearchAction","target":{"@type":"EntryPoint","urlTemplate":"https:\/\/www.intarcon.com\/fr\/?s={search_term_string}"},"query-input":{"@type":"PropertyValueSpecification","valueRequired":true,"valueName":"search_term_string"}}],"inLanguage":"fr"}]}},"_links":{"self":[{"href":"https:\/\/www.intarcon.com\/fr\/wp-json\/wp\/v2\/product\/23801","targetHints":{"allow":["GET"]}}],"collection":[{"href":"https:\/\/www.intarcon.com\/fr\/wp-json\/wp\/v2\/product"}],"about":[{"href":"https:\/\/www.intarcon.com\/fr\/wp-json\/wp\/v2\/types\/product"}],"version-history":[{"count":0,"href":"https:\/\/www.intarcon.com\/fr\/wp-json\/wp\/v2\/product\/23801\/revisions"}],"wp:featuredmedia":[{"embeddable":true,"href":"https:\/\/www.intarcon.com\/fr\/wp-json\/wp\/v2\/media\/89145"}],"wp:attachment":[{"href":"https:\/\/www.intarcon.com\/fr\/wp-json\/wp\/v2\/media?parent=23801"}],"wp:term":[{"taxonomy":"product_brand","embeddable":true,"href":"https:\/\/www.intarcon.com\/fr\/wp-json\/wp\/v2\/product_brand?post=23801"},{"taxonomy":"product_cat","embeddable":true,"href":"https:\/\/www.intarcon.com\/fr\/wp-json\/wp\/v2\/product_cat?post=23801"},{"taxonomy":"product_tag","embeddable":true,"href":"https:\/\/www.intarcon.com\/fr\/wp-json\/wp\/v2\/product_tag?post=23801"}],"curies":[{"name":"wp","href":"https:\/\/api.w.org\/{rel}","templated":true}]}}