{"id":23776,"date":"2019-06-13T07:20:53","date_gmt":"2019-06-13T05:20:53","guid":{"rendered":"https:\/\/www.intarcon.com\/?post_type=product&#038;p=23776"},"modified":"2026-04-07T13:42:51","modified_gmt":"2026-04-07T11:42:51","slug":"refroidisseurs-nh3-ammolite","status":"publish","type":"product","link":"https:\/\/www.intarcon.com\/fr\/produit\/refroidisseurs-nh3-ammolite\/","title":{"rendered":"Refroidisseurs NH<sub>3<\/sub> ammolite"},"content":{"rendered":"\t\t<div data-elementor-type=\"wp-post\" data-elementor-id=\"23776\" class=\"elementor elementor-23776 elementor-23777\" data-elementor-post-type=\"product\">\n\t\t\t\t\t\t<section class=\"elementor-section elementor-top-section elementor-element elementor-element-7a7ed045 elementor-section-boxed elementor-section-height-default elementor-section-height-default\" data-id=\"7a7ed045\" data-element_type=\"section\">\r\n\t\t\r\n\t\t\t\t\t\t\t<div class=\"elementor-container elementor-column-gap-default\">\r\n\t\t\t\t\t\t\t\t\t\t\t<div class=\"elementor-column elementor-col-100 elementor-top-column elementor-element elementor-element-31d338ad\" data-id=\"31d338ad\" data-element_type=\"column\">\r\n\t\t\t\t\t<div class=\"elementor-widget-wrap elementor-element-populated\">\r\n\t\t\t\t\t\t\t\t<div class=\"elementor-element elementor-element-6c0dc381 elementor-widget elementor-widget-text-editor\" data-id=\"6c0dc381\" data-element_type=\"widget\" data-widget_type=\"text-editor.default\">\n\t\t\t\t<div class=\"elementor-widget-container\">\n\t\t\t\t\t\t\t\t\t<p>Refroidisseurs de froid industriel avec technologie \u00e0 faible charge d&#8217;ammoniac d\u00e9velopp\u00e9e par INTARCON pour les applications industrielles \u00e0 moyenne et base temp\u00e9rature condens\u00e9 par air. Construction compacte construites en carrosserie et ch\u00e2ssis d\u2019acier galvanis\u00e9 avec peinture polyester.<\/p><ul><li>\u00a0Plug &amp; Play.<\/li><li>Faible charge d&#8217;ammoniac.<\/li><li>Pas de salle des machines.<\/li><li>Pas de consommation d&#8217;eau.<\/li><\/ul>\t\t\t\t\t\t\t\t<\/div>\n\t\t\t\t<\/div>\n\t\t\t\t<div class=\"elementor-element elementor-element-0ca65a5 elementor-widget elementor-widget-image\" data-id=\"0ca65a5\" data-element_type=\"widget\" data-widget_type=\"image.default\">\n\t\t\t\t<div class=\"elementor-widget-container\">\n\t\t\t\t\t\t\t\t\t\t\t\t\t\t\t<img fetchpriority=\"high\" decoding=\"async\" width=\"711\" height=\"339\" src=\"https:\/\/www.intarcon.com\/wp-content\/uploads\/2019\/06\/fr-2022-schema-components-ammolite.jpg\" class=\"attachment-large size-large wp-image-49613\" alt=\"Schema components ammolite\" srcset=\"https:\/\/www.intarcon.com\/wp-content\/uploads\/2019\/06\/fr-2022-schema-components-ammolite.jpg 711w, https:\/\/www.intarcon.com\/wp-content\/uploads\/2019\/06\/fr-2022-schema-components-ammolite-640x305.jpg 640w, https:\/\/www.intarcon.com\/wp-content\/uploads\/2019\/06\/fr-2022-schema-components-ammolite-400x191.jpg 400w, https:\/\/www.intarcon.com\/wp-content\/uploads\/2019\/06\/fr-2022-schema-components-ammolite-367x175.jpg 367w, https:\/\/www.intarcon.com\/wp-content\/uploads\/2019\/06\/fr-2022-schema-components-ammolite-600x286.jpg 600w\" sizes=\"(max-width: 711px) 100vw, 711px\" \/>\t\t\t\t\t\t\t\t\t\t\t\t\t\t\t<\/div>\n\t\t\t\t<\/div>\n\t\t\t\t\t<\/div>\r\n\t\t\t\t<\/div>\r\n\t\t\t\t\t<\/div>\r\n\t\t\t\t<\/section>\r\n\t\t\t\t<section class=\"elementor-section elementor-top-section elementor-element elementor-element-14ba9c5 elementor-section-height-min-height elementor-section-boxed elementor-section-height-default elementor-section-items-middle\" data-id=\"14ba9c5\" data-element_type=\"section\" data-settings=\"{&quot;background_background&quot;:&quot;classic&quot;}\">\r\n\t\t\r\n\t\t\t\t\t\t\t<div class=\"elementor-container elementor-column-gap-default\">\r\n\t\t\t\t\t\t\t\t\t\t\t<div class=\"elementor-column elementor-col-50 elementor-top-column elementor-element elementor-element-b182179\" data-id=\"b182179\" data-element_type=\"column\">\r\n\t\t\t\t\t<div class=\"elementor-widget-wrap elementor-element-populated\">\r\n\t\t\t\t\t\t\t\t<div class=\"elementor-element elementor-element-026d9b4 elementor-widget elementor-widget-heading\" data-id=\"026d9b4\" data-element_type=\"widget\" data-widget_type=\"heading.default\">\n\t\t\t\t<div class=\"elementor-widget-container\">\n\t\t\t\t\t<h2 class=\"elementor-heading-title elementor-size-default\">Vous voulez en savoir plus sur notre <br> refroidisseurs NH<sub>3<\/sub> ammolite ?<\/h2>\t\t\t\t<\/div>\n\t\t\t\t<\/div>\n\t\t\t\t<div class=\"elementor-element elementor-element-0ce5cf7 elementor-align-center elementor-widget elementor-widget-button\" data-id=\"0ce5cf7\" data-element_type=\"widget\" data-widget_type=\"button.default\">\n\t\t\t\t<div class=\"elementor-widget-container\">\n\t\t\t\t\t\t\t\t\t<div class=\"elementor-button-wrapper\">\n\t\t\t\t\t<a class=\"elementor-button elementor-button-link elementor-size-sm\" href=\"https:\/\/www.intarcon.com\/fr\/refroidisseurs-nh3-ammolite\/\">\n\t\t\t\t\t\t<span class=\"elementor-button-content-wrapper\">\n\t\t\t\t\t\t\t\t\t<span class=\"elementor-button-text\">Acc\u00e9der \u00e0 la visite virtuelle<\/span>\n\t\t\t\t\t<\/span>\n\t\t\t\t\t<\/a>\n\t\t\t\t<\/div>\n\t\t\t\t\t\t\t\t<\/div>\n\t\t\t\t<\/div>\n\t\t\t\t\t<\/div>\r\n\t\t\t\t<\/div>\r\n\t\t\t\t<div class=\"elementor-column elementor-col-50 elementor-top-column elementor-element elementor-element-82382f1\" data-id=\"82382f1\" data-element_type=\"column\">\r\n\t\t\t\t\t<div class=\"elementor-widget-wrap\">\r\n\t\t\t\t\t\t\t\t\t<\/div>\r\n\t\t\t\t<\/div>\r\n\t\t\t\t\t<\/div>\r\n\t\t\t\t<\/section>\r\n\t\t\t\t<\/div>\n\t\t","protected":false},"excerpt":{"rendered":"<h2 style=\"color: #999999; font-size: 18px; margin-bottom: 0px;\">Installations de refroidissement<\/h2>\n<p>Refroidisseurs NH<sub>3<\/sub>.<br \/>\n<style>.elementor-widget-button .elementor-button{background-color:var( --e-global-color-accent );}.elementor-29436 .elementor-element.elementor-element-2d8b95e .elementor-button{background-color:#0085BB;font-family:\"Roboto\", Montserrat;font-size:1.1em;font-weight:600;text-decoration:none;fill:#FFFFFF;color:#FFFFFF;border-style:solid;border-width:2px 2px 2px 2px;border-color:#0085BB;border-radius:33px 33px 33px 33px;padding:14px 20px 14px 20px;}.elementor-29436 .elementor-element.elementor-element-2d8b95e .elementor-button:hover, .elementor-29436 .elementor-element.elementor-element-2d8b95e .elementor-button:focus{background-color:#FFFFFF;color:#0085BB;border-color:#0085BB;}.elementor-29436 .elementor-element.elementor-element-2d8b95e > .elementor-widget-container{margin:2% 0% 1% 0%;}.elementor-29436 .elementor-element.elementor-element-2d8b95e .elementor-button:hover svg, .elementor-29436 .elementor-element.elementor-element-2d8b95e .elementor-button:focus svg{fill:#0085BB;}@media(max-width:767px){.elementor-29436 .elementor-element.elementor-element-2d8b95e > .elementor-widget-container{margin:-20px 0px 50px 0px;}}<\/style><div class=\"porto-block\" data-id=\"29436\">\t\t<div data-elementor-type=\"wp-post\" data-elementor-id=\"29436\" class=\"elementor elementor-29436 elementor-29420\" data-elementor-post-type=\"porto_builder\">\n\t\t\t\t\t\t<section class=\"elementor-section elementor-top-section elementor-element elementor-element-4601687 elementor-section-boxed elementor-section-height-default elementor-section-height-default\" data-id=\"4601687\" data-element_type=\"section\">\r\n\t\t\r\n\t\t\t\t\t\t\t<div class=\"elementor-container elementor-column-gap-default\">\r\n\t\t\t\t\t\t\t\t\t\t\t<div class=\"elementor-column elementor-col-100 elementor-top-column elementor-element elementor-element-7f3a8ac\" data-id=\"7f3a8ac\" data-element_type=\"column\">\r\n\t\t\t\t\t<div class=\"elementor-widget-wrap elementor-element-populated\">\r\n\t\t\t\t\t\t\t\t<div class=\"elementor-element elementor-element-2d8b95e elementor-align-left elementor-widget elementor-widget-button\" data-id=\"2d8b95e\" data-element_type=\"widget\" data-widget_type=\"button.default\">\n\t\t\t\t<div class=\"elementor-widget-container\">\n\t\t\t\t\t\t\t\t\t<div class=\"elementor-button-wrapper\">\n\t\t\t\t\t<a class=\"elementor-button elementor-button-link elementor-size-md\" href=\"https:\/\/www.intarcon.com\/fr\/conseils-techniques\/\">\n\t\t\t\t\t\t<span class=\"elementor-button-content-wrapper\">\n\t\t\t\t\t\t\t\t\t<span class=\"elementor-button-text\">Demande conseils techniques<\/span>\n\t\t\t\t\t<\/span>\n\t\t\t\t\t<\/a>\n\t\t\t\t<\/div>\n\t\t\t\t\t\t\t\t<\/div>\n\t\t\t\t<\/div>\n\t\t\t\t\t<\/div>\r\n\t\t\t\t<\/div>\r\n\t\t\t\t\t<\/div>\r\n\t\t\t\t<\/section>\r\n\t\t\t\t<\/div>\n\t\t<\/div><\/p>\n<p><img decoding=\"async\" class=\"alignnone wp-image-52097\" src=\"https:\/\/www.intarcon.com\/wp-content\/uploads\/2022\/03\/Modele-d_utilite-Ammolite-2.webp\" alt=\"Modele de utilite ammolite\" width=\"150\" height=\"146\" \/><\/p>\n","protected":false},"featured_media":89204,"template":"","meta":[],"product_brand":[],"product_cat":[495],"product_tag":[],"class_list":{"0":"post-23776","1":"product","2":"type-product","3":"status-publish","4":"has-post-thumbnail","6":"product_cat-refroidisseurs-nh3-ammolite","8":"first","9":"instock","10":"featured","11":"shipping-taxable","12":"product-type-simple"},"yoast_head":"<!-- This site is optimized with the Yoast SEO plugin v25.5 - https:\/\/yoast.com\/wordpress\/plugins\/seo\/ -->\n<title>Refroidisseurs NH3 ammolite - INTARCON<\/title>\n<meta name=\"description\" content=\"Refroidisseurs NH3 ammolite est un unit\u00e9 de r\u00e9frig\u00e9ration avec une technologie de refroidissement \u00e0 l\u2019ammoniac \u00e0 haut rendement d\u00e9velopp\u00e9e par INTARCON.\" \/>\n<meta name=\"robots\" content=\"index, follow, max-snippet:-1, max-image-preview:large, max-video-preview:-1\" \/>\n<link rel=\"canonical\" href=\"https:\/\/www.intarcon.com\/fr\/produit\/refroidisseurs-nh3-ammolite\/\" \/>\n<meta property=\"og:locale\" content=\"fr_FR\" \/>\n<meta property=\"og:type\" content=\"article\" \/>\n<meta property=\"og:title\" content=\"Refroidisseurs NH3 ammolite - INTARCON\" \/>\n<meta property=\"og:description\" content=\"Refroidisseurs NH3 ammolite est un unit\u00e9 de r\u00e9frig\u00e9ration avec une technologie de refroidissement \u00e0 l\u2019ammoniac \u00e0 haut rendement d\u00e9velopp\u00e9e par INTARCON.\" \/>\n<meta property=\"og:url\" content=\"https:\/\/www.intarcon.com\/fr\/produit\/refroidisseurs-nh3-ammolite\/\" \/>\n<meta property=\"og:site_name\" content=\"INTARCON\" \/>\n<meta property=\"article:publisher\" content=\"https:\/\/www.facebook.com\/intarcon\/\" \/>\n<meta property=\"article:modified_time\" content=\"2026-04-07T11:42:51+00:00\" \/>\n<meta property=\"og:image\" content=\"https:\/\/www.intarcon.com\/wp-content\/uploads\/2019\/06\/planta-enfriadora-nh3-ammolite.webp\" \/>\n\t<meta property=\"og:image:width\" content=\"600\" \/>\n\t<meta property=\"og:image:height\" content=\"600\" \/>\n\t<meta property=\"og:image:type\" content=\"image\/webp\" \/>\n<meta name=\"twitter:card\" content=\"summary_large_image\" \/>\n<meta name=\"twitter:site\" content=\"@Intarcon\" \/>\n<meta name=\"twitter:label1\" content=\"Est. reading time\" \/>\n\t<meta name=\"twitter:data1\" content=\"1 minute\" \/>\n<script type=\"application\/ld+json\" class=\"yoast-schema-graph\">{\"@context\":\"https:\/\/schema.org\",\"@graph\":[{\"@type\":\"WebPage\",\"@id\":\"https:\/\/www.intarcon.com\/fr\/produit\/refroidisseurs-nh3-ammolite\/\",\"url\":\"https:\/\/www.intarcon.com\/fr\/produit\/refroidisseurs-nh3-ammolite\/\",\"name\":\"Refroidisseurs NH3 ammolite - INTARCON\",\"isPartOf\":{\"@id\":\"https:\/\/www.intarcon.com\/fr\/#website\"},\"primaryImageOfPage\":{\"@id\":\"https:\/\/www.intarcon.com\/fr\/produit\/refroidisseurs-nh3-ammolite\/#primaryimage\"},\"image\":{\"@id\":\"https:\/\/www.intarcon.com\/fr\/produit\/refroidisseurs-nh3-ammolite\/#primaryimage\"},\"thumbnailUrl\":\"https:\/\/www.intarcon.com\/wp-content\/uploads\/2019\/06\/planta-enfriadora-nh3-ammolite.webp\",\"datePublished\":\"2019-06-13T05:20:53+00:00\",\"dateModified\":\"2026-04-07T11:42:51+00:00\",\"description\":\"Refroidisseurs NH3 ammolite est un unit\u00e9 de r\u00e9frig\u00e9ration avec une technologie de refroidissement \u00e0 l\u2019ammoniac \u00e0 haut rendement d\u00e9velopp\u00e9e par INTARCON.\",\"breadcrumb\":{\"@id\":\"https:\/\/www.intarcon.com\/fr\/produit\/refroidisseurs-nh3-ammolite\/#breadcrumb\"},\"inLanguage\":\"fr\",\"potentialAction\":[{\"@type\":\"ReadAction\",\"target\":[\"https:\/\/www.intarcon.com\/fr\/produit\/refroidisseurs-nh3-ammolite\/\"]}]},{\"@type\":\"ImageObject\",\"inLanguage\":\"fr\",\"@id\":\"https:\/\/www.intarcon.com\/fr\/produit\/refroidisseurs-nh3-ammolite\/#primaryimage\",\"url\":\"https:\/\/www.intarcon.com\/wp-content\/uploads\/2019\/06\/planta-enfriadora-nh3-ammolite.webp\",\"contentUrl\":\"https:\/\/www.intarcon.com\/wp-content\/uploads\/2019\/06\/planta-enfriadora-nh3-ammolite.webp\",\"width\":600,\"height\":600,\"caption\":\"Planta enfriadora NH3 para refrigeraci\u00f3n con amon\u00edaco - INTARCON\"},{\"@type\":\"BreadcrumbList\",\"@id\":\"https:\/\/www.intarcon.com\/fr\/produit\/refroidisseurs-nh3-ammolite\/#breadcrumb\",\"itemListElement\":[{\"@type\":\"ListItem\",\"position\":1,\"name\":\"Portada\",\"item\":\"https:\/\/www.intarcon.com\/fr\/\"},{\"@type\":\"ListItem\",\"position\":2,\"name\":\"Producto\",\"item\":\"https:\/\/www.intarcon.com\/producto\/\"},{\"@type\":\"ListItem\",\"position\":3,\"name\":\"NH3\",\"item\":\"https:\/\/www.intarcon.com\/fr\/technologie\/nh3\/\"},{\"@type\":\"ListItem\",\"position\":4,\"name\":\"Refroidisseurs NH3 ammolite\",\"item\":\"https:\/\/www.intarcon.com\/fr\/technologie\/nh3\/refroidisseurs-nh3-ammolite\/\"},{\"@type\":\"ListItem\",\"position\":5,\"name\":\"Refroidisseurs NH3 ammolite\"}]},{\"@type\":\"WebSite\",\"@id\":\"https:\/\/www.intarcon.com\/fr\/#website\",\"url\":\"https:\/\/www.intarcon.com\/fr\/\",\"name\":\"INTARCON\",\"description\":\"\",\"potentialAction\":[{\"@type\":\"SearchAction\",\"target\":{\"@type\":\"EntryPoint\",\"urlTemplate\":\"https:\/\/www.intarcon.com\/fr\/?s={search_term_string}\"},\"query-input\":{\"@type\":\"PropertyValueSpecification\",\"valueRequired\":true,\"valueName\":\"search_term_string\"}}],\"inLanguage\":\"fr\"}]}<\/script>\n<!-- \/ Yoast SEO plugin. -->","yoast_head_json":{"title":"Refroidisseurs NH3 ammolite - INTARCON","description":"Refroidisseurs NH3 ammolite est un unit\u00e9 de r\u00e9frig\u00e9ration avec une technologie de refroidissement \u00e0 l\u2019ammoniac \u00e0 haut rendement d\u00e9velopp\u00e9e par INTARCON.","robots":{"index":"index","follow":"follow","max-snippet":"max-snippet:-1","max-image-preview":"max-image-preview:large","max-video-preview":"max-video-preview:-1"},"canonical":"https:\/\/www.intarcon.com\/fr\/produit\/refroidisseurs-nh3-ammolite\/","og_locale":"fr_FR","og_type":"article","og_title":"Refroidisseurs NH3 ammolite - INTARCON","og_description":"Refroidisseurs NH3 ammolite est un unit\u00e9 de r\u00e9frig\u00e9ration avec une technologie de refroidissement \u00e0 l\u2019ammoniac \u00e0 haut rendement d\u00e9velopp\u00e9e par INTARCON.","og_url":"https:\/\/www.intarcon.com\/fr\/produit\/refroidisseurs-nh3-ammolite\/","og_site_name":"INTARCON","article_publisher":"https:\/\/www.facebook.com\/intarcon\/","article_modified_time":"2026-04-07T11:42:51+00:00","og_image":[{"width":600,"height":600,"url":"https:\/\/www.intarcon.com\/wp-content\/uploads\/2019\/06\/planta-enfriadora-nh3-ammolite.webp","type":"image\/webp"}],"twitter_card":"summary_large_image","twitter_site":"@Intarcon","twitter_misc":{"Est. reading time":"1 minute"},"schema":{"@context":"https:\/\/schema.org","@graph":[{"@type":"WebPage","@id":"https:\/\/www.intarcon.com\/fr\/produit\/refroidisseurs-nh3-ammolite\/","url":"https:\/\/www.intarcon.com\/fr\/produit\/refroidisseurs-nh3-ammolite\/","name":"Refroidisseurs NH3 ammolite - INTARCON","isPartOf":{"@id":"https:\/\/www.intarcon.com\/fr\/#website"},"primaryImageOfPage":{"@id":"https:\/\/www.intarcon.com\/fr\/produit\/refroidisseurs-nh3-ammolite\/#primaryimage"},"image":{"@id":"https:\/\/www.intarcon.com\/fr\/produit\/refroidisseurs-nh3-ammolite\/#primaryimage"},"thumbnailUrl":"https:\/\/www.intarcon.com\/wp-content\/uploads\/2019\/06\/planta-enfriadora-nh3-ammolite.webp","datePublished":"2019-06-13T05:20:53+00:00","dateModified":"2026-04-07T11:42:51+00:00","description":"Refroidisseurs NH3 ammolite est un unit\u00e9 de r\u00e9frig\u00e9ration avec une technologie de refroidissement \u00e0 l\u2019ammoniac \u00e0 haut rendement d\u00e9velopp\u00e9e par INTARCON.","breadcrumb":{"@id":"https:\/\/www.intarcon.com\/fr\/produit\/refroidisseurs-nh3-ammolite\/#breadcrumb"},"inLanguage":"fr","potentialAction":[{"@type":"ReadAction","target":["https:\/\/www.intarcon.com\/fr\/produit\/refroidisseurs-nh3-ammolite\/"]}]},{"@type":"ImageObject","inLanguage":"fr","@id":"https:\/\/www.intarcon.com\/fr\/produit\/refroidisseurs-nh3-ammolite\/#primaryimage","url":"https:\/\/www.intarcon.com\/wp-content\/uploads\/2019\/06\/planta-enfriadora-nh3-ammolite.webp","contentUrl":"https:\/\/www.intarcon.com\/wp-content\/uploads\/2019\/06\/planta-enfriadora-nh3-ammolite.webp","width":600,"height":600,"caption":"Planta enfriadora NH3 para refrigeraci\u00f3n con amon\u00edaco - INTARCON"},{"@type":"BreadcrumbList","@id":"https:\/\/www.intarcon.com\/fr\/produit\/refroidisseurs-nh3-ammolite\/#breadcrumb","itemListElement":[{"@type":"ListItem","position":1,"name":"Portada","item":"https:\/\/www.intarcon.com\/fr\/"},{"@type":"ListItem","position":2,"name":"Producto","item":"https:\/\/www.intarcon.com\/producto\/"},{"@type":"ListItem","position":3,"name":"NH3","item":"https:\/\/www.intarcon.com\/fr\/technologie\/nh3\/"},{"@type":"ListItem","position":4,"name":"Refroidisseurs NH3 ammolite","item":"https:\/\/www.intarcon.com\/fr\/technologie\/nh3\/refroidisseurs-nh3-ammolite\/"},{"@type":"ListItem","position":5,"name":"Refroidisseurs NH3 ammolite"}]},{"@type":"WebSite","@id":"https:\/\/www.intarcon.com\/fr\/#website","url":"https:\/\/www.intarcon.com\/fr\/","name":"INTARCON","description":"","potentialAction":[{"@type":"SearchAction","target":{"@type":"EntryPoint","urlTemplate":"https:\/\/www.intarcon.com\/fr\/?s={search_term_string}"},"query-input":{"@type":"PropertyValueSpecification","valueRequired":true,"valueName":"search_term_string"}}],"inLanguage":"fr"}]}},"_links":{"self":[{"href":"https:\/\/www.intarcon.com\/fr\/wp-json\/wp\/v2\/product\/23776","targetHints":{"allow":["GET"]}}],"collection":[{"href":"https:\/\/www.intarcon.com\/fr\/wp-json\/wp\/v2\/product"}],"about":[{"href":"https:\/\/www.intarcon.com\/fr\/wp-json\/wp\/v2\/types\/product"}],"version-history":[{"count":0,"href":"https:\/\/www.intarcon.com\/fr\/wp-json\/wp\/v2\/product\/23776\/revisions"}],"wp:featuredmedia":[{"embeddable":true,"href":"https:\/\/www.intarcon.com\/fr\/wp-json\/wp\/v2\/media\/89204"}],"wp:attachment":[{"href":"https:\/\/www.intarcon.com\/fr\/wp-json\/wp\/v2\/media?parent=23776"}],"wp:term":[{"taxonomy":"product_brand","embeddable":true,"href":"https:\/\/www.intarcon.com\/fr\/wp-json\/wp\/v2\/product_brand?post=23776"},{"taxonomy":"product_cat","embeddable":true,"href":"https:\/\/www.intarcon.com\/fr\/wp-json\/wp\/v2\/product_cat?post=23776"},{"taxonomy":"product_tag","embeddable":true,"href":"https:\/\/www.intarcon.com\/fr\/wp-json\/wp\/v2\/product_tag?post=23776"}],"curies":[{"name":"wp","href":"https:\/\/api.w.org\/{rel}","templated":true}]}}