{"id":23178,"date":"2021-03-24T18:17:02","date_gmt":"2021-03-24T17:17:02","guid":{"rendered":"https:\/\/www.intarcon.com\/?post_type=product&#038;p=23178"},"modified":"2025-01-30T10:17:48","modified_gmt":"2025-01-30T09:17:48","slug":"groupes-a-condensation-par-eau","status":"publish","type":"product","link":"https:\/\/www.intarcon.com\/fr\/produit\/groupes-a-condensation-par-eau\/","title":{"rendered":"Groupes \u00e0 condensation par eau"},"content":{"rendered":"\t\t<div data-elementor-type=\"wp-post\" data-elementor-id=\"23178\" class=\"elementor elementor-23178 elementor-23175\" data-elementor-post-type=\"product\">\n\t\t\t\t\t\t<section class=\"elementor-section elementor-top-section elementor-element elementor-element-6677a109 elementor-section-boxed elementor-section-height-default elementor-section-height-default\" data-id=\"6677a109\" data-element_type=\"section\">\r\n\t\t\r\n\t\t\t\t\t\t\t<div class=\"elementor-container elementor-column-gap-default\">\r\n\t\t\t\t\t\t\t\t\t\t\t<div class=\"elementor-column elementor-col-100 elementor-top-column elementor-element elementor-element-407a1199\" data-id=\"407a1199\" data-element_type=\"column\">\r\n\t\t\t\t\t<div class=\"elementor-widget-wrap elementor-element-populated\">\r\n\t\t\t\t\t\t\t\t<div class=\"elementor-element elementor-element-578825c3 elementor-widget elementor-widget-text-editor\" data-id=\"578825c3\" data-element_type=\"widget\" data-widget_type=\"text-editor.default\">\n\t\t\t\t<div class=\"elementor-widget-container\">\n\t\t\t\t\t\t\t\t\t<p>Groupes \u00e0 condensation par eau pour r\u00e9frig\u00e9ration \u00e0 moyenne et basse temp\u00e9rature, en construction tr\u00e8s compacte et fonctionnement silencieux, con\u00e7us pour installation murale, sur le sol ou sur le service frigorifique.<\/p><ul><li>Unit\u00e9 \u00e0 d\u00e9tente indirecte condens\u00e9e par eau.<\/li><li>Tr\u00e8s faible niveau sonore.<\/li><li>Installation facile.<\/li><li>Charge r\u00e9duite de r\u00e9frig\u00e9rant.<\/li><li>Conforme F-Gas.<\/li><\/ul><p><strong><img fetchpriority=\"high\" decoding=\"async\" class=\"size-full wp-image-23603 aligncenter\" src=\"https:\/\/www.intarcon.com\/wp-content\/uploads\/2021\/03\/fr-21-intalacion-grupos-condensados-por-agua.png\" alt=\"fr-21-intalacion-grupos-condensados-por-agua\" width=\"385\" height=\"330\" srcset=\"https:\/\/www.intarcon.com\/wp-content\/uploads\/2021\/03\/fr-21-intalacion-grupos-condensados-por-agua.png 385w, https:\/\/www.intarcon.com\/wp-content\/uploads\/2021\/03\/fr-21-intalacion-grupos-condensados-por-agua-367x315.png 367w\" sizes=\"(max-width: 385px) 100vw, 385px\" \/><\/strong><\/p><p><strong>Installation<\/strong><br \/>S\u00e9rie waterloop con\u00e7us pour installation murale, sur le sol ou sur le service frigorifique.<\/p><p><strong>Compresseur rotatif<\/strong><br \/>Les compresseurs herm\u00e9tiques rotatifs offrent une plus grande fiabilit\u00e9, un bruit r\u00e9duit et une flexibilit\u00e9 maximale.<\/p><p><strong>Compresseurs tr\u00e8s silencieux<\/strong><br \/>Les Compresseurs scroll Copeland offrent une grande robustesse et fiabilit\u00e9 de fonctionnement, un faible niveau sonore gr\u00e2ce \u00e0 \u00eatre refroidi par le gaz r\u00e9frig\u00e9rant pour r\u00e9frig\u00e9ration \u00e0 moyenne et basse temp\u00e9rature<\/p>\t\t\t\t\t\t\t\t<\/div>\n\t\t\t\t<\/div>\n\t\t\t\t\t<\/div>\r\n\t\t\t\t<\/div>\r\n\t\t\t\t\t<\/div>\r\n\t\t\t\t<\/section>\r\n\t\t\t\t<\/div>\n\t\t","protected":false},"excerpt":{"rendered":"<h2 style=\"color: #999999; font-size: 18px; margin-bottom: 0px;\">Condensation indirecte dans un bucle d\u2019eau<\/h2>\n<p>Sp\u00e9cifiquement d\u00e9velopp\u00e9 pour la r\u00e9frig\u00e9ration commerciale.<br \/>\n<style>.elementor-widget-button .elementor-button{background-color:var( --e-global-color-accent );}.elementor-29436 .elementor-element.elementor-element-2d8b95e .elementor-button{background-color:#0085BB;font-family:\"Roboto\", Montserrat;font-size:1.1em;font-weight:600;text-decoration:none;fill:#FFFFFF;color:#FFFFFF;border-style:solid;border-width:2px 2px 2px 2px;border-color:#0085BB;border-radius:33px 33px 33px 33px;padding:14px 20px 14px 20px;}.elementor-29436 .elementor-element.elementor-element-2d8b95e .elementor-button:hover, .elementor-29436 .elementor-element.elementor-element-2d8b95e .elementor-button:focus{background-color:#FFFFFF;color:#0085BB;border-color:#0085BB;}.elementor-29436 .elementor-element.elementor-element-2d8b95e > .elementor-widget-container{margin:2% 0% 1% 0%;}.elementor-29436 .elementor-element.elementor-element-2d8b95e .elementor-button:hover svg, .elementor-29436 .elementor-element.elementor-element-2d8b95e .elementor-button:focus svg{fill:#0085BB;}@media(max-width:767px){.elementor-29436 .elementor-element.elementor-element-2d8b95e > .elementor-widget-container{margin:-20px 0px 50px 0px;}}<\/style><div class=\"porto-block\" data-id=\"29436\">\t\t<div data-elementor-type=\"wp-post\" data-elementor-id=\"29436\" class=\"elementor elementor-29436 elementor-29420\" data-elementor-post-type=\"porto_builder\">\n\t\t\t\t\t\t<section class=\"elementor-section elementor-top-section elementor-element elementor-element-4601687 elementor-section-boxed elementor-section-height-default elementor-section-height-default\" data-id=\"4601687\" data-element_type=\"section\">\r\n\t\t\r\n\t\t\t\t\t\t\t<div class=\"elementor-container elementor-column-gap-default\">\r\n\t\t\t\t\t\t\t\t\t\t\t<div class=\"elementor-column elementor-col-100 elementor-top-column elementor-element elementor-element-7f3a8ac\" data-id=\"7f3a8ac\" data-element_type=\"column\">\r\n\t\t\t\t\t<div class=\"elementor-widget-wrap elementor-element-populated\">\r\n\t\t\t\t\t\t\t\t<div class=\"elementor-element elementor-element-2d8b95e elementor-align-left elementor-widget elementor-widget-button\" data-id=\"2d8b95e\" data-element_type=\"widget\" data-widget_type=\"button.default\">\n\t\t\t\t<div class=\"elementor-widget-container\">\n\t\t\t\t\t\t\t\t\t<div class=\"elementor-button-wrapper\">\n\t\t\t\t\t<a class=\"elementor-button elementor-button-link elementor-size-md\" href=\"https:\/\/www.intarcon.com\/fr\/conseils-techniques\/\">\n\t\t\t\t\t\t<span class=\"elementor-button-content-wrapper\">\n\t\t\t\t\t\t\t\t\t<span class=\"elementor-button-text\">Demande conseils techniques<\/span>\n\t\t\t\t\t<\/span>\n\t\t\t\t\t<\/a>\n\t\t\t\t<\/div>\n\t\t\t\t\t\t\t\t<\/div>\n\t\t\t\t<\/div>\n\t\t\t\t\t<\/div>\r\n\t\t\t\t<\/div>\r\n\t\t\t\t\t<\/div>\r\n\t\t\t\t<\/section>\r\n\t\t\t\t<\/div>\n\t\t<\/div><\/p>\n","protected":false},"featured_media":89091,"template":"","meta":[],"product_brand":[],"product_cat":[345],"product_tag":[],"class_list":{"0":"post-23178","1":"product","2":"type-product","3":"status-publish","4":"has-post-thumbnail","6":"product_cat-groupes-a-condensation-par-eau","8":"first","9":"instock","10":"shipping-taxable","11":"product-type-simple"},"yoast_head":"<!-- This site is optimized with the Yoast SEO plugin v25.5 - https:\/\/yoast.com\/wordpress\/plugins\/seo\/ -->\n<title>Groupes \u00e0 condensation par eau - INTARCON<\/title>\n<meta name=\"description\" content=\"Groupes \u00e0 condensation par eau pour r\u00e9frig\u00e9ration a moyenne temp\u00e9rature, en construction tr\u00e8s compacte et fonctionnement silencieux.\" \/>\n<meta name=\"robots\" content=\"index, follow, max-snippet:-1, max-image-preview:large, max-video-preview:-1\" \/>\n<link rel=\"canonical\" href=\"https:\/\/www.intarcon.com\/fr\/produit\/groupes-a-condensation-par-eau\/\" \/>\n<meta property=\"og:locale\" content=\"fr_FR\" \/>\n<meta property=\"og:type\" content=\"article\" \/>\n<meta property=\"og:title\" content=\"Groupes \u00e0 condensation par eau - INTARCON\" \/>\n<meta property=\"og:description\" content=\"Groupes \u00e0 condensation par eau pour r\u00e9frig\u00e9ration a moyenne temp\u00e9rature, en construction tr\u00e8s compacte et fonctionnement silencieux.\" \/>\n<meta property=\"og:url\" content=\"https:\/\/www.intarcon.com\/fr\/produit\/groupes-a-condensation-par-eau\/\" \/>\n<meta property=\"og:site_name\" content=\"INTARCON\" \/>\n<meta property=\"article:publisher\" content=\"https:\/\/www.facebook.com\/intarcon\/\" \/>\n<meta property=\"article:modified_time\" content=\"2025-01-30T09:17:48+00:00\" \/>\n<meta property=\"og:image\" content=\"https:\/\/www.intarcon.com\/wp-content\/uploads\/2021\/03\/grupo-condensado-agua-waterloop.webp\" \/>\n\t<meta property=\"og:image:width\" content=\"600\" \/>\n\t<meta property=\"og:image:height\" content=\"600\" \/>\n\t<meta property=\"og:image:type\" content=\"image\/webp\" \/>\n<meta name=\"twitter:card\" content=\"summary_large_image\" \/>\n<meta name=\"twitter:site\" content=\"@Intarcon\" \/>\n<meta name=\"twitter:label1\" content=\"Est. reading time\" \/>\n\t<meta name=\"twitter:data1\" content=\"1 minute\" \/>\n<script type=\"application\/ld+json\" class=\"yoast-schema-graph\">{\"@context\":\"https:\/\/schema.org\",\"@graph\":[{\"@type\":\"WebPage\",\"@id\":\"https:\/\/www.intarcon.com\/fr\/produit\/groupes-a-condensation-par-eau\/\",\"url\":\"https:\/\/www.intarcon.com\/fr\/produit\/groupes-a-condensation-par-eau\/\",\"name\":\"Groupes \u00e0 condensation par eau - INTARCON\",\"isPartOf\":{\"@id\":\"https:\/\/www.intarcon.com\/fr\/#website\"},\"primaryImageOfPage\":{\"@id\":\"https:\/\/www.intarcon.com\/fr\/produit\/groupes-a-condensation-par-eau\/#primaryimage\"},\"image\":{\"@id\":\"https:\/\/www.intarcon.com\/fr\/produit\/groupes-a-condensation-par-eau\/#primaryimage\"},\"thumbnailUrl\":\"https:\/\/www.intarcon.com\/wp-content\/uploads\/2021\/03\/grupo-condensado-agua-waterloop.webp\",\"datePublished\":\"2021-03-24T17:17:02+00:00\",\"dateModified\":\"2025-01-30T09:17:48+00:00\",\"description\":\"Groupes \u00e0 condensation par eau pour r\u00e9frig\u00e9ration a moyenne temp\u00e9rature, en construction tr\u00e8s compacte et fonctionnement silencieux.\",\"breadcrumb\":{\"@id\":\"https:\/\/www.intarcon.com\/fr\/produit\/groupes-a-condensation-par-eau\/#breadcrumb\"},\"inLanguage\":\"fr\",\"potentialAction\":[{\"@type\":\"ReadAction\",\"target\":[\"https:\/\/www.intarcon.com\/fr\/produit\/groupes-a-condensation-par-eau\/\"]}]},{\"@type\":\"ImageObject\",\"inLanguage\":\"fr\",\"@id\":\"https:\/\/www.intarcon.com\/fr\/produit\/groupes-a-condensation-par-eau\/#primaryimage\",\"url\":\"https:\/\/www.intarcon.com\/wp-content\/uploads\/2021\/03\/grupo-condensado-agua-waterloop.webp\",\"contentUrl\":\"https:\/\/www.intarcon.com\/wp-content\/uploads\/2021\/03\/grupo-condensado-agua-waterloop.webp\",\"width\":600,\"height\":600,\"caption\":\"Grupo frigor\u00edfico condensado por agua gama Waterloop -INTARCON\"},{\"@type\":\"BreadcrumbList\",\"@id\":\"https:\/\/www.intarcon.com\/fr\/produit\/groupes-a-condensation-par-eau\/#breadcrumb\",\"itemListElement\":[{\"@type\":\"ListItem\",\"position\":1,\"name\":\"Portada\",\"item\":\"https:\/\/www.intarcon.com\/fr\/\"},{\"@type\":\"ListItem\",\"position\":2,\"name\":\"Producto\",\"item\":\"https:\/\/www.intarcon.com\/producto\/\"},{\"@type\":\"ListItem\",\"position\":3,\"name\":\"Waterloop\",\"item\":\"https:\/\/www.intarcon.com\/fr\/technologie\/waterloop\/\"},{\"@type\":\"ListItem\",\"position\":4,\"name\":\"Groupes \u00e0 condensation par eau\",\"item\":\"https:\/\/www.intarcon.com\/fr\/technologie\/waterloop\/groupes-a-condensation-par-eau\/\"},{\"@type\":\"ListItem\",\"position\":5,\"name\":\"Groupes \u00e0 condensation par eau\"}]},{\"@type\":\"WebSite\",\"@id\":\"https:\/\/www.intarcon.com\/fr\/#website\",\"url\":\"https:\/\/www.intarcon.com\/fr\/\",\"name\":\"INTARCON\",\"description\":\"\",\"potentialAction\":[{\"@type\":\"SearchAction\",\"target\":{\"@type\":\"EntryPoint\",\"urlTemplate\":\"https:\/\/www.intarcon.com\/fr\/?s={search_term_string}\"},\"query-input\":{\"@type\":\"PropertyValueSpecification\",\"valueRequired\":true,\"valueName\":\"search_term_string\"}}],\"inLanguage\":\"fr\"}]}<\/script>\n<!-- \/ Yoast SEO plugin. -->","yoast_head_json":{"title":"Groupes \u00e0 condensation par eau - INTARCON","description":"Groupes \u00e0 condensation par eau pour r\u00e9frig\u00e9ration a moyenne temp\u00e9rature, en construction tr\u00e8s compacte et fonctionnement silencieux.","robots":{"index":"index","follow":"follow","max-snippet":"max-snippet:-1","max-image-preview":"max-image-preview:large","max-video-preview":"max-video-preview:-1"},"canonical":"https:\/\/www.intarcon.com\/fr\/produit\/groupes-a-condensation-par-eau\/","og_locale":"fr_FR","og_type":"article","og_title":"Groupes \u00e0 condensation par eau - INTARCON","og_description":"Groupes \u00e0 condensation par eau pour r\u00e9frig\u00e9ration a moyenne temp\u00e9rature, en construction tr\u00e8s compacte et fonctionnement silencieux.","og_url":"https:\/\/www.intarcon.com\/fr\/produit\/groupes-a-condensation-par-eau\/","og_site_name":"INTARCON","article_publisher":"https:\/\/www.facebook.com\/intarcon\/","article_modified_time":"2025-01-30T09:17:48+00:00","og_image":[{"width":600,"height":600,"url":"https:\/\/www.intarcon.com\/wp-content\/uploads\/2021\/03\/grupo-condensado-agua-waterloop.webp","type":"image\/webp"}],"twitter_card":"summary_large_image","twitter_site":"@Intarcon","twitter_misc":{"Est. reading time":"1 minute"},"schema":{"@context":"https:\/\/schema.org","@graph":[{"@type":"WebPage","@id":"https:\/\/www.intarcon.com\/fr\/produit\/groupes-a-condensation-par-eau\/","url":"https:\/\/www.intarcon.com\/fr\/produit\/groupes-a-condensation-par-eau\/","name":"Groupes \u00e0 condensation par eau - INTARCON","isPartOf":{"@id":"https:\/\/www.intarcon.com\/fr\/#website"},"primaryImageOfPage":{"@id":"https:\/\/www.intarcon.com\/fr\/produit\/groupes-a-condensation-par-eau\/#primaryimage"},"image":{"@id":"https:\/\/www.intarcon.com\/fr\/produit\/groupes-a-condensation-par-eau\/#primaryimage"},"thumbnailUrl":"https:\/\/www.intarcon.com\/wp-content\/uploads\/2021\/03\/grupo-condensado-agua-waterloop.webp","datePublished":"2021-03-24T17:17:02+00:00","dateModified":"2025-01-30T09:17:48+00:00","description":"Groupes \u00e0 condensation par eau pour r\u00e9frig\u00e9ration a moyenne temp\u00e9rature, en construction tr\u00e8s compacte et fonctionnement silencieux.","breadcrumb":{"@id":"https:\/\/www.intarcon.com\/fr\/produit\/groupes-a-condensation-par-eau\/#breadcrumb"},"inLanguage":"fr","potentialAction":[{"@type":"ReadAction","target":["https:\/\/www.intarcon.com\/fr\/produit\/groupes-a-condensation-par-eau\/"]}]},{"@type":"ImageObject","inLanguage":"fr","@id":"https:\/\/www.intarcon.com\/fr\/produit\/groupes-a-condensation-par-eau\/#primaryimage","url":"https:\/\/www.intarcon.com\/wp-content\/uploads\/2021\/03\/grupo-condensado-agua-waterloop.webp","contentUrl":"https:\/\/www.intarcon.com\/wp-content\/uploads\/2021\/03\/grupo-condensado-agua-waterloop.webp","width":600,"height":600,"caption":"Grupo frigor\u00edfico condensado por agua gama Waterloop -INTARCON"},{"@type":"BreadcrumbList","@id":"https:\/\/www.intarcon.com\/fr\/produit\/groupes-a-condensation-par-eau\/#breadcrumb","itemListElement":[{"@type":"ListItem","position":1,"name":"Portada","item":"https:\/\/www.intarcon.com\/fr\/"},{"@type":"ListItem","position":2,"name":"Producto","item":"https:\/\/www.intarcon.com\/producto\/"},{"@type":"ListItem","position":3,"name":"Waterloop","item":"https:\/\/www.intarcon.com\/fr\/technologie\/waterloop\/"},{"@type":"ListItem","position":4,"name":"Groupes \u00e0 condensation par eau","item":"https:\/\/www.intarcon.com\/fr\/technologie\/waterloop\/groupes-a-condensation-par-eau\/"},{"@type":"ListItem","position":5,"name":"Groupes \u00e0 condensation par eau"}]},{"@type":"WebSite","@id":"https:\/\/www.intarcon.com\/fr\/#website","url":"https:\/\/www.intarcon.com\/fr\/","name":"INTARCON","description":"","potentialAction":[{"@type":"SearchAction","target":{"@type":"EntryPoint","urlTemplate":"https:\/\/www.intarcon.com\/fr\/?s={search_term_string}"},"query-input":{"@type":"PropertyValueSpecification","valueRequired":true,"valueName":"search_term_string"}}],"inLanguage":"fr"}]}},"_links":{"self":[{"href":"https:\/\/www.intarcon.com\/fr\/wp-json\/wp\/v2\/product\/23178","targetHints":{"allow":["GET"]}}],"collection":[{"href":"https:\/\/www.intarcon.com\/fr\/wp-json\/wp\/v2\/product"}],"about":[{"href":"https:\/\/www.intarcon.com\/fr\/wp-json\/wp\/v2\/types\/product"}],"version-history":[{"count":0,"href":"https:\/\/www.intarcon.com\/fr\/wp-json\/wp\/v2\/product\/23178\/revisions"}],"wp:featuredmedia":[{"embeddable":true,"href":"https:\/\/www.intarcon.com\/fr\/wp-json\/wp\/v2\/media\/89091"}],"wp:attachment":[{"href":"https:\/\/www.intarcon.com\/fr\/wp-json\/wp\/v2\/media?parent=23178"}],"wp:term":[{"taxonomy":"product_brand","embeddable":true,"href":"https:\/\/www.intarcon.com\/fr\/wp-json\/wp\/v2\/product_brand?post=23178"},{"taxonomy":"product_cat","embeddable":true,"href":"https:\/\/www.intarcon.com\/fr\/wp-json\/wp\/v2\/product_cat?post=23178"},{"taxonomy":"product_tag","embeddable":true,"href":"https:\/\/www.intarcon.com\/fr\/wp-json\/wp\/v2\/product_tag?post=23178"}],"curies":[{"name":"wp","href":"https:\/\/api.w.org\/{rel}","templated":true}]}}