{"id":21454,"date":"2019-06-24T08:00:12","date_gmt":"2019-06-24T06:00:12","guid":{"rendered":"https:\/\/www.intarcon.com\/?post_type=product&#038;p=21454"},"modified":"2024-12-12T09:15:29","modified_gmt":"2024-12-12T08:15:29","slug":"cryoblock","status":"publish","type":"product","link":"https:\/\/www.intarcon.com\/fr\/produit\/cryoblock\/","title":{"rendered":"CRYOblock"},"content":{"rendered":"<p>CRYOblock est un syst\u00e8me de conservation des vaccins frigorifiques \u00e0 grande \u00e9chelle, sp\u00e9cialement con\u00e7u pour r\u00e9pondre \u00e0 la conservation des vaccins dans les centres logistiques de la cha\u00eene de distribution.<\/p>\n<p>Le syst\u00e8me CRYOblock est donc un syst\u00e8me de refroidissement pour le stockage \u00e0 -80 \u00b0C qui se caract\u00e9rise par :<\/p>\n<ul>\n<li>Installation rapide dans la nouvelle installation ou l\u2019ad\u00e9quation d\u2019une chambre existante.<\/li>\n<li>Fiabilit\u00e9 \u00e9lev\u00e9e et s\u00e9curit\u00e9 op\u00e9rationnelle.<\/li>\n<li>Syst\u00e8me modulaire et extensible.<\/li>\n<\/ul>\n<figure id=\"attachment_21465\" aria-describedby=\"caption-attachment-21465\" style=\"width: 295px\" class=\"wp-caption aligncenter\"><img fetchpriority=\"high\" decoding=\"async\" class=\"wp-image-21465\" src=\"https:\/\/www.intarcon.com\/wp-content\/uploads\/2021\/01\/sistema-CRYOblock.jpg\" alt=\"\" width=\"295\" height=\"256\" \/><figcaption id=\"caption-attachment-21465\" class=\"wp-caption-text\">Le syst\u00e8me CRYOblock<\/figcaption><\/figure>\n<p>&nbsp;<\/p>\n<p>Le syst\u00e8me innovant CRYOblock permet le d\u00e9ploiement rapide d\u2019une infrastructure logistique pour la conservation des vaccins \u00e0 -80 \u00b0C, soit sous forme de chambre froides de nouvelle construction et d\u2019ex\u00e9cution rapide, soit en utilisant les installations de conservation existantes \u00e0 -20 \u00b0C.<\/p>\n<p>Les unit\u00e9s CRYOblock se compose d\u2019un ensemble de mini-chambres ultra-cong\u00e9lateur \u00e0 -80 \u00b0C install\u00e9es \u00e0 l\u2019int\u00e9rieur d\u2019une chambre froide \u00e0 -20 \u00b0C. La mini-chambre ultra-cong\u00e9lateur peut accueillir une palette pharmaceutique, et elle est \u00e9quip\u00e9 d\u2019un \u00e9quipement autonome CRYOblock install\u00e9 sur la porte. L\u2019utilisateur est toujours en toute s\u00e9curit\u00e9 de la pr\u00e9-chambre \u00e0 -20 \u00b0C pour charger ou enlever les produits dans la chambre ultra-cong\u00e9lateur, sans avoir \u00e0 entrer dans la cam\u00e9ra \u00e0 -80 \u00b0C.<\/p>\n<figure id=\"attachment_21471\" aria-describedby=\"caption-attachment-21471\" style=\"width: 320px\" class=\"wp-caption aligncenter\"><img decoding=\"async\" class=\"wp-image-21471\" src=\"https:\/\/www.intarcon.com\/wp-content\/uploads\/2021\/01\/minic\u00e1mara-CRYOblock.jpg\" alt=\"\" width=\"320\" height=\"211\" \/><figcaption id=\"caption-attachment-21471\" class=\"wp-caption-text\">Mini-chambre CRYOblock<\/figcaption><\/figure>\n<p>L\u2019\u00e9quipement CRYOblock permet de maintenir une temp\u00e9rature extr\u00eamement basse jusqu\u2019\u00e0 -80 \u00b0C \u00e0 l\u2019int\u00e9rieur de la chambre ultra-cong\u00e9lateur, \u00e9vacuant la chaleur de condensation dans la chambre de -20 \u00b0C, qui sert \u00e0 son tour de pr\u00e9-chambre pour minimiser les pertes de froid. La chambre -20 \u00b0C est \u00e0 son tour \u00e9quip\u00e9e d\u2019\u00e9quipements de refroidissement conventionnels.<\/p>\n<p>Le syst\u00e8me CRYOblock est donc un syst\u00e8me de r\u00e9frig\u00e9ration compact, qui n\u2019a pas besoin d\u2019une connexion de r\u00e9frig\u00e9ration sur place, et qui peut \u00eatre install\u00e9 facilement et rapidement en profitant des infrastructures existantes.<\/p>\n<p>&nbsp;<\/p>\n","protected":false},"excerpt":{"rendered":"<h2 style=\"color: #999999; font-size: 18px; margin-bottom: 0px;\">Monobloc<\/h2>\n<p>Unit\u00e9s monobloc pour l\u2019installation sur la porte pour la conservation des vaccins \u00e0 -80\u00b0C<br \/>\n<style>.elementor-widget-button .elementor-button{background-color:var( --e-global-color-accent );}.elementor-29436 .elementor-element.elementor-element-2d8b95e .elementor-button{background-color:#0085BB;font-family:\"Roboto\", Montserrat;font-size:1.1em;font-weight:600;text-decoration:none;fill:#FFFFFF;color:#FFFFFF;border-style:solid;border-width:2px 2px 2px 2px;border-color:#0085BB;border-radius:33px 33px 33px 33px;padding:14px 20px 14px 20px;}.elementor-29436 .elementor-element.elementor-element-2d8b95e .elementor-button:hover, .elementor-29436 .elementor-element.elementor-element-2d8b95e .elementor-button:focus{background-color:#FFFFFF;color:#0085BB;border-color:#0085BB;}.elementor-29436 .elementor-element.elementor-element-2d8b95e > .elementor-widget-container{margin:2% 0% 1% 0%;}.elementor-29436 .elementor-element.elementor-element-2d8b95e .elementor-button:hover svg, .elementor-29436 .elementor-element.elementor-element-2d8b95e .elementor-button:focus svg{fill:#0085BB;}@media(max-width:767px){.elementor-29436 .elementor-element.elementor-element-2d8b95e > .elementor-widget-container{margin:-20px 0px 50px 0px;}}<\/style><div class=\"porto-block\" data-id=\"29436\">\t\t<div data-elementor-type=\"wp-post\" data-elementor-id=\"29436\" class=\"elementor elementor-29436 elementor-29420\" data-elementor-post-type=\"porto_builder\">\n\t\t\t\t\t\t<section class=\"elementor-section elementor-top-section elementor-element elementor-element-4601687 elementor-section-boxed elementor-section-height-default elementor-section-height-default\" data-id=\"4601687\" data-element_type=\"section\">\r\n\t\t\r\n\t\t\t\t\t\t\t<div class=\"elementor-container elementor-column-gap-default\">\r\n\t\t\t\t\t\t\t\t\t\t\t<div class=\"elementor-column elementor-col-100 elementor-top-column elementor-element elementor-element-7f3a8ac\" data-id=\"7f3a8ac\" data-element_type=\"column\">\r\n\t\t\t\t\t<div class=\"elementor-widget-wrap elementor-element-populated\">\r\n\t\t\t\t\t\t\t\t<div class=\"elementor-element elementor-element-2d8b95e elementor-align-left elementor-widget elementor-widget-button\" data-id=\"2d8b95e\" data-element_type=\"widget\" data-widget_type=\"button.default\">\n\t\t\t\t<div class=\"elementor-widget-container\">\n\t\t\t\t\t\t\t\t\t<div class=\"elementor-button-wrapper\">\n\t\t\t\t\t<a class=\"elementor-button elementor-button-link elementor-size-md\" href=\"https:\/\/www.intarcon.com\/fr\/conseils-techniques\/\">\n\t\t\t\t\t\t<span class=\"elementor-button-content-wrapper\">\n\t\t\t\t\t\t\t\t\t<span class=\"elementor-button-text\">Demande conseils techniques<\/span>\n\t\t\t\t\t<\/span>\n\t\t\t\t\t<\/a>\n\t\t\t\t<\/div>\n\t\t\t\t\t\t\t\t<\/div>\n\t\t\t\t<\/div>\n\t\t\t\t\t<\/div>\r\n\t\t\t\t<\/div>\r\n\t\t\t\t\t<\/div>\r\n\t\t\t\t<\/section>\r\n\t\t\t\t<\/div>\n\t\t<\/div><\/p>\n","protected":false},"featured_media":89402,"template":"","meta":[],"product_brand":[],"product_cat":[602],"product_tag":[],"class_list":{"0":"post-21454","1":"product","2":"type-product","3":"status-publish","4":"has-post-thumbnail","6":"product_cat-r290","8":"first","9":"instock","10":"shipping-taxable","11":"product-type-simple"},"yoast_head":"<!-- This site is optimized with the Yoast SEO plugin v25.5 - https:\/\/yoast.com\/wordpress\/plugins\/seo\/ -->\n<title>CRYOblock - INTARCON<\/title>\n<meta name=\"description\" content=\"CRYOblock est un syst\u00e8me de conservation des vaccins frigorifiques \u00e0 grande \u00e9chelle, sp\u00e9cialement con\u00e7u pour r\u00e9pondre \u00e0 la conservation des vaccins.\" \/>\n<meta name=\"robots\" content=\"index, follow, max-snippet:-1, max-image-preview:large, max-video-preview:-1\" \/>\n<link rel=\"canonical\" href=\"https:\/\/www.intarcon.com\/fr\/produit\/cryoblock\/\" \/>\n<meta property=\"og:locale\" content=\"fr_FR\" \/>\n<meta property=\"og:type\" content=\"article\" \/>\n<meta property=\"og:title\" content=\"CRYOblock - INTARCON\" \/>\n<meta property=\"og:description\" content=\"CRYOblock est un syst\u00e8me de conservation des vaccins frigorifiques \u00e0 grande \u00e9chelle, sp\u00e9cialement con\u00e7u pour r\u00e9pondre \u00e0 la conservation des vaccins.\" \/>\n<meta property=\"og:url\" content=\"https:\/\/www.intarcon.com\/fr\/produit\/cryoblock\/\" \/>\n<meta property=\"og:site_name\" content=\"INTARCON\" \/>\n<meta property=\"article:publisher\" content=\"https:\/\/www.facebook.com\/intarcon\/\" \/>\n<meta property=\"article:modified_time\" content=\"2024-12-12T08:15:29+00:00\" \/>\n<meta property=\"og:image\" content=\"https:\/\/www.intarcon.com\/wp-content\/uploads\/2019\/06\/equipo-compacto-puerta-para-vacunas-cryoblock.webp\" \/>\n\t<meta property=\"og:image:width\" content=\"600\" \/>\n\t<meta property=\"og:image:height\" content=\"600\" \/>\n\t<meta property=\"og:image:type\" content=\"image\/webp\" \/>\n<meta name=\"twitter:card\" content=\"summary_large_image\" \/>\n<meta name=\"twitter:site\" content=\"@Intarcon\" \/>\n<meta name=\"twitter:label1\" content=\"Est. reading time\" \/>\n\t<meta name=\"twitter:data1\" content=\"2 minutes\" \/>\n<script type=\"application\/ld+json\" class=\"yoast-schema-graph\">{\"@context\":\"https:\/\/schema.org\",\"@graph\":[{\"@type\":\"WebPage\",\"@id\":\"https:\/\/www.intarcon.com\/fr\/produit\/cryoblock\/\",\"url\":\"https:\/\/www.intarcon.com\/fr\/produit\/cryoblock\/\",\"name\":\"CRYOblock - INTARCON\",\"isPartOf\":{\"@id\":\"https:\/\/www.intarcon.com\/fr\/#website\"},\"primaryImageOfPage\":{\"@id\":\"https:\/\/www.intarcon.com\/fr\/produit\/cryoblock\/#primaryimage\"},\"image\":{\"@id\":\"https:\/\/www.intarcon.com\/fr\/produit\/cryoblock\/#primaryimage\"},\"thumbnailUrl\":\"https:\/\/www.intarcon.com\/wp-content\/uploads\/2019\/06\/equipo-compacto-puerta-para-vacunas-cryoblock.webp\",\"datePublished\":\"2019-06-24T06:00:12+00:00\",\"dateModified\":\"2024-12-12T08:15:29+00:00\",\"description\":\"CRYOblock est un syst\u00e8me de conservation des vaccins frigorifiques \u00e0 grande \u00e9chelle, sp\u00e9cialement con\u00e7u pour r\u00e9pondre \u00e0 la conservation des vaccins.\",\"breadcrumb\":{\"@id\":\"https:\/\/www.intarcon.com\/fr\/produit\/cryoblock\/#breadcrumb\"},\"inLanguage\":\"fr\",\"potentialAction\":[{\"@type\":\"ReadAction\",\"target\":[\"https:\/\/www.intarcon.com\/fr\/produit\/cryoblock\/\"]}]},{\"@type\":\"ImageObject\",\"inLanguage\":\"fr\",\"@id\":\"https:\/\/www.intarcon.com\/fr\/produit\/cryoblock\/#primaryimage\",\"url\":\"https:\/\/www.intarcon.com\/wp-content\/uploads\/2019\/06\/equipo-compacto-puerta-para-vacunas-cryoblock.webp\",\"contentUrl\":\"https:\/\/www.intarcon.com\/wp-content\/uploads\/2019\/06\/equipo-compacto-puerta-para-vacunas-cryoblock.webp\",\"width\":600,\"height\":600,\"caption\":\"Equipo de puerta para refrigeraci\u00f3n de vacunas cryoblock - INTARCON\"},{\"@type\":\"BreadcrumbList\",\"@id\":\"https:\/\/www.intarcon.com\/fr\/produit\/cryoblock\/#breadcrumb\",\"itemListElement\":[{\"@type\":\"ListItem\",\"position\":1,\"name\":\"Portada\",\"item\":\"https:\/\/www.intarcon.com\/fr\/\"},{\"@type\":\"ListItem\",\"position\":2,\"name\":\"Producto\",\"item\":\"https:\/\/www.intarcon.com\/producto\/\"},{\"@type\":\"ListItem\",\"position\":3,\"name\":\"Autres technologies\",\"item\":\"https:\/\/www.intarcon.com\/fr\/technologie\/autres-technologies\/\"},{\"@type\":\"ListItem\",\"position\":4,\"name\":\"CRYOblock\"}]},{\"@type\":\"WebSite\",\"@id\":\"https:\/\/www.intarcon.com\/fr\/#website\",\"url\":\"https:\/\/www.intarcon.com\/fr\/\",\"name\":\"INTARCON\",\"description\":\"\",\"potentialAction\":[{\"@type\":\"SearchAction\",\"target\":{\"@type\":\"EntryPoint\",\"urlTemplate\":\"https:\/\/www.intarcon.com\/fr\/?s={search_term_string}\"},\"query-input\":{\"@type\":\"PropertyValueSpecification\",\"valueRequired\":true,\"valueName\":\"search_term_string\"}}],\"inLanguage\":\"fr\"}]}<\/script>\n<!-- \/ Yoast SEO plugin. -->","yoast_head_json":{"title":"CRYOblock - INTARCON","description":"CRYOblock est un syst\u00e8me de conservation des vaccins frigorifiques \u00e0 grande \u00e9chelle, sp\u00e9cialement con\u00e7u pour r\u00e9pondre \u00e0 la conservation des vaccins.","robots":{"index":"index","follow":"follow","max-snippet":"max-snippet:-1","max-image-preview":"max-image-preview:large","max-video-preview":"max-video-preview:-1"},"canonical":"https:\/\/www.intarcon.com\/fr\/produit\/cryoblock\/","og_locale":"fr_FR","og_type":"article","og_title":"CRYOblock - INTARCON","og_description":"CRYOblock est un syst\u00e8me de conservation des vaccins frigorifiques \u00e0 grande \u00e9chelle, sp\u00e9cialement con\u00e7u pour r\u00e9pondre \u00e0 la conservation des vaccins.","og_url":"https:\/\/www.intarcon.com\/fr\/produit\/cryoblock\/","og_site_name":"INTARCON","article_publisher":"https:\/\/www.facebook.com\/intarcon\/","article_modified_time":"2024-12-12T08:15:29+00:00","og_image":[{"width":600,"height":600,"url":"https:\/\/www.intarcon.com\/wp-content\/uploads\/2019\/06\/equipo-compacto-puerta-para-vacunas-cryoblock.webp","type":"image\/webp"}],"twitter_card":"summary_large_image","twitter_site":"@Intarcon","twitter_misc":{"Est. reading time":"2 minutes"},"schema":{"@context":"https:\/\/schema.org","@graph":[{"@type":"WebPage","@id":"https:\/\/www.intarcon.com\/fr\/produit\/cryoblock\/","url":"https:\/\/www.intarcon.com\/fr\/produit\/cryoblock\/","name":"CRYOblock - INTARCON","isPartOf":{"@id":"https:\/\/www.intarcon.com\/fr\/#website"},"primaryImageOfPage":{"@id":"https:\/\/www.intarcon.com\/fr\/produit\/cryoblock\/#primaryimage"},"image":{"@id":"https:\/\/www.intarcon.com\/fr\/produit\/cryoblock\/#primaryimage"},"thumbnailUrl":"https:\/\/www.intarcon.com\/wp-content\/uploads\/2019\/06\/equipo-compacto-puerta-para-vacunas-cryoblock.webp","datePublished":"2019-06-24T06:00:12+00:00","dateModified":"2024-12-12T08:15:29+00:00","description":"CRYOblock est un syst\u00e8me de conservation des vaccins frigorifiques \u00e0 grande \u00e9chelle, sp\u00e9cialement con\u00e7u pour r\u00e9pondre \u00e0 la conservation des vaccins.","breadcrumb":{"@id":"https:\/\/www.intarcon.com\/fr\/produit\/cryoblock\/#breadcrumb"},"inLanguage":"fr","potentialAction":[{"@type":"ReadAction","target":["https:\/\/www.intarcon.com\/fr\/produit\/cryoblock\/"]}]},{"@type":"ImageObject","inLanguage":"fr","@id":"https:\/\/www.intarcon.com\/fr\/produit\/cryoblock\/#primaryimage","url":"https:\/\/www.intarcon.com\/wp-content\/uploads\/2019\/06\/equipo-compacto-puerta-para-vacunas-cryoblock.webp","contentUrl":"https:\/\/www.intarcon.com\/wp-content\/uploads\/2019\/06\/equipo-compacto-puerta-para-vacunas-cryoblock.webp","width":600,"height":600,"caption":"Equipo de puerta para refrigeraci\u00f3n de vacunas cryoblock - INTARCON"},{"@type":"BreadcrumbList","@id":"https:\/\/www.intarcon.com\/fr\/produit\/cryoblock\/#breadcrumb","itemListElement":[{"@type":"ListItem","position":1,"name":"Portada","item":"https:\/\/www.intarcon.com\/fr\/"},{"@type":"ListItem","position":2,"name":"Producto","item":"https:\/\/www.intarcon.com\/producto\/"},{"@type":"ListItem","position":3,"name":"Autres technologies","item":"https:\/\/www.intarcon.com\/fr\/technologie\/autres-technologies\/"},{"@type":"ListItem","position":4,"name":"CRYOblock"}]},{"@type":"WebSite","@id":"https:\/\/www.intarcon.com\/fr\/#website","url":"https:\/\/www.intarcon.com\/fr\/","name":"INTARCON","description":"","potentialAction":[{"@type":"SearchAction","target":{"@type":"EntryPoint","urlTemplate":"https:\/\/www.intarcon.com\/fr\/?s={search_term_string}"},"query-input":{"@type":"PropertyValueSpecification","valueRequired":true,"valueName":"search_term_string"}}],"inLanguage":"fr"}]}},"_links":{"self":[{"href":"https:\/\/www.intarcon.com\/fr\/wp-json\/wp\/v2\/product\/21454","targetHints":{"allow":["GET"]}}],"collection":[{"href":"https:\/\/www.intarcon.com\/fr\/wp-json\/wp\/v2\/product"}],"about":[{"href":"https:\/\/www.intarcon.com\/fr\/wp-json\/wp\/v2\/types\/product"}],"version-history":[{"count":0,"href":"https:\/\/www.intarcon.com\/fr\/wp-json\/wp\/v2\/product\/21454\/revisions"}],"wp:featuredmedia":[{"embeddable":true,"href":"https:\/\/www.intarcon.com\/fr\/wp-json\/wp\/v2\/media\/89402"}],"wp:attachment":[{"href":"https:\/\/www.intarcon.com\/fr\/wp-json\/wp\/v2\/media?parent=21454"}],"wp:term":[{"taxonomy":"product_brand","embeddable":true,"href":"https:\/\/www.intarcon.com\/fr\/wp-json\/wp\/v2\/product_brand?post=21454"},{"taxonomy":"product_cat","embeddable":true,"href":"https:\/\/www.intarcon.com\/fr\/wp-json\/wp\/v2\/product_cat?post=21454"},{"taxonomy":"product_tag","embeddable":true,"href":"https:\/\/www.intarcon.com\/fr\/wp-json\/wp\/v2\/product_tag?post=21454"}],"curies":[{"name":"wp","href":"https:\/\/api.w.org\/{rel}","templated":true}]}}