{"id":21005,"date":"2020-11-27T11:04:19","date_gmt":"2020-11-27T10:04:19","guid":{"rendered":"https:\/\/www.intarcon.com\/?post_type=product&#038;p=21005"},"modified":"2022-11-24T11:50:40","modified_gmt":"2022-11-24T09:50:40","slug":"superblock-r290","status":"publish","type":"product","link":"https:\/\/www.intarcon.com\/fr\/produit\/superblock-r290\/","title":{"rendered":"Superblock R290"},"content":{"rendered":"<p>Unit\u00e9 monobloc industrielle de r\u00e9frig\u00e9ration, fabriqu\u00e9e en structure et carrosserie d\u2019acier galvanis\u00e9 avec peinture polyester thermodurcissable, con\u00e7ue pour une installation murale en ext\u00e9rieure, avec acc\u00e8s facile de maintenance \u00e0 travers des panneaux articul\u00e9s. Ces \u00e9quipements se distinguent par :<\/p>\n<ul>\n<li>R\u00e9frig\u00e9rant naturel R-290 d&#8217;haute efficience \u00e9nerg\u00e9tique.<\/li>\n<li>Conception tropicalis\u00e9e pour temp\u00e9rature ambiante jusqu\u2019\u00e0 45 \u00baC.<\/li>\n<li>\u00c9quipements 100 % test\u00e9s en usine.<\/li>\n<li>Grande puissance dans un espace restreint.<\/li>\n<\/ul>\n<p>&nbsp;<\/p>\n<p><img fetchpriority=\"high\" decoding=\"async\" class=\"size-full wp-image-55258 aligncenter\" src=\"https:\/\/www.intarcon.com\/wp-content\/uploads\/2020\/11\/fr-2022-scheme-components-superblock-r290.webp\" alt=\"Sch\u00e9ma des composants du superbloc R290\" width=\"713\" height=\"383\" srcset=\"https:\/\/www.intarcon.com\/wp-content\/uploads\/2020\/11\/fr-2022-scheme-components-superblock-r290.webp 713w, https:\/\/www.intarcon.com\/wp-content\/uploads\/2020\/11\/fr-2022-scheme-components-superblock-r290-640x344.webp 640w, https:\/\/www.intarcon.com\/wp-content\/uploads\/2020\/11\/fr-2022-scheme-components-superblock-r290-400x215.webp 400w, https:\/\/www.intarcon.com\/wp-content\/uploads\/2020\/11\/fr-2022-scheme-components-superblock-r290-367x197.webp 367w, https:\/\/www.intarcon.com\/wp-content\/uploads\/2020\/11\/fr-2022-scheme-components-superblock-r290-600x322.webp 600w\" sizes=\"(max-width: 713px) 100vw, 713px\" \/><\/p>\n<p><strong>S\u00e9rie :<\/strong><\/p>\n<ul>\n<li>ACH &#8211; Haute temp\u00e9rature (9 \u00baC&#8230;15 \u00baC) \u00c9quipements con\u00e7us pour chambres froides de conservation \u00e0 haute temp\u00e9rature, salles de travail, pr\u00e9-chambre et quais de chargement r\u00e9frig\u00e9r\u00e9s.<\/li>\n<li>MCH &#8211; Moyenne temp\u00e9rature (-5 \u00baC&#8230;10 \u00baC) \u00c9quipements con\u00e7us pour chambres froides de conservation des produits g\u00e9n\u00e9riques \u00e0 moyenne temp\u00e9rature.<\/li>\n<li>BCH &#8211; Basse temp\u00e9rature (-30 \u00baC&#8230; -15 \u00baC) \u00c9quipements con\u00e7us pour chambres froides \u00e0 temp\u00e9rature n\u00e9gative de conservation des produits congel\u00e9s.<\/li>\n<\/ul>\n<p>&nbsp;<\/p>\n<p><img decoding=\"async\" class=\"size-full wp-image-55255 aligncenter\" src=\"https:\/\/www.intarcon.com\/wp-content\/uploads\/2020\/11\/fr-2022-exemple-installation-du-superblock-r290.webp\" alt=\"Exemple d'installation du superbloc R290\" width=\"701\" height=\"427\" srcset=\"https:\/\/www.intarcon.com\/wp-content\/uploads\/2020\/11\/fr-2022-exemple-installation-du-superblock-r290.webp 701w, https:\/\/www.intarcon.com\/wp-content\/uploads\/2020\/11\/fr-2022-exemple-installation-du-superblock-r290-640x390.webp 640w, https:\/\/www.intarcon.com\/wp-content\/uploads\/2020\/11\/fr-2022-exemple-installation-du-superblock-r290-400x244.webp 400w, https:\/\/www.intarcon.com\/wp-content\/uploads\/2020\/11\/fr-2022-exemple-installation-du-superblock-r290-367x224.webp 367w, https:\/\/www.intarcon.com\/wp-content\/uploads\/2020\/11\/fr-2022-exemple-installation-du-superblock-r290-600x365.webp 600w\" sizes=\"(max-width: 701px) 100vw, 701px\" \/><\/p>\n","protected":false},"excerpt":{"rendered":"<h2 style=\"color: #999999; font-size: 18px; margin-bottom: 0px; line-height: 29px;\">\u00c9quipements monobloc de r\u00e9frig\u00e9ration industriels<\/h2>\n<p>\u00c9quipements monobloc de r\u00e9frig\u00e9ration industriels pour chambres froides<br \/>\n<style>.elementor-widget-button .elementor-button{background-color:var( --e-global-color-accent );}.elementor-29436 .elementor-element.elementor-element-2d8b95e .elementor-button{background-color:#0085BB;font-family:\"Roboto\", Montserrat;font-size:1.1em;font-weight:600;text-decoration:none;fill:#FFFFFF;color:#FFFFFF;border-style:solid;border-width:2px 2px 2px 2px;border-color:#0085BB;border-radius:33px 33px 33px 33px;padding:14px 20px 14px 20px;}.elementor-29436 .elementor-element.elementor-element-2d8b95e .elementor-button:hover, .elementor-29436 .elementor-element.elementor-element-2d8b95e .elementor-button:focus{background-color:#FFFFFF;color:#0085BB;border-color:#0085BB;}.elementor-29436 .elementor-element.elementor-element-2d8b95e > .elementor-widget-container{margin:2% 0% 1% 0%;}.elementor-29436 .elementor-element.elementor-element-2d8b95e .elementor-button:hover svg, .elementor-29436 .elementor-element.elementor-element-2d8b95e .elementor-button:focus svg{fill:#0085BB;}@media(max-width:767px){.elementor-29436 .elementor-element.elementor-element-2d8b95e > .elementor-widget-container{margin:-20px 0px 50px 0px;}}<\/style><div class=\"porto-block\" data-id=\"29436\">\t\t<div data-elementor-type=\"wp-post\" data-elementor-id=\"29436\" class=\"elementor elementor-29436 elementor-29420\" data-elementor-post-type=\"porto_builder\">\n\t\t\t\t\t\t<section class=\"elementor-section elementor-top-section elementor-element elementor-element-4601687 elementor-section-boxed elementor-section-height-default elementor-section-height-default\" data-id=\"4601687\" data-element_type=\"section\">\r\n\t\t\r\n\t\t\t\t\t\t\t<div class=\"elementor-container elementor-column-gap-default\">\r\n\t\t\t\t\t\t\t\t\t\t\t<div class=\"elementor-column elementor-col-100 elementor-top-column elementor-element elementor-element-7f3a8ac\" data-id=\"7f3a8ac\" data-element_type=\"column\">\r\n\t\t\t\t\t<div class=\"elementor-widget-wrap elementor-element-populated\">\r\n\t\t\t\t\t\t\t\t<div class=\"elementor-element elementor-element-2d8b95e elementor-align-left elementor-widget elementor-widget-button\" data-id=\"2d8b95e\" data-element_type=\"widget\" data-widget_type=\"button.default\">\n\t\t\t\t<div class=\"elementor-widget-container\">\n\t\t\t\t\t\t\t\t\t<div class=\"elementor-button-wrapper\">\n\t\t\t\t\t<a class=\"elementor-button elementor-button-link elementor-size-md\" href=\"https:\/\/www.intarcon.com\/fr\/conseils-techniques\/\">\n\t\t\t\t\t\t<span class=\"elementor-button-content-wrapper\">\n\t\t\t\t\t\t\t\t\t<span class=\"elementor-button-text\">Demande conseils techniques<\/span>\n\t\t\t\t\t<\/span>\n\t\t\t\t\t<\/a>\n\t\t\t\t<\/div>\n\t\t\t\t\t\t\t\t<\/div>\n\t\t\t\t<\/div>\n\t\t\t\t\t<\/div>\r\n\t\t\t\t<\/div>\r\n\t\t\t\t\t<\/div>\r\n\t\t\t\t<\/section>\r\n\t\t\t\t<\/div>\n\t\t<\/div><\/p>\n","protected":false},"featured_media":89103,"template":"","meta":[],"product_brand":[],"product_cat":[381],"product_tag":[],"class_list":{"0":"post-21005","1":"product","2":"type-product","3":"status-publish","4":"has-post-thumbnail","6":"product_cat-monoblocs-industriels","8":"first","9":"instock","10":"featured","11":"shipping-taxable","12":"product-type-simple"},"yoast_head":"<!-- This site is optimized with the Yoast SEO plugin v25.5 - https:\/\/yoast.com\/wordpress\/plugins\/seo\/ -->\n<title>Superblock R290 - INTARCON<\/title>\n<meta name=\"description\" content=\"La s\u00e9rie superblock R290 est compos\u00e9e par des \u00e9quippements compactes de r\u00e9frig\u00e9ration pour son installation \u00e0 paroi dans les chambres frigorifiques.\" \/>\n<meta name=\"robots\" content=\"index, follow, max-snippet:-1, max-image-preview:large, max-video-preview:-1\" \/>\n<link rel=\"canonical\" href=\"https:\/\/www.intarcon.com\/fr\/produit\/superblock-r290\/\" \/>\n<meta property=\"og:locale\" content=\"fr_FR\" \/>\n<meta property=\"og:type\" content=\"article\" \/>\n<meta property=\"og:title\" content=\"Superblock R290 - INTARCON\" \/>\n<meta property=\"og:description\" content=\"La s\u00e9rie superblock R290 est compos\u00e9e par des \u00e9quippements compactes de r\u00e9frig\u00e9ration pour son installation \u00e0 paroi dans les chambres frigorifiques.\" \/>\n<meta property=\"og:url\" content=\"https:\/\/www.intarcon.com\/fr\/produit\/superblock-r290\/\" \/>\n<meta property=\"og:site_name\" content=\"INTARCON\" \/>\n<meta property=\"article:publisher\" content=\"https:\/\/www.facebook.com\/intarcon\/\" \/>\n<meta property=\"article:modified_time\" content=\"2022-11-24T09:50:40+00:00\" \/>\n<meta property=\"og:image\" content=\"https:\/\/www.intarcon.com\/wp-content\/uploads\/2020\/11\/equipos-refrigeracion-compactos-industriales-r290-superblock.webp\" \/>\n\t<meta property=\"og:image:width\" content=\"600\" \/>\n\t<meta property=\"og:image:height\" content=\"600\" \/>\n\t<meta property=\"og:image:type\" content=\"image\/webp\" \/>\n<meta name=\"twitter:card\" content=\"summary_large_image\" \/>\n<meta name=\"twitter:site\" content=\"@Intarcon\" \/>\n<meta name=\"twitter:label1\" content=\"Est. reading time\" \/>\n\t<meta name=\"twitter:data1\" content=\"1 minute\" \/>\n<script type=\"application\/ld+json\" class=\"yoast-schema-graph\">{\"@context\":\"https:\/\/schema.org\",\"@graph\":[{\"@type\":\"WebPage\",\"@id\":\"https:\/\/www.intarcon.com\/fr\/produit\/superblock-r290\/\",\"url\":\"https:\/\/www.intarcon.com\/fr\/produit\/superblock-r290\/\",\"name\":\"Superblock R290 - INTARCON\",\"isPartOf\":{\"@id\":\"https:\/\/www.intarcon.com\/fr\/#website\"},\"primaryImageOfPage\":{\"@id\":\"https:\/\/www.intarcon.com\/fr\/produit\/superblock-r290\/#primaryimage\"},\"image\":{\"@id\":\"https:\/\/www.intarcon.com\/fr\/produit\/superblock-r290\/#primaryimage\"},\"thumbnailUrl\":\"https:\/\/www.intarcon.com\/wp-content\/uploads\/2020\/11\/equipos-refrigeracion-compactos-industriales-r290-superblock.webp\",\"datePublished\":\"2020-11-27T10:04:19+00:00\",\"dateModified\":\"2022-11-24T09:50:40+00:00\",\"description\":\"La s\u00e9rie superblock R290 est compos\u00e9e par des \u00e9quippements compactes de r\u00e9frig\u00e9ration pour son installation \u00e0 paroi dans les chambres frigorifiques.\",\"breadcrumb\":{\"@id\":\"https:\/\/www.intarcon.com\/fr\/produit\/superblock-r290\/#breadcrumb\"},\"inLanguage\":\"fr\",\"potentialAction\":[{\"@type\":\"ReadAction\",\"target\":[\"https:\/\/www.intarcon.com\/fr\/produit\/superblock-r290\/\"]}]},{\"@type\":\"ImageObject\",\"inLanguage\":\"fr\",\"@id\":\"https:\/\/www.intarcon.com\/fr\/produit\/superblock-r290\/#primaryimage\",\"url\":\"https:\/\/www.intarcon.com\/wp-content\/uploads\/2020\/11\/equipos-refrigeracion-compactos-industriales-r290-superblock.webp\",\"contentUrl\":\"https:\/\/www.intarcon.com\/wp-content\/uploads\/2020\/11\/equipos-refrigeracion-compactos-industriales-r290-superblock.webp\",\"width\":600,\"height\":600,\"caption\":\"Equipos compactos industriales R290 superblock - INTARCON\"},{\"@type\":\"BreadcrumbList\",\"@id\":\"https:\/\/www.intarcon.com\/fr\/produit\/superblock-r290\/#breadcrumb\",\"itemListElement\":[{\"@type\":\"ListItem\",\"position\":1,\"name\":\"Portada\",\"item\":\"https:\/\/www.intarcon.com\/fr\/\"},{\"@type\":\"ListItem\",\"position\":2,\"name\":\"Producto\",\"item\":\"https:\/\/www.intarcon.com\/producto\/\"},{\"@type\":\"ListItem\",\"position\":3,\"name\":\"R290\",\"item\":\"https:\/\/www.intarcon.com\/fr\/technologie\/r290\/\"},{\"@type\":\"ListItem\",\"position\":4,\"name\":\"Monoblocs industriels\",\"item\":\"https:\/\/www.intarcon.com\/fr\/technologie\/r290\/monoblocs-industriels\/\"},{\"@type\":\"ListItem\",\"position\":5,\"name\":\"Superblock R290\"}]},{\"@type\":\"WebSite\",\"@id\":\"https:\/\/www.intarcon.com\/fr\/#website\",\"url\":\"https:\/\/www.intarcon.com\/fr\/\",\"name\":\"INTARCON\",\"description\":\"\",\"potentialAction\":[{\"@type\":\"SearchAction\",\"target\":{\"@type\":\"EntryPoint\",\"urlTemplate\":\"https:\/\/www.intarcon.com\/fr\/?s={search_term_string}\"},\"query-input\":{\"@type\":\"PropertyValueSpecification\",\"valueRequired\":true,\"valueName\":\"search_term_string\"}}],\"inLanguage\":\"fr\"}]}<\/script>\n<!-- \/ Yoast SEO plugin. -->","yoast_head_json":{"title":"Superblock R290 - INTARCON","description":"La s\u00e9rie superblock R290 est compos\u00e9e par des \u00e9quippements compactes de r\u00e9frig\u00e9ration pour son installation \u00e0 paroi dans les chambres frigorifiques.","robots":{"index":"index","follow":"follow","max-snippet":"max-snippet:-1","max-image-preview":"max-image-preview:large","max-video-preview":"max-video-preview:-1"},"canonical":"https:\/\/www.intarcon.com\/fr\/produit\/superblock-r290\/","og_locale":"fr_FR","og_type":"article","og_title":"Superblock R290 - INTARCON","og_description":"La s\u00e9rie superblock R290 est compos\u00e9e par des \u00e9quippements compactes de r\u00e9frig\u00e9ration pour son installation \u00e0 paroi dans les chambres frigorifiques.","og_url":"https:\/\/www.intarcon.com\/fr\/produit\/superblock-r290\/","og_site_name":"INTARCON","article_publisher":"https:\/\/www.facebook.com\/intarcon\/","article_modified_time":"2022-11-24T09:50:40+00:00","og_image":[{"width":600,"height":600,"url":"https:\/\/www.intarcon.com\/wp-content\/uploads\/2020\/11\/equipos-refrigeracion-compactos-industriales-r290-superblock.webp","type":"image\/webp"}],"twitter_card":"summary_large_image","twitter_site":"@Intarcon","twitter_misc":{"Est. reading time":"1 minute"},"schema":{"@context":"https:\/\/schema.org","@graph":[{"@type":"WebPage","@id":"https:\/\/www.intarcon.com\/fr\/produit\/superblock-r290\/","url":"https:\/\/www.intarcon.com\/fr\/produit\/superblock-r290\/","name":"Superblock R290 - INTARCON","isPartOf":{"@id":"https:\/\/www.intarcon.com\/fr\/#website"},"primaryImageOfPage":{"@id":"https:\/\/www.intarcon.com\/fr\/produit\/superblock-r290\/#primaryimage"},"image":{"@id":"https:\/\/www.intarcon.com\/fr\/produit\/superblock-r290\/#primaryimage"},"thumbnailUrl":"https:\/\/www.intarcon.com\/wp-content\/uploads\/2020\/11\/equipos-refrigeracion-compactos-industriales-r290-superblock.webp","datePublished":"2020-11-27T10:04:19+00:00","dateModified":"2022-11-24T09:50:40+00:00","description":"La s\u00e9rie superblock R290 est compos\u00e9e par des \u00e9quippements compactes de r\u00e9frig\u00e9ration pour son installation \u00e0 paroi dans les chambres frigorifiques.","breadcrumb":{"@id":"https:\/\/www.intarcon.com\/fr\/produit\/superblock-r290\/#breadcrumb"},"inLanguage":"fr","potentialAction":[{"@type":"ReadAction","target":["https:\/\/www.intarcon.com\/fr\/produit\/superblock-r290\/"]}]},{"@type":"ImageObject","inLanguage":"fr","@id":"https:\/\/www.intarcon.com\/fr\/produit\/superblock-r290\/#primaryimage","url":"https:\/\/www.intarcon.com\/wp-content\/uploads\/2020\/11\/equipos-refrigeracion-compactos-industriales-r290-superblock.webp","contentUrl":"https:\/\/www.intarcon.com\/wp-content\/uploads\/2020\/11\/equipos-refrigeracion-compactos-industriales-r290-superblock.webp","width":600,"height":600,"caption":"Equipos compactos industriales R290 superblock - INTARCON"},{"@type":"BreadcrumbList","@id":"https:\/\/www.intarcon.com\/fr\/produit\/superblock-r290\/#breadcrumb","itemListElement":[{"@type":"ListItem","position":1,"name":"Portada","item":"https:\/\/www.intarcon.com\/fr\/"},{"@type":"ListItem","position":2,"name":"Producto","item":"https:\/\/www.intarcon.com\/producto\/"},{"@type":"ListItem","position":3,"name":"R290","item":"https:\/\/www.intarcon.com\/fr\/technologie\/r290\/"},{"@type":"ListItem","position":4,"name":"Monoblocs industriels","item":"https:\/\/www.intarcon.com\/fr\/technologie\/r290\/monoblocs-industriels\/"},{"@type":"ListItem","position":5,"name":"Superblock R290"}]},{"@type":"WebSite","@id":"https:\/\/www.intarcon.com\/fr\/#website","url":"https:\/\/www.intarcon.com\/fr\/","name":"INTARCON","description":"","potentialAction":[{"@type":"SearchAction","target":{"@type":"EntryPoint","urlTemplate":"https:\/\/www.intarcon.com\/fr\/?s={search_term_string}"},"query-input":{"@type":"PropertyValueSpecification","valueRequired":true,"valueName":"search_term_string"}}],"inLanguage":"fr"}]}},"_links":{"self":[{"href":"https:\/\/www.intarcon.com\/fr\/wp-json\/wp\/v2\/product\/21005","targetHints":{"allow":["GET"]}}],"collection":[{"href":"https:\/\/www.intarcon.com\/fr\/wp-json\/wp\/v2\/product"}],"about":[{"href":"https:\/\/www.intarcon.com\/fr\/wp-json\/wp\/v2\/types\/product"}],"version-history":[{"count":0,"href":"https:\/\/www.intarcon.com\/fr\/wp-json\/wp\/v2\/product\/21005\/revisions"}],"wp:featuredmedia":[{"embeddable":true,"href":"https:\/\/www.intarcon.com\/fr\/wp-json\/wp\/v2\/media\/89103"}],"wp:attachment":[{"href":"https:\/\/www.intarcon.com\/fr\/wp-json\/wp\/v2\/media?parent=21005"}],"wp:term":[{"taxonomy":"product_brand","embeddable":true,"href":"https:\/\/www.intarcon.com\/fr\/wp-json\/wp\/v2\/product_brand?post=21005"},{"taxonomy":"product_cat","embeddable":true,"href":"https:\/\/www.intarcon.com\/fr\/wp-json\/wp\/v2\/product_cat?post=21005"},{"taxonomy":"product_tag","embeddable":true,"href":"https:\/\/www.intarcon.com\/fr\/wp-json\/wp\/v2\/product_tag?post=21005"}],"curies":[{"name":"wp","href":"https:\/\/api.w.org\/{rel}","templated":true}]}}