{"id":18218,"date":"2020-03-23T15:57:37","date_gmt":"2020-03-23T14:57:37","guid":{"rendered":"https:\/\/www.intarcon.com\/product\/enfriador-doble-flujo\/"},"modified":"2022-11-28T12:59:10","modified_gmt":"2022-11-28T10:59:10","slug":"refroidisseurs-air-double-flux","status":"publish","type":"product","link":"https:\/\/www.intarcon.com\/fr\/produit\/refroidisseurs-air-double-flux\/","title":{"rendered":"Double flux"},"content":{"rendered":"<p>Refroidisseur d\u2019air \u00e0 double flux \u00e0 l\u2019eau glycol\u00e9e, \u00e9quip\u00e9s de vannes de r\u00e9gulation et contr\u00f4le \u00e9lectronique pr\u00e9c\u00e2bl\u00e9, fabriqu\u00e9s en structure d\u2019acier galvanis\u00e9 et en carross\u00e9rie de aluminium avec peinture polyester. Ces \u00e9quipements se distinguent par :<\/p>\n<ul>\n<li>Eau glycol\u00e9e.<\/li>\n<li>Batterie d\u2019haute efficience.<\/li>\n<li>Vanne sol\u00e9no\u00efde int\u00e9gr\u00e9e.<\/li>\n<li>Contr\u00f4le \u00e9lectronique pr\u00e9c\u00e2bl\u00e9. (en option).<\/li>\n<li>Grand confort avec un faible niveau sonore.<\/li>\n<\/ul>\n","protected":false},"excerpt":{"rendered":"<h2 style=\"color: #999999; font-size: 18px; margin-bottom: 0px;\">Unit\u00e9s de refroidissement d\u2019air<\/h2>\n<p><span style=\"color: #999999; font-size: 18px;\">Avec de l\u2019eau glycol\u00e9e \u00e0 double flux pour la r\u00e9frig\u00e9ration \u00e0 haute ou moyenne temp\u00e9rature.<\/span><br \/>\n<style>.elementor-widget-button .elementor-button{background-color:var( --e-global-color-accent );}.elementor-29436 .elementor-element.elementor-element-2d8b95e .elementor-button{background-color:#0085BB;font-family:\"Roboto\", Montserrat;font-size:1.1em;font-weight:600;text-decoration:none;fill:#FFFFFF;color:#FFFFFF;border-style:solid;border-width:2px 2px 2px 2px;border-color:#0085BB;border-radius:33px 33px 33px 33px;padding:14px 20px 14px 20px;}.elementor-29436 .elementor-element.elementor-element-2d8b95e .elementor-button:hover, .elementor-29436 .elementor-element.elementor-element-2d8b95e .elementor-button:focus{background-color:#FFFFFF;color:#0085BB;border-color:#0085BB;}.elementor-29436 .elementor-element.elementor-element-2d8b95e > .elementor-widget-container{margin:2% 0% 1% 0%;}.elementor-29436 .elementor-element.elementor-element-2d8b95e .elementor-button:hover svg, .elementor-29436 .elementor-element.elementor-element-2d8b95e .elementor-button:focus svg{fill:#0085BB;}@media(max-width:767px){.elementor-29436 .elementor-element.elementor-element-2d8b95e > .elementor-widget-container{margin:-20px 0px 50px 0px;}}<\/style><div class=\"porto-block\" data-id=\"29436\">\t\t<div data-elementor-type=\"wp-post\" data-elementor-id=\"29436\" class=\"elementor elementor-29436 elementor-29420\" data-elementor-post-type=\"porto_builder\">\n\t\t\t\t\t\t<section class=\"elementor-section elementor-top-section elementor-element elementor-element-4601687 elementor-section-boxed elementor-section-height-default elementor-section-height-default\" data-id=\"4601687\" data-element_type=\"section\">\r\n\t\t\r\n\t\t\t\t\t\t\t<div class=\"elementor-container elementor-column-gap-default\">\r\n\t\t\t\t\t\t\t\t\t\t\t<div class=\"elementor-column elementor-col-100 elementor-top-column elementor-element elementor-element-7f3a8ac\" data-id=\"7f3a8ac\" data-element_type=\"column\">\r\n\t\t\t\t\t<div class=\"elementor-widget-wrap elementor-element-populated\">\r\n\t\t\t\t\t\t\t\t<div class=\"elementor-element elementor-element-2d8b95e elementor-align-left elementor-widget elementor-widget-button\" data-id=\"2d8b95e\" data-element_type=\"widget\" data-widget_type=\"button.default\">\n\t\t\t\t<div class=\"elementor-widget-container\">\n\t\t\t\t\t\t\t\t\t<div class=\"elementor-button-wrapper\">\n\t\t\t\t\t<a class=\"elementor-button elementor-button-link elementor-size-md\" href=\"https:\/\/www.intarcon.com\/fr\/conseils-techniques\/\">\n\t\t\t\t\t\t<span class=\"elementor-button-content-wrapper\">\n\t\t\t\t\t\t\t\t\t<span class=\"elementor-button-text\">Demande conseils techniques<\/span>\n\t\t\t\t\t<\/span>\n\t\t\t\t\t<\/a>\n\t\t\t\t<\/div>\n\t\t\t\t\t\t\t\t<\/div>\n\t\t\t\t<\/div>\n\t\t\t\t\t<\/div>\r\n\t\t\t\t<\/div>\r\n\t\t\t\t\t<\/div>\r\n\t\t\t\t<\/section>\r\n\t\t\t\t<\/div>\n\t\t<\/div><\/p>\n","protected":false},"featured_media":89157,"template":"","meta":[],"product_brand":[],"product_cat":[541,393],"product_tag":[],"class_list":{"0":"post-18218","1":"product","2":"type-product","3":"status-publish","4":"has-post-thumbnail","6":"product_cat-refroidisseurs-air","7":"product_cat-refroidisseurs-dair","9":"first","10":"instock","11":"shipping-taxable","12":"product-type-simple"},"yoast_head":"<!-- This site is optimized with the Yoast SEO plugin v25.5 - https:\/\/yoast.com\/wordpress\/plugins\/seo\/ -->\n<title>Refroidisseur d&#039;air \u00e0 double flux- INTARCON<\/title>\n<meta name=\"description\" content=\"Les unit\u00e9s de refroidissement d\u2019air \u00e0 type plafond de double flux INTARCON, \u00e0 l\u2019eau glycol\u00e9e sont dessin\u00e9es pour couvrir un large \u00e9ventail de puissances.\" \/>\n<meta name=\"robots\" content=\"index, follow, max-snippet:-1, max-image-preview:large, max-video-preview:-1\" \/>\n<link rel=\"canonical\" href=\"https:\/\/www.intarcon.com\/fr\/produit\/refroidisseurs-air-double-flux\/\" \/>\n<meta property=\"og:locale\" content=\"fr_FR\" \/>\n<meta property=\"og:type\" content=\"article\" \/>\n<meta property=\"og:title\" content=\"Refroidisseur d&#039;air \u00e0 double flux- INTARCON\" \/>\n<meta property=\"og:description\" content=\"Les unit\u00e9s de refroidissement d\u2019air \u00e0 type plafond de double flux INTARCON, \u00e0 l\u2019eau glycol\u00e9e sont dessin\u00e9es pour couvrir un large \u00e9ventail de puissances.\" \/>\n<meta property=\"og:url\" content=\"https:\/\/www.intarcon.com\/fr\/produit\/refroidisseurs-air-double-flux\/\" \/>\n<meta property=\"og:site_name\" content=\"INTARCON\" \/>\n<meta property=\"article:publisher\" content=\"https:\/\/www.facebook.com\/intarcon\/\" \/>\n<meta property=\"article:modified_time\" content=\"2022-11-28T10:59:10+00:00\" \/>\n<meta property=\"og:image\" content=\"https:\/\/www.intarcon.com\/wp-content\/uploads\/2022\/03\/jd-enfriadora-intarcon.webp\" \/>\n\t<meta property=\"og:image:width\" content=\"600\" \/>\n\t<meta property=\"og:image:height\" content=\"600\" \/>\n\t<meta property=\"og:image:type\" content=\"image\/webp\" \/>\n<meta name=\"twitter:card\" content=\"summary_large_image\" \/>\n<meta name=\"twitter:site\" content=\"@Intarcon\" \/>\n<meta name=\"twitter:label1\" content=\"Est. reading time\" \/>\n\t<meta name=\"twitter:data1\" content=\"1 minute\" \/>\n<script type=\"application\/ld+json\" class=\"yoast-schema-graph\">{\"@context\":\"https:\/\/schema.org\",\"@graph\":[{\"@type\":\"WebPage\",\"@id\":\"https:\/\/www.intarcon.com\/fr\/produit\/refroidisseurs-air-double-flux\/\",\"url\":\"https:\/\/www.intarcon.com\/fr\/produit\/refroidisseurs-air-double-flux\/\",\"name\":\"Refroidisseur d'air \u00e0 double flux- INTARCON\",\"isPartOf\":{\"@id\":\"https:\/\/www.intarcon.com\/fr\/#website\"},\"primaryImageOfPage\":{\"@id\":\"https:\/\/www.intarcon.com\/fr\/produit\/refroidisseurs-air-double-flux\/#primaryimage\"},\"image\":{\"@id\":\"https:\/\/www.intarcon.com\/fr\/produit\/refroidisseurs-air-double-flux\/#primaryimage\"},\"thumbnailUrl\":\"https:\/\/www.intarcon.com\/wp-content\/uploads\/2020\/03\/unidades-enfriadoras-aire-doble-flujo.webp\",\"datePublished\":\"2020-03-23T14:57:37+00:00\",\"dateModified\":\"2022-11-28T10:59:10+00:00\",\"description\":\"Les unit\u00e9s de refroidissement d\u2019air \u00e0 type plafond de double flux INTARCON, \u00e0 l\u2019eau glycol\u00e9e sont dessin\u00e9es pour couvrir un large \u00e9ventail de puissances.\",\"breadcrumb\":{\"@id\":\"https:\/\/www.intarcon.com\/fr\/produit\/refroidisseurs-air-double-flux\/#breadcrumb\"},\"inLanguage\":\"fr\",\"potentialAction\":[{\"@type\":\"ReadAction\",\"target\":[\"https:\/\/www.intarcon.com\/fr\/produit\/refroidisseurs-air-double-flux\/\"]}]},{\"@type\":\"ImageObject\",\"inLanguage\":\"fr\",\"@id\":\"https:\/\/www.intarcon.com\/fr\/produit\/refroidisseurs-air-double-flux\/#primaryimage\",\"url\":\"https:\/\/www.intarcon.com\/wp-content\/uploads\/2020\/03\/unidades-enfriadoras-aire-doble-flujo.webp\",\"contentUrl\":\"https:\/\/www.intarcon.com\/wp-content\/uploads\/2020\/03\/unidades-enfriadoras-aire-doble-flujo.webp\",\"width\":600,\"height\":600,\"caption\":\"Unidades enfriadoras de aire de doble flujo para refrigeraci\u00f3n - INTARCON\"},{\"@type\":\"BreadcrumbList\",\"@id\":\"https:\/\/www.intarcon.com\/fr\/produit\/refroidisseurs-air-double-flux\/#breadcrumb\",\"itemListElement\":[{\"@type\":\"ListItem\",\"position\":1,\"name\":\"Portada\",\"item\":\"https:\/\/www.intarcon.com\/fr\/\"},{\"@type\":\"ListItem\",\"position\":2,\"name\":\"Producto\",\"item\":\"https:\/\/www.intarcon.com\/producto\/\"},{\"@type\":\"ListItem\",\"position\":3,\"name\":\"Glicol\",\"item\":\"https:\/\/www.intarcon.com\/fr\/technologie\/glicol\/\"},{\"@type\":\"ListItem\",\"position\":4,\"name\":\"Refroidisseurs d'air\",\"item\":\"https:\/\/www.intarcon.com\/fr\/technologie\/glicol\/refroidisseurs-dair\/\"},{\"@type\":\"ListItem\",\"position\":5,\"name\":\"Double flux\"}]},{\"@type\":\"WebSite\",\"@id\":\"https:\/\/www.intarcon.com\/fr\/#website\",\"url\":\"https:\/\/www.intarcon.com\/fr\/\",\"name\":\"INTARCON\",\"description\":\"\",\"potentialAction\":[{\"@type\":\"SearchAction\",\"target\":{\"@type\":\"EntryPoint\",\"urlTemplate\":\"https:\/\/www.intarcon.com\/fr\/?s={search_term_string}\"},\"query-input\":{\"@type\":\"PropertyValueSpecification\",\"valueRequired\":true,\"valueName\":\"search_term_string\"}}],\"inLanguage\":\"fr\"}]}<\/script>\n<!-- \/ Yoast SEO plugin. -->","yoast_head_json":{"title":"Refroidisseur d'air \u00e0 double flux- INTARCON","description":"Les unit\u00e9s de refroidissement d\u2019air \u00e0 type plafond de double flux INTARCON, \u00e0 l\u2019eau glycol\u00e9e sont dessin\u00e9es pour couvrir un large \u00e9ventail de puissances.","robots":{"index":"index","follow":"follow","max-snippet":"max-snippet:-1","max-image-preview":"max-image-preview:large","max-video-preview":"max-video-preview:-1"},"canonical":"https:\/\/www.intarcon.com\/fr\/produit\/refroidisseurs-air-double-flux\/","og_locale":"fr_FR","og_type":"article","og_title":"Refroidisseur d'air \u00e0 double flux- INTARCON","og_description":"Les unit\u00e9s de refroidissement d\u2019air \u00e0 type plafond de double flux INTARCON, \u00e0 l\u2019eau glycol\u00e9e sont dessin\u00e9es pour couvrir un large \u00e9ventail de puissances.","og_url":"https:\/\/www.intarcon.com\/fr\/produit\/refroidisseurs-air-double-flux\/","og_site_name":"INTARCON","article_publisher":"https:\/\/www.facebook.com\/intarcon\/","article_modified_time":"2022-11-28T10:59:10+00:00","og_image":[{"width":600,"height":600,"url":"https:\/\/www.intarcon.com\/wp-content\/uploads\/2022\/03\/jd-enfriadora-intarcon.webp","type":"image\/webp"}],"twitter_card":"summary_large_image","twitter_site":"@Intarcon","twitter_misc":{"Est. reading time":"1 minute"},"schema":{"@context":"https:\/\/schema.org","@graph":[{"@type":"WebPage","@id":"https:\/\/www.intarcon.com\/fr\/produit\/refroidisseurs-air-double-flux\/","url":"https:\/\/www.intarcon.com\/fr\/produit\/refroidisseurs-air-double-flux\/","name":"Refroidisseur d'air \u00e0 double flux- INTARCON","isPartOf":{"@id":"https:\/\/www.intarcon.com\/fr\/#website"},"primaryImageOfPage":{"@id":"https:\/\/www.intarcon.com\/fr\/produit\/refroidisseurs-air-double-flux\/#primaryimage"},"image":{"@id":"https:\/\/www.intarcon.com\/fr\/produit\/refroidisseurs-air-double-flux\/#primaryimage"},"thumbnailUrl":"https:\/\/www.intarcon.com\/wp-content\/uploads\/2020\/03\/unidades-enfriadoras-aire-doble-flujo.webp","datePublished":"2020-03-23T14:57:37+00:00","dateModified":"2022-11-28T10:59:10+00:00","description":"Les unit\u00e9s de refroidissement d\u2019air \u00e0 type plafond de double flux INTARCON, \u00e0 l\u2019eau glycol\u00e9e sont dessin\u00e9es pour couvrir un large \u00e9ventail de puissances.","breadcrumb":{"@id":"https:\/\/www.intarcon.com\/fr\/produit\/refroidisseurs-air-double-flux\/#breadcrumb"},"inLanguage":"fr","potentialAction":[{"@type":"ReadAction","target":["https:\/\/www.intarcon.com\/fr\/produit\/refroidisseurs-air-double-flux\/"]}]},{"@type":"ImageObject","inLanguage":"fr","@id":"https:\/\/www.intarcon.com\/fr\/produit\/refroidisseurs-air-double-flux\/#primaryimage","url":"https:\/\/www.intarcon.com\/wp-content\/uploads\/2020\/03\/unidades-enfriadoras-aire-doble-flujo.webp","contentUrl":"https:\/\/www.intarcon.com\/wp-content\/uploads\/2020\/03\/unidades-enfriadoras-aire-doble-flujo.webp","width":600,"height":600,"caption":"Unidades enfriadoras de aire de doble flujo para refrigeraci\u00f3n - INTARCON"},{"@type":"BreadcrumbList","@id":"https:\/\/www.intarcon.com\/fr\/produit\/refroidisseurs-air-double-flux\/#breadcrumb","itemListElement":[{"@type":"ListItem","position":1,"name":"Portada","item":"https:\/\/www.intarcon.com\/fr\/"},{"@type":"ListItem","position":2,"name":"Producto","item":"https:\/\/www.intarcon.com\/producto\/"},{"@type":"ListItem","position":3,"name":"Glicol","item":"https:\/\/www.intarcon.com\/fr\/technologie\/glicol\/"},{"@type":"ListItem","position":4,"name":"Refroidisseurs d'air","item":"https:\/\/www.intarcon.com\/fr\/technologie\/glicol\/refroidisseurs-dair\/"},{"@type":"ListItem","position":5,"name":"Double flux"}]},{"@type":"WebSite","@id":"https:\/\/www.intarcon.com\/fr\/#website","url":"https:\/\/www.intarcon.com\/fr\/","name":"INTARCON","description":"","potentialAction":[{"@type":"SearchAction","target":{"@type":"EntryPoint","urlTemplate":"https:\/\/www.intarcon.com\/fr\/?s={search_term_string}"},"query-input":{"@type":"PropertyValueSpecification","valueRequired":true,"valueName":"search_term_string"}}],"inLanguage":"fr"}]}},"_links":{"self":[{"href":"https:\/\/www.intarcon.com\/fr\/wp-json\/wp\/v2\/product\/18218","targetHints":{"allow":["GET"]}}],"collection":[{"href":"https:\/\/www.intarcon.com\/fr\/wp-json\/wp\/v2\/product"}],"about":[{"href":"https:\/\/www.intarcon.com\/fr\/wp-json\/wp\/v2\/types\/product"}],"version-history":[{"count":0,"href":"https:\/\/www.intarcon.com\/fr\/wp-json\/wp\/v2\/product\/18218\/revisions"}],"wp:featuredmedia":[{"embeddable":true,"href":"https:\/\/www.intarcon.com\/fr\/wp-json\/wp\/v2\/media\/89157"}],"wp:attachment":[{"href":"https:\/\/www.intarcon.com\/fr\/wp-json\/wp\/v2\/media?parent=18218"}],"wp:term":[{"taxonomy":"product_brand","embeddable":true,"href":"https:\/\/www.intarcon.com\/fr\/wp-json\/wp\/v2\/product_brand?post=18218"},{"taxonomy":"product_cat","embeddable":true,"href":"https:\/\/www.intarcon.com\/fr\/wp-json\/wp\/v2\/product_cat?post=18218"},{"taxonomy":"product_tag","embeddable":true,"href":"https:\/\/www.intarcon.com\/fr\/wp-json\/wp\/v2\/product_tag?post=18218"}],"curies":[{"name":"wp","href":"https:\/\/api.w.org\/{rel}","templated":true}]}}