{"id":9461,"date":"2019-06-23T09:30:25","date_gmt":"2019-06-23T07:30:25","guid":{"rendered":"https:\/\/www.intarcon.com\/wordpress\/?page_id=9461"},"modified":"2022-03-08T13:15:01","modified_gmt":"2022-03-08T11:15:01","slug":"consultation-online","status":"publish","type":"page","link":"https:\/\/www.intarcon.com\/fr\/consultation-online\/","title":{"rendered":"Consultation en ligne"},"content":{"rendered":"\t\t<div data-elementor-type=\"wp-page\" data-elementor-id=\"9461\" class=\"elementor elementor-9461 elementor-8815\" data-elementor-post-type=\"page\">\n\t\t\t\t\t\t<section class=\"elementor-section elementor-top-section elementor-element elementor-element-425b2069 elementor-section-boxed elementor-section-height-default elementor-section-height-default\" data-id=\"425b2069\" data-element_type=\"section\">\r\n\t\t\r\n\t\t\t\t\t\t\t<div class=\"elementor-container elementor-column-gap-default\">\r\n\t\t\t\t\t\t\t\t\t\t\t<div class=\"elementor-column elementor-col-100 elementor-top-column elementor-element elementor-element-6be658b3\" data-id=\"6be658b3\" data-element_type=\"column\">\r\n\t\t\t\t\t<div class=\"elementor-widget-wrap elementor-element-populated\">\r\n\t\t\t\t\t\t\t\t<div class=\"elementor-element elementor-element-49eefc74 elementor-widget elementor-widget-text-editor\" data-id=\"49eefc74\" data-element_type=\"widget\" data-widget_type=\"text-editor.default\">\n\t\t\t\t<div class=\"elementor-widget-container\">\n\t\t\t\t\t\t\t\t\t<h1 class=\"entry-title page-header\">Consultation en ligne<\/h1><p>Veuillez nous faire parvenir votre demande de renseignement par ce formulaire.[contact-form-7 id=&#8221;10597&#8243;]<\/p><div class=\"disclaimer\"><div class=\"span8\"><p>D\u2019accueil en conformit\u00e9 avec R\u00e8glement g\u00e9n\u00e9ral (UE) 2016\/679 sur la protection des donn\u00e9es du Parlement europ\u00e9en et du Conseil du 27 avril 2016, nous tenons \u00e0 vous informer que votre donn\u00e9es personnelles seront ajout\u00e9s \u00e0 un fichier dont propri\u00e9taire est INDUSTRIAS DE TECNOLOGIAS APLICADAS DE REFRIGERACION Y CONSERVACION S.L, avec CIF B14779136, avec adresse \u00e0 P.I. Los Santos, Bulevar de los Santos 34, 14900, Lucena-COrdoba au but de g\u00e9rer le service apr\u00e8s-vente, et qu\u2019ils pourraient \u00eatre utilis\u00e9s pour des buts statistiques ou de marketing.<\/p><p>La base l\u00e9gale pour le traitement de vos donn\u00e9es est l\u2019ex\u00e9cution du service sous-trait\u00e9 et\/ou demand\u00e9 par vous. L&#8217;offre potentielle de produits et services est bas\u00e9e sur le consentement demand\u00e9, sans que le retrait de ce consentement ne conditionne l&#8217;ex\u00e9cution du contrat.<\/p><p>Les donn\u00e9es fournies seront conserv\u00e9es tant que la relation commerciale sera maintenue ou pendant les ann\u00e9es n\u00e9cessaires pour respecter les obligations l\u00e9gales. Les donn\u00e9es ne seront pas transmises \u00e0 des tiers, sauf dans les cas d&#8217;obligation l\u00e9gale.<\/p><p>Vous avez le droit d&#8217;obtenir la confirmation si INDUSTRIAS DE TECNOLOGIAS APLICADAS DE REFRIGERACION Y CONSERVACION S.L. Nous traitons vos donn\u00e9es personnelles et vous avez donc le droit d&#8217;exercer vos droits d&#8217;acc\u00e8s, de rectification, de limitation de traitement, de portabilit\u00e9, d&#8217;opposition au traitement et \u00e0 la suppression de vos donn\u00e9es ainsi que le droit de soumettre une r\u00e9clamation \u00e0 l&#8217;autorit\u00e9 de contr\u00f4le en \u00e9crivant \u00e0 l&#8217;adresse postale mentionn\u00e9e ci-dessus ou info@intarcon.es \u00e9lectronique copie ci-jointe du DNI dans les deux cas.<\/p><p>Nous vous demandons \u00e9galement votre autorisation pour proposer des produits et services en rapport avec ceux demand\u00e9s, pr\u00eat\u00e9s et \/ ou commercialis\u00e9s par notre entit\u00e9 et ainsi pouvoir vous fid\u00e9liser en tant que client.<\/p><\/div><\/div>\t\t\t\t\t\t\t\t<\/div>\n\t\t\t\t<\/div>\n\t\t\t\t\t<\/div>\r\n\t\t\t\t<\/div>\r\n\t\t\t\t\t<\/div>\r\n\t\t\t\t<\/section>\r\n\t\t\t\t<\/div>\n\t\t","protected":false},"excerpt":{"rendered":"<p>Consultation en ligne Veuillez nous faire parvenir votre demande de renseignement par ce formulaire.[contact-form-7 id=&#8221;10597&#8243;] D\u2019accueil en conformit\u00e9 avec R\u00e8glement g\u00e9n\u00e9ral (UE) 2016\/679 sur la protection des donn\u00e9es du Parlement europ\u00e9en et du Conseil du 27 avril 2016, nous tenons \u00e0 vous informer que votre donn\u00e9es personnelles seront ajout\u00e9s \u00e0 un fichier dont propri\u00e9taire est [&hellip;]<\/p>\n","protected":false},"author":2,"featured_media":0,"parent":0,"menu_order":0,"comment_status":"closed","ping_status":"closed","template":"","meta":{"footnotes":""},"class_list":["post-9461","page","type-page","status-publish","hentry"],"yoast_head":"<!-- This site is optimized with the Yoast SEO plugin v25.5 - https:\/\/yoast.com\/wordpress\/plugins\/seo\/ -->\n<title>Consultation en ligne - INTARCON<\/title>\n<meta name=\"description\" content=\"Veuillez remplir ce formulaire, nous serons heureux de vous aider. Nous r\u00e9pondrons \u00e0 votre consultation en ligne dans les meilleurs d\u00e9lais.\" \/>\n<meta name=\"robots\" content=\"index, follow, max-snippet:-1, max-image-preview:large, max-video-preview:-1\" \/>\n<link rel=\"canonical\" href=\"https:\/\/www.intarcon.com\/fr\/consultation-online\/\" \/>\n<meta property=\"og:locale\" content=\"fr_FR\" \/>\n<meta property=\"og:type\" content=\"article\" \/>\n<meta property=\"og:title\" content=\"Consultation en ligne - INTARCON\" \/>\n<meta property=\"og:description\" content=\"Veuillez remplir ce formulaire, nous serons heureux de vous aider. Nous r\u00e9pondrons \u00e0 votre consultation en ligne dans les meilleurs d\u00e9lais.\" \/>\n<meta property=\"og:url\" content=\"https:\/\/www.intarcon.com\/fr\/consultation-online\/\" \/>\n<meta property=\"og:site_name\" content=\"INTARCON\" \/>\n<meta property=\"article:publisher\" content=\"https:\/\/www.facebook.com\/intarcon\/\" \/>\n<meta property=\"article:modified_time\" content=\"2022-03-08T11:15:01+00:00\" \/>\n<meta name=\"twitter:card\" content=\"summary_large_image\" \/>\n<meta name=\"twitter:site\" content=\"@Intarcon\" \/>\n<meta name=\"twitter:label1\" content=\"Est. reading time\" \/>\n\t<meta name=\"twitter:data1\" content=\"2 minutes\" \/>\n<script type=\"application\/ld+json\" class=\"yoast-schema-graph\">{\"@context\":\"https:\/\/schema.org\",\"@graph\":[{\"@type\":\"WebPage\",\"@id\":\"https:\/\/www.intarcon.com\/fr\/consultation-online\/\",\"url\":\"https:\/\/www.intarcon.com\/fr\/consultation-online\/\",\"name\":\"Consultation en ligne - INTARCON\",\"isPartOf\":{\"@id\":\"https:\/\/www.intarcon.com\/fr\/#website\"},\"datePublished\":\"2019-06-23T07:30:25+00:00\",\"dateModified\":\"2022-03-08T11:15:01+00:00\",\"description\":\"Veuillez remplir ce formulaire, nous serons heureux de vous aider. Nous r\u00e9pondrons \u00e0 votre consultation en ligne dans les meilleurs d\u00e9lais.\",\"breadcrumb\":{\"@id\":\"https:\/\/www.intarcon.com\/fr\/consultation-online\/#breadcrumb\"},\"inLanguage\":\"fr\",\"potentialAction\":[{\"@type\":\"ReadAction\",\"target\":[\"https:\/\/www.intarcon.com\/fr\/consultation-online\/\"]}]},{\"@type\":\"BreadcrumbList\",\"@id\":\"https:\/\/www.intarcon.com\/fr\/consultation-online\/#breadcrumb\",\"itemListElement\":[{\"@type\":\"ListItem\",\"position\":1,\"name\":\"Portada\",\"item\":\"https:\/\/www.intarcon.com\/fr\/\"},{\"@type\":\"ListItem\",\"position\":2,\"name\":\"Consultation en ligne\"}]},{\"@type\":\"WebSite\",\"@id\":\"https:\/\/www.intarcon.com\/fr\/#website\",\"url\":\"https:\/\/www.intarcon.com\/fr\/\",\"name\":\"INTARCON\",\"description\":\"\",\"potentialAction\":[{\"@type\":\"SearchAction\",\"target\":{\"@type\":\"EntryPoint\",\"urlTemplate\":\"https:\/\/www.intarcon.com\/fr\/?s={search_term_string}\"},\"query-input\":{\"@type\":\"PropertyValueSpecification\",\"valueRequired\":true,\"valueName\":\"search_term_string\"}}],\"inLanguage\":\"fr\"}]}<\/script>\n<!-- \/ Yoast SEO plugin. -->","yoast_head_json":{"title":"Consultation en ligne - INTARCON","description":"Veuillez remplir ce formulaire, nous serons heureux de vous aider. Nous r\u00e9pondrons \u00e0 votre consultation en ligne dans les meilleurs d\u00e9lais.","robots":{"index":"index","follow":"follow","max-snippet":"max-snippet:-1","max-image-preview":"max-image-preview:large","max-video-preview":"max-video-preview:-1"},"canonical":"https:\/\/www.intarcon.com\/fr\/consultation-online\/","og_locale":"fr_FR","og_type":"article","og_title":"Consultation en ligne - INTARCON","og_description":"Veuillez remplir ce formulaire, nous serons heureux de vous aider. Nous r\u00e9pondrons \u00e0 votre consultation en ligne dans les meilleurs d\u00e9lais.","og_url":"https:\/\/www.intarcon.com\/fr\/consultation-online\/","og_site_name":"INTARCON","article_publisher":"https:\/\/www.facebook.com\/intarcon\/","article_modified_time":"2022-03-08T11:15:01+00:00","twitter_card":"summary_large_image","twitter_site":"@Intarcon","twitter_misc":{"Est. reading time":"2 minutes"},"schema":{"@context":"https:\/\/schema.org","@graph":[{"@type":"WebPage","@id":"https:\/\/www.intarcon.com\/fr\/consultation-online\/","url":"https:\/\/www.intarcon.com\/fr\/consultation-online\/","name":"Consultation en ligne - INTARCON","isPartOf":{"@id":"https:\/\/www.intarcon.com\/fr\/#website"},"datePublished":"2019-06-23T07:30:25+00:00","dateModified":"2022-03-08T11:15:01+00:00","description":"Veuillez remplir ce formulaire, nous serons heureux de vous aider. Nous r\u00e9pondrons \u00e0 votre consultation en ligne dans les meilleurs d\u00e9lais.","breadcrumb":{"@id":"https:\/\/www.intarcon.com\/fr\/consultation-online\/#breadcrumb"},"inLanguage":"fr","potentialAction":[{"@type":"ReadAction","target":["https:\/\/www.intarcon.com\/fr\/consultation-online\/"]}]},{"@type":"BreadcrumbList","@id":"https:\/\/www.intarcon.com\/fr\/consultation-online\/#breadcrumb","itemListElement":[{"@type":"ListItem","position":1,"name":"Portada","item":"https:\/\/www.intarcon.com\/fr\/"},{"@type":"ListItem","position":2,"name":"Consultation en ligne"}]},{"@type":"WebSite","@id":"https:\/\/www.intarcon.com\/fr\/#website","url":"https:\/\/www.intarcon.com\/fr\/","name":"INTARCON","description":"","potentialAction":[{"@type":"SearchAction","target":{"@type":"EntryPoint","urlTemplate":"https:\/\/www.intarcon.com\/fr\/?s={search_term_string}"},"query-input":{"@type":"PropertyValueSpecification","valueRequired":true,"valueName":"search_term_string"}}],"inLanguage":"fr"}]}},"_links":{"self":[{"href":"https:\/\/www.intarcon.com\/fr\/wp-json\/wp\/v2\/pages\/9461","targetHints":{"allow":["GET"]}}],"collection":[{"href":"https:\/\/www.intarcon.com\/fr\/wp-json\/wp\/v2\/pages"}],"about":[{"href":"https:\/\/www.intarcon.com\/fr\/wp-json\/wp\/v2\/types\/page"}],"author":[{"embeddable":true,"href":"https:\/\/www.intarcon.com\/fr\/wp-json\/wp\/v2\/users\/2"}],"replies":[{"embeddable":true,"href":"https:\/\/www.intarcon.com\/fr\/wp-json\/wp\/v2\/comments?post=9461"}],"version-history":[{"count":0,"href":"https:\/\/www.intarcon.com\/fr\/wp-json\/wp\/v2\/pages\/9461\/revisions"}],"wp:attachment":[{"href":"https:\/\/www.intarcon.com\/fr\/wp-json\/wp\/v2\/media?parent=9461"}],"curies":[{"name":"wp","href":"https:\/\/api.w.org\/{rel}","templated":true}]}}