{"id":9428,"date":"2019-06-29T15:24:00","date_gmt":"2019-06-29T13:24:00","guid":{"rendered":"https:\/\/www.intarcon.com\/wordpress\/?page_id=9428"},"modified":"2026-03-25T17:36:22","modified_gmt":"2026-03-25T16:36:22","slug":"fiche-de-regulation","status":"publish","type":"page","link":"https:\/\/www.intarcon.com\/fr\/support\/fiche-de-regulation\/","title":{"rendered":"Fiche de r\u00e9gulation"},"content":{"rendered":"\t\t<div data-elementor-type=\"wp-page\" data-elementor-id=\"9428\" class=\"elementor elementor-9428 elementor-7420\" data-elementor-post-type=\"page\">\n\t\t\t\t\t\t<section class=\"elementor-section elementor-top-section elementor-element elementor-element-ec5e3d0 elementor-section-boxed elementor-section-height-default elementor-section-height-default\" data-id=\"ec5e3d0\" data-element_type=\"section\">\r\n\t\t\r\n\t\t\t\t\t\t\t<div class=\"elementor-container elementor-column-gap-default\">\r\n\t\t\t\t\t\t\t\t\t\t\t<div class=\"elementor-column elementor-col-100 elementor-top-column elementor-element elementor-element-3771a00\" data-id=\"3771a00\" data-element_type=\"column\">\r\n\t\t\t\t\t<div class=\"elementor-widget-wrap elementor-element-populated\">\r\n\t\t\t\t\t\t\t\t<div class=\"elementor-element elementor-element-c068563 elementor-position-left elementor-vertical-align-top elementor-widget elementor-widget-image-box\" data-id=\"c068563\" data-element_type=\"widget\" data-widget_type=\"image-box.default\">\n\t\t\t\t<div class=\"elementor-widget-container\">\n\t\t\t\t\t<div class=\"elementor-image-box-wrapper\"><figure class=\"elementor-image-box-img\"><img decoding=\"async\" src=\"https:\/\/www.intarcon.com\/wp-content\/uploads\/2019\/06\/electronica.png\" title=\"\" alt=\"\" loading=\"lazy\" \/><\/figure><div class=\"elementor-image-box-content\"><h3 class=\"elementor-image-box-title\">Fiche de r\u00e9gulation<\/h3><\/div><\/div>\t\t\t\t<\/div>\n\t\t\t\t<\/div>\n\t\t\t\t\t<\/div>\r\n\t\t\t\t<\/div>\r\n\t\t\t\t\t<\/div>\r\n\t\t\t\t<\/section>\r\n\t\t\t\t<section class=\"elementor-section elementor-top-section elementor-element elementor-element-f2f08f1 elementor-section-boxed elementor-section-height-default elementor-section-height-default\" data-id=\"f2f08f1\" data-element_type=\"section\">\r\n\t\t\r\n\t\t\t\t\t\t\t<div class=\"elementor-container elementor-column-gap-default\">\r\n\t\t\t\t\t\t\t\t\t\t\t<div class=\"elementor-column elementor-col-50 elementor-top-column elementor-element elementor-element-70666a7\" data-id=\"70666a7\" data-element_type=\"column\">\r\n\t\t\t\t\t<div class=\"elementor-widget-wrap elementor-element-populated\">\r\n\t\t\t\t\t\t\t\t<div class=\"elementor-element elementor-element-5dc941b elementor-widget elementor-widget-text-editor\" data-id=\"5dc941b\" data-element_type=\"widget\" data-widget_type=\"text-editor.default\">\n\t\t\t\t<div class=\"elementor-widget-container\">\n\t\t\t\t\t\t\t\t\t<h5>R\u00e9gulation \u00e9lectronique commercial<\/h5><p>Les \u00e9quipements INTARCON sont \u00e9quipes avec les contr\u00f4les \u00e9lectroniques suivants<\/p><p><a href=\"https:\/\/www.intarcon.com\/pdfs\/FR\/regulation-electronique-commerciale.pdf\">T\u00e9l\u00e9charger<\/a><\/p>\t\t\t\t\t\t\t\t<\/div>\n\t\t\t\t<\/div>\n\t\t\t\t\t<\/div>\r\n\t\t\t\t<\/div>\r\n\t\t\t\t<div class=\"elementor-column elementor-col-50 elementor-top-column elementor-element elementor-element-45bf84d\" data-id=\"45bf84d\" data-element_type=\"column\">\r\n\t\t\t\t\t<div class=\"elementor-widget-wrap elementor-element-populated\">\r\n\t\t\t\t\t\t\t\t<div class=\"elementor-element elementor-element-1ce1813 elementor-widget elementor-widget-text-editor\" data-id=\"1ce1813\" data-element_type=\"widget\" data-widget_type=\"text-editor.default\">\n\t\t\t\t<div class=\"elementor-widget-container\">\n\t\t\t\t\t\t\t\t\t<h5>R\u00e9gulation \u00e9lectronique industriel<\/h5><p>Les \u00e9quipements INTARCON sont \u00e9quipes avec les contr\u00f4les \u00e9lectroniques suivants<\/p><p><a href=\"https:\/\/www.intarcon.com\/pdfs\/FR\/regulation-electronique-industrielle.pdf\">T\u00e9l\u00e9charger<\/a><\/p>\t\t\t\t\t\t\t\t<\/div>\n\t\t\t\t<\/div>\n\t\t\t\t\t<\/div>\r\n\t\t\t\t<\/div>\r\n\t\t\t\t\t<\/div>\r\n\t\t\t\t<\/section>\r\n\t\t\t\t<section class=\"elementor-section elementor-top-section elementor-element elementor-element-e2c0956 elementor-section-boxed elementor-section-height-default elementor-section-height-default\" data-id=\"e2c0956\" data-element_type=\"section\">\r\n\t\t\r\n\t\t\t\t\t\t\t<div class=\"elementor-container elementor-column-gap-default\">\r\n\t\t\t\t\t\t\t\t\t\t\t<div class=\"elementor-column elementor-col-50 elementor-top-column elementor-element elementor-element-eba59c2\" data-id=\"eba59c2\" data-element_type=\"column\">\r\n\t\t\t\t\t<div class=\"elementor-widget-wrap elementor-element-populated\">\r\n\t\t\t\t\t\t\t\t<div class=\"elementor-element elementor-element-4de0a3c elementor-widget elementor-widget-text-editor\" data-id=\"4de0a3c\" data-element_type=\"widget\" data-widget_type=\"text-editor.default\">\n\t\t\t\t<div class=\"elementor-widget-container\">\n\t\t\t\t\t\t\t\t\t<h5>kiconex<\/h5><p>Supervision et contr\u00f4le des appareils.<\/p><p><a href=\"https:\/\/www.intarcon.com\/pdfs\/FR\/kiconex-commerciale.pdf\">T\u00e9l\u00e9charger<\/a><\/p>\t\t\t\t\t\t\t\t<\/div>\n\t\t\t\t<\/div>\n\t\t\t\t\t<\/div>\r\n\t\t\t\t<\/div>\r\n\t\t\t\t<div class=\"elementor-column elementor-col-50 elementor-top-column elementor-element elementor-element-e401449\" data-id=\"e401449\" data-element_type=\"column\">\r\n\t\t\t\t\t<div class=\"elementor-widget-wrap elementor-element-populated\">\r\n\t\t\t\t\t\t\t\t<div class=\"elementor-element elementor-element-4b3a74a elementor-widget elementor-widget-text-editor\" data-id=\"4b3a74a\" data-element_type=\"widget\" data-widget_type=\"text-editor.default\">\n\t\t\t\t<div class=\"elementor-widget-container\">\n\t\t\t\t\t\t\t\t\t<h5>XW270K\u00a0<\/h5><p>Pour des unit\u00e9s commerciales (sauf les \u00e9quipements pour les caves et \u00e0 haute humidit\u00e9)<\/p><p><a href=\"https:\/\/www.intarcon.com\/pdfs\/FR\/XW270K.pdf\">T\u00e9l\u00e9charger<\/a><\/p>\t\t\t\t\t\t\t\t<\/div>\n\t\t\t\t<\/div>\n\t\t\t\t\t<\/div>\r\n\t\t\t\t<\/div>\r\n\t\t\t\t\t<\/div>\r\n\t\t\t\t<\/section>\r\n\t\t\t\t<section class=\"elementor-section elementor-top-section elementor-element elementor-element-f75dd5a elementor-section-boxed elementor-section-height-default elementor-section-height-default\" data-id=\"f75dd5a\" data-element_type=\"section\">\r\n\t\t\r\n\t\t\t\t\t\t\t<div class=\"elementor-container elementor-column-gap-default\">\r\n\t\t\t\t\t\t\t\t\t\t\t<div class=\"elementor-column elementor-col-50 elementor-top-column elementor-element elementor-element-0a66eaf\" data-id=\"0a66eaf\" data-element_type=\"column\">\r\n\t\t\t\t\t<div class=\"elementor-widget-wrap elementor-element-populated\">\r\n\t\t\t\t\t\t\t\t<div class=\"elementor-element elementor-element-a422e2e elementor-widget elementor-widget-text-editor\" data-id=\"a422e2e\" data-element_type=\"widget\" data-widget_type=\"text-editor.default\">\n\t\t\t\t<div class=\"elementor-widget-container\">\n\t\t\t\t\t\t\t\t\t<h5>XM670K\u00a0<\/h5><p>Syst\u00e8mes split<\/p><p><a href=\"https:\/\/www.intarcon.com\/pdfs\/FR\/XM670K.pdf\">Fiche de r\u00e9gulation<\/a> \/ <a href=\"https:\/\/cloud.intarcon.es\/index.php\/s\/83pfoRW9Ra4D99B\">Param\u00e8tres<\/a><\/p>\t\t\t\t\t\t\t\t<\/div>\n\t\t\t\t<\/div>\n\t\t\t\t\t<\/div>\r\n\t\t\t\t<\/div>\r\n\t\t\t\t<div class=\"elementor-column elementor-col-50 elementor-top-column elementor-element elementor-element-1d89ac1\" data-id=\"1d89ac1\" data-element_type=\"column\">\r\n\t\t\t\t\t<div class=\"elementor-widget-wrap elementor-element-populated\">\r\n\t\t\t\t\t\t\t\t<div class=\"elementor-element elementor-element-2361705 elementor-widget elementor-widget-text-editor\" data-id=\"2361705\" data-element_type=\"widget\" data-widget_type=\"text-editor.default\">\n\t\t\t\t<div class=\"elementor-widget-container\">\n\t\t\t\t\t\t\t\t\t<h5>XW60VS\u00a0<\/h5><p>Pour \u00e9vaporateurs \u00e0 profil bas et double flux d\u2019air<\/p><p><a href=\"https:\/\/www.intarcon.com\/pdfs\/FR\/XW60VS.pdf\">T\u00e9l\u00e9charger<\/a><\/p>\t\t\t\t\t\t\t\t<\/div>\n\t\t\t\t<\/div>\n\t\t\t\t\t<\/div>\r\n\t\t\t\t<\/div>\r\n\t\t\t\t\t<\/div>\r\n\t\t\t\t<\/section>\r\n\t\t\t\t<section class=\"elementor-section elementor-top-section elementor-element elementor-element-8d08f3c elementor-section-boxed elementor-section-height-default elementor-section-height-default\" data-id=\"8d08f3c\" data-element_type=\"section\">\r\n\t\t\r\n\t\t\t\t\t\t\t<div class=\"elementor-container elementor-column-gap-default\">\r\n\t\t\t\t\t\t\t\t\t\t\t<div class=\"elementor-column elementor-col-50 elementor-top-column elementor-element elementor-element-10f1516\" data-id=\"10f1516\" data-element_type=\"column\">\r\n\t\t\t\t\t<div class=\"elementor-widget-wrap elementor-element-populated\">\r\n\t\t\t\t\t\t\t\t<div class=\"elementor-element elementor-element-fa6518c elementor-widget elementor-widget-text-editor\" data-id=\"fa6518c\" data-element_type=\"widget\" data-widget_type=\"text-editor.default\">\n\t\t\t\t<div class=\"elementor-widget-container\">\n\t\t\t\t\t\t\t\t\t<h5>XW60LH\u00a0<\/h5><p>Pour R290 monobloc et intarbloc de porte<\/p><p><a href=\"https:\/\/www.intarcon.com\/pdfs\/FR\/XW60LH.pdf\">T\u00e9l\u00e9charger<\/a><\/p>\t\t\t\t\t\t\t\t<\/div>\n\t\t\t\t<\/div>\n\t\t\t\t\t<\/div>\r\n\t\t\t\t<\/div>\r\n\t\t\t\t<div class=\"elementor-column elementor-col-50 elementor-top-column elementor-element elementor-element-671ea31\" data-id=\"671ea31\" data-element_type=\"column\">\r\n\t\t\t\t\t<div class=\"elementor-widget-wrap elementor-element-populated\">\r\n\t\t\t\t\t\t\t\t<div class=\"elementor-element elementor-element-be9dd64 elementor-widget elementor-widget-text-editor\" data-id=\"be9dd64\" data-element_type=\"widget\" data-widget_type=\"text-editor.default\">\n\t\t\t\t<div class=\"elementor-widget-container\">\n\t\t\t\t\t\t\t\t\t<h5>XH240K\u00a0<\/h5><p>Pour les \u00e9quipements de la gamme commerciale (\u00e9quipements pour entrep\u00f4ts et humidit\u00e9 \u00e9lev\u00e9e)<\/p><p><a href=\"https:\/\/www.intarcon.com\/pdfs\/FR\/XH240K.pdf\">T\u00e9l\u00e9charger<\/a><\/p>\t\t\t\t\t\t\t\t<\/div>\n\t\t\t\t<\/div>\n\t\t\t\t\t<\/div>\r\n\t\t\t\t<\/div>\r\n\t\t\t\t\t<\/div>\r\n\t\t\t\t<\/section>\r\n\t\t\t\t<section class=\"elementor-section elementor-top-section elementor-element elementor-element-402fcb6 elementor-section-boxed elementor-section-height-default elementor-section-height-default\" data-id=\"402fcb6\" data-element_type=\"section\">\r\n\t\t\r\n\t\t\t\t\t\t\t<div class=\"elementor-container elementor-column-gap-default\">\r\n\t\t\t\t\t\t\t\t\t\t\t<div class=\"elementor-column elementor-col-100 elementor-top-column elementor-element elementor-element-9bb5db6\" data-id=\"9bb5db6\" data-element_type=\"column\">\r\n\t\t\t\t\t<div class=\"elementor-widget-wrap elementor-element-populated\">\r\n\t\t\t\t\t\t\t\t<div class=\"elementor-element elementor-element-e2eb967 elementor-widget-divider--view-line elementor-widget elementor-widget-divider\" data-id=\"e2eb967\" data-element_type=\"widget\" data-widget_type=\"divider.default\">\n\t\t\t\t<div class=\"elementor-widget-container\">\n\t\t\t\t\t\t\t<div class=\"elementor-divider\">\n\t\t\t<span class=\"elementor-divider-separator\">\n\t\t\t\t\t\t<\/span>\n\t\t<\/div>\n\t\t\t\t\t\t<\/div>\n\t\t\t\t<\/div>\n\t\t\t\t\t<\/div>\r\n\t\t\t\t<\/div>\r\n\t\t\t\t\t<\/div>\r\n\t\t\t\t<\/section>\r\n\t\t\t\t<\/div>\n\t\t","protected":false},"excerpt":{"rendered":"<p>Fiche de r\u00e9gulation R\u00e9gulation \u00e9lectronique commercial Les \u00e9quipements INTARCON sont \u00e9quipes avec les contr\u00f4les \u00e9lectroniques suivants T\u00e9l\u00e9charger R\u00e9gulation \u00e9lectronique industriel Les \u00e9quipements INTARCON sont \u00e9quipes avec les contr\u00f4les \u00e9lectroniques suivants T\u00e9l\u00e9charger kiconex Supervision et contr\u00f4le des appareils. T\u00e9l\u00e9charger XW270K\u00a0 Pour des unit\u00e9s commerciales (sauf les \u00e9quipements pour les caves et \u00e0 haute humidit\u00e9) T\u00e9l\u00e9charger XM670K\u00a0 [&hellip;]<\/p>\n","protected":false},"author":2,"featured_media":83913,"parent":9406,"menu_order":0,"comment_status":"closed","ping_status":"closed","template":"","meta":{"footnotes":""},"class_list":["post-9428","page","type-page","status-publish","has-post-thumbnail","hentry"],"yoast_head":"<!-- This site is optimized with the Yoast SEO plugin v25.5 - https:\/\/yoast.com\/wordpress\/plugins\/seo\/ -->\n<title>Fiche de r\u00e9gulation - INTARCON<\/title>\n<meta name=\"description\" content=\"Vous trouverez ici des informations sur le contr\u00f4le et la r\u00e9gulation \u00e9lectroniques de nos \u00e9quipements.\" \/>\n<meta name=\"robots\" content=\"index, follow, max-snippet:-1, max-image-preview:large, max-video-preview:-1\" \/>\n<link rel=\"canonical\" href=\"https:\/\/www.intarcon.com\/fr\/support\/fiche-de-regulation\/\" \/>\n<meta property=\"og:locale\" content=\"fr_FR\" \/>\n<meta property=\"og:type\" content=\"article\" \/>\n<meta property=\"og:title\" content=\"Fiche de r\u00e9gulation - INTARCON\" \/>\n<meta property=\"og:description\" content=\"Vous trouverez ici des informations sur le contr\u00f4le et la r\u00e9gulation \u00e9lectroniques de nos \u00e9quipements.\" \/>\n<meta property=\"og:url\" content=\"https:\/\/www.intarcon.com\/fr\/support\/fiche-de-regulation\/\" \/>\n<meta property=\"og:site_name\" content=\"INTARCON\" \/>\n<meta property=\"article:publisher\" content=\"https:\/\/www.facebook.com\/intarcon\/\" \/>\n<meta property=\"article:modified_time\" content=\"2026-03-25T16:36:22+00:00\" \/>\n<meta property=\"og:image\" content=\"https:\/\/www.intarcon.com\/wp-content\/uploads\/2024\/02\/alternativa-intarcon-01.webp\" \/>\n\t<meta property=\"og:image:width\" content=\"1080\" \/>\n\t<meta property=\"og:image:height\" content=\"1080\" \/>\n\t<meta property=\"og:image:type\" content=\"image\/webp\" \/>\n<meta name=\"twitter:card\" content=\"summary_large_image\" \/>\n<meta name=\"twitter:site\" content=\"@Intarcon\" \/>\n<meta name=\"twitter:label1\" content=\"Est. reading time\" \/>\n\t<meta name=\"twitter:data1\" content=\"1 minute\" \/>\n<script type=\"application\/ld+json\" class=\"yoast-schema-graph\">{\"@context\":\"https:\/\/schema.org\",\"@graph\":[{\"@type\":\"WebPage\",\"@id\":\"https:\/\/www.intarcon.com\/fr\/support\/fiche-de-regulation\/\",\"url\":\"https:\/\/www.intarcon.com\/fr\/support\/fiche-de-regulation\/\",\"name\":\"Fiche de r\u00e9gulation - INTARCON\",\"isPartOf\":{\"@id\":\"https:\/\/www.intarcon.com\/fr\/#website\"},\"primaryImageOfPage\":{\"@id\":\"https:\/\/www.intarcon.com\/fr\/support\/fiche-de-regulation\/#primaryimage\"},\"image\":{\"@id\":\"https:\/\/www.intarcon.com\/fr\/support\/fiche-de-regulation\/#primaryimage\"},\"thumbnailUrl\":\"https:\/\/www.intarcon.com\/wp-content\/uploads\/2024\/02\/alternativa-intarcon-01.webp\",\"datePublished\":\"2019-06-29T13:24:00+00:00\",\"dateModified\":\"2026-03-25T16:36:22+00:00\",\"description\":\"Vous trouverez ici des informations sur le contr\u00f4le et la r\u00e9gulation \u00e9lectroniques de nos \u00e9quipements.\",\"breadcrumb\":{\"@id\":\"https:\/\/www.intarcon.com\/fr\/support\/fiche-de-regulation\/#breadcrumb\"},\"inLanguage\":\"fr\",\"potentialAction\":[{\"@type\":\"ReadAction\",\"target\":[\"https:\/\/www.intarcon.com\/fr\/support\/fiche-de-regulation\/\"]}]},{\"@type\":\"ImageObject\",\"inLanguage\":\"fr\",\"@id\":\"https:\/\/www.intarcon.com\/fr\/support\/fiche-de-regulation\/#primaryimage\",\"url\":\"https:\/\/www.intarcon.com\/wp-content\/uploads\/2024\/02\/alternativa-intarcon-01.webp\",\"contentUrl\":\"https:\/\/www.intarcon.com\/wp-content\/uploads\/2024\/02\/alternativa-intarcon-01.webp\",\"width\":1080,\"height\":1080,\"caption\":\"INTARCON -\"},{\"@type\":\"BreadcrumbList\",\"@id\":\"https:\/\/www.intarcon.com\/fr\/support\/fiche-de-regulation\/#breadcrumb\",\"itemListElement\":[{\"@type\":\"ListItem\",\"position\":1,\"name\":\"Portada\",\"item\":\"https:\/\/www.intarcon.com\/fr\/\"},{\"@type\":\"ListItem\",\"position\":2,\"name\":\"Support\",\"item\":\"https:\/\/www.intarcon.com\/fr\/soporte\/\"},{\"@type\":\"ListItem\",\"position\":3,\"name\":\"Fiche de r\u00e9gulation\"}]},{\"@type\":\"WebSite\",\"@id\":\"https:\/\/www.intarcon.com\/fr\/#website\",\"url\":\"https:\/\/www.intarcon.com\/fr\/\",\"name\":\"INTARCON\",\"description\":\"\",\"potentialAction\":[{\"@type\":\"SearchAction\",\"target\":{\"@type\":\"EntryPoint\",\"urlTemplate\":\"https:\/\/www.intarcon.com\/fr\/?s={search_term_string}\"},\"query-input\":{\"@type\":\"PropertyValueSpecification\",\"valueRequired\":true,\"valueName\":\"search_term_string\"}}],\"inLanguage\":\"fr\"}]}<\/script>\n<!-- \/ Yoast SEO plugin. -->","yoast_head_json":{"title":"Fiche de r\u00e9gulation - INTARCON","description":"Vous trouverez ici des informations sur le contr\u00f4le et la r\u00e9gulation \u00e9lectroniques de nos \u00e9quipements.","robots":{"index":"index","follow":"follow","max-snippet":"max-snippet:-1","max-image-preview":"max-image-preview:large","max-video-preview":"max-video-preview:-1"},"canonical":"https:\/\/www.intarcon.com\/fr\/support\/fiche-de-regulation\/","og_locale":"fr_FR","og_type":"article","og_title":"Fiche de r\u00e9gulation - INTARCON","og_description":"Vous trouverez ici des informations sur le contr\u00f4le et la r\u00e9gulation \u00e9lectroniques de nos \u00e9quipements.","og_url":"https:\/\/www.intarcon.com\/fr\/support\/fiche-de-regulation\/","og_site_name":"INTARCON","article_publisher":"https:\/\/www.facebook.com\/intarcon\/","article_modified_time":"2026-03-25T16:36:22+00:00","og_image":[{"width":1080,"height":1080,"url":"https:\/\/www.intarcon.com\/wp-content\/uploads\/2024\/02\/alternativa-intarcon-01.webp","type":"image\/webp"}],"twitter_card":"summary_large_image","twitter_site":"@Intarcon","twitter_misc":{"Est. reading time":"1 minute"},"schema":{"@context":"https:\/\/schema.org","@graph":[{"@type":"WebPage","@id":"https:\/\/www.intarcon.com\/fr\/support\/fiche-de-regulation\/","url":"https:\/\/www.intarcon.com\/fr\/support\/fiche-de-regulation\/","name":"Fiche de r\u00e9gulation - INTARCON","isPartOf":{"@id":"https:\/\/www.intarcon.com\/fr\/#website"},"primaryImageOfPage":{"@id":"https:\/\/www.intarcon.com\/fr\/support\/fiche-de-regulation\/#primaryimage"},"image":{"@id":"https:\/\/www.intarcon.com\/fr\/support\/fiche-de-regulation\/#primaryimage"},"thumbnailUrl":"https:\/\/www.intarcon.com\/wp-content\/uploads\/2024\/02\/alternativa-intarcon-01.webp","datePublished":"2019-06-29T13:24:00+00:00","dateModified":"2026-03-25T16:36:22+00:00","description":"Vous trouverez ici des informations sur le contr\u00f4le et la r\u00e9gulation \u00e9lectroniques de nos \u00e9quipements.","breadcrumb":{"@id":"https:\/\/www.intarcon.com\/fr\/support\/fiche-de-regulation\/#breadcrumb"},"inLanguage":"fr","potentialAction":[{"@type":"ReadAction","target":["https:\/\/www.intarcon.com\/fr\/support\/fiche-de-regulation\/"]}]},{"@type":"ImageObject","inLanguage":"fr","@id":"https:\/\/www.intarcon.com\/fr\/support\/fiche-de-regulation\/#primaryimage","url":"https:\/\/www.intarcon.com\/wp-content\/uploads\/2024\/02\/alternativa-intarcon-01.webp","contentUrl":"https:\/\/www.intarcon.com\/wp-content\/uploads\/2024\/02\/alternativa-intarcon-01.webp","width":1080,"height":1080,"caption":"INTARCON -"},{"@type":"BreadcrumbList","@id":"https:\/\/www.intarcon.com\/fr\/support\/fiche-de-regulation\/#breadcrumb","itemListElement":[{"@type":"ListItem","position":1,"name":"Portada","item":"https:\/\/www.intarcon.com\/fr\/"},{"@type":"ListItem","position":2,"name":"Support","item":"https:\/\/www.intarcon.com\/fr\/soporte\/"},{"@type":"ListItem","position":3,"name":"Fiche de r\u00e9gulation"}]},{"@type":"WebSite","@id":"https:\/\/www.intarcon.com\/fr\/#website","url":"https:\/\/www.intarcon.com\/fr\/","name":"INTARCON","description":"","potentialAction":[{"@type":"SearchAction","target":{"@type":"EntryPoint","urlTemplate":"https:\/\/www.intarcon.com\/fr\/?s={search_term_string}"},"query-input":{"@type":"PropertyValueSpecification","valueRequired":true,"valueName":"search_term_string"}}],"inLanguage":"fr"}]}},"_links":{"self":[{"href":"https:\/\/www.intarcon.com\/fr\/wp-json\/wp\/v2\/pages\/9428","targetHints":{"allow":["GET"]}}],"collection":[{"href":"https:\/\/www.intarcon.com\/fr\/wp-json\/wp\/v2\/pages"}],"about":[{"href":"https:\/\/www.intarcon.com\/fr\/wp-json\/wp\/v2\/types\/page"}],"author":[{"embeddable":true,"href":"https:\/\/www.intarcon.com\/fr\/wp-json\/wp\/v2\/users\/2"}],"replies":[{"embeddable":true,"href":"https:\/\/www.intarcon.com\/fr\/wp-json\/wp\/v2\/comments?post=9428"}],"version-history":[{"count":0,"href":"https:\/\/www.intarcon.com\/fr\/wp-json\/wp\/v2\/pages\/9428\/revisions"}],"up":[{"embeddable":true,"href":"https:\/\/www.intarcon.com\/fr\/wp-json\/wp\/v2\/pages\/9406"}],"wp:featuredmedia":[{"embeddable":true,"href":"https:\/\/www.intarcon.com\/fr\/wp-json\/wp\/v2\/media\/83913"}],"wp:attachment":[{"href":"https:\/\/www.intarcon.com\/fr\/wp-json\/wp\/v2\/media?parent=9428"}],"curies":[{"name":"wp","href":"https:\/\/api.w.org\/{rel}","templated":true}]}}