{"id":9420,"date":"2019-06-29T15:34:47","date_gmt":"2019-06-29T13:34:47","guid":{"rendered":"https:\/\/www.intarcon.com\/wordpress\/?page_id=9420"},"modified":"2025-07-31T13:50:11","modified_gmt":"2025-07-31T11:50:11","slug":"documentation-technique","status":"publish","type":"page","link":"https:\/\/www.intarcon.com\/fr\/support\/documentation-technique\/","title":{"rendered":"Documentation technique"},"content":{"rendered":"\t\t<div data-elementor-type=\"wp-page\" data-elementor-id=\"9420\" class=\"elementor elementor-9420 elementor-7429\" data-elementor-post-type=\"page\">\n\t\t\t\t\t\t<section class=\"elementor-section elementor-top-section elementor-element elementor-element-4c4151a elementor-section-boxed elementor-section-height-default elementor-section-height-default\" data-id=\"4c4151a\" data-element_type=\"section\">\r\n\t\t\r\n\t\t\t\t\t\t\t<div class=\"elementor-container elementor-column-gap-default\">\r\n\t\t\t\t\t\t\t\t\t\t\t<div class=\"elementor-column elementor-col-100 elementor-top-column elementor-element elementor-element-038c4f7\" data-id=\"038c4f7\" data-element_type=\"column\">\r\n\t\t\t\t\t<div class=\"elementor-widget-wrap elementor-element-populated\">\r\n\t\t\t\t\t\t\t\t<div class=\"elementor-element elementor-element-cd26450 elementor-position-left elementor-vertical-align-top elementor-widget elementor-widget-image-box\" data-id=\"cd26450\" data-element_type=\"widget\" data-widget_type=\"image-box.default\">\n\t\t\t\t<div class=\"elementor-widget-container\">\n\t\t\t\t\t<div class=\"elementor-image-box-wrapper\"><figure class=\"elementor-image-box-img\"><img decoding=\"async\" src=\"https:\/\/www.intarcon.com\/wp-content\/uploads\/2019\/06\/documentacion.png\" title=\"\" alt=\"\" loading=\"lazy\" \/><\/figure><div class=\"elementor-image-box-content\"><h3 class=\"elementor-image-box-title\">Documentation technique<\/h3><\/div><\/div>\t\t\t\t<\/div>\n\t\t\t\t<\/div>\n\t\t\t\t\t<\/div>\r\n\t\t\t\t<\/div>\r\n\t\t\t\t\t<\/div>\r\n\t\t\t\t<\/section>\r\n\t\t\t\t<section class=\"elementor-section elementor-top-section elementor-element elementor-element-553a28a elementor-section-boxed elementor-section-height-default elementor-section-height-default\" data-id=\"553a28a\" data-element_type=\"section\">\r\n\t\t\r\n\t\t\t\t\t\t\t<div class=\"elementor-container elementor-column-gap-default\">\r\n\t\t\t\t\t\t\t\t\t\t\t<div class=\"elementor-column elementor-col-50 elementor-top-column elementor-element elementor-element-3a8269d\" data-id=\"3a8269d\" data-element_type=\"column\">\r\n\t\t\t\t\t<div class=\"elementor-widget-wrap elementor-element-populated\">\r\n\t\t\t\t\t\t\t\t<div class=\"elementor-element elementor-element-d3f3857 elementor-widget elementor-widget-text-editor\" data-id=\"d3f3857\" data-element_type=\"widget\" data-widget_type=\"text-editor.default\">\n\t\t\t\t<div class=\"elementor-widget-container\">\n\t\t\t\t\t\t\t\t\t<h5 class=\"font-weight-semibold m-b-xs\">Cooling connections<\/h5>\n<a href=\"https:\/\/www.intarcon.com\/pdfs\/FR\/Liste_de_prix_INTARCON_2025_FR.pdf#page=54\">T\u00e9l\u00e9charger<\/a>\u00a0 2025 Gamme commerciale &#8211; A2L\n\n<a href=\"https:\/\/www.intarcon.com\/pdfs\/FR\/Liste_de_prix_INTARCON_2025_FR.pdf#page=70\">T\u00e9l\u00e9charger<\/a>\u00a0 2025 Gamme commerciale &#8211; HFC\n\n<a href=\"https:\/\/www.intarcon.com\/pdfs\/FR\/2022-Catalogue-industriel-INTARCON.pdf#page=51\">T\u00e9l\u00e9charger<\/a> 2022-23 Gamme industrielle\t\t\t\t\t\t\t\t<\/div>\n\t\t\t\t<\/div>\n\t\t\t\t\t<\/div>\r\n\t\t\t\t<\/div>\r\n\t\t\t\t<div class=\"elementor-column elementor-col-50 elementor-top-column elementor-element elementor-element-d7e65a7\" data-id=\"d7e65a7\" data-element_type=\"column\">\r\n\t\t\t\t\t<div class=\"elementor-widget-wrap elementor-element-populated\">\r\n\t\t\t\t\t\t\t\t<div class=\"elementor-element elementor-element-ac5ce95 elementor-widget elementor-widget-text-editor\" data-id=\"ac5ce95\" data-element_type=\"widget\" data-widget_type=\"text-editor.default\">\n\t\t\t\t<div class=\"elementor-widget-container\">\n\t\t\t\t\t\t\t\t\t<h5>Calcul de la tuyauterie hydraulique<\/h5>\n<a href=\"https:\/\/www.intarcon.com\/pdfs\/FR\/2022-Catalogue-industriel-INTARCON.pdf#page=128\">T\u00e9l\u00e9charger<\/a>\t\t\t\t\t\t\t\t<\/div>\n\t\t\t\t<\/div>\n\t\t\t\t\t<\/div>\r\n\t\t\t\t<\/div>\r\n\t\t\t\t\t<\/div>\r\n\t\t\t\t<\/section>\r\n\t\t\t\t<section class=\"elementor-section elementor-top-section elementor-element elementor-element-5440830 elementor-section-boxed elementor-section-height-default elementor-section-height-default\" data-id=\"5440830\" data-element_type=\"section\">\r\n\t\t\r\n\t\t\t\t\t\t\t<div class=\"elementor-container elementor-column-gap-default\">\r\n\t\t\t\t\t\t\t\t\t\t\t<div class=\"elementor-column elementor-col-50 elementor-top-column elementor-element elementor-element-341b511\" data-id=\"341b511\" data-element_type=\"column\">\r\n\t\t\t\t\t<div class=\"elementor-widget-wrap elementor-element-populated\">\r\n\t\t\t\t\t\t\t\t<div class=\"elementor-element elementor-element-a78d918 elementor-widget elementor-widget-text-editor\" data-id=\"a78d918\" data-element_type=\"widget\" data-widget_type=\"text-editor.default\">\n\t\t\t\t<div class=\"elementor-widget-container\">\n\t\t\t\t\t\t\t\t\t<h5 class=\"font-weight-semibold m-b-xs\">Dimensions des colis<\/h5>\n<a href=\"https:\/\/www.intarcon.com\/pdfs\/FR\/Liste_de_prix_INTARCON_2025_FR.pdf#page=84\">T\u00e9l\u00e9charger<\/a>\u00a0 2025 Gamme commerciale\n\n<a href=\"https:\/\/www.intarcon.com\/pdfs\/FR\/2022-Catalogue-industriel-INTARCON.pdf#page=140\">T\u00e9l\u00e9charger<\/a> 2022-23 Gamme industrielle\t\t\t\t\t\t\t\t<\/div>\n\t\t\t\t<\/div>\n\t\t\t\t\t<\/div>\r\n\t\t\t\t<\/div>\r\n\t\t\t\t<div class=\"elementor-column elementor-col-50 elementor-top-column elementor-element elementor-element-623b83e\" data-id=\"623b83e\" data-element_type=\"column\">\r\n\t\t\t\t\t<div class=\"elementor-widget-wrap\">\r\n\t\t\t\t\t\t\t\t\t<\/div>\r\n\t\t\t\t<\/div>\r\n\t\t\t\t\t<\/div>\r\n\t\t\t\t<\/section>\r\n\t\t\t\t<\/div>\n\t\t","protected":false},"excerpt":{"rendered":"<p>Documentation technique Cooling connections T\u00e9l\u00e9charger\u00a0 2025 Gamme commerciale &#8211; A2L T\u00e9l\u00e9charger\u00a0 2025 Gamme commerciale &#8211; HFC T\u00e9l\u00e9charger 2022-23 Gamme industrielle Calcul de la tuyauterie hydraulique T\u00e9l\u00e9charger Dimensions des colis T\u00e9l\u00e9charger\u00a0 2025 Gamme commerciale T\u00e9l\u00e9charger 2022-23 Gamme industrielle<\/p>\n","protected":false},"author":2,"featured_media":83913,"parent":9406,"menu_order":0,"comment_status":"closed","ping_status":"closed","template":"","meta":{"footnotes":""},"class_list":["post-9420","page","type-page","status-publish","has-post-thumbnail","hentry"],"yoast_head":"<!-- This site is optimized with the Yoast SEO plugin v25.5 - https:\/\/yoast.com\/wordpress\/plugins\/seo\/ -->\n<title>Documentation technique - INTARCON<\/title>\n<meta name=\"description\" content=\"Vous trouverez ici toute la documentation technique n\u00e9cessaire aux calculs de r\u00e9frig\u00e9ration et aux dimensions pour le transport.\" \/>\n<meta name=\"robots\" content=\"index, follow, max-snippet:-1, max-image-preview:large, max-video-preview:-1\" \/>\n<link rel=\"canonical\" href=\"https:\/\/www.intarcon.com\/fr\/support\/documentation-technique\/\" \/>\n<meta property=\"og:locale\" content=\"fr_FR\" \/>\n<meta property=\"og:type\" content=\"article\" \/>\n<meta property=\"og:title\" content=\"Documentation technique - INTARCON\" \/>\n<meta property=\"og:description\" content=\"Vous trouverez ici toute la documentation technique n\u00e9cessaire aux calculs de r\u00e9frig\u00e9ration et aux dimensions pour le transport.\" \/>\n<meta property=\"og:url\" content=\"https:\/\/www.intarcon.com\/fr\/support\/documentation-technique\/\" \/>\n<meta property=\"og:site_name\" content=\"INTARCON\" \/>\n<meta property=\"article:publisher\" content=\"https:\/\/www.facebook.com\/intarcon\/\" \/>\n<meta property=\"article:modified_time\" content=\"2025-07-31T11:50:11+00:00\" \/>\n<meta property=\"og:image\" content=\"https:\/\/www.intarcon.com\/wp-content\/uploads\/2024\/02\/alternativa-intarcon-01.webp\" \/>\n\t<meta property=\"og:image:width\" content=\"1080\" \/>\n\t<meta property=\"og:image:height\" content=\"1080\" \/>\n\t<meta property=\"og:image:type\" content=\"image\/webp\" \/>\n<meta name=\"twitter:card\" content=\"summary_large_image\" \/>\n<meta name=\"twitter:site\" content=\"@Intarcon\" \/>\n<meta name=\"twitter:label1\" content=\"Est. reading time\" \/>\n\t<meta name=\"twitter:data1\" content=\"1 minute\" \/>\n<script type=\"application\/ld+json\" class=\"yoast-schema-graph\">{\"@context\":\"https:\/\/schema.org\",\"@graph\":[{\"@type\":\"WebPage\",\"@id\":\"https:\/\/www.intarcon.com\/fr\/support\/documentation-technique\/\",\"url\":\"https:\/\/www.intarcon.com\/fr\/support\/documentation-technique\/\",\"name\":\"Documentation technique - INTARCON\",\"isPartOf\":{\"@id\":\"https:\/\/www.intarcon.com\/fr\/#website\"},\"primaryImageOfPage\":{\"@id\":\"https:\/\/www.intarcon.com\/fr\/support\/documentation-technique\/#primaryimage\"},\"image\":{\"@id\":\"https:\/\/www.intarcon.com\/fr\/support\/documentation-technique\/#primaryimage\"},\"thumbnailUrl\":\"https:\/\/www.intarcon.com\/wp-content\/uploads\/2024\/02\/alternativa-intarcon-01.webp\",\"datePublished\":\"2019-06-29T13:34:47+00:00\",\"dateModified\":\"2025-07-31T11:50:11+00:00\",\"description\":\"Vous trouverez ici toute la documentation technique n\u00e9cessaire aux calculs de r\u00e9frig\u00e9ration et aux dimensions pour le transport.\",\"breadcrumb\":{\"@id\":\"https:\/\/www.intarcon.com\/fr\/support\/documentation-technique\/#breadcrumb\"},\"inLanguage\":\"fr\",\"potentialAction\":[{\"@type\":\"ReadAction\",\"target\":[\"https:\/\/www.intarcon.com\/fr\/support\/documentation-technique\/\"]}]},{\"@type\":\"ImageObject\",\"inLanguage\":\"fr\",\"@id\":\"https:\/\/www.intarcon.com\/fr\/support\/documentation-technique\/#primaryimage\",\"url\":\"https:\/\/www.intarcon.com\/wp-content\/uploads\/2024\/02\/alternativa-intarcon-01.webp\",\"contentUrl\":\"https:\/\/www.intarcon.com\/wp-content\/uploads\/2024\/02\/alternativa-intarcon-01.webp\",\"width\":1080,\"height\":1080,\"caption\":\"INTARCON -\"},{\"@type\":\"BreadcrumbList\",\"@id\":\"https:\/\/www.intarcon.com\/fr\/support\/documentation-technique\/#breadcrumb\",\"itemListElement\":[{\"@type\":\"ListItem\",\"position\":1,\"name\":\"Portada\",\"item\":\"https:\/\/www.intarcon.com\/fr\/\"},{\"@type\":\"ListItem\",\"position\":2,\"name\":\"Support\",\"item\":\"https:\/\/www.intarcon.com\/fr\/soporte\/\"},{\"@type\":\"ListItem\",\"position\":3,\"name\":\"Documentation technique\"}]},{\"@type\":\"WebSite\",\"@id\":\"https:\/\/www.intarcon.com\/fr\/#website\",\"url\":\"https:\/\/www.intarcon.com\/fr\/\",\"name\":\"INTARCON\",\"description\":\"\",\"potentialAction\":[{\"@type\":\"SearchAction\",\"target\":{\"@type\":\"EntryPoint\",\"urlTemplate\":\"https:\/\/www.intarcon.com\/fr\/?s={search_term_string}\"},\"query-input\":{\"@type\":\"PropertyValueSpecification\",\"valueRequired\":true,\"valueName\":\"search_term_string\"}}],\"inLanguage\":\"fr\"}]}<\/script>\n<!-- \/ Yoast SEO plugin. -->","yoast_head_json":{"title":"Documentation technique - INTARCON","description":"Vous trouverez ici toute la documentation technique n\u00e9cessaire aux calculs de r\u00e9frig\u00e9ration et aux dimensions pour le transport.","robots":{"index":"index","follow":"follow","max-snippet":"max-snippet:-1","max-image-preview":"max-image-preview:large","max-video-preview":"max-video-preview:-1"},"canonical":"https:\/\/www.intarcon.com\/fr\/support\/documentation-technique\/","og_locale":"fr_FR","og_type":"article","og_title":"Documentation technique - INTARCON","og_description":"Vous trouverez ici toute la documentation technique n\u00e9cessaire aux calculs de r\u00e9frig\u00e9ration et aux dimensions pour le transport.","og_url":"https:\/\/www.intarcon.com\/fr\/support\/documentation-technique\/","og_site_name":"INTARCON","article_publisher":"https:\/\/www.facebook.com\/intarcon\/","article_modified_time":"2025-07-31T11:50:11+00:00","og_image":[{"width":1080,"height":1080,"url":"https:\/\/www.intarcon.com\/wp-content\/uploads\/2024\/02\/alternativa-intarcon-01.webp","type":"image\/webp"}],"twitter_card":"summary_large_image","twitter_site":"@Intarcon","twitter_misc":{"Est. reading time":"1 minute"},"schema":{"@context":"https:\/\/schema.org","@graph":[{"@type":"WebPage","@id":"https:\/\/www.intarcon.com\/fr\/support\/documentation-technique\/","url":"https:\/\/www.intarcon.com\/fr\/support\/documentation-technique\/","name":"Documentation technique - INTARCON","isPartOf":{"@id":"https:\/\/www.intarcon.com\/fr\/#website"},"primaryImageOfPage":{"@id":"https:\/\/www.intarcon.com\/fr\/support\/documentation-technique\/#primaryimage"},"image":{"@id":"https:\/\/www.intarcon.com\/fr\/support\/documentation-technique\/#primaryimage"},"thumbnailUrl":"https:\/\/www.intarcon.com\/wp-content\/uploads\/2024\/02\/alternativa-intarcon-01.webp","datePublished":"2019-06-29T13:34:47+00:00","dateModified":"2025-07-31T11:50:11+00:00","description":"Vous trouverez ici toute la documentation technique n\u00e9cessaire aux calculs de r\u00e9frig\u00e9ration et aux dimensions pour le transport.","breadcrumb":{"@id":"https:\/\/www.intarcon.com\/fr\/support\/documentation-technique\/#breadcrumb"},"inLanguage":"fr","potentialAction":[{"@type":"ReadAction","target":["https:\/\/www.intarcon.com\/fr\/support\/documentation-technique\/"]}]},{"@type":"ImageObject","inLanguage":"fr","@id":"https:\/\/www.intarcon.com\/fr\/support\/documentation-technique\/#primaryimage","url":"https:\/\/www.intarcon.com\/wp-content\/uploads\/2024\/02\/alternativa-intarcon-01.webp","contentUrl":"https:\/\/www.intarcon.com\/wp-content\/uploads\/2024\/02\/alternativa-intarcon-01.webp","width":1080,"height":1080,"caption":"INTARCON -"},{"@type":"BreadcrumbList","@id":"https:\/\/www.intarcon.com\/fr\/support\/documentation-technique\/#breadcrumb","itemListElement":[{"@type":"ListItem","position":1,"name":"Portada","item":"https:\/\/www.intarcon.com\/fr\/"},{"@type":"ListItem","position":2,"name":"Support","item":"https:\/\/www.intarcon.com\/fr\/soporte\/"},{"@type":"ListItem","position":3,"name":"Documentation technique"}]},{"@type":"WebSite","@id":"https:\/\/www.intarcon.com\/fr\/#website","url":"https:\/\/www.intarcon.com\/fr\/","name":"INTARCON","description":"","potentialAction":[{"@type":"SearchAction","target":{"@type":"EntryPoint","urlTemplate":"https:\/\/www.intarcon.com\/fr\/?s={search_term_string}"},"query-input":{"@type":"PropertyValueSpecification","valueRequired":true,"valueName":"search_term_string"}}],"inLanguage":"fr"}]}},"_links":{"self":[{"href":"https:\/\/www.intarcon.com\/fr\/wp-json\/wp\/v2\/pages\/9420","targetHints":{"allow":["GET"]}}],"collection":[{"href":"https:\/\/www.intarcon.com\/fr\/wp-json\/wp\/v2\/pages"}],"about":[{"href":"https:\/\/www.intarcon.com\/fr\/wp-json\/wp\/v2\/types\/page"}],"author":[{"embeddable":true,"href":"https:\/\/www.intarcon.com\/fr\/wp-json\/wp\/v2\/users\/2"}],"replies":[{"embeddable":true,"href":"https:\/\/www.intarcon.com\/fr\/wp-json\/wp\/v2\/comments?post=9420"}],"version-history":[{"count":0,"href":"https:\/\/www.intarcon.com\/fr\/wp-json\/wp\/v2\/pages\/9420\/revisions"}],"up":[{"embeddable":true,"href":"https:\/\/www.intarcon.com\/fr\/wp-json\/wp\/v2\/pages\/9406"}],"wp:featuredmedia":[{"embeddable":true,"href":"https:\/\/www.intarcon.com\/fr\/wp-json\/wp\/v2\/media\/83913"}],"wp:attachment":[{"href":"https:\/\/www.intarcon.com\/fr\/wp-json\/wp\/v2\/media?parent=9420"}],"curies":[{"name":"wp","href":"https:\/\/api.w.org\/{rel}","templated":true}]}}