{"id":9397,"date":"2019-06-24T06:26:23","date_gmt":"2019-06-24T04:26:23","guid":{"rendered":"https:\/\/www.intarcon.com\/wordpress\/?page_id=9397"},"modified":"2022-03-04T15:17:14","modified_gmt":"2022-03-04T13:17:14","slug":"technologies","status":"publish","type":"page","link":"https:\/\/www.intarcon.com\/fr\/technologies\/","title":{"rendered":"Technologies"},"content":{"rendered":"\t\t<div data-elementor-type=\"wp-page\" data-elementor-id=\"9397\" class=\"elementor elementor-9397 elementor-7071\" data-elementor-post-type=\"page\">\n\t\t\t\t\t\t<section class=\"elementor-section elementor-top-section elementor-element elementor-element-a01e2a1 elementor-section-boxed elementor-section-height-default elementor-section-height-default\" data-id=\"a01e2a1\" data-element_type=\"section\" data-settings=\"{&quot;background_background&quot;:&quot;classic&quot;}\">\r\n\t\t\r\n\t\t\t\t\t\t\t<div class=\"elementor-container elementor-column-gap-default\">\r\n\t\t\t\t\t\t\t\t\t\t\t<div class=\"elementor-column elementor-col-100 elementor-top-column elementor-element elementor-element-67d4028\" data-id=\"67d4028\" data-element_type=\"column\">\r\n\t\t\t\t\t<div class=\"elementor-widget-wrap elementor-element-populated\">\r\n\t\t\t\t\t\t\t\t<div class=\"elementor-element elementor-element-0997c4e elementor-invisible elementor-widget elementor-widget-heading\" data-id=\"0997c4e\" data-element_type=\"widget\" data-settings=\"{&quot;_animation&quot;:&quot;fadeInUp&quot;,&quot;_animation_delay&quot;:700}\" data-widget_type=\"heading.default\">\n\t\t\t\t<div class=\"elementor-widget-container\">\n\t\t\t\t\t<h1 class=\"elementor-heading-title elementor-size-default\">Technologie de r\u00e9frig\u00e9ration<\/h1>\t\t\t\t<\/div>\n\t\t\t\t<\/div>\n\t\t\t\t<section class=\"elementor-section elementor-inner-section elementor-element elementor-element-e1d3267 elementor-section-boxed elementor-section-height-default elementor-section-height-default elementor-invisible\" data-id=\"e1d3267\" data-element_type=\"section\" data-settings=\"{&quot;animation&quot;:&quot;fadeIn&quot;,&quot;animation_delay&quot;:&quot;300&quot;}\">\r\n\t\t\r\n\t\t\t\t\t\t\t<div class=\"elementor-container elementor-column-gap-no\">\r\n\t\t\t\t\t\t\t\t\t\t\t<div class=\"elementor-column elementor-col-33 elementor-inner-column elementor-element elementor-element-8f65515 click-child pointer\" data-id=\"8f65515\" data-element_type=\"column\" data-settings=\"{&quot;background_background&quot;:&quot;classic&quot;}\">\r\n\t\t\t\t\t<div class=\"elementor-widget-wrap elementor-element-populated\">\r\n\t\t\t\t\t<div class=\"elementor-background-overlay\"><\/div>\r\n\t\t\t\t\t\t\t\t<div class=\"elementor-element elementor-element-ce867d4 elementor-widget elementor-widget-spacer\" data-id=\"ce867d4\" data-element_type=\"widget\" data-widget_type=\"spacer.default\">\n\t\t\t\t<div class=\"elementor-widget-container\">\n\t\t\t\t\t\t\t<div class=\"elementor-spacer\">\n\t\t\t<div class=\"elementor-spacer-inner\"><\/div>\n\t\t<\/div>\n\t\t\t\t\t\t<\/div>\n\t\t\t\t<\/div>\n\t\t\t\t<div class=\"elementor-element elementor-element-2e2020d titulo-tecnologia elementor-widget elementor-widget-text-editor\" data-id=\"2e2020d\" data-element_type=\"widget\" data-widget_type=\"text-editor.default\">\n\t\t\t\t<div class=\"elementor-widget-container\">\n\t\t\t\t\t\t\t\t\t<a href=\"https:\/\/www.intarcon.com\/fr\/technologie\/r290\/\">R290<\/a>\t\t\t\t\t\t\t\t<\/div>\n\t\t\t\t<\/div>\n\t\t\t\t\t<\/div>\r\n\t\t\t\t<\/div>\r\n\t\t\t\t<div class=\"elementor-column elementor-col-33 elementor-inner-column elementor-element elementor-element-6cbc891 click-child pointer\" data-id=\"6cbc891\" data-element_type=\"column\" data-settings=\"{&quot;background_background&quot;:&quot;classic&quot;}\">\r\n\t\t\t\t\t<div class=\"elementor-widget-wrap elementor-element-populated\">\r\n\t\t\t\t\t<div class=\"elementor-background-overlay\"><\/div>\r\n\t\t\t\t\t\t\t\t<div class=\"elementor-element elementor-element-aabf75d elementor-widget elementor-widget-spacer\" data-id=\"aabf75d\" data-element_type=\"widget\" data-widget_type=\"spacer.default\">\n\t\t\t\t<div class=\"elementor-widget-container\">\n\t\t\t\t\t\t\t<div class=\"elementor-spacer\">\n\t\t\t<div class=\"elementor-spacer-inner\"><\/div>\n\t\t<\/div>\n\t\t\t\t\t\t<\/div>\n\t\t\t\t<\/div>\n\t\t\t\t<div class=\"elementor-element elementor-element-c634500 titulo-tecnologia elementor-widget elementor-widget-text-editor\" data-id=\"c634500\" data-element_type=\"widget\" data-widget_type=\"text-editor.default\">\n\t\t\t\t<div class=\"elementor-widget-container\">\n\t\t\t\t\t\t\t\t\t<a href=\"https:\/\/www.intarcon.com\/fr\/technologie\/co2\/\">CO<sub>2<\/sub><\/a>\t\t\t\t\t\t\t\t<\/div>\n\t\t\t\t<\/div>\n\t\t\t\t\t<\/div>\r\n\t\t\t\t<\/div>\r\n\t\t\t\t<div class=\"elementor-column elementor-col-33 elementor-inner-column elementor-element elementor-element-6bfe820 click-child pointer\" data-id=\"6bfe820\" data-element_type=\"column\" data-settings=\"{&quot;background_background&quot;:&quot;classic&quot;}\">\r\n\t\t\t\t\t<div class=\"elementor-widget-wrap elementor-element-populated\">\r\n\t\t\t\t\t<div class=\"elementor-background-overlay\"><\/div>\r\n\t\t\t\t\t\t\t\t<div class=\"elementor-element elementor-element-f64976b elementor-widget elementor-widget-spacer\" data-id=\"f64976b\" data-element_type=\"widget\" data-widget_type=\"spacer.default\">\n\t\t\t\t<div class=\"elementor-widget-container\">\n\t\t\t\t\t\t\t<div class=\"elementor-spacer\">\n\t\t\t<div class=\"elementor-spacer-inner\"><\/div>\n\t\t<\/div>\n\t\t\t\t\t\t<\/div>\n\t\t\t\t<\/div>\n\t\t\t\t<div class=\"elementor-element elementor-element-96af17b titulo-tecnologia elementor-widget elementor-widget-text-editor\" data-id=\"96af17b\" data-element_type=\"widget\" data-widget_type=\"text-editor.default\">\n\t\t\t\t<div class=\"elementor-widget-container\">\n\t\t\t\t\t\t\t\t\t<a href=\"https:\/\/www.intarcon.com\/fr\/technologie\/nh3\/\">NH<sub>3<\/sub><\/a>\t\t\t\t\t\t\t\t<\/div>\n\t\t\t\t<\/div>\n\t\t\t\t\t<\/div>\r\n\t\t\t\t<\/div>\r\n\t\t\t\t\t<\/div>\r\n\t\t\t\t<\/section>\r\n\t\t\t\t<section class=\"elementor-section elementor-inner-section elementor-element elementor-element-35c2740 elementor-section-boxed elementor-section-height-default elementor-section-height-default elementor-invisible\" data-id=\"35c2740\" data-element_type=\"section\" data-settings=\"{&quot;animation&quot;:&quot;fadeIn&quot;,&quot;animation_delay&quot;:&quot;300&quot;}\">\r\n\t\t\r\n\t\t\t\t\t\t\t<div class=\"elementor-container elementor-column-gap-no\">\r\n\t\t\t\t\t\t\t\t\t\t\t<div class=\"elementor-column elementor-col-33 elementor-inner-column elementor-element elementor-element-63e594a click-child pointer\" data-id=\"63e594a\" data-element_type=\"column\" data-settings=\"{&quot;background_background&quot;:&quot;classic&quot;}\">\r\n\t\t\t\t\t<div class=\"elementor-widget-wrap elementor-element-populated\">\r\n\t\t\t\t\t<div class=\"elementor-background-overlay\"><\/div>\r\n\t\t\t\t\t\t\t\t<div class=\"elementor-element elementor-element-5f99861 elementor-widget elementor-widget-spacer\" data-id=\"5f99861\" data-element_type=\"widget\" data-widget_type=\"spacer.default\">\n\t\t\t\t<div class=\"elementor-widget-container\">\n\t\t\t\t\t\t\t<div class=\"elementor-spacer\">\n\t\t\t<div class=\"elementor-spacer-inner\"><\/div>\n\t\t<\/div>\n\t\t\t\t\t\t<\/div>\n\t\t\t\t<\/div>\n\t\t\t\t<div class=\"elementor-element elementor-element-bd8f8b0 titulo-tecnologia elementor-widget elementor-widget-text-editor\" data-id=\"bd8f8b0\" data-element_type=\"widget\" data-widget_type=\"text-editor.default\">\n\t\t\t\t<div class=\"elementor-widget-container\">\n\t\t\t\t\t\t\t\t\t<a href=\"https:\/\/www.intarcon.com\/fr\/technologie\/waterloop\/\">Waterloop<\/a>\t\t\t\t\t\t\t\t<\/div>\n\t\t\t\t<\/div>\n\t\t\t\t\t<\/div>\r\n\t\t\t\t<\/div>\r\n\t\t\t\t<div class=\"elementor-column elementor-col-33 elementor-inner-column elementor-element elementor-element-c7000a4 click-child pointer\" data-id=\"c7000a4\" data-element_type=\"column\" data-settings=\"{&quot;background_background&quot;:&quot;classic&quot;}\">\r\n\t\t\t\t\t<div class=\"elementor-widget-wrap elementor-element-populated\">\r\n\t\t\t\t\t<div class=\"elementor-background-overlay\"><\/div>\r\n\t\t\t\t\t\t\t\t<div class=\"elementor-element elementor-element-cb05436 elementor-widget elementor-widget-spacer\" data-id=\"cb05436\" data-element_type=\"widget\" data-widget_type=\"spacer.default\">\n\t\t\t\t<div class=\"elementor-widget-container\">\n\t\t\t\t\t\t\t<div class=\"elementor-spacer\">\n\t\t\t<div class=\"elementor-spacer-inner\"><\/div>\n\t\t<\/div>\n\t\t\t\t\t\t<\/div>\n\t\t\t\t<\/div>\n\t\t\t\t<div class=\"elementor-element elementor-element-0c77680 titulo-tecnologia elementor-widget elementor-widget-text-editor\" data-id=\"0c77680\" data-element_type=\"widget\" data-widget_type=\"text-editor.default\">\n\t\t\t\t<div class=\"elementor-widget-container\">\n\t\t\t\t\t\t\t\t\t<a href=\"https:\/\/www.intarcon.com\/fr\/technologie\/glicol\/\">Glicol<\/a>\t\t\t\t\t\t\t\t<\/div>\n\t\t\t\t<\/div>\n\t\t\t\t\t<\/div>\r\n\t\t\t\t<\/div>\r\n\t\t\t\t<div class=\"elementor-column elementor-col-33 elementor-inner-column elementor-element elementor-element-30250be click-child pointer\" data-id=\"30250be\" data-element_type=\"column\" data-settings=\"{&quot;background_background&quot;:&quot;classic&quot;}\">\r\n\t\t\t\t\t<div class=\"elementor-widget-wrap elementor-element-populated\">\r\n\t\t\t\t\t<div class=\"elementor-background-overlay\"><\/div>\r\n\t\t\t\t\t\t\t\t<div class=\"elementor-element elementor-element-1fc54a4 elementor-widget elementor-widget-spacer\" data-id=\"1fc54a4\" data-element_type=\"widget\" data-widget_type=\"spacer.default\">\n\t\t\t\t<div class=\"elementor-widget-container\">\n\t\t\t\t\t\t\t<div class=\"elementor-spacer\">\n\t\t\t<div class=\"elementor-spacer-inner\"><\/div>\n\t\t<\/div>\n\t\t\t\t\t\t<\/div>\n\t\t\t\t<\/div>\n\t\t\t\t<div class=\"elementor-element elementor-element-32779c3 titulo-tecnologia elementor-widget elementor-widget-text-editor\" data-id=\"32779c3\" data-element_type=\"widget\" data-widget_type=\"text-editor.default\">\n\t\t\t\t<div class=\"elementor-widget-container\">\n\t\t\t\t\t\t\t\t\t<a href=\"https:\/\/www.intarcon.com\/fr\/technologie\/hfc\/\">HFC<\/a>\t\t\t\t\t\t\t\t<\/div>\n\t\t\t\t<\/div>\n\t\t\t\t\t<\/div>\r\n\t\t\t\t<\/div>\r\n\t\t\t\t\t<\/div>\r\n\t\t\t\t<\/section>\r\n\t\t\t\t\t<\/div>\r\n\t\t\t\t<\/div>\r\n\t\t\t\t\t<\/div>\r\n\t\t\t\t<\/section>\r\n\t\t\t\t<section class=\"elementor-section elementor-top-section elementor-element elementor-element-5fef263 elementor-section-boxed elementor-section-height-default elementor-section-height-default\" data-id=\"5fef263\" data-element_type=\"section\">\r\n\t\t\r\n\t\t\t\t\t\t\t<div class=\"elementor-container elementor-column-gap-default\">\r\n\t\t\t\t\t\t\t\t\t\t\t<div class=\"elementor-column elementor-col-100 elementor-top-column elementor-element elementor-element-7fef0ea\" data-id=\"7fef0ea\" data-element_type=\"column\">\r\n\t\t\t\t\t<div class=\"elementor-widget-wrap elementor-element-populated\">\r\n\t\t\t\t\t\t\t\t<div class=\"elementor-element elementor-element-3d1f5c3 elementor-widget elementor-widget-porto_ultimate_heading\" data-id=\"3d1f5c3\" data-element_type=\"widget\" data-widget_type=\"porto_ultimate_heading.default\">\n\t\t\t\t<div class=\"elementor-widget-container\">\n\t\t\t\t\t<div class=\"porto-u-heading  porto-u-bd11424de395366805213f3c847c9ae4\"><div class=\"porto-u-main-heading\"><h2    style=\"margin-bottom: 4px;\">Derni\u00e8res nouvelles<\/h2><\/div><div class=\"porto-u-sub-heading\" style=\"margin-bottom:30px;\"><p>Blog INTARCON<\/p><\/div><style>.porto-u-bd11424de395366805213f3c847c9ae4.porto-u-heading{text-align:center}<\/style><\/div>\t\t\t\t<\/div>\n\t\t\t\t<\/div>\n\t\t\t\t<div class=\"elementor-element elementor-element-608edc4 elementor-widget elementor-widget-porto_blog\" data-id=\"608edc4\" data-element_type=\"widget\" data-widget_type=\"porto_blog.default\">\n\t\t\t\t<div class=\"elementor-widget-container\">\n\t\t\t\t\t<div class=\"porto-blog wpb_content_element  porto-blog-d751713988987e9331980363e24189ce\">\t\t<div class=\"blog-posts posts-grid blog-posts-related\">\r\n\t\t\t<div class=\"posts-container row\">\r\n\t\t\r\n<article class=\"post post-grid col-md-6 col-lg-4 post-title-simple post-98476 post type-post status-publish format-standard has-post-thumbnail hentry category-blog-fr\">\r\n<div class=\"post-item post-title-simple\">\r\n\t\t\t<a aria-label=\"Go to post page\" href=\"https:\/\/www.intarcon.com\/fr\/renforce-sa-presence-internationale\/\"> <span class=\"post-image thumb-info thumb-info-hide-wrapper-bg m-b-md\"> <span class=\"thumb-info-wrapper\"> <img fetchpriority=\"high\" decoding=\"async\" class=\"img-responsive\" width=\"450\" height=\"231\" src=\"https:\/\/www.intarcon.com\/wp-content\/uploads\/2026\/03\/AtmoDa010047-450x231.webp\" alt=\"\" \/>\r\n\t\t\t<\/span> <\/span> <\/a>\r\n\t\t\t<div class=\"post-date\">\r\n\t\t<span class=\"day\">25<\/span><span class=\"month\">Mar<\/span><time datetime=\"2026-03-25\">March 25, 2026<\/time>\t<\/div>\r\n\t\t\t<h4><a href=\"https:\/\/www.intarcon.com\/fr\/renforce-sa-presence-internationale\/\">\r\n\t\tINTARCON aux salons internationaux\t<\/a><\/h4>\r\n\t\t<div><p class=\"post-excerpt\">Les salons de la r\u00e9frig\u00e9ration en Espagne, en France et en Colombie ont \u00e9t\u00e9 des occasions cl\u00e9s pour <a href=\"https:\/\/www.intarcon.com\/fr\/\">INTARCON<\/a>...  <a class=\"read-more\" href=\"https:\/\/www.intarcon.com\/fr\/renforce-sa-presence-internationale\/\">read more <i class=\"fas fa-angle-right\"><\/i><\/a><\/p><\/div> <\/div>\r\n<\/article>\r\n\r\n<article class=\"post post-grid col-md-6 col-lg-4 post-title-simple post-98180 post type-post status-publish format-standard has-post-thumbnail hentry category-blog-fr\">\r\n<div class=\"post-item post-title-simple\">\r\n\t\t\t<a aria-label=\"Go to post page\" href=\"https:\/\/www.intarcon.com\/fr\/chaine-du-froid-produits-iv-v-gamme\/\"> <span class=\"post-image thumb-info thumb-info-hide-wrapper-bg m-b-md\"> <span class=\"thumb-info-wrapper\"> <img decoding=\"async\" class=\"img-responsive\" width=\"450\" height=\"231\" src=\"https:\/\/www.intarcon.com\/wp-content\/uploads\/2026\/02\/imagen-20-450x231.webp\" alt=\"\" \/>\r\n\t\t\t<\/span> <\/span> <\/a>\r\n\t\t\t<div class=\"post-date\">\r\n\t\t<span class=\"day\">12<\/span><span class=\"month\">Feb<\/span><time datetime=\"2026-02-12\">February 12, 2026<\/time>\t<\/div>\r\n\t\t\t<h4><a href=\"https:\/\/www.intarcon.com\/fr\/chaine-du-froid-produits-iv-v-gamme\/\">\r\n\t\tLa cha\u00eene du froid dans les produits IV et V gamme\t<\/a><\/h4>\r\n\t\t<div><p class=\"post-excerpt\">La transversalit\u00e9 entre la science des aliments et la technologie du froid permet \u00e0 <a href=\"https:\/\/www.intarcon.com\/fr\/\">INTARCON<\/a> de concevoir des solutions...  <a class=\"read-more\" href=\"https:\/\/www.intarcon.com\/fr\/chaine-du-froid-produits-iv-v-gamme\/\">read more <i class=\"fas fa-angle-right\"><\/i><\/a><\/p><\/div> <\/div>\r\n<\/article>\r\n\r\n<article class=\"post post-grid col-md-6 col-lg-4 post-title-simple post-98010 post type-post status-publish format-standard has-post-thumbnail hentry category-blog-fr\">\r\n<div class=\"post-item post-title-simple\">\r\n\t\t\t<a aria-label=\"Go to post page\" href=\"https:\/\/www.intarcon.com\/fr\/intarcon-perte-economie-circulaire-2024\/\"> <span class=\"post-image thumb-info thumb-info-hide-wrapper-bg m-b-md\"> <span class=\"thumb-info-wrapper\"> <img decoding=\"async\" class=\"img-responsive\" width=\"450\" height=\"231\" src=\"https:\/\/www.intarcon.com\/wp-content\/uploads\/2026\/02\/economia-circular-450x231.webp\" alt=\"\" \/>\r\n\t\t\t<\/span> <\/span> <\/a>\r\n\t\t\t<div class=\"post-date\">\r\n\t\t<span class=\"day\">04<\/span><span class=\"month\">Feb<\/span><time datetime=\"2026-02-04\">February 4, 2026<\/time>\t<\/div>\r\n\t\t\t<h4><a href=\"https:\/\/www.intarcon.com\/fr\/intarcon-perte-economie-circulaire-2024\/\">\r\n\t\tINTARCON, b\u00e9n\u00e9ficiaire du PERTE \u00c9conomie Circulaire 2024\t<\/a><\/h4>\r\n\t\t<div><p class=\"post-excerpt\"><a href=\"https:\/\/www.intarcon.com\/fr\/\">INTARCON<\/a> a \u00e9t\u00e9 retenue comme b\u00e9n\u00e9ficiaire dans le cadre de l\u2019appel \u00e0 projets du PERTE \u00c9conomie Circulaire 2024. Ainsi,...  <a class=\"read-more\" href=\"https:\/\/www.intarcon.com\/fr\/intarcon-perte-economie-circulaire-2024\/\">read more <i class=\"fas fa-angle-right\"><\/i><\/a><\/p><\/div> <\/div>\r\n<\/article>\r\n\r\n\t\r\n\t\t\t<\/div>\r\n\t\t<\/div>\r\n\r\n\t\r\n\t\r\n\t<\/div>\t\t\t\t<\/div>\n\t\t\t\t<\/div>\n\t\t\t\t\t<\/div>\r\n\t\t\t\t<\/div>\r\n\t\t\t\t\t<\/div>\r\n\t\t\t\t<\/section>\r\n\t\t\t\t<\/div>\n\t\t","protected":false},"excerpt":{"rendered":"<p>Technologie de r\u00e9frig\u00e9ration R290 CO2 NH3 Waterloop Glicol HFC Derni\u00e8res nouvelles Blog INTARCON 22Febfebrero 22, 2022 Centrales compactes de CO2 transcritique Pour des applications telles que les supermarch\u00e9s, INTARCON propose des unit\u00e9s compactes de condensation du CO2 transcritique avec refroidisseur&#8230; Leer m\u00e1s 09Febfebrero 9, 2022 Catalogue des solutions de refroidissement pour 2022-2023 INTARCON a r\u00e9cemment [&hellip;]<\/p>\n","protected":false},"author":2,"featured_media":0,"parent":0,"menu_order":0,"comment_status":"closed","ping_status":"closed","template":"","meta":{"footnotes":""},"class_list":["post-9397","page","type-page","status-publish","hentry"],"yoast_head":"<!-- This site is optimized with the Yoast SEO plugin v25.5 - https:\/\/yoast.com\/wordpress\/plugins\/seo\/ -->\n<title>\u00c9quipements de r\u00e9frig\u00e9ration - INTARCON<\/title>\n<meta name=\"description\" content=\"INTARCON fabrique des \u00e9quipements de r\u00e9frig\u00e9ration pour chambres froides, entreposage r\u00e9frig\u00e9r\u00e9 et processus de r\u00e9frig\u00e9ration industriel.\" \/>\n<meta name=\"robots\" content=\"index, follow, max-snippet:-1, max-image-preview:large, max-video-preview:-1\" \/>\n<link rel=\"canonical\" href=\"https:\/\/www.intarcon.com\/fr\/technologies\/\" \/>\n<meta property=\"og:locale\" content=\"fr_FR\" \/>\n<meta property=\"og:type\" content=\"article\" \/>\n<meta property=\"og:title\" content=\"\u00c9quipements de r\u00e9frig\u00e9ration - INTARCON\" \/>\n<meta property=\"og:description\" content=\"INTARCON fabrique des \u00e9quipements de r\u00e9frig\u00e9ration pour chambres froides, entreposage r\u00e9frig\u00e9r\u00e9 et processus de r\u00e9frig\u00e9ration industriel.\" \/>\n<meta property=\"og:url\" content=\"https:\/\/www.intarcon.com\/fr\/technologies\/\" \/>\n<meta property=\"og:site_name\" content=\"INTARCON\" \/>\n<meta property=\"article:publisher\" content=\"https:\/\/www.facebook.com\/intarcon\/\" \/>\n<meta property=\"article:modified_time\" content=\"2022-03-04T13:17:14+00:00\" \/>\n<meta property=\"og:image\" content=\"https:\/\/www.intarcon.com\/wp-content\/uploads\/2021\/07\/tecnologia-co2-450x231.jpeg\" \/>\n<meta name=\"twitter:card\" content=\"summary_large_image\" \/>\n<meta name=\"twitter:site\" content=\"@Intarcon\" \/>\n<meta name=\"twitter:label1\" content=\"Est. reading time\" \/>\n\t<meta name=\"twitter:data1\" content=\"2 minutes\" \/>\n<script type=\"application\/ld+json\" class=\"yoast-schema-graph\">{\"@context\":\"https:\/\/schema.org\",\"@graph\":[{\"@type\":\"WebPage\",\"@id\":\"https:\/\/www.intarcon.com\/fr\/technologies\/\",\"url\":\"https:\/\/www.intarcon.com\/fr\/technologies\/\",\"name\":\"\u00c9quipements de r\u00e9frig\u00e9ration - INTARCON\",\"isPartOf\":{\"@id\":\"https:\/\/www.intarcon.com\/fr\/#website\"},\"primaryImageOfPage\":{\"@id\":\"https:\/\/www.intarcon.com\/fr\/technologies\/#primaryimage\"},\"image\":{\"@id\":\"https:\/\/www.intarcon.com\/fr\/technologies\/#primaryimage\"},\"thumbnailUrl\":\"https:\/\/www.intarcon.com\/wp-content\/uploads\/2021\/07\/tecnologia-co2-450x231.jpeg\",\"datePublished\":\"2019-06-24T04:26:23+00:00\",\"dateModified\":\"2022-03-04T13:17:14+00:00\",\"description\":\"INTARCON fabrique des \u00e9quipements de r\u00e9frig\u00e9ration pour chambres froides, entreposage r\u00e9frig\u00e9r\u00e9 et processus de r\u00e9frig\u00e9ration industriel.\",\"breadcrumb\":{\"@id\":\"https:\/\/www.intarcon.com\/fr\/technologies\/#breadcrumb\"},\"inLanguage\":\"fr\",\"potentialAction\":[{\"@type\":\"ReadAction\",\"target\":[\"https:\/\/www.intarcon.com\/fr\/technologies\/\"]}]},{\"@type\":\"ImageObject\",\"inLanguage\":\"fr\",\"@id\":\"https:\/\/www.intarcon.com\/fr\/technologies\/#primaryimage\",\"url\":\"https:\/\/www.intarcon.com\/wp-content\/uploads\/2021\/07\/tecnologia-co2-450x231.jpeg\",\"contentUrl\":\"https:\/\/www.intarcon.com\/wp-content\/uploads\/2021\/07\/tecnologia-co2-450x231.jpeg\"},{\"@type\":\"BreadcrumbList\",\"@id\":\"https:\/\/www.intarcon.com\/fr\/technologies\/#breadcrumb\",\"itemListElement\":[{\"@type\":\"ListItem\",\"position\":1,\"name\":\"Portada\",\"item\":\"https:\/\/www.intarcon.com\/fr\/\"},{\"@type\":\"ListItem\",\"position\":2,\"name\":\"Technologies\"}]},{\"@type\":\"WebSite\",\"@id\":\"https:\/\/www.intarcon.com\/fr\/#website\",\"url\":\"https:\/\/www.intarcon.com\/fr\/\",\"name\":\"INTARCON\",\"description\":\"\",\"potentialAction\":[{\"@type\":\"SearchAction\",\"target\":{\"@type\":\"EntryPoint\",\"urlTemplate\":\"https:\/\/www.intarcon.com\/fr\/?s={search_term_string}\"},\"query-input\":{\"@type\":\"PropertyValueSpecification\",\"valueRequired\":true,\"valueName\":\"search_term_string\"}}],\"inLanguage\":\"fr\"}]}<\/script>\n<!-- \/ Yoast SEO plugin. -->","yoast_head_json":{"title":"\u00c9quipements de r\u00e9frig\u00e9ration - INTARCON","description":"INTARCON fabrique des \u00e9quipements de r\u00e9frig\u00e9ration pour chambres froides, entreposage r\u00e9frig\u00e9r\u00e9 et processus de r\u00e9frig\u00e9ration industriel.","robots":{"index":"index","follow":"follow","max-snippet":"max-snippet:-1","max-image-preview":"max-image-preview:large","max-video-preview":"max-video-preview:-1"},"canonical":"https:\/\/www.intarcon.com\/fr\/technologies\/","og_locale":"fr_FR","og_type":"article","og_title":"\u00c9quipements de r\u00e9frig\u00e9ration - INTARCON","og_description":"INTARCON fabrique des \u00e9quipements de r\u00e9frig\u00e9ration pour chambres froides, entreposage r\u00e9frig\u00e9r\u00e9 et processus de r\u00e9frig\u00e9ration industriel.","og_url":"https:\/\/www.intarcon.com\/fr\/technologies\/","og_site_name":"INTARCON","article_publisher":"https:\/\/www.facebook.com\/intarcon\/","article_modified_time":"2022-03-04T13:17:14+00:00","og_image":[{"url":"https:\/\/www.intarcon.com\/wp-content\/uploads\/2021\/07\/tecnologia-co2-450x231.jpeg","type":"","width":"","height":""}],"twitter_card":"summary_large_image","twitter_site":"@Intarcon","twitter_misc":{"Est. reading time":"2 minutes"},"schema":{"@context":"https:\/\/schema.org","@graph":[{"@type":"WebPage","@id":"https:\/\/www.intarcon.com\/fr\/technologies\/","url":"https:\/\/www.intarcon.com\/fr\/technologies\/","name":"\u00c9quipements de r\u00e9frig\u00e9ration - INTARCON","isPartOf":{"@id":"https:\/\/www.intarcon.com\/fr\/#website"},"primaryImageOfPage":{"@id":"https:\/\/www.intarcon.com\/fr\/technologies\/#primaryimage"},"image":{"@id":"https:\/\/www.intarcon.com\/fr\/technologies\/#primaryimage"},"thumbnailUrl":"https:\/\/www.intarcon.com\/wp-content\/uploads\/2021\/07\/tecnologia-co2-450x231.jpeg","datePublished":"2019-06-24T04:26:23+00:00","dateModified":"2022-03-04T13:17:14+00:00","description":"INTARCON fabrique des \u00e9quipements de r\u00e9frig\u00e9ration pour chambres froides, entreposage r\u00e9frig\u00e9r\u00e9 et processus de r\u00e9frig\u00e9ration industriel.","breadcrumb":{"@id":"https:\/\/www.intarcon.com\/fr\/technologies\/#breadcrumb"},"inLanguage":"fr","potentialAction":[{"@type":"ReadAction","target":["https:\/\/www.intarcon.com\/fr\/technologies\/"]}]},{"@type":"ImageObject","inLanguage":"fr","@id":"https:\/\/www.intarcon.com\/fr\/technologies\/#primaryimage","url":"https:\/\/www.intarcon.com\/wp-content\/uploads\/2021\/07\/tecnologia-co2-450x231.jpeg","contentUrl":"https:\/\/www.intarcon.com\/wp-content\/uploads\/2021\/07\/tecnologia-co2-450x231.jpeg"},{"@type":"BreadcrumbList","@id":"https:\/\/www.intarcon.com\/fr\/technologies\/#breadcrumb","itemListElement":[{"@type":"ListItem","position":1,"name":"Portada","item":"https:\/\/www.intarcon.com\/fr\/"},{"@type":"ListItem","position":2,"name":"Technologies"}]},{"@type":"WebSite","@id":"https:\/\/www.intarcon.com\/fr\/#website","url":"https:\/\/www.intarcon.com\/fr\/","name":"INTARCON","description":"","potentialAction":[{"@type":"SearchAction","target":{"@type":"EntryPoint","urlTemplate":"https:\/\/www.intarcon.com\/fr\/?s={search_term_string}"},"query-input":{"@type":"PropertyValueSpecification","valueRequired":true,"valueName":"search_term_string"}}],"inLanguage":"fr"}]}},"_links":{"self":[{"href":"https:\/\/www.intarcon.com\/fr\/wp-json\/wp\/v2\/pages\/9397","targetHints":{"allow":["GET"]}}],"collection":[{"href":"https:\/\/www.intarcon.com\/fr\/wp-json\/wp\/v2\/pages"}],"about":[{"href":"https:\/\/www.intarcon.com\/fr\/wp-json\/wp\/v2\/types\/page"}],"author":[{"embeddable":true,"href":"https:\/\/www.intarcon.com\/fr\/wp-json\/wp\/v2\/users\/2"}],"replies":[{"embeddable":true,"href":"https:\/\/www.intarcon.com\/fr\/wp-json\/wp\/v2\/comments?post=9397"}],"version-history":[{"count":0,"href":"https:\/\/www.intarcon.com\/fr\/wp-json\/wp\/v2\/pages\/9397\/revisions"}],"wp:attachment":[{"href":"https:\/\/www.intarcon.com\/fr\/wp-json\/wp\/v2\/media?parent=9397"}],"curies":[{"name":"wp","href":"https:\/\/api.w.org\/{rel}","templated":true}]}}