{"id":75927,"date":"2023-04-18T15:36:45","date_gmt":"2023-04-18T13:36:45","guid":{"rendered":"https:\/\/www.intarcon.com\/?page_id=75927"},"modified":"2023-05-02T12:52:39","modified_gmt":"2023-05-02T10:52:39","slug":"tera_red-project","status":"publish","type":"page","link":"https:\/\/www.intarcon.com\/fr\/tera_red-project\/","title":{"rendered":"&#8220;TERA_RED&#8221; project"},"content":{"rendered":"\t\t<div data-elementor-type=\"wp-page\" data-elementor-id=\"75927\" class=\"elementor elementor-75927 elementor-75750\" data-elementor-post-type=\"page\">\n\t\t\t\t\t\t<section class=\"elementor-section elementor-top-section elementor-element elementor-element-35bb253 elementor-section-boxed elementor-section-height-default elementor-section-height-default\" data-id=\"35bb253\" data-element_type=\"section\">\r\n\t\t\r\n\t\t\t\t\t\t\t<div class=\"elementor-container elementor-column-gap-default\">\r\n\t\t\t\t\t\t\t\t\t\t\t<div class=\"elementor-column elementor-col-100 elementor-top-column elementor-element elementor-element-4987918\" data-id=\"4987918\" data-element_type=\"column\">\r\n\t\t\t\t\t<div class=\"elementor-widget-wrap elementor-element-populated\">\r\n\t\t\t\t\t\t\t\t<div class=\"elementor-element elementor-element-66a0a99 elementor-widget elementor-widget-heading\" data-id=\"66a0a99\" data-element_type=\"widget\" data-widget_type=\"heading.default\">\n\t\t\t\t<div class=\"elementor-widget-container\">\n\t\t\t\t\t<h1 class=\"elementor-heading-title elementor-size-default\">Project TERA_RED <\/h1>\t\t\t\t<\/div>\n\t\t\t\t<\/div>\n\t\t\t\t<div class=\"elementor-element elementor-element-90426e0 elementor-widget elementor-widget-text-editor\" data-id=\"90426e0\" data-element_type=\"widget\" data-widget_type=\"text-editor.default\">\n\t\t\t\t<div class=\"elementor-widget-container\">\n\t\t\t\t\t\t\t\t\t<div class=\"\"><span class=\"\" style=\"text-align: justify;\"><span style=\"font-family: Calibri, sans-serif; font-size: 14px;\"><span class=\"\" style=\"font-family: Calibri, sans-serif; text-align: justify; color: #212121;\">Projet TERA_RED (MIG-20221007) RECHERCHE DANS LES TECHNOLOGIES DE TRACTEURS COMME VOIE DE D\u00c9CHARBONISATION PAR LES R\u00c9SEAUX HYBRIDES D&#8217;\u00c9NERGIE RENOUVELABLE DE L&#8217;AVENIR subventionn\u00e9 par le <a href=\"https:\/\/www.cdti.es\/\">Centre pour le d\u00e9veloppement de la technologie industrielle (CDTI).<\/a><\/span> dans l&#8217;appel \u00e0 propositions pour le &#8220;Programme de missions scientifiques et d&#8217;innovation&#8221; en 2022, dans le cadre du plan national de relance, de transformation et de r\u00e9silience, qui b\u00e9n\u00e9ficiera d&#8217;un financement des fonds de l'&#8221;UE nouvelle g\u00e9n\u00e9ration&#8221;.<\/span><br \/><br \/><\/span><\/div><p style=\"text-align: justify;\"><span style=\"font-size: 14px;\">Dirig\u00e9 par VEOLIA, avec la participation de CURVADOS QUINT\u00cdN, GEOTER, INTARCON et KEYTER et avec la collaboration de CARTIF, CIEMAT et TECNALIA. Avec une dur\u00e9e de 2022 \u00e0 2025, un budget total de 5.142.271,00\u20ac et une subvention totale de 3.192.342,63\u20ac.<\/span><\/p><div class=\"\"><p class=\"\" style=\"text-align: justify;\">Le projet TERA_RED vise \u00e0 g\u00e9n\u00e9rer des connaissances scientifiques techniques sur les r\u00e9seaux \u00e0 tr\u00e8s basse temp\u00e9rature, \u00e9galement connus sous le nom de r\u00e9seaux anergie, neutres ou 5G, en appliquant la m\u00e9thode scientifique \u00e0 l&#8217;\u00e9chelle du laboratoire, \u00e0 la fois virtuelle et exp\u00e9rimentale, en \u00e9tudiant de mani\u00e8re exhaustive les diff\u00e9rentes technologies impliqu\u00e9es dans la distribution, la production, le stockage, la gestion et l&#8217;interaction avec d&#8217;autres r\u00e9seaux \u00e0 temp\u00e9rature plus \u00e9lev\u00e9e et les anneaux de refroidissement, afin de faire un bond en avant substantiel dans les connaissances disponibles dans leur conception, la gestion et l&#8217;interaction avec d&#8217;autres r\u00e9seaux et anneaux de refroidissement \u00e0 temp\u00e9rature plus \u00e9lev\u00e9e, afin de faire un saut substantiel dans les connaissances disponibles dans leur conception, leur gestion et leur fonctionnement, permettant d&#8217;am\u00e9liorer le positionnement de l&#8217;industrie espagnole dans un sc\u00e9nario de d\u00e9carbonisation de l&#8217;\u00e9conomie et d&#8217;\u00e9lectrification de la consommation d&#8217;\u00e9nergie dans le cadre d&#8217;une conception int\u00e9gr\u00e9e du syst\u00e8me \u00e9nerg\u00e9tique.<\/p><\/div>\t\t\t\t\t\t\t\t<\/div>\n\t\t\t\t<\/div>\n\t\t\t\t\t<\/div>\r\n\t\t\t\t<\/div>\r\n\t\t\t\t\t<\/div>\r\n\t\t\t\t<\/section>\r\n\t\t\t\t<section class=\"elementor-section elementor-top-section elementor-element elementor-element-f4d81d7 elementor-section-boxed elementor-section-height-default elementor-section-height-default\" data-id=\"f4d81d7\" data-element_type=\"section\">\r\n\t\t\r\n\t\t\t\t\t\t\t<div class=\"elementor-container elementor-column-gap-default\">\r\n\t\t\t\t\t\t\t\t\t\t\t<div class=\"elementor-column elementor-col-100 elementor-top-column elementor-element elementor-element-d8ac1fb\" data-id=\"d8ac1fb\" data-element_type=\"column\">\r\n\t\t\t\t\t<div class=\"elementor-widget-wrap elementor-element-populated\">\r\n\t\t\t\t\t\t\t\t<div class=\"elementor-element elementor-element-9088a65 elementor-widget elementor-widget-image\" data-id=\"9088a65\" data-element_type=\"widget\" data-widget_type=\"image.default\">\n\t\t\t\t<div class=\"elementor-widget-container\">\n\t\t\t\t\t\t\t\t\t\t\t\t\t\t\t<img decoding=\"async\" src=\"https:\/\/www.intarcon.com\/wp-content\/uploads\/elementor\/thumbs\/logo-cdti-q8qbe9nd13xpuxzsbyvgrhay0gi42z2jv21o19m02y.webp\" title=\"logo-cdti\" alt=\"logo-cdti\" loading=\"lazy\" \/>\t\t\t\t\t\t\t\t\t\t\t\t\t\t\t<\/div>\n\t\t\t\t<\/div>\n\t\t\t\t<div class=\"elementor-element elementor-element-d67df63 elementor-widget elementor-widget-image\" data-id=\"d67df63\" data-element_type=\"widget\" data-widget_type=\"image.default\">\n\t\t\t\t<div class=\"elementor-widget-container\">\n\t\t\t\t\t\t\t\t\t\t\t\t\t\t\t<img fetchpriority=\"high\" decoding=\"async\" width=\"2186\" height=\"352\" src=\"https:\/\/www.intarcon.com\/wp-content\/uploads\/2023\/04\/Proyecto-TERA_RED-1.webp\" class=\"attachment-large size-large wp-image-75917\" alt=\"Proyecto-TERA_RED\" srcset=\"https:\/\/www.intarcon.com\/wp-content\/uploads\/2023\/04\/Proyecto-TERA_RED-1.webp 2186w, https:\/\/www.intarcon.com\/wp-content\/uploads\/2023\/04\/Proyecto-TERA_RED-1-768x124.webp 768w, https:\/\/www.intarcon.com\/wp-content\/uploads\/2023\/04\/Proyecto-TERA_RED-1-1536x247.webp 1536w, https:\/\/www.intarcon.com\/wp-content\/uploads\/2023\/04\/Proyecto-TERA_RED-1-2048x330.webp 2048w, https:\/\/www.intarcon.com\/wp-content\/uploads\/2023\/04\/Proyecto-TERA_RED-1-640x103.webp 640w, https:\/\/www.intarcon.com\/wp-content\/uploads\/2023\/04\/Proyecto-TERA_RED-1-400x64.webp 400w, https:\/\/www.intarcon.com\/wp-content\/uploads\/2023\/04\/Proyecto-TERA_RED-1-367x59.webp 367w, https:\/\/www.intarcon.com\/wp-content\/uploads\/2023\/04\/Proyecto-TERA_RED-1-600x97.webp 600w\" sizes=\"(max-width: 2186px) 100vw, 2186px\" \/>\t\t\t\t\t\t\t\t\t\t\t\t\t\t\t<\/div>\n\t\t\t\t<\/div>\n\t\t\t\t\t<\/div>\r\n\t\t\t\t<\/div>\r\n\t\t\t\t\t<\/div>\r\n\t\t\t\t<\/section>\r\n\t\t\t\t<\/div>\n\t\t","protected":false},"excerpt":{"rendered":"<p>Project TERA_RED Projet TERA_RED (MIG-20221007) RECHERCHE DANS LES TECHNOLOGIES DE TRACTEURS COMME VOIE DE D\u00c9CHARBONISATION PAR LES R\u00c9SEAUX HYBRIDES D&#8217;\u00c9NERGIE RENOUVELABLE DE L&#8217;AVENIR subventionn\u00e9 par le Centre pour le d\u00e9veloppement de la technologie industrielle (CDTI). dans l&#8217;appel \u00e0 propositions pour le &#8220;Programme de missions scientifiques et d&#8217;innovation&#8221; en 2022, dans le cadre du plan national [&hellip;]<\/p>\n","protected":false},"author":2,"featured_media":0,"parent":0,"menu_order":0,"comment_status":"closed","ping_status":"closed","template":"","meta":{"footnotes":""},"class_list":["post-75927","page","type-page","status-publish","hentry"],"yoast_head":"<!-- This site is optimized with the Yoast SEO plugin v25.5 - https:\/\/yoast.com\/wordpress\/plugins\/seo\/ -->\n<title>&quot;TERA_RED&quot; project - INTARCON<\/title>\n<meta name=\"description\" content=\"En savoir plus sur notre nouveau projet TERA_RED, qui \u00e9tudiera les r\u00e9seaux \u00e0 tr\u00e8s basse temp\u00e9rature.\" \/>\n<meta name=\"robots\" content=\"index, follow, max-snippet:-1, max-image-preview:large, max-video-preview:-1\" \/>\n<link rel=\"canonical\" href=\"https:\/\/www.intarcon.com\/fr\/tera_red-project\/\" \/>\n<meta property=\"og:locale\" content=\"fr_FR\" \/>\n<meta property=\"og:type\" content=\"article\" \/>\n<meta property=\"og:title\" content=\"&quot;TERA_RED&quot; project - INTARCON\" \/>\n<meta property=\"og:description\" content=\"En savoir plus sur notre nouveau projet TERA_RED, qui \u00e9tudiera les r\u00e9seaux \u00e0 tr\u00e8s basse temp\u00e9rature.\" \/>\n<meta property=\"og:url\" content=\"https:\/\/www.intarcon.com\/fr\/tera_red-project\/\" \/>\n<meta property=\"og:site_name\" content=\"INTARCON\" \/>\n<meta property=\"article:publisher\" content=\"https:\/\/www.facebook.com\/intarcon\/\" \/>\n<meta property=\"article:modified_time\" content=\"2023-05-02T10:52:39+00:00\" \/>\n<meta property=\"og:image\" content=\"https:\/\/www.intarcon.com\/wp-content\/uploads\/elementor\/thumbs\/logo-cdti-q5v9ema1mwug02u3vkpy0ajm9d0huzis464ab9u19w.webp\" \/>\n<meta name=\"twitter:card\" content=\"summary_large_image\" \/>\n<meta name=\"twitter:site\" content=\"@Intarcon\" \/>\n<meta name=\"twitter:label1\" content=\"Est. reading time\" \/>\n\t<meta name=\"twitter:data1\" content=\"1 minute\" \/>\n<script type=\"application\/ld+json\" class=\"yoast-schema-graph\">{\"@context\":\"https:\/\/schema.org\",\"@graph\":[{\"@type\":\"WebPage\",\"@id\":\"https:\/\/www.intarcon.com\/fr\/tera_red-project\/\",\"url\":\"https:\/\/www.intarcon.com\/fr\/tera_red-project\/\",\"name\":\"\\\"TERA_RED\\\" project - INTARCON\",\"isPartOf\":{\"@id\":\"https:\/\/www.intarcon.com\/fr\/#website\"},\"primaryImageOfPage\":{\"@id\":\"https:\/\/www.intarcon.com\/fr\/tera_red-project\/#primaryimage\"},\"image\":{\"@id\":\"https:\/\/www.intarcon.com\/fr\/tera_red-project\/#primaryimage\"},\"thumbnailUrl\":\"https:\/\/www.intarcon.com\/wp-content\/uploads\/elementor\/thumbs\/logo-cdti-q5v9ema1mwug02u3vkpy0ajm9d0huzis464ab9u19w.webp\",\"datePublished\":\"2023-04-18T13:36:45+00:00\",\"dateModified\":\"2023-05-02T10:52:39+00:00\",\"description\":\"En savoir plus sur notre nouveau projet TERA_RED, qui \u00e9tudiera les r\u00e9seaux \u00e0 tr\u00e8s basse temp\u00e9rature.\",\"breadcrumb\":{\"@id\":\"https:\/\/www.intarcon.com\/fr\/tera_red-project\/#breadcrumb\"},\"inLanguage\":\"fr\",\"potentialAction\":[{\"@type\":\"ReadAction\",\"target\":[\"https:\/\/www.intarcon.com\/fr\/tera_red-project\/\"]}]},{\"@type\":\"ImageObject\",\"inLanguage\":\"fr\",\"@id\":\"https:\/\/www.intarcon.com\/fr\/tera_red-project\/#primaryimage\",\"url\":\"https:\/\/www.intarcon.com\/wp-content\/uploads\/elementor\/thumbs\/logo-cdti-q5v9ema1mwug02u3vkpy0ajm9d0huzis464ab9u19w.webp\",\"contentUrl\":\"https:\/\/www.intarcon.com\/wp-content\/uploads\/elementor\/thumbs\/logo-cdti-q5v9ema1mwug02u3vkpy0ajm9d0huzis464ab9u19w.webp\"},{\"@type\":\"BreadcrumbList\",\"@id\":\"https:\/\/www.intarcon.com\/fr\/tera_red-project\/#breadcrumb\",\"itemListElement\":[{\"@type\":\"ListItem\",\"position\":1,\"name\":\"Portada\",\"item\":\"https:\/\/www.intarcon.com\/fr\/\"},{\"@type\":\"ListItem\",\"position\":2,\"name\":\"&#8220;TERA_RED&#8221; project\"}]},{\"@type\":\"WebSite\",\"@id\":\"https:\/\/www.intarcon.com\/fr\/#website\",\"url\":\"https:\/\/www.intarcon.com\/fr\/\",\"name\":\"INTARCON\",\"description\":\"\",\"potentialAction\":[{\"@type\":\"SearchAction\",\"target\":{\"@type\":\"EntryPoint\",\"urlTemplate\":\"https:\/\/www.intarcon.com\/fr\/?s={search_term_string}\"},\"query-input\":{\"@type\":\"PropertyValueSpecification\",\"valueRequired\":true,\"valueName\":\"search_term_string\"}}],\"inLanguage\":\"fr\"}]}<\/script>\n<!-- \/ Yoast SEO plugin. -->","yoast_head_json":{"title":"\"TERA_RED\" project - INTARCON","description":"En savoir plus sur notre nouveau projet TERA_RED, qui \u00e9tudiera les r\u00e9seaux \u00e0 tr\u00e8s basse temp\u00e9rature.","robots":{"index":"index","follow":"follow","max-snippet":"max-snippet:-1","max-image-preview":"max-image-preview:large","max-video-preview":"max-video-preview:-1"},"canonical":"https:\/\/www.intarcon.com\/fr\/tera_red-project\/","og_locale":"fr_FR","og_type":"article","og_title":"\"TERA_RED\" project - INTARCON","og_description":"En savoir plus sur notre nouveau projet TERA_RED, qui \u00e9tudiera les r\u00e9seaux \u00e0 tr\u00e8s basse temp\u00e9rature.","og_url":"https:\/\/www.intarcon.com\/fr\/tera_red-project\/","og_site_name":"INTARCON","article_publisher":"https:\/\/www.facebook.com\/intarcon\/","article_modified_time":"2023-05-02T10:52:39+00:00","og_image":[{"url":"https:\/\/www.intarcon.com\/wp-content\/uploads\/elementor\/thumbs\/logo-cdti-q5v9ema1mwug02u3vkpy0ajm9d0huzis464ab9u19w.webp","type":"","width":"","height":""}],"twitter_card":"summary_large_image","twitter_site":"@Intarcon","twitter_misc":{"Est. reading time":"1 minute"},"schema":{"@context":"https:\/\/schema.org","@graph":[{"@type":"WebPage","@id":"https:\/\/www.intarcon.com\/fr\/tera_red-project\/","url":"https:\/\/www.intarcon.com\/fr\/tera_red-project\/","name":"\"TERA_RED\" project - INTARCON","isPartOf":{"@id":"https:\/\/www.intarcon.com\/fr\/#website"},"primaryImageOfPage":{"@id":"https:\/\/www.intarcon.com\/fr\/tera_red-project\/#primaryimage"},"image":{"@id":"https:\/\/www.intarcon.com\/fr\/tera_red-project\/#primaryimage"},"thumbnailUrl":"https:\/\/www.intarcon.com\/wp-content\/uploads\/elementor\/thumbs\/logo-cdti-q5v9ema1mwug02u3vkpy0ajm9d0huzis464ab9u19w.webp","datePublished":"2023-04-18T13:36:45+00:00","dateModified":"2023-05-02T10:52:39+00:00","description":"En savoir plus sur notre nouveau projet TERA_RED, qui \u00e9tudiera les r\u00e9seaux \u00e0 tr\u00e8s basse temp\u00e9rature.","breadcrumb":{"@id":"https:\/\/www.intarcon.com\/fr\/tera_red-project\/#breadcrumb"},"inLanguage":"fr","potentialAction":[{"@type":"ReadAction","target":["https:\/\/www.intarcon.com\/fr\/tera_red-project\/"]}]},{"@type":"ImageObject","inLanguage":"fr","@id":"https:\/\/www.intarcon.com\/fr\/tera_red-project\/#primaryimage","url":"https:\/\/www.intarcon.com\/wp-content\/uploads\/elementor\/thumbs\/logo-cdti-q5v9ema1mwug02u3vkpy0ajm9d0huzis464ab9u19w.webp","contentUrl":"https:\/\/www.intarcon.com\/wp-content\/uploads\/elementor\/thumbs\/logo-cdti-q5v9ema1mwug02u3vkpy0ajm9d0huzis464ab9u19w.webp"},{"@type":"BreadcrumbList","@id":"https:\/\/www.intarcon.com\/fr\/tera_red-project\/#breadcrumb","itemListElement":[{"@type":"ListItem","position":1,"name":"Portada","item":"https:\/\/www.intarcon.com\/fr\/"},{"@type":"ListItem","position":2,"name":"&#8220;TERA_RED&#8221; project"}]},{"@type":"WebSite","@id":"https:\/\/www.intarcon.com\/fr\/#website","url":"https:\/\/www.intarcon.com\/fr\/","name":"INTARCON","description":"","potentialAction":[{"@type":"SearchAction","target":{"@type":"EntryPoint","urlTemplate":"https:\/\/www.intarcon.com\/fr\/?s={search_term_string}"},"query-input":{"@type":"PropertyValueSpecification","valueRequired":true,"valueName":"search_term_string"}}],"inLanguage":"fr"}]}},"_links":{"self":[{"href":"https:\/\/www.intarcon.com\/fr\/wp-json\/wp\/v2\/pages\/75927","targetHints":{"allow":["GET"]}}],"collection":[{"href":"https:\/\/www.intarcon.com\/fr\/wp-json\/wp\/v2\/pages"}],"about":[{"href":"https:\/\/www.intarcon.com\/fr\/wp-json\/wp\/v2\/types\/page"}],"author":[{"embeddable":true,"href":"https:\/\/www.intarcon.com\/fr\/wp-json\/wp\/v2\/users\/2"}],"replies":[{"embeddable":true,"href":"https:\/\/www.intarcon.com\/fr\/wp-json\/wp\/v2\/comments?post=75927"}],"version-history":[{"count":0,"href":"https:\/\/www.intarcon.com\/fr\/wp-json\/wp\/v2\/pages\/75927\/revisions"}],"wp:attachment":[{"href":"https:\/\/www.intarcon.com\/fr\/wp-json\/wp\/v2\/media?parent=75927"}],"curies":[{"name":"wp","href":"https:\/\/api.w.org\/{rel}","templated":true}]}}