{"id":51757,"date":"2020-11-16T15:59:41","date_gmt":"2020-11-16T13:59:41","guid":{"rendered":"https:\/\/www.intarcon.com\/proyecto-aumento-competitividad-capacidad-produccion\/"},"modified":"2022-03-04T13:54:52","modified_gmt":"2022-03-04T11:54:52","slug":"projet-augmentation-de-la-competitivite-capacite-de-production","status":"publish","type":"page","link":"https:\/\/www.intarcon.com\/fr\/projet-augmentation-de-la-competitivite-capacite-de-production\/","title":{"rendered":"Augmenter la comp\u00e9titivit\u00e9 et la capacit\u00e9 de production dans l&#8217;usine de fabrication d&#8217;\u00e9quipements de r\u00e9frig\u00e9ration industrielle."},"content":{"rendered":"\t\t<div data-elementor-type=\"wp-page\" data-elementor-id=\"51757\" class=\"elementor elementor-51757 elementor-20827\" data-elementor-post-type=\"page\">\n\t\t\t\t\t\t<section class=\"elementor-section elementor-top-section elementor-element elementor-element-2a9c7cca elementor-section-boxed elementor-section-height-default elementor-section-height-default\" data-id=\"2a9c7cca\" data-element_type=\"section\">\r\n\t\t\r\n\t\t\t\t\t\t\t<div class=\"elementor-container elementor-column-gap-default\">\r\n\t\t\t\t\t\t\t\t\t\t\t<div class=\"elementor-column elementor-col-100 elementor-top-column elementor-element elementor-element-1f349231\" data-id=\"1f349231\" data-element_type=\"column\">\r\n\t\t\t\t\t<div class=\"elementor-widget-wrap elementor-element-populated\">\r\n\t\t\t\t\t\t\t\t<div class=\"elementor-element elementor-element-174906df elementor-widget elementor-widget-text-editor\" data-id=\"174906df\" data-element_type=\"widget\" data-widget_type=\"text-editor.default\">\n\t\t\t\t<div class=\"elementor-widget-container\">\n\t\t\t\t\t\t\t\t\t<p>Une incitation a \u00e9t\u00e9 re\u00e7ue de la part de l&#8217;Agence d&#8217;Innovation et de D\u00e9veloppement d&#8217;Andalousie IDEA, du Gouvernement R\u00e9gional d&#8217;Andalousie, pour un montant de 201.250,00 euros, cofinanc\u00e9 \u00e0 80% par l&#8217;Union Europ\u00e9enne \u00e0 travers le Fonds Europ\u00e9en de D\u00e9veloppement R\u00e9gional, FEDER pour la mise en \u0153uvre du projet &#8220;Augmentation de la comp\u00e9titivit\u00e9 et de la capacit\u00e9 de production dans l&#8217;usine de fabrication d&#8217;\u00e9quipements de r\u00e9frig\u00e9ration industrielle&#8221;, avec l&#8217;objectif d'&#8221;Atteindre un tissu d&#8217;entreprises plus comp\u00e9titif&#8221;.<br \/><img fetchpriority=\"high\" decoding=\"async\" class=\"aligncenter wp-image-20117 size-full\" src=\"https:\/\/www.intarcon.com\/wp-content\/uploads\/2020\/07\/Proyecto-ERP.png\" alt=\"Aumento competitividad y capacidad\" width=\"698\" height=\"141\" srcset=\"https:\/\/www.intarcon.com\/wp-content\/uploads\/2020\/07\/Proyecto-ERP.png 698w, https:\/\/www.intarcon.com\/wp-content\/uploads\/2020\/07\/Proyecto-ERP-640x129.png 640w, https:\/\/www.intarcon.com\/wp-content\/uploads\/2020\/07\/Proyecto-ERP-400x81.png 400w, https:\/\/www.intarcon.com\/wp-content\/uploads\/2020\/07\/Proyecto-ERP-367x74.png 367w, https:\/\/www.intarcon.com\/wp-content\/uploads\/2020\/07\/Proyecto-ERP-600x121.png 600w\" sizes=\"(max-width: 698px) 100vw, 698px\" \/><\/p>\t\t\t\t\t\t\t\t<\/div>\n\t\t\t\t<\/div>\n\t\t\t\t\t<\/div>\r\n\t\t\t\t<\/div>\r\n\t\t\t\t\t<\/div>\r\n\t\t\t\t<\/section>\r\n\t\t\t\t<\/div>\n\t\t","protected":false},"excerpt":{"rendered":"<p>Une incitation a \u00e9t\u00e9 re\u00e7ue de la part de l&#8217;Agence d&#8217;Innovation et de D\u00e9veloppement d&#8217;Andalousie IDEA, du Gouvernement R\u00e9gional d&#8217;Andalousie, pour un montant de 201.250,00 euros, cofinanc\u00e9 \u00e0 80% par l&#8217;Union Europ\u00e9enne \u00e0 travers le Fonds Europ\u00e9en de D\u00e9veloppement R\u00e9gional, FEDER pour la mise en \u0153uvre du projet &#8220;Augmentation de la comp\u00e9titivit\u00e9 et de la [&hellip;]<\/p>\n","protected":false},"author":3,"featured_media":0,"parent":0,"menu_order":0,"comment_status":"closed","ping_status":"closed","template":"","meta":{"footnotes":""},"class_list":["post-51757","page","type-page","status-publish","hentry"],"yoast_head":"<!-- This site is optimized with the Yoast SEO plugin v27.5 - https:\/\/yoast.com\/product\/yoast-seo-wordpress\/ -->\n<title>Augmenter la comp\u00e9titivit\u00e9 et la capacit\u00e9 de production - INTARCON<\/title>\n<meta name=\"description\" content=\"Une incitation a \u00e9t\u00e9 re\u00e7ue de l&#039;Agence pour l&#039;innovation et le d\u00e9veloppement de l&#039;Andalousie pour augmenter la comp\u00e9titivit\u00e9 et la capacit\u00e9.\" \/>\n<meta name=\"robots\" content=\"index, follow, max-snippet:-1, max-image-preview:large, max-video-preview:-1\" \/>\n<link rel=\"canonical\" href=\"https:\/\/www.intarcon.com\/fr\/projet-augmentation-de-la-competitivite-capacite-de-production\/\" \/>\n<meta property=\"og:locale\" content=\"fr_FR\" \/>\n<meta property=\"og:type\" content=\"article\" \/>\n<meta property=\"og:title\" content=\"Augmenter la comp\u00e9titivit\u00e9 et la capacit\u00e9 de production - INTARCON\" \/>\n<meta property=\"og:description\" content=\"Une incitation a \u00e9t\u00e9 re\u00e7ue de l&#039;Agence pour l&#039;innovation et le d\u00e9veloppement de l&#039;Andalousie pour augmenter la comp\u00e9titivit\u00e9 et la capacit\u00e9.\" \/>\n<meta property=\"og:url\" content=\"https:\/\/www.intarcon.com\/fr\/projet-augmentation-de-la-competitivite-capacite-de-production\/\" \/>\n<meta property=\"og:site_name\" content=\"INTARCON\" \/>\n<meta property=\"article:publisher\" content=\"https:\/\/www.facebook.com\/intarcon\/\" \/>\n<meta property=\"article:modified_time\" content=\"2022-03-04T11:54:52+00:00\" \/>\n<meta property=\"og:image\" content=\"https:\/\/www.intarcon.com\/wp-content\/uploads\/2020\/07\/Proyecto-ERP.png\" \/>\n<meta name=\"twitter:card\" content=\"summary_large_image\" \/>\n<meta name=\"twitter:site\" content=\"@Intarcon\" \/>\n<meta name=\"twitter:label1\" content=\"Est. reading time\" \/>\n\t<meta name=\"twitter:data1\" content=\"1 minute\" \/>\n<script type=\"application\/ld+json\" class=\"yoast-schema-graph\">{\"@context\":\"https:\\\/\\\/schema.org\",\"@graph\":[{\"@type\":\"WebPage\",\"@id\":\"https:\\\/\\\/www.intarcon.com\\\/fr\\\/projet-augmentation-de-la-competitivite-capacite-de-production\\\/\",\"url\":\"https:\\\/\\\/www.intarcon.com\\\/fr\\\/projet-augmentation-de-la-competitivite-capacite-de-production\\\/\",\"name\":\"Augmenter la comp\u00e9titivit\u00e9 et la capacit\u00e9 de production - INTARCON\",\"isPartOf\":{\"@id\":\"https:\\\/\\\/www.intarcon.com\\\/fr\\\/#website\"},\"primaryImageOfPage\":{\"@id\":\"https:\\\/\\\/www.intarcon.com\\\/fr\\\/projet-augmentation-de-la-competitivite-capacite-de-production\\\/#primaryimage\"},\"image\":{\"@id\":\"https:\\\/\\\/www.intarcon.com\\\/fr\\\/projet-augmentation-de-la-competitivite-capacite-de-production\\\/#primaryimage\"},\"thumbnailUrl\":\"https:\\\/\\\/www.intarcon.com\\\/wp-content\\\/uploads\\\/2020\\\/07\\\/Proyecto-ERP.png\",\"datePublished\":\"2020-11-16T13:59:41+00:00\",\"dateModified\":\"2022-03-04T11:54:52+00:00\",\"description\":\"Une incitation a \u00e9t\u00e9 re\u00e7ue de l'Agence pour l'innovation et le d\u00e9veloppement de l'Andalousie pour augmenter la comp\u00e9titivit\u00e9 et la capacit\u00e9.\",\"breadcrumb\":{\"@id\":\"https:\\\/\\\/www.intarcon.com\\\/fr\\\/projet-augmentation-de-la-competitivite-capacite-de-production\\\/#breadcrumb\"},\"inLanguage\":\"fr\",\"potentialAction\":[{\"@type\":\"ReadAction\",\"target\":[\"https:\\\/\\\/www.intarcon.com\\\/fr\\\/projet-augmentation-de-la-competitivite-capacite-de-production\\\/\"]}]},{\"@type\":\"ImageObject\",\"inLanguage\":\"fr\",\"@id\":\"https:\\\/\\\/www.intarcon.com\\\/fr\\\/projet-augmentation-de-la-competitivite-capacite-de-production\\\/#primaryimage\",\"url\":\"https:\\\/\\\/www.intarcon.com\\\/wp-content\\\/uploads\\\/2020\\\/07\\\/Proyecto-ERP.png\",\"contentUrl\":\"https:\\\/\\\/www.intarcon.com\\\/wp-content\\\/uploads\\\/2020\\\/07\\\/Proyecto-ERP.png\"},{\"@type\":\"BreadcrumbList\",\"@id\":\"https:\\\/\\\/www.intarcon.com\\\/fr\\\/projet-augmentation-de-la-competitivite-capacite-de-production\\\/#breadcrumb\",\"itemListElement\":[{\"@type\":\"ListItem\",\"position\":1,\"name\":\"Portada\",\"item\":\"https:\\\/\\\/www.intarcon.com\\\/fr\\\/\"},{\"@type\":\"ListItem\",\"position\":2,\"name\":\"Augmenter la comp\u00e9titivit\u00e9 et la capacit\u00e9 de production dans l&#8217;usine de fabrication d&#8217;\u00e9quipements de r\u00e9frig\u00e9ration industrielle.\"}]},{\"@type\":\"WebSite\",\"@id\":\"https:\\\/\\\/www.intarcon.com\\\/fr\\\/#website\",\"url\":\"https:\\\/\\\/www.intarcon.com\\\/fr\\\/\",\"name\":\"INTARCON\",\"description\":\"\",\"potentialAction\":[{\"@type\":\"SearchAction\",\"target\":{\"@type\":\"EntryPoint\",\"urlTemplate\":\"https:\\\/\\\/www.intarcon.com\\\/fr\\\/?s={search_term_string}\"},\"query-input\":{\"@type\":\"PropertyValueSpecification\",\"valueRequired\":true,\"valueName\":\"search_term_string\"}}],\"inLanguage\":\"fr\"}]}<\/script>\n<!-- \/ Yoast SEO plugin. -->","yoast_head_json":{"title":"Augmenter la comp\u00e9titivit\u00e9 et la capacit\u00e9 de production - INTARCON","description":"Une incitation a \u00e9t\u00e9 re\u00e7ue de l'Agence pour l'innovation et le d\u00e9veloppement de l'Andalousie pour augmenter la comp\u00e9titivit\u00e9 et la capacit\u00e9.","robots":{"index":"index","follow":"follow","max-snippet":"max-snippet:-1","max-image-preview":"max-image-preview:large","max-video-preview":"max-video-preview:-1"},"canonical":"https:\/\/www.intarcon.com\/fr\/projet-augmentation-de-la-competitivite-capacite-de-production\/","og_locale":"fr_FR","og_type":"article","og_title":"Augmenter la comp\u00e9titivit\u00e9 et la capacit\u00e9 de production - INTARCON","og_description":"Une incitation a \u00e9t\u00e9 re\u00e7ue de l'Agence pour l'innovation et le d\u00e9veloppement de l'Andalousie pour augmenter la comp\u00e9titivit\u00e9 et la capacit\u00e9.","og_url":"https:\/\/www.intarcon.com\/fr\/projet-augmentation-de-la-competitivite-capacite-de-production\/","og_site_name":"INTARCON","article_publisher":"https:\/\/www.facebook.com\/intarcon\/","article_modified_time":"2022-03-04T11:54:52+00:00","og_image":[{"url":"https:\/\/www.intarcon.com\/wp-content\/uploads\/2020\/07\/Proyecto-ERP.png","type":"","width":"","height":""}],"twitter_card":"summary_large_image","twitter_site":"@Intarcon","twitter_misc":{"Est. reading time":"1 minute"},"schema":{"@context":"https:\/\/schema.org","@graph":[{"@type":"WebPage","@id":"https:\/\/www.intarcon.com\/fr\/projet-augmentation-de-la-competitivite-capacite-de-production\/","url":"https:\/\/www.intarcon.com\/fr\/projet-augmentation-de-la-competitivite-capacite-de-production\/","name":"Augmenter la comp\u00e9titivit\u00e9 et la capacit\u00e9 de production - INTARCON","isPartOf":{"@id":"https:\/\/www.intarcon.com\/fr\/#website"},"primaryImageOfPage":{"@id":"https:\/\/www.intarcon.com\/fr\/projet-augmentation-de-la-competitivite-capacite-de-production\/#primaryimage"},"image":{"@id":"https:\/\/www.intarcon.com\/fr\/projet-augmentation-de-la-competitivite-capacite-de-production\/#primaryimage"},"thumbnailUrl":"https:\/\/www.intarcon.com\/wp-content\/uploads\/2020\/07\/Proyecto-ERP.png","datePublished":"2020-11-16T13:59:41+00:00","dateModified":"2022-03-04T11:54:52+00:00","description":"Une incitation a \u00e9t\u00e9 re\u00e7ue de l'Agence pour l'innovation et le d\u00e9veloppement de l'Andalousie pour augmenter la comp\u00e9titivit\u00e9 et la capacit\u00e9.","breadcrumb":{"@id":"https:\/\/www.intarcon.com\/fr\/projet-augmentation-de-la-competitivite-capacite-de-production\/#breadcrumb"},"inLanguage":"fr","potentialAction":[{"@type":"ReadAction","target":["https:\/\/www.intarcon.com\/fr\/projet-augmentation-de-la-competitivite-capacite-de-production\/"]}]},{"@type":"ImageObject","inLanguage":"fr","@id":"https:\/\/www.intarcon.com\/fr\/projet-augmentation-de-la-competitivite-capacite-de-production\/#primaryimage","url":"https:\/\/www.intarcon.com\/wp-content\/uploads\/2020\/07\/Proyecto-ERP.png","contentUrl":"https:\/\/www.intarcon.com\/wp-content\/uploads\/2020\/07\/Proyecto-ERP.png"},{"@type":"BreadcrumbList","@id":"https:\/\/www.intarcon.com\/fr\/projet-augmentation-de-la-competitivite-capacite-de-production\/#breadcrumb","itemListElement":[{"@type":"ListItem","position":1,"name":"Portada","item":"https:\/\/www.intarcon.com\/fr\/"},{"@type":"ListItem","position":2,"name":"Augmenter la comp\u00e9titivit\u00e9 et la capacit\u00e9 de production dans l&#8217;usine de fabrication d&#8217;\u00e9quipements de r\u00e9frig\u00e9ration industrielle."}]},{"@type":"WebSite","@id":"https:\/\/www.intarcon.com\/fr\/#website","url":"https:\/\/www.intarcon.com\/fr\/","name":"INTARCON","description":"","potentialAction":[{"@type":"SearchAction","target":{"@type":"EntryPoint","urlTemplate":"https:\/\/www.intarcon.com\/fr\/?s={search_term_string}"},"query-input":{"@type":"PropertyValueSpecification","valueRequired":true,"valueName":"search_term_string"}}],"inLanguage":"fr"}]}},"_links":{"self":[{"href":"https:\/\/www.intarcon.com\/fr\/wp-json\/wp\/v2\/pages\/51757","targetHints":{"allow":["GET"]}}],"collection":[{"href":"https:\/\/www.intarcon.com\/fr\/wp-json\/wp\/v2\/pages"}],"about":[{"href":"https:\/\/www.intarcon.com\/fr\/wp-json\/wp\/v2\/types\/page"}],"author":[{"embeddable":true,"href":"https:\/\/www.intarcon.com\/fr\/wp-json\/wp\/v2\/users\/3"}],"replies":[{"embeddable":true,"href":"https:\/\/www.intarcon.com\/fr\/wp-json\/wp\/v2\/comments?post=51757"}],"version-history":[{"count":0,"href":"https:\/\/www.intarcon.com\/fr\/wp-json\/wp\/v2\/pages\/51757\/revisions"}],"wp:attachment":[{"href":"https:\/\/www.intarcon.com\/fr\/wp-json\/wp\/v2\/media?parent=51757"}],"curies":[{"name":"wp","href":"https:\/\/api.w.org\/{rel}","templated":true}]}}