{"id":51736,"date":"2021-09-21T16:52:28","date_gmt":"2021-09-21T14:52:28","guid":{"rendered":"https:\/\/www.intarcon.com\/proyecto-indira\/"},"modified":"2022-03-04T13:31:48","modified_gmt":"2022-03-04T11:31:48","slug":"projet-indira","status":"publish","type":"page","link":"https:\/\/www.intarcon.com\/fr\/projet-indira\/","title":{"rendered":"Projet INDIRA"},"content":{"rendered":"\t\t<div data-elementor-type=\"wp-page\" data-elementor-id=\"51736\" class=\"elementor elementor-51736 elementor-34028\" data-elementor-post-type=\"page\">\n\t\t\t\t\t\t<section class=\"elementor-section elementor-top-section elementor-element elementor-element-e9d317e elementor-section-boxed elementor-section-height-default elementor-section-height-default\" data-id=\"e9d317e\" data-element_type=\"section\">\r\n\t\t\r\n\t\t\t\t\t\t\t<div class=\"elementor-container elementor-column-gap-default\">\r\n\t\t\t\t\t\t\t\t\t\t\t<div class=\"elementor-column elementor-col-100 elementor-top-column elementor-element elementor-element-ab09cb6\" data-id=\"ab09cb6\" data-element_type=\"column\">\r\n\t\t\t\t\t<div class=\"elementor-widget-wrap elementor-element-populated\">\r\n\t\t\t\t\t\t\t\t<div class=\"elementor-element elementor-element-88cea39 elementor-widget elementor-widget-image\" data-id=\"88cea39\" data-element_type=\"widget\" data-widget_type=\"image.default\">\n\t\t\t\t<div class=\"elementor-widget-container\">\n\t\t\t\t\t\t\t\t\t\t\t\t\t\t\t<img fetchpriority=\"high\" decoding=\"async\" width=\"1100\" height=\"777\" src=\"https:\/\/www.intarcon.com\/wp-content\/uploads\/2021\/09\/Desarrollo-Regional-FEDER.jpg\" class=\"elementor-animation-shrink attachment-large size-large wp-image-34035\" alt=\"Desarrollo Regional FEDER\" srcset=\"https:\/\/www.intarcon.com\/wp-content\/uploads\/2021\/09\/Desarrollo-Regional-FEDER.jpg 1100w, https:\/\/www.intarcon.com\/wp-content\/uploads\/2021\/09\/Desarrollo-Regional-FEDER-768x542.jpg 768w, https:\/\/www.intarcon.com\/wp-content\/uploads\/2021\/09\/Desarrollo-Regional-FEDER-640x452.jpg 640w, https:\/\/www.intarcon.com\/wp-content\/uploads\/2021\/09\/Desarrollo-Regional-FEDER-400x283.jpg 400w, https:\/\/www.intarcon.com\/wp-content\/uploads\/2021\/09\/Desarrollo-Regional-FEDER-367x259.jpg 367w, https:\/\/www.intarcon.com\/wp-content\/uploads\/2021\/09\/Desarrollo-Regional-FEDER-600x424.jpg 600w\" sizes=\"(max-width: 1100px) 100vw, 1100px\" \/>\t\t\t\t\t\t\t\t\t\t\t\t\t\t\t<\/div>\n\t\t\t\t<\/div>\n\t\t\t\t\t<\/div>\r\n\t\t\t\t<\/div>\r\n\t\t\t\t\t<\/div>\r\n\t\t\t\t<\/section>\r\n\t\t\t\t<section class=\"elementor-section elementor-top-section elementor-element elementor-element-fe4498a elementor-section-boxed elementor-section-height-default elementor-section-height-default\" data-id=\"fe4498a\" data-element_type=\"section\">\r\n\t\t\r\n\t\t\t\t\t\t\t<div class=\"elementor-container elementor-column-gap-default\">\r\n\t\t\t\t\t\t\t\t\t\t\t<div class=\"elementor-column elementor-col-100 elementor-top-column elementor-element elementor-element-e648c27\" data-id=\"e648c27\" data-element_type=\"column\">\r\n\t\t\t\t\t<div class=\"elementor-widget-wrap elementor-element-populated\">\r\n\t\t\t\t\t\t\t\t<div class=\"elementor-element elementor-element-0cab0f5 elementor-widget elementor-widget-heading\" data-id=\"0cab0f5\" data-element_type=\"widget\" data-widget_type=\"heading.default\">\n\t\t\t\t<div class=\"elementor-widget-container\">\n\t\t\t\t\t<h1 class=\"elementor-heading-title elementor-size-default\">Projet INDIRA<\/h1>\t\t\t\t<\/div>\n\t\t\t\t<\/div>\n\t\t\t\t<div class=\"elementor-element elementor-element-51422c9 elementor-widget elementor-widget-heading\" data-id=\"51422c9\" data-element_type=\"widget\" data-widget_type=\"heading.default\">\n\t\t\t\t<div class=\"elementor-widget-container\">\n\t\t\t\t\t<h2 class=\"elementor-heading-title elementor-size-default\">Recherche et d\u00e9veloppement d'un produit innovant en r\u00e9frig\u00e9ration industrielle \u00e0 base de R-717\" (INDIRA)<\/h2>\t\t\t\t<\/div>\n\t\t\t\t<\/div>\n\t\t\t\t<div class=\"elementor-element elementor-element-6d9121b elementor-widget elementor-widget-text-editor\" data-id=\"6d9121b\" data-element_type=\"widget\" data-widget_type=\"text-editor.default\">\n\t\t\t\t<div class=\"elementor-widget-container\">\n\t\t\t\t\t\t\t\t\t<p>L&#8217;entit\u00e9 publique <strong>CDTi<\/strong> (Centre pour le d\u00e9veloppement technologique industriel) du minist\u00e8re des sciences, de l&#8217;innovation et des universit\u00e9s, promeut la recherche et le d\u00e9veloppement technologique des entreprises R+D. Le <strong>CDTi<\/strong> t\u00e9moigne de son soutien en accordant \u00e0 nouveau \u00e0 notre organisation une subvention pour la r\u00e9alisation du projet : <strong>&#8220;Recherche et d\u00e9veloppement d&#8217;un produit innovant en r\u00e9frig\u00e9ration industrielle \u00e0 base de R-717&#8221; (INDIRA).<\/strong><\/p><p>Ce projet se concentre sur le d\u00e9veloppement de la technologie des \u00e9quipements de r\u00e9frig\u00e9ration utilisant l&#8217;ammoniac comme r\u00e9frig\u00e9rant. La n\u00e9cessit\u00e9 de r\u00e9duire l&#8217;impact des syst\u00e8mes de r\u00e9frig\u00e9ration sur le climat, gr\u00e2ce \u00e0 l&#8217;utilisation de r\u00e9frig\u00e9rants moins polluants, ainsi que l&#8217;utilisation d&#8217;installations plus efficaces, sont \u00e0 l&#8217;origine du d\u00e9veloppement d&#8217;applications de moyenne et faible puissance avec des r\u00e9frig\u00e9rants tels que l&#8217;ammoniac (R717), qui n&#8217;ont traditionnellement \u00e9t\u00e9 utilis\u00e9s que dans des installations industrielles importantes et complexes.Cependant, la possibilit\u00e9 de simplifier ces syst\u00e8mes pour les adapter aux besoins du march\u00e9 de la moyenne puissance dans une installation semi-industrielle ouvre la porte \u00e0 de nombreuses possibilit\u00e9s de r\u00e9duction de l&#8217;impact environnemental des syst\u00e8mes de r\u00e9frig\u00e9ration.<\/p>\t\t\t\t\t\t\t\t<\/div>\n\t\t\t\t<\/div>\n\t\t\t\t\t<\/div>\r\n\t\t\t\t<\/div>\r\n\t\t\t\t\t<\/div>\r\n\t\t\t\t<\/section>\r\n\t\t\t\t<\/div>\n\t\t","protected":false},"excerpt":{"rendered":"<p>Projet INDIRA Recherche et d\u00e9veloppement d&#8217;un produit innovant en r\u00e9frig\u00e9ration industrielle \u00e0 base de R-717&#8243; (INDIRA) L&#8217;entit\u00e9 publique CDTi (Centre pour le d\u00e9veloppement technologique industriel) du minist\u00e8re des sciences, de l&#8217;innovation et des universit\u00e9s, promeut la recherche et le d\u00e9veloppement technologique des entreprises R+D. Le CDTi t\u00e9moigne de son soutien en accordant \u00e0 nouveau \u00e0 [&hellip;]<\/p>\n","protected":false},"author":2,"featured_media":34035,"parent":0,"menu_order":0,"comment_status":"closed","ping_status":"closed","template":"","meta":{"footnotes":""},"class_list":["post-51736","page","type-page","status-publish","has-post-thumbnail","hentry"],"yoast_head":"<!-- This site is optimized with the Yoast SEO plugin v25.5 - https:\/\/yoast.com\/wordpress\/plugins\/seo\/ -->\n<title>Projet INDIRA - INTARCON<\/title>\n<meta name=\"description\" content=\"Le CDTi montre son soutien en accordant \u00e0 nouveau une subvention \u00e0 notre organisation pour la r\u00e9alisation du projet bas\u00e9 sur le R-717&quot; (INDIRA).\" \/>\n<meta name=\"robots\" content=\"index, follow, max-snippet:-1, max-image-preview:large, max-video-preview:-1\" \/>\n<link rel=\"canonical\" href=\"https:\/\/www.intarcon.com\/fr\/projet-indira\/\" \/>\n<meta property=\"og:locale\" content=\"fr_FR\" \/>\n<meta property=\"og:type\" content=\"article\" \/>\n<meta property=\"og:title\" content=\"Projet INDIRA - INTARCON\" \/>\n<meta property=\"og:description\" content=\"Le CDTi montre son soutien en accordant \u00e0 nouveau une subvention \u00e0 notre organisation pour la r\u00e9alisation du projet bas\u00e9 sur le R-717&quot; (INDIRA).\" \/>\n<meta property=\"og:url\" content=\"https:\/\/www.intarcon.com\/fr\/projet-indira\/\" \/>\n<meta property=\"og:site_name\" content=\"INTARCON\" \/>\n<meta property=\"article:publisher\" content=\"https:\/\/www.facebook.com\/intarcon\/\" \/>\n<meta property=\"article:modified_time\" content=\"2022-03-04T11:31:48+00:00\" \/>\n<meta property=\"og:image\" content=\"https:\/\/www.intarcon.com\/wp-content\/uploads\/2021\/09\/Desarrollo-Regional-FEDER.jpg\" \/>\n\t<meta property=\"og:image:width\" content=\"1100\" \/>\n\t<meta property=\"og:image:height\" content=\"777\" \/>\n\t<meta property=\"og:image:type\" content=\"image\/jpeg\" \/>\n<meta name=\"twitter:card\" content=\"summary_large_image\" \/>\n<meta name=\"twitter:site\" content=\"@Intarcon\" \/>\n<meta name=\"twitter:label1\" content=\"Est. reading time\" \/>\n\t<meta name=\"twitter:data1\" content=\"2 minutes\" \/>\n<script type=\"application\/ld+json\" class=\"yoast-schema-graph\">{\"@context\":\"https:\/\/schema.org\",\"@graph\":[{\"@type\":\"WebPage\",\"@id\":\"https:\/\/www.intarcon.com\/fr\/projet-indira\/\",\"url\":\"https:\/\/www.intarcon.com\/fr\/projet-indira\/\",\"name\":\"Projet INDIRA - INTARCON\",\"isPartOf\":{\"@id\":\"https:\/\/www.intarcon.com\/fr\/#website\"},\"primaryImageOfPage\":{\"@id\":\"https:\/\/www.intarcon.com\/fr\/projet-indira\/#primaryimage\"},\"image\":{\"@id\":\"https:\/\/www.intarcon.com\/fr\/projet-indira\/#primaryimage\"},\"thumbnailUrl\":\"https:\/\/www.intarcon.com\/wp-content\/uploads\/2021\/09\/Desarrollo-Regional-FEDER.jpg\",\"datePublished\":\"2021-09-21T14:52:28+00:00\",\"dateModified\":\"2022-03-04T11:31:48+00:00\",\"description\":\"Le CDTi montre son soutien en accordant \u00e0 nouveau une subvention \u00e0 notre organisation pour la r\u00e9alisation du projet bas\u00e9 sur le R-717\\\" (INDIRA).\",\"breadcrumb\":{\"@id\":\"https:\/\/www.intarcon.com\/fr\/projet-indira\/#breadcrumb\"},\"inLanguage\":\"fr\",\"potentialAction\":[{\"@type\":\"ReadAction\",\"target\":[\"https:\/\/www.intarcon.com\/fr\/projet-indira\/\"]}]},{\"@type\":\"ImageObject\",\"inLanguage\":\"fr\",\"@id\":\"https:\/\/www.intarcon.com\/fr\/projet-indira\/#primaryimage\",\"url\":\"https:\/\/www.intarcon.com\/wp-content\/uploads\/2021\/09\/Desarrollo-Regional-FEDER.jpg\",\"contentUrl\":\"https:\/\/www.intarcon.com\/wp-content\/uploads\/2021\/09\/Desarrollo-Regional-FEDER.jpg\",\"width\":1100,\"height\":777,\"caption\":\"Desarrollo Regional FEDER\"},{\"@type\":\"BreadcrumbList\",\"@id\":\"https:\/\/www.intarcon.com\/fr\/projet-indira\/#breadcrumb\",\"itemListElement\":[{\"@type\":\"ListItem\",\"position\":1,\"name\":\"Portada\",\"item\":\"https:\/\/www.intarcon.com\/fr\/\"},{\"@type\":\"ListItem\",\"position\":2,\"name\":\"Projet INDIRA\"}]},{\"@type\":\"WebSite\",\"@id\":\"https:\/\/www.intarcon.com\/fr\/#website\",\"url\":\"https:\/\/www.intarcon.com\/fr\/\",\"name\":\"INTARCON\",\"description\":\"\",\"potentialAction\":[{\"@type\":\"SearchAction\",\"target\":{\"@type\":\"EntryPoint\",\"urlTemplate\":\"https:\/\/www.intarcon.com\/fr\/?s={search_term_string}\"},\"query-input\":{\"@type\":\"PropertyValueSpecification\",\"valueRequired\":true,\"valueName\":\"search_term_string\"}}],\"inLanguage\":\"fr\"}]}<\/script>\n<!-- \/ Yoast SEO plugin. -->","yoast_head_json":{"title":"Projet INDIRA - INTARCON","description":"Le CDTi montre son soutien en accordant \u00e0 nouveau une subvention \u00e0 notre organisation pour la r\u00e9alisation du projet bas\u00e9 sur le R-717\" (INDIRA).","robots":{"index":"index","follow":"follow","max-snippet":"max-snippet:-1","max-image-preview":"max-image-preview:large","max-video-preview":"max-video-preview:-1"},"canonical":"https:\/\/www.intarcon.com\/fr\/projet-indira\/","og_locale":"fr_FR","og_type":"article","og_title":"Projet INDIRA - INTARCON","og_description":"Le CDTi montre son soutien en accordant \u00e0 nouveau une subvention \u00e0 notre organisation pour la r\u00e9alisation du projet bas\u00e9 sur le R-717\" (INDIRA).","og_url":"https:\/\/www.intarcon.com\/fr\/projet-indira\/","og_site_name":"INTARCON","article_publisher":"https:\/\/www.facebook.com\/intarcon\/","article_modified_time":"2022-03-04T11:31:48+00:00","og_image":[{"width":1100,"height":777,"url":"https:\/\/www.intarcon.com\/wp-content\/uploads\/2021\/09\/Desarrollo-Regional-FEDER.jpg","type":"image\/jpeg"}],"twitter_card":"summary_large_image","twitter_site":"@Intarcon","twitter_misc":{"Est. reading time":"2 minutes"},"schema":{"@context":"https:\/\/schema.org","@graph":[{"@type":"WebPage","@id":"https:\/\/www.intarcon.com\/fr\/projet-indira\/","url":"https:\/\/www.intarcon.com\/fr\/projet-indira\/","name":"Projet INDIRA - INTARCON","isPartOf":{"@id":"https:\/\/www.intarcon.com\/fr\/#website"},"primaryImageOfPage":{"@id":"https:\/\/www.intarcon.com\/fr\/projet-indira\/#primaryimage"},"image":{"@id":"https:\/\/www.intarcon.com\/fr\/projet-indira\/#primaryimage"},"thumbnailUrl":"https:\/\/www.intarcon.com\/wp-content\/uploads\/2021\/09\/Desarrollo-Regional-FEDER.jpg","datePublished":"2021-09-21T14:52:28+00:00","dateModified":"2022-03-04T11:31:48+00:00","description":"Le CDTi montre son soutien en accordant \u00e0 nouveau une subvention \u00e0 notre organisation pour la r\u00e9alisation du projet bas\u00e9 sur le R-717\" (INDIRA).","breadcrumb":{"@id":"https:\/\/www.intarcon.com\/fr\/projet-indira\/#breadcrumb"},"inLanguage":"fr","potentialAction":[{"@type":"ReadAction","target":["https:\/\/www.intarcon.com\/fr\/projet-indira\/"]}]},{"@type":"ImageObject","inLanguage":"fr","@id":"https:\/\/www.intarcon.com\/fr\/projet-indira\/#primaryimage","url":"https:\/\/www.intarcon.com\/wp-content\/uploads\/2021\/09\/Desarrollo-Regional-FEDER.jpg","contentUrl":"https:\/\/www.intarcon.com\/wp-content\/uploads\/2021\/09\/Desarrollo-Regional-FEDER.jpg","width":1100,"height":777,"caption":"Desarrollo Regional FEDER"},{"@type":"BreadcrumbList","@id":"https:\/\/www.intarcon.com\/fr\/projet-indira\/#breadcrumb","itemListElement":[{"@type":"ListItem","position":1,"name":"Portada","item":"https:\/\/www.intarcon.com\/fr\/"},{"@type":"ListItem","position":2,"name":"Projet INDIRA"}]},{"@type":"WebSite","@id":"https:\/\/www.intarcon.com\/fr\/#website","url":"https:\/\/www.intarcon.com\/fr\/","name":"INTARCON","description":"","potentialAction":[{"@type":"SearchAction","target":{"@type":"EntryPoint","urlTemplate":"https:\/\/www.intarcon.com\/fr\/?s={search_term_string}"},"query-input":{"@type":"PropertyValueSpecification","valueRequired":true,"valueName":"search_term_string"}}],"inLanguage":"fr"}]}},"_links":{"self":[{"href":"https:\/\/www.intarcon.com\/fr\/wp-json\/wp\/v2\/pages\/51736","targetHints":{"allow":["GET"]}}],"collection":[{"href":"https:\/\/www.intarcon.com\/fr\/wp-json\/wp\/v2\/pages"}],"about":[{"href":"https:\/\/www.intarcon.com\/fr\/wp-json\/wp\/v2\/types\/page"}],"author":[{"embeddable":true,"href":"https:\/\/www.intarcon.com\/fr\/wp-json\/wp\/v2\/users\/2"}],"replies":[{"embeddable":true,"href":"https:\/\/www.intarcon.com\/fr\/wp-json\/wp\/v2\/comments?post=51736"}],"version-history":[{"count":0,"href":"https:\/\/www.intarcon.com\/fr\/wp-json\/wp\/v2\/pages\/51736\/revisions"}],"wp:featuredmedia":[{"embeddable":true,"href":"https:\/\/www.intarcon.com\/fr\/wp-json\/wp\/v2\/media\/34035"}],"wp:attachment":[{"href":"https:\/\/www.intarcon.com\/fr\/wp-json\/wp\/v2\/media?parent=51736"}],"curies":[{"name":"wp","href":"https:\/\/api.w.org\/{rel}","templated":true}]}}