{"id":51725,"date":"2020-07-23T13:21:36","date_gmt":"2020-07-23T11:21:36","guid":{"rendered":"https:\/\/www.intarcon.com\/erp-project\/"},"modified":"2022-03-04T13:19:41","modified_gmt":"2022-03-04T11:19:41","slug":"projet-erp","status":"publish","type":"page","link":"https:\/\/www.intarcon.com\/fr\/projet-erp\/","title":{"rendered":"Projet ERP"},"content":{"rendered":"\t\t<div data-elementor-type=\"wp-page\" data-elementor-id=\"51725\" class=\"elementor elementor-51725 elementor-20096\" data-elementor-post-type=\"page\">\n\t\t\t\t\t\t<section class=\"elementor-section elementor-top-section elementor-element elementor-element-17e8b733 elementor-section-boxed elementor-section-height-default elementor-section-height-default\" data-id=\"17e8b733\" data-element_type=\"section\">\r\n\t\t\r\n\t\t\t\t\t\t\t<div class=\"elementor-container elementor-column-gap-default\">\r\n\t\t\t\t\t\t\t\t\t\t\t<div class=\"elementor-column elementor-col-100 elementor-top-column elementor-element elementor-element-4060e0d\" data-id=\"4060e0d\" data-element_type=\"column\">\r\n\t\t\t\t\t<div class=\"elementor-widget-wrap elementor-element-populated\">\r\n\t\t\t\t\t\t\t\t<div class=\"elementor-element elementor-element-9b3b7e4 elementor-widget elementor-widget-heading\" data-id=\"9b3b7e4\" data-element_type=\"widget\" data-widget_type=\"heading.default\">\n\t\t\t\t<div class=\"elementor-widget-container\">\n\t\t\t\t\t<h1 class=\"elementor-heading-title elementor-size-default\">Projet ERP<\/h1>\t\t\t\t<\/div>\n\t\t\t\t<\/div>\n\t\t\t\t<div class=\"elementor-element elementor-element-6f6818d5 elementor-widget elementor-widget-text-editor\" data-id=\"6f6818d5\" data-element_type=\"widget\" data-widget_type=\"text-editor.default\">\n\t\t\t\t<div class=\"elementor-widget-container\">\n\t\t\t\t\t\t\t\t\t<p>INTARCON a re\u00e7u une incitation de l&#8217;Agence d&#8217;Innovation et de D\u00e9veloppement d&#8217;Andalousie IDEA, du Gouvernement R\u00e9gional d&#8217;Andalousie, pour un montant de 75.000,00 euros, cofinanc\u00e9 \u00e0 80% par l&#8217;Union Europ\u00e9enne \u00e0 travers le Fonds Europ\u00e9en de D\u00e9veloppement R\u00e9gional, FEDER pour le projet &#8220;Incorporation d&#8217;un syst\u00e8me de gestion d&#8217;entreprise ERP pour am\u00e9liorer diff\u00e9rents domaines et processus d&#8217;entreprise&#8221;, dans le but d&#8217;assurer une meilleure utilisation des technologies de l&#8217;information&#8221;.<\/p><p><img fetchpriority=\"high\" decoding=\"async\" class=\"size-medium aligncenter\" src=\"https:\/\/www.intarcon.com\/wp-content\/uploads\/2020\/07\/Proyecto-ERP.png\" width=\"698\" height=\"141\" \/><\/p>\t\t\t\t\t\t\t\t<\/div>\n\t\t\t\t<\/div>\n\t\t\t\t\t<\/div>\r\n\t\t\t\t<\/div>\r\n\t\t\t\t\t<\/div>\r\n\t\t\t\t<\/section>\r\n\t\t\t\t<\/div>\n\t\t","protected":false},"excerpt":{"rendered":"<p>Projet ERP INTARCON a re\u00e7u une incitation de l&#8217;Agence d&#8217;Innovation et de D\u00e9veloppement d&#8217;Andalousie IDEA, du Gouvernement R\u00e9gional d&#8217;Andalousie, pour un montant de 75.000,00 euros, cofinanc\u00e9 \u00e0 80% par l&#8217;Union Europ\u00e9enne \u00e0 travers le Fonds Europ\u00e9en de D\u00e9veloppement R\u00e9gional, FEDER pour le projet &#8220;Incorporation d&#8217;un syst\u00e8me de gestion d&#8217;entreprise ERP pour am\u00e9liorer diff\u00e9rents domaines et [&hellip;]<\/p>\n","protected":false},"author":3,"featured_media":0,"parent":0,"menu_order":0,"comment_status":"closed","ping_status":"closed","template":"","meta":{"footnotes":""},"class_list":["post-51725","page","type-page","status-publish","hentry"],"yoast_head":"<!-- This site is optimized with the Yoast SEO plugin v25.5 - https:\/\/yoast.com\/wordpress\/plugins\/seo\/ -->\n<title>Projet ERP - INTARCON<\/title>\n<meta name=\"description\" content=\"L&#039;incorporation d&#039;un syst\u00e8me de gestion d&#039;entreprise bas\u00e9 sur le projet ERP am\u00e9liore les diff\u00e9rents domaines et processus de l&#039;entreprise.\" \/>\n<meta name=\"robots\" content=\"index, follow, max-snippet:-1, max-image-preview:large, max-video-preview:-1\" \/>\n<link rel=\"canonical\" href=\"https:\/\/www.intarcon.com\/fr\/projet-erp\/\" \/>\n<meta property=\"og:locale\" content=\"fr_FR\" \/>\n<meta property=\"og:type\" content=\"article\" \/>\n<meta property=\"og:title\" content=\"Projet ERP - INTARCON\" \/>\n<meta property=\"og:description\" content=\"L&#039;incorporation d&#039;un syst\u00e8me de gestion d&#039;entreprise bas\u00e9 sur le projet ERP am\u00e9liore les diff\u00e9rents domaines et processus de l&#039;entreprise.\" \/>\n<meta property=\"og:url\" content=\"https:\/\/www.intarcon.com\/fr\/projet-erp\/\" \/>\n<meta property=\"og:site_name\" content=\"INTARCON\" \/>\n<meta property=\"article:publisher\" content=\"https:\/\/www.facebook.com\/intarcon\/\" \/>\n<meta property=\"article:modified_time\" content=\"2022-03-04T11:19:41+00:00\" \/>\n<meta property=\"og:image\" content=\"https:\/\/www.intarcon.com\/wp-content\/uploads\/2020\/07\/Proyecto-ERP.png\" \/>\n<meta name=\"twitter:card\" content=\"summary_large_image\" \/>\n<meta name=\"twitter:site\" content=\"@Intarcon\" \/>\n<meta name=\"twitter:label1\" content=\"Est. reading time\" \/>\n\t<meta name=\"twitter:data1\" content=\"1 minute\" \/>\n<script type=\"application\/ld+json\" class=\"yoast-schema-graph\">{\"@context\":\"https:\/\/schema.org\",\"@graph\":[{\"@type\":\"WebPage\",\"@id\":\"https:\/\/www.intarcon.com\/fr\/projet-erp\/\",\"url\":\"https:\/\/www.intarcon.com\/fr\/projet-erp\/\",\"name\":\"Projet ERP - INTARCON\",\"isPartOf\":{\"@id\":\"https:\/\/www.intarcon.com\/fr\/#website\"},\"primaryImageOfPage\":{\"@id\":\"https:\/\/www.intarcon.com\/fr\/projet-erp\/#primaryimage\"},\"image\":{\"@id\":\"https:\/\/www.intarcon.com\/fr\/projet-erp\/#primaryimage\"},\"thumbnailUrl\":\"https:\/\/www.intarcon.com\/wp-content\/uploads\/2020\/07\/Proyecto-ERP.png\",\"datePublished\":\"2020-07-23T11:21:36+00:00\",\"dateModified\":\"2022-03-04T11:19:41+00:00\",\"description\":\"L'incorporation d'un syst\u00e8me de gestion d'entreprise bas\u00e9 sur le projet ERP am\u00e9liore les diff\u00e9rents domaines et processus de l'entreprise.\",\"breadcrumb\":{\"@id\":\"https:\/\/www.intarcon.com\/fr\/projet-erp\/#breadcrumb\"},\"inLanguage\":\"fr\",\"potentialAction\":[{\"@type\":\"ReadAction\",\"target\":[\"https:\/\/www.intarcon.com\/fr\/projet-erp\/\"]}]},{\"@type\":\"ImageObject\",\"inLanguage\":\"fr\",\"@id\":\"https:\/\/www.intarcon.com\/fr\/projet-erp\/#primaryimage\",\"url\":\"https:\/\/www.intarcon.com\/wp-content\/uploads\/2020\/07\/Proyecto-ERP.png\",\"contentUrl\":\"https:\/\/www.intarcon.com\/wp-content\/uploads\/2020\/07\/Proyecto-ERP.png\"},{\"@type\":\"BreadcrumbList\",\"@id\":\"https:\/\/www.intarcon.com\/fr\/projet-erp\/#breadcrumb\",\"itemListElement\":[{\"@type\":\"ListItem\",\"position\":1,\"name\":\"Portada\",\"item\":\"https:\/\/www.intarcon.com\/fr\/\"},{\"@type\":\"ListItem\",\"position\":2,\"name\":\"Projet ERP\"}]},{\"@type\":\"WebSite\",\"@id\":\"https:\/\/www.intarcon.com\/fr\/#website\",\"url\":\"https:\/\/www.intarcon.com\/fr\/\",\"name\":\"INTARCON\",\"description\":\"\",\"potentialAction\":[{\"@type\":\"SearchAction\",\"target\":{\"@type\":\"EntryPoint\",\"urlTemplate\":\"https:\/\/www.intarcon.com\/fr\/?s={search_term_string}\"},\"query-input\":{\"@type\":\"PropertyValueSpecification\",\"valueRequired\":true,\"valueName\":\"search_term_string\"}}],\"inLanguage\":\"fr\"}]}<\/script>\n<!-- \/ Yoast SEO plugin. -->","yoast_head_json":{"title":"Projet ERP - INTARCON","description":"L'incorporation d'un syst\u00e8me de gestion d'entreprise bas\u00e9 sur le projet ERP am\u00e9liore les diff\u00e9rents domaines et processus de l'entreprise.","robots":{"index":"index","follow":"follow","max-snippet":"max-snippet:-1","max-image-preview":"max-image-preview:large","max-video-preview":"max-video-preview:-1"},"canonical":"https:\/\/www.intarcon.com\/fr\/projet-erp\/","og_locale":"fr_FR","og_type":"article","og_title":"Projet ERP - INTARCON","og_description":"L'incorporation d'un syst\u00e8me de gestion d'entreprise bas\u00e9 sur le projet ERP am\u00e9liore les diff\u00e9rents domaines et processus de l'entreprise.","og_url":"https:\/\/www.intarcon.com\/fr\/projet-erp\/","og_site_name":"INTARCON","article_publisher":"https:\/\/www.facebook.com\/intarcon\/","article_modified_time":"2022-03-04T11:19:41+00:00","og_image":[{"url":"https:\/\/www.intarcon.com\/wp-content\/uploads\/2020\/07\/Proyecto-ERP.png","type":"","width":"","height":""}],"twitter_card":"summary_large_image","twitter_site":"@Intarcon","twitter_misc":{"Est. reading time":"1 minute"},"schema":{"@context":"https:\/\/schema.org","@graph":[{"@type":"WebPage","@id":"https:\/\/www.intarcon.com\/fr\/projet-erp\/","url":"https:\/\/www.intarcon.com\/fr\/projet-erp\/","name":"Projet ERP - INTARCON","isPartOf":{"@id":"https:\/\/www.intarcon.com\/fr\/#website"},"primaryImageOfPage":{"@id":"https:\/\/www.intarcon.com\/fr\/projet-erp\/#primaryimage"},"image":{"@id":"https:\/\/www.intarcon.com\/fr\/projet-erp\/#primaryimage"},"thumbnailUrl":"https:\/\/www.intarcon.com\/wp-content\/uploads\/2020\/07\/Proyecto-ERP.png","datePublished":"2020-07-23T11:21:36+00:00","dateModified":"2022-03-04T11:19:41+00:00","description":"L'incorporation d'un syst\u00e8me de gestion d'entreprise bas\u00e9 sur le projet ERP am\u00e9liore les diff\u00e9rents domaines et processus de l'entreprise.","breadcrumb":{"@id":"https:\/\/www.intarcon.com\/fr\/projet-erp\/#breadcrumb"},"inLanguage":"fr","potentialAction":[{"@type":"ReadAction","target":["https:\/\/www.intarcon.com\/fr\/projet-erp\/"]}]},{"@type":"ImageObject","inLanguage":"fr","@id":"https:\/\/www.intarcon.com\/fr\/projet-erp\/#primaryimage","url":"https:\/\/www.intarcon.com\/wp-content\/uploads\/2020\/07\/Proyecto-ERP.png","contentUrl":"https:\/\/www.intarcon.com\/wp-content\/uploads\/2020\/07\/Proyecto-ERP.png"},{"@type":"BreadcrumbList","@id":"https:\/\/www.intarcon.com\/fr\/projet-erp\/#breadcrumb","itemListElement":[{"@type":"ListItem","position":1,"name":"Portada","item":"https:\/\/www.intarcon.com\/fr\/"},{"@type":"ListItem","position":2,"name":"Projet ERP"}]},{"@type":"WebSite","@id":"https:\/\/www.intarcon.com\/fr\/#website","url":"https:\/\/www.intarcon.com\/fr\/","name":"INTARCON","description":"","potentialAction":[{"@type":"SearchAction","target":{"@type":"EntryPoint","urlTemplate":"https:\/\/www.intarcon.com\/fr\/?s={search_term_string}"},"query-input":{"@type":"PropertyValueSpecification","valueRequired":true,"valueName":"search_term_string"}}],"inLanguage":"fr"}]}},"_links":{"self":[{"href":"https:\/\/www.intarcon.com\/fr\/wp-json\/wp\/v2\/pages\/51725","targetHints":{"allow":["GET"]}}],"collection":[{"href":"https:\/\/www.intarcon.com\/fr\/wp-json\/wp\/v2\/pages"}],"about":[{"href":"https:\/\/www.intarcon.com\/fr\/wp-json\/wp\/v2\/types\/page"}],"author":[{"embeddable":true,"href":"https:\/\/www.intarcon.com\/fr\/wp-json\/wp\/v2\/users\/3"}],"replies":[{"embeddable":true,"href":"https:\/\/www.intarcon.com\/fr\/wp-json\/wp\/v2\/comments?post=51725"}],"version-history":[{"count":0,"href":"https:\/\/www.intarcon.com\/fr\/wp-json\/wp\/v2\/pages\/51725\/revisions"}],"wp:attachment":[{"href":"https:\/\/www.intarcon.com\/fr\/wp-json\/wp\/v2\/media?parent=51725"}],"curies":[{"name":"wp","href":"https:\/\/api.w.org\/{rel}","templated":true}]}}