{"id":51690,"date":"2019-07-10T00:47:39","date_gmt":"2019-07-09T22:47:39","guid":{"rendered":"https:\/\/www.intarcon.com\/proyecto-feder-innterconecta\/"},"modified":"2022-03-07T13:43:08","modified_gmt":"2022-03-07T11:43:08","slug":"projet-ejercer","status":"publish","type":"page","link":"https:\/\/www.intarcon.com\/fr\/projet-ejercer\/","title":{"rendered":"Projet EJERCER"},"content":{"rendered":"\t\t<div data-elementor-type=\"wp-page\" data-elementor-id=\"51690\" class=\"elementor elementor-51690 elementor-10460\" data-elementor-post-type=\"page\">\n\t\t\t\t\t\t<section class=\"elementor-section elementor-top-section elementor-element elementor-element-15ae9811 elementor-section-boxed elementor-section-height-default elementor-section-height-default\" data-id=\"15ae9811\" data-element_type=\"section\">\r\n\t\t\r\n\t\t\t\t\t\t\t<div class=\"elementor-container elementor-column-gap-default\">\r\n\t\t\t\t\t\t\t\t\t\t\t<div class=\"elementor-column elementor-col-100 elementor-top-column elementor-element elementor-element-4388553c\" data-id=\"4388553c\" data-element_type=\"column\">\r\n\t\t\t\t\t<div class=\"elementor-widget-wrap elementor-element-populated\">\r\n\t\t\t\t\t\t\t\t<div class=\"elementor-element elementor-element-352523a elementor-widget elementor-widget-image\" data-id=\"352523a\" data-element_type=\"widget\" data-widget_type=\"image.default\">\n\t\t\t\t<div class=\"elementor-widget-container\">\n\t\t\t\t\t\t\t\t\t\t\t\t\t\t\t<img decoding=\"async\" src=\"https:\/\/www.intarcon.com\/wp-content\/uploads\/2019\/03\/proyectos-FEDER-innterconecta-01-e1553605541966.png\" title=\"\" alt=\"\" loading=\"lazy\" \/>\t\t\t\t\t\t\t\t\t\t\t\t\t\t\t<\/div>\n\t\t\t\t<\/div>\n\t\t\t\t<div class=\"elementor-element elementor-element-a7b7a63 elementor-widget elementor-widget-heading\" data-id=\"a7b7a63\" data-element_type=\"widget\" data-widget_type=\"heading.default\">\n\t\t\t\t<div class=\"elementor-widget-container\">\n\t\t\t\t\t<h1 class=\"elementor-heading-title elementor-size-default\">Projet EJERCER<\/h1>\t\t\t\t<\/div>\n\t\t\t\t<\/div>\n\t\t\t\t<div class=\"elementor-element elementor-element-3394efa elementor-widget elementor-widget-heading\" data-id=\"3394efa\" data-element_type=\"widget\" data-widget_type=\"heading.default\">\n\t\t\t\t<div class=\"elementor-widget-container\">\n\t\t\t\t\t<h2 class=\"elementor-heading-title elementor-size-default\">INTARCON participates in the \"FEDER-INNTERCONECTA\" R&amp;D projects.<\/h2>\t\t\t\t<\/div>\n\t\t\t\t<\/div>\n\t\t\t\t<div class=\"elementor-element elementor-element-5f17cdc1 elementor-widget elementor-widget-text-editor\" data-id=\"5f17cdc1\" data-element_type=\"widget\" data-widget_type=\"text-editor.default\">\n\t\t\t\t<div class=\"elementor-widget-container\">\n\t\t\t\t\t\t\t\t\t<p>L&#8217;entit\u00e9 publique CDTi (Centro de Desarrollo Tecnol\u00f3gico Industrial) du minist\u00e8re des sciences, de l&#8217;innovation et des universit\u00e9s, encourage la recherche et le d\u00e9veloppement technologique dans le domaine de la R&amp;D des entreprises par le biais du programme FEDER-Innterconecta.<\/p><p>Le CDTi montre son soutien en accordant \u00e0 notre organisation une subvention pour mener \u00e0 bien le projet : &#8220;Nouveaux syst\u00e8mes de r\u00e9frig\u00e9ration et de climatisation appliquant des \u00e9jecteurs aux cycles de r\u00e9frig\u00e9ration \u00e0 haute efficacit\u00e9 et utilisant des r\u00e9frig\u00e9rants naturels dans des applications commerciales et industrielles&#8221; (EJERCER).<\/p><p>Le projet EJERCER consiste en l&#8217;application d&#8217;\u00e9jecteurs aux syst\u00e8mes de r\u00e9frig\u00e9ration et de climatisation en tant que solution de pointe permettant d&#8217;augmenter leur efficacit\u00e9 \u00e9nerg\u00e9tique par rapport aux syst\u00e8mes traditionnels, tout en r\u00e9duisant l&#8217;impact environnemental gr\u00e2ce \u00e0 l&#8217;utilisation du CO2 comme r\u00e9frig\u00e9rant naturel. Ces syst\u00e8mes offrent un large \u00e9ventail de possibilit\u00e9s et beaucoup de souplesse dans les applications commerciales et industrielles, des petits magasins de proximit\u00e9 aux grands supermarch\u00e9s, m\u00eame dans les climats les plus chauds.<\/p><p>Les \u00e9jecteurs sont des dispositifs qui permettent au syst\u00e8me de s&#8217;adapter continuellement et instantan\u00e9ment aux variations de ses conditions de fonctionnement, ce qui se traduit par une am\u00e9lioration des performances. La complexit\u00e9 du syst\u00e8me est r\u00e9duite, les co\u00fbts d&#8217;installation et de maintenance sont diminu\u00e9s, mais en obtenant des rendements plus \u00e9lev\u00e9s et les m\u00eames plages de puissance (kW) que les syst\u00e8mes traditionnels de climatisation et de r\u00e9frig\u00e9ration HFC sans \u00e9jecteurs. Tout cela nous permet d&#8217;offrir au march\u00e9 une solution plus efficace, durable et \u00e9cologique qui respecte l&#8217;environnement et am\u00e9liore notre qualit\u00e9 de vie, en garantissant \u00e0 nos clients le plus haut niveau de satisfaction.<\/p><p>Le programme INNTERCONECTA b\u00e9n\u00e9ficie du soutien financier du CDTI (Centre pour le d\u00e9veloppement de la technologie industrielle) et est \u00e9galement cofinanc\u00e9 par les Fonds structurels europ\u00e9ens de d\u00e9veloppement r\u00e9gional (FEDER), dans le cadre de l&#8217;appel \u00e0 la coop\u00e9ration r\u00e9gionale en mati\u00e8re de R&amp;D du Plan d&#8217;\u00c9tat pour la recherche scientifique, technique et d&#8217;innovation 2017-2020.-2020.<\/p>\t\t\t\t\t\t\t\t<\/div>\n\t\t\t\t<\/div>\n\t\t\t\t\t<\/div>\r\n\t\t\t\t<\/div>\r\n\t\t\t\t\t<\/div>\r\n\t\t\t\t<\/section>\r\n\t\t\t\t<\/div>\n\t\t","protected":false},"excerpt":{"rendered":"<p>Projet EJERCER INTARCON participates in the &#8220;FEDER-INNTERCONECTA&#8221; R&#038;D projects. L&#8217;entit\u00e9 publique CDTi (Centro de Desarrollo Tecnol\u00f3gico Industrial) du minist\u00e8re des sciences, de l&#8217;innovation et des universit\u00e9s, encourage la recherche et le d\u00e9veloppement technologique dans le domaine de la R&amp;D des entreprises par le biais du programme FEDER-Innterconecta. Le CDTi montre son soutien en accordant \u00e0 [&hellip;]<\/p>\n","protected":false},"author":2,"featured_media":0,"parent":0,"menu_order":0,"comment_status":"closed","ping_status":"closed","template":"","meta":{"footnotes":""},"class_list":["post-51690","page","type-page","status-publish","hentry"],"yoast_head":"<!-- This site is optimized with the Yoast SEO plugin v27.5 - https:\/\/yoast.com\/product\/yoast-seo-wordpress\/ -->\n<title>Projet EJERCER - INTARCON<\/title>\n<meta name=\"description\" content=\"Le projet EJERCER consiste \u00e0 appliquer des \u00e9jecteurs aux syst\u00e8mes de r\u00e9frig\u00e9ration et de climatisation en tant que solution de pointe.\" \/>\n<meta name=\"robots\" content=\"index, follow, max-snippet:-1, max-image-preview:large, max-video-preview:-1\" \/>\n<link rel=\"canonical\" href=\"https:\/\/www.intarcon.com\/fr\/projet-ejercer\/\" \/>\n<meta property=\"og:locale\" content=\"fr_FR\" \/>\n<meta property=\"og:type\" content=\"article\" \/>\n<meta property=\"og:title\" content=\"Projet EJERCER - INTARCON\" \/>\n<meta property=\"og:description\" content=\"Le projet EJERCER consiste \u00e0 appliquer des \u00e9jecteurs aux syst\u00e8mes de r\u00e9frig\u00e9ration et de climatisation en tant que solution de pointe.\" \/>\n<meta property=\"og:url\" content=\"https:\/\/www.intarcon.com\/fr\/projet-ejercer\/\" \/>\n<meta property=\"og:site_name\" content=\"INTARCON\" \/>\n<meta property=\"article:publisher\" content=\"https:\/\/www.facebook.com\/intarcon\/\" \/>\n<meta property=\"article:modified_time\" content=\"2022-03-07T11:43:08+00:00\" \/>\n<meta property=\"og:image\" content=\"https:\/\/www.intarcon.com\/wp-content\/uploads\/2019\/03\/proyectos-FEDER-innterconecta-01-e1553605541966.png\" \/>\n<meta name=\"twitter:card\" content=\"summary_large_image\" \/>\n<meta name=\"twitter:site\" content=\"@Intarcon\" \/>\n<meta name=\"twitter:label1\" content=\"Est. reading time\" \/>\n\t<meta name=\"twitter:data1\" content=\"2 minutes\" \/>\n<script type=\"application\/ld+json\" class=\"yoast-schema-graph\">{\"@context\":\"https:\\\/\\\/schema.org\",\"@graph\":[{\"@type\":\"WebPage\",\"@id\":\"https:\\\/\\\/www.intarcon.com\\\/fr\\\/projet-ejercer\\\/\",\"url\":\"https:\\\/\\\/www.intarcon.com\\\/fr\\\/projet-ejercer\\\/\",\"name\":\"Projet EJERCER - INTARCON\",\"isPartOf\":{\"@id\":\"https:\\\/\\\/www.intarcon.com\\\/fr\\\/#website\"},\"primaryImageOfPage\":{\"@id\":\"https:\\\/\\\/www.intarcon.com\\\/fr\\\/projet-ejercer\\\/#primaryimage\"},\"image\":{\"@id\":\"https:\\\/\\\/www.intarcon.com\\\/fr\\\/projet-ejercer\\\/#primaryimage\"},\"thumbnailUrl\":\"https:\\\/\\\/www.intarcon.com\\\/wp-content\\\/uploads\\\/2019\\\/03\\\/proyectos-FEDER-innterconecta-01-e1553605541966.png\",\"datePublished\":\"2019-07-09T22:47:39+00:00\",\"dateModified\":\"2022-03-07T11:43:08+00:00\",\"description\":\"Le projet EJERCER consiste \u00e0 appliquer des \u00e9jecteurs aux syst\u00e8mes de r\u00e9frig\u00e9ration et de climatisation en tant que solution de pointe.\",\"breadcrumb\":{\"@id\":\"https:\\\/\\\/www.intarcon.com\\\/fr\\\/projet-ejercer\\\/#breadcrumb\"},\"inLanguage\":\"fr\",\"potentialAction\":[{\"@type\":\"ReadAction\",\"target\":[\"https:\\\/\\\/www.intarcon.com\\\/fr\\\/projet-ejercer\\\/\"]}]},{\"@type\":\"ImageObject\",\"inLanguage\":\"fr\",\"@id\":\"https:\\\/\\\/www.intarcon.com\\\/fr\\\/projet-ejercer\\\/#primaryimage\",\"url\":\"https:\\\/\\\/www.intarcon.com\\\/wp-content\\\/uploads\\\/2019\\\/03\\\/proyectos-FEDER-innterconecta-01-e1553605541966.png\",\"contentUrl\":\"https:\\\/\\\/www.intarcon.com\\\/wp-content\\\/uploads\\\/2019\\\/03\\\/proyectos-FEDER-innterconecta-01-e1553605541966.png\"},{\"@type\":\"BreadcrumbList\",\"@id\":\"https:\\\/\\\/www.intarcon.com\\\/fr\\\/projet-ejercer\\\/#breadcrumb\",\"itemListElement\":[{\"@type\":\"ListItem\",\"position\":1,\"name\":\"Portada\",\"item\":\"https:\\\/\\\/www.intarcon.com\\\/fr\\\/\"},{\"@type\":\"ListItem\",\"position\":2,\"name\":\"Projet EJERCER\"}]},{\"@type\":\"WebSite\",\"@id\":\"https:\\\/\\\/www.intarcon.com\\\/fr\\\/#website\",\"url\":\"https:\\\/\\\/www.intarcon.com\\\/fr\\\/\",\"name\":\"INTARCON\",\"description\":\"\",\"potentialAction\":[{\"@type\":\"SearchAction\",\"target\":{\"@type\":\"EntryPoint\",\"urlTemplate\":\"https:\\\/\\\/www.intarcon.com\\\/fr\\\/?s={search_term_string}\"},\"query-input\":{\"@type\":\"PropertyValueSpecification\",\"valueRequired\":true,\"valueName\":\"search_term_string\"}}],\"inLanguage\":\"fr\"}]}<\/script>\n<!-- \/ Yoast SEO plugin. -->","yoast_head_json":{"title":"Projet EJERCER - INTARCON","description":"Le projet EJERCER consiste \u00e0 appliquer des \u00e9jecteurs aux syst\u00e8mes de r\u00e9frig\u00e9ration et de climatisation en tant que solution de pointe.","robots":{"index":"index","follow":"follow","max-snippet":"max-snippet:-1","max-image-preview":"max-image-preview:large","max-video-preview":"max-video-preview:-1"},"canonical":"https:\/\/www.intarcon.com\/fr\/projet-ejercer\/","og_locale":"fr_FR","og_type":"article","og_title":"Projet EJERCER - INTARCON","og_description":"Le projet EJERCER consiste \u00e0 appliquer des \u00e9jecteurs aux syst\u00e8mes de r\u00e9frig\u00e9ration et de climatisation en tant que solution de pointe.","og_url":"https:\/\/www.intarcon.com\/fr\/projet-ejercer\/","og_site_name":"INTARCON","article_publisher":"https:\/\/www.facebook.com\/intarcon\/","article_modified_time":"2022-03-07T11:43:08+00:00","og_image":[{"url":"https:\/\/www.intarcon.com\/wp-content\/uploads\/2019\/03\/proyectos-FEDER-innterconecta-01-e1553605541966.png","type":"","width":"","height":""}],"twitter_card":"summary_large_image","twitter_site":"@Intarcon","twitter_misc":{"Est. reading time":"2 minutes"},"schema":{"@context":"https:\/\/schema.org","@graph":[{"@type":"WebPage","@id":"https:\/\/www.intarcon.com\/fr\/projet-ejercer\/","url":"https:\/\/www.intarcon.com\/fr\/projet-ejercer\/","name":"Projet EJERCER - INTARCON","isPartOf":{"@id":"https:\/\/www.intarcon.com\/fr\/#website"},"primaryImageOfPage":{"@id":"https:\/\/www.intarcon.com\/fr\/projet-ejercer\/#primaryimage"},"image":{"@id":"https:\/\/www.intarcon.com\/fr\/projet-ejercer\/#primaryimage"},"thumbnailUrl":"https:\/\/www.intarcon.com\/wp-content\/uploads\/2019\/03\/proyectos-FEDER-innterconecta-01-e1553605541966.png","datePublished":"2019-07-09T22:47:39+00:00","dateModified":"2022-03-07T11:43:08+00:00","description":"Le projet EJERCER consiste \u00e0 appliquer des \u00e9jecteurs aux syst\u00e8mes de r\u00e9frig\u00e9ration et de climatisation en tant que solution de pointe.","breadcrumb":{"@id":"https:\/\/www.intarcon.com\/fr\/projet-ejercer\/#breadcrumb"},"inLanguage":"fr","potentialAction":[{"@type":"ReadAction","target":["https:\/\/www.intarcon.com\/fr\/projet-ejercer\/"]}]},{"@type":"ImageObject","inLanguage":"fr","@id":"https:\/\/www.intarcon.com\/fr\/projet-ejercer\/#primaryimage","url":"https:\/\/www.intarcon.com\/wp-content\/uploads\/2019\/03\/proyectos-FEDER-innterconecta-01-e1553605541966.png","contentUrl":"https:\/\/www.intarcon.com\/wp-content\/uploads\/2019\/03\/proyectos-FEDER-innterconecta-01-e1553605541966.png"},{"@type":"BreadcrumbList","@id":"https:\/\/www.intarcon.com\/fr\/projet-ejercer\/#breadcrumb","itemListElement":[{"@type":"ListItem","position":1,"name":"Portada","item":"https:\/\/www.intarcon.com\/fr\/"},{"@type":"ListItem","position":2,"name":"Projet EJERCER"}]},{"@type":"WebSite","@id":"https:\/\/www.intarcon.com\/fr\/#website","url":"https:\/\/www.intarcon.com\/fr\/","name":"INTARCON","description":"","potentialAction":[{"@type":"SearchAction","target":{"@type":"EntryPoint","urlTemplate":"https:\/\/www.intarcon.com\/fr\/?s={search_term_string}"},"query-input":{"@type":"PropertyValueSpecification","valueRequired":true,"valueName":"search_term_string"}}],"inLanguage":"fr"}]}},"_links":{"self":[{"href":"https:\/\/www.intarcon.com\/fr\/wp-json\/wp\/v2\/pages\/51690","targetHints":{"allow":["GET"]}}],"collection":[{"href":"https:\/\/www.intarcon.com\/fr\/wp-json\/wp\/v2\/pages"}],"about":[{"href":"https:\/\/www.intarcon.com\/fr\/wp-json\/wp\/v2\/types\/page"}],"author":[{"embeddable":true,"href":"https:\/\/www.intarcon.com\/fr\/wp-json\/wp\/v2\/users\/2"}],"replies":[{"embeddable":true,"href":"https:\/\/www.intarcon.com\/fr\/wp-json\/wp\/v2\/comments?post=51690"}],"version-history":[{"count":0,"href":"https:\/\/www.intarcon.com\/fr\/wp-json\/wp\/v2\/pages\/51690\/revisions"}],"wp:attachment":[{"href":"https:\/\/www.intarcon.com\/fr\/wp-json\/wp\/v2\/media?parent=51690"}],"curies":[{"name":"wp","href":"https:\/\/api.w.org\/{rel}","templated":true}]}}