{"id":51659,"date":"2019-07-01T16:07:51","date_gmt":"2019-07-01T14:07:51","guid":{"rendered":"https:\/\/www.intarcon.com\/proyecto-efimarket\/"},"modified":"2022-03-04T12:41:30","modified_gmt":"2022-03-04T10:41:30","slug":"projet-efimarket","status":"publish","type":"page","link":"https:\/\/www.intarcon.com\/fr\/projet-efimarket\/","title":{"rendered":"Projet efimarket"},"content":{"rendered":"\t\t<div data-elementor-type=\"wp-page\" data-elementor-id=\"51659\" class=\"elementor elementor-51659 elementor-9008\" data-elementor-post-type=\"page\">\n\t\t\t\t\t\t<section class=\"elementor-section elementor-top-section elementor-element elementor-element-65d6724b elementor-section-boxed elementor-section-height-default elementor-section-height-default\" data-id=\"65d6724b\" data-element_type=\"section\">\r\n\t\t\r\n\t\t\t\t\t\t\t<div class=\"elementor-container elementor-column-gap-default\">\r\n\t\t\t\t\t\t\t\t\t\t\t<div class=\"elementor-column elementor-col-100 elementor-top-column elementor-element elementor-element-40b76e96\" data-id=\"40b76e96\" data-element_type=\"column\">\r\n\t\t\t\t\t<div class=\"elementor-widget-wrap elementor-element-populated\">\r\n\t\t\t\t\t\t\t\t<div class=\"elementor-element elementor-element-bae4612 elementor-widget elementor-widget-image\" data-id=\"bae4612\" data-element_type=\"widget\" data-widget_type=\"image.default\">\n\t\t\t\t<div class=\"elementor-widget-container\">\n\t\t\t\t\t\t\t\t\t\t\t\t\t\t\t<img decoding=\"async\" src=\"https:\/\/www.intarcon.com\/wp-content\/uploads\/2016\/05\/proyecto_efimarket-e1494433221488.png\" title=\"\" alt=\"\" class=\"elementor-animation-shrink\" loading=\"lazy\" \/>\t\t\t\t\t\t\t\t\t\t\t\t\t\t\t<\/div>\n\t\t\t\t<\/div>\n\t\t\t\t<div class=\"elementor-element elementor-element-47ad4af elementor-widget elementor-widget-heading\" data-id=\"47ad4af\" data-element_type=\"widget\" data-widget_type=\"heading.default\">\n\t\t\t\t<div class=\"elementor-widget-container\">\n\t\t\t\t\t<h1 class=\"elementor-heading-title elementor-size-default\">Projet efimarket<\/h1>\t\t\t\t<\/div>\n\t\t\t\t<\/div>\n\t\t\t\t<div class=\"elementor-element elementor-element-4ff84495 elementor-widget elementor-widget-text-editor\" data-id=\"4ff84495\" data-element_type=\"widget\" data-widget_type=\"text-editor.default\">\n\t\t\t\t<div class=\"elementor-widget-container\">\n\t\t\t\t\t\t\t\t\t<p><em>Le projet Efficacit\u00e9 et durabilit\u00e9 des installations centralis\u00e9es de r\u00e9frig\u00e9ration et de conditionnement d&#8217;air dans les supermarch\u00e9s &#8211; EFIMARKET &#8211; <\/em>consiste en une installation combin\u00e9e de r\u00e9frig\u00e9ration et de conditionnement d&#8217;air dans les supermarch\u00e9s.<\/p><p>Le projet couvre la recherche, le d\u00e9veloppement et les essais de nouveaux syst\u00e8mes de r\u00e9frig\u00e9ration pour les supermarch\u00e9s, ainsi que le d\u00e9veloppement individuel des diff\u00e9rents sous-syst\u00e8mes et \u00e9quipements qui composent l&#8217;installation de r\u00e9frig\u00e9ration.\u00a0Le projet a comport\u00e9 les \u00e9tapes de la recherche initiale, du d\u00e9veloppement et de la construction de prototypes et de la construction d&#8217;une usine pilote, chaque fabricant fournissant une partie du syst\u00e8me.<\/p><p>En outre, le projet a d\u00e9velopp\u00e9 les \u00e9quipements terminaux (vitrines r\u00e9frig\u00e9r\u00e9es et refroidisseurs d&#8217;air pour les chambres froides), l&#8217;installation de production de froid et le syst\u00e8me de distribution et de pompage du r\u00e9frig\u00e9rant vers tous les services ou \u00e9quipements terminaux.<\/p><p>Enfin, le projet a abord\u00e9 la mise en \u0153uvre de l&#8217;installation pilote pour tester le syst\u00e8me dans son ensemble, pour laquelle la section r\u00e9frig\u00e9r\u00e9e d&#8217;un supermarch\u00e9 typique a \u00e9t\u00e9 reconstitu\u00e9e dans un magasin de 100 m2.<\/p><p>Le projet Efimarket se caract\u00e9rise par :<\/p><ul><li>Combinaison du refroidissement positif et de la climatisation<\/li><li>Syst\u00e8me indirect sans fuite<\/li><li>R\u00e9cup\u00e9ration totale de la chaleur<\/li><li>Conforme \u00e0 la norme F-Gas<\/li><li>Performance de refroidissement optimis\u00e9e<\/li><li>Compresseurs Scroll<\/li><li>Charge de r\u00e9frig\u00e9rant R-134a tr\u00e8s faible<\/li><li>Condensation axiale ou centrifuge<\/li><\/ul><p>L&#8217;installation pilote est situ\u00e9e \u00e0 l&#8217;IAT (Centro Tecnol\u00f3gico de Ingenier\u00eda y Gesti\u00f3n de la Innovaci\u00f3n) \u00e0 Lucena (C\u00f3rdoba).<\/p>\t\t\t\t\t\t\t\t<\/div>\n\t\t\t\t<\/div>\n\t\t\t\t\t<\/div>\r\n\t\t\t\t<\/div>\r\n\t\t\t\t\t<\/div>\r\n\t\t\t\t<\/section>\r\n\t\t\t\t<\/div>\n\t\t","protected":false},"excerpt":{"rendered":"<p>Projet efimarket Le projet Efficacit\u00e9 et durabilit\u00e9 des installations centralis\u00e9es de r\u00e9frig\u00e9ration et de conditionnement d&#8217;air dans les supermarch\u00e9s &#8211; EFIMARKET &#8211; consiste en une installation combin\u00e9e de r\u00e9frig\u00e9ration et de conditionnement d&#8217;air dans les supermarch\u00e9s. Le projet couvre la recherche, le d\u00e9veloppement et les essais de nouveaux syst\u00e8mes de r\u00e9frig\u00e9ration pour les supermarch\u00e9s, ainsi [&hellip;]<\/p>\n","protected":false},"author":2,"featured_media":0,"parent":0,"menu_order":0,"comment_status":"closed","ping_status":"closed","template":"","meta":{"footnotes":""},"class_list":["post-51659","page","type-page","status-publish","hentry"],"yoast_head":"<!-- This site is optimized with the Yoast SEO plugin v25.5 - https:\/\/yoast.com\/wordpress\/plugins\/seo\/ -->\n<title>Projet efimarket - INTARCON<\/title>\n<meta name=\"description\" content=\"Le projet EFIMARKET consiste \u00e0 d\u00e9velopper une installation de refroidissement combin\u00e9e pour la r\u00e9frig\u00e9ration et la climatisation dans les supermarch\u00e9s.\" \/>\n<meta name=\"robots\" content=\"index, follow, max-snippet:-1, max-image-preview:large, max-video-preview:-1\" \/>\n<link rel=\"canonical\" href=\"https:\/\/www.intarcon.com\/fr\/projet-efimarket\/\" \/>\n<meta property=\"og:locale\" content=\"fr_FR\" \/>\n<meta property=\"og:type\" content=\"article\" \/>\n<meta property=\"og:title\" content=\"Projet efimarket - INTARCON\" \/>\n<meta property=\"og:description\" content=\"Le projet EFIMARKET consiste \u00e0 d\u00e9velopper une installation de refroidissement combin\u00e9e pour la r\u00e9frig\u00e9ration et la climatisation dans les supermarch\u00e9s.\" \/>\n<meta property=\"og:url\" content=\"https:\/\/www.intarcon.com\/fr\/projet-efimarket\/\" \/>\n<meta property=\"og:site_name\" content=\"INTARCON\" \/>\n<meta property=\"article:publisher\" content=\"https:\/\/www.facebook.com\/intarcon\/\" \/>\n<meta property=\"article:modified_time\" content=\"2022-03-04T10:41:30+00:00\" \/>\n<meta property=\"og:image\" content=\"https:\/\/www.intarcon.com\/wp-content\/uploads\/2016\/05\/proyecto_efimarket-e1494433221488.png\" \/>\n<meta name=\"twitter:card\" content=\"summary_large_image\" \/>\n<meta name=\"twitter:site\" content=\"@Intarcon\" \/>\n<meta name=\"twitter:label1\" content=\"Est. reading time\" \/>\n\t<meta name=\"twitter:data1\" content=\"2 minutes\" \/>\n<script type=\"application\/ld+json\" class=\"yoast-schema-graph\">{\"@context\":\"https:\/\/schema.org\",\"@graph\":[{\"@type\":\"WebPage\",\"@id\":\"https:\/\/www.intarcon.com\/fr\/projet-efimarket\/\",\"url\":\"https:\/\/www.intarcon.com\/fr\/projet-efimarket\/\",\"name\":\"Projet efimarket - INTARCON\",\"isPartOf\":{\"@id\":\"https:\/\/www.intarcon.com\/fr\/#website\"},\"primaryImageOfPage\":{\"@id\":\"https:\/\/www.intarcon.com\/fr\/projet-efimarket\/#primaryimage\"},\"image\":{\"@id\":\"https:\/\/www.intarcon.com\/fr\/projet-efimarket\/#primaryimage\"},\"thumbnailUrl\":\"https:\/\/www.intarcon.com\/wp-content\/uploads\/2016\/05\/proyecto_efimarket-e1494433221488.png\",\"datePublished\":\"2019-07-01T14:07:51+00:00\",\"dateModified\":\"2022-03-04T10:41:30+00:00\",\"description\":\"Le projet EFIMARKET consiste \u00e0 d\u00e9velopper une installation de refroidissement combin\u00e9e pour la r\u00e9frig\u00e9ration et la climatisation dans les supermarch\u00e9s.\",\"breadcrumb\":{\"@id\":\"https:\/\/www.intarcon.com\/fr\/projet-efimarket\/#breadcrumb\"},\"inLanguage\":\"fr\",\"potentialAction\":[{\"@type\":\"ReadAction\",\"target\":[\"https:\/\/www.intarcon.com\/fr\/projet-efimarket\/\"]}]},{\"@type\":\"ImageObject\",\"inLanguage\":\"fr\",\"@id\":\"https:\/\/www.intarcon.com\/fr\/projet-efimarket\/#primaryimage\",\"url\":\"https:\/\/www.intarcon.com\/wp-content\/uploads\/2016\/05\/proyecto_efimarket-e1494433221488.png\",\"contentUrl\":\"https:\/\/www.intarcon.com\/wp-content\/uploads\/2016\/05\/proyecto_efimarket-e1494433221488.png\"},{\"@type\":\"BreadcrumbList\",\"@id\":\"https:\/\/www.intarcon.com\/fr\/projet-efimarket\/#breadcrumb\",\"itemListElement\":[{\"@type\":\"ListItem\",\"position\":1,\"name\":\"Portada\",\"item\":\"https:\/\/www.intarcon.com\/fr\/\"},{\"@type\":\"ListItem\",\"position\":2,\"name\":\"Projet efimarket\"}]},{\"@type\":\"WebSite\",\"@id\":\"https:\/\/www.intarcon.com\/fr\/#website\",\"url\":\"https:\/\/www.intarcon.com\/fr\/\",\"name\":\"INTARCON\",\"description\":\"\",\"potentialAction\":[{\"@type\":\"SearchAction\",\"target\":{\"@type\":\"EntryPoint\",\"urlTemplate\":\"https:\/\/www.intarcon.com\/fr\/?s={search_term_string}\"},\"query-input\":{\"@type\":\"PropertyValueSpecification\",\"valueRequired\":true,\"valueName\":\"search_term_string\"}}],\"inLanguage\":\"fr\"}]}<\/script>\n<!-- \/ Yoast SEO plugin. -->","yoast_head_json":{"title":"Projet efimarket - INTARCON","description":"Le projet EFIMARKET consiste \u00e0 d\u00e9velopper une installation de refroidissement combin\u00e9e pour la r\u00e9frig\u00e9ration et la climatisation dans les supermarch\u00e9s.","robots":{"index":"index","follow":"follow","max-snippet":"max-snippet:-1","max-image-preview":"max-image-preview:large","max-video-preview":"max-video-preview:-1"},"canonical":"https:\/\/www.intarcon.com\/fr\/projet-efimarket\/","og_locale":"fr_FR","og_type":"article","og_title":"Projet efimarket - INTARCON","og_description":"Le projet EFIMARKET consiste \u00e0 d\u00e9velopper une installation de refroidissement combin\u00e9e pour la r\u00e9frig\u00e9ration et la climatisation dans les supermarch\u00e9s.","og_url":"https:\/\/www.intarcon.com\/fr\/projet-efimarket\/","og_site_name":"INTARCON","article_publisher":"https:\/\/www.facebook.com\/intarcon\/","article_modified_time":"2022-03-04T10:41:30+00:00","og_image":[{"url":"https:\/\/www.intarcon.com\/wp-content\/uploads\/2016\/05\/proyecto_efimarket-e1494433221488.png","type":"","width":"","height":""}],"twitter_card":"summary_large_image","twitter_site":"@Intarcon","twitter_misc":{"Est. reading time":"2 minutes"},"schema":{"@context":"https:\/\/schema.org","@graph":[{"@type":"WebPage","@id":"https:\/\/www.intarcon.com\/fr\/projet-efimarket\/","url":"https:\/\/www.intarcon.com\/fr\/projet-efimarket\/","name":"Projet efimarket - INTARCON","isPartOf":{"@id":"https:\/\/www.intarcon.com\/fr\/#website"},"primaryImageOfPage":{"@id":"https:\/\/www.intarcon.com\/fr\/projet-efimarket\/#primaryimage"},"image":{"@id":"https:\/\/www.intarcon.com\/fr\/projet-efimarket\/#primaryimage"},"thumbnailUrl":"https:\/\/www.intarcon.com\/wp-content\/uploads\/2016\/05\/proyecto_efimarket-e1494433221488.png","datePublished":"2019-07-01T14:07:51+00:00","dateModified":"2022-03-04T10:41:30+00:00","description":"Le projet EFIMARKET consiste \u00e0 d\u00e9velopper une installation de refroidissement combin\u00e9e pour la r\u00e9frig\u00e9ration et la climatisation dans les supermarch\u00e9s.","breadcrumb":{"@id":"https:\/\/www.intarcon.com\/fr\/projet-efimarket\/#breadcrumb"},"inLanguage":"fr","potentialAction":[{"@type":"ReadAction","target":["https:\/\/www.intarcon.com\/fr\/projet-efimarket\/"]}]},{"@type":"ImageObject","inLanguage":"fr","@id":"https:\/\/www.intarcon.com\/fr\/projet-efimarket\/#primaryimage","url":"https:\/\/www.intarcon.com\/wp-content\/uploads\/2016\/05\/proyecto_efimarket-e1494433221488.png","contentUrl":"https:\/\/www.intarcon.com\/wp-content\/uploads\/2016\/05\/proyecto_efimarket-e1494433221488.png"},{"@type":"BreadcrumbList","@id":"https:\/\/www.intarcon.com\/fr\/projet-efimarket\/#breadcrumb","itemListElement":[{"@type":"ListItem","position":1,"name":"Portada","item":"https:\/\/www.intarcon.com\/fr\/"},{"@type":"ListItem","position":2,"name":"Projet efimarket"}]},{"@type":"WebSite","@id":"https:\/\/www.intarcon.com\/fr\/#website","url":"https:\/\/www.intarcon.com\/fr\/","name":"INTARCON","description":"","potentialAction":[{"@type":"SearchAction","target":{"@type":"EntryPoint","urlTemplate":"https:\/\/www.intarcon.com\/fr\/?s={search_term_string}"},"query-input":{"@type":"PropertyValueSpecification","valueRequired":true,"valueName":"search_term_string"}}],"inLanguage":"fr"}]}},"_links":{"self":[{"href":"https:\/\/www.intarcon.com\/fr\/wp-json\/wp\/v2\/pages\/51659","targetHints":{"allow":["GET"]}}],"collection":[{"href":"https:\/\/www.intarcon.com\/fr\/wp-json\/wp\/v2\/pages"}],"about":[{"href":"https:\/\/www.intarcon.com\/fr\/wp-json\/wp\/v2\/types\/page"}],"author":[{"embeddable":true,"href":"https:\/\/www.intarcon.com\/fr\/wp-json\/wp\/v2\/users\/2"}],"replies":[{"embeddable":true,"href":"https:\/\/www.intarcon.com\/fr\/wp-json\/wp\/v2\/comments?post=51659"}],"version-history":[{"count":0,"href":"https:\/\/www.intarcon.com\/fr\/wp-json\/wp\/v2\/pages\/51659\/revisions"}],"wp:attachment":[{"href":"https:\/\/www.intarcon.com\/fr\/wp-json\/wp\/v2\/media?parent=51659"}],"curies":[{"name":"wp","href":"https:\/\/api.w.org\/{rel}","templated":true}]}}