{"id":51634,"date":"2019-07-01T16:18:17","date_gmt":"2019-07-01T14:18:17","guid":{"rendered":"https:\/\/www.intarcon.com\/proyecto-efficity\/"},"modified":"2022-03-04T12:28:26","modified_gmt":"2022-03-04T10:28:26","slug":"projet-efficity","status":"publish","type":"page","link":"https:\/\/www.intarcon.com\/fr\/projet-efficity\/","title":{"rendered":"Projet EFFICITY"},"content":{"rendered":"\t\t<div data-elementor-type=\"wp-page\" data-elementor-id=\"51634\" class=\"elementor elementor-51634 elementor-9057\" data-elementor-post-type=\"page\">\n\t\t\t\t\t\t<section class=\"elementor-section elementor-top-section elementor-element elementor-element-689ba3a elementor-section-boxed elementor-section-height-default elementor-section-height-default\" data-id=\"689ba3a\" data-element_type=\"section\">\r\n\t\t\r\n\t\t\t\t\t\t\t<div class=\"elementor-container elementor-column-gap-default\">\r\n\t\t\t\t\t\t\t\t\t\t\t<div class=\"elementor-column elementor-col-100 elementor-top-column elementor-element elementor-element-5c4f8e5\" data-id=\"5c4f8e5\" data-element_type=\"column\">\r\n\t\t\t\t\t<div class=\"elementor-widget-wrap elementor-element-populated\">\r\n\t\t\t\t\t\t\t\t<div class=\"elementor-element elementor-element-0e92c9a elementor-widget elementor-widget-image\" data-id=\"0e92c9a\" data-element_type=\"widget\" data-widget_type=\"image.default\">\n\t\t\t\t<div class=\"elementor-widget-container\">\n\t\t\t\t\t\t\t\t\t\t\t\t\t\t\t<img decoding=\"async\" src=\"https:\/\/www.intarcon.com\/wp-content\/uploads\/2017\/05\/proyecto_efficity-e1494836384120.png\" title=\"\" alt=\"\" class=\"elementor-animation-shrink\" loading=\"lazy\" \/>\t\t\t\t\t\t\t\t\t\t\t\t\t\t\t<\/div>\n\t\t\t\t<\/div>\n\t\t\t\t<div class=\"elementor-element elementor-element-0127d78 elementor-widget elementor-widget-heading\" data-id=\"0127d78\" data-element_type=\"widget\" data-widget_type=\"heading.default\">\n\t\t\t\t<div class=\"elementor-widget-container\">\n\t\t\t\t\t<h1 class=\"elementor-heading-title elementor-size-default\">Projet EFFICITY<\/h1>\t\t\t\t<\/div>\n\t\t\t\t<\/div>\n\t\t\t\t<div class=\"elementor-element elementor-element-f299bf9 elementor-widget elementor-widget-heading\" data-id=\"f299bf9\" data-element_type=\"widget\" data-widget_type=\"heading.default\">\n\t\t\t\t<div class=\"elementor-widget-container\">\n\t\t\t\t\t<h2 class=\"elementor-heading-title elementor-size-default\">D\u00e9veloppement de cycles de r\u00e9frig\u00e9ration efficaces pour le transport urbain \u00e9lectrique ultra-l\u00e9ger et les applications domestiques, avec des solutions de ventilation performantes et une maintenance pr\u00e9dictive - EFFICITY.<\/h2>\t\t\t\t<\/div>\n\t\t\t\t<\/div>\n\t\t\t\t<div class=\"elementor-element elementor-element-34b27f54 elementor-widget elementor-widget-text-editor\" data-id=\"34b27f54\" data-element_type=\"widget\" data-widget_type=\"text-editor.default\">\n\t\t\t\t<div class=\"elementor-widget-container\">\n\t\t\t\t\t\t\t\t\t<p>L&#8217;objectif du projet EFFICITY est de r\u00e9duire l&#8217;impact environnemental et d&#8217;am\u00e9liorer l&#8217;efficacit\u00e9 \u00e9nerg\u00e9tique des \u00e9quipements de r\u00e9frig\u00e9ration en r\u00e9duisant leur poids et leur taille et en augmentant leurs performances et leur efficacit\u00e9. Le projet portera sur des solutions pour les cycles de r\u00e9frig\u00e9ration bas\u00e9es sur les \u00e9nergies renouvelables.<\/p><p>Ce projet implique les entreprises International Hispacold, S.A., ainsi que Industrias de Tecnolog\u00edas Aplicadas de Refrigeraci\u00f3n y Conservaci\u00f3n, S.L. &#8211; INTARCON-.<\/p><p>Le projet EFFICITY a re\u00e7u un soutien financier du CDTI dans le cadre de l&#8217;appel &#8220;Coop\u00e9ration r\u00e9gionale en R&amp;D (Feder-Innterconecta) 2016&#8221;. Il a \u00e9galement \u00e9t\u00e9 soutenu par le minist\u00e8re de l&#8217;\u00e9conomie et de la comp\u00e9titivit\u00e9, et cofinanc\u00e9 par les Fonds structurels de l&#8217;Union europ\u00e9enne.<\/p>\t\t\t\t\t\t\t\t<\/div>\n\t\t\t\t<\/div>\n\t\t\t\t\t<\/div>\r\n\t\t\t\t<\/div>\r\n\t\t\t\t\t<\/div>\r\n\t\t\t\t<\/section>\r\n\t\t\t\t<\/div>\n\t\t","protected":false},"excerpt":{"rendered":"<p>Projet EFFICITY D\u00e9veloppement de cycles de r\u00e9frig\u00e9ration efficaces pour le transport urbain \u00e9lectrique ultra-l\u00e9ger et les applications domestiques, avec des solutions de ventilation performantes et une maintenance pr\u00e9dictive &#8211; EFFICITY. L&#8217;objectif du projet EFFICITY est de r\u00e9duire l&#8217;impact environnemental et d&#8217;am\u00e9liorer l&#8217;efficacit\u00e9 \u00e9nerg\u00e9tique des \u00e9quipements de r\u00e9frig\u00e9ration en r\u00e9duisant leur poids et leur taille et [&hellip;]<\/p>\n","protected":false},"author":2,"featured_media":0,"parent":0,"menu_order":0,"comment_status":"closed","ping_status":"closed","template":"","meta":{"footnotes":""},"class_list":["post-51634","page","type-page","status-publish","hentry"],"yoast_head":"<!-- This site is optimized with the Yoast SEO plugin v25.5 - https:\/\/yoast.com\/wordpress\/plugins\/seo\/ -->\n<title>Projet EFFICITY - INTARCON<\/title>\n<meta name=\"description\" content=\"L&#039;objectif du projet EFFICITY est de r\u00e9duire l&#039;impact environnemental et d&#039;am\u00e9liorer l&#039;efficacit\u00e9 \u00e9nerg\u00e9tique en r\u00e9duisant le poids.\" \/>\n<meta name=\"robots\" content=\"index, follow, max-snippet:-1, max-image-preview:large, max-video-preview:-1\" \/>\n<link rel=\"canonical\" href=\"https:\/\/www.intarcon.com\/fr\/projet-efficity\/\" \/>\n<meta property=\"og:locale\" content=\"fr_FR\" \/>\n<meta property=\"og:type\" content=\"article\" \/>\n<meta property=\"og:title\" content=\"Projet EFFICITY - INTARCON\" \/>\n<meta property=\"og:description\" content=\"L&#039;objectif du projet EFFICITY est de r\u00e9duire l&#039;impact environnemental et d&#039;am\u00e9liorer l&#039;efficacit\u00e9 \u00e9nerg\u00e9tique en r\u00e9duisant le poids.\" \/>\n<meta property=\"og:url\" content=\"https:\/\/www.intarcon.com\/fr\/projet-efficity\/\" \/>\n<meta property=\"og:site_name\" content=\"INTARCON\" \/>\n<meta property=\"article:publisher\" content=\"https:\/\/www.facebook.com\/intarcon\/\" \/>\n<meta property=\"article:modified_time\" content=\"2022-03-04T10:28:26+00:00\" \/>\n<meta property=\"og:image\" content=\"https:\/\/www.intarcon.com\/wp-content\/uploads\/2017\/05\/proyecto_efficity-e1494836384120.png\" \/>\n<meta name=\"twitter:card\" content=\"summary_large_image\" \/>\n<meta name=\"twitter:site\" content=\"@Intarcon\" \/>\n<meta name=\"twitter:label1\" content=\"Est. reading time\" \/>\n\t<meta name=\"twitter:data1\" content=\"1 minute\" \/>\n<script type=\"application\/ld+json\" class=\"yoast-schema-graph\">{\"@context\":\"https:\/\/schema.org\",\"@graph\":[{\"@type\":\"WebPage\",\"@id\":\"https:\/\/www.intarcon.com\/fr\/projet-efficity\/\",\"url\":\"https:\/\/www.intarcon.com\/fr\/projet-efficity\/\",\"name\":\"Projet EFFICITY - INTARCON\",\"isPartOf\":{\"@id\":\"https:\/\/www.intarcon.com\/fr\/#website\"},\"primaryImageOfPage\":{\"@id\":\"https:\/\/www.intarcon.com\/fr\/projet-efficity\/#primaryimage\"},\"image\":{\"@id\":\"https:\/\/www.intarcon.com\/fr\/projet-efficity\/#primaryimage\"},\"thumbnailUrl\":\"https:\/\/www.intarcon.com\/wp-content\/uploads\/2017\/05\/proyecto_efficity-e1494836384120.png\",\"datePublished\":\"2019-07-01T14:18:17+00:00\",\"dateModified\":\"2022-03-04T10:28:26+00:00\",\"description\":\"L'objectif du projet EFFICITY est de r\u00e9duire l'impact environnemental et d'am\u00e9liorer l'efficacit\u00e9 \u00e9nerg\u00e9tique en r\u00e9duisant le poids.\",\"breadcrumb\":{\"@id\":\"https:\/\/www.intarcon.com\/fr\/projet-efficity\/#breadcrumb\"},\"inLanguage\":\"fr\",\"potentialAction\":[{\"@type\":\"ReadAction\",\"target\":[\"https:\/\/www.intarcon.com\/fr\/projet-efficity\/\"]}]},{\"@type\":\"ImageObject\",\"inLanguage\":\"fr\",\"@id\":\"https:\/\/www.intarcon.com\/fr\/projet-efficity\/#primaryimage\",\"url\":\"https:\/\/www.intarcon.com\/wp-content\/uploads\/2017\/05\/proyecto_efficity-e1494836384120.png\",\"contentUrl\":\"https:\/\/www.intarcon.com\/wp-content\/uploads\/2017\/05\/proyecto_efficity-e1494836384120.png\"},{\"@type\":\"BreadcrumbList\",\"@id\":\"https:\/\/www.intarcon.com\/fr\/projet-efficity\/#breadcrumb\",\"itemListElement\":[{\"@type\":\"ListItem\",\"position\":1,\"name\":\"Portada\",\"item\":\"https:\/\/www.intarcon.com\/fr\/\"},{\"@type\":\"ListItem\",\"position\":2,\"name\":\"Projet EFFICITY\"}]},{\"@type\":\"WebSite\",\"@id\":\"https:\/\/www.intarcon.com\/fr\/#website\",\"url\":\"https:\/\/www.intarcon.com\/fr\/\",\"name\":\"INTARCON\",\"description\":\"\",\"potentialAction\":[{\"@type\":\"SearchAction\",\"target\":{\"@type\":\"EntryPoint\",\"urlTemplate\":\"https:\/\/www.intarcon.com\/fr\/?s={search_term_string}\"},\"query-input\":{\"@type\":\"PropertyValueSpecification\",\"valueRequired\":true,\"valueName\":\"search_term_string\"}}],\"inLanguage\":\"fr\"}]}<\/script>\n<!-- \/ Yoast SEO plugin. -->","yoast_head_json":{"title":"Projet EFFICITY - INTARCON","description":"L'objectif du projet EFFICITY est de r\u00e9duire l'impact environnemental et d'am\u00e9liorer l'efficacit\u00e9 \u00e9nerg\u00e9tique en r\u00e9duisant le poids.","robots":{"index":"index","follow":"follow","max-snippet":"max-snippet:-1","max-image-preview":"max-image-preview:large","max-video-preview":"max-video-preview:-1"},"canonical":"https:\/\/www.intarcon.com\/fr\/projet-efficity\/","og_locale":"fr_FR","og_type":"article","og_title":"Projet EFFICITY - INTARCON","og_description":"L'objectif du projet EFFICITY est de r\u00e9duire l'impact environnemental et d'am\u00e9liorer l'efficacit\u00e9 \u00e9nerg\u00e9tique en r\u00e9duisant le poids.","og_url":"https:\/\/www.intarcon.com\/fr\/projet-efficity\/","og_site_name":"INTARCON","article_publisher":"https:\/\/www.facebook.com\/intarcon\/","article_modified_time":"2022-03-04T10:28:26+00:00","og_image":[{"url":"https:\/\/www.intarcon.com\/wp-content\/uploads\/2017\/05\/proyecto_efficity-e1494836384120.png","type":"","width":"","height":""}],"twitter_card":"summary_large_image","twitter_site":"@Intarcon","twitter_misc":{"Est. reading time":"1 minute"},"schema":{"@context":"https:\/\/schema.org","@graph":[{"@type":"WebPage","@id":"https:\/\/www.intarcon.com\/fr\/projet-efficity\/","url":"https:\/\/www.intarcon.com\/fr\/projet-efficity\/","name":"Projet EFFICITY - INTARCON","isPartOf":{"@id":"https:\/\/www.intarcon.com\/fr\/#website"},"primaryImageOfPage":{"@id":"https:\/\/www.intarcon.com\/fr\/projet-efficity\/#primaryimage"},"image":{"@id":"https:\/\/www.intarcon.com\/fr\/projet-efficity\/#primaryimage"},"thumbnailUrl":"https:\/\/www.intarcon.com\/wp-content\/uploads\/2017\/05\/proyecto_efficity-e1494836384120.png","datePublished":"2019-07-01T14:18:17+00:00","dateModified":"2022-03-04T10:28:26+00:00","description":"L'objectif du projet EFFICITY est de r\u00e9duire l'impact environnemental et d'am\u00e9liorer l'efficacit\u00e9 \u00e9nerg\u00e9tique en r\u00e9duisant le poids.","breadcrumb":{"@id":"https:\/\/www.intarcon.com\/fr\/projet-efficity\/#breadcrumb"},"inLanguage":"fr","potentialAction":[{"@type":"ReadAction","target":["https:\/\/www.intarcon.com\/fr\/projet-efficity\/"]}]},{"@type":"ImageObject","inLanguage":"fr","@id":"https:\/\/www.intarcon.com\/fr\/projet-efficity\/#primaryimage","url":"https:\/\/www.intarcon.com\/wp-content\/uploads\/2017\/05\/proyecto_efficity-e1494836384120.png","contentUrl":"https:\/\/www.intarcon.com\/wp-content\/uploads\/2017\/05\/proyecto_efficity-e1494836384120.png"},{"@type":"BreadcrumbList","@id":"https:\/\/www.intarcon.com\/fr\/projet-efficity\/#breadcrumb","itemListElement":[{"@type":"ListItem","position":1,"name":"Portada","item":"https:\/\/www.intarcon.com\/fr\/"},{"@type":"ListItem","position":2,"name":"Projet EFFICITY"}]},{"@type":"WebSite","@id":"https:\/\/www.intarcon.com\/fr\/#website","url":"https:\/\/www.intarcon.com\/fr\/","name":"INTARCON","description":"","potentialAction":[{"@type":"SearchAction","target":{"@type":"EntryPoint","urlTemplate":"https:\/\/www.intarcon.com\/fr\/?s={search_term_string}"},"query-input":{"@type":"PropertyValueSpecification","valueRequired":true,"valueName":"search_term_string"}}],"inLanguage":"fr"}]}},"_links":{"self":[{"href":"https:\/\/www.intarcon.com\/fr\/wp-json\/wp\/v2\/pages\/51634","targetHints":{"allow":["GET"]}}],"collection":[{"href":"https:\/\/www.intarcon.com\/fr\/wp-json\/wp\/v2\/pages"}],"about":[{"href":"https:\/\/www.intarcon.com\/fr\/wp-json\/wp\/v2\/types\/page"}],"author":[{"embeddable":true,"href":"https:\/\/www.intarcon.com\/fr\/wp-json\/wp\/v2\/users\/2"}],"replies":[{"embeddable":true,"href":"https:\/\/www.intarcon.com\/fr\/wp-json\/wp\/v2\/comments?post=51634"}],"version-history":[{"count":0,"href":"https:\/\/www.intarcon.com\/fr\/wp-json\/wp\/v2\/pages\/51634\/revisions"}],"wp:attachment":[{"href":"https:\/\/www.intarcon.com\/fr\/wp-json\/wp\/v2\/media?parent=51634"}],"curies":[{"name":"wp","href":"https:\/\/api.w.org\/{rel}","templated":true}]}}