{"id":51621,"date":"2019-07-01T16:11:33","date_gmt":"2019-07-01T14:11:33","guid":{"rendered":"https:\/\/www.intarcon.com\/proyecto-eco2market\/"},"modified":"2022-03-04T12:14:18","modified_gmt":"2022-03-04T10:14:18","slug":"proyecto-eco2market","status":"publish","type":"page","link":"https:\/\/www.intarcon.com\/fr\/proyecto-eco2market\/","title":{"rendered":"Proyecto ECO2market"},"content":{"rendered":"\t\t<div data-elementor-type=\"wp-page\" data-elementor-id=\"51621\" class=\"elementor elementor-51621 elementor-9028\" data-elementor-post-type=\"page\">\n\t\t\t\t\t\t<section class=\"elementor-section elementor-top-section elementor-element elementor-element-1b35bb5 elementor-section-boxed elementor-section-height-default elementor-section-height-default\" data-id=\"1b35bb5\" data-element_type=\"section\">\r\n\t\t\r\n\t\t\t\t\t\t\t<div class=\"elementor-container elementor-column-gap-default\">\r\n\t\t\t\t\t\t\t\t\t\t\t<div class=\"elementor-column elementor-col-100 elementor-top-column elementor-element elementor-element-042a071\" data-id=\"042a071\" data-element_type=\"column\">\r\n\t\t\t\t\t<div class=\"elementor-widget-wrap elementor-element-populated\">\r\n\t\t\t\t\t\t\t\t<div class=\"elementor-element elementor-element-664564d elementor-widget elementor-widget-heading\" data-id=\"664564d\" data-element_type=\"widget\" data-widget_type=\"heading.default\">\n\t\t\t\t<div class=\"elementor-widget-container\">\n\t\t\t\t\t<h2 class=\"elementor-heading-title elementor-size-default\">ECO2Market project<\/h2>\t\t\t\t<\/div>\n\t\t\t\t<\/div>\n\t\t\t\t\t<\/div>\r\n\t\t\t\t<\/div>\r\n\t\t\t\t\t<\/div>\r\n\t\t\t\t<\/section>\r\n\t\t\t\t<section class=\"elementor-section elementor-top-section elementor-element elementor-element-4407dfee elementor-section-boxed elementor-section-height-default elementor-section-height-default\" data-id=\"4407dfee\" data-element_type=\"section\">\r\n\t\t\r\n\t\t\t\t\t\t\t<div class=\"elementor-container elementor-column-gap-default\">\r\n\t\t\t\t\t\t\t\t\t\t\t<div class=\"elementor-column elementor-col-100 elementor-top-column elementor-element elementor-element-29b76048\" data-id=\"29b76048\" data-element_type=\"column\">\r\n\t\t\t\t\t<div class=\"elementor-widget-wrap elementor-element-populated\">\r\n\t\t\t\t\t\t\t\t<div class=\"elementor-element elementor-element-354471f4 elementor-widget elementor-widget-text-editor\" data-id=\"354471f4\" data-element_type=\"widget\" data-widget_type=\"text-editor.default\">\n\t\t\t\t<div class=\"elementor-widget-container\">\n\t\t\t\t\t\t\t\t\t<p>L&#8217;objectif du projet ECO2MARKET est le d\u00e9veloppement d&#8217;installations de r\u00e9frig\u00e9ration \u00e0 faible impact environnemental appliqu\u00e9es aux supermarch\u00e9s, par l&#8217;utilisation de r\u00e9frig\u00e9rants naturels et l&#8217;\u00e9limination pratique du risque de fuites de r\u00e9frig\u00e9rants \u00e0 potentiel de r\u00e9chauffement global. Le projet promu par l&#8217;AFAR (Association Andalouse des Fabricants de R\u00e9frig\u00e9ration) cherche \u00e0 combiner les capacit\u00e9s techniques des diff\u00e9rents fabricants pour d\u00e9velopper et proposer au march\u00e9 un nouveau mod\u00e8le d&#8217;installation frigorifique appliqu\u00e9 aux supermarch\u00e9s.<\/p><p>Les r\u00e9cents changements r\u00e9glementaires et fiscaux ont boulevers\u00e9 le secteur de la r\u00e9frig\u00e9ration en Espagne. D&#8217;une part, l&#8217;entr\u00e9e en vigueur en 2014 d&#8217;une nouvelle taxe sur les \u00e9missions de gaz \u00e0 effet de serre fluor\u00e9s, qui taxe significativement les 6 millions de tonnes d&#8217;\u00e9quivalent CO2 \u00e9mises dans l&#8217;atmosph\u00e8re par les installations de r\u00e9frig\u00e9ration en Espagne.<\/p><p>D&#8217;autre part, l&#8217;approbation au Parlement europ\u00e9en de la directive F-Gas (r\u00e8glement (UE) n\u00b0 517\/2014), qui \u00e9tablit un nouveau calendrier pour l&#8217;interdiction des HFC, compromet s\u00e9rieusement la viabilit\u00e9 \u00e0 moyen terme des solutions de r\u00e9frig\u00e9ration actuelles.<\/p><p>L&#8217;un des secteurs particuli\u00e8rement touch\u00e9s est celui de la distribution alimentaire. En effet, les installations de r\u00e9frig\u00e9ration des supermarch\u00e9s utilisant l&#8217;expansion directe du r\u00e9frig\u00e9rant se caract\u00e9risent par une charge importante de gaz \u00e0 effet de serre, avec un taux de fuite difficilement \u00e9vitable.<\/p><p>S&#8217;appuyant sur le projet &#8220;efimarket&#8221;, l&#8217;objectif global du projet est de d\u00e9velopper des syst\u00e8mes de r\u00e9frig\u00e9ration pour supermarch\u00e9s qui \u00e9liminent le risque de fuite de r\u00e9frig\u00e9rants fluor\u00e9s \u00e0 effet de serre en utilisant la technologie du CO2. L&#8217;objectif partiel d&#8217;INTARCON dans le cadre du projet est de d\u00e9velopper une installation frigorifique CO2 sous-critique o\u00f9 la charge HFC est confin\u00e9e dans un circuit herm\u00e9tique \u00e0 faible charge, et qui combine la production de froid positif et n\u00e9gatif, ainsi que la r\u00e9cup\u00e9ration de chaleur pour le chauffage.<\/p><p>Le projet ECOMARKET a re\u00e7u le soutien financier du CDTI dans le cadre de l&#8217;appel \u00e0 coop\u00e9ration r\u00e9gionale en R&amp;D (Feder-Innterconecta) 2015 du minist\u00e8re de l&#8217;\u00c9conomie et de la Comp\u00e9titivit\u00e9 du gouvernement espagnol, et cofinanc\u00e9 par les Fonds structurels de l&#8217;Union europ\u00e9enne.<\/p><p>Les r\u00e9cents changements r\u00e9glementaires et fiscaux ont boulevers\u00e9 le secteur de la r\u00e9frig\u00e9ration en Espagne. D&#8217;une part, l&#8217;entr\u00e9e en vigueur en 2014 d&#8217;une nouvelle taxe sur les \u00e9missions de gaz \u00e0 effet de serre fluor\u00e9s, qui taxe significativement les 6 millions de tonnes d&#8217;\u00e9quivalent CO2 \u00e9mises dans l&#8217;atmosph\u00e8re par les installations de r\u00e9frig\u00e9ration en Espagne.<\/p><p>D&#8217;autre part, l&#8217;approbation au Parlement europ\u00e9en de la directive F-Gas (r\u00e8glement (UE) n\u00b0 517\/2014), qui \u00e9tablit un nouveau calendrier pour l&#8217;interdiction des HFC, compromet s\u00e9rieusement la viabilit\u00e9 \u00e0 moyen terme des solutions de r\u00e9frig\u00e9ration actuelles.<\/p><p>L&#8217;un des secteurs particuli\u00e8rement touch\u00e9s est celui de la distribution alimentaire. En effet, les installations de r\u00e9frig\u00e9ration des supermarch\u00e9s utilisant l&#8217;expansion directe du r\u00e9frig\u00e9rant se caract\u00e9risent par une charge importante de gaz \u00e0 effet de serre, avec un taux de fuite difficilement \u00e9vitable.<\/p><p>S&#8217;appuyant sur le projet &#8220;efimarket&#8221;, l&#8217;objectif global du projet est de d\u00e9velopper des syst\u00e8mes de r\u00e9frig\u00e9ration pour supermarch\u00e9s qui \u00e9liminent le risque de fuite de r\u00e9frig\u00e9rants fluor\u00e9s \u00e0 effet de serre en utilisant la technologie du CO2. L&#8217;objectif partiel d&#8217;INTARCON dans le cadre du projet est de d\u00e9velopper une installation frigorifique CO2 sous-critique o\u00f9 la charge HFC est confin\u00e9e dans un circuit herm\u00e9tique \u00e0 faible charge, et qui combine la production de froid positif et n\u00e9gatif, ainsi que la r\u00e9cup\u00e9ration de chaleur pour le chauffage.<\/p><p>Le projet ECOMARKET a re\u00e7u le soutien financier du CDTI dans le cadre de l&#8217;appel \u00e0 coop\u00e9ration r\u00e9gionale en R&amp;D (Feder-Innterconecta) 2015 du minist\u00e8re de l&#8217;\u00c9conomie et de la Comp\u00e9titivit\u00e9 du gouvernement espagnol, et cofinanc\u00e9 par les Fonds structurels de l&#8217;Union europ\u00e9enne.<\/p>\t\t\t\t\t\t\t\t<\/div>\n\t\t\t\t<\/div>\n\t\t\t\t\t<\/div>\r\n\t\t\t\t<\/div>\r\n\t\t\t\t\t<\/div>\r\n\t\t\t\t<\/section>\r\n\t\t\t\t<\/div>\n\t\t","protected":false},"excerpt":{"rendered":"<p>El objetivo del proyecto ECO2MARKET es el desarrollo de instalaciones de refrigeraci\u00f3n de bajo impacto ambiental aplicadas a supermercados, a trav\u00e9s de la utilizaci\u00f3n de refrigerantes naturales y de la pr\u00e1ctica eliminaci\u00f3n del riesgo de fugas de refrigerantes con Potencial de Calentamiento Atmosf\u00e9rico. Proyecto promovido por AFAR (Asociaci\u00f3n de Fabricantes Andaluces de Refrigeraci\u00f3n) busca unir [&hellip;]<\/p>\n","protected":false},"author":2,"featured_media":0,"parent":0,"menu_order":0,"comment_status":"closed","ping_status":"closed","template":"","meta":{"footnotes":""},"class_list":["post-51621","page","type-page","status-publish","hentry"],"yoast_head":"<!-- This site is optimized with the Yoast SEO plugin v27.5 - https:\/\/yoast.com\/product\/yoast-seo-wordpress\/ -->\n<title>Proyecto ECO2market - INTARCON<\/title>\n<meta name=\"description\" content=\"El objetivo del proyecto ECO2MARKET es el desarrollo de instalaciones de refrigeraci\u00f3n de bajo impacto ambiental aplicadas a supermercados.\" \/>\n<meta name=\"robots\" content=\"index, follow, max-snippet:-1, max-image-preview:large, max-video-preview:-1\" \/>\n<link rel=\"canonical\" href=\"https:\/\/www.intarcon.com\/fr\/proyecto-eco2market\/\" \/>\n<meta property=\"og:locale\" content=\"fr_FR\" \/>\n<meta property=\"og:type\" content=\"article\" \/>\n<meta property=\"og:title\" content=\"Proyecto ECO2market - INTARCON\" \/>\n<meta property=\"og:description\" content=\"El objetivo del proyecto ECO2MARKET es el desarrollo de instalaciones de refrigeraci\u00f3n de bajo impacto ambiental aplicadas a supermercados.\" \/>\n<meta property=\"og:url\" content=\"https:\/\/www.intarcon.com\/fr\/proyecto-eco2market\/\" \/>\n<meta property=\"og:site_name\" content=\"INTARCON\" \/>\n<meta property=\"article:publisher\" content=\"https:\/\/www.facebook.com\/intarcon\/\" \/>\n<meta property=\"article:modified_time\" content=\"2022-03-04T10:14:18+00:00\" \/>\n<meta property=\"og:image\" content=\"https:\/\/www.intarcon.com\/wp-content\/uploads\/2016\/05\/proyecto_eco2market-e1494484310917.png\" \/>\n<meta name=\"twitter:card\" content=\"summary_large_image\" \/>\n<meta name=\"twitter:site\" content=\"@Intarcon\" \/>\n<meta name=\"twitter:label1\" content=\"Est. reading time\" \/>\n\t<meta name=\"twitter:data1\" content=\"3 minutes\" \/>\n<script type=\"application\/ld+json\" class=\"yoast-schema-graph\">{\"@context\":\"https:\\\/\\\/schema.org\",\"@graph\":[{\"@type\":\"WebPage\",\"@id\":\"https:\\\/\\\/www.intarcon.com\\\/fr\\\/proyecto-eco2market\\\/\",\"url\":\"https:\\\/\\\/www.intarcon.com\\\/fr\\\/proyecto-eco2market\\\/\",\"name\":\"Proyecto ECO2market - INTARCON\",\"isPartOf\":{\"@id\":\"https:\\\/\\\/www.intarcon.com\\\/fr\\\/#website\"},\"primaryImageOfPage\":{\"@id\":\"https:\\\/\\\/www.intarcon.com\\\/fr\\\/proyecto-eco2market\\\/#primaryimage\"},\"image\":{\"@id\":\"https:\\\/\\\/www.intarcon.com\\\/fr\\\/proyecto-eco2market\\\/#primaryimage\"},\"thumbnailUrl\":\"https:\\\/\\\/www.intarcon.com\\\/wp-content\\\/uploads\\\/2016\\\/05\\\/proyecto_eco2market-e1494484310917.png\",\"datePublished\":\"2019-07-01T14:11:33+00:00\",\"dateModified\":\"2022-03-04T10:14:18+00:00\",\"description\":\"El objetivo del proyecto ECO2MARKET es el desarrollo de instalaciones de refrigeraci\u00f3n de bajo impacto ambiental aplicadas a supermercados.\",\"breadcrumb\":{\"@id\":\"https:\\\/\\\/www.intarcon.com\\\/fr\\\/proyecto-eco2market\\\/#breadcrumb\"},\"inLanguage\":\"fr\",\"potentialAction\":[{\"@type\":\"ReadAction\",\"target\":[\"https:\\\/\\\/www.intarcon.com\\\/fr\\\/proyecto-eco2market\\\/\"]}]},{\"@type\":\"ImageObject\",\"inLanguage\":\"fr\",\"@id\":\"https:\\\/\\\/www.intarcon.com\\\/fr\\\/proyecto-eco2market\\\/#primaryimage\",\"url\":\"https:\\\/\\\/www.intarcon.com\\\/wp-content\\\/uploads\\\/2016\\\/05\\\/proyecto_eco2market-e1494484310917.png\",\"contentUrl\":\"https:\\\/\\\/www.intarcon.com\\\/wp-content\\\/uploads\\\/2016\\\/05\\\/proyecto_eco2market-e1494484310917.png\"},{\"@type\":\"BreadcrumbList\",\"@id\":\"https:\\\/\\\/www.intarcon.com\\\/fr\\\/proyecto-eco2market\\\/#breadcrumb\",\"itemListElement\":[{\"@type\":\"ListItem\",\"position\":1,\"name\":\"Portada\",\"item\":\"https:\\\/\\\/www.intarcon.com\\\/fr\\\/\"},{\"@type\":\"ListItem\",\"position\":2,\"name\":\"Proyecto ECO2market\"}]},{\"@type\":\"WebSite\",\"@id\":\"https:\\\/\\\/www.intarcon.com\\\/fr\\\/#website\",\"url\":\"https:\\\/\\\/www.intarcon.com\\\/fr\\\/\",\"name\":\"INTARCON\",\"description\":\"\",\"potentialAction\":[{\"@type\":\"SearchAction\",\"target\":{\"@type\":\"EntryPoint\",\"urlTemplate\":\"https:\\\/\\\/www.intarcon.com\\\/fr\\\/?s={search_term_string}\"},\"query-input\":{\"@type\":\"PropertyValueSpecification\",\"valueRequired\":true,\"valueName\":\"search_term_string\"}}],\"inLanguage\":\"fr\"}]}<\/script>\n<!-- \/ Yoast SEO plugin. -->","yoast_head_json":{"title":"Proyecto ECO2market - INTARCON","description":"El objetivo del proyecto ECO2MARKET es el desarrollo de instalaciones de refrigeraci\u00f3n de bajo impacto ambiental aplicadas a supermercados.","robots":{"index":"index","follow":"follow","max-snippet":"max-snippet:-1","max-image-preview":"max-image-preview:large","max-video-preview":"max-video-preview:-1"},"canonical":"https:\/\/www.intarcon.com\/fr\/proyecto-eco2market\/","og_locale":"fr_FR","og_type":"article","og_title":"Proyecto ECO2market - INTARCON","og_description":"El objetivo del proyecto ECO2MARKET es el desarrollo de instalaciones de refrigeraci\u00f3n de bajo impacto ambiental aplicadas a supermercados.","og_url":"https:\/\/www.intarcon.com\/fr\/proyecto-eco2market\/","og_site_name":"INTARCON","article_publisher":"https:\/\/www.facebook.com\/intarcon\/","article_modified_time":"2022-03-04T10:14:18+00:00","og_image":[{"url":"https:\/\/www.intarcon.com\/wp-content\/uploads\/2016\/05\/proyecto_eco2market-e1494484310917.png","type":"","width":"","height":""}],"twitter_card":"summary_large_image","twitter_site":"@Intarcon","twitter_misc":{"Est. reading time":"3 minutes"},"schema":{"@context":"https:\/\/schema.org","@graph":[{"@type":"WebPage","@id":"https:\/\/www.intarcon.com\/fr\/proyecto-eco2market\/","url":"https:\/\/www.intarcon.com\/fr\/proyecto-eco2market\/","name":"Proyecto ECO2market - INTARCON","isPartOf":{"@id":"https:\/\/www.intarcon.com\/fr\/#website"},"primaryImageOfPage":{"@id":"https:\/\/www.intarcon.com\/fr\/proyecto-eco2market\/#primaryimage"},"image":{"@id":"https:\/\/www.intarcon.com\/fr\/proyecto-eco2market\/#primaryimage"},"thumbnailUrl":"https:\/\/www.intarcon.com\/wp-content\/uploads\/2016\/05\/proyecto_eco2market-e1494484310917.png","datePublished":"2019-07-01T14:11:33+00:00","dateModified":"2022-03-04T10:14:18+00:00","description":"El objetivo del proyecto ECO2MARKET es el desarrollo de instalaciones de refrigeraci\u00f3n de bajo impacto ambiental aplicadas a supermercados.","breadcrumb":{"@id":"https:\/\/www.intarcon.com\/fr\/proyecto-eco2market\/#breadcrumb"},"inLanguage":"fr","potentialAction":[{"@type":"ReadAction","target":["https:\/\/www.intarcon.com\/fr\/proyecto-eco2market\/"]}]},{"@type":"ImageObject","inLanguage":"fr","@id":"https:\/\/www.intarcon.com\/fr\/proyecto-eco2market\/#primaryimage","url":"https:\/\/www.intarcon.com\/wp-content\/uploads\/2016\/05\/proyecto_eco2market-e1494484310917.png","contentUrl":"https:\/\/www.intarcon.com\/wp-content\/uploads\/2016\/05\/proyecto_eco2market-e1494484310917.png"},{"@type":"BreadcrumbList","@id":"https:\/\/www.intarcon.com\/fr\/proyecto-eco2market\/#breadcrumb","itemListElement":[{"@type":"ListItem","position":1,"name":"Portada","item":"https:\/\/www.intarcon.com\/fr\/"},{"@type":"ListItem","position":2,"name":"Proyecto ECO2market"}]},{"@type":"WebSite","@id":"https:\/\/www.intarcon.com\/fr\/#website","url":"https:\/\/www.intarcon.com\/fr\/","name":"INTARCON","description":"","potentialAction":[{"@type":"SearchAction","target":{"@type":"EntryPoint","urlTemplate":"https:\/\/www.intarcon.com\/fr\/?s={search_term_string}"},"query-input":{"@type":"PropertyValueSpecification","valueRequired":true,"valueName":"search_term_string"}}],"inLanguage":"fr"}]}},"_links":{"self":[{"href":"https:\/\/www.intarcon.com\/fr\/wp-json\/wp\/v2\/pages\/51621","targetHints":{"allow":["GET"]}}],"collection":[{"href":"https:\/\/www.intarcon.com\/fr\/wp-json\/wp\/v2\/pages"}],"about":[{"href":"https:\/\/www.intarcon.com\/fr\/wp-json\/wp\/v2\/types\/page"}],"author":[{"embeddable":true,"href":"https:\/\/www.intarcon.com\/fr\/wp-json\/wp\/v2\/users\/2"}],"replies":[{"embeddable":true,"href":"https:\/\/www.intarcon.com\/fr\/wp-json\/wp\/v2\/comments?post=51621"}],"version-history":[{"count":0,"href":"https:\/\/www.intarcon.com\/fr\/wp-json\/wp\/v2\/pages\/51621\/revisions"}],"wp:attachment":[{"href":"https:\/\/www.intarcon.com\/fr\/wp-json\/wp\/v2\/media?parent=51621"}],"curies":[{"name":"wp","href":"https:\/\/api.w.org\/{rel}","templated":true}]}}