{"id":51608,"date":"2019-07-01T16:14:39","date_gmt":"2019-07-01T14:14:39","guid":{"rendered":"https:\/\/www.intarcon.com\/proyecto-desehvac\/"},"modified":"2022-03-04T11:19:13","modified_gmt":"2022-03-04T09:19:13","slug":"projet-desehvac","status":"publish","type":"page","link":"https:\/\/www.intarcon.com\/fr\/projet-desehvac\/","title":{"rendered":"Projet DESEHVAC"},"content":{"rendered":"\t\t<div data-elementor-type=\"wp-page\" data-elementor-id=\"51608\" class=\"elementor elementor-51608 elementor-9042\" data-elementor-post-type=\"page\">\n\t\t\t\t\t\t<section class=\"elementor-section elementor-top-section elementor-element elementor-element-eec4894 elementor-section-boxed elementor-section-height-default elementor-section-height-default\" data-id=\"eec4894\" data-element_type=\"section\">\r\n\t\t\r\n\t\t\t\t\t\t\t<div class=\"elementor-container elementor-column-gap-default\">\r\n\t\t\t\t\t\t\t\t\t\t\t<div class=\"elementor-column elementor-col-100 elementor-top-column elementor-element elementor-element-51742f9\" data-id=\"51742f9\" data-element_type=\"column\">\r\n\t\t\t\t\t<div class=\"elementor-widget-wrap elementor-element-populated\">\r\n\t\t\t\t\t\t\t\t<div class=\"elementor-element elementor-element-83576a7 elementor-widget elementor-widget-image\" data-id=\"83576a7\" data-element_type=\"widget\" data-widget_type=\"image.default\">\n\t\t\t\t<div class=\"elementor-widget-container\">\n\t\t\t\t\t\t\t\t\t\t\t\t\t\t\t<img decoding=\"async\" src=\"https:\/\/www.intarcon.com\/wp-content\/uploads\/2016\/05\/proyecto_desehvac-e1494433197392.png\" title=\"\" alt=\"\" loading=\"lazy\" \/>\t\t\t\t\t\t\t\t\t\t\t\t\t\t\t<\/div>\n\t\t\t\t<\/div>\n\t\t\t\t\t<\/div>\r\n\t\t\t\t<\/div>\r\n\t\t\t\t\t<\/div>\r\n\t\t\t\t<\/section>\r\n\t\t\t\t<section class=\"elementor-section elementor-top-section elementor-element elementor-element-6549319f elementor-section-boxed elementor-section-height-default elementor-section-height-default\" data-id=\"6549319f\" data-element_type=\"section\">\r\n\t\t\r\n\t\t\t\t\t\t\t<div class=\"elementor-container elementor-column-gap-default\">\r\n\t\t\t\t\t\t\t\t\t\t\t<div class=\"elementor-column elementor-col-100 elementor-top-column elementor-element elementor-element-51c7ad32\" data-id=\"51c7ad32\" data-element_type=\"column\">\r\n\t\t\t\t\t<div class=\"elementor-widget-wrap elementor-element-populated\">\r\n\t\t\t\t\t\t\t\t<div class=\"elementor-element elementor-element-7489777 elementor-widget elementor-widget-heading\" data-id=\"7489777\" data-element_type=\"widget\" data-widget_type=\"heading.default\">\n\t\t\t\t<div class=\"elementor-widget-container\">\n\t\t\t\t\t<h2 class=\"elementor-heading-title elementor-size-default\">Conception et d\u00e9veloppement d'un syst\u00e8me de conditionnement de l'air pour le traitement de l'air de ventilation avec contr\u00f4le de la temp\u00e9rature et de l'humidit\u00e9 au moyen de la pulv\u00e9risation nanom\u00e9trique de liquides dess\u00e9chants.<\/h2>\t\t\t\t<\/div>\n\t\t\t\t<\/div>\n\t\t\t\t<div class=\"elementor-element elementor-element-35d55a5 elementor-widget elementor-widget-text-editor\" data-id=\"35d55a5\" data-element_type=\"widget\" data-widget_type=\"text-editor.default\">\n\t\t\t\t<div class=\"elementor-widget-container\">\n\t\t\t\t\t\t\t\t\t<p>DESEHVAC,\u00a0es un proyecto aprobado bajo el marco de la convocatoria FEDER Innterconecta 2015, de\u00a0cooperaci\u00f3n entre empresas y el trabajo colaborativo.<\/p><p>Le projet DESEHVAC est dirig\u00e9 par INTARCON S.L., avec la participation de ANDALUZA DE FILTROS S.L., KEYTER TECHNOLOGIES S.L., INGHO FM et YFLOW, dans le but de concevoir, d\u00e9velopper et tester des syst\u00e8mes de climatisation et de r\u00e9frig\u00e9ration indirects qui utilisent des solutions absorbantes comme r\u00e9frig\u00e9rants secondaires, avec une capacit\u00e9 de refroidissement et de d\u00e9shumidification.<\/p><p>En pulv\u00e9risant le r\u00e9frig\u00e9rant secondaire dans le flux d&#8217;air, il est possible de contr\u00f4ler sa temp\u00e9rature et son humidit\u00e9. L&#8217;effet cryoscopique de la solution absorbante permet \u00e9galement d&#8217;utiliser ce syst\u00e8me pour des applications de r\u00e9frig\u00e9ration industrielle \u00e0 basse temp\u00e9rature.\u00a0Le projet vise donc \u00e0 permettre un meilleur contr\u00f4le de l&#8217;humidit\u00e9 relative de l&#8217;environnement, en plus d&#8217;am\u00e9liorer l&#8217;efficacit\u00e9 \u00e9nerg\u00e9tique des installations.<\/p><p>La technologie d\u00e9velopp\u00e9e trouvera diverses applications dans les syst\u00e8mes de climatisation et de r\u00e9frig\u00e9ration industrielle :<\/p><ul><li>Climatisation des salles d&#8217;op\u00e9ration, avec des unit\u00e9s de traitement de l&#8217;air ext\u00e9rieur avec contr\u00f4le de la temp\u00e9rature et de l&#8217;humidit\u00e9.<\/li><li>Chambres froides \u00e0 temp\u00e9rature positive et n\u00e9gative, avec contr\u00f4le de la temp\u00e9rature et de l&#8217;humidit\u00e9.<\/li><li>Chambres de s\u00e9chage dans les usines de production de fromage et de saucisses.<\/li><\/ul><p>Un autre aspect de grande importance est la contribution de ce syst\u00e8me \u00e0 la r\u00e9duction de l&#8217;utilisation des r\u00e9frig\u00e9rants halog\u00e9n\u00e9s \u00e0 effet de serre. En effet, les syst\u00e8mes de r\u00e9frig\u00e9ration indirecte permettent de confiner le r\u00e9frig\u00e9rant de l&#8217;effet de serre dans un circuit compact avec une faible charge.<\/p>\t\t\t\t\t\t\t\t<\/div>\n\t\t\t\t<\/div>\n\t\t\t\t\t<\/div>\r\n\t\t\t\t<\/div>\r\n\t\t\t\t\t<\/div>\r\n\t\t\t\t<\/section>\r\n\t\t\t\t<\/div>\n\t\t","protected":false},"excerpt":{"rendered":"<p>Conception et d\u00e9veloppement d&#8217;un syst\u00e8me de conditionnement de l&#8217;air pour le traitement de l&#8217;air de ventilation avec contr\u00f4le de la temp\u00e9rature et de l&#8217;humidit\u00e9 au moyen de la pulv\u00e9risation nanom\u00e9trique de liquides dess\u00e9chants. DESEHVAC,\u00a0es un proyecto aprobado bajo el marco de la convocatoria FEDER Innterconecta 2015, de\u00a0cooperaci\u00f3n entre empresas y el trabajo colaborativo. Le projet [&hellip;]<\/p>\n","protected":false},"author":2,"featured_media":0,"parent":0,"menu_order":0,"comment_status":"closed","ping_status":"closed","template":"","meta":{"footnotes":""},"class_list":["post-51608","page","type-page","status-publish","hentry"],"yoast_head":"<!-- This site is optimized with the Yoast SEO plugin v25.5 - https:\/\/yoast.com\/wordpress\/plugins\/seo\/ -->\n<title>Projet DESEHVAC - Conception et d\u00e9veloppement - INTARCON<\/title>\n<meta name=\"description\" content=\"Le projet DESEHVAC porte sur la conception et le d\u00e9veloppement de la climatisation par ventilation avec contr\u00f4le de la temp\u00e9rature et de l&#039;humidit\u00e9.\" \/>\n<meta name=\"robots\" content=\"index, follow, max-snippet:-1, max-image-preview:large, max-video-preview:-1\" \/>\n<link rel=\"canonical\" href=\"https:\/\/www.intarcon.com\/fr\/projet-desehvac\/\" \/>\n<meta property=\"og:locale\" content=\"fr_FR\" \/>\n<meta property=\"og:type\" content=\"article\" \/>\n<meta property=\"og:title\" content=\"Projet DESEHVAC - Conception et d\u00e9veloppement - INTARCON\" \/>\n<meta property=\"og:description\" content=\"Le projet DESEHVAC porte sur la conception et le d\u00e9veloppement de la climatisation par ventilation avec contr\u00f4le de la temp\u00e9rature et de l&#039;humidit\u00e9.\" \/>\n<meta property=\"og:url\" content=\"https:\/\/www.intarcon.com\/fr\/projet-desehvac\/\" \/>\n<meta property=\"og:site_name\" content=\"INTARCON\" \/>\n<meta property=\"article:publisher\" content=\"https:\/\/www.facebook.com\/intarcon\/\" \/>\n<meta property=\"article:modified_time\" content=\"2022-03-04T09:19:13+00:00\" \/>\n<meta property=\"og:image\" content=\"https:\/\/www.intarcon.com\/wp-content\/uploads\/2016\/05\/proyecto_desehvac-e1494433197392.png\" \/>\n<meta name=\"twitter:card\" content=\"summary_large_image\" \/>\n<meta name=\"twitter:site\" content=\"@Intarcon\" \/>\n<meta name=\"twitter:label1\" content=\"Est. reading time\" \/>\n\t<meta name=\"twitter:data1\" content=\"2 minutes\" \/>\n<script type=\"application\/ld+json\" class=\"yoast-schema-graph\">{\"@context\":\"https:\/\/schema.org\",\"@graph\":[{\"@type\":\"WebPage\",\"@id\":\"https:\/\/www.intarcon.com\/fr\/projet-desehvac\/\",\"url\":\"https:\/\/www.intarcon.com\/fr\/projet-desehvac\/\",\"name\":\"Projet DESEHVAC - Conception et d\u00e9veloppement - INTARCON\",\"isPartOf\":{\"@id\":\"https:\/\/www.intarcon.com\/fr\/#website\"},\"primaryImageOfPage\":{\"@id\":\"https:\/\/www.intarcon.com\/fr\/projet-desehvac\/#primaryimage\"},\"image\":{\"@id\":\"https:\/\/www.intarcon.com\/fr\/projet-desehvac\/#primaryimage\"},\"thumbnailUrl\":\"https:\/\/www.intarcon.com\/wp-content\/uploads\/2016\/05\/proyecto_desehvac-e1494433197392.png\",\"datePublished\":\"2019-07-01T14:14:39+00:00\",\"dateModified\":\"2022-03-04T09:19:13+00:00\",\"description\":\"Le projet DESEHVAC porte sur la conception et le d\u00e9veloppement de la climatisation par ventilation avec contr\u00f4le de la temp\u00e9rature et de l'humidit\u00e9.\",\"breadcrumb\":{\"@id\":\"https:\/\/www.intarcon.com\/fr\/projet-desehvac\/#breadcrumb\"},\"inLanguage\":\"fr\",\"potentialAction\":[{\"@type\":\"ReadAction\",\"target\":[\"https:\/\/www.intarcon.com\/fr\/projet-desehvac\/\"]}]},{\"@type\":\"ImageObject\",\"inLanguage\":\"fr\",\"@id\":\"https:\/\/www.intarcon.com\/fr\/projet-desehvac\/#primaryimage\",\"url\":\"https:\/\/www.intarcon.com\/wp-content\/uploads\/2016\/05\/proyecto_desehvac-e1494433197392.png\",\"contentUrl\":\"https:\/\/www.intarcon.com\/wp-content\/uploads\/2016\/05\/proyecto_desehvac-e1494433197392.png\"},{\"@type\":\"BreadcrumbList\",\"@id\":\"https:\/\/www.intarcon.com\/fr\/projet-desehvac\/#breadcrumb\",\"itemListElement\":[{\"@type\":\"ListItem\",\"position\":1,\"name\":\"Portada\",\"item\":\"https:\/\/www.intarcon.com\/fr\/\"},{\"@type\":\"ListItem\",\"position\":2,\"name\":\"Projet DESEHVAC\"}]},{\"@type\":\"WebSite\",\"@id\":\"https:\/\/www.intarcon.com\/fr\/#website\",\"url\":\"https:\/\/www.intarcon.com\/fr\/\",\"name\":\"INTARCON\",\"description\":\"\",\"potentialAction\":[{\"@type\":\"SearchAction\",\"target\":{\"@type\":\"EntryPoint\",\"urlTemplate\":\"https:\/\/www.intarcon.com\/fr\/?s={search_term_string}\"},\"query-input\":{\"@type\":\"PropertyValueSpecification\",\"valueRequired\":true,\"valueName\":\"search_term_string\"}}],\"inLanguage\":\"fr\"}]}<\/script>\n<!-- \/ Yoast SEO plugin. -->","yoast_head_json":{"title":"Projet DESEHVAC - Conception et d\u00e9veloppement - INTARCON","description":"Le projet DESEHVAC porte sur la conception et le d\u00e9veloppement de la climatisation par ventilation avec contr\u00f4le de la temp\u00e9rature et de l'humidit\u00e9.","robots":{"index":"index","follow":"follow","max-snippet":"max-snippet:-1","max-image-preview":"max-image-preview:large","max-video-preview":"max-video-preview:-1"},"canonical":"https:\/\/www.intarcon.com\/fr\/projet-desehvac\/","og_locale":"fr_FR","og_type":"article","og_title":"Projet DESEHVAC - Conception et d\u00e9veloppement - INTARCON","og_description":"Le projet DESEHVAC porte sur la conception et le d\u00e9veloppement de la climatisation par ventilation avec contr\u00f4le de la temp\u00e9rature et de l'humidit\u00e9.","og_url":"https:\/\/www.intarcon.com\/fr\/projet-desehvac\/","og_site_name":"INTARCON","article_publisher":"https:\/\/www.facebook.com\/intarcon\/","article_modified_time":"2022-03-04T09:19:13+00:00","og_image":[{"url":"https:\/\/www.intarcon.com\/wp-content\/uploads\/2016\/05\/proyecto_desehvac-e1494433197392.png","type":"","width":"","height":""}],"twitter_card":"summary_large_image","twitter_site":"@Intarcon","twitter_misc":{"Est. reading time":"2 minutes"},"schema":{"@context":"https:\/\/schema.org","@graph":[{"@type":"WebPage","@id":"https:\/\/www.intarcon.com\/fr\/projet-desehvac\/","url":"https:\/\/www.intarcon.com\/fr\/projet-desehvac\/","name":"Projet DESEHVAC - Conception et d\u00e9veloppement - INTARCON","isPartOf":{"@id":"https:\/\/www.intarcon.com\/fr\/#website"},"primaryImageOfPage":{"@id":"https:\/\/www.intarcon.com\/fr\/projet-desehvac\/#primaryimage"},"image":{"@id":"https:\/\/www.intarcon.com\/fr\/projet-desehvac\/#primaryimage"},"thumbnailUrl":"https:\/\/www.intarcon.com\/wp-content\/uploads\/2016\/05\/proyecto_desehvac-e1494433197392.png","datePublished":"2019-07-01T14:14:39+00:00","dateModified":"2022-03-04T09:19:13+00:00","description":"Le projet DESEHVAC porte sur la conception et le d\u00e9veloppement de la climatisation par ventilation avec contr\u00f4le de la temp\u00e9rature et de l'humidit\u00e9.","breadcrumb":{"@id":"https:\/\/www.intarcon.com\/fr\/projet-desehvac\/#breadcrumb"},"inLanguage":"fr","potentialAction":[{"@type":"ReadAction","target":["https:\/\/www.intarcon.com\/fr\/projet-desehvac\/"]}]},{"@type":"ImageObject","inLanguage":"fr","@id":"https:\/\/www.intarcon.com\/fr\/projet-desehvac\/#primaryimage","url":"https:\/\/www.intarcon.com\/wp-content\/uploads\/2016\/05\/proyecto_desehvac-e1494433197392.png","contentUrl":"https:\/\/www.intarcon.com\/wp-content\/uploads\/2016\/05\/proyecto_desehvac-e1494433197392.png"},{"@type":"BreadcrumbList","@id":"https:\/\/www.intarcon.com\/fr\/projet-desehvac\/#breadcrumb","itemListElement":[{"@type":"ListItem","position":1,"name":"Portada","item":"https:\/\/www.intarcon.com\/fr\/"},{"@type":"ListItem","position":2,"name":"Projet DESEHVAC"}]},{"@type":"WebSite","@id":"https:\/\/www.intarcon.com\/fr\/#website","url":"https:\/\/www.intarcon.com\/fr\/","name":"INTARCON","description":"","potentialAction":[{"@type":"SearchAction","target":{"@type":"EntryPoint","urlTemplate":"https:\/\/www.intarcon.com\/fr\/?s={search_term_string}"},"query-input":{"@type":"PropertyValueSpecification","valueRequired":true,"valueName":"search_term_string"}}],"inLanguage":"fr"}]}},"_links":{"self":[{"href":"https:\/\/www.intarcon.com\/fr\/wp-json\/wp\/v2\/pages\/51608","targetHints":{"allow":["GET"]}}],"collection":[{"href":"https:\/\/www.intarcon.com\/fr\/wp-json\/wp\/v2\/pages"}],"about":[{"href":"https:\/\/www.intarcon.com\/fr\/wp-json\/wp\/v2\/types\/page"}],"author":[{"embeddable":true,"href":"https:\/\/www.intarcon.com\/fr\/wp-json\/wp\/v2\/users\/2"}],"replies":[{"embeddable":true,"href":"https:\/\/www.intarcon.com\/fr\/wp-json\/wp\/v2\/comments?post=51608"}],"version-history":[{"count":0,"href":"https:\/\/www.intarcon.com\/fr\/wp-json\/wp\/v2\/pages\/51608\/revisions"}],"wp:attachment":[{"href":"https:\/\/www.intarcon.com\/fr\/wp-json\/wp\/v2\/media?parent=51608"}],"curies":[{"name":"wp","href":"https:\/\/api.w.org\/{rel}","templated":true}]}}